{"id":18603,"date":"2021-06-30T11:11:01","date_gmt":"2021-06-30T18:11:01","guid":{"rendered":"https:\/\/plg-pllc.com\/?page_id=18603"},"modified":"2024-10-18T10:10:36","modified_gmt":"2024-10-18T17:10:36","slug":"seattle-hematoma-injury-lawyer","status":"publish","type":"page","link":"https:\/\/plg-pllc.com\/es\/seattle\/hematoma-injury-lawyer\/","title":{"rendered":"Abogado de lesiones por hematomas en Seattle"},"content":{"rendered":"<h2>Informaci\u00f3n sobre las lesiones por hematomas<\/h2>\n<p><img loading=\"lazy\" decoding=\"async\" class=\"alignleft size-medium wp-image-17541\" src=\"https:\/\/plg-pllc.com\/wp-content\/uploads\/2020\/04\/dog_bite_injury__-__Compatibility_Mode-1-300x225.jpg\" alt=\"Lesiones purp\u00faricas diseminadas que provocan lesiones hematom\u00e1ticas\" width=\"300\" height=\"225\" srcset=\"https:\/\/plg-pllc.com\/wp-content\/uploads\/2020\/04\/dog_bite_injury__-__Compatibility_Mode-1-300x225.jpg 300w, https:\/\/plg-pllc.com\/wp-content\/uploads\/2020\/04\/dog_bite_injury__-__Compatibility_Mode-1-768x576.jpg 768w, https:\/\/plg-pllc.com\/wp-content\/uploads\/2020\/04\/dog_bite_injury__-__Compatibility_Mode-1-640x480.jpg 640w, https:\/\/plg-pllc.com\/wp-content\/uploads\/2020\/04\/dog_bite_injury__-__Compatibility_Mode-1-250x188.jpg 250w, https:\/\/plg-pllc.com\/wp-content\/uploads\/2020\/04\/dog_bite_injury__-__Compatibility_Mode-1.jpg 858w\" sizes=\"auto, (max-width: 300px) 100vw, 300px\" \/>Lamentablemente, la mayor\u00eda de las personas sufrir\u00e1n alguna vez una lesi\u00f3n por hematoma. Por ejemplo: \u00bfalguna vez ha tenido un hematoma hinchado y lleno de sangre de color p\u00farpura? Si es as\u00ed, \u00a1bienvenido al club! Usted tambi\u00e9n ha sufrido una lesi\u00f3n por hematoma.<\/p>\n<p>La mayor\u00eda de los hematomas simplemente desaparecen, ya que los tejidos viol\u00e1ceos hinchados absorben toda la sangre acumulada.<\/p>\n<p>Pero las lesiones por hematomas en la cabeza son un asunto completamente distinto. Estas lesiones dejan el cerebro \u201cexpuesto\u201d a contaminantes, como bacterias, virus, moho y otros elementos ambientales. De hecho, las lesiones por hematomas causan directamente infecciones cerebrales graves de las que muchas v\u00edctimas de accidentes nunca se recuperan.<\/p>\n<p>\u00bfUsted o un ser querido ha sufrido una lesi\u00f3n grave por hematoma que le haya cambiado la vida? \u00bfHa perdido a un ser querido en un accidente de este tipo? \u00bfTiene que hacer frente a facturas m\u00e9dicas horrendas y est\u00e1 preocupado por su futuro, con raz\u00f3n?<\/p>\n<h3><strong>\u00a1Deje que Premier Law Group le ayude!<\/strong><\/h3>\n<p>Necesita un abogado con el que asociarse, en particular si la lesi\u00f3n por hematoma fue causada por la negligencia de alguien. Entendemos el proceso de reclamaci\u00f3n y la gravedad de las lesiones por hematoma. <a href=\"https:\/\/plg-pllc.com\/seattle\/personal-injury-lawyer\/\">Abogados expertos en lesiones personales en Seattle<\/a> Conozca los mejores pasos a seguir para ayudarlo a determinar la culpa y obtener la compensaci\u00f3n por accidente que se merece. Perm\u00edtanos recopilar todas las pruebas del accidente, lidiar con los peritos insistentes y administrar el proceso de reclamos para usted y sus seres queridos.<\/p>\n<p><strong>Llame a Premier Law Group hoy al <em>206.285.1743<\/em> Para un <a href=\"https:\/\/plg-pllc.com\/contact-us\/\">Gratis<\/a> \u00a1Consulta!<\/strong><\/p>\n<h2>Definici\u00f3n de lesiones por hematomas<\/h2>\n<p>\u00bfQu\u00e9 son exactamente las \u201clesiones por hematomas\u201d? Se producen cuando la sangre se acumula alrededor de la pared del vaso sangu\u00edneo lesionado. A medida que se forma el hematoma, la sangre se acumula y se filtra hacia los tejidos corporales circundantes. Este charco de sangre b\u00e1sicamente se ha coagulado y, seg\u00fan la lesi\u00f3n, puede formar un bulto considerable.<\/p>\n<p>La mayor\u00eda de los hematomas desaparecen con el tiempo, a medida que el cuerpo absorbe la acumulaci\u00f3n de sangre. Finalmente, el cuerpo repara y cura la pared de los vasos sangu\u00edneos. Por otro lado, los hematomas graves requieren atenci\u00f3n m\u00e9dica y mucho m\u00e1s tiempo de curaci\u00f3n. A menudo, requieren cirug\u00eda para eliminar la sangre acumulada y evitar que los co\u00e1gulos de sangre se desplacen por el sistema circulatorio y lleguen al coraz\u00f3n o al cerebro.<\/p>\n<h2>Causas de las lesiones por hematomas<\/h2>\n<p><img loading=\"lazy\" decoding=\"async\" class=\"size-medium wp-image-17518 alignleft\" src=\"https:\/\/plg-pllc.com\/wp-content\/uploads\/2020\/04\/brain-hemorrhage-300x211.jpg\" alt=\"Lesi\u00f3n por hematoma \" width=\"300\" height=\"211\" srcset=\"https:\/\/plg-pllc.com\/wp-content\/uploads\/2020\/04\/brain-hemorrhage-300x211.jpg 300w, https:\/\/plg-pllc.com\/wp-content\/uploads\/2020\/04\/brain-hemorrhage-250x175.jpg 250w, https:\/\/plg-pllc.com\/wp-content\/uploads\/2020\/04\/brain-hemorrhage.jpg 570w\" sizes=\"auto, (max-width: 300px) 100vw, 300px\" \/>Cualquier traumatismo en la pared de un vaso sangu\u00edneo provocar\u00e1 hematomas. Por ejemplo, si te golpeas una u\u00f1a con un martillo, acabas con un co\u00e1gulo de sangre (hematoma) debajo de ella. Con el tiempo, este tipo de hematoma se cura por s\u00ed solo. La hinchaz\u00f3n disminuye a medida que la sangre se absorbe en los tejidos corporales que rodean la lesi\u00f3n.<\/p>\n<p>Pero las lesiones por hematomas graves tienen distintas causas.<\/p>\n<p>Por ejemplo, ocurren en:<\/p>\n<ul>\n<li><a href=\"https:\/\/plg-pllc.com\/glossary\/car-accidents\/\"><strong>Accidentes automovil\u00edsticos<\/strong><\/a><\/li>\n<li><strong>Cataratas<\/strong><\/li>\n<li><strong>Procedimientos quir\u00fargicos y dentales invasivos<\/strong><\/li>\n<li><strong>Afecciones m\u00e9dicas que provocan hematomas laterales<\/strong><\/li>\n<li><strong>Efectos secundarios de medicamentos y suplementos <\/strong><\/li>\n<li><strong>Hematoma espont\u00e1neo sin causa identificable<\/strong><\/li>\n<\/ul>\n\n        <div class=\"rs-content-cta long\">\n            <p>Para una consulta legal GRATUITA con un abogado especializado en lesiones por hematomas que atiende en Seattle, llame al <a href=\"tel:+12062851743\">(206) 285-1743 <\/a><\/p>\n            <a href=\"https:\/\/plg-pllc.com\/es\/contact-us\/\" title=\"OBTENGA UNA EVALUACI\u00d3N DE CASO GRATUITA\" class=\"btn-global\">OBTENGA UNA EVALUACI\u00d3N DE CASO GRATUITA<\/a>\n                    <picture>\n                            <source srcset=\"https:\/\/plg-pllc.com\/wp-content\/themes\/plg-pllc-redesign\/assets\/app\/img\/cta-thumb.webp\" type=\"image\/webp\"\/>\n                            <img src=\"https:\/\/plg-pllc.com\/wp-content\/themes\/plg-pllc-redesign\/assets\/app\/img\/cta-thumb.png\" alt=\"Grupo de abogados Premier\" title=\"Grupo de abogados Premier\" width=\"245\" height=\"220\" loading=\"auto\" fetchpriority=\"auto\" decoding=\"async\"\/>\n        <\/picture>\n        \n        <\/div><h2>Tipos de hematomas<\/h2>\n<p>Los m\u00e9dicos dan nombres a las distintas lesiones por hematomas seg\u00fan su ubicaci\u00f3n en el cuerpo. A continuaci\u00f3n, se ofrecen algunos ejemplos y su descripci\u00f3n:<\/p>\n<ul>\n<li><strong>Hematoma subdural:\u00a0 <\/strong>un charco de sangre, ubicado entre el tejido cerebral y el revestimiento interno del cerebro<\/li>\n<li><strong>Hematoma epidural espinal:<\/strong>\u00a0 Un hematoma ubicado entre las v\u00e9rtebras de la columna vertebral y el revestimiento exterior de la m\u00e9dula espinal.<\/li>\n<li><strong>Hematoma epidural intracraneal:\u00a0 <\/strong>La sangre se acumula entre el cr\u00e1neo y el revestimiento exterior del cerebro.<\/li>\n<li><strong>Hematoma subungueal:<\/strong>\u00a0 un co\u00e1gulo de sangre debajo de una u\u00f1a<\/li>\n<li><strong>Hematoma intraabdominal, peritoneal o retroperitoneal:<\/strong>\u00a0 Cualquier sangre acumulada dentro de la cavidad abdominal.<\/li>\n<li><strong>Hematoma en el o\u00eddo o en el o\u00eddo:<\/strong>\u00a0 un co\u00e1gulo de sangre entre el cart\u00edlago de la oreja y la piel suprayacente<\/li>\n<li><strong>Hematoma espl\u00e9nico:<\/strong>\u00a0 un co\u00e1gulo de sangre dentro del bazo<\/li>\n<li><strong>Hematoma hep\u00e1tico:<\/strong>\u00a0una lesi\u00f3n por hematoma hep\u00e1tico<\/li>\n<\/ul>\n<h2>S\u00edntomas de una lesi\u00f3n por hematoma<\/h2>\n<p><img loading=\"lazy\" decoding=\"async\" class=\"size-medium wp-image-20848 alignright\" src=\"https:\/\/plg-pllc.com\/wp-content\/uploads\/2024\/10\/brain-fall-300x203.jpg\" alt=\"Lesi\u00f3n por hematoma en el cerebro\" width=\"300\" height=\"203\" srcset=\"https:\/\/plg-pllc.com\/wp-content\/uploads\/2024\/10\/brain-fall-300x203.jpg 300w, https:\/\/plg-pllc.com\/wp-content\/uploads\/2024\/10\/brain-fall-768x520.jpg 768w, https:\/\/plg-pllc.com\/wp-content\/uploads\/2024\/10\/brain-fall-18x12.jpg 18w, https:\/\/plg-pllc.com\/wp-content\/uploads\/2024\/10\/brain-fall.jpg 819w\" sizes=\"auto, (max-width: 300px) 100vw, 300px\" \/>Las lesiones por hematomas simples son conocidas por causar dolor, hinchaz\u00f3n, enrojecimiento y grandes hematomas de color p\u00farpura.<\/p>\n<p>Pero las lesiones por hematomas m\u00e1s graves tienen s\u00edntomas y consecuencias para la salud mucho m\u00e1s significativos.<\/p>\n<p>Es muy importante que las v\u00edctimas y sus familias conozcan los s\u00edntomas para que puedan obtener la ayuda m\u00e9dica que necesitan.<\/p>\n<p>Algunos de los s\u00edntomas son:<\/p>\n<ul>\n<li><strong>Subdural<\/strong>: dolor de cabeza, debilidad neurol\u00f3gica en un lado, dificultad para hablar, ca\u00eddas, confusi\u00f3n y convulsiones<\/li>\n<li><strong>Epidural:<\/strong>\u00a0 Dolor de espalda severo, debilidad general en el centro del cuerpo, p\u00e9rdida del control de los intestinos y la vejiga.<\/li>\n<li><strong>Subungueal:\u00a0 <\/strong>Dolor y debilidad en las u\u00f1as, p\u00e9rdida de las u\u00f1as, afecciones desfigurantes de las u\u00f1as.<\/li>\n<li><strong>Espl\u00e9nico, hep\u00e1tico o peritoneal:\u00a0 <\/strong>\u00a0Dolor abdominal intenso y en el flanco del cuerpo.<\/li>\n<\/ul>\n<p>De todas estas lesiones, las m\u00e1s dif\u00edciles de encontrar son las hematomas, ya que no se encuentran en ning\u00fan \u00f3rgano del cuerpo, sino que flotan en el espacio abdominal y el cuerpo no las puede absorber. Los hematomas abdominales permiten que las infecciones t\u00f3xicas se instalen en el cuerpo de la v\u00edctima. Cuando esto sucede, la v\u00edctima se encuentra en estado cr\u00edtico y es fundamental que reciba atenci\u00f3n m\u00e9dica inmediata.<\/p>\n<h2>C\u00f3mo obtener ayuda legal despu\u00e9s de una lesi\u00f3n por hematoma<\/h2>\n<p>No es de extra\u00f1ar que las v\u00edctimas y sus familias necesiten ayuda legal despu\u00e9s de un accidente con una lesi\u00f3n por hematoma. Por un lado, la v\u00edctima lesionada puede no ser capaz de actuar en su propio nombre debido a sus lesiones. Por otro lado, los liquidadores de reclamaciones de la parte negligente son agresivos. Su trabajo es conseguir que la parte lesionada acepte su oferta de acuerdo.<\/p>\n<p>Hay muchas razones de peso que requieren la ayuda de un <a href=\"https:\/\/plg-pllc.com\/seattle\/personal-injury-lawyer\/\">Abogado experimentado en lesiones personales en Seattle<\/a>Por ejemplo, su lesi\u00f3n por hematoma fue causada por:<\/p>\n<ul>\n<li>Un conductor negligente<\/li>\n<li>Un conductor negligente sin seguro<\/li>\n<li>Su empleador, que lo amenaza con perder su empleo si presenta una reclamaci\u00f3n<\/li>\n<li>La compensaci\u00f3n laboral a\u00fan no ha entrado en vigor<\/li>\n<li>Un minorista cuya negligencia provoc\u00f3 su ca\u00edda<\/li>\n<\/ul>\n<p>Mientras tanto, los efectos secundarios de la lesi\u00f3n por hematoma han empeorado mucho. No puede trabajar ni cuidar de su familia.<\/p>\n<h2>\u00bfPor qu\u00e9 elegir Premier Law Group para manejar mi caso?<\/h2>\n<h5><img loading=\"lazy\" decoding=\"async\" class=\"alignleft size-medium wp-image-16404\" src=\"https:\/\/plg-pllc.com\/wp-content\/uploads\/2018\/10\/premier-law-group-team2-300x131.jpg\" alt=\"Abogados de lesiones personales en Bellevue Seattle Renton y Federal Way\" width=\"300\" height=\"131\" srcset=\"https:\/\/plg-pllc.com\/wp-content\/uploads\/2018\/10\/premier-law-group-team2-300x131.jpg 300w, https:\/\/plg-pllc.com\/wp-content\/uploads\/2018\/10\/premier-law-group-team2-640x279.jpg 640w, https:\/\/plg-pllc.com\/wp-content\/uploads\/2018\/10\/premier-law-group-team2-768x335.jpg 768w, https:\/\/plg-pllc.com\/wp-content\/uploads\/2018\/10\/premier-law-group-team2.jpg 800w\" sizes=\"auto, (max-width: 300px) 100vw, 300px\" \/><a href=\"https:\/\/plg-pllc.com\/about-us\/why-are-we-different\/\">\u00a1La diferencia de Premier Law Group!<\/a><\/h5>\n<p>Como tu <em>\u201cEl que hace la diferencia\u201d<\/em> Usted siempre trabaja con SU ABOGADO \u2014 <em>No solo un asistente legal<\/em>Estamos disponibles las 24 horas, los 7 d\u00edas de la semana para responder sus preguntas y ayudarlo a construir su caso.<\/p>\n<p>Lo m\u00e1s importante es que nuestros abogados saben c\u00f3mo reunir todas las pruebas para su caso y tienen experiencia en la lucha contra los peritos de seguros. Cuente con su abogado para:<\/p>\n<ul>\n<li>Recopilar informes policiales<\/li>\n<li>Hablar con testigos presenciales<\/li>\n<li>Obtenga registros de seguridad del empleador y del minorista<\/li>\n<li>Determinar culpa y negligencia en accidentes<\/li>\n<\/ul>\n<p>A partir de esta investigaci\u00f3n, su abogado arma su caso y presenta reclamos de compensaci\u00f3n. Negociamos PARA USTED y sus seres queridos.<\/p>\n<p><strong>No firme un reclamo de seguro hasta que hable con nosotros<\/strong>Conc\u00e9ntrese en sanar y deje que su abogado recopile pruebas y se encargue de los detalles del reclamo.<\/p>\n<h2>\u00a1P\u00f3ngase en contacto con un abogado experto en lesiones por hematomas en Seattle!<\/h2>\n<p><strong>Llama a Premier Law Group<\/strong>!\u00a0 <strong>Consigue tu <a href=\"https:\/\/plg-pllc.com\/contact-us\/\">GRATIS<\/a> \u00a1Consulta hoy!<\/strong><\/p>\n<p>T\u00fa <em>Trabaje siempre directamente con un abogado y estamos disponibles para usted. <\/em>24\/7.<\/p>\n<p><em><strong><u>\u00a1Llame al 206.285.1743 hoy!<\/u><\/strong><\/em><\/p>\n\n        <div class=\"rs-content-cta\">\n            <p>Llamar o enviar mensaje de texto <a href=\"tel:+12062851743\">(206) 285-1743<\/a> o complete un formulario de evaluaci\u00f3n de caso gratuito<\/p>\n            <a href=\"https:\/\/plg-pllc.com\/es\/contact-us\/\" title=\"OBTENGA UNA EVALUACI\u00d3N DE CASO GRATUITA\" class=\"btn-global\">OBTENGA UNA EVALUACI\u00d3N DE CASO GRATUITA<\/a>\n                    <picture>\n                            <source srcset=\"https:\/\/plg-pllc.com\/wp-content\/themes\/plg-pllc-redesign\/assets\/app\/img\/cta-thumb.webp\" type=\"image\/webp\"\/>\n                            <img src=\"https:\/\/plg-pllc.com\/wp-content\/themes\/plg-pllc-redesign\/assets\/app\/img\/cta-thumb.png\" alt=\"Grupo de abogados Premier\" title=\"Grupo de abogados Premier\" width=\"245\" height=\"220\" loading=\"auto\" fetchpriority=\"auto\" decoding=\"async\"\/>\n        <\/picture>\n        \n        <\/div>","protected":false},"excerpt":{"rendered":"<p>Informaci\u00f3n sobre las lesiones por hematomas Lamentablemente, la mayor\u00eda de las personas sufrir\u00e1n alguna vez una lesi\u00f3n por hematomas. Por ejemplo: \u00bfalguna vez ha tenido un hematoma hinchado y lleno de sangre de color p\u00farpura? Si es as\u00ed, \u00a1bienvenido al club! Usted tambi\u00e9n ha sufrido una lesi\u00f3n por hematomas. La mayor\u00eda de los hematomas simplemente desaparecen, ya que los tejidos hinchados de color p\u00farpura absorben toda la sangre acumulada. Pero la cirug\u00eda de cabeza abierta...<\/p>","protected":false},"author":24,"featured_media":17886,"parent":20122,"menu_order":0,"comment_status":"closed","ping_status":"closed","template":"","meta":{"_acf_changed":false,"_genesis_hide_title":false,"_genesis_hide_breadcrumbs":false,"_genesis_hide_singular_image":false,"_genesis_hide_footer_widgets":false,"_genesis_custom_body_class":"","_genesis_custom_post_class":"","_genesis_layout":"","footnotes":""},"hc_faqs":[],"class_list":{"0":"post-18603","1":"page","2":"type-page","3":"status-publish","4":"has-post-thumbnail","6":"hc_city_location-seattle","7":"entry"},"acf":[],"yoast_head":"<!-- This site is optimized with the Yoast SEO plugin v27.4 - https:\/\/yoast.com\/product\/yoast-seo-wordpress\/ -->\n<title>Hematoma Injury Lawyer in Seattle | Free Case Review<\/title>\n<meta name=\"description\" content=\"Seattle Hematoma Injury Lawyer: Premier Law Group helps you unlock the full compensation you deserve. No Fee Unless We Win.\" \/>\n<meta name=\"robots\" content=\"index, follow, max-snippet:-1, max-image-preview:large, max-video-preview:-1\" \/>\n<link rel=\"canonical\" href=\"https:\/\/plg-pllc.com\/es\/seattle\/hematoma-injury-lawyer\/\" \/>\n<meta property=\"og:locale\" content=\"es_MX\" \/>\n<meta property=\"og:type\" content=\"article\" \/>\n<meta property=\"og:title\" content=\"Hematoma Injury Lawyer in Seattle | Free Case Review\" \/>\n<meta property=\"og:description\" content=\"Seattle Hematoma Injury Lawyer: Premier Law Group helps you unlock the full compensation you deserve. No Fee Unless We Win.\" \/>\n<meta property=\"og:url\" content=\"https:\/\/plg-pllc.com\/es\/seattle\/hematoma-injury-lawyer\/\" \/>\n<meta property=\"og:site_name\" content=\"Premier Law Group\" \/>\n<meta property=\"article:publisher\" content=\"https:\/\/www.facebook.com\/premierlawgroup\" \/>\n<meta property=\"article:modified_time\" content=\"2024-10-18T17:10:36+00:00\" \/>\n<meta property=\"og:image\" content=\"https:\/\/plg-pllc.com\/wp-content\/uploads\/2020\/09\/TBI-Attorneys-Seattle.jpg\" \/>\n\t<meta property=\"og:image:width\" content=\"1000\" \/>\n\t<meta property=\"og:image:height\" content=\"686\" \/>\n\t<meta property=\"og:image:type\" content=\"image\/jpeg\" \/>\n<meta name=\"twitter:card\" content=\"summary_large_image\" \/>\n<meta name=\"twitter:site\" content=\"@premierlawgroup\" \/>\n<meta name=\"twitter:label1\" content=\"Tiempo de lectura\" \/>\n\t<meta name=\"twitter:data1\" content=\"6 minutos\" \/>\n<script type=\"application\/ld+json\" class=\"yoast-schema-graph\">{\"@context\":\"https:\\\/\\\/schema.org\",\"@graph\":[{\"@type\":\"WebPage\",\"@id\":\"https:\\\/\\\/plg-pllc.com\\\/seattle\\\/hematoma-injury-lawyer\\\/\",\"url\":\"https:\\\/\\\/plg-pllc.com\\\/seattle\\\/hematoma-injury-lawyer\\\/\",\"name\":\"Hematoma Injury Lawyer in Seattle | Free Case Review\",\"isPartOf\":{\"@id\":\"https:\\\/\\\/plg-pllc.com\\\/#website\"},\"primaryImageOfPage\":{\"@id\":\"https:\\\/\\\/plg-pllc.com\\\/seattle\\\/hematoma-injury-lawyer\\\/#primaryimage\"},\"image\":{\"@id\":\"https:\\\/\\\/plg-pllc.com\\\/seattle\\\/hematoma-injury-lawyer\\\/#primaryimage\"},\"thumbnailUrl\":\"https:\\\/\\\/plg-pllc.com\\\/wp-content\\\/uploads\\\/2020\\\/09\\\/TBI-Attorneys-Seattle.jpg\",\"datePublished\":\"2021-06-30T18:11:01+00:00\",\"dateModified\":\"2024-10-18T17:10:36+00:00\",\"description\":\"Seattle Hematoma Injury Lawyer: Premier Law Group helps you unlock the full compensation you deserve. No Fee Unless We Win.\",\"breadcrumb\":{\"@id\":\"https:\\\/\\\/plg-pllc.com\\\/seattle\\\/hematoma-injury-lawyer\\\/#breadcrumb\"},\"inLanguage\":\"es\",\"potentialAction\":[{\"@type\":\"ReadAction\",\"target\":[\"https:\\\/\\\/plg-pllc.com\\\/seattle\\\/hematoma-injury-lawyer\\\/\"]}]},{\"@type\":\"ImageObject\",\"inLanguage\":\"es\",\"@id\":\"https:\\\/\\\/plg-pllc.com\\\/seattle\\\/hematoma-injury-lawyer\\\/#primaryimage\",\"url\":\"https:\\\/\\\/plg-pllc.com\\\/wp-content\\\/uploads\\\/2020\\\/09\\\/TBI-Attorneys-Seattle.jpg\",\"contentUrl\":\"https:\\\/\\\/plg-pllc.com\\\/wp-content\\\/uploads\\\/2020\\\/09\\\/TBI-Attorneys-Seattle.jpg\",\"width\":1000,\"height\":686,\"caption\":\"brain injury seizure scan\"},{\"@type\":\"BreadcrumbList\",\"@id\":\"https:\\\/\\\/plg-pllc.com\\\/seattle\\\/hematoma-injury-lawyer\\\/#breadcrumb\",\"itemListElement\":[{\"@type\":\"ListItem\",\"position\":1,\"name\":\"Home\",\"item\":\"https:\\\/\\\/plg-pllc.com\\\/es\\\/\"},{\"@type\":\"ListItem\",\"position\":2,\"name\":\"Seattle Personal Injury Lawyer\",\"item\":\"https:\\\/\\\/plg-pllc.com\\\/es\\\/seattle\\\/personal-injury-lawyer\\\/\"},{\"@type\":\"ListItem\",\"position\":3,\"name\":\"Seattle Hematoma Injury Lawyer\"}]},{\"@type\":\"WebSite\",\"@id\":\"https:\\\/\\\/plg-pllc.com\\\/#website\",\"url\":\"https:\\\/\\\/plg-pllc.com\\\/\",\"name\":\"Premier Law Group\",\"description\":\"Washington Wrongful Death and Serious Injury Lawyer\",\"publisher\":{\"@id\":\"https:\\\/\\\/plg-pllc.com\\\/#organization\"},\"inLanguage\":\"es\"},{\"@type\":\"Organization\",\"@id\":\"https:\\\/\\\/plg-pllc.com\\\/#organization\",\"name\":\"Premier Law Group\",\"url\":\"https:\\\/\\\/plg-pllc.com\\\/\",\"logo\":{\"@type\":\"ImageObject\",\"inLanguage\":\"es\",\"@id\":\"https:\\\/\\\/plg-pllc.com\\\/#\\\/schema\\\/logo\\\/image\\\/\",\"url\":\"https:\\\/\\\/plg-pllc.com\\\/wp-content\\\/uploads\\\/2020\\\/10\\\/plg-logo-v2.gif\",\"contentUrl\":\"https:\\\/\\\/plg-pllc.com\\\/wp-content\\\/uploads\\\/2020\\\/10\\\/plg-logo-v2.gif\",\"width\":592,\"height\":191,\"caption\":\"Premier Law Group\"},\"image\":{\"@id\":\"https:\\\/\\\/plg-pllc.com\\\/#\\\/schema\\\/logo\\\/image\\\/\"},\"sameAs\":[\"https:\\\/\\\/www.facebook.com\\\/premierlawgroup\",\"https:\\\/\\\/x.com\\\/premierlawgroup\"]}]}<\/script>\n<!-- \/ Yoast SEO plugin. -->","yoast_head_json":{"title":"Abogado de lesiones por hematomas en Seattle | Revisi\u00f3n gratuita de casos","description":"Abogado de lesiones por hematomas en Seattle: Premier Law Group lo ayuda a obtener la compensaci\u00f3n total que se merece. Sin honorarios a menos que ganemos.","robots":{"index":"index","follow":"follow","max-snippet":"max-snippet:-1","max-image-preview":"max-image-preview:large","max-video-preview":"max-video-preview:-1"},"canonical":"https:\/\/plg-pllc.com\/es\/seattle\/hematoma-injury-lawyer\/","og_locale":"es_MX","og_type":"article","og_title":"Hematoma Injury Lawyer in Seattle | Free Case Review","og_description":"Seattle Hematoma Injury Lawyer: Premier Law Group helps you unlock the full compensation you deserve. No Fee Unless We Win.","og_url":"https:\/\/plg-pllc.com\/es\/seattle\/hematoma-injury-lawyer\/","og_site_name":"Premier Law Group","article_publisher":"https:\/\/www.facebook.com\/premierlawgroup","article_modified_time":"2024-10-18T17:10:36+00:00","og_image":[{"width":1000,"height":686,"url":"https:\/\/plg-pllc.com\/wp-content\/uploads\/2020\/09\/TBI-Attorneys-Seattle.jpg","type":"image\/jpeg"}],"twitter_card":"summary_large_image","twitter_site":"@premierlawgroup","twitter_misc":{"Tiempo de lectura":"6 minutos"},"schema":{"@context":"https:\/\/schema.org","@graph":[{"@type":"WebPage","@id":"https:\/\/plg-pllc.com\/seattle\/hematoma-injury-lawyer\/","url":"https:\/\/plg-pllc.com\/seattle\/hematoma-injury-lawyer\/","name":"Abogado de lesiones por hematomas en Seattle | Revisi\u00f3n gratuita de casos","isPartOf":{"@id":"https:\/\/plg-pllc.com\/#website"},"primaryImageOfPage":{"@id":"https:\/\/plg-pllc.com\/seattle\/hematoma-injury-lawyer\/#primaryimage"},"image":{"@id":"https:\/\/plg-pllc.com\/seattle\/hematoma-injury-lawyer\/#primaryimage"},"thumbnailUrl":"https:\/\/plg-pllc.com\/wp-content\/uploads\/2020\/09\/TBI-Attorneys-Seattle.jpg","datePublished":"2021-06-30T18:11:01+00:00","dateModified":"2024-10-18T17:10:36+00:00","description":"Abogado de lesiones por hematomas en Seattle: Premier Law Group lo ayuda a obtener la compensaci\u00f3n total que se merece. Sin honorarios a menos que ganemos.","breadcrumb":{"@id":"https:\/\/plg-pllc.com\/seattle\/hematoma-injury-lawyer\/#breadcrumb"},"inLanguage":"es","potentialAction":[{"@type":"ReadAction","target":["https:\/\/plg-pllc.com\/seattle\/hematoma-injury-lawyer\/"]}]},{"@type":"ImageObject","inLanguage":"es","@id":"https:\/\/plg-pllc.com\/seattle\/hematoma-injury-lawyer\/#primaryimage","url":"https:\/\/plg-pllc.com\/wp-content\/uploads\/2020\/09\/TBI-Attorneys-Seattle.jpg","contentUrl":"https:\/\/plg-pllc.com\/wp-content\/uploads\/2020\/09\/TBI-Attorneys-Seattle.jpg","width":1000,"height":686,"caption":"brain injury seizure scan"},{"@type":"BreadcrumbList","@id":"https:\/\/plg-pllc.com\/seattle\/hematoma-injury-lawyer\/#breadcrumb","itemListElement":[{"@type":"ListItem","position":1,"name":"Home","item":"https:\/\/plg-pllc.com\/es\/"},{"@type":"ListItem","position":2,"name":"Seattle Personal Injury Lawyer","item":"https:\/\/plg-pllc.com\/es\/seattle\/personal-injury-lawyer\/"},{"@type":"ListItem","position":3,"name":"Seattle Hematoma Injury Lawyer"}]},{"@type":"WebSite","@id":"https:\/\/plg-pllc.com\/#website","url":"https:\/\/plg-pllc.com\/","name":"Grupo de abogados Premier","description":"Abogado de muerte por negligencia y lesiones graves en Washington","publisher":{"@id":"https:\/\/plg-pllc.com\/#organization"},"inLanguage":"es"},{"@type":"Organization","@id":"https:\/\/plg-pllc.com\/#organization","name":"Grupo de abogados Premier","url":"https:\/\/plg-pllc.com\/","logo":{"@type":"ImageObject","inLanguage":"es","@id":"https:\/\/plg-pllc.com\/#\/schema\/logo\/image\/","url":"https:\/\/plg-pllc.com\/wp-content\/uploads\/2020\/10\/plg-logo-v2.gif","contentUrl":"https:\/\/plg-pllc.com\/wp-content\/uploads\/2020\/10\/plg-logo-v2.gif","width":592,"height":191,"caption":"Premier Law Group"},"image":{"@id":"https:\/\/plg-pllc.com\/#\/schema\/logo\/image\/"},"sameAs":["https:\/\/www.facebook.com\/premierlawgroup","https:\/\/x.com\/premierlawgroup"]}]}},"_links":{"self":[{"href":"https:\/\/plg-pllc.com\/es\/wp-json\/wp\/v2\/pages\/18603","targetHints":{"allow":["GET"]}}],"collection":[{"href":"https:\/\/plg-pllc.com\/es\/wp-json\/wp\/v2\/pages"}],"about":[{"href":"https:\/\/plg-pllc.com\/es\/wp-json\/wp\/v2\/types\/page"}],"author":[{"embeddable":true,"href":"https:\/\/plg-pllc.com\/es\/wp-json\/wp\/v2\/users\/24"}],"replies":[{"embeddable":true,"href":"https:\/\/plg-pllc.com\/es\/wp-json\/wp\/v2\/comments?post=18603"}],"version-history":[{"count":0,"href":"https:\/\/plg-pllc.com\/es\/wp-json\/wp\/v2\/pages\/18603\/revisions"}],"up":[{"embeddable":true,"href":"https:\/\/plg-pllc.com\/es\/wp-json\/wp\/v2\/pages\/20122"}],"wp:featuredmedia":[{"embeddable":true,"href":"https:\/\/plg-pllc.com\/es\/wp-json\/wp\/v2\/media\/17886"}],"wp:attachment":[{"href":"https:\/\/plg-pllc.com\/es\/wp-json\/wp\/v2\/media?parent=18603"}],"wp:term":[{"taxonomy":"hc_faqs","embeddable":true,"href":"https:\/\/plg-pllc.com\/es\/wp-json\/wp\/v2\/hc_faqs?post=18603"}],"curies":[{"name":"gracias","href":"https:\/\/api.w.org\/{rel}","templated":true}]}}