{"id":18615,"date":"2021-07-13T10:29:32","date_gmt":"2021-07-13T17:29:32","guid":{"rendered":"https:\/\/plg-pllc.com\/?page_id=18615"},"modified":"2025-02-14T14:10:55","modified_gmt":"2025-02-14T22:10:55","slug":"growth-plate-fracture","status":"publish","type":"page","link":"https:\/\/plg-pllc.com\/es\/seattle\/catastrophic-injury-lawyer\/growth-plate-fracture\/","title":{"rendered":"Abogado de fracturas de placa de crecimiento en Seattle"},"content":{"rendered":"<h2><strong>Acerca de las fracturas y lesiones de la placa de crecimiento<\/strong><\/h2>\n<p><img loading=\"lazy\" decoding=\"async\" class=\"alignleft size-medium wp-image-18599\" src=\"https:\/\/plg-pllc.com\/wp-content\/uploads\/2021\/06\/ankle-2253057_1920-225x300.jpg\" alt=\"Abogados de fracturas de placa de crecimiento en Seattle Renton Bellevue y Federal Way\" width=\"225\" height=\"300\" srcset=\"https:\/\/plg-pllc.com\/wp-content\/uploads\/2021\/06\/ankle-2253057_1920-225x300.jpg 225w, https:\/\/plg-pllc.com\/wp-content\/uploads\/2021\/06\/ankle-2253057_1920-768x1024.jpg 768w, https:\/\/plg-pllc.com\/wp-content\/uploads\/2021\/06\/ankle-2253057_1920-1152x1536.jpg 1152w, https:\/\/plg-pllc.com\/wp-content\/uploads\/2021\/06\/ankle-2253057_1920-640x853.jpg 640w, https:\/\/plg-pllc.com\/wp-content\/uploads\/2021\/06\/ankle-2253057_1920-1024x1365.jpg 1024w, https:\/\/plg-pllc.com\/wp-content\/uploads\/2021\/06\/ankle-2253057_1920-1200x1600.jpg 1200w, https:\/\/plg-pllc.com\/wp-content\/uploads\/2021\/06\/ankle-2253057_1920-150x200.jpg 150w, https:\/\/plg-pllc.com\/wp-content\/uploads\/2021\/06\/ankle-2253057_1920.jpg 1440w\" sizes=\"auto, (max-width: 225px) 100vw, 225px\" \/>Los huesos de un ni\u00f1o corren el riesgo de sufrir una lesi\u00f3n conocida como fractura de la placa de crecimiento. Las fracturas de la placa de crecimiento pueden ocurrir como resultado de un evento traum\u00e1tico, como una <a href=\"https:\/\/plg-pllc.com\/glossary\/car-accidents\/\">accidente de coche<\/a>Las placas de crecimiento est\u00e1n formadas por tejido cartilaginoso en desarrollo cerca de los extremos de los huesos. Ayudan a regular y determinar la longitud y la forma de los huesos maduros. Las placas de crecimiento son la \u00faltima porci\u00f3n de los huesos que se endurece y se fractura f\u00e1cilmente. De hecho, los huesos de un ni\u00f1o pueden ser m\u00e1s d\u00e9biles que los tejidos de los ligamentos que los conectan.<\/p>\n<p>Un ni\u00f1o que haya sufrido una lesi\u00f3n a causa de un accidente de tr\u00e1fico o una ca\u00edda debe acudir al m\u00e9dico de inmediato. Deber\u00e1 recibir el tratamiento adecuado antes de que comience la curaci\u00f3n. Sin embargo, no ser\u00e1 necesario que la fractura permanezca enyesada tanto tiempo como una fractura de un adulto para que se cure.<\/p>\n<p>Si su hijo sufre una fractura de placa de crecimiento, puede beneficiarse de una <a href=\"https:\/\/plg-pllc.com\/seattle\/personal-injury-lawyer\/\">Abogado experto en lesiones personales en Seattle<\/a>. En <a href=\"https:\/\/plg-pllc.com\/\">Grupo de abogados Premier<\/a>Sabemos lo abrumadoras que pueden ser estas lesiones. Llame <em>206.285.1743<\/em> hoy para comenzar su consulta gratuita.<\/p>\n<h2><strong>Estad\u00edsticas sobre ni\u00f1os y fracturas<\/strong><\/h2>\n<p>Aproximadamente el 22% de las fracturas infantiles son fracturas de la placa de crecimiento, que a menudo requieren atenci\u00f3n m\u00e9dica inmediata. Las consecuencias a largo plazo de estas lesiones pueden incluir extremidades torcidas o extremidades de longitud desigual.<\/p>\n<p>Los ni\u00f1os que a\u00fan est\u00e1n creciendo corren el riesgo de sufrir una lesi\u00f3n en la placa de crecimiento. Estas lesiones se producen con mayor frecuencia en adolescentes. Las fracturas de la placa de crecimiento tambi\u00e9n se producen con el doble de frecuencia en los ni\u00f1os que en las ni\u00f1as. Un ni\u00f1o que sufre una lesi\u00f3n que provoca una deformidad visible, dolor persistente o intenso o incapacidad para moverse o ejercer presi\u00f3n sobre una extremidad debe consultar a un m\u00e9dico. El tipo de tratamiento necesario depender\u00e1 de la fractura.<\/p>\n<p>Las fracturas de la placa de crecimiento deben tratarse adecuadamente para garantizar resultados adecuados a largo plazo. En algunos casos, se formar\u00e1 un puente \u00f3seo que impedir\u00e1 que el hueso se alargue o har\u00e1 que el hueso se cure. Sin embargo, los cirujanos han desarrollado t\u00e9cnicas para eliminar la barra \u00f3sea e insertar grasa, cart\u00edlago u otros materiales para evitar que se vuelva a formar.<\/p>\n<h2><strong>\u00bfC\u00f3mo se producen las fracturas de la placa de crecimiento?<\/strong><\/h2>\n<p>Las fracturas de la placa de crecimiento pueden ser consecuencia de diversos traumatismos. Actividades aparentemente seguras, como andar en trineo, andar en bicicleta y practicar deportes, pueden provocar una fractura de la placa de crecimiento de su hijo.<\/p>\n<p>Este tipo de lesiones tambi\u00e9n pueden ser resultado de acciones repetitivas, como entrenar para gimnasia, lanzar una pelota de b\u00e9isbol e incluso andar en bicicleta durante largas distancias.<\/p>\n\n        <div class=\"rs-content-cta long\">\n            <p>Para una consulta legal GRATUITA con un abogado especializado en fracturas de placa de crecimiento que preste servicios en Seattle, llame al <a href=\"tel:+12062851743\">(206) 285-1743 <\/a><\/p>\n            <a href=\"https:\/\/plg-pllc.com\/es\/contact-us\/\" title=\"OBTENGA UNA EVALUACI\u00d3N DE CASO GRATUITA\" class=\"btn-global\">OBTENGA UNA EVALUACI\u00d3N DE CASO GRATUITA<\/a>\n                    <picture>\n                            <source srcset=\"https:\/\/plg-pllc.com\/wp-content\/themes\/plg-pllc-redesign\/assets\/app\/img\/cta-thumb.webp\" type=\"image\/webp\"\/>\n                            <img src=\"https:\/\/plg-pllc.com\/wp-content\/themes\/plg-pllc-redesign\/assets\/app\/img\/cta-thumb.png\" alt=\"Grupo de abogados Premier\" title=\"Grupo de abogados Premier\" width=\"245\" height=\"220\" loading=\"auto\" fetchpriority=\"auto\" decoding=\"async\"\/>\n        <\/picture>\n        \n        <\/div><h2><strong>Signos y s\u00edntomas de una fractura de placa de crecimiento<\/strong><\/h2>\n<p>Los signos y s\u00edntomas de una fractura de la placa de crecimiento son los mismos que los de cualquier otra fractura. Entre ellos se incluyen los siguientes:<\/p>\n<ul>\n<li>dolor<\/li>\n<li>hinchaz\u00f3n<\/li>\n<li>Posible deformidad.<\/li>\n<\/ul>\n<p>El m\u00e9dico de su hijo podr\u00e1 determinar si una lesi\u00f3n implica una fractura en la placa de crecimiento.<\/p>\n<h2><strong>Diagn\u00f3stico y tratamiento de las fracturas de la placa de crecimiento<\/strong><\/h2>\n<p><img loading=\"lazy\" decoding=\"async\" class=\"alignright size-medium wp-image-18297\" src=\"https:\/\/plg-pllc.com\/wp-content\/uploads\/2021\/03\/surgery-hospital-1-300x100.jpg\" alt=\"Diagn\u00f3stico de una fractura de placa de crecimiento\" width=\"300\" height=\"100\" srcset=\"https:\/\/plg-pllc.com\/wp-content\/uploads\/2021\/03\/surgery-hospital-1-300x100.jpg 300w, https:\/\/plg-pllc.com\/wp-content\/uploads\/2021\/03\/surgery-hospital-1-1024x343.jpg 1024w, https:\/\/plg-pllc.com\/wp-content\/uploads\/2021\/03\/surgery-hospital-1-768x257.jpg 768w, https:\/\/plg-pllc.com\/wp-content\/uploads\/2021\/03\/surgery-hospital-1-1536x514.jpg 1536w, https:\/\/plg-pllc.com\/wp-content\/uploads\/2021\/03\/surgery-hospital-1-640x214.jpg 640w, https:\/\/plg-pllc.com\/wp-content\/uploads\/2021\/03\/surgery-hospital-1-1200x402.jpg 1200w, https:\/\/plg-pllc.com\/wp-content\/uploads\/2021\/03\/surgery-hospital-1-250x84.jpg 250w, https:\/\/plg-pllc.com\/wp-content\/uploads\/2021\/03\/surgery-hospital-1.jpg 1920w\" sizes=\"auto, (max-width: 300px) 100vw, 300px\" \/>Las radiograf\u00edas no siempre revelan una fractura de la placa de crecimiento. Sin embargo, la mayor\u00eda de las veces, solo es necesario entablillar o poner un yeso. A continuaci\u00f3n, se deja descansar la extremidad. Si los huesos est\u00e1n fuera de lugar, se vuelven a colocar en la alineaci\u00f3n correcta mediante una reducci\u00f3n. Los dos tipos de reducciones son:<\/p>\n<ul>\n<li>Reducci\u00f3n cerrada: mover los huesos nuevamente a su lugar sin operar ni hacer ninguna incisi\u00f3n mientras la piel permanece cerrada.<\/li>\n<li>Reducci\u00f3n abierta. Implica cirug\u00eda y, en ocasiones, placas, clavos o tornillos. Se realiza bajo anestesia general y los huesos se inmovilizan con un yeso o f\u00e9rula, con reposo prolongado del brazo o la pierna.<\/li>\n<\/ul>\n<h2><strong>Los efectos de las fracturas de la placa de crecimiento en el crecimiento \u00f3seo<\/strong><\/h2>\n<p>La mayor\u00eda de las veces, las fracturas se curan sin problemas, incluso si se producen en la placa de crecimiento. Sin embargo, a veces la fractura da como resultado un hueso torcido o una curaci\u00f3n torcida, lo que puede causar problemas futuros y da\u00f1os a largo plazo.<\/p>\n<p>Un problema que se debe tener en cuenta es una afecci\u00f3n conocida como \u201cdetenci\u00f3n del crecimiento\u201d, que es cuando el hueso simplemente deja de crecer. Esto puede provocar que una pierna o un brazo sea m\u00e1s corto que el otro. Cuando una pierna es m\u00e1s corta que la otra, puede provocar m\u00e1s problemas, como dolor de cadera, lesi\u00f3n en la parte baja de la espalda y posible dolor cr\u00f3nico de por vida. Si su <a href=\"https:\/\/www.seattlechildrens.org\/conditions\/fractures\/\">El ni\u00f1o tiene una fractura de placa de crecimiento.<\/a> En la rodilla, es probable que experimenten un retraso en el crecimiento. Incluso pueden desarrollar piernas torcidas debido al da\u00f1o adicional a los nervios y vasos sangu\u00edneos en esa zona.<\/p>\n<p>En algunos casos, una fractura de la placa de crecimiento hace que el hueso acelere su crecimiento, lo que tambi\u00e9n da lugar a extremidades desiguales. Tambi\u00e9n puede formarse una cresta a lo largo de la l\u00ednea de fractura que interfiera en el desarrollo normal. Si el hueso atraviesa la piel y se infecta, hay mayor probabilidad de que se produzcan complicaciones por la fractura de la placa de crecimiento.<\/p>\n<p>Es importante que se mantenga en contacto con el m\u00e9dico de su hijo. Tambi\u00e9n debe estar atento a crecimientos extra\u00f1os, dolor continuo y curvatura de los huesos. Adem\u00e1s, programe controles regulares con su m\u00e9dico.<\/p>\n<h2><strong>Cont\u00e1ctenos <a href=\"https:\/\/plg-pllc.com\/seattle\/personal-injury-lawyer\/\">Abogados de lesiones personales en Seattle<\/a><\/strong><\/h2>\n<p><img loading=\"lazy\" decoding=\"async\" class=\"alignleft size-medium wp-image-18095\" src=\"https:\/\/plg-pllc.com\/wp-content\/uploads\/2020\/10\/PLG-home-box1-300x200.jpg\" alt=\"Los mejores abogados de accidentes automovil\u00edsticos en Seattle Bellevue y Federal Way\" width=\"300\" height=\"200\" srcset=\"https:\/\/plg-pllc.com\/wp-content\/uploads\/2020\/10\/PLG-home-box1-300x200.jpg 300w, https:\/\/plg-pllc.com\/wp-content\/uploads\/2020\/10\/PLG-home-box1-250x167.jpg 250w, https:\/\/plg-pllc.com\/wp-content\/uploads\/2020\/10\/PLG-home-box1.jpg 500w\" sizes=\"auto, (max-width: 300px) 100vw, 300px\" \/>Las fracturas de la placa de crecimiento pueden ser lesiones que cambian la vida. Por eso, usted merece un abogado especializado en fracturas de la placa de crecimiento con experiencia en su caso. En Premier Law Group, nos preocupamos por <a href=\"https:\/\/www.google.com\/search?q=premier+law+group+seattle&amp;rlz=1C1CHBF_enUS879US879&amp;oq=premier+law+group+seattle&amp;aqs=chrome..69i57j46i175i199j69i59j69i61l3j69i65.3582j1j9&amp;sourceid=chrome&amp;ie=UTF-8#lrd=0x54906b3300e98a39:0x80a64f5ade626230,1,,,\">Satisfacci\u00f3n del cliente<\/a>Cuando llame, hablar\u00e1 directamente con uno de nuestros abogados. Le ayudaremos a orientarlo y le brindaremos respuestas honestas a cualquier pregunta que pueda tener.<\/p>\n<p>Adem\u00e1s, le ayudaremos a proteger su salud, bienestar emocional y finanzas o las de sus seres queridos. Tambi\u00e9n le brindaremos recursos \u00fatiles. En Premier Law Group, queremos que todos los que se comuniquen con nosotros tengan la informaci\u00f3n que necesitan sobre sus opciones legales.<\/p>\n<p>Comun\u00edquese con Premier Law Group para programar una <a href=\"https:\/\/plg-pllc.com\/contact-us\/\">revisi\u00f3n de caso gratuita<\/a> de su caso de fractura de placa de crecimiento hoy. Llame al 206.285.1743. Y recuerde,<a href=\"https:\/\/plg-pllc.com\/about-us\/zero-fee-guarantee\/\"> no tienes que pagar una tarifa<\/a> \u00a1A menos que ganemos su caso!<\/p>\n\n        <div class=\"rs-content-cta\">\n            <p>Llamar o enviar mensaje de texto <a href=\"tel:+12062851743\">(206) 285-1743<\/a> o complete un formulario de evaluaci\u00f3n de caso gratuito<\/p>\n            <a href=\"https:\/\/plg-pllc.com\/es\/contact-us\/\" title=\"OBTENGA UNA EVALUACI\u00d3N DE CASO GRATUITA\" class=\"btn-global\">OBTENGA UNA EVALUACI\u00d3N DE CASO GRATUITA<\/a>\n                    <picture>\n                            <source srcset=\"https:\/\/plg-pllc.com\/wp-content\/themes\/plg-pllc-redesign\/assets\/app\/img\/cta-thumb.webp\" type=\"image\/webp\"\/>\n                            <img src=\"https:\/\/plg-pllc.com\/wp-content\/themes\/plg-pllc-redesign\/assets\/app\/img\/cta-thumb.png\" alt=\"Grupo de abogados Premier\" title=\"Grupo de abogados Premier\" width=\"245\" height=\"220\" loading=\"auto\" fetchpriority=\"auto\" decoding=\"async\"\/>\n        <\/picture>\n        \n        <\/div>","protected":false},"excerpt":{"rendered":"<p>Acerca de las fracturas y lesiones de las placas de crecimiento Los huesos de un ni\u00f1o corren el riesgo de sufrir una lesi\u00f3n conocida como fractura de la placa de crecimiento. Las fracturas de la placa de crecimiento pueden ocurrir como resultado de un evento traum\u00e1tico, como un accidente automovil\u00edstico. Las placas de crecimiento est\u00e1n hechas de tejido cartilaginoso en desarrollo cerca de los extremos de los huesos. Ayudan a regular y\u2026<\/p>","protected":false},"author":24,"featured_media":18598,"parent":18650,"menu_order":0,"comment_status":"closed","ping_status":"closed","template":"","meta":{"_acf_changed":false,"_genesis_hide_title":false,"_genesis_hide_breadcrumbs":false,"_genesis_hide_singular_image":false,"_genesis_hide_footer_widgets":false,"_genesis_custom_body_class":"","_genesis_custom_post_class":"","_genesis_layout":"","footnotes":""},"hc_faqs":[],"class_list":{"0":"post-18615","1":"page","2":"type-page","3":"status-publish","4":"has-post-thumbnail","6":"hc_city_location-seattle","7":"entry"},"acf":[],"yoast_head":"<!-- This site is optimized with the Yoast SEO plugin v27.2 - https:\/\/yoast.com\/product\/yoast-seo-wordpress\/ -->\n<title>Growth Plate Fracture Lawyer in Seattle | Free Case Review<\/title>\n<meta name=\"description\" content=\"Seattle Growth Plate Fracture Lawyer: Premier Law Group helps you unlock the full compensation you deserve. No Fee Unless We Win.\" \/>\n<meta name=\"robots\" content=\"index, follow, max-snippet:-1, max-image-preview:large, max-video-preview:-1\" \/>\n<link rel=\"canonical\" href=\"https:\/\/plg-pllc.com\/es\/seattle\/catastrophic-injury-lawyer\/growth-plate-fracture\/\" \/>\n<meta property=\"og:locale\" content=\"es_MX\" \/>\n<meta property=\"og:type\" content=\"article\" \/>\n<meta property=\"og:title\" content=\"Growth Plate Fracture Lawyer in Seattle | Free Case Review\" \/>\n<meta property=\"og:description\" content=\"Seattle Growth Plate Fracture Lawyer: Premier Law Group helps you unlock the full compensation you deserve. No Fee Unless We Win.\" \/>\n<meta property=\"og:url\" content=\"https:\/\/plg-pllc.com\/es\/seattle\/catastrophic-injury-lawyer\/growth-plate-fracture\/\" \/>\n<meta property=\"og:site_name\" content=\"Premier Law Group\" \/>\n<meta property=\"article:publisher\" content=\"https:\/\/www.facebook.com\/premierlawgroup\" \/>\n<meta property=\"article:modified_time\" content=\"2025-02-14T22:10:55+00:00\" \/>\n<meta property=\"og:image\" content=\"https:\/\/plg-pllc.com\/wp-content\/uploads\/2021\/06\/broken-arm-2117980_1920.jpg\" \/>\n\t<meta property=\"og:image:width\" content=\"1080\" \/>\n\t<meta property=\"og:image:height\" content=\"1920\" \/>\n\t<meta property=\"og:image:type\" content=\"image\/jpeg\" \/>\n<meta name=\"twitter:card\" content=\"summary_large_image\" \/>\n<meta name=\"twitter:site\" content=\"@premierlawgroup\" \/>\n<meta name=\"twitter:label1\" content=\"Tiempo de lectura\" \/>\n\t<meta name=\"twitter:data1\" content=\"5 minutos\" \/>\n<script type=\"application\/ld+json\" class=\"yoast-schema-graph\">{\"@context\":\"https:\/\/schema.org\",\"@graph\":[{\"@type\":\"WebPage\",\"@id\":\"https:\/\/plg-pllc.com\/seattle\/catastrophic-injury-lawyer\/growth-plate-fracture\/\",\"url\":\"https:\/\/plg-pllc.com\/seattle\/catastrophic-injury-lawyer\/growth-plate-fracture\/\",\"name\":\"Growth Plate Fracture Lawyer in Seattle | Free Case Review\",\"isPartOf\":{\"@id\":\"https:\/\/plg-pllc.com\/#website\"},\"primaryImageOfPage\":{\"@id\":\"https:\/\/plg-pllc.com\/seattle\/catastrophic-injury-lawyer\/growth-plate-fracture\/#primaryimage\"},\"image\":{\"@id\":\"https:\/\/plg-pllc.com\/seattle\/catastrophic-injury-lawyer\/growth-plate-fracture\/#primaryimage\"},\"thumbnailUrl\":\"https:\/\/plg-pllc.com\/wp-content\/uploads\/2021\/06\/broken-arm-2117980_1920.jpg\",\"datePublished\":\"2021-07-13T17:29:32+00:00\",\"dateModified\":\"2025-02-14T22:10:55+00:00\",\"description\":\"Seattle Growth Plate Fracture Lawyer: Premier Law Group helps you unlock the full compensation you deserve. No Fee Unless We Win.\",\"breadcrumb\":{\"@id\":\"https:\/\/plg-pllc.com\/seattle\/catastrophic-injury-lawyer\/growth-plate-fracture\/#breadcrumb\"},\"inLanguage\":\"es\",\"potentialAction\":[{\"@type\":\"ReadAction\",\"target\":[\"https:\/\/plg-pllc.com\/seattle\/catastrophic-injury-lawyer\/growth-plate-fracture\/\"]}]},{\"@type\":\"ImageObject\",\"inLanguage\":\"es\",\"@id\":\"https:\/\/plg-pllc.com\/seattle\/catastrophic-injury-lawyer\/growth-plate-fracture\/#primaryimage\",\"url\":\"https:\/\/plg-pllc.com\/wp-content\/uploads\/2021\/06\/broken-arm-2117980_1920.jpg\",\"contentUrl\":\"https:\/\/plg-pllc.com\/wp-content\/uploads\/2021\/06\/broken-arm-2117980_1920.jpg\",\"width\":1080,\"height\":1920,\"caption\":\"growth plate fracture attorneys in Seattle Bellevue Federal Way and Renton\"},{\"@type\":\"BreadcrumbList\",\"@id\":\"https:\/\/plg-pllc.com\/seattle\/catastrophic-injury-lawyer\/growth-plate-fracture\/#breadcrumb\",\"itemListElement\":[{\"@type\":\"ListItem\",\"position\":1,\"name\":\"Home\",\"item\":\"https:\/\/plg-pllc.com\/es\/\"},{\"@type\":\"ListItem\",\"position\":2,\"name\":\"Seattle Personal Injury Lawyer\",\"item\":\"https:\/\/plg-pllc.com\/es\/seattle\/personal-injury-lawyer\/\"},{\"@type\":\"ListItem\",\"position\":3,\"name\":\"Seattle Catastrophic Injury Lawyer\",\"item\":\"https:\/\/plg-pllc.com\/es\/seattle\/catastrophic-injury-lawyer\/\"},{\"@type\":\"ListItem\",\"position\":4,\"name\":\"Growth Plate Fracture\"}]},{\"@type\":\"WebSite\",\"@id\":\"https:\/\/plg-pllc.com\/#website\",\"url\":\"https:\/\/plg-pllc.com\/\",\"name\":\"Premier Law Group\",\"description\":\"Washington Wrongful Death and Serious Injury Lawyer\",\"publisher\":{\"@id\":\"https:\/\/plg-pllc.com\/#organization\"},\"inLanguage\":\"es\"},{\"@type\":\"Organization\",\"@id\":\"https:\/\/plg-pllc.com\/#organization\",\"name\":\"Premier Law Group\",\"url\":\"https:\/\/plg-pllc.com\/\",\"logo\":{\"@type\":\"ImageObject\",\"inLanguage\":\"es\",\"@id\":\"https:\/\/plg-pllc.com\/#\/schema\/logo\/image\/\",\"url\":\"https:\/\/plg-pllc.com\/wp-content\/uploads\/2020\/10\/plg-logo-v2.gif\",\"contentUrl\":\"https:\/\/plg-pllc.com\/wp-content\/uploads\/2020\/10\/plg-logo-v2.gif\",\"width\":592,\"height\":191,\"caption\":\"Premier Law Group\"},\"image\":{\"@id\":\"https:\/\/plg-pllc.com\/#\/schema\/logo\/image\/\"},\"sameAs\":[\"https:\/\/www.facebook.com\/premierlawgroup\",\"https:\/\/x.com\/premierlawgroup\"]}]}<\/script>\n<!-- \/ Yoast SEO plugin. -->","yoast_head_json":{"title":"Abogado de fracturas de placa de crecimiento en Seattle | Revisi\u00f3n gratuita de casos","description":"Abogado especializado en fracturas de placa de crecimiento en Seattle: Premier Law Group lo ayuda a obtener la compensaci\u00f3n total que merece. Sin honorarios a menos que ganemos.","robots":{"index":"index","follow":"follow","max-snippet":"max-snippet:-1","max-image-preview":"max-image-preview:large","max-video-preview":"max-video-preview:-1"},"canonical":"https:\/\/plg-pllc.com\/es\/seattle\/catastrophic-injury-lawyer\/growth-plate-fracture\/","og_locale":"es_MX","og_type":"article","og_title":"Growth Plate Fracture Lawyer in Seattle | Free Case Review","og_description":"Seattle Growth Plate Fracture Lawyer: Premier Law Group helps you unlock the full compensation you deserve. No Fee Unless We Win.","og_url":"https:\/\/plg-pllc.com\/es\/seattle\/catastrophic-injury-lawyer\/growth-plate-fracture\/","og_site_name":"Premier Law Group","article_publisher":"https:\/\/www.facebook.com\/premierlawgroup","article_modified_time":"2025-02-14T22:10:55+00:00","og_image":[{"width":1080,"height":1920,"url":"https:\/\/plg-pllc.com\/wp-content\/uploads\/2021\/06\/broken-arm-2117980_1920.jpg","type":"image\/jpeg"}],"twitter_card":"summary_large_image","twitter_site":"@premierlawgroup","twitter_misc":{"Tiempo de lectura":"5 minutos"},"schema":{"@context":"https:\/\/schema.org","@graph":[{"@type":"WebPage","@id":"https:\/\/plg-pllc.com\/seattle\/catastrophic-injury-lawyer\/growth-plate-fracture\/","url":"https:\/\/plg-pllc.com\/seattle\/catastrophic-injury-lawyer\/growth-plate-fracture\/","name":"Abogado de fracturas de placa de crecimiento en Seattle | Revisi\u00f3n gratuita de casos","isPartOf":{"@id":"https:\/\/plg-pllc.com\/#website"},"primaryImageOfPage":{"@id":"https:\/\/plg-pllc.com\/seattle\/catastrophic-injury-lawyer\/growth-plate-fracture\/#primaryimage"},"image":{"@id":"https:\/\/plg-pllc.com\/seattle\/catastrophic-injury-lawyer\/growth-plate-fracture\/#primaryimage"},"thumbnailUrl":"https:\/\/plg-pllc.com\/wp-content\/uploads\/2021\/06\/broken-arm-2117980_1920.jpg","datePublished":"2021-07-13T17:29:32+00:00","dateModified":"2025-02-14T22:10:55+00:00","description":"Abogado especializado en fracturas de placa de crecimiento en Seattle: Premier Law Group lo ayuda a obtener la compensaci\u00f3n total que merece. Sin honorarios a menos que ganemos.","breadcrumb":{"@id":"https:\/\/plg-pllc.com\/seattle\/catastrophic-injury-lawyer\/growth-plate-fracture\/#breadcrumb"},"inLanguage":"es","potentialAction":[{"@type":"ReadAction","target":["https:\/\/plg-pllc.com\/seattle\/catastrophic-injury-lawyer\/growth-plate-fracture\/"]}]},{"@type":"ImageObject","inLanguage":"es","@id":"https:\/\/plg-pllc.com\/seattle\/catastrophic-injury-lawyer\/growth-plate-fracture\/#primaryimage","url":"https:\/\/plg-pllc.com\/wp-content\/uploads\/2021\/06\/broken-arm-2117980_1920.jpg","contentUrl":"https:\/\/plg-pllc.com\/wp-content\/uploads\/2021\/06\/broken-arm-2117980_1920.jpg","width":1080,"height":1920,"caption":"growth plate fracture attorneys in Seattle Bellevue Federal Way and Renton"},{"@type":"BreadcrumbList","@id":"https:\/\/plg-pllc.com\/seattle\/catastrophic-injury-lawyer\/growth-plate-fracture\/#breadcrumb","itemListElement":[{"@type":"ListItem","position":1,"name":"Home","item":"https:\/\/plg-pllc.com\/es\/"},{"@type":"ListItem","position":2,"name":"Seattle Personal Injury Lawyer","item":"https:\/\/plg-pllc.com\/es\/seattle\/personal-injury-lawyer\/"},{"@type":"ListItem","position":3,"name":"Seattle Catastrophic Injury Lawyer","item":"https:\/\/plg-pllc.com\/es\/seattle\/catastrophic-injury-lawyer\/"},{"@type":"ListItem","position":4,"name":"Growth Plate Fracture"}]},{"@type":"WebSite","@id":"https:\/\/plg-pllc.com\/#website","url":"https:\/\/plg-pllc.com\/","name":"Grupo de abogados Premier","description":"Abogado de muerte por negligencia y lesiones graves en Washington","publisher":{"@id":"https:\/\/plg-pllc.com\/#organization"},"inLanguage":"es"},{"@type":"Organization","@id":"https:\/\/plg-pllc.com\/#organization","name":"Grupo de abogados Premier","url":"https:\/\/plg-pllc.com\/","logo":{"@type":"ImageObject","inLanguage":"es","@id":"https:\/\/plg-pllc.com\/#\/schema\/logo\/image\/","url":"https:\/\/plg-pllc.com\/wp-content\/uploads\/2020\/10\/plg-logo-v2.gif","contentUrl":"https:\/\/plg-pllc.com\/wp-content\/uploads\/2020\/10\/plg-logo-v2.gif","width":592,"height":191,"caption":"Premier Law Group"},"image":{"@id":"https:\/\/plg-pllc.com\/#\/schema\/logo\/image\/"},"sameAs":["https:\/\/www.facebook.com\/premierlawgroup","https:\/\/x.com\/premierlawgroup"]}]}},"_links":{"self":[{"href":"https:\/\/plg-pllc.com\/es\/wp-json\/wp\/v2\/pages\/18615","targetHints":{"allow":["GET"]}}],"collection":[{"href":"https:\/\/plg-pllc.com\/es\/wp-json\/wp\/v2\/pages"}],"about":[{"href":"https:\/\/plg-pllc.com\/es\/wp-json\/wp\/v2\/types\/page"}],"author":[{"embeddable":true,"href":"https:\/\/plg-pllc.com\/es\/wp-json\/wp\/v2\/users\/24"}],"replies":[{"embeddable":true,"href":"https:\/\/plg-pllc.com\/es\/wp-json\/wp\/v2\/comments?post=18615"}],"version-history":[{"count":0,"href":"https:\/\/plg-pllc.com\/es\/wp-json\/wp\/v2\/pages\/18615\/revisions"}],"up":[{"embeddable":true,"href":"https:\/\/plg-pllc.com\/es\/wp-json\/wp\/v2\/pages\/18650"}],"wp:featuredmedia":[{"embeddable":true,"href":"https:\/\/plg-pllc.com\/es\/wp-json\/wp\/v2\/media\/18598"}],"wp:attachment":[{"href":"https:\/\/plg-pllc.com\/es\/wp-json\/wp\/v2\/media?parent=18615"}],"wp:term":[{"taxonomy":"hc_faqs","embeddable":true,"href":"https:\/\/plg-pllc.com\/es\/wp-json\/wp\/v2\/hc_faqs?post=18615"}],"curies":[{"name":"gracias","href":"https:\/\/api.w.org\/{rel}","templated":true}]}}