{"id":18651,"date":"2021-07-23T15:04:54","date_gmt":"2021-07-23T22:04:54","guid":{"rendered":"https:\/\/plg-pllc.com\/?page_id=18651"},"modified":"2025-02-14T14:10:28","modified_gmt":"2025-02-14T22:10:28","slug":"eye-injury-and-vision-loss","status":"publish","type":"page","link":"https:\/\/plg-pllc.com\/es\/seattle\/catastrophic-injury-lawyer\/eye-injury-and-vision-loss\/","title":{"rendered":"Abogado de Seattle especializado en lesiones oculares y p\u00e9rdida de la visi\u00f3n"},"content":{"rendered":"<h2><strong>Asistencia jur\u00eddica tras una lesi\u00f3n ocular o p\u00e9rdida de la visi\u00f3n<\/strong><\/h2>\n<p>Muchas personas dan por sentado que pueden ver. No pensamos en lo afortunados que somos de poder ver. Sin embargo, una lesi\u00f3n ocular puede provocar una p\u00e9rdida parcial de la visi\u00f3n o ceguera total. Tambi\u00e9n puede dar lugar a una recuperaci\u00f3n larga y dolorosa, lo que podr\u00eda afectar negativamente a su vida. Tambi\u00e9n podr\u00eda dejarlo incapacitado para trabajar si ya no puede realizar las tareas necesarias para su trabajo.<\/p>\n<p>Si alguien le ha causado una lesi\u00f3n ocular grave, entonces merece una compensaci\u00f3n. Las lesiones oculares son caras, y no solo por las facturas m\u00e9dicas. Sin visi\u00f3n, es posible que deba cambiar de carrera, modificar su hogar o incluso trabajar con un asistente que pueda ayudarlo en su vida diaria. No deber\u00eda tener que soportar esta carga financiera solo, especialmente si su accidente fue culpa de otra persona.<\/p>\n<p>Contacte con uno de los profesionales cualificados <a href=\"https:\/\/plg-pllc.com\/seattle\/personal-injury-lawyer\/\">Abogados de lesiones personales en Seattle<\/a> en Premier Law Group hoy. <em>Llama al 206.285.1743<\/em> Para empezar con tu <a href=\"https:\/\/plg-pllc.com\/contact-us\/\"><strong>GRATIS<\/strong> <\/a>revisi\u00f3n de caso.<\/p>\n<h2><strong>Causas de lesiones oculares<\/strong><\/h2>\n<p>Aunque algunas enfermedades pueden provocar ceguera parcial o total, es mucho m\u00e1s probable que los accidentes provoquen lesiones oculares y p\u00e9rdida de la visi\u00f3n. Debido a que los ojos son tan delicados y est\u00e1n siempre expuestos, cualquier traumatismo en el ojo o en el cerebro puede provocar lesiones graves. La p\u00e9rdida de la visi\u00f3n es muy com\u00fan despu\u00e9s de una lesi\u00f3n grave.<\/p>\n<p>Algunos de los accidentes m\u00e1s frecuentes que provocan estas lesiones son:<\/p>\n<ul>\n<li><a href=\"https:\/\/plg-pllc.com\/glossary\/car-accidents\/\">Accidentes de tr\u00e1fico<\/a><\/li>\n<li><a href=\"https:\/\/plg-pllc.com\/washington\/motorcycle-accident-lawyer\/\">Accidentes de motocicleta<\/a><\/li>\n<li><a href=\"https:\/\/plg-pllc.com\/washington\/pedestrian-accident-lawyer\/\">Accidentes de peatones<\/a><\/li>\n<li>Accidentes de bicicleta<\/li>\n<li>Resbalones y ca\u00eddas<\/li>\n<li>Ca\u00eddas y ahogamientos en piscinas<\/li>\n<li><a href=\"https:\/\/plg-pllc.com\/bellevue\/dog-bite-lawyer\/\">Ataques de animales<\/a><\/li>\n<li>Accidentes de trabajo<\/li>\n<li>Productos defectuosos<\/li>\n<li>Accidentes en la construcci\u00f3n<\/li>\n<li>Derrames de productos qu\u00edmicos<\/li>\n<\/ul>\n<p>Si sufre alguno de estos accidentes, es posible que en este momento est\u00e9 sufriendo p\u00e9rdida de visi\u00f3n o da\u00f1o en los ojos. Aunque las facturas pueden ser elevadas, es importante obtener ayuda m\u00e9dica de inmediato si a\u00fan no la ha recibido. Nada es m\u00e1s importante que su salud y las lesiones oculares pueden tener consecuencias duraderas.<\/p>\n<h2><strong>Lesiones oculares<\/strong><\/h2>\n<p>El ojo humano est\u00e1 formado por varias partes diferentes, y todas ellas trabajan juntas para permitirnos ver correctamente. Cuando tan solo uno de estos componentes sufre un da\u00f1o, puede afectar a todo el ojo. Incluso lesiones menores, como un rasgu\u00f1o en la c\u00f3rnea, pueden provocar complicaciones m\u00e1s graves. Por ejemplo, una c\u00f3rnea da\u00f1ada puede dejar todo el ojo susceptible a una infecci\u00f3n.<\/p>\n<h3><strong><em>Lesiones oculares comunes<\/em><\/strong><\/h3>\n<p>Existen diversas formas en las que la visi\u00f3n puede verse afectada. Algunas de las m\u00e1s comunes son:<\/p>\n<ul>\n<li><strong>Lesiones penetrantes<\/strong>:Estos a menudo son resultado de <a href=\"https:\/\/plg-pllc.com\/glossary\/car-accidents\/\">Accidentes de coche<\/a>, y que algo entre y da\u00f1e el ojo. Estas lesiones tambi\u00e9n pueden provocar ceguera total.<\/li>\n<li><strong>Quemaduras qu\u00edmicas en el ojo<\/strong>:Este tipo de lesi\u00f3n ocular es posible en sitios de construcci\u00f3n, lugares de trabajo e incluso escuelas. Estas quemaduras provocan enrojecimiento y ardor en el ojo, y causan mucho dolor. Tambi\u00e9n pueden da\u00f1ar la visi\u00f3n de forma permanente, seg\u00fan el producto qu\u00edmico y el tiempo durante el cual el ojo estuvo expuesto antes de enjuagarlo.<\/li>\n<li><strong>Iritis traum\u00e1tica<\/strong>:Esta es una lesi\u00f3n muy com\u00fan en el iris. Es una inflamaci\u00f3n causada por un traumatismo contundente en el ojo. Aunque la inflamaci\u00f3n suele curarse por s\u00ed sola, la infecci\u00f3n es un riesgo grave y tambi\u00e9n puede da\u00f1ar la visi\u00f3n de forma permanente.<\/li>\n<li><strong>P\u00e1rpados hinchados<\/strong>:Los p\u00e1rpados hinchados son un signo de da\u00f1o ocular despu\u00e9s de un accidente. En estos casos, los ojos han sufrido un traumatismo contundente y los p\u00e1rpados se han hinchado tanto que est\u00e1n pr\u00e1cticamente cerrados. Los p\u00e1rpados hinchados suelen curarse por s\u00ed solos, pero siempre existe la posibilidad de que se produzca una infecci\u00f3n. Tambi\u00e9n pueden surgir otras afecciones graves si el ojo no recibe el tratamiento adecuado.<\/li>\n<\/ul>\n<p>No todas las lesiones oculares son inmediatamente evidentes. De hecho, una de las causas m\u00e1s comunes de p\u00e9rdida de visi\u00f3n es el cerebro, y no es perceptible para el ojo en absoluto. En tal caso, sus ojos pueden funcionar perfectamente, pero el da\u00f1o en el cerebro puede dejarlo con una p\u00e9rdida de visi\u00f3n leve o total.<\/p>\n\n        <div class=\"rs-content-cta long\">\n            <p>Para una consulta legal GRATUITA con un abogado especializado en lesiones oculares y p\u00e9rdida de visi\u00f3n que preste servicios en Seattle, llame al <a href=\"tel:+12062851743\">(206) 285-1743 <\/a><\/p>\n            <a href=\"https:\/\/plg-pllc.com\/es\/contact-us\/\" title=\"OBTENGA UNA EVALUACI\u00d3N DE CASO GRATUITA\" class=\"btn-global\">OBTENGA UNA EVALUACI\u00d3N DE CASO GRATUITA<\/a>\n                    <picture>\n                            <source srcset=\"https:\/\/plg-pllc.com\/wp-content\/themes\/plg-pllc-redesign\/assets\/app\/img\/cta-thumb.webp\" type=\"image\/webp\"\/>\n                            <img src=\"https:\/\/plg-pllc.com\/wp-content\/themes\/plg-pllc-redesign\/assets\/app\/img\/cta-thumb.png\" alt=\"Grupo de abogados Premier\" title=\"Grupo de abogados Premier\" width=\"245\" height=\"220\" loading=\"auto\" fetchpriority=\"auto\" decoding=\"async\"\/>\n        <\/picture>\n        \n        <\/div><h2><strong>P\u00e9rdida de visi\u00f3n y lesiones cerebrales<\/strong><\/h2>\n<p>Aunque las lesiones directas en el ojo pueden causar p\u00e9rdida de visi\u00f3n, a\u00fan puede perder la visi\u00f3n cuando sus ojos funcionan normalmente. Sus ojos son solo una parte de c\u00f3mo ve. Reciben luz a trav\u00e9s de la pupila. Esta luz luego se convierte en informaci\u00f3n. Esta informaci\u00f3n luego pasa por el nervio \u00f3ptico hasta el l\u00f3bulo occipital, en la parte posterior del cerebro. El cerebro finalmente toma esta informaci\u00f3n y la convierte en una imagen, lo que le permite ver. Todo el proceso lleva milisegundos, sin embargo, no siente ninguna demora entre lo que est\u00e1 viendo y lo que realmente est\u00e1 sucediendo.<\/p>\n<p>Debido al papel que desempe\u00f1a en la capacidad de ver, si el l\u00f3bulo occipital est\u00e1 da\u00f1ado, se puede perder la vista, parcial o totalmente. Por otro lado, si el nervio \u00f3ptico, que va desde los ojos hasta el cerebro, est\u00e1 da\u00f1ado, eso tambi\u00e9n puede provocar una p\u00e9rdida parcial o total de la visi\u00f3n. Si sufre un golpe en la cabeza, debe buscar atenci\u00f3n m\u00e9dica de inmediato, incluso si no nota ninguna p\u00e9rdida de visi\u00f3n de inmediato. La lesi\u00f3n puede tardar un tiempo en causar ceguera, y cualquier tratamiento disponible ser\u00e1 sensible al tiempo.<\/p>\n<h2><strong>Premier Law Group puede ayudarle a obtener una compensaci\u00f3n justa\u00a0<\/strong><\/h2>\n<p>Dependiendo de la lesi\u00f3n, las lesiones oculares pueden costar mucho dinero. Es posible que deba usar un parche en el ojo, tomar medicamentos, someterse a una cirug\u00eda o someterse a terapia. Las lesiones oculares pueden cambiar la vida. Por lo tanto, usted merece una <a href=\"https:\/\/plg-pllc.com\/about-us\/\">abogado de lesiones personales<\/a> con experiencia en su caso. En <a href=\"https:\/\/plg-pllc.com\/\">Grupo de abogados Premier<\/a>Nos preocupamos por el <a href=\"https:\/\/www.google.com\/search?q=premier+law+group+seattle&amp;rlz=1C1CHBF_enUS879US879&amp;oq=premier+law+group+seattle&amp;aqs=chrome..69i57j46i175i199j69i59j69i61l3j69i65.3582j1j9&amp;sourceid=chrome&amp;ie=UTF-8#lrd=0x54906b3300e98a39:0x80a64f5ade626230,1,,,\">satisfacci\u00f3n de nuestros clientes<\/a>Cuando llame, hablar\u00e1 directamente con un abogado. Le ayudaremos a orientarlo y le brindaremos respuestas honestas a cualquier pregunta que pueda tener.<\/p>\n<p>Adem\u00e1s, le ayudaremos a proteger su salud, bienestar emocional y finanzas o las de sus seres queridos. Tambi\u00e9n le brindaremos recursos \u00fatiles. <a href=\"https:\/\/plg-pllc.com\/about-us\/why-are-we-different\/\">Grupo de abogados Premier<\/a>Nuestro objetivo es proporcionar a todos los que nos contactan la informaci\u00f3n que necesitan sobre sus opciones legales.<\/p>\n<p>Comun\u00edquese con Premier Law Group para programar una <strong><a href=\"https:\/\/plg-pllc.com\/contact-us\/\">revisi\u00f3n de caso gratuita<\/a><\/strong> de su caso de lesi\u00f3n ocular hoy. <em>Llama al 206.285.1743<\/em>. Y recuerda, <a href=\"https:\/\/plg-pllc.com\/about-us\/zero-fee-guarantee\/\">No hay ninguna tarifa a menos que ganemos<\/a> tu caso.<\/p>\n\n        <div class=\"rs-content-cta\">\n            <p>Llamar o enviar mensaje de texto <a href=\"tel:+12062851743\">(206) 285-1743<\/a> o complete un formulario de evaluaci\u00f3n de caso gratuito<\/p>\n            <a href=\"https:\/\/plg-pllc.com\/es\/contact-us\/\" title=\"OBTENGA UNA EVALUACI\u00d3N DE CASO GRATUITA\" class=\"btn-global\">OBTENGA UNA EVALUACI\u00d3N DE CASO GRATUITA<\/a>\n                    <picture>\n                            <source srcset=\"https:\/\/plg-pllc.com\/wp-content\/themes\/plg-pllc-redesign\/assets\/app\/img\/cta-thumb.webp\" type=\"image\/webp\"\/>\n                            <img src=\"https:\/\/plg-pllc.com\/wp-content\/themes\/plg-pllc-redesign\/assets\/app\/img\/cta-thumb.png\" alt=\"Grupo de abogados Premier\" title=\"Grupo de abogados Premier\" width=\"245\" height=\"220\" loading=\"auto\" fetchpriority=\"auto\" decoding=\"async\"\/>\n        <\/picture>\n        \n        <\/div>","protected":false},"excerpt":{"rendered":"<p>Asistencia jur\u00eddica tras una lesi\u00f3n ocular o p\u00e9rdida de visi\u00f3n Muchas personas dan por sentado que pueden ver. No pensamos en lo afortunados que somos de poder ver. Sin embargo, una lesi\u00f3n ocular puede provocar una p\u00e9rdida parcial de la visi\u00f3n o ceguera total. Tambi\u00e9n puede dar lugar a una recuperaci\u00f3n larga y dolorosa, que podr\u00eda afectar negativamente a la salud de las personas.<\/p>","protected":false},"author":24,"featured_media":17470,"parent":18650,"menu_order":0,"comment_status":"closed","ping_status":"closed","template":"","meta":{"_acf_changed":false,"_genesis_hide_title":false,"_genesis_hide_breadcrumbs":false,"_genesis_hide_singular_image":false,"_genesis_hide_footer_widgets":false,"_genesis_custom_body_class":"","_genesis_custom_post_class":"","_genesis_layout":"","footnotes":""},"hc_faqs":[],"class_list":{"0":"post-18651","1":"page","2":"type-page","3":"status-publish","4":"has-post-thumbnail","6":"hc_city_location-seattle","7":"entry"},"acf":[],"yoast_head":"<!-- This site is optimized with the Yoast SEO plugin v27.4 - https:\/\/yoast.com\/product\/yoast-seo-wordpress\/ -->\n<title>Eye Injury And VIsion Loss Lawyer in Seattle | Free Case Review<\/title>\n<meta name=\"description\" content=\"Seattle Eye Injury And VIsion Loss Lawyer: Premier Law Group helps you unlock the full compensation you deserve. No Fee Unless We Win.\" \/>\n<meta name=\"robots\" content=\"index, follow, max-snippet:-1, max-image-preview:large, max-video-preview:-1\" \/>\n<link rel=\"canonical\" href=\"https:\/\/plg-pllc.com\/es\/seattle\/catastrophic-injury-lawyer\/eye-injury-and-vision-loss\/\" \/>\n<meta property=\"og:locale\" content=\"es_MX\" \/>\n<meta property=\"og:type\" content=\"article\" \/>\n<meta property=\"og:title\" content=\"Eye Injury And VIsion Loss Lawyer in Seattle | Free Case Review\" \/>\n<meta property=\"og:description\" content=\"Seattle Eye Injury And VIsion Loss Lawyer: Premier Law Group helps you unlock the full compensation you deserve. No Fee Unless We Win.\" \/>\n<meta property=\"og:url\" content=\"https:\/\/plg-pllc.com\/es\/seattle\/catastrophic-injury-lawyer\/eye-injury-and-vision-loss\/\" \/>\n<meta property=\"og:site_name\" content=\"Premier Law Group\" \/>\n<meta property=\"article:publisher\" content=\"https:\/\/www.facebook.com\/premierlawgroup\" \/>\n<meta property=\"article:modified_time\" content=\"2025-02-14T22:10:28+00:00\" \/>\n<meta property=\"og:image\" content=\"https:\/\/plg-pllc.com\/wp-content\/uploads\/2020\/04\/eye.jpg\" \/>\n\t<meta property=\"og:image:width\" content=\"515\" \/>\n\t<meta property=\"og:image:height\" content=\"532\" \/>\n\t<meta property=\"og:image:type\" content=\"image\/jpeg\" \/>\n<meta name=\"twitter:card\" content=\"summary_large_image\" \/>\n<meta name=\"twitter:site\" content=\"@premierlawgroup\" \/>\n<meta name=\"twitter:label1\" content=\"Tiempo de lectura\" \/>\n\t<meta name=\"twitter:data1\" content=\"5 minutos\" \/>\n<script type=\"application\/ld+json\" class=\"yoast-schema-graph\">{\"@context\":\"https:\\\/\\\/schema.org\",\"@graph\":[{\"@type\":\"WebPage\",\"@id\":\"https:\\\/\\\/plg-pllc.com\\\/seattle\\\/catastrophic-injury-lawyer\\\/eye-injury-and-vision-loss\\\/\",\"url\":\"https:\\\/\\\/plg-pllc.com\\\/seattle\\\/catastrophic-injury-lawyer\\\/eye-injury-and-vision-loss\\\/\",\"name\":\"Eye Injury And VIsion Loss Lawyer in Seattle | Free Case Review\",\"isPartOf\":{\"@id\":\"https:\\\/\\\/plg-pllc.com\\\/#website\"},\"primaryImageOfPage\":{\"@id\":\"https:\\\/\\\/plg-pllc.com\\\/seattle\\\/catastrophic-injury-lawyer\\\/eye-injury-and-vision-loss\\\/#primaryimage\"},\"image\":{\"@id\":\"https:\\\/\\\/plg-pllc.com\\\/seattle\\\/catastrophic-injury-lawyer\\\/eye-injury-and-vision-loss\\\/#primaryimage\"},\"thumbnailUrl\":\"https:\\\/\\\/plg-pllc.com\\\/wp-content\\\/uploads\\\/2020\\\/04\\\/eye.jpg\",\"datePublished\":\"2021-07-23T22:04:54+00:00\",\"dateModified\":\"2025-02-14T22:10:28+00:00\",\"description\":\"Seattle Eye Injury And VIsion Loss Lawyer: Premier Law Group helps you unlock the full compensation you deserve. No Fee Unless We Win.\",\"breadcrumb\":{\"@id\":\"https:\\\/\\\/plg-pllc.com\\\/seattle\\\/catastrophic-injury-lawyer\\\/eye-injury-and-vision-loss\\\/#breadcrumb\"},\"inLanguage\":\"es\",\"potentialAction\":[{\"@type\":\"ReadAction\",\"target\":[\"https:\\\/\\\/plg-pllc.com\\\/seattle\\\/catastrophic-injury-lawyer\\\/eye-injury-and-vision-loss\\\/\"]}]},{\"@type\":\"ImageObject\",\"inLanguage\":\"es\",\"@id\":\"https:\\\/\\\/plg-pllc.com\\\/seattle\\\/catastrophic-injury-lawyer\\\/eye-injury-and-vision-loss\\\/#primaryimage\",\"url\":\"https:\\\/\\\/plg-pllc.com\\\/wp-content\\\/uploads\\\/2020\\\/04\\\/eye.jpg\",\"contentUrl\":\"https:\\\/\\\/plg-pllc.com\\\/wp-content\\\/uploads\\\/2020\\\/04\\\/eye.jpg\",\"width\":515,\"height\":532,\"caption\":\"picture of an eye after and eye injury causing vision loss\"},{\"@type\":\"BreadcrumbList\",\"@id\":\"https:\\\/\\\/plg-pllc.com\\\/seattle\\\/catastrophic-injury-lawyer\\\/eye-injury-and-vision-loss\\\/#breadcrumb\",\"itemListElement\":[{\"@type\":\"ListItem\",\"position\":1,\"name\":\"Home\",\"item\":\"https:\\\/\\\/plg-pllc.com\\\/es\\\/\"},{\"@type\":\"ListItem\",\"position\":2,\"name\":\"Seattle Personal Injury Lawyer\",\"item\":\"https:\\\/\\\/plg-pllc.com\\\/es\\\/seattle\\\/personal-injury-lawyer\\\/\"},{\"@type\":\"ListItem\",\"position\":3,\"name\":\"Seattle Catastrophic Injury Lawyer\",\"item\":\"https:\\\/\\\/plg-pllc.com\\\/es\\\/seattle\\\/catastrophic-injury-lawyer\\\/\"},{\"@type\":\"ListItem\",\"position\":4,\"name\":\"Eye Injury And Vision Loss\"}]},{\"@type\":\"WebSite\",\"@id\":\"https:\\\/\\\/plg-pllc.com\\\/#website\",\"url\":\"https:\\\/\\\/plg-pllc.com\\\/\",\"name\":\"Premier Law Group\",\"description\":\"Washington Wrongful Death and Serious Injury Lawyer\",\"publisher\":{\"@id\":\"https:\\\/\\\/plg-pllc.com\\\/#organization\"},\"inLanguage\":\"es\"},{\"@type\":\"Organization\",\"@id\":\"https:\\\/\\\/plg-pllc.com\\\/#organization\",\"name\":\"Premier Law Group\",\"url\":\"https:\\\/\\\/plg-pllc.com\\\/\",\"logo\":{\"@type\":\"ImageObject\",\"inLanguage\":\"es\",\"@id\":\"https:\\\/\\\/plg-pllc.com\\\/#\\\/schema\\\/logo\\\/image\\\/\",\"url\":\"https:\\\/\\\/plg-pllc.com\\\/wp-content\\\/uploads\\\/2020\\\/10\\\/plg-logo-v2.gif\",\"contentUrl\":\"https:\\\/\\\/plg-pllc.com\\\/wp-content\\\/uploads\\\/2020\\\/10\\\/plg-logo-v2.gif\",\"width\":592,\"height\":191,\"caption\":\"Premier Law Group\"},\"image\":{\"@id\":\"https:\\\/\\\/plg-pllc.com\\\/#\\\/schema\\\/logo\\\/image\\\/\"},\"sameAs\":[\"https:\\\/\\\/www.facebook.com\\\/premierlawgroup\",\"https:\\\/\\\/x.com\\\/premierlawgroup\"]}]}<\/script>\n<!-- \/ Yoast SEO plugin. -->","yoast_head_json":{"title":"Abogado de lesiones oculares y p\u00e9rdida de visi\u00f3n en Seattle | Revisi\u00f3n gratuita de casos","description":"Abogado de Seattle especializado en lesiones oculares y p\u00e9rdida de visi\u00f3n: Premier Law Group lo ayuda a obtener la compensaci\u00f3n total que se merece. Sin honorarios a menos que ganemos.","robots":{"index":"index","follow":"follow","max-snippet":"max-snippet:-1","max-image-preview":"max-image-preview:large","max-video-preview":"max-video-preview:-1"},"canonical":"https:\/\/plg-pllc.com\/es\/seattle\/catastrophic-injury-lawyer\/eye-injury-and-vision-loss\/","og_locale":"es_MX","og_type":"article","og_title":"Eye Injury And VIsion Loss Lawyer in Seattle | Free Case Review","og_description":"Seattle Eye Injury And VIsion Loss Lawyer: Premier Law Group helps you unlock the full compensation you deserve. No Fee Unless We Win.","og_url":"https:\/\/plg-pllc.com\/es\/seattle\/catastrophic-injury-lawyer\/eye-injury-and-vision-loss\/","og_site_name":"Premier Law Group","article_publisher":"https:\/\/www.facebook.com\/premierlawgroup","article_modified_time":"2025-02-14T22:10:28+00:00","og_image":[{"width":515,"height":532,"url":"https:\/\/plg-pllc.com\/wp-content\/uploads\/2020\/04\/eye.jpg","type":"image\/jpeg"}],"twitter_card":"summary_large_image","twitter_site":"@premierlawgroup","twitter_misc":{"Tiempo de lectura":"5 minutos"},"schema":{"@context":"https:\/\/schema.org","@graph":[{"@type":"WebPage","@id":"https:\/\/plg-pllc.com\/seattle\/catastrophic-injury-lawyer\/eye-injury-and-vision-loss\/","url":"https:\/\/plg-pllc.com\/seattle\/catastrophic-injury-lawyer\/eye-injury-and-vision-loss\/","name":"Abogado de lesiones oculares y p\u00e9rdida de visi\u00f3n en Seattle | Revisi\u00f3n gratuita de casos","isPartOf":{"@id":"https:\/\/plg-pllc.com\/#website"},"primaryImageOfPage":{"@id":"https:\/\/plg-pllc.com\/seattle\/catastrophic-injury-lawyer\/eye-injury-and-vision-loss\/#primaryimage"},"image":{"@id":"https:\/\/plg-pllc.com\/seattle\/catastrophic-injury-lawyer\/eye-injury-and-vision-loss\/#primaryimage"},"thumbnailUrl":"https:\/\/plg-pllc.com\/wp-content\/uploads\/2020\/04\/eye.jpg","datePublished":"2021-07-23T22:04:54+00:00","dateModified":"2025-02-14T22:10:28+00:00","description":"Abogado de Seattle especializado en lesiones oculares y p\u00e9rdida de visi\u00f3n: Premier Law Group lo ayuda a obtener la compensaci\u00f3n total que se merece. Sin honorarios a menos que ganemos.","breadcrumb":{"@id":"https:\/\/plg-pllc.com\/seattle\/catastrophic-injury-lawyer\/eye-injury-and-vision-loss\/#breadcrumb"},"inLanguage":"es","potentialAction":[{"@type":"ReadAction","target":["https:\/\/plg-pllc.com\/seattle\/catastrophic-injury-lawyer\/eye-injury-and-vision-loss\/"]}]},{"@type":"ImageObject","inLanguage":"es","@id":"https:\/\/plg-pllc.com\/seattle\/catastrophic-injury-lawyer\/eye-injury-and-vision-loss\/#primaryimage","url":"https:\/\/plg-pllc.com\/wp-content\/uploads\/2020\/04\/eye.jpg","contentUrl":"https:\/\/plg-pllc.com\/wp-content\/uploads\/2020\/04\/eye.jpg","width":515,"height":532,"caption":"picture of an eye after and eye injury causing vision loss"},{"@type":"BreadcrumbList","@id":"https:\/\/plg-pllc.com\/seattle\/catastrophic-injury-lawyer\/eye-injury-and-vision-loss\/#breadcrumb","itemListElement":[{"@type":"ListItem","position":1,"name":"Home","item":"https:\/\/plg-pllc.com\/es\/"},{"@type":"ListItem","position":2,"name":"Seattle Personal Injury Lawyer","item":"https:\/\/plg-pllc.com\/es\/seattle\/personal-injury-lawyer\/"},{"@type":"ListItem","position":3,"name":"Seattle Catastrophic Injury Lawyer","item":"https:\/\/plg-pllc.com\/es\/seattle\/catastrophic-injury-lawyer\/"},{"@type":"ListItem","position":4,"name":"Eye Injury And Vision Loss"}]},{"@type":"WebSite","@id":"https:\/\/plg-pllc.com\/#website","url":"https:\/\/plg-pllc.com\/","name":"Grupo de abogados Premier","description":"Abogado de muerte por negligencia y lesiones graves en Washington","publisher":{"@id":"https:\/\/plg-pllc.com\/#organization"},"inLanguage":"es"},{"@type":"Organization","@id":"https:\/\/plg-pllc.com\/#organization","name":"Grupo de abogados Premier","url":"https:\/\/plg-pllc.com\/","logo":{"@type":"ImageObject","inLanguage":"es","@id":"https:\/\/plg-pllc.com\/#\/schema\/logo\/image\/","url":"https:\/\/plg-pllc.com\/wp-content\/uploads\/2020\/10\/plg-logo-v2.gif","contentUrl":"https:\/\/plg-pllc.com\/wp-content\/uploads\/2020\/10\/plg-logo-v2.gif","width":592,"height":191,"caption":"Premier Law Group"},"image":{"@id":"https:\/\/plg-pllc.com\/#\/schema\/logo\/image\/"},"sameAs":["https:\/\/www.facebook.com\/premierlawgroup","https:\/\/x.com\/premierlawgroup"]}]}},"_links":{"self":[{"href":"https:\/\/plg-pllc.com\/es\/wp-json\/wp\/v2\/pages\/18651","targetHints":{"allow":["GET"]}}],"collection":[{"href":"https:\/\/plg-pllc.com\/es\/wp-json\/wp\/v2\/pages"}],"about":[{"href":"https:\/\/plg-pllc.com\/es\/wp-json\/wp\/v2\/types\/page"}],"author":[{"embeddable":true,"href":"https:\/\/plg-pllc.com\/es\/wp-json\/wp\/v2\/users\/24"}],"replies":[{"embeddable":true,"href":"https:\/\/plg-pllc.com\/es\/wp-json\/wp\/v2\/comments?post=18651"}],"version-history":[{"count":0,"href":"https:\/\/plg-pllc.com\/es\/wp-json\/wp\/v2\/pages\/18651\/revisions"}],"up":[{"embeddable":true,"href":"https:\/\/plg-pllc.com\/es\/wp-json\/wp\/v2\/pages\/18650"}],"wp:featuredmedia":[{"embeddable":true,"href":"https:\/\/plg-pllc.com\/es\/wp-json\/wp\/v2\/media\/17470"}],"wp:attachment":[{"href":"https:\/\/plg-pllc.com\/es\/wp-json\/wp\/v2\/media?parent=18651"}],"wp:term":[{"taxonomy":"hc_faqs","embeddable":true,"href":"https:\/\/plg-pllc.com\/es\/wp-json\/wp\/v2\/hc_faqs?post=18651"}],"curies":[{"name":"gracias","href":"https:\/\/api.w.org\/{rel}","templated":true}]}}