{"id":18653,"date":"2021-07-23T16:30:43","date_gmt":"2021-07-23T23:30:43","guid":{"rendered":"https:\/\/plg-pllc.com\/?page_id=18653"},"modified":"2026-03-24T15:08:25","modified_gmt":"2026-03-24T22:08:25","slug":"burn-injury","status":"publish","type":"page","link":"https:\/\/plg-pllc.com\/es\/seattle\/catastrophic-injury-lawyer\/burn-injury\/","title":{"rendered":"Abogado de lesiones por quemaduras en Seattle"},"content":{"rendered":"<h2><strong>\u00bfSufri\u00f3 quemaduras graves?<\/strong><\/h2>\n<p><img loading=\"lazy\" decoding=\"async\" class=\"alignright size-medium wp-image-18679\" src=\"https:\/\/plg-pllc.com\/wp-content\/uploads\/2021\/07\/pexels-anna-shvets-5614155-300x200.jpg\" alt=\"V\u00edctima de mano amputada usa una mano prot\u00e9sica para escribir\" width=\"300\" height=\"200\" srcset=\"https:\/\/plg-pllc.com\/wp-content\/uploads\/2021\/07\/pexels-anna-shvets-5614155-300x200.jpg 300w, https:\/\/plg-pllc.com\/wp-content\/uploads\/2021\/07\/pexels-anna-shvets-5614155-1024x683.jpg 1024w, https:\/\/plg-pllc.com\/wp-content\/uploads\/2021\/07\/pexels-anna-shvets-5614155-768x512.jpg 768w, https:\/\/plg-pllc.com\/wp-content\/uploads\/2021\/07\/pexels-anna-shvets-5614155-1536x1024.jpg 1536w, https:\/\/plg-pllc.com\/wp-content\/uploads\/2021\/07\/pexels-anna-shvets-5614155-2048x1365.jpg 2048w, https:\/\/plg-pllc.com\/wp-content\/uploads\/2021\/07\/pexels-anna-shvets-5614155-640x427.jpg 640w, https:\/\/plg-pllc.com\/wp-content\/uploads\/2021\/07\/pexels-anna-shvets-5614155-1200x800.jpg 1200w, https:\/\/plg-pllc.com\/wp-content\/uploads\/2021\/07\/pexels-anna-shvets-5614155-1920x1280.jpg 1920w, https:\/\/plg-pllc.com\/wp-content\/uploads\/2021\/07\/pexels-anna-shvets-5614155-250x167.jpg 250w\" sizes=\"auto, (max-width: 300px) 100vw, 300px\" \/>Todo el mundo ha sufrido alguna vez una quemadura. Normalmente se trata de una quemadura leve, como una quemadura solar para la gente del noroeste que no est\u00e1 acostumbrada a estar muy expuesta al sol. Pero las lesiones por quemaduras graves son un asunto completamente distinto. De hecho, son traum\u00e1ticas. Las v\u00edctimas de accidentes por quemaduras sufren dolor cr\u00f3nico, infecciones, cicatrices y, en algunos casos, incluso amputaci\u00f3n. Si usted es v\u00edctima de una lesi\u00f3n por quemaduras cuyas lesiones fueron causadas por la negligencia de otra persona, necesita un abogado con experiencia en lesiones por quemaduras.<\/p>\n<h5>\u00a1Deje que Premier Law Group le ayude!<\/h5>\n<p>Nuestro <a href=\"https:\/\/plg-pllc.com\/seattle\/personal-injury-lawyer\/\">Abogados expertos en lesiones personales en Seattle<\/a> Contamos con una amplia red de expertos m\u00e9dicos. Somos muy conscientes de que las lesiones por quemaduras graves provocan problemas sist\u00e9micos que lo afectan a usted y a su vida durante a\u00f1os y a\u00f1os. Perm\u00edtanos utilizar nuestras habilidades, relaciones profesionales y experiencia para ayudarlo a obtener la compensaci\u00f3n que se merece.<\/p>\n<p><a href=\"https:\/\/plg-pllc.com\/\"><strong>Grupo de abogados Premier<\/strong><\/a> Recopilamos pruebas, determinamos la negligencia y la culpa y luego negociamos en su nombre. Gestionamos el proceso de reclamaci\u00f3n para usted y sus seres queridos. Esto le permite concentrarse en su recuperaci\u00f3n.<\/p>\n<p><strong>Llame a Premier Law Group hoy al 206.285.1743 para una consulta. <a href=\"https:\/\/plg-pllc.com\/contact-us\/\">Gratis<\/a> \u00a1Consulta!<\/strong><\/p>\n<h2><strong>Causas comunes de quemaduras<\/strong><\/h2>\n<p>M\u00e1s de medio mill\u00f3n de ciudadanos acuden a las salas de emergencia de nuestro pa\u00eds cada a\u00f1o con quemaduras. Seg\u00fan el <a href=\"https:\/\/www.ameriburn.org\/\">Asociaci\u00f3n Estadounidense de Quemaduras<\/a> (ABA), en los Estados Unidos, el 94% de las v\u00edctimas de quemaduras sobreviven a sus accidentes. Sin embargo, tambi\u00e9n sufren dolores insoportables y desaf\u00edos f\u00edsicos y emocionales duraderos.<\/p>\n<p>\u00bfPor qu\u00e9 hay tantas v\u00edctimas de quemaduras en nuestro pa\u00eds? Seg\u00fan la ABA, aqu\u00ed se detallan las causas de las lesiones por quemaduras:<\/p>\n<ul>\n<li>46 % \u2013 contacto directo con fuego o llamas<\/li>\n<li>32% \u2013 quemaduras por escaldadura provocadas por vapor, agua hirviendo, caf\u00e9 derramado, etc.<\/li>\n<li>10% \u2013 Sufre quemaduras qu\u00edmicas debido a \u00e1cidos, lej\u00eda, disolvente de pintura y gasolina.<\/li>\n<li>8 % \u2014 contacto con objetos calientes como sartenes, fuentes de vidrio para horno y quemaduras solares en camas solares<\/li>\n<li>4% \u2014 quemaduras el\u00e9ctricas<\/li>\n<\/ul>\n<p>La ABA no informa sobre la violencia dom\u00e9stica, pero las quemaduras provocadas por los abusadores son uno de los sucesos m\u00e1s extremos y que m\u00e1s cambian la vida. Lamentablemente, se sabe que los abusadores usan cigarrillos, \u00e1cido y gasolina para herir a sus v\u00edctimas. Adem\u00e1s, los abusadores suelen ser pir\u00f3manos, prendiendo fuego a las casas de sus parejas.<\/p>\n<h2><strong>Lo que debes saber sobre los diferentes tipos de quemaduras<\/strong><\/h2>\n<p>La mayor\u00eda de las personas no saben que existen muchos tipos de quemaduras y muchas maneras de sufrir lesiones graves por quemaduras. Una cosa es que uno mismo provoque la quemadura y otra muy distinta es que sufra quemaduras graves debido a la negligencia de otra persona.<\/p>\n<p>Algunas cosas importantes que debe saber sobre los diferentes tipos de quemaduras incluyen las siguientes:<\/p>\n<ul>\n<li>\n<h3>T\u00e9rmico<\/h3>\n<\/li>\n<\/ul>\n<p>Las quemaduras t\u00e9rmicas ocurren cuando se est\u00e1 expuesto a altos niveles de calor intenso. Por ejemplo, algunas v\u00edctimas sufren quemaduras en un incendio en una casa provocado por un pir\u00f3mano o por la negligencia de un propietario.<\/p>\n<p>Hay cuatro niveles de quemaduras t\u00e9rmicas: 1<sup>calle<\/sup> grado, 2<sup>Dakota del Norte<\/sup> grado, 3<sup>Tercera<\/sup> grado y 4<sup>El<\/sup> Grado. Una quemadura de primer grado es leve y se cura con el tiempo. Pero los tres niveles de quemaduras restantes requieren atenci\u00f3n m\u00e9dica inmediata. Esto se debe a que las quemaduras t\u00e9rmicas se propagan a trav\u00e9s de cada capa del cuerpo: piel, m\u00fasculos y huesos. Provocan cicatrices, infecciones e incluso la p\u00e9rdida de una extremidad o la vida.<\/p>\n<ul>\n<li>\n<h3>El\u00e9ctrico<\/h3>\n<\/li>\n<\/ul>\n<p>Las quemaduras el\u00e9ctricas son incre\u00edblemente peligrosas e innegablemente peligrosas. \u00a1La electricidad fluye por todo el cuerpo en milisegundos! La v\u00edctima inconsciente sufre quemaduras el\u00e9ctricas en todo el cuerpo casi de inmediato. En realidad, las quemaduras el\u00e9ctricas causan lesiones catastr\u00f3ficas, incluso la muerte. La mayor\u00eda de las quemaduras el\u00e9ctricas son causadas por un cableado defectuoso o productos defectuosos como electrodom\u00e9sticos o herramientas el\u00e9ctricas. Algunas quemaduras el\u00e9ctricas son causadas por la ca\u00edda de rayos.<\/p>\n<ul>\n<li>\n<h3>Fr\u00edo<\/h3>\n<\/li>\n<\/ul>\n<p>S\u00ed, el fr\u00edo extremo provoca quemaduras graves. El fr\u00edo extremo hace que la piel se congele, lo que provoca graves da\u00f1os corporales. Las quemaduras por fr\u00edo se conocen com\u00fanmente como congelaci\u00f3n y, cuando son lo suficientemente graves, provocan la p\u00e9rdida de extremidades.<\/p>\n<ul>\n<li>\n<h3>Qu\u00edmico<\/h3>\n<\/li>\n<\/ul>\n<p>Los productos qu\u00edmicos dom\u00e9sticos de uso diario, as\u00ed como los productos qu\u00edmicos peligrosos en el lugar de trabajo, provocan quemaduras y lesiones graves. Por ejemplo, la lej\u00eda provoca quemaduras qu\u00edmicas cuando entra en contacto con la piel o con los pulmones si se inhalan sus vapores. Siempre l\u00e1vese la piel con los productos qu\u00edmicos tan pronto como entren en contacto con el cuerpo. Si no se quita el producto qu\u00edmico r\u00e1pidamente, puede provocar da\u00f1os graves, como p\u00e9rdida de la visi\u00f3n, si entra en contacto con los ojos.<\/p>\n<ul>\n<li>\n<h3>Fricci\u00f3n<\/h3>\n<\/li>\n<\/ul>\n<p>Muchas personas olvidan que la fricci\u00f3n provoca quemaduras graves. El rasp\u00f3n por fricci\u00f3n es un claro ejemplo de quemaduras graves por fricci\u00f3n. Un rasp\u00f3n grave por fricci\u00f3n provoca cicatrices, infecciones, p\u00e9rdida de extremidades y muerte.<\/p>\n<ul>\n<li>\n<h3>Radiaci\u00f3n<\/h3>\n<\/li>\n<\/ul>\n<p>Las quemaduras solares son, de hecho, quemaduras por radiaci\u00f3n. Si bien las quemaduras solares suelen ser lesiones por quemaduras accidentales, las quemaduras por radiaci\u00f3n de rayos X no lo son. Las quemaduras por radiaci\u00f3n de rayos X son causadas por la negligencia de alguien. Por ejemplo, un paciente con c\u00e1ncer que recibe tratamiento con terapias de rayos X puede sufrir quemaduras graves y cicatrices profundas. Esto es negligencia humana, porque el t\u00e9cnico en rayos X no control\u00f3 adecuadamente al paciente. Esto se considera mala praxis m\u00e9dica.<\/p>\n\n        <div class=\"rs-content-cta long\">\n            <p>Para una consulta legal GRATUITA con un abogado especializado en lesiones por quemaduras que preste servicios en Seattle, llame al <a href=\"tel:+12062851743\">(206) 285-1743 <\/a><\/p>\n            <a href=\"https:\/\/plg-pllc.com\/es\/contact-us\/\" title=\"OBTENGA UNA EVALUACI\u00d3N DE CASO GRATUITA\" class=\"btn-global\">OBTENGA UNA EVALUACI\u00d3N DE CASO GRATUITA<\/a>\n                    <picture>\n                            <source srcset=\"https:\/\/plg-pllc.com\/wp-content\/themes\/plg-pllc-redesign\/assets\/app\/img\/cta-thumb.webp\" type=\"image\/webp\"\/>\n                            <img src=\"https:\/\/plg-pllc.com\/wp-content\/themes\/plg-pllc-redesign\/assets\/app\/img\/cta-thumb.png\" alt=\"Grupo de abogados Premier\" title=\"Grupo de abogados Premier\" width=\"245\" height=\"220\" loading=\"auto\" fetchpriority=\"auto\" decoding=\"async\"\/>\n        <\/picture>\n        \n        <\/div><h2><strong>Compensaci\u00f3n por su lesi\u00f3n por quemadura<\/strong><\/h2>\n<p>Como puede ver, existe una amplia variedad de lesiones por quemaduras. Algunas son menores, mientras que otras son completamente devastadoras y pueden cambiarle la vida. La indemnizaci\u00f3n que solicite depender\u00e1 del tipo de quemadura que sufra y de la gravedad del accidente por quemaduras.<\/p>\n<p>Una cosa que debe saber: si su accidente por quemaduras ocurri\u00f3 debido a la negligencia de otra persona, tiene derecho a recibir una compensaci\u00f3n por los siguientes da\u00f1os:<\/p>\n<ul>\n<li>Costo del tratamiento m\u00e9dico y de la rehabilitaci\u00f3n pasados y futuros<\/li>\n<li>Salarios perdidos durante su tratamiento y recuperaci\u00f3n<\/li>\n<li>Desfiguraci\u00f3n debido a cicatrices o p\u00e9rdida de extremidades.<\/li>\n<li>Incapacidad para volver a un empleo remunerado<\/li>\n<li>Dolor f\u00edsico y angustia mental<\/li>\n<\/ul>\n<p>Adem\u00e1s, si la parte responsable de su lesi\u00f3n por quemadura actu\u00f3 de manera particularmente imprudente, el tribunal tambi\u00e9n puede otorgarle da\u00f1os punitivos.<\/p>\n<h2><strong>Sin cobertura, sin honorarios: comun\u00edquese con los abogados especializados en lesiones por quemaduras de Premier Law Group<\/strong><\/h2>\n<p><img loading=\"lazy\" decoding=\"async\" class=\"alignleft size-medium wp-image-18672\" src=\"https:\/\/plg-pllc.com\/wp-content\/uploads\/2021\/07\/PLG-home-box1-300x200.jpg\" alt=\"Los mejores abogados de accidentes automovil\u00edsticos en Seattle Renton Bellevue y Federal Way\" width=\"300\" height=\"200\" srcset=\"https:\/\/plg-pllc.com\/wp-content\/uploads\/2021\/07\/PLG-home-box1-300x200.jpg 300w, https:\/\/plg-pllc.com\/wp-content\/uploads\/2021\/07\/PLG-home-box1-250x167.jpg 250w, https:\/\/plg-pllc.com\/wp-content\/uploads\/2021\/07\/PLG-home-box1.jpg 500w\" sizes=\"auto, (max-width: 300px) 100vw, 300px\" \/>Los abogados especializados en quemaduras de Premier Law Group nunca cobran honorarios por nuestros servicios hasta que logramos una compensaci\u00f3n justa para usted, nuestro cliente. Sabemos que las quemaduras se transforman en otras enfermedades y lesiones catastr\u00f3ficas y contin\u00faan lastimando a las v\u00edctimas durante a\u00f1os. Por eso lo ayudamos a encontrar la mejor atenci\u00f3n m\u00e9dica para guiarlo en su recuperaci\u00f3n. Nos enfocamos en recopilar detalles y datos de accidentes para brindarle el tiempo y la energ\u00eda para concentrarse en su salud. Nuestro objetivo es obtener una compensaci\u00f3n justa de las personas que causaron sus lesiones.<\/p>\n<p><strong>No firme un reclamo de seguro hasta que hable con nosotros<\/strong>Conc\u00e9ntrese en sanar y deje que su abogado recopile pruebas y se encargue de los detalles del reclamo.<\/p>\n<h2><strong>\u00a1P\u00f3ngase en contacto con un abogado con experiencia en lesiones personales de Seattle hoy mismo!<\/strong><\/h2>\n<p><strong>Llama a Premier Law Group<\/strong>!\u00a0 <strong>Consigue tu <a href=\"https:\/\/plg-pllc.com\/contact-us\/\">GRATIS<\/a> \u00a1Consulta!<\/strong><\/p>\n<p>T\u00fa <em>Trabaje siempre directamente con un abogado y estamos disponibles para usted. <\/em>24\/7.<\/p>\n<p><em><strong><u>\u00a1Llame al 206.285.1743 hoy!<\/u><\/strong><strong>\u00a0 <\/strong><\/em><\/p>\n\n        <div class=\"rs-content-cta\">\n            <p>Llamar o enviar mensaje de texto <a href=\"tel:+12062851743\">(206) 285-1743<\/a> o complete un formulario de evaluaci\u00f3n de caso gratuito<\/p>\n            <a href=\"https:\/\/plg-pllc.com\/es\/contact-us\/\" title=\"OBTENGA UNA EVALUACI\u00d3N DE CASO GRATUITA\" class=\"btn-global\">OBTENGA UNA EVALUACI\u00d3N DE CASO GRATUITA<\/a>\n                    <picture>\n                            <source srcset=\"https:\/\/plg-pllc.com\/wp-content\/themes\/plg-pllc-redesign\/assets\/app\/img\/cta-thumb.webp\" type=\"image\/webp\"\/>\n                            <img src=\"https:\/\/plg-pllc.com\/wp-content\/themes\/plg-pllc-redesign\/assets\/app\/img\/cta-thumb.png\" alt=\"Grupo de abogados Premier\" title=\"Grupo de abogados Premier\" width=\"245\" height=\"220\" loading=\"auto\" fetchpriority=\"auto\" decoding=\"async\"\/>\n        <\/picture>\n        \n        <\/div>","protected":false},"excerpt":{"rendered":"<p>\u00bfHa sufrido quemaduras graves? Todo el mundo ha sufrido alguna vez una quemadura. Normalmente se trata de una quemadura leve, como una quemadura solar para la gente del noroeste que no est\u00e1 acostumbrada a estar muy expuesta al sol. Pero las quemaduras graves son un asunto completamente distinto. De hecho, son traum\u00e1ticas. Las v\u00edctimas de accidentes por quemaduras sufren dolor cr\u00f3nico, infecciones, cicatrices y, en...<\/p>","protected":false},"author":24,"featured_media":18687,"parent":18650,"menu_order":0,"comment_status":"closed","ping_status":"closed","template":"","meta":{"_acf_changed":false,"_genesis_hide_title":false,"_genesis_hide_breadcrumbs":false,"_genesis_hide_singular_image":false,"_genesis_hide_footer_widgets":false,"_genesis_custom_body_class":"","_genesis_custom_post_class":"","_genesis_layout":"","footnotes":""},"hc_faqs":[],"class_list":{"0":"post-18653","1":"page","2":"type-page","3":"status-publish","4":"has-post-thumbnail","6":"hc_city_location-seattle","7":"entry"},"acf":[],"yoast_head":"<!-- This site is optimized with the Yoast SEO plugin v27.4 - https:\/\/yoast.com\/product\/yoast-seo-wordpress\/ -->\n<title>Burn Injury Lawyer in Seattle | Free Case Review<\/title>\n<meta name=\"description\" content=\"Seattle Burn Injury Lawyer: Premier Law Group helps you unlock the full compensation you deserve. No Fee Unless We Win.\" \/>\n<meta name=\"robots\" content=\"index, follow, max-snippet:-1, max-image-preview:large, max-video-preview:-1\" \/>\n<link rel=\"canonical\" href=\"https:\/\/plg-pllc.com\/es\/seattle\/catastrophic-injury-lawyer\/burn-injury\/\" \/>\n<meta property=\"og:locale\" content=\"es_MX\" \/>\n<meta property=\"og:type\" content=\"article\" \/>\n<meta property=\"og:title\" content=\"Burn Injury Lawyer in Seattle | Free Case Review\" \/>\n<meta property=\"og:description\" content=\"Seattle Burn Injury Lawyer: Premier Law Group helps you unlock the full compensation you deserve. No Fee Unless We Win.\" \/>\n<meta property=\"og:url\" content=\"https:\/\/plg-pllc.com\/es\/seattle\/catastrophic-injury-lawyer\/burn-injury\/\" \/>\n<meta property=\"og:site_name\" content=\"Premier Law Group\" \/>\n<meta property=\"article:publisher\" content=\"https:\/\/www.facebook.com\/premierlawgroup\" \/>\n<meta property=\"article:modified_time\" content=\"2026-03-24T22:08:25+00:00\" \/>\n<meta property=\"og:image\" content=\"https:\/\/plg-pllc.com\/wp-content\/uploads\/2021\/07\/car-accident-2789841_1920.jpg\" \/>\n\t<meta property=\"og:image:width\" content=\"1920\" \/>\n\t<meta property=\"og:image:height\" content=\"1080\" \/>\n\t<meta property=\"og:image:type\" content=\"image\/jpeg\" \/>\n<meta name=\"twitter:card\" content=\"summary_large_image\" \/>\n<meta name=\"twitter:site\" content=\"@premierlawgroup\" \/>\n<meta name=\"twitter:label1\" content=\"Tiempo de lectura\" \/>\n\t<meta name=\"twitter:data1\" content=\"6 minutos\" \/>\n<script type=\"application\/ld+json\" class=\"yoast-schema-graph\">{\"@context\":\"https:\\\/\\\/schema.org\",\"@graph\":[{\"@type\":\"WebPage\",\"@id\":\"https:\\\/\\\/plg-pllc.com\\\/seattle\\\/catastrophic-injury-lawyer\\\/burn-injury\\\/\",\"url\":\"https:\\\/\\\/plg-pllc.com\\\/seattle\\\/catastrophic-injury-lawyer\\\/burn-injury\\\/\",\"name\":\"Burn Injury Lawyer in Seattle | Free Case Review\",\"isPartOf\":{\"@id\":\"https:\\\/\\\/plg-pllc.com\\\/#website\"},\"primaryImageOfPage\":{\"@id\":\"https:\\\/\\\/plg-pllc.com\\\/seattle\\\/catastrophic-injury-lawyer\\\/burn-injury\\\/#primaryimage\"},\"image\":{\"@id\":\"https:\\\/\\\/plg-pllc.com\\\/seattle\\\/catastrophic-injury-lawyer\\\/burn-injury\\\/#primaryimage\"},\"thumbnailUrl\":\"https:\\\/\\\/plg-pllc.com\\\/wp-content\\\/uploads\\\/2021\\\/07\\\/car-accident-2789841_1920.jpg\",\"datePublished\":\"2021-07-23T23:30:43+00:00\",\"dateModified\":\"2026-03-24T22:08:25+00:00\",\"description\":\"Seattle Burn Injury Lawyer: Premier Law Group helps you unlock the full compensation you deserve. No Fee Unless We Win.\",\"breadcrumb\":{\"@id\":\"https:\\\/\\\/plg-pllc.com\\\/seattle\\\/catastrophic-injury-lawyer\\\/burn-injury\\\/#breadcrumb\"},\"inLanguage\":\"es\",\"potentialAction\":[{\"@type\":\"ReadAction\",\"target\":[\"https:\\\/\\\/plg-pllc.com\\\/seattle\\\/catastrophic-injury-lawyer\\\/burn-injury\\\/\"]}]},{\"@type\":\"ImageObject\",\"inLanguage\":\"es\",\"@id\":\"https:\\\/\\\/plg-pllc.com\\\/seattle\\\/catastrophic-injury-lawyer\\\/burn-injury\\\/#primaryimage\",\"url\":\"https:\\\/\\\/plg-pllc.com\\\/wp-content\\\/uploads\\\/2021\\\/07\\\/car-accident-2789841_1920.jpg\",\"contentUrl\":\"https:\\\/\\\/plg-pllc.com\\\/wp-content\\\/uploads\\\/2021\\\/07\\\/car-accident-2789841_1920.jpg\",\"width\":1920,\"height\":1080,\"caption\":\"car accident that caught fire and caused a burn injury\"},{\"@type\":\"BreadcrumbList\",\"@id\":\"https:\\\/\\\/plg-pllc.com\\\/seattle\\\/catastrophic-injury-lawyer\\\/burn-injury\\\/#breadcrumb\",\"itemListElement\":[{\"@type\":\"ListItem\",\"position\":1,\"name\":\"Home\",\"item\":\"https:\\\/\\\/plg-pllc.com\\\/es\\\/\"},{\"@type\":\"ListItem\",\"position\":2,\"name\":\"Seattle Personal Injury Lawyer\",\"item\":\"https:\\\/\\\/plg-pllc.com\\\/es\\\/seattle\\\/personal-injury-lawyer\\\/\"},{\"@type\":\"ListItem\",\"position\":3,\"name\":\"Seattle Catastrophic Injury Lawyer\",\"item\":\"https:\\\/\\\/plg-pllc.com\\\/es\\\/seattle\\\/catastrophic-injury-lawyer\\\/\"},{\"@type\":\"ListItem\",\"position\":4,\"name\":\"Burn Injury\"}]},{\"@type\":\"WebSite\",\"@id\":\"https:\\\/\\\/plg-pllc.com\\\/#website\",\"url\":\"https:\\\/\\\/plg-pllc.com\\\/\",\"name\":\"Premier Law Group\",\"description\":\"Washington Wrongful Death and Serious Injury Lawyer\",\"publisher\":{\"@id\":\"https:\\\/\\\/plg-pllc.com\\\/#organization\"},\"inLanguage\":\"es\"},{\"@type\":\"Organization\",\"@id\":\"https:\\\/\\\/plg-pllc.com\\\/#organization\",\"name\":\"Premier Law Group\",\"url\":\"https:\\\/\\\/plg-pllc.com\\\/\",\"logo\":{\"@type\":\"ImageObject\",\"inLanguage\":\"es\",\"@id\":\"https:\\\/\\\/plg-pllc.com\\\/#\\\/schema\\\/logo\\\/image\\\/\",\"url\":\"https:\\\/\\\/plg-pllc.com\\\/wp-content\\\/uploads\\\/2020\\\/10\\\/plg-logo-v2.gif\",\"contentUrl\":\"https:\\\/\\\/plg-pllc.com\\\/wp-content\\\/uploads\\\/2020\\\/10\\\/plg-logo-v2.gif\",\"width\":592,\"height\":191,\"caption\":\"Premier Law Group\"},\"image\":{\"@id\":\"https:\\\/\\\/plg-pllc.com\\\/#\\\/schema\\\/logo\\\/image\\\/\"},\"sameAs\":[\"https:\\\/\\\/www.facebook.com\\\/premierlawgroup\",\"https:\\\/\\\/x.com\\\/premierlawgroup\"]}]}<\/script>\n<!-- \/ Yoast SEO plugin. -->","yoast_head_json":{"title":"Abogado de lesiones por quemaduras en Seattle | Revisi\u00f3n gratuita de casos","description":"Abogado de lesiones por quemaduras en Seattle: Premier Law Group lo ayuda a obtener la compensaci\u00f3n total que merece. Sin honorarios a menos que ganemos.","robots":{"index":"index","follow":"follow","max-snippet":"max-snippet:-1","max-image-preview":"max-image-preview:large","max-video-preview":"max-video-preview:-1"},"canonical":"https:\/\/plg-pllc.com\/es\/seattle\/catastrophic-injury-lawyer\/burn-injury\/","og_locale":"es_MX","og_type":"article","og_title":"Burn Injury Lawyer in Seattle | Free Case Review","og_description":"Seattle Burn Injury Lawyer: Premier Law Group helps you unlock the full compensation you deserve. No Fee Unless We Win.","og_url":"https:\/\/plg-pllc.com\/es\/seattle\/catastrophic-injury-lawyer\/burn-injury\/","og_site_name":"Premier Law Group","article_publisher":"https:\/\/www.facebook.com\/premierlawgroup","article_modified_time":"2026-03-24T22:08:25+00:00","og_image":[{"width":1920,"height":1080,"url":"https:\/\/plg-pllc.com\/wp-content\/uploads\/2021\/07\/car-accident-2789841_1920.jpg","type":"image\/jpeg"}],"twitter_card":"summary_large_image","twitter_site":"@premierlawgroup","twitter_misc":{"Tiempo de lectura":"6 minutos"},"schema":{"@context":"https:\/\/schema.org","@graph":[{"@type":"WebPage","@id":"https:\/\/plg-pllc.com\/seattle\/catastrophic-injury-lawyer\/burn-injury\/","url":"https:\/\/plg-pllc.com\/seattle\/catastrophic-injury-lawyer\/burn-injury\/","name":"Abogado de lesiones por quemaduras en Seattle | Revisi\u00f3n gratuita de casos","isPartOf":{"@id":"https:\/\/plg-pllc.com\/#website"},"primaryImageOfPage":{"@id":"https:\/\/plg-pllc.com\/seattle\/catastrophic-injury-lawyer\/burn-injury\/#primaryimage"},"image":{"@id":"https:\/\/plg-pllc.com\/seattle\/catastrophic-injury-lawyer\/burn-injury\/#primaryimage"},"thumbnailUrl":"https:\/\/plg-pllc.com\/wp-content\/uploads\/2021\/07\/car-accident-2789841_1920.jpg","datePublished":"2021-07-23T23:30:43+00:00","dateModified":"2026-03-24T22:08:25+00:00","description":"Abogado de lesiones por quemaduras en Seattle: Premier Law Group lo ayuda a obtener la compensaci\u00f3n total que merece. Sin honorarios a menos que ganemos.","breadcrumb":{"@id":"https:\/\/plg-pllc.com\/seattle\/catastrophic-injury-lawyer\/burn-injury\/#breadcrumb"},"inLanguage":"es","potentialAction":[{"@type":"ReadAction","target":["https:\/\/plg-pllc.com\/seattle\/catastrophic-injury-lawyer\/burn-injury\/"]}]},{"@type":"ImageObject","inLanguage":"es","@id":"https:\/\/plg-pllc.com\/seattle\/catastrophic-injury-lawyer\/burn-injury\/#primaryimage","url":"https:\/\/plg-pllc.com\/wp-content\/uploads\/2021\/07\/car-accident-2789841_1920.jpg","contentUrl":"https:\/\/plg-pllc.com\/wp-content\/uploads\/2021\/07\/car-accident-2789841_1920.jpg","width":1920,"height":1080,"caption":"car accident that caught fire and caused a burn injury"},{"@type":"BreadcrumbList","@id":"https:\/\/plg-pllc.com\/seattle\/catastrophic-injury-lawyer\/burn-injury\/#breadcrumb","itemListElement":[{"@type":"ListItem","position":1,"name":"Home","item":"https:\/\/plg-pllc.com\/es\/"},{"@type":"ListItem","position":2,"name":"Seattle Personal Injury Lawyer","item":"https:\/\/plg-pllc.com\/es\/seattle\/personal-injury-lawyer\/"},{"@type":"ListItem","position":3,"name":"Seattle Catastrophic Injury Lawyer","item":"https:\/\/plg-pllc.com\/es\/seattle\/catastrophic-injury-lawyer\/"},{"@type":"ListItem","position":4,"name":"Burn Injury"}]},{"@type":"WebSite","@id":"https:\/\/plg-pllc.com\/#website","url":"https:\/\/plg-pllc.com\/","name":"Grupo de abogados Premier","description":"Abogado de muerte por negligencia y lesiones graves en Washington","publisher":{"@id":"https:\/\/plg-pllc.com\/#organization"},"inLanguage":"es"},{"@type":"Organization","@id":"https:\/\/plg-pllc.com\/#organization","name":"Grupo de abogados Premier","url":"https:\/\/plg-pllc.com\/","logo":{"@type":"ImageObject","inLanguage":"es","@id":"https:\/\/plg-pllc.com\/#\/schema\/logo\/image\/","url":"https:\/\/plg-pllc.com\/wp-content\/uploads\/2020\/10\/plg-logo-v2.gif","contentUrl":"https:\/\/plg-pllc.com\/wp-content\/uploads\/2020\/10\/plg-logo-v2.gif","width":592,"height":191,"caption":"Premier Law Group"},"image":{"@id":"https:\/\/plg-pllc.com\/#\/schema\/logo\/image\/"},"sameAs":["https:\/\/www.facebook.com\/premierlawgroup","https:\/\/x.com\/premierlawgroup"]}]}},"_links":{"self":[{"href":"https:\/\/plg-pllc.com\/es\/wp-json\/wp\/v2\/pages\/18653","targetHints":{"allow":["GET"]}}],"collection":[{"href":"https:\/\/plg-pllc.com\/es\/wp-json\/wp\/v2\/pages"}],"about":[{"href":"https:\/\/plg-pllc.com\/es\/wp-json\/wp\/v2\/types\/page"}],"author":[{"embeddable":true,"href":"https:\/\/plg-pllc.com\/es\/wp-json\/wp\/v2\/users\/24"}],"replies":[{"embeddable":true,"href":"https:\/\/plg-pllc.com\/es\/wp-json\/wp\/v2\/comments?post=18653"}],"version-history":[{"count":0,"href":"https:\/\/plg-pllc.com\/es\/wp-json\/wp\/v2\/pages\/18653\/revisions"}],"up":[{"embeddable":true,"href":"https:\/\/plg-pllc.com\/es\/wp-json\/wp\/v2\/pages\/18650"}],"wp:featuredmedia":[{"embeddable":true,"href":"https:\/\/plg-pllc.com\/es\/wp-json\/wp\/v2\/media\/18687"}],"wp:attachment":[{"href":"https:\/\/plg-pllc.com\/es\/wp-json\/wp\/v2\/media?parent=18653"}],"wp:term":[{"taxonomy":"hc_faqs","embeddable":true,"href":"https:\/\/plg-pllc.com\/es\/wp-json\/wp\/v2\/hc_faqs?post=18653"}],"curies":[{"name":"gracias","href":"https:\/\/api.w.org\/{rel}","templated":true}]}}