{"id":18681,"date":"2021-07-29T12:59:35","date_gmt":"2021-07-29T19:59:35","guid":{"rendered":"https:\/\/plg-pllc.com\/?page_id=18681"},"modified":"2025-04-30T15:22:02","modified_gmt":"2025-04-30T22:22:02","slug":"seattle-food-poisoning-lawyer","status":"publish","type":"page","link":"https:\/\/plg-pllc.com\/es\/seattle\/food-poisoning-lawyer\/","title":{"rendered":"Abogado de intoxicaci\u00f3n alimentaria en Seattle"},"content":{"rendered":"<h2><strong>\u00bfPuedo presentar una demanda por intoxicaci\u00f3n alimentaria?<\/strong><\/h2>\n<p><img loading=\"lazy\" decoding=\"async\" class=\"alignleft size-medium wp-image-18702\" src=\"https:\/\/plg-pllc.com\/wp-content\/uploads\/2021\/07\/stomach-3532098_1920-300x127.jpg\" alt=\"Hombre apretando el est\u00f3mago por una enfermedad transmitida por alimentos\" width=\"300\" height=\"127\" srcset=\"https:\/\/plg-pllc.com\/wp-content\/uploads\/2021\/07\/stomach-3532098_1920-300x127.jpg 300w, https:\/\/plg-pllc.com\/wp-content\/uploads\/2021\/07\/stomach-3532098_1920-1024x433.jpg 1024w, https:\/\/plg-pllc.com\/wp-content\/uploads\/2021\/07\/stomach-3532098_1920-768x324.jpg 768w, https:\/\/plg-pllc.com\/wp-content\/uploads\/2021\/07\/stomach-3532098_1920-1536x649.jpg 1536w, https:\/\/plg-pllc.com\/wp-content\/uploads\/2021\/07\/stomach-3532098_1920-640x270.jpg 640w, https:\/\/plg-pllc.com\/wp-content\/uploads\/2021\/07\/stomach-3532098_1920-1200x507.jpg 1200w, https:\/\/plg-pllc.com\/wp-content\/uploads\/2021\/07\/stomach-3532098_1920-250x106.jpg 250w, https:\/\/plg-pllc.com\/wp-content\/uploads\/2021\/07\/stomach-3532098_1920.jpg 1920w\" sizes=\"auto, (max-width: 300px) 100vw, 300px\" \/>Hay pocas cosas tan terribles como enfermarse por comer alimentos contaminados. Aunque muchas personas sufren este dolor, algunas necesitan algo m\u00e1s que descansar y beber mucho l\u00edquido. Seg\u00fan los microbios ingeridos, algunas v\u00edctimas de intoxicaci\u00f3n alimentaria pueden sufrir enfermedades que pongan en peligro su vida o incluso la muerte. Si usted o un ser querido ha sufrido una enfermedad transmitida por alimentos, es posible que desee presentar una demanda por intoxicaci\u00f3n alimentaria.<\/p>\n<p>Si sufre una lesi\u00f3n debido a una enfermedad transmitida por los alimentos, es posible que merezca una compensaci\u00f3n. Sin embargo, para obtener el mejor resultado en cualquier reclamo, necesitar\u00e1 una representaci\u00f3n s\u00f3lida. En Premier Law Group, nuestro equipo de <a href=\"https:\/\/plg-pllc.com\/seattle\/personal-injury-lawyer\/\">Abogados de lesiones personales en Seattle<\/a> Proporcionar\u00e1 asesor\u00eda legal a quienes lo necesiten.<\/p>\n<p>Contacto <a href=\"https:\/\/plg-pllc.com\/\">Grupo de abogados Premier<\/a> Hoy a las <em>206.285.1743<\/em> Para programar tu <a href=\"https:\/\/plg-pllc.com\/contact-us\/\"><strong>GRATIS<\/strong> <\/a>revisi\u00f3n de caso<\/p>\n<h2><strong>\u00bfQu\u00e9 es una enfermedad transmitida por alimentos?<\/strong><\/h2>\n<p>La intoxicaci\u00f3n alimentaria no es nueva. La humanidad ha lidiado con alimentos contaminados durante mucho tiempo. Sin embargo, en la era moderna, muchos estadounidenses creen que las enfermedades transmitidas por alimentos no son algo de lo que deban preocuparse. Sin embargo, esto est\u00e1 totalmente lejos de la realidad. Seg\u00fan los Centros para el Control y la Prevenci\u00f3n de Enfermedades, casi 230,000 personas son hospitalizadas cada a\u00f1o por intoxicaci\u00f3n alimentaria. Adem\u00e1s, aproximadamente 3,000 de estas personas mueren a causa de la enfermedad. Esto significa que, cada d\u00eda, m\u00e1s de 8 personas mueren por una enfermedad transmitida por alimentos.<\/p>\n<p>Adem\u00e1s, las enfermedades transmitidas por los alimentos provienen de bacterias, virus y par\u00e1sitos que han contaminado los alimentos. Por ejemplo, la carne mal cocinada puede transmitir enfermedades del animal. Si un producto l\u00e1cteo, como el queso o la leche, no est\u00e1 pasteurizado, las bacterias tambi\u00e9n pueden proliferar y contaminar los alimentos.<\/p>\n<h2><strong>\u00bfCu\u00e1les son los tipos de g\u00e9rmenes transmitidos por los alimentos?<\/strong><\/h2>\n<p>Seg\u00fan los CDC, existen m\u00e1s de 250 tipos diferentes de enfermedades transmitidas por los alimentos. La mayor\u00eda de estas enfermedades son resultado de bacterias agresivas. Otras provienen de virus o par\u00e1sitos que se introducen en carnes no preparadas o son el resultado de sustancias qu\u00edmicas t\u00f3xicas que se filtran en la cadena de suministro.<\/p>\n<p>Sin embargo, hay algunos g\u00e9rmenes que se mencionan m\u00e1s que otros. A continuaci\u00f3n, se enumeran algunos de los sospechosos m\u00e1s conocidos en las demandas por intoxicaci\u00f3n alimentaria:<\/p>\n<ul>\n<li>Coli: puede encontrar esta bacteria en alimentos crudos como aves y productos l\u00e1cteos.<\/li>\n<li>Listeria: otra bacteria presente en alimentos crudos como el queso y las carnes.<\/li>\n<li>Shigella: una bacteria que se propaga a trav\u00e9s del contacto entre personas y condiciones insalubres.<\/li>\n<li>Norovirus: un virus que se encuentra en las heces humanas y se transmite a trav\u00e9s del contacto de persona a persona.<\/li>\n<li>Salmonella: una bacteria muy com\u00fan en alimentos crudos o no cocinados, como el pollo o los productos l\u00e1cteos.<\/li>\n<\/ul>\n\n        <div class=\"rs-content-cta long\">\n            <p>Para una consulta legal GRATUITA con un abogado especializado en intoxicaci\u00f3n alimentaria que atiende en Seattle, llame al <a href=\"tel:+12062851743\">(206) 285-1743 <\/a><\/p>\n            <a href=\"https:\/\/plg-pllc.com\/es\/contact-us\/\" title=\"OBTENGA UNA EVALUACI\u00d3N DE CASO GRATUITA\" class=\"btn-global\">OBTENGA UNA EVALUACI\u00d3N DE CASO GRATUITA<\/a>\n                    <picture>\n                            <source srcset=\"https:\/\/plg-pllc.com\/wp-content\/themes\/plg-pllc-redesign\/assets\/app\/img\/cta-thumb.webp\" type=\"image\/webp\"\/>\n                            <img src=\"https:\/\/plg-pllc.com\/wp-content\/themes\/plg-pllc-redesign\/assets\/app\/img\/cta-thumb.png\" alt=\"Grupo de abogados Premier\" title=\"Grupo de abogados Premier\" width=\"245\" height=\"220\" loading=\"auto\" fetchpriority=\"auto\" decoding=\"async\"\/>\n        <\/picture>\n        \n        <\/div><h2><strong>\u00bfPor qu\u00e9 son peligrosas las enfermedades transmitidas por los alimentos?<\/strong><\/h2>\n<p><img loading=\"lazy\" decoding=\"async\" class=\"alignright size-medium wp-image-18703\" src=\"https:\/\/plg-pllc.com\/wp-content\/uploads\/2021\/07\/virus-1913183_1920-300x84.jpg\" alt=\"virus y bacterias \" width=\"300\" height=\"84\" srcset=\"https:\/\/plg-pllc.com\/wp-content\/uploads\/2021\/07\/virus-1913183_1920-300x84.jpg 300w, https:\/\/plg-pllc.com\/wp-content\/uploads\/2021\/07\/virus-1913183_1920-1024x288.jpg 1024w, https:\/\/plg-pllc.com\/wp-content\/uploads\/2021\/07\/virus-1913183_1920-768x216.jpg 768w, https:\/\/plg-pllc.com\/wp-content\/uploads\/2021\/07\/virus-1913183_1920-1536x432.jpg 1536w, https:\/\/plg-pllc.com\/wp-content\/uploads\/2021\/07\/virus-1913183_1920-1440x400.jpg 1440w, https:\/\/plg-pllc.com\/wp-content\/uploads\/2021\/07\/virus-1913183_1920-640x180.jpg 640w, https:\/\/plg-pllc.com\/wp-content\/uploads\/2021\/07\/virus-1913183_1920-1200x338.jpg 1200w, https:\/\/plg-pllc.com\/wp-content\/uploads\/2021\/07\/virus-1913183_1920-250x70.jpg 250w, https:\/\/plg-pllc.com\/wp-content\/uploads\/2021\/07\/virus-1913183_1920.jpg 1920w\" sizes=\"auto, (max-width: 300px) 100vw, 300px\" \/>Los s\u00edntomas exactos y el tipo de enfermedad que experimente depender\u00e1n del germen o par\u00e1sito que haya en su comida. Sin embargo, todas las enfermedades transmitidas por los alimentos son muy peligrosas. Las m\u00e1s comunes son las que causan v\u00f3mitos y diarrea. Los casos graves pueden provocar deshidrataci\u00f3n e incluso la muerte si el problema persiste durante demasiado tiempo. Este es un problema especialmente para <a href=\"https:\/\/doh.wa.gov\/you-and-your-family\/illness-and-disease-z\/foodborne-illness\">Ni\u00f1os, ancianos y mujeres embarazadas<\/a>En los peores casos, una enfermedad transmitida por alimentos puede provocar que una mujer embarazada pierda el beb\u00e9.<\/p>\n<p>Adem\u00e1s de la deshidrataci\u00f3n, las enfermedades transmitidas por los alimentos tambi\u00e9n pueden provocar fiebre. Si la fiebre es baja, esto no suele ser un gran problema, ya que la mayor\u00eda de las enfermedades provocan alg\u00fan nivel de fiebre. Sin embargo, en el caso de las enfermedades transmitidas por los alimentos m\u00e1s graves, la fiebre puede llegar a los 40 \u00b0C. En ese punto, su vida corre peligro, porque el cuerpo humano no puede soportar una temperatura central tan alta. Esto es especialmente cierto en el caso de las personas mayores, que necesitar\u00e1n atenci\u00f3n de emergencia si la fiebre llega a ese nivel.<\/p>\n<p>No importa el tipo de enfermedad que desarrolles como consecuencia de alimentos contaminados, tu vida podr\u00eda estar en riesgo. Por eso es vital que encuentres a la parte responsable.<\/p>\n<p>En Premier Law Group, nuestros <a href=\"https:\/\/plg-pllc.com\/seattle\/personal-injury-lawyer\/\">abogados con experiencia en Seattle<\/a> Puede ayudarle con todos los aspectos de su demanda por intoxicaci\u00f3n alimentaria.<\/p>\n<h2><strong>C\u00f3mo saber qui\u00e9n es responsable<\/strong><\/h2>\n<p>La mejor manera de obtener una indemnizaci\u00f3n es presentar una demanda por intoxicaci\u00f3n alimentaria contra la parte responsable de su enfermedad. Para ello, primero debe determinar qui\u00e9n es responsable.<\/p>\n<p>En lo que respecta a las enfermedades transmitidas por los alimentos, hay algunas partes diferentes que pueden considerarse responsables:<\/p>\n<ul>\n<li><strong>La empresa agr\u00edcola<\/strong>:La mayor\u00eda de los alimentos en Estados Unidos son producidos por grandes empresas agr\u00edcolas. Durante el cultivo, la recolecci\u00f3n, la limpieza y el env\u00edo de los alimentos, los contaminantes pueden introducirse en los alimentos y provocar enfermedades transmitidas por ellos. Si el germen que caus\u00f3 la enfermedad se origin\u00f3 cuando se cosech\u00f3 el alimento por primera vez, la empresa encargada de producirlo puede ser responsable.<\/li>\n<li><strong>El fabricante<\/strong>:Esta es la empresa que prepar\u00f3 los alimentos que usted comi\u00f3. Por ejemplo, ha habido varios problemas con ensaladas envasadas que conten\u00edan E. coli. En estos casos, la empresa que cort\u00f3 la lechuga y otros ingredientes para la ensalada y los envas\u00f3 puede ser considerada culpable de su enfermedad.<\/li>\n<li><strong>El distribuidor<\/strong>:Una vez que los alimentos est\u00e1n envasados, se env\u00edan a restaurantes y tiendas de comestibles. Estos negocios deben almacenar los alimentos adecuadamente y desechar cualquier alimento vencido. Si no lo hacen, los clientes podr\u00edan enfermarse. Esto significa que el negocio responsable de distribuir los alimentos ser\u00eda responsable.<\/li>\n<\/ul>\n<p>Para determinar la culpabilidad en una demanda por intoxicaci\u00f3n alimentaria es necesario averiguar d\u00f3nde se contamin\u00f3 por primera vez el alimento. El hecho de que la contaminaci\u00f3n haya comenzado durante la cosecha, el envasado o la venta del alimento determinar\u00e1 qu\u00e9 parte debe pagar los da\u00f1os. Lamentablemente, la respuesta depende de una investigaci\u00f3n, que puede ser dif\u00edcil de llevar a cabo mientras se recupera de una enfermedad grave. Afortunadamente, con la ayuda de Premier Law Group, no tiene que trabajar en su demanda solo.<\/p>\n<h2><strong>Comun\u00edquese con un abogado especializado en intoxicaciones alimentarias de Seattle<\/strong><\/h2>\n<p><img loading=\"lazy\" decoding=\"async\" class=\"alignleft size-medium wp-image-18094\" src=\"https:\/\/plg-pllc.com\/wp-content\/uploads\/2020\/10\/PLG-home-box3-300x200.jpg\" alt=\"Jason Epstein y Patrick Kang, abogados expertos en lesiones personales en Seattle, Bellevue, Renton y Federal Way\" width=\"300\" height=\"200\" srcset=\"https:\/\/plg-pllc.com\/wp-content\/uploads\/2020\/10\/PLG-home-box3-300x200.jpg 300w, https:\/\/plg-pllc.com\/wp-content\/uploads\/2020\/10\/PLG-home-box3-250x167.jpg 250w, https:\/\/plg-pllc.com\/wp-content\/uploads\/2020\/10\/PLG-home-box3.jpg 500w\" sizes=\"auto, (max-width: 300px) 100vw, 300px\" \/>Si padece una enfermedad transmitida por los alimentos, es probable que necesite ayuda financiera y de otro tipo. Seattle <a href=\"https:\/\/plg-pllc.com\/about-us\/why-are-we-different\/\">Abogados de lesiones en Premier Law Group<\/a> Le ayudaremos con su demanda por intoxicaci\u00f3n alimentaria y su recuperaci\u00f3n. Trabajaremos arduamente para brindarle la mejor atenci\u00f3n y compensaci\u00f3n posibles.<\/p>\n<p>Llamar <em>206.285.1743<\/em> hoy para hablar directamente con uno de nuestros abogados y comenzar su <a href=\"https:\/\/plg-pllc.com\/contact-us\/\"><strong>GRATIS<\/strong> revisi\u00f3n de caso<\/a>Como siempre, <a href=\"https:\/\/plg-pllc.com\/about-us\/zero-fee-guarantee\/\">No hay ninguna tarifa a menos que ganemos<\/a> tu caso.<\/p>\n\n        <div class=\"rs-content-cta\">\n            <p>Llamar o enviar mensaje de texto <a href=\"tel:+12062851743\">(206) 285-1743<\/a> o complete un formulario de evaluaci\u00f3n de caso gratuito<\/p>\n            <a href=\"https:\/\/plg-pllc.com\/es\/contact-us\/\" title=\"OBTENGA UNA EVALUACI\u00d3N DE CASO GRATUITA\" class=\"btn-global\">OBTENGA UNA EVALUACI\u00d3N DE CASO GRATUITA<\/a>\n                    <picture>\n                            <source srcset=\"https:\/\/plg-pllc.com\/wp-content\/themes\/plg-pllc-redesign\/assets\/app\/img\/cta-thumb.webp\" type=\"image\/webp\"\/>\n                            <img src=\"https:\/\/plg-pllc.com\/wp-content\/themes\/plg-pllc-redesign\/assets\/app\/img\/cta-thumb.png\" alt=\"Grupo de abogados Premier\" title=\"Grupo de abogados Premier\" width=\"245\" height=\"220\" loading=\"auto\" fetchpriority=\"auto\" decoding=\"async\"\/>\n        <\/picture>\n        \n        <\/div>","protected":false},"excerpt":{"rendered":"<p>\u00bfPuedo presentar una demanda por intoxicaci\u00f3n alimentaria? Hay pocas cosas tan terribles como enfermarse por comer alimentos contaminados. Aunque muchas personas sufren este dolor, algunas necesitan m\u00e1s que solo descansar y beber mucho l\u00edquido. Seg\u00fan los microbios ingeridos, algunas v\u00edctimas de intoxicaci\u00f3n alimentaria pueden enfrentar afecciones potencialmente mortales o incluso la muerte. Si usted o su ser querido padecen una intoxicaci\u00f3n alimentaria, es posible que su salud se vea amenazada.<\/p>","protected":false},"author":24,"featured_media":18702,"parent":20122,"menu_order":0,"comment_status":"closed","ping_status":"closed","template":"","meta":{"_acf_changed":false,"_genesis_hide_title":false,"_genesis_hide_breadcrumbs":false,"_genesis_hide_singular_image":false,"_genesis_hide_footer_widgets":false,"_genesis_custom_body_class":"","_genesis_custom_post_class":"","_genesis_layout":"","footnotes":""},"hc_faqs":[],"class_list":{"0":"post-18681","1":"page","2":"type-page","3":"status-publish","4":"has-post-thumbnail","6":"hc_city_location-seattle","7":"entry"},"acf":[],"yoast_head":"<!-- This site is optimized with the Yoast SEO plugin v27.4 - https:\/\/yoast.com\/product\/yoast-seo-wordpress\/ -->\n<title>Food Poisoning Lawyer in Seattle | Free Case Review<\/title>\n<meta name=\"description\" content=\"Seattle Food Poisoning Lawyer: Premier Law Group helps you unlock the full compensation you deserve. No Fee Unless We Win.\" \/>\n<meta name=\"robots\" content=\"index, follow, max-snippet:-1, max-image-preview:large, max-video-preview:-1\" \/>\n<link rel=\"canonical\" href=\"https:\/\/plg-pllc.com\/es\/seattle\/food-poisoning-lawyer\/\" \/>\n<meta property=\"og:locale\" content=\"es_MX\" \/>\n<meta property=\"og:type\" content=\"article\" \/>\n<meta property=\"og:title\" content=\"Food Poisoning Lawyer in Seattle | Free Case Review\" \/>\n<meta property=\"og:description\" content=\"Seattle Food Poisoning Lawyer: Premier Law Group helps you unlock the full compensation you deserve. No Fee Unless We Win.\" \/>\n<meta property=\"og:url\" content=\"https:\/\/plg-pllc.com\/es\/seattle\/food-poisoning-lawyer\/\" \/>\n<meta property=\"og:site_name\" content=\"Premier Law Group\" \/>\n<meta property=\"article:publisher\" content=\"https:\/\/www.facebook.com\/premierlawgroup\" \/>\n<meta property=\"article:modified_time\" content=\"2025-04-30T22:22:02+00:00\" \/>\n<meta property=\"og:image\" content=\"https:\/\/plg-pllc.com\/wp-content\/uploads\/2021\/07\/stomach-3532098_1920.jpg\" \/>\n\t<meta property=\"og:image:width\" content=\"1920\" \/>\n\t<meta property=\"og:image:height\" content=\"811\" \/>\n\t<meta property=\"og:image:type\" content=\"image\/jpeg\" \/>\n<meta name=\"twitter:card\" content=\"summary_large_image\" \/>\n<meta name=\"twitter:site\" content=\"@premierlawgroup\" \/>\n<meta name=\"twitter:label1\" content=\"Tiempo de lectura\" \/>\n\t<meta name=\"twitter:data1\" content=\"6 minutos\" \/>\n<script type=\"application\/ld+json\" class=\"yoast-schema-graph\">{\"@context\":\"https:\\\/\\\/schema.org\",\"@graph\":[{\"@type\":\"WebPage\",\"@id\":\"https:\\\/\\\/plg-pllc.com\\\/seattle\\\/food-poisoning-lawyer\\\/\",\"url\":\"https:\\\/\\\/plg-pllc.com\\\/seattle\\\/food-poisoning-lawyer\\\/\",\"name\":\"Food Poisoning Lawyer in Seattle | Free Case Review\",\"isPartOf\":{\"@id\":\"https:\\\/\\\/plg-pllc.com\\\/#website\"},\"primaryImageOfPage\":{\"@id\":\"https:\\\/\\\/plg-pllc.com\\\/seattle\\\/food-poisoning-lawyer\\\/#primaryimage\"},\"image\":{\"@id\":\"https:\\\/\\\/plg-pllc.com\\\/seattle\\\/food-poisoning-lawyer\\\/#primaryimage\"},\"thumbnailUrl\":\"https:\\\/\\\/plg-pllc.com\\\/wp-content\\\/uploads\\\/2021\\\/07\\\/stomach-3532098_1920.jpg\",\"datePublished\":\"2021-07-29T19:59:35+00:00\",\"dateModified\":\"2025-04-30T22:22:02+00:00\",\"description\":\"Seattle Food Poisoning Lawyer: Premier Law Group helps you unlock the full compensation you deserve. No Fee Unless We Win.\",\"breadcrumb\":{\"@id\":\"https:\\\/\\\/plg-pllc.com\\\/seattle\\\/food-poisoning-lawyer\\\/#breadcrumb\"},\"inLanguage\":\"es\",\"potentialAction\":[{\"@type\":\"ReadAction\",\"target\":[\"https:\\\/\\\/plg-pllc.com\\\/seattle\\\/food-poisoning-lawyer\\\/\"]}]},{\"@type\":\"ImageObject\",\"inLanguage\":\"es\",\"@id\":\"https:\\\/\\\/plg-pllc.com\\\/seattle\\\/food-poisoning-lawyer\\\/#primaryimage\",\"url\":\"https:\\\/\\\/plg-pllc.com\\\/wp-content\\\/uploads\\\/2021\\\/07\\\/stomach-3532098_1920.jpg\",\"contentUrl\":\"https:\\\/\\\/plg-pllc.com\\\/wp-content\\\/uploads\\\/2021\\\/07\\\/stomach-3532098_1920.jpg\",\"width\":1920,\"height\":811,\"caption\":\"Man clenching his stomach from a foodborne illness\"},{\"@type\":\"BreadcrumbList\",\"@id\":\"https:\\\/\\\/plg-pllc.com\\\/seattle\\\/food-poisoning-lawyer\\\/#breadcrumb\",\"itemListElement\":[{\"@type\":\"ListItem\",\"position\":1,\"name\":\"Home\",\"item\":\"https:\\\/\\\/plg-pllc.com\\\/es\\\/\"},{\"@type\":\"ListItem\",\"position\":2,\"name\":\"Seattle Personal Injury Lawyer\",\"item\":\"https:\\\/\\\/plg-pllc.com\\\/es\\\/seattle\\\/personal-injury-lawyer\\\/\"},{\"@type\":\"ListItem\",\"position\":3,\"name\":\"Seattle Food Poisoning Lawyer\"}]},{\"@type\":\"WebSite\",\"@id\":\"https:\\\/\\\/plg-pllc.com\\\/#website\",\"url\":\"https:\\\/\\\/plg-pllc.com\\\/\",\"name\":\"Premier Law Group\",\"description\":\"Washington Wrongful Death and Serious Injury Lawyer\",\"publisher\":{\"@id\":\"https:\\\/\\\/plg-pllc.com\\\/#organization\"},\"inLanguage\":\"es\"},{\"@type\":\"Organization\",\"@id\":\"https:\\\/\\\/plg-pllc.com\\\/#organization\",\"name\":\"Premier Law Group\",\"url\":\"https:\\\/\\\/plg-pllc.com\\\/\",\"logo\":{\"@type\":\"ImageObject\",\"inLanguage\":\"es\",\"@id\":\"https:\\\/\\\/plg-pllc.com\\\/#\\\/schema\\\/logo\\\/image\\\/\",\"url\":\"https:\\\/\\\/plg-pllc.com\\\/wp-content\\\/uploads\\\/2020\\\/10\\\/plg-logo-v2.gif\",\"contentUrl\":\"https:\\\/\\\/plg-pllc.com\\\/wp-content\\\/uploads\\\/2020\\\/10\\\/plg-logo-v2.gif\",\"width\":592,\"height\":191,\"caption\":\"Premier Law Group\"},\"image\":{\"@id\":\"https:\\\/\\\/plg-pllc.com\\\/#\\\/schema\\\/logo\\\/image\\\/\"},\"sameAs\":[\"https:\\\/\\\/www.facebook.com\\\/premierlawgroup\",\"https:\\\/\\\/x.com\\\/premierlawgroup\"]}]}<\/script>\n<!-- \/ Yoast SEO plugin. -->","yoast_head_json":{"title":"Abogado de intoxicaci\u00f3n alimentaria en Seattle | Revisi\u00f3n gratuita de casos","description":"Abogado de intoxicaci\u00f3n alimentaria en Seattle: Premier Law Group lo ayuda a obtener la compensaci\u00f3n total que merece. Sin honorarios a menos que ganemos.","robots":{"index":"index","follow":"follow","max-snippet":"max-snippet:-1","max-image-preview":"max-image-preview:large","max-video-preview":"max-video-preview:-1"},"canonical":"https:\/\/plg-pllc.com\/es\/seattle\/food-poisoning-lawyer\/","og_locale":"es_MX","og_type":"article","og_title":"Food Poisoning Lawyer in Seattle | Free Case Review","og_description":"Seattle Food Poisoning Lawyer: Premier Law Group helps you unlock the full compensation you deserve. No Fee Unless We Win.","og_url":"https:\/\/plg-pllc.com\/es\/seattle\/food-poisoning-lawyer\/","og_site_name":"Premier Law Group","article_publisher":"https:\/\/www.facebook.com\/premierlawgroup","article_modified_time":"2025-04-30T22:22:02+00:00","og_image":[{"width":1920,"height":811,"url":"https:\/\/plg-pllc.com\/wp-content\/uploads\/2021\/07\/stomach-3532098_1920.jpg","type":"image\/jpeg"}],"twitter_card":"summary_large_image","twitter_site":"@premierlawgroup","twitter_misc":{"Tiempo de lectura":"6 minutos"},"schema":{"@context":"https:\/\/schema.org","@graph":[{"@type":"WebPage","@id":"https:\/\/plg-pllc.com\/seattle\/food-poisoning-lawyer\/","url":"https:\/\/plg-pllc.com\/seattle\/food-poisoning-lawyer\/","name":"Abogado de intoxicaci\u00f3n alimentaria en Seattle | Revisi\u00f3n gratuita de casos","isPartOf":{"@id":"https:\/\/plg-pllc.com\/#website"},"primaryImageOfPage":{"@id":"https:\/\/plg-pllc.com\/seattle\/food-poisoning-lawyer\/#primaryimage"},"image":{"@id":"https:\/\/plg-pllc.com\/seattle\/food-poisoning-lawyer\/#primaryimage"},"thumbnailUrl":"https:\/\/plg-pllc.com\/wp-content\/uploads\/2021\/07\/stomach-3532098_1920.jpg","datePublished":"2021-07-29T19:59:35+00:00","dateModified":"2025-04-30T22:22:02+00:00","description":"Abogado de intoxicaci\u00f3n alimentaria en Seattle: Premier Law Group lo ayuda a obtener la compensaci\u00f3n total que merece. Sin honorarios a menos que ganemos.","breadcrumb":{"@id":"https:\/\/plg-pllc.com\/seattle\/food-poisoning-lawyer\/#breadcrumb"},"inLanguage":"es","potentialAction":[{"@type":"ReadAction","target":["https:\/\/plg-pllc.com\/seattle\/food-poisoning-lawyer\/"]}]},{"@type":"ImageObject","inLanguage":"es","@id":"https:\/\/plg-pllc.com\/seattle\/food-poisoning-lawyer\/#primaryimage","url":"https:\/\/plg-pllc.com\/wp-content\/uploads\/2021\/07\/stomach-3532098_1920.jpg","contentUrl":"https:\/\/plg-pllc.com\/wp-content\/uploads\/2021\/07\/stomach-3532098_1920.jpg","width":1920,"height":811,"caption":"Man clenching his stomach from a foodborne illness"},{"@type":"BreadcrumbList","@id":"https:\/\/plg-pllc.com\/seattle\/food-poisoning-lawyer\/#breadcrumb","itemListElement":[{"@type":"ListItem","position":1,"name":"Home","item":"https:\/\/plg-pllc.com\/es\/"},{"@type":"ListItem","position":2,"name":"Seattle Personal Injury Lawyer","item":"https:\/\/plg-pllc.com\/es\/seattle\/personal-injury-lawyer\/"},{"@type":"ListItem","position":3,"name":"Seattle Food Poisoning Lawyer"}]},{"@type":"WebSite","@id":"https:\/\/plg-pllc.com\/#website","url":"https:\/\/plg-pllc.com\/","name":"Grupo de abogados Premier","description":"Abogado de muerte por negligencia y lesiones graves en Washington","publisher":{"@id":"https:\/\/plg-pllc.com\/#organization"},"inLanguage":"es"},{"@type":"Organization","@id":"https:\/\/plg-pllc.com\/#organization","name":"Grupo de abogados Premier","url":"https:\/\/plg-pllc.com\/","logo":{"@type":"ImageObject","inLanguage":"es","@id":"https:\/\/plg-pllc.com\/#\/schema\/logo\/image\/","url":"https:\/\/plg-pllc.com\/wp-content\/uploads\/2020\/10\/plg-logo-v2.gif","contentUrl":"https:\/\/plg-pllc.com\/wp-content\/uploads\/2020\/10\/plg-logo-v2.gif","width":592,"height":191,"caption":"Premier Law Group"},"image":{"@id":"https:\/\/plg-pllc.com\/#\/schema\/logo\/image\/"},"sameAs":["https:\/\/www.facebook.com\/premierlawgroup","https:\/\/x.com\/premierlawgroup"]}]}},"_links":{"self":[{"href":"https:\/\/plg-pllc.com\/es\/wp-json\/wp\/v2\/pages\/18681","targetHints":{"allow":["GET"]}}],"collection":[{"href":"https:\/\/plg-pllc.com\/es\/wp-json\/wp\/v2\/pages"}],"about":[{"href":"https:\/\/plg-pllc.com\/es\/wp-json\/wp\/v2\/types\/page"}],"author":[{"embeddable":true,"href":"https:\/\/plg-pllc.com\/es\/wp-json\/wp\/v2\/users\/24"}],"replies":[{"embeddable":true,"href":"https:\/\/plg-pllc.com\/es\/wp-json\/wp\/v2\/comments?post=18681"}],"version-history":[{"count":0,"href":"https:\/\/plg-pllc.com\/es\/wp-json\/wp\/v2\/pages\/18681\/revisions"}],"up":[{"embeddable":true,"href":"https:\/\/plg-pllc.com\/es\/wp-json\/wp\/v2\/pages\/20122"}],"wp:featuredmedia":[{"embeddable":true,"href":"https:\/\/plg-pllc.com\/es\/wp-json\/wp\/v2\/media\/18702"}],"wp:attachment":[{"href":"https:\/\/plg-pllc.com\/es\/wp-json\/wp\/v2\/media?parent=18681"}],"wp:term":[{"taxonomy":"hc_faqs","embeddable":true,"href":"https:\/\/plg-pllc.com\/es\/wp-json\/wp\/v2\/hc_faqs?post=18681"}],"curies":[{"name":"gracias","href":"https:\/\/api.w.org\/{rel}","templated":true}]}}