{"id":18729,"date":"2021-08-20T11:42:10","date_gmt":"2021-08-20T18:42:10","guid":{"rendered":"https:\/\/plg-pllc.com\/?page_id=18729"},"modified":"2024-10-18T08:21:34","modified_gmt":"2024-10-18T15:21:34","slug":"surgery-information-provided-by-seattle-accident-lawyers","status":"publish","type":"page","link":"https:\/\/plg-pllc.com\/es\/blog\/surgery-information-provided-by-seattle-accident-lawyers\/","title":{"rendered":"Informaci\u00f3n sobre cirug\u00edas proporcionada por abogados especializados en accidentes de Seattle"},"content":{"rendered":"<h2 class=\"wp-block-heading\" id=\"h-speak-with-a-seattle-injury-attorney-for-legal-help\"><strong>Hable con un abogado especializado en lesiones personales de Seattle para obtener ayuda legal<\/strong><\/h2>\r\n\r\n\r\n\r\n<p>En <a href=\"https:\/\/plg-pllc.com\/about-us\/why-are-we-different\/\">Grupo de abogados Premier<\/a>Nos preocupamos por nuestros clientes y su recuperaci\u00f3n. La recuperaci\u00f3n es diferente para cada persona. Sin embargo, es importante en todos los casos centrarse en recuperarse despu\u00e9s de una lesi\u00f3n personal. Por eso, en Premier Law Group nos proponemos ofrecer a nuestros clientes la mejor informaci\u00f3n sobre cirug\u00edas.<\/p>\r\n\r\n\r\n\r\n<p>Por supuesto, el <a href=\"https:\/\/plg-pllc.com\/seattle\/personal-injury-lawyer\/\">Abogados de lesiones personales en Seattle<\/a> En Premier Law Group no somos m\u00e9dicos. Sin embargo, podemos orientarlo en la direcci\u00f3n correcta para cualquier pregunta que pueda tener.<\/p>\r\n\r\n\r\n\r\n<h2 class=\"wp-block-heading\" id=\"h-inpatient-and-outpatient-care\"><strong>Atenci\u00f3n ambulatoria y hospitalaria<\/strong><\/h2>\r\n\r\n\r\n\r\n<p>Es importante buscar tratamiento m\u00e9dico inmediatamente despu\u00e9s de un accidente. Tambi\u00e9n es importante tener informaci\u00f3n sobre las instalaciones quir\u00fargicas disponibles.\u00a0<\/p>\r\n\r\n\r\n\r\n<ul class=\"wp-block-list\">\r\n<li><strong>Atenci\u00f3n ambulatoria: <\/strong>Esta atenci\u00f3n se brinda a aquellas personas que no han sido ingresadas en un centro. La atenci\u00f3n ambulatoria puede realizarse en el consultorio de un m\u00e9dico, en el hogar del paciente o en un centro de tratamiento. Si una persona sufre un accidente, se le pueden realizar radiograf\u00edas o una resonancia magn\u00e9tica en un centro de atenci\u00f3n ambulatoria. Tambi\u00e9n es posible que los pacientes reciban un yeso o una f\u00e9rula en un centro de atenci\u00f3n ambulatoria.<\/li>\r\n<li><strong>Atenci\u00f3n de urgencias<\/strong>:En estos centros se brinda tratamiento para afecciones que requieren atenci\u00f3n m\u00e9dica inmediata, pero no son emergencias. Algunos ejemplos incluyen esguinces o quemaduras leves a causa de un accidente.<\/li>\r\n<li><strong>Hospitalizaci\u00f3n ambulatoria<\/strong>:Esta atenci\u00f3n hace uso de equipos y experiencia hospitalarios durante la visita, sin embargo, se realiza sin el gasto ni la interrupci\u00f3n de una estad\u00eda de una noche. Los reemplazos de cadera son un ejemplo com\u00fan de un procedimiento disponible en centros de atenci\u00f3n ambulatoria.<\/li>\r\n<li><strong>Atenci\u00f3n hospitalaria<\/strong>:Esto suele ser necesario para servicios de diagn\u00f3stico, quir\u00fargicos o terap\u00e9uticos importantes. La atenci\u00f3n hospitalaria dentro de un hospital se da cuando es necesaria una supervisi\u00f3n estrecha. Esta atenci\u00f3n permite que una variedad de \u00e1reas de la medicina se unan para ayudar al paciente durante el proceso de curaci\u00f3n. Sin embargo, a veces un paciente pasar\u00e1 la noche en una sala de emergencias como paciente ambulatorio, seg\u00fan su plan de seguro.<\/li>\r\n<li><strong>Atenci\u00f3n sanitaria domiciliaria<\/strong>:Los pacientes pueden necesitar atenci\u00f3n m\u00e9dica domiciliaria seg\u00fan su movilidad despu\u00e9s de un accidente. Es para aquellos que est\u00e1n confinados en sus hogares. Estos servicios son para aquellos que no necesitan atenci\u00f3n hospitalaria a tiempo completo, pero que necesitan servicios de enfermer\u00eda y fisioterapia. Tambi\u00e9n se encuentran disponibles suministros m\u00e9dicos espec\u00edficos y servicios ambulatorios en la atenci\u00f3n m\u00e9dica domiciliaria.<\/li>\r\n<li><strong>Hospicio<\/strong>:Se trata de un tipo de atenci\u00f3n que proporciona cuidados de apoyo a enfermos terminales.<\/li>\r\n<\/ul>\r\n\r\n\r\n\r\n<h2 class=\"wp-block-heading\" id=\"h-preparing-for-surgery\"><strong>Preparaci\u00f3n para la cirug\u00eda<\/strong><\/h2>\r\n\r\n\r\n\r\n<p>Sufrir un accidente provocado por la negligencia de otra persona puede ser perjudicial. El proceso de curaci\u00f3n probablemente implique una cirug\u00eda, por lo que es importante tener informaci\u00f3n sobre la cirug\u00eda y saber qu\u00e9 esperar antes de entrar al quir\u00f3fano.<\/p>\r\n\r\n\r\n\r\n<p>Adem\u00e1s, la preparaci\u00f3n y la recuperaci\u00f3n de una cirug\u00eda pueden ser dif\u00edciles. Sin embargo, contar con un ser querido durante el proceso puede hacer que las cosas sean mucho m\u00e1s f\u00e1ciles.<\/p>\r\n\r\n\r\n\r\n<p>Adem\u00e1s, los cirujanos deben estar al tanto de cualquier alergia o medicaci\u00f3n que est\u00e9 tomando actualmente. Tambi\u00e9n es importante crear un plan sobre los tipos de anestesia. Los anestesi\u00f3logos le explicar\u00e1n c\u00f3mo se puede sentir antes y despu\u00e9s de la cirug\u00eda. Tambi\u00e9n es com\u00fan que los pacientes no coman nada el d\u00eda de la cirug\u00eda. Un cirujano tambi\u00e9n puede pedirles que no tomen ibuprofeno u otros medicamentos que diluyan la sangre. Tambi\u00e9n ser\u00e1 necesario que se quiten las joyas, los aud\u00edfonos y las lentillas. Sin embargo, recibir\u00e1n todos estos elementos nuevamente despu\u00e9s de la cirug\u00eda.<\/p>\r\n\r\n\r\n\r\n<h2 class=\"wp-block-heading\" id=\"h-following-surgery\"><strong>Despu\u00e9s de la cirug\u00eda<\/strong><\/h2>\r\n\r\n\r\n\r\n<p>Una vez finalizada la cirug\u00eda, el paciente pasar\u00e1 a una sala de recuperaci\u00f3n, donde se ir\u00e1 despertando poco a poco. All\u00ed, las enfermeras lo vigilar\u00e1n y controlar\u00e1n sus signos vitales a medida que se vaya despertando. El paciente puede tardar varias horas en \u201cdespertarse\u201d de la anestesia, pero normalmente se despierta respirando por s\u00ed solo. Una vez que se despierta, puede comenzar el plan de manejo del dolor.<\/p>\r\n\r\n\r\n\r\n<p>Una escala del 1 al 10 y \u201ccaras de dolor\u201d pueden ayudar a los pacientes a describir sus niveles de dolor. Tambi\u00e9n es importante tomar analg\u00e9sicos si es necesario antes de realizar actividades que puedan causar m\u00e1s dolor. Aunque casi siempre hay dolor despu\u00e9s de una cirug\u00eda, el dolor no deber\u00eda impedir que el paciente se mueva o tosa. De hecho, los m\u00e9dicos suelen recomendar una tos profunda despu\u00e9s de despertarse para expandir los pulmones y ayudar a reducir la posibilidad de contraer neumon\u00eda.<\/p>\r\n\r\n\r\n\r\n<p>Adem\u00e1s, un resultado com\u00fan de la anestesia es el estre\u00f1imiento y la dificultad para orinar. Es com\u00fan que el sistema digestivo sea el \u00faltimo en \u201cdespertarse\u201d despu\u00e9s de la cirug\u00eda. Por ello, el cirujano puede recetar l\u00edquidos claros y un ablandador de heces. El cirujano tambi\u00e9n puede recetar anticoagulantes en este momento para prevenir la formaci\u00f3n de co\u00e1gulos de sangre mientras est\u00e1 acostado. Los pacientes tambi\u00e9n pueden recibir un plan de fisioterapia.<\/p>\r\n\r\n\r\n\r\n<p>Adem\u00e1s, las enfermeras hablar\u00e1n con el paciente sobre los medicamentos, el cuidado de las heridas y el ba\u00f1o. Antes de salir del hospital, tambi\u00e9n revisar\u00e1n los vendajes y las heridas para asegurarse de que el paciente pueda realizar tareas sencillas, como ponerse de pie, usar el ba\u00f1o y vestirse por s\u00ed solo.<\/p>\r\n\r\n\r\n\r\n<h2 class=\"wp-block-heading\" id=\"h-discharged-after-surgery\"><strong>Dado de alta despu\u00e9s de la cirug\u00eda<\/strong><\/h2>\r\n\r\n\r\n\r\n<p>Una vez que el paciente se encuentra lo suficientemente bien como para regresar a su hogar, se le dar\u00e1n instrucciones para el alta. Si necesita alg\u00fan art\u00edculo, como un tanque de ox\u00edgeno, una cama especial o una silla de ruedas, las enfermeras se encargar\u00e1n de su entrega. Sin embargo, un m\u00e9dico puede trasladar al paciente a un centro de rehabilitaci\u00f3n si no es posible satisfacer sus necesidades en su hogar.<\/p>\r\n\r\n\r\n\r\n<h3 class=\"wp-block-heading\" id=\"h-crutches\"><strong><em>Muletas<\/em><\/strong><\/h3>\r\n\r\n\r\n\r\n<p>Si un paciente necesita muletas, es importante que se ajusten adecuadamente a su altura. Las muletas deben estar entre 1 y 1,5 pulgadas por debajo de las axilas del paciente cuando est\u00e1 de pie. Los mangos tambi\u00e9n deben encontrarse a la altura de las caderas. Al caminar con muletas, la persona debe tener los codos ligeramente doblados para ayudar a equilibrar el peso.<\/p>\r\n\r\n\r\n\r\n<h3 class=\"wp-block-heading\" id=\"h-cane\"><strong><em>Ca\u00f1a<\/em><\/strong><\/h3>\r\n\r\n\r\n\r\n<p>Los bastones pueden ser una alternativa \u00fatil si una persona no est\u00e1 segura de mantener el equilibrio con muletas. Los bastones tambi\u00e9n ayudan si la persona tiene mala salud en general. La parte superior del bast\u00f3n debe estar al nivel de la mu\u00f1eca de la persona. Tambi\u00e9n es importante tener en cuenta que los pacientes deben sostener el bast\u00f3n del lado opuesto del cuerpo que necesita apoyo.<\/p>\r\n\r\n\r\n\r\n<p>Adem\u00e1s, es \u00fatil saber que cuando un paciente utiliza uno de estos dispositivos, la movilidad puede resultar dif\u00edcil al principio. Sin embargo, es importante reconocer que mejorar\u00e1. Al regresar a casa, ser\u00e1 necesario tener un cuidado especial en el hogar. Los pacientes pueden instalar una barra en la ducha o quitar las alfombras del ba\u00f1o para evitar resbalones. Tambi\u00e9n puede ser \u00fatil crear un \u00e1rea de dormitorio en la sala de estar si la persona vive en una casa de dos pisos.<\/p>\r\n\r\n\r\n\r\n<div class=\"wp-block-image\">\r\n<figure class=\"alignright size-thumbnail\"><img loading=\"lazy\" decoding=\"async\" width=\"150\" height=\"150\" class=\"wp-image-18672\" src=\"https:\/\/plg-pllc.com\/wp-content\/uploads\/2021\/07\/PLG-home-box1-150x150.jpg\" alt=\"Los mejores abogados de accidentes automovil\u00edsticos en Seattle Renton Bellevue y Federal Way\" \/><\/figure>\r\n<\/div>\r\n\r\n\r\n\r\n<h2 class=\"wp-block-heading\" id=\"h-contact-premier-law-group\"><strong>Comun\u00edquese con Premier Law Group<\/strong><\/h2>\r\n\r\n\r\n\r\n<p>Si tiene preguntas sobre informaci\u00f3n de cirug\u00eda, llame al <a href=\"https:\/\/plg-pllc.com\/seattle\/personal-injury-lawyer\/\">Abogados de lesiones personales en Seattle<\/a> En Premier Law Group, nuestros abogados especializados en lesiones personales pueden ayudarle a asegurarse de que reciba la informaci\u00f3n quir\u00fargica que merece despu\u00e9s de un accidente. Tambi\u00e9n queremos ayudarle a obtener la mejor recuperaci\u00f3n.<\/p>\r\n\r\n\r\n\r\n<p>Llame al 206.285.1743 hoy para hablar directamente con uno de nuestros abogados y comenzar su <a href=\"https:\/\/plg-pllc.com\/contact-us\/\">revisi\u00f3n de caso gratuita<\/a>Haremos todo lo posible para responder cualquier pregunta que pueda tener sobre la informaci\u00f3n de la cirug\u00eda. Como siempre, <a href=\"https:\/\/plg-pllc.com\/about-us\/zero-fee-guarantee\/\">No hay ning\u00fan costo a menos que ganemos su caso<\/a>.<\/p>","protected":false},"excerpt":{"rendered":"<p>Hable con un abogado especializado en lesiones de Seattle para obtener ayuda legal En Premier Law Group, nos preocupamos por nuestros clientes y su recuperaci\u00f3n. La recuperaci\u00f3n es diferente para cada persona. Sin embargo, es importante en cada caso concentrarse en recuperarse despu\u00e9s de una lesi\u00f3n personal. Es por eso que en Premier Law Group nos proponemos brindarles a nuestros clientes\u2026<\/p>","protected":false},"author":24,"featured_media":18297,"parent":7532,"menu_order":0,"comment_status":"closed","ping_status":"closed","template":"","meta":{"_acf_changed":false,"_genesis_hide_title":false,"_genesis_hide_breadcrumbs":false,"_genesis_hide_singular_image":false,"_genesis_hide_footer_widgets":false,"_genesis_custom_body_class":"","_genesis_custom_post_class":"","_genesis_layout":"","footnotes":""},"hc_faqs":[],"class_list":{"0":"post-18729","1":"page","2":"type-page","3":"status-publish","4":"has-post-thumbnail","6":"entry"},"acf":[],"yoast_head":"<!-- This site is optimized with the Yoast SEO plugin v27.4 - https:\/\/yoast.com\/product\/yoast-seo-wordpress\/ -->\n<title>Surgery Information Provided by Seattle Accident Lawyers<\/title>\n<meta name=\"description\" content=\"It&#039;s always a smart idea to seek medical treatment after an accident, but to do it&#039;s reasonable to want the proper surgery information first.\" \/>\n<meta name=\"robots\" content=\"index, follow, max-snippet:-1, max-image-preview:large, max-video-preview:-1\" \/>\n<link rel=\"canonical\" href=\"https:\/\/plg-pllc.com\/es\/blog\/surgery-information-provided-by-seattle-accident-lawyers\/\" \/>\n<meta property=\"og:locale\" content=\"es_MX\" \/>\n<meta property=\"og:type\" content=\"article\" \/>\n<meta property=\"og:title\" content=\"Surgery Information Provided by Seattle Accident Lawyers\" \/>\n<meta property=\"og:description\" content=\"It&#039;s always a smart idea to seek medical treatment after an accident, but to do it&#039;s reasonable to want the proper surgery information first.\" \/>\n<meta property=\"og:url\" content=\"https:\/\/plg-pllc.com\/es\/blog\/surgery-information-provided-by-seattle-accident-lawyers\/\" \/>\n<meta property=\"og:site_name\" content=\"Premier Law Group\" \/>\n<meta property=\"article:publisher\" content=\"https:\/\/www.facebook.com\/premierlawgroup\" \/>\n<meta property=\"article:modified_time\" content=\"2024-10-18T15:21:34+00:00\" \/>\n<meta property=\"og:image\" content=\"https:\/\/plg-pllc.com\/wp-content\/uploads\/2021\/03\/surgery-hospital-1.jpg\" \/>\n\t<meta property=\"og:image:width\" content=\"1920\" \/>\n\t<meta property=\"og:image:height\" content=\"643\" \/>\n\t<meta property=\"og:image:type\" content=\"image\/jpeg\" \/>\n<meta name=\"twitter:card\" content=\"summary_large_image\" \/>\n<meta name=\"twitter:site\" content=\"@premierlawgroup\" \/>\n<meta name=\"twitter:label1\" content=\"Tiempo de lectura\" \/>\n\t<meta name=\"twitter:data1\" content=\"6 minutos\" \/>\n<script type=\"application\/ld+json\" class=\"yoast-schema-graph\">{\"@context\":\"https:\\\/\\\/schema.org\",\"@graph\":[{\"@type\":\"WebPage\",\"@id\":\"https:\\\/\\\/plg-pllc.com\\\/blog\\\/surgery-information-provided-by-seattle-accident-lawyers\\\/\",\"url\":\"https:\\\/\\\/plg-pllc.com\\\/blog\\\/surgery-information-provided-by-seattle-accident-lawyers\\\/\",\"name\":\"Surgery Information Provided by Seattle Accident Lawyers\",\"isPartOf\":{\"@id\":\"https:\\\/\\\/plg-pllc.com\\\/#website\"},\"primaryImageOfPage\":{\"@id\":\"https:\\\/\\\/plg-pllc.com\\\/blog\\\/surgery-information-provided-by-seattle-accident-lawyers\\\/#primaryimage\"},\"image\":{\"@id\":\"https:\\\/\\\/plg-pllc.com\\\/blog\\\/surgery-information-provided-by-seattle-accident-lawyers\\\/#primaryimage\"},\"thumbnailUrl\":\"https:\\\/\\\/plg-pllc.com\\\/wp-content\\\/uploads\\\/2021\\\/03\\\/surgery-hospital-1.jpg\",\"datePublished\":\"2021-08-20T18:42:10+00:00\",\"dateModified\":\"2024-10-18T15:21:34+00:00\",\"description\":\"It's always a smart idea to seek medical treatment after an accident, but to do it's reasonable to want the proper surgery information first.\",\"breadcrumb\":{\"@id\":\"https:\\\/\\\/plg-pllc.com\\\/blog\\\/surgery-information-provided-by-seattle-accident-lawyers\\\/#breadcrumb\"},\"inLanguage\":\"es\",\"potentialAction\":[{\"@type\":\"ReadAction\",\"target\":[\"https:\\\/\\\/plg-pllc.com\\\/blog\\\/surgery-information-provided-by-seattle-accident-lawyers\\\/\"]}]},{\"@type\":\"ImageObject\",\"inLanguage\":\"es\",\"@id\":\"https:\\\/\\\/plg-pllc.com\\\/blog\\\/surgery-information-provided-by-seattle-accident-lawyers\\\/#primaryimage\",\"url\":\"https:\\\/\\\/plg-pllc.com\\\/wp-content\\\/uploads\\\/2021\\\/03\\\/surgery-hospital-1.jpg\",\"contentUrl\":\"https:\\\/\\\/plg-pllc.com\\\/wp-content\\\/uploads\\\/2021\\\/03\\\/surgery-hospital-1.jpg\",\"width\":1920,\"height\":643,\"caption\":\"Surgery information\"},{\"@type\":\"BreadcrumbList\",\"@id\":\"https:\\\/\\\/plg-pllc.com\\\/blog\\\/surgery-information-provided-by-seattle-accident-lawyers\\\/#breadcrumb\",\"itemListElement\":[{\"@type\":\"ListItem\",\"position\":1,\"name\":\"Home\",\"item\":\"https:\\\/\\\/plg-pllc.com\\\/es\\\/\"},{\"@type\":\"ListItem\",\"position\":2,\"name\":\"Blog\",\"item\":\"https:\\\/\\\/plg-pllc.com\\\/es\\\/blog\\\/\"},{\"@type\":\"ListItem\",\"position\":3,\"name\":\"Surgery Information Provided by Seattle Accident Lawyers\"}]},{\"@type\":\"WebSite\",\"@id\":\"https:\\\/\\\/plg-pllc.com\\\/#website\",\"url\":\"https:\\\/\\\/plg-pllc.com\\\/\",\"name\":\"Premier Law Group\",\"description\":\"Washington Wrongful Death and Serious Injury Lawyer\",\"publisher\":{\"@id\":\"https:\\\/\\\/plg-pllc.com\\\/#organization\"},\"inLanguage\":\"es\"},{\"@type\":\"Organization\",\"@id\":\"https:\\\/\\\/plg-pllc.com\\\/#organization\",\"name\":\"Premier Law Group\",\"url\":\"https:\\\/\\\/plg-pllc.com\\\/\",\"logo\":{\"@type\":\"ImageObject\",\"inLanguage\":\"es\",\"@id\":\"https:\\\/\\\/plg-pllc.com\\\/#\\\/schema\\\/logo\\\/image\\\/\",\"url\":\"https:\\\/\\\/plg-pllc.com\\\/wp-content\\\/uploads\\\/2020\\\/10\\\/plg-logo-v2.gif\",\"contentUrl\":\"https:\\\/\\\/plg-pllc.com\\\/wp-content\\\/uploads\\\/2020\\\/10\\\/plg-logo-v2.gif\",\"width\":592,\"height\":191,\"caption\":\"Premier Law Group\"},\"image\":{\"@id\":\"https:\\\/\\\/plg-pllc.com\\\/#\\\/schema\\\/logo\\\/image\\\/\"},\"sameAs\":[\"https:\\\/\\\/www.facebook.com\\\/premierlawgroup\",\"https:\\\/\\\/x.com\\\/premierlawgroup\"]}]}<\/script>\n<!-- \/ Yoast SEO plugin. -->","yoast_head_json":{"title":"Informaci\u00f3n sobre cirug\u00edas proporcionada por abogados especializados en accidentes de Seattle","description":"Siempre es una buena idea buscar tratamiento m\u00e9dico despu\u00e9s de un accidente, pero para hacerlo es razonable querer primero obtener la informaci\u00f3n quir\u00fargica adecuada.","robots":{"index":"index","follow":"follow","max-snippet":"max-snippet:-1","max-image-preview":"max-image-preview:large","max-video-preview":"max-video-preview:-1"},"canonical":"https:\/\/plg-pllc.com\/es\/blog\/surgery-information-provided-by-seattle-accident-lawyers\/","og_locale":"es_MX","og_type":"article","og_title":"Surgery Information Provided by Seattle Accident Lawyers","og_description":"It's always a smart idea to seek medical treatment after an accident, but to do it's reasonable to want the proper surgery information first.","og_url":"https:\/\/plg-pllc.com\/es\/blog\/surgery-information-provided-by-seattle-accident-lawyers\/","og_site_name":"Premier Law Group","article_publisher":"https:\/\/www.facebook.com\/premierlawgroup","article_modified_time":"2024-10-18T15:21:34+00:00","og_image":[{"width":1920,"height":643,"url":"https:\/\/plg-pllc.com\/wp-content\/uploads\/2021\/03\/surgery-hospital-1.jpg","type":"image\/jpeg"}],"twitter_card":"summary_large_image","twitter_site":"@premierlawgroup","twitter_misc":{"Tiempo de lectura":"6 minutos"},"schema":{"@context":"https:\/\/schema.org","@graph":[{"@type":"WebPage","@id":"https:\/\/plg-pllc.com\/blog\/surgery-information-provided-by-seattle-accident-lawyers\/","url":"https:\/\/plg-pllc.com\/blog\/surgery-information-provided-by-seattle-accident-lawyers\/","name":"Informaci\u00f3n sobre cirug\u00edas proporcionada por abogados especializados en accidentes de Seattle","isPartOf":{"@id":"https:\/\/plg-pllc.com\/#website"},"primaryImageOfPage":{"@id":"https:\/\/plg-pllc.com\/blog\/surgery-information-provided-by-seattle-accident-lawyers\/#primaryimage"},"image":{"@id":"https:\/\/plg-pllc.com\/blog\/surgery-information-provided-by-seattle-accident-lawyers\/#primaryimage"},"thumbnailUrl":"https:\/\/plg-pllc.com\/wp-content\/uploads\/2021\/03\/surgery-hospital-1.jpg","datePublished":"2021-08-20T18:42:10+00:00","dateModified":"2024-10-18T15:21:34+00:00","description":"Siempre es una buena idea buscar tratamiento m\u00e9dico despu\u00e9s de un accidente, pero para hacerlo es razonable querer primero obtener la informaci\u00f3n quir\u00fargica adecuada.","breadcrumb":{"@id":"https:\/\/plg-pllc.com\/blog\/surgery-information-provided-by-seattle-accident-lawyers\/#breadcrumb"},"inLanguage":"es","potentialAction":[{"@type":"ReadAction","target":["https:\/\/plg-pllc.com\/blog\/surgery-information-provided-by-seattle-accident-lawyers\/"]}]},{"@type":"ImageObject","inLanguage":"es","@id":"https:\/\/plg-pllc.com\/blog\/surgery-information-provided-by-seattle-accident-lawyers\/#primaryimage","url":"https:\/\/plg-pllc.com\/wp-content\/uploads\/2021\/03\/surgery-hospital-1.jpg","contentUrl":"https:\/\/plg-pllc.com\/wp-content\/uploads\/2021\/03\/surgery-hospital-1.jpg","width":1920,"height":643,"caption":"Surgery information"},{"@type":"BreadcrumbList","@id":"https:\/\/plg-pllc.com\/blog\/surgery-information-provided-by-seattle-accident-lawyers\/#breadcrumb","itemListElement":[{"@type":"ListItem","position":1,"name":"Home","item":"https:\/\/plg-pllc.com\/es\/"},{"@type":"ListItem","position":2,"name":"Blog","item":"https:\/\/plg-pllc.com\/es\/blog\/"},{"@type":"ListItem","position":3,"name":"Surgery Information Provided by Seattle Accident Lawyers"}]},{"@type":"WebSite","@id":"https:\/\/plg-pllc.com\/#website","url":"https:\/\/plg-pllc.com\/","name":"Grupo de abogados Premier","description":"Abogado de muerte por negligencia y lesiones graves en Washington","publisher":{"@id":"https:\/\/plg-pllc.com\/#organization"},"inLanguage":"es"},{"@type":"Organization","@id":"https:\/\/plg-pllc.com\/#organization","name":"Grupo de abogados Premier","url":"https:\/\/plg-pllc.com\/","logo":{"@type":"ImageObject","inLanguage":"es","@id":"https:\/\/plg-pllc.com\/#\/schema\/logo\/image\/","url":"https:\/\/plg-pllc.com\/wp-content\/uploads\/2020\/10\/plg-logo-v2.gif","contentUrl":"https:\/\/plg-pllc.com\/wp-content\/uploads\/2020\/10\/plg-logo-v2.gif","width":592,"height":191,"caption":"Premier Law Group"},"image":{"@id":"https:\/\/plg-pllc.com\/#\/schema\/logo\/image\/"},"sameAs":["https:\/\/www.facebook.com\/premierlawgroup","https:\/\/x.com\/premierlawgroup"]}]}},"_links":{"self":[{"href":"https:\/\/plg-pllc.com\/es\/wp-json\/wp\/v2\/pages\/18729","targetHints":{"allow":["GET"]}}],"collection":[{"href":"https:\/\/plg-pllc.com\/es\/wp-json\/wp\/v2\/pages"}],"about":[{"href":"https:\/\/plg-pllc.com\/es\/wp-json\/wp\/v2\/types\/page"}],"author":[{"embeddable":true,"href":"https:\/\/plg-pllc.com\/es\/wp-json\/wp\/v2\/users\/24"}],"replies":[{"embeddable":true,"href":"https:\/\/plg-pllc.com\/es\/wp-json\/wp\/v2\/comments?post=18729"}],"version-history":[{"count":0,"href":"https:\/\/plg-pllc.com\/es\/wp-json\/wp\/v2\/pages\/18729\/revisions"}],"up":[{"embeddable":true,"href":"https:\/\/plg-pllc.com\/es\/wp-json\/wp\/v2\/pages\/7532"}],"wp:featuredmedia":[{"embeddable":true,"href":"https:\/\/plg-pllc.com\/es\/wp-json\/wp\/v2\/media\/18297"}],"wp:attachment":[{"href":"https:\/\/plg-pllc.com\/es\/wp-json\/wp\/v2\/media?parent=18729"}],"wp:term":[{"taxonomy":"hc_faqs","embeddable":true,"href":"https:\/\/plg-pllc.com\/es\/wp-json\/wp\/v2\/hc_faqs?post=18729"}],"curies":[{"name":"gracias","href":"https:\/\/api.w.org\/{rel}","templated":true}]}}