{"id":18730,"date":"2021-08-25T10:09:46","date_gmt":"2021-08-25T17:09:46","guid":{"rendered":"https:\/\/plg-pllc.com\/?page_id=18730"},"modified":"2025-02-14T14:10:07","modified_gmt":"2025-02-14T22:10:07","slug":"amusement-park","status":"publish","type":"page","link":"https:\/\/plg-pllc.com\/es\/seattle\/child-injury-lawyer\/amusement-park\/","title":{"rendered":"Abogado de lesiones en parques de atracciones de Seattle"},"content":{"rendered":"<h2 id=\"h-liability-for-theme-park-accidents\" class=\"wp-block-heading\"><strong>Responsabilidad por accidentes en parques tem\u00e1ticos<\/strong><\/h2>\r\n\r\n\r\n<div class=\"wp-block-image\">\r\n<figure class=\"alignleft size-medium is-resized\"><img loading=\"lazy\" decoding=\"async\" class=\"wp-image-18734\" src=\"https:\/\/plg-pllc.com\/wp-content\/uploads\/2021\/08\/carousel-4500761_1920-201x300.jpg\" alt=\"Imagen de una atracci\u00f3n del parque de atracciones\" width=\"151\" height=\"225\" srcset=\"https:\/\/plg-pllc.com\/wp-content\/uploads\/2021\/08\/carousel-4500761_1920-201x300.jpg 201w, https:\/\/plg-pllc.com\/wp-content\/uploads\/2021\/08\/carousel-4500761_1920-685x1024.jpg 685w, https:\/\/plg-pllc.com\/wp-content\/uploads\/2021\/08\/carousel-4500761_1920-768x1148.jpg 768w, https:\/\/plg-pllc.com\/wp-content\/uploads\/2021\/08\/carousel-4500761_1920-1028x1536.jpg 1028w, https:\/\/plg-pllc.com\/wp-content\/uploads\/2021\/08\/carousel-4500761_1920-640x956.jpg 640w, https:\/\/plg-pllc.com\/wp-content\/uploads\/2021\/08\/carousel-4500761_1920-1024x1530.jpg 1024w, https:\/\/plg-pllc.com\/wp-content\/uploads\/2021\/08\/carousel-4500761_1920-1200x1793.jpg 1200w, https:\/\/plg-pllc.com\/wp-content\/uploads\/2021\/08\/carousel-4500761_1920-134x200.jpg 134w, https:\/\/plg-pllc.com\/wp-content\/uploads\/2021\/08\/carousel-4500761_1920.jpg 1285w\" sizes=\"auto, (max-width: 151px) 100vw, 151px\" \/><\/figure>\r\n<\/div>\r\n\r\n\r\n<p>Cada a\u00f1o, la gente va a los parques de atracciones para disfrutar de todo tipo de atracciones, desde monta\u00f1as rusas hasta atracciones acu\u00e1ticas y norias. Aunque la mayor\u00eda de las atracciones son seguras y solo crean la ilusi\u00f3n de peligro, un descuido o un mal funcionamiento mec\u00e1nico pueden convertir una atracci\u00f3n del parque de atracciones en un peligro.<\/p>\r\n\r\n\r\n\r\n<p>Si usted o un ser querido ha sufrido lesiones o algo peor en un parque de diversiones en Washington, comun\u00edquese con Premier Law Group. Nuestros abogados especializados le brindar\u00e1n la ayuda que necesita despu\u00e9s de experimentar un incidente tan traum\u00e1tico. Nuestros abogados de lesiones de Seattle tienen la experiencia y los recursos para buscar una compensaci\u00f3n completa y justa en su nombre. Llame al 206.285.1743 hoy para hablar directamente con un abogado y comenzar la revisi\u00f3n gratuita de su caso.<\/p>\r\n\r\n\r\n\r\n<h2 class=\"wp-block-heading\"><strong>\u00bfQui\u00e9n es responsable de un accidente en un parque de atracciones en Seattle?<\/strong><\/h2>\r\n\r\n\r\n\r\n<p>Los accidentes en parques de atracciones pueden ser el resultado de varias cosas. A continuaci\u00f3n, se enumeran algunas de las razones por las que pueden ocurrir estos accidentes:<\/p>\r\n\r\n\r\n\r\n<ul class=\"wp-block-list\">\r\n<li>Equipo de seguridad defectuoso<\/li>\r\n\r\n\r\n\r\n<li>Falla el\u00e9ctrica<\/li>\r\n\r\n\r\n\r\n<li>Empleados mal capacitados<\/li>\r\n\r\n\r\n\r\n<li>Dise\u00f1o inherentemente peligroso<\/li>\r\n\r\n\r\n\r\n<li>Falta de se\u00f1ales de advertencia<\/li>\r\n\r\n\r\n\r\n<li>Falla mec\u00e1nica<\/li>\r\n\r\n\r\n\r\n<li>Seguridad negligente<\/li>\r\n\r\n\r\n\r\n<li>Mal mantenimiento<\/li>\r\n<\/ul>\r\n\r\n\r\n\r\n<p>Dependiendo de d\u00f3nde y c\u00f3mo ocurra un accidente dentro de un parque de diversiones, el propietario del parque de diversiones, el fabricante o dise\u00f1ador de la atracci\u00f3n o el operador de la atracci\u00f3n pueden ser considerados responsables. <a href=\"https:\/\/plg-pllc.com\/\">Equipo experimentado en Premier Law Group<\/a> Investigaremos los hechos que llevaron a tu accidente. Construiremos un caso s\u00f3lido en tu nombre para que obtengas una compensaci\u00f3n completa y justa. No deber\u00edas tener que enfrentarte solo a la parte culpable, y no lo tendr\u00e1s si Premier Law Group est\u00e1 de tu lado.<\/p>\r\n\r\n\r\n\r\n<h2 id=\"h-let-us-handle-the-amusement-park-representatives\" class=\"wp-block-heading\"><strong>D\u00e9janos encargarnos de los representantes del parque de atracciones<\/strong><\/h2>\r\n\r\n\r\n\r\n<p>Si usted o un miembro de su familia se lesion\u00f3 en un parque tem\u00e1tico o de diversiones, es probable que un representante del parque se haya comunicado con usted. Estos parques a menudo intentar\u00e1n resolver r\u00e1pidamente el problema y evitar que se haga p\u00fablico. Sin embargo, lo \u00faltimo de lo que deber\u00eda preocuparse es de negociar con la parte responsable la compensaci\u00f3n que le corresponde. Adem\u00e1s, es com\u00fan que los operadores de parques de diversiones oculten pruebas, nieguen su responsabilidad y ofrezcan acuerdos inadecuados. Es por eso que querr\u00e1 contar con un representante experimentado. <a href=\"https:\/\/plg-pllc.com\/seattle\/personal-injury-lawyer\/\">Abogado de accidentes en parques de atracciones de Seattle<\/a> De tu lado.<\/p>\r\n\r\n\r\n\r\n<p>En Premier Law Group evaluaremos sus da\u00f1os y le conseguiremos el dinero que necesita para cubrir costosas facturas m\u00e9dicas, salarios perdidos, dolor y m\u00e1s.<\/p>\r\n\r\n\r\n\r\n\n        <div class=\"rs-content-cta long\">\n            <p>Para una consulta legal GRATUITA con un abogado especializado en lesiones en parques de atracciones que preste servicios en Seattle, llame al <a href=\"tel:+12062851743\">(206) 285-1743 <\/a><\/p>\n            <a href=\"https:\/\/plg-pllc.com\/es\/contact-us\/\" title=\"OBTENGA UNA EVALUACI\u00d3N DE CASO GRATUITA\" class=\"btn-global\">OBTENGA UNA EVALUACI\u00d3N DE CASO GRATUITA<\/a>\n                    <picture>\n                            <source srcset=\"https:\/\/plg-pllc.com\/wp-content\/themes\/plg-pllc-redesign\/assets\/app\/img\/cta-thumb.webp\" type=\"image\/webp\"\/>\n                            <img src=\"https:\/\/plg-pllc.com\/wp-content\/themes\/plg-pllc-redesign\/assets\/app\/img\/cta-thumb.png\" alt=\"Grupo de abogados Premier\" title=\"Grupo de abogados Premier\" width=\"245\" height=\"220\" loading=\"auto\" fetchpriority=\"auto\" decoding=\"async\"\/>\n        <\/picture>\n        \n        <\/div><h2 id=\"h-the-premier-law-group-triple-guarantee\" class=\"wp-block-heading\"><strong>La triple garant\u00eda de Premier Law Group<\/strong><\/h2>\r\n\r\n\r\n\r\n<h3 id=\"h-what-is-the-triple-guarantee\" class=\"wp-block-heading\"><strong><em>\u00bfQu\u00e9 es la Triple Garant\u00eda?<\/em><\/strong><\/h3>\r\n\r\n\r\n\r\n<p>Nuestra Triple Garant\u00eda fue creada para brindar los servicios que los clientes desean sin complicaciones, largos tiempos de espera o sin obtener respuestas.<\/p>\r\n\r\n\r\n\r\n<h3 id=\"h-our-first-guarantee\" class=\"wp-block-heading\"><strong><em>Nuestra primera garant\u00eda<\/em><\/strong><\/h3>\r\n\r\n\r\n\r\n<p>Cuando te pongas en contacto <a href=\"https:\/\/plg-pllc.com\/about-us\/why-are-we-different\/\">Grupo de abogados Premier<\/a> Si tiene alguna pregunta sobre su caso de lesiones personales, hablar\u00e1 directamente con un abogado. Adem\u00e1s, le diremos con franqueza si necesita o no un abogado para resolver su reclamo. Usted merece respuestas. Nuestros abogados de lesiones personales est\u00e1n listos para hablar con usted durante nuestro horario de atenci\u00f3n.<\/p>\r\n\r\n\r\n\r\n<p>Ll\u00e1menos ahora para hablar con un abogado de lesiones personales de Seattle. Lo conectaremos con un abogado en su primera llamada. Nuestros abogados de lesiones personales tambi\u00e9n tienen a\u00f1os de experiencia ayudando <a href=\"https:\/\/plg-pllc.com\/seattle\/personal-injury-lawyer\/\">Lesi\u00f3n personal<\/a> V\u00edctimas en el \u00e1rea de Seattle resuelven reclamaciones.<\/p>\r\n\r\n\r\n\r\n<p>Adem\u00e1s, le proporcionaremos los recursos y las referencias que necesita para mantener el impulso en su caso.<\/p>\r\n\r\n\r\n\r\n<h3 id=\"h-our-second-guarantee\" class=\"wp-block-heading\"><strong><em>Nuestra segunda garant\u00eda<\/em><\/strong><\/h3>\r\n\r\n\r\n\r\n<p>Te proporcionaremos un \u201cPremier\u201d <a href=\"https:\/\/www.google.com\/search?q=premier+law+group+seattle&amp;rlz=1C1CHBF_enUS879US879&amp;oq=premier+law+group+seattle&amp;aqs=chrome..69i57j46i175i199j69i59j69i61l3j69i65.3582j1j9&amp;sourceid=chrome&amp;ie=UTF-8#lrd=0x54906b3300e98a39:0x80a64f5ade626230,1,,,\">Experiencia del cliente<\/a>Eso significa que recibir\u00e1 un servicio personalizado de abogados que est\u00e1n dispuestos a hacer un esfuerzo adicional para obtener la compensaci\u00f3n que usted merece.<\/p>\r\n\r\n\r\n\r\n<p>Contamos con muchos recursos que te ayudar\u00e1n a tomar decisiones importantes. Adem\u00e1s, a cada cliente se le asigna un punto de contacto mediante el m\u00e9todo de comunicaci\u00f3n que elija (mensaje de texto, tel\u00e9fono, correo electr\u00f3nico). Para nuestro equipo y nuestros clientes, la comunicaci\u00f3n es la parte m\u00e1s importante del trabajo en equipo. Tambi\u00e9n utilizamos tecnolog\u00eda moderna como DocuSign para ayudar a agilizar los procesos y ahorrar tiempo.<\/p>\r\n\r\n\r\n\r\n<h3 id=\"h-our-third-guarantee\" class=\"wp-block-heading\"><strong><em>Nuestra Tercera Garant\u00eda<\/em><\/strong><\/h3>\r\n\r\n\r\n\r\n<p>No tiene que pagar una tarifa a menos que ganemos su caso. Esa es nuestra &quot;<a href=\"https:\/\/plg-pllc.com\/about-us\/zero-fee-guarantee\/\">garant\u00eda de cero comisiones<\/a>&quot;.<\/p>\r\n\r\n\r\n\r\n<p>Una lesi\u00f3n personal puede ser costosa y es muy probable que necesite fondos para superar este proceso. Sin embargo, en Premier Law Group, confiamos en nuestra capacidad para ganar. Esperamos poder hablar sobre su caso con usted. Ll\u00e1menos ahora para su consulta. <a href=\"https:\/\/plg-pllc.com\/contact-us\/\">evaluaci\u00f3n de caso gratuita<\/a> Con un abogado. Incluso si no aceptamos su caso, lo guiaremos hacia nuestros recursos legales gratuitos o lo derivaremos a la persona adecuada.<\/p>\r\n\r\n\r\n\r\n<h2 id=\"h-contact-premier-law\" class=\"wp-block-heading\"><strong>Contacte a Premier Law<\/strong><\/h2>\r\n\r\n\r\n<div class=\"wp-block-image\">\r\n<figure class=\"alignright size-thumbnail\"><img loading=\"lazy\" decoding=\"async\" width=\"150\" height=\"150\" class=\"wp-image-18672\" src=\"https:\/\/plg-pllc.com\/wp-content\/uploads\/2021\/07\/PLG-home-box1-150x150.jpg\" alt=\"Los mejores abogados de accidentes automovil\u00edsticos en Seattle Renton Bellevue y Federal Way\" \/><\/figure>\r\n<\/div>\r\n\r\n\r\n<p>Si ha sufrido lesiones o ha perdido a un ser querido en un parque de atracciones, lo excepcional <a href=\"https:\/\/plg-pllc.com\/seattle\/personal-injury-lawyer\/\">Abogados de lesiones personales en Seattle<\/a> En Premier Law Group podemos ayudarlo a recuperarse. Sin embargo, si no emprende acciones legales r\u00e1pidamente, puede poner en peligro su reclamo leg\u00edtimo.<\/p>\r\n\r\n\r\n\r\n<p>En Premier Law Group, <a href=\"https:\/\/plg-pllc.com\/about-us\/zero-fee-guarantee\/\">No tendr\u00e1s que pagar ninguna tarifa a menos que ganemos<\/a> Su caso. Cont\u00e1ctenos hoy al <em>206.285.1743<\/em> Para comenzar la revisi\u00f3n gratuita de su caso. Mientras usted se concentra en recuperarse de su lesi\u00f3n, nosotros lucharemos por obtener una compensaci\u00f3n completa y justa.<\/p>\r\n\n        <div class=\"rs-content-cta\">\n            <p>Llamar o enviar mensaje de texto <a href=\"tel:+12062851743\">(206) 285-1743<\/a> o complete un formulario de evaluaci\u00f3n de caso gratuito<\/p>\n            <a href=\"https:\/\/plg-pllc.com\/es\/contact-us\/\" title=\"OBTENGA UNA EVALUACI\u00d3N DE CASO GRATUITA\" class=\"btn-global\">OBTENGA UNA EVALUACI\u00d3N DE CASO GRATUITA<\/a>\n                    <picture>\n                            <source srcset=\"https:\/\/plg-pllc.com\/wp-content\/themes\/plg-pllc-redesign\/assets\/app\/img\/cta-thumb.webp\" type=\"image\/webp\"\/>\n                            <img src=\"https:\/\/plg-pllc.com\/wp-content\/themes\/plg-pllc-redesign\/assets\/app\/img\/cta-thumb.png\" alt=\"Grupo de abogados Premier\" title=\"Grupo de abogados Premier\" width=\"245\" height=\"220\" loading=\"auto\" fetchpriority=\"auto\" decoding=\"async\"\/>\n        <\/picture>\n        \n        <\/div>","protected":false},"excerpt":{"rendered":"<p>Responsabilidad por accidentes en parques tem\u00e1ticos Todos los a\u00f1os, la gente va a los parques de atracciones para disfrutar de todo, desde monta\u00f1as rusas hasta atracciones acu\u00e1ticas y norias. Aunque la mayor\u00eda de las atracciones son seguras y solo crean la ilusi\u00f3n de peligro, el descuido o un mal funcionamiento mec\u00e1nico pueden convertir una atracci\u00f3n del parque de atracciones en un peligro. Si usted o un ser querido \u2026<\/p>","protected":false},"author":24,"featured_media":0,"parent":70,"menu_order":0,"comment_status":"closed","ping_status":"closed","template":"","meta":{"_acf_changed":false,"_genesis_hide_title":false,"_genesis_hide_breadcrumbs":false,"_genesis_hide_singular_image":false,"_genesis_hide_footer_widgets":false,"_genesis_custom_body_class":"","_genesis_custom_post_class":"","_genesis_layout":"","footnotes":""},"hc_faqs":[],"class_list":{"0":"post-18730","1":"page","2":"type-page","3":"status-publish","5":"hc_city_location-seattle","6":"entry","7":"has-post-thumbnail"},"acf":[],"yoast_head":"<!-- This site is optimized with the Yoast SEO plugin v27.5 - https:\/\/yoast.com\/product\/yoast-seo-wordpress\/ -->\n<title>Amusement Park Injury Lawyer in Seattle | Free Case Review<\/title>\n<meta name=\"description\" content=\"Seattle Amusement Park Injury Lawyer: Premier Law Group helps you unlock the full compensation you deserve. No Fee Unless We Win.\" \/>\n<meta name=\"robots\" content=\"index, follow, max-snippet:-1, max-image-preview:large, max-video-preview:-1\" \/>\n<link rel=\"canonical\" href=\"https:\/\/plg-pllc.com\/es\/seattle\/child-injury-lawyer\/amusement-park\/\" \/>\n<meta property=\"og:locale\" content=\"es_MX\" \/>\n<meta property=\"og:type\" content=\"article\" \/>\n<meta property=\"og:title\" content=\"Amusement Park Injury Lawyer in Seattle | Free Case Review\" \/>\n<meta property=\"og:description\" content=\"Seattle Amusement Park Injury Lawyer: Premier Law Group helps you unlock the full compensation you deserve. No Fee Unless We Win.\" \/>\n<meta property=\"og:url\" content=\"https:\/\/plg-pllc.com\/es\/seattle\/child-injury-lawyer\/amusement-park\/\" \/>\n<meta property=\"og:site_name\" content=\"Premier Law Group\" \/>\n<meta property=\"article:publisher\" content=\"https:\/\/www.facebook.com\/premierlawgroup\" \/>\n<meta property=\"article:modified_time\" content=\"2025-02-14T22:10:07+00:00\" \/>\n<meta property=\"og:image\" content=\"https:\/\/plg-pllc.com\/wp-content\/uploads\/2021\/08\/carousel-4500761_1920.jpg\" \/>\n\t<meta property=\"og:image:width\" content=\"1285\" \/>\n\t<meta property=\"og:image:height\" content=\"1920\" \/>\n\t<meta property=\"og:image:type\" content=\"image\/jpeg\" \/>\n<meta name=\"twitter:card\" content=\"summary_large_image\" \/>\n<meta name=\"twitter:site\" content=\"@premierlawgroup\" \/>\n<meta name=\"twitter:label1\" content=\"Tiempo de lectura\" \/>\n\t<meta name=\"twitter:data1\" content=\"4 minutos\" \/>\n<script type=\"application\/ld+json\" class=\"yoast-schema-graph\">{\"@context\":\"https:\\\/\\\/schema.org\",\"@graph\":[{\"@type\":\"WebPage\",\"@id\":\"https:\\\/\\\/plg-pllc.com\\\/seattle\\\/child-injury-lawyer\\\/amusement-park\\\/\",\"url\":\"https:\\\/\\\/plg-pllc.com\\\/seattle\\\/child-injury-lawyer\\\/amusement-park\\\/\",\"name\":\"Amusement Park Injury Lawyer in Seattle | Free Case Review\",\"isPartOf\":{\"@id\":\"https:\\\/\\\/plg-pllc.com\\\/#website\"},\"primaryImageOfPage\":{\"@id\":\"https:\\\/\\\/plg-pllc.com\\\/seattle\\\/child-injury-lawyer\\\/amusement-park\\\/#primaryimage\"},\"image\":{\"@id\":\"https:\\\/\\\/plg-pllc.com\\\/seattle\\\/child-injury-lawyer\\\/amusement-park\\\/#primaryimage\"},\"thumbnailUrl\":\"https:\\\/\\\/plg-pllc.com\\\/wp-content\\\/uploads\\\/2021\\\/08\\\/carousel-4500761_1920-201x300.jpg\",\"datePublished\":\"2021-08-25T17:09:46+00:00\",\"dateModified\":\"2025-02-14T22:10:07+00:00\",\"description\":\"Seattle Amusement Park Injury Lawyer: Premier Law Group helps you unlock the full compensation you deserve. No Fee Unless We Win.\",\"breadcrumb\":{\"@id\":\"https:\\\/\\\/plg-pllc.com\\\/seattle\\\/child-injury-lawyer\\\/amusement-park\\\/#breadcrumb\"},\"inLanguage\":\"es\",\"potentialAction\":[{\"@type\":\"ReadAction\",\"target\":[\"https:\\\/\\\/plg-pllc.com\\\/seattle\\\/child-injury-lawyer\\\/amusement-park\\\/\"]}]},{\"@type\":\"ImageObject\",\"inLanguage\":\"es\",\"@id\":\"https:\\\/\\\/plg-pllc.com\\\/seattle\\\/child-injury-lawyer\\\/amusement-park\\\/#primaryimage\",\"url\":\"https:\\\/\\\/plg-pllc.com\\\/wp-content\\\/uploads\\\/2021\\\/08\\\/carousel-4500761_1920-201x300.jpg\",\"contentUrl\":\"https:\\\/\\\/plg-pllc.com\\\/wp-content\\\/uploads\\\/2021\\\/08\\\/carousel-4500761_1920-201x300.jpg\"},{\"@type\":\"BreadcrumbList\",\"@id\":\"https:\\\/\\\/plg-pllc.com\\\/seattle\\\/child-injury-lawyer\\\/amusement-park\\\/#breadcrumb\",\"itemListElement\":[{\"@type\":\"ListItem\",\"position\":1,\"name\":\"Home\",\"item\":\"https:\\\/\\\/plg-pllc.com\\\/es\\\/\"},{\"@type\":\"ListItem\",\"position\":2,\"name\":\"Seattle Personal Injury Lawyer\",\"item\":\"https:\\\/\\\/plg-pllc.com\\\/es\\\/seattle\\\/personal-injury-lawyer\\\/\"},{\"@type\":\"ListItem\",\"position\":3,\"name\":\"Seattle Child Injury Lawyer\",\"item\":\"https:\\\/\\\/plg-pllc.com\\\/es\\\/seattle\\\/child-injury-lawyer\\\/\"},{\"@type\":\"ListItem\",\"position\":4,\"name\":\"Amusement Park Injury\"}]},{\"@type\":\"WebSite\",\"@id\":\"https:\\\/\\\/plg-pllc.com\\\/#website\",\"url\":\"https:\\\/\\\/plg-pllc.com\\\/\",\"name\":\"Premier Law Group\",\"description\":\"Washington Wrongful Death and Serious Injury Lawyer\",\"publisher\":{\"@id\":\"https:\\\/\\\/plg-pllc.com\\\/#organization\"},\"inLanguage\":\"es\"},{\"@type\":\"Organization\",\"@id\":\"https:\\\/\\\/plg-pllc.com\\\/#organization\",\"name\":\"Premier Law Group\",\"url\":\"https:\\\/\\\/plg-pllc.com\\\/\",\"logo\":{\"@type\":\"ImageObject\",\"inLanguage\":\"es\",\"@id\":\"https:\\\/\\\/plg-pllc.com\\\/#\\\/schema\\\/logo\\\/image\\\/\",\"url\":\"https:\\\/\\\/plg-pllc.com\\\/wp-content\\\/uploads\\\/2020\\\/10\\\/plg-logo-v2.gif\",\"contentUrl\":\"https:\\\/\\\/plg-pllc.com\\\/wp-content\\\/uploads\\\/2020\\\/10\\\/plg-logo-v2.gif\",\"width\":592,\"height\":191,\"caption\":\"Premier Law Group\"},\"image\":{\"@id\":\"https:\\\/\\\/plg-pllc.com\\\/#\\\/schema\\\/logo\\\/image\\\/\"},\"sameAs\":[\"https:\\\/\\\/www.facebook.com\\\/premierlawgroup\",\"https:\\\/\\\/x.com\\\/premierlawgroup\"]}]}<\/script>\n<!-- \/ Yoast SEO plugin. -->","yoast_head_json":{"title":"Abogado de lesiones en parques de atracciones en Seattle | Revisi\u00f3n gratuita de casos","description":"Abogado de lesiones en parques de atracciones de Seattle: Premier Law Group lo ayuda a obtener la compensaci\u00f3n total que merece. Sin honorarios a menos que ganemos.","robots":{"index":"index","follow":"follow","max-snippet":"max-snippet:-1","max-image-preview":"max-image-preview:large","max-video-preview":"max-video-preview:-1"},"canonical":"https:\/\/plg-pllc.com\/es\/seattle\/child-injury-lawyer\/amusement-park\/","og_locale":"es_MX","og_type":"article","og_title":"Amusement Park Injury Lawyer in Seattle | Free Case Review","og_description":"Seattle Amusement Park Injury Lawyer: Premier Law Group helps you unlock the full compensation you deserve. No Fee Unless We Win.","og_url":"https:\/\/plg-pllc.com\/es\/seattle\/child-injury-lawyer\/amusement-park\/","og_site_name":"Premier Law Group","article_publisher":"https:\/\/www.facebook.com\/premierlawgroup","article_modified_time":"2025-02-14T22:10:07+00:00","og_image":[{"width":1285,"height":1920,"url":"https:\/\/plg-pllc.com\/wp-content\/uploads\/2021\/08\/carousel-4500761_1920.jpg","type":"image\/jpeg"}],"twitter_card":"summary_large_image","twitter_site":"@premierlawgroup","twitter_misc":{"Tiempo de lectura":"4 minutos"},"schema":{"@context":"https:\/\/schema.org","@graph":[{"@type":"WebPage","@id":"https:\/\/plg-pllc.com\/seattle\/child-injury-lawyer\/amusement-park\/","url":"https:\/\/plg-pllc.com\/seattle\/child-injury-lawyer\/amusement-park\/","name":"Abogado de lesiones en parques de atracciones en Seattle | Revisi\u00f3n gratuita de casos","isPartOf":{"@id":"https:\/\/plg-pllc.com\/#website"},"primaryImageOfPage":{"@id":"https:\/\/plg-pllc.com\/seattle\/child-injury-lawyer\/amusement-park\/#primaryimage"},"image":{"@id":"https:\/\/plg-pllc.com\/seattle\/child-injury-lawyer\/amusement-park\/#primaryimage"},"thumbnailUrl":"https:\/\/plg-pllc.com\/wp-content\/uploads\/2021\/08\/carousel-4500761_1920-201x300.jpg","datePublished":"2021-08-25T17:09:46+00:00","dateModified":"2025-02-14T22:10:07+00:00","description":"Abogado de lesiones en parques de atracciones de Seattle: Premier Law Group lo ayuda a obtener la compensaci\u00f3n total que merece. Sin honorarios a menos que ganemos.","breadcrumb":{"@id":"https:\/\/plg-pllc.com\/seattle\/child-injury-lawyer\/amusement-park\/#breadcrumb"},"inLanguage":"es","potentialAction":[{"@type":"ReadAction","target":["https:\/\/plg-pllc.com\/seattle\/child-injury-lawyer\/amusement-park\/"]}]},{"@type":"ImageObject","inLanguage":"es","@id":"https:\/\/plg-pllc.com\/seattle\/child-injury-lawyer\/amusement-park\/#primaryimage","url":"https:\/\/plg-pllc.com\/wp-content\/uploads\/2021\/08\/carousel-4500761_1920-201x300.jpg","contentUrl":"https:\/\/plg-pllc.com\/wp-content\/uploads\/2021\/08\/carousel-4500761_1920-201x300.jpg"},{"@type":"BreadcrumbList","@id":"https:\/\/plg-pllc.com\/seattle\/child-injury-lawyer\/amusement-park\/#breadcrumb","itemListElement":[{"@type":"ListItem","position":1,"name":"Home","item":"https:\/\/plg-pllc.com\/es\/"},{"@type":"ListItem","position":2,"name":"Seattle Personal Injury Lawyer","item":"https:\/\/plg-pllc.com\/es\/seattle\/personal-injury-lawyer\/"},{"@type":"ListItem","position":3,"name":"Seattle Child Injury Lawyer","item":"https:\/\/plg-pllc.com\/es\/seattle\/child-injury-lawyer\/"},{"@type":"ListItem","position":4,"name":"Amusement Park Injury"}]},{"@type":"WebSite","@id":"https:\/\/plg-pllc.com\/#website","url":"https:\/\/plg-pllc.com\/","name":"Grupo de abogados Premier","description":"Abogado de muerte por negligencia y lesiones graves en Washington","publisher":{"@id":"https:\/\/plg-pllc.com\/#organization"},"inLanguage":"es"},{"@type":"Organization","@id":"https:\/\/plg-pllc.com\/#organization","name":"Grupo de abogados Premier","url":"https:\/\/plg-pllc.com\/","logo":{"@type":"ImageObject","inLanguage":"es","@id":"https:\/\/plg-pllc.com\/#\/schema\/logo\/image\/","url":"https:\/\/plg-pllc.com\/wp-content\/uploads\/2020\/10\/plg-logo-v2.gif","contentUrl":"https:\/\/plg-pllc.com\/wp-content\/uploads\/2020\/10\/plg-logo-v2.gif","width":592,"height":191,"caption":"Premier Law Group"},"image":{"@id":"https:\/\/plg-pllc.com\/#\/schema\/logo\/image\/"},"sameAs":["https:\/\/www.facebook.com\/premierlawgroup","https:\/\/x.com\/premierlawgroup"]}]}},"_links":{"self":[{"href":"https:\/\/plg-pllc.com\/es\/wp-json\/wp\/v2\/pages\/18730","targetHints":{"allow":["GET"]}}],"collection":[{"href":"https:\/\/plg-pllc.com\/es\/wp-json\/wp\/v2\/pages"}],"about":[{"href":"https:\/\/plg-pllc.com\/es\/wp-json\/wp\/v2\/types\/page"}],"author":[{"embeddable":true,"href":"https:\/\/plg-pllc.com\/es\/wp-json\/wp\/v2\/users\/24"}],"replies":[{"embeddable":true,"href":"https:\/\/plg-pllc.com\/es\/wp-json\/wp\/v2\/comments?post=18730"}],"version-history":[{"count":0,"href":"https:\/\/plg-pllc.com\/es\/wp-json\/wp\/v2\/pages\/18730\/revisions"}],"up":[{"embeddable":true,"href":"https:\/\/plg-pllc.com\/es\/wp-json\/wp\/v2\/pages\/70"}],"wp:attachment":[{"href":"https:\/\/plg-pllc.com\/es\/wp-json\/wp\/v2\/media?parent=18730"}],"wp:term":[{"taxonomy":"hc_faqs","embeddable":true,"href":"https:\/\/plg-pllc.com\/es\/wp-json\/wp\/v2\/hc_faqs?post=18730"}],"curies":[{"name":"gracias","href":"https:\/\/api.w.org\/{rel}","templated":true}]}}