{"id":18731,"date":"2021-08-25T12:00:16","date_gmt":"2021-08-25T19:00:16","guid":{"rendered":"https:\/\/plg-pllc.com\/?page_id=18731"},"modified":"2025-02-14T14:10:06","modified_gmt":"2025-02-14T22:10:06","slug":"daycare-emotional-abuse","status":"publish","type":"page","link":"https:\/\/plg-pllc.com\/es\/seattle\/child-injury-lawyer\/daycare-emotional-abuse\/","title":{"rendered":"Abogado de abuso emocional en guarder\u00edas de Seattle"},"content":{"rendered":"<h2 class=\"wp-block-heading\" id=\"h-lawyers-for-children-and-their-families-in-seattle\"><strong>Abogados para ni\u00f1os y sus familias en Seattle<\/strong><\/h2>\r\n\r\n\r\n\r\n<div class=\"wp-block-image\">\r\n<figure class=\"alignleft size-thumbnail\"><img loading=\"lazy\" decoding=\"async\" width=\"150\" height=\"150\" class=\"wp-image-18492\" src=\"https:\/\/plg-pllc.com\/wp-content\/uploads\/2021\/05\/markus-spiske-z0kPp2jHtgk-unsplash-150x150.jpg\" alt=\"abogados de abuso en guarder\u00edas \" \/><\/figure>\r\n<\/div>\r\n\r\n\r\n\r\n<p>Como padre, dejar a su hijo en una guarder\u00eda puede ser dif\u00edcil. Tambi\u00e9n es dif\u00edcil confiar en que otras personas cuidar\u00e1n bien de su hijo. Adem\u00e1s, aunque los padres de todo el mundo esperan que sus temores de abuso y negligencia no tengan fundamento, el abuso en las guarder\u00edas es bastante com\u00fan. Si bien es posible que los empleados de una guarder\u00eda no abusen f\u00edsicamente de su hijo, el abuso emocional tambi\u00e9n puede ser perjudicial. Puede provocar que los ni\u00f1os sufran traumas durante toda la vida.<\/p>\r\n\r\n\r\n\r\n<p>Adem\u00e1s, si su hijo sufre abuso como resultado del trato que recibe por parte de los empleados de la guarder\u00eda, los responsables deben rendir cuentas. Por supuesto, su primera prioridad ser\u00e1 llevar a su hijo a un entorno seguro. Sin embargo, tambi\u00e9n debe ponerse en contacto con un <a href=\"https:\/\/plg-pllc.com\/seattle\/personal-injury-lawyer\/\">Abogado de abuso en guarder\u00edas de Seattle<\/a>.<\/p>\r\n\r\n\r\n\r\n<p>En <a href=\"https:\/\/plg-pllc.com\/\">Grupo de abogados Premier<\/a>Podemos ayudarlo a obtener la justicia que usted y su hijo merecen. Tambi\u00e9n lucharemos por una compensaci\u00f3n completa y justa. Esto es para ayudar a cubrir los gastos m\u00e9dicos, de asesoramiento y traumas futuros que usted, su hijo y su familia sufrieron.<\/p>\r\n\r\n\r\n\r\n<h2 class=\"wp-block-heading\" id=\"h-forms-of-emotional-abuse\"><strong>Formas de abuso emocional<\/strong><\/h2>\r\n\r\n\r\n\r\n<p>El abuso emocional tambi\u00e9n puede adoptar muchas formas. Sin embargo, algunas de las formas m\u00e1s comunes en que esto puede ocurrir son las siguientes:<\/p>\r\n\r\n\r\n\r\n<ul class=\"wp-block-list\">\r\n<li>Ignorando al ni\u00f1o<\/li>\r\n<li>Menospreciar a un ni\u00f1o, especialmente cuando hay otras personas alrededor<\/li>\r\n<li>Aterrorizando al ni\u00f1o<\/li>\r\n<li>Rechazando al ni\u00f1o<\/li>\r\n<li>Ser demasiado cr\u00edtico con el ni\u00f1o<\/li>\r\n<li>El acoso escolar al ni\u00f1o<\/li>\r\n<li>Mantener al ni\u00f1o aislado<\/li>\r\n<li>Encerrar al ni\u00f1o en habitaciones o armarios oscuros o estrechos<\/li>\r\n<li>Descuidar al ni\u00f1o<\/li>\r\n<\/ul>\r\n\r\n\r\n\r\n<p>Si bien el abuso emocional puede ocurrir por s\u00ed solo, a menudo tambi\u00e9n ocurre junto con otras formas de abuso. Los abusadores tambi\u00e9n lo utilizan como una forma de asegurarse de que el ni\u00f1o \u201cse quede callado\u201d.<\/p>\r\n\r\n\r\n\r\n<h2 class=\"wp-block-heading\" id=\"h-the-signs-of-child-emotional-abuse\"><strong>Las se\u00f1ales del abuso emocional infantil<\/strong><\/h2>\r\n\r\n\r\n\r\n<p>Las se\u00f1ales de abuso emocional tambi\u00e9n pueden ser m\u00e1s dif\u00edciles de detectar que las de abuso f\u00edsico. Sin hematomas, ronchas u otras marcas visibles, puede ser dif\u00edcil reconocerlas. Sin embargo, quienes saben qu\u00e9 buscar pueden detectar las se\u00f1ales. Los indicadores comunes de este tipo de abuso incluyen:<\/p>\r\n\r\n\r\n\r\n<ul class=\"wp-block-list\">\r\n<li>Dificultad para dormir o enuresis<\/li>\r\n<li>Cambios de humor y cambios de personalidad<\/li>\r\n<li>P\u00e9rdida de inter\u00e9s en actividades o juegos.<\/li>\r\n<li>Una aparici\u00f3n repentina de pesadillas.<\/li>\r\n<li>Miedo excesivo o comportamiento agresivo<\/li>\r\n<li>De repente se volvi\u00f3 reservado<\/li>\r\n<li>Trastornos del habla o no hablar<\/li>\r\n<li>Ansiedad o miedo de haber hecho algo malo o incorrecto<\/li>\r\n<li>Conductas y comentarios autodestructivos<\/li>\r\n<li>Ausencia de amor y afecto sano hacia ustedes como padres<\/li>\r\n<li>Negativa a relacionarse con otros ni\u00f1os<\/li>\r\n<li>Timidez excesiva<\/li>\r\n<\/ul>\r\n\r\n\r\n\r\n<p>Los sentimientos de aislamiento tambi\u00e9n son un resultado com\u00fan de este abuso. En muchos casos, tambi\u00e9n implica un sentimiento de traici\u00f3n. Ning\u00fan ni\u00f1o deber\u00eda tener que lidiar con estas emociones y sensaciones.<\/p>\r\n\r\n\r\n\r\n\n        <div class=\"rs-content-cta long\">\n            <p>Para una consulta legal GRATUITA con un abogado especializado en abuso emocional en guarder\u00edas que atiende en Seattle, llame al <a href=\"tel:+12062851743\">(206) 285-1743 <\/a><\/p>\n            <a href=\"https:\/\/plg-pllc.com\/es\/contact-us\/\" title=\"OBTENGA UNA EVALUACI\u00d3N DE CASO GRATUITA\" class=\"btn-global\">OBTENGA UNA EVALUACI\u00d3N DE CASO GRATUITA<\/a>\n                    <picture>\n                            <source srcset=\"https:\/\/plg-pllc.com\/wp-content\/themes\/plg-pllc-redesign\/assets\/app\/img\/cta-thumb.webp\" type=\"image\/webp\"\/>\n                            <img src=\"https:\/\/plg-pllc.com\/wp-content\/themes\/plg-pllc-redesign\/assets\/app\/img\/cta-thumb.png\" alt=\"Grupo de abogados Premier\" title=\"Grupo de abogados Premier\" width=\"245\" height=\"220\" loading=\"auto\" fetchpriority=\"auto\" decoding=\"async\"\/>\n        <\/picture>\n        \n        <\/div><h2 class=\"wp-block-heading\" id=\"h-who-is-at-fault-for-daycare-abuse\"><strong>\u00bfQui\u00e9n tiene la culpa del abuso en las guarder\u00edas?<\/strong><\/h2>\r\n\r\n\r\n\r\n<p>A pesar de la amplia gama de servicios de guarder\u00eda disponibles, como centros institucionales, atenci\u00f3n domiciliaria, campamentos y escuelas preescolares, la culpa generalmente recae en cualquiera de las tres partes culpables.<\/p>\r\n\r\n\r\n\r\n<ul class=\"wp-block-list\">\r\n<li>Una persona responsable del cuidado de su hijo.<\/li>\r\n<li>El empleado de una entidad que cuida a su hijo<\/li>\r\n<li>La propia instituci\u00f3n por pol\u00edticas negligentes en cuanto a la contrataci\u00f3n y supervisi\u00f3n del personal.<\/li>\r\n<\/ul>\r\n\r\n\r\n\r\n<p>Un abogado con experiencia en casos de abuso en guarder\u00edas puede investigar el abuso de un ni\u00f1o. <a href=\"https:\/\/plg-pllc.com\/about-us\/why-are-we-different\/\">Grupo de abogados Premier<\/a>Tambi\u00e9n podemos determinar qui\u00e9n puede ser considerado responsable de da\u00f1ar a su hijo y emprender acciones legales tambi\u00e9n.<\/p>\r\n\r\n\r\n\r\n<h2 class=\"wp-block-heading\" id=\"h-what-do-i-do-if-my-child-is-experiencing-daycare-abuse\"><strong>\u00bfQu\u00e9 hago si mi hijo sufre abuso en la guarder\u00eda?<\/strong><\/h2>\r\n\r\n\r\n\r\n<p>Si sospecha que su hijo sufre abuso emocional, siempre es mejor tomar medidas de inmediato. Adem\u00e1s, los siguientes pasos son la mejor manera de hacerlo:<\/p>\r\n\r\n\r\n\r\n<ul class=\"wp-block-list\">\r\n<li>Retire al ni\u00f1o del entorno abusivo de inmediato<\/li>\r\n<li>Presentar una queja ante la <a href=\"https:\/\/www.dcyf.wa.gov\/safety\">Departamento de Ni\u00f1os, J\u00f3venes y Familias del Estado de Washington<\/a>, quienes luego podr\u00e1n investigar las instalaciones y tomar las medidas legales necesarias.<\/li>\r\n<li>Hable con amigos y familiares sobre si han notado los mismos cambios en su hijo. Aseg\u00farese de tomar notas como prueba legal.<\/li>\r\n<li>Hable con los padres de otros ni\u00f1os del centro. Recopile informaci\u00f3n sobre si notan cambios similares en sus propios hijos.<\/li>\r\n<li>Comun\u00edquese con un abogado especializado en abuso en guarder\u00edas para que le ayude a investigar y revisar su situaci\u00f3n.<\/li>\r\n<\/ul>\r\n\r\n\r\n\r\n<p>En Premier Law Group, nuestros abogados especializados en casos de abuso en guarder\u00edas se encargar\u00e1n de presentar una demanda civil para recuperar los da\u00f1os y perjuicios que compensen a su familia. Queremos que su familia tambi\u00e9n se recupere del da\u00f1o emocional.<\/p>\r\n\r\n\r\n\r\n<h2 class=\"wp-block-heading\" id=\"h-why-choose-premier-law-group\"><strong>\u00bfPor qu\u00e9 elegir Premier Law Group?<\/strong><\/h2>\r\n\r\n\r\n\r\n<div class=\"wp-block-image\">\r\n<figure class=\"alignright size-thumbnail\"><img loading=\"lazy\" decoding=\"async\" width=\"150\" height=\"150\" class=\"wp-image-17837\" src=\"https:\/\/plg-pllc.com\/wp-content\/uploads\/2020\/09\/imgmenufree-150x150.jpg\" alt=\"Abogados con experiencia en Seattle, Federal Way, Renton y Bellevue\" \/><\/figure>\r\n<\/div>\r\n\r\n\r\n\r\n<p>En Premier Law Group, nuestros abogados se dedican a ayudar a las familias a recuperarse de lesiones y experiencias traum\u00e1ticas. Tambi\u00e9n nos proponemos brindar asesoramiento legal atento, compasivo y eficaz a los padres preocupados y a sus familias.<\/p>\r\n\r\n\r\n\r\n<p>Nuestros abogados especializados en casos de abuso infantil en guarder\u00edas de Seattle tienen a\u00f1os de experiencia en el manejo de casos que tambi\u00e9n involucran abuso infantil. Tambi\u00e9n podemos ayudarlo a abordar su caso. Nuestro equipo tambi\u00e9n le brindar\u00e1 un servicio de calidad mientras su familia se concentra en recuperarse.<\/p>\r\n\r\n\r\n\r\n<p>Por \u00faltimo, si su ser querido ha sido v\u00edctima de abuso en una guarder\u00eda, su familia merece una compensaci\u00f3n por el trauma f\u00edsico y emocional. Llame hoy al 206.285.1743 para hablar con los abogados de Premier Law Group. Ofrecemos un <a href=\"https:\/\/plg-pllc.com\/contact-us\/\">revisi\u00f3n de caso gratuita<\/a>, y hay <a href=\"https:\/\/plg-pllc.com\/about-us\/zero-fee-guarantee\/\">Sin honorarios legales a menos que ganemos<\/a> tu caso.\u00a0<\/p>\r\n\n        <div class=\"rs-content-cta\">\n            <p>Llamar o enviar mensaje de texto <a href=\"tel:+12062851743\">(206) 285-1743<\/a> o complete un formulario de evaluaci\u00f3n de caso gratuito<\/p>\n            <a href=\"https:\/\/plg-pllc.com\/es\/contact-us\/\" title=\"OBTENGA UNA EVALUACI\u00d3N DE CASO GRATUITA\" class=\"btn-global\">OBTENGA UNA EVALUACI\u00d3N DE CASO GRATUITA<\/a>\n                    <picture>\n                            <source srcset=\"https:\/\/plg-pllc.com\/wp-content\/themes\/plg-pllc-redesign\/assets\/app\/img\/cta-thumb.webp\" type=\"image\/webp\"\/>\n                            <img src=\"https:\/\/plg-pllc.com\/wp-content\/themes\/plg-pllc-redesign\/assets\/app\/img\/cta-thumb.png\" alt=\"Grupo de abogados Premier\" title=\"Grupo de abogados Premier\" width=\"245\" height=\"220\" loading=\"auto\" fetchpriority=\"auto\" decoding=\"async\"\/>\n        <\/picture>\n        \n        <\/div>","protected":false},"excerpt":{"rendered":"<p>Abogados para ni\u00f1os y sus familias en Seattle Como padre, dejar a su hijo en una guarder\u00eda puede ser dif\u00edcil. Tambi\u00e9n es dif\u00edcil confiar en que otros cuidar\u00e1n bien de su hijo. Adem\u00e1s, aunque los padres de todo el mundo esperan que sus temores de abuso y negligencia no tengan fundamento, el abuso en las guarder\u00edas es bastante com\u00fan. Si bien\u2026<\/p>","protected":false},"author":24,"featured_media":0,"parent":70,"menu_order":0,"comment_status":"closed","ping_status":"closed","template":"","meta":{"_acf_changed":false,"_genesis_hide_title":false,"_genesis_hide_breadcrumbs":false,"_genesis_hide_singular_image":false,"_genesis_hide_footer_widgets":false,"_genesis_custom_body_class":"","_genesis_custom_post_class":"","_genesis_layout":"","footnotes":""},"hc_faqs":[],"class_list":{"0":"post-18731","1":"page","2":"type-page","3":"status-publish","5":"hc_city_location-seattle","6":"entry"},"acf":[],"yoast_head":"<!-- This site is optimized with the Yoast SEO plugin v27.5 - https:\/\/yoast.com\/product\/yoast-seo-wordpress\/ -->\n<title>Daycare Emotional Abuse Lawyer in Seattle | Free Case Review<\/title>\n<meta name=\"description\" content=\"Seattle Daycare Emotional Abuse Lawyer: Premier Law Group helps you unlock the full compensation you deserve. No Fee Unless We Win.\" \/>\n<meta name=\"robots\" content=\"index, follow, max-snippet:-1, max-image-preview:large, max-video-preview:-1\" \/>\n<link rel=\"canonical\" href=\"https:\/\/plg-pllc.com\/es\/seattle\/child-injury-lawyer\/daycare-emotional-abuse\/\" \/>\n<meta property=\"og:locale\" content=\"es_MX\" \/>\n<meta property=\"og:type\" content=\"article\" \/>\n<meta property=\"og:title\" content=\"Daycare Emotional Abuse Lawyer in Seattle | Free Case Review\" \/>\n<meta property=\"og:description\" content=\"Seattle Daycare Emotional Abuse Lawyer: Premier Law Group helps you unlock the full compensation you deserve. No Fee Unless We Win.\" \/>\n<meta property=\"og:url\" content=\"https:\/\/plg-pllc.com\/es\/seattle\/child-injury-lawyer\/daycare-emotional-abuse\/\" \/>\n<meta property=\"og:site_name\" content=\"Premier Law Group\" \/>\n<meta property=\"article:publisher\" content=\"https:\/\/www.facebook.com\/premierlawgroup\" \/>\n<meta property=\"article:modified_time\" content=\"2025-02-14T22:10:06+00:00\" \/>\n<meta property=\"og:image\" content=\"https:\/\/plg-pllc.com\/wp-content\/uploads\/2021\/05\/markus-spiske-z0kPp2jHtgk-unsplash-scaled.jpg\" \/>\n\t<meta property=\"og:image:width\" content=\"2560\" \/>\n\t<meta property=\"og:image:height\" content=\"1707\" \/>\n\t<meta property=\"og:image:type\" content=\"image\/jpeg\" \/>\n<meta name=\"twitter:card\" content=\"summary_large_image\" \/>\n<meta name=\"twitter:site\" content=\"@premierlawgroup\" \/>\n<meta name=\"twitter:label1\" content=\"Tiempo de lectura\" \/>\n\t<meta name=\"twitter:data1\" content=\"4 minutos\" \/>\n<script type=\"application\/ld+json\" class=\"yoast-schema-graph\">{\"@context\":\"https:\\\/\\\/schema.org\",\"@graph\":[{\"@type\":\"WebPage\",\"@id\":\"https:\\\/\\\/plg-pllc.com\\\/seattle\\\/child-injury-lawyer\\\/daycare-emotional-abuse\\\/\",\"url\":\"https:\\\/\\\/plg-pllc.com\\\/seattle\\\/child-injury-lawyer\\\/daycare-emotional-abuse\\\/\",\"name\":\"Daycare Emotional Abuse Lawyer in Seattle | Free Case Review\",\"isPartOf\":{\"@id\":\"https:\\\/\\\/plg-pllc.com\\\/#website\"},\"primaryImageOfPage\":{\"@id\":\"https:\\\/\\\/plg-pllc.com\\\/seattle\\\/child-injury-lawyer\\\/daycare-emotional-abuse\\\/#primaryimage\"},\"image\":{\"@id\":\"https:\\\/\\\/plg-pllc.com\\\/seattle\\\/child-injury-lawyer\\\/daycare-emotional-abuse\\\/#primaryimage\"},\"thumbnailUrl\":\"https:\\\/\\\/plg-pllc.com\\\/wp-content\\\/uploads\\\/2021\\\/05\\\/markus-spiske-z0kPp2jHtgk-unsplash-150x150.jpg\",\"datePublished\":\"2021-08-25T19:00:16+00:00\",\"dateModified\":\"2025-02-14T22:10:06+00:00\",\"description\":\"Seattle Daycare Emotional Abuse Lawyer: Premier Law Group helps you unlock the full compensation you deserve. No Fee Unless We Win.\",\"breadcrumb\":{\"@id\":\"https:\\\/\\\/plg-pllc.com\\\/seattle\\\/child-injury-lawyer\\\/daycare-emotional-abuse\\\/#breadcrumb\"},\"inLanguage\":\"es\",\"potentialAction\":[{\"@type\":\"ReadAction\",\"target\":[\"https:\\\/\\\/plg-pllc.com\\\/seattle\\\/child-injury-lawyer\\\/daycare-emotional-abuse\\\/\"]}]},{\"@type\":\"ImageObject\",\"inLanguage\":\"es\",\"@id\":\"https:\\\/\\\/plg-pllc.com\\\/seattle\\\/child-injury-lawyer\\\/daycare-emotional-abuse\\\/#primaryimage\",\"url\":\"https:\\\/\\\/plg-pllc.com\\\/wp-content\\\/uploads\\\/2021\\\/05\\\/markus-spiske-z0kPp2jHtgk-unsplash-150x150.jpg\",\"contentUrl\":\"https:\\\/\\\/plg-pllc.com\\\/wp-content\\\/uploads\\\/2021\\\/05\\\/markus-spiske-z0kPp2jHtgk-unsplash-150x150.jpg\"},{\"@type\":\"BreadcrumbList\",\"@id\":\"https:\\\/\\\/plg-pllc.com\\\/seattle\\\/child-injury-lawyer\\\/daycare-emotional-abuse\\\/#breadcrumb\",\"itemListElement\":[{\"@type\":\"ListItem\",\"position\":1,\"name\":\"Home\",\"item\":\"https:\\\/\\\/plg-pllc.com\\\/es\\\/\"},{\"@type\":\"ListItem\",\"position\":2,\"name\":\"Seattle Personal Injury Lawyer\",\"item\":\"https:\\\/\\\/plg-pllc.com\\\/es\\\/seattle\\\/personal-injury-lawyer\\\/\"},{\"@type\":\"ListItem\",\"position\":3,\"name\":\"Seattle Child Injury Lawyer\",\"item\":\"https:\\\/\\\/plg-pllc.com\\\/es\\\/seattle\\\/child-injury-lawyer\\\/\"},{\"@type\":\"ListItem\",\"position\":4,\"name\":\"Daycare Emotional Abuse\"}]},{\"@type\":\"WebSite\",\"@id\":\"https:\\\/\\\/plg-pllc.com\\\/#website\",\"url\":\"https:\\\/\\\/plg-pllc.com\\\/\",\"name\":\"Premier Law Group\",\"description\":\"Washington Wrongful Death and Serious Injury Lawyer\",\"publisher\":{\"@id\":\"https:\\\/\\\/plg-pllc.com\\\/#organization\"},\"inLanguage\":\"es\"},{\"@type\":\"Organization\",\"@id\":\"https:\\\/\\\/plg-pllc.com\\\/#organization\",\"name\":\"Premier Law Group\",\"url\":\"https:\\\/\\\/plg-pllc.com\\\/\",\"logo\":{\"@type\":\"ImageObject\",\"inLanguage\":\"es\",\"@id\":\"https:\\\/\\\/plg-pllc.com\\\/#\\\/schema\\\/logo\\\/image\\\/\",\"url\":\"https:\\\/\\\/plg-pllc.com\\\/wp-content\\\/uploads\\\/2020\\\/10\\\/plg-logo-v2.gif\",\"contentUrl\":\"https:\\\/\\\/plg-pllc.com\\\/wp-content\\\/uploads\\\/2020\\\/10\\\/plg-logo-v2.gif\",\"width\":592,\"height\":191,\"caption\":\"Premier Law Group\"},\"image\":{\"@id\":\"https:\\\/\\\/plg-pllc.com\\\/#\\\/schema\\\/logo\\\/image\\\/\"},\"sameAs\":[\"https:\\\/\\\/www.facebook.com\\\/premierlawgroup\",\"https:\\\/\\\/x.com\\\/premierlawgroup\"]}]}<\/script>\n<!-- \/ Yoast SEO plugin. -->","yoast_head_json":{"title":"Abogado de abuso emocional en guarder\u00edas de Seattle | Revisi\u00f3n gratuita de casos","description":"Abogado de abuso emocional en guarder\u00edas de Seattle: Premier Law Group lo ayuda a obtener la compensaci\u00f3n total que se merece. Sin honorarios a menos que ganemos.","robots":{"index":"index","follow":"follow","max-snippet":"max-snippet:-1","max-image-preview":"max-image-preview:large","max-video-preview":"max-video-preview:-1"},"canonical":"https:\/\/plg-pllc.com\/es\/seattle\/child-injury-lawyer\/daycare-emotional-abuse\/","og_locale":"es_MX","og_type":"article","og_title":"Daycare Emotional Abuse Lawyer in Seattle | Free Case Review","og_description":"Seattle Daycare Emotional Abuse Lawyer: Premier Law Group helps you unlock the full compensation you deserve. No Fee Unless We Win.","og_url":"https:\/\/plg-pllc.com\/es\/seattle\/child-injury-lawyer\/daycare-emotional-abuse\/","og_site_name":"Premier Law Group","article_publisher":"https:\/\/www.facebook.com\/premierlawgroup","article_modified_time":"2025-02-14T22:10:06+00:00","og_image":[{"width":2560,"height":1707,"url":"https:\/\/plg-pllc.com\/wp-content\/uploads\/2021\/05\/markus-spiske-z0kPp2jHtgk-unsplash-scaled.jpg","type":"image\/jpeg"}],"twitter_card":"summary_large_image","twitter_site":"@premierlawgroup","twitter_misc":{"Tiempo de lectura":"4 minutos"},"schema":{"@context":"https:\/\/schema.org","@graph":[{"@type":"WebPage","@id":"https:\/\/plg-pllc.com\/seattle\/child-injury-lawyer\/daycare-emotional-abuse\/","url":"https:\/\/plg-pllc.com\/seattle\/child-injury-lawyer\/daycare-emotional-abuse\/","name":"Abogado de abuso emocional en guarder\u00edas de Seattle | Revisi\u00f3n gratuita de casos","isPartOf":{"@id":"https:\/\/plg-pllc.com\/#website"},"primaryImageOfPage":{"@id":"https:\/\/plg-pllc.com\/seattle\/child-injury-lawyer\/daycare-emotional-abuse\/#primaryimage"},"image":{"@id":"https:\/\/plg-pllc.com\/seattle\/child-injury-lawyer\/daycare-emotional-abuse\/#primaryimage"},"thumbnailUrl":"https:\/\/plg-pllc.com\/wp-content\/uploads\/2021\/05\/markus-spiske-z0kPp2jHtgk-unsplash-150x150.jpg","datePublished":"2021-08-25T19:00:16+00:00","dateModified":"2025-02-14T22:10:06+00:00","description":"Abogado de abuso emocional en guarder\u00edas de Seattle: Premier Law Group lo ayuda a obtener la compensaci\u00f3n total que se merece. Sin honorarios a menos que ganemos.","breadcrumb":{"@id":"https:\/\/plg-pllc.com\/seattle\/child-injury-lawyer\/daycare-emotional-abuse\/#breadcrumb"},"inLanguage":"es","potentialAction":[{"@type":"ReadAction","target":["https:\/\/plg-pllc.com\/seattle\/child-injury-lawyer\/daycare-emotional-abuse\/"]}]},{"@type":"ImageObject","inLanguage":"es","@id":"https:\/\/plg-pllc.com\/seattle\/child-injury-lawyer\/daycare-emotional-abuse\/#primaryimage","url":"https:\/\/plg-pllc.com\/wp-content\/uploads\/2021\/05\/markus-spiske-z0kPp2jHtgk-unsplash-150x150.jpg","contentUrl":"https:\/\/plg-pllc.com\/wp-content\/uploads\/2021\/05\/markus-spiske-z0kPp2jHtgk-unsplash-150x150.jpg"},{"@type":"BreadcrumbList","@id":"https:\/\/plg-pllc.com\/seattle\/child-injury-lawyer\/daycare-emotional-abuse\/#breadcrumb","itemListElement":[{"@type":"ListItem","position":1,"name":"Home","item":"https:\/\/plg-pllc.com\/es\/"},{"@type":"ListItem","position":2,"name":"Seattle Personal Injury Lawyer","item":"https:\/\/plg-pllc.com\/es\/seattle\/personal-injury-lawyer\/"},{"@type":"ListItem","position":3,"name":"Seattle Child Injury Lawyer","item":"https:\/\/plg-pllc.com\/es\/seattle\/child-injury-lawyer\/"},{"@type":"ListItem","position":4,"name":"Daycare Emotional Abuse"}]},{"@type":"WebSite","@id":"https:\/\/plg-pllc.com\/#website","url":"https:\/\/plg-pllc.com\/","name":"Grupo de abogados Premier","description":"Abogado de muerte por negligencia y lesiones graves en Washington","publisher":{"@id":"https:\/\/plg-pllc.com\/#organization"},"inLanguage":"es"},{"@type":"Organization","@id":"https:\/\/plg-pllc.com\/#organization","name":"Grupo de abogados Premier","url":"https:\/\/plg-pllc.com\/","logo":{"@type":"ImageObject","inLanguage":"es","@id":"https:\/\/plg-pllc.com\/#\/schema\/logo\/image\/","url":"https:\/\/plg-pllc.com\/wp-content\/uploads\/2020\/10\/plg-logo-v2.gif","contentUrl":"https:\/\/plg-pllc.com\/wp-content\/uploads\/2020\/10\/plg-logo-v2.gif","width":592,"height":191,"caption":"Premier Law Group"},"image":{"@id":"https:\/\/plg-pllc.com\/#\/schema\/logo\/image\/"},"sameAs":["https:\/\/www.facebook.com\/premierlawgroup","https:\/\/x.com\/premierlawgroup"]}]}},"_links":{"self":[{"href":"https:\/\/plg-pllc.com\/es\/wp-json\/wp\/v2\/pages\/18731","targetHints":{"allow":["GET"]}}],"collection":[{"href":"https:\/\/plg-pllc.com\/es\/wp-json\/wp\/v2\/pages"}],"about":[{"href":"https:\/\/plg-pllc.com\/es\/wp-json\/wp\/v2\/types\/page"}],"author":[{"embeddable":true,"href":"https:\/\/plg-pllc.com\/es\/wp-json\/wp\/v2\/users\/24"}],"replies":[{"embeddable":true,"href":"https:\/\/plg-pllc.com\/es\/wp-json\/wp\/v2\/comments?post=18731"}],"version-history":[{"count":0,"href":"https:\/\/plg-pllc.com\/es\/wp-json\/wp\/v2\/pages\/18731\/revisions"}],"up":[{"embeddable":true,"href":"https:\/\/plg-pllc.com\/es\/wp-json\/wp\/v2\/pages\/70"}],"wp:attachment":[{"href":"https:\/\/plg-pllc.com\/es\/wp-json\/wp\/v2\/media?parent=18731"}],"wp:term":[{"taxonomy":"hc_faqs","embeddable":true,"href":"https:\/\/plg-pllc.com\/es\/wp-json\/wp\/v2\/hc_faqs?post=18731"}],"curies":[{"name":"gracias","href":"https:\/\/api.w.org\/{rel}","templated":true}]}}