{"id":18801,"date":"2021-09-07T06:51:00","date_gmt":"2021-09-07T13:51:00","guid":{"rendered":"https:\/\/plg-pllc.com\/?p=18801"},"modified":"2024-10-15T19:06:27","modified_gmt":"2024-10-16T02:06:27","slug":"when-should-i-accept-a-settlement-offer-for-a-car-accident-in-washington","status":"publish","type":"page","link":"https:\/\/plg-pllc.com\/es\/faqs\/when-should-i-accept-a-settlement-offer-for-a-car-accident-in-washington\/","title":{"rendered":"\u00bfCu\u00e1ndo debo aceptar una oferta de acuerdo por un accidente automovil\u00edstico en Washington?"},"content":{"rendered":"<p><span style=\"font-weight: 400;\">Un accidente automovil\u00edstico puede ocurrir en un abrir y cerrar de ojos, dejando a las v\u00edctimas con heridas graves o algo peor. En todo Estados Unidos, varios miles de personas pierden la vida en <\/span><a href=\"https:\/\/www.thewanderingrv.com\/car-accident-statistics\/\" target=\"_blank\" rel=\"noopener\"><span style=\"font-weight: 400;\">Accidentes de coche<\/span><\/a><span style=\"font-weight: 400;\"> Todos los d\u00edas. A las v\u00edctimas se les puede ofrecer un acuerdo despu\u00e9s de un accidente en lugar de presentar una demanda por accidente automovil\u00edstico. Si no est\u00e1 seguro de cu\u00e1ndo debe aceptar una oferta de acuerdo por un accidente automovil\u00edstico en Washington, debe hablar con un abogado con experiencia en accidentes automovil\u00edsticos.\u00a0<\/span><\/p>\n<p><a href=\"https:\/\/plg-pllc.com\/\"><span style=\"font-weight: 400;\">Grupo de abogados Premier<\/span><\/a><span style=\"font-weight: 400;\"> es un equipo de abogados expertos con experiencia en ayudar a clientes que han sido v\u00edctimas de accidentes automovil\u00edsticos en Washington. Mientras se recupera de sus lesiones, puede resultar abrumador tratar de obtener la compensaci\u00f3n financiera que le debe el conductor culpable. Si bien aceptar un acuerdo puede parecer una soluci\u00f3n r\u00e1pida, puede que no siempre sea la mejor opci\u00f3n para recibir la mayor cantidad de compensaci\u00f3n que se le debe.\u00a0<\/span><\/p>\n<h2><span style=\"font-weight: 400;\">\u00bfDeber\u00eda aceptar una oferta de acuerdo por un accidente automovil\u00edstico en Washington?<\/span><\/h2>\n<p><span style=\"font-weight: 400;\">Aceptar un acuerdo puede parecer una soluci\u00f3n r\u00e1pida y sencilla a las p\u00e9rdidas que ha sufrido, pero la verdad es que una compa\u00f1\u00eda de seguros nunca le ofrecer\u00e1 un acuerdo con la cantidad m\u00e1xima de compensaci\u00f3n financiera que se le debe. Las compa\u00f1\u00edas de seguros normalmente intentar\u00e1n ofrecerle el acuerdo m\u00e1s bajo posible para ahorrar dinero. Si est\u00e1 considerando aceptar una oferta de acuerdo despu\u00e9s de un accidente automovil\u00edstico, es posible que desee consultar a un abogado de accidentes automovil\u00edsticos de confianza que pueda ayudarlo a comprender cu\u00e1nto dinero se le puede adeudar en da\u00f1os para que pueda compararlo con la oferta de acuerdo. En la mayor\u00eda de los casos, la primera oferta de una aseguradora ser\u00e1 una oferta muy baja, por lo que siempre debe hablar primero con un abogado experto para asegurarse de que esta oferta sea lo mejor para usted.\u00a0<\/span><\/p>\n<h2><span style=\"font-weight: 400;\">Si rechaza la oferta de acuerdo, \u00bfa\u00fan puede recuperar los da\u00f1os?<\/span><\/h2>\n<p><span style=\"font-weight: 400;\">A\u00fan puede cobrar da\u00f1os y perjuicios incluso si rechaza una oferta de acuerdo de la compa\u00f1\u00eda de seguros. Muchas personas piensan que aceptar el acuerdo es la mejor manera de resolver su reclamo, pero ese no es el caso. Por lo tanto, es importante tomarse el tiempo para comunicarse con un abogado de accidentes automovil\u00edsticos que pueda ayudarlo a navegar por el proceso de reclamos mientras reclama la compensaci\u00f3n que se le debe. Despu\u00e9s de un accidente automovil\u00edstico, es posible que pueda cobrar las siguientes formas de compensaci\u00f3n por sus lesiones:<\/span><\/p>\n<ul>\n<li style=\"font-weight: 400;\" aria-level=\"1\"><span style=\"font-weight: 400;\">Gastos m\u00e9dicos<\/span><\/li>\n<li style=\"font-weight: 400;\" aria-level=\"1\"><span style=\"font-weight: 400;\">Salarios perdidos<\/span><\/li>\n<li style=\"font-weight: 400;\" aria-level=\"1\"><span style=\"font-weight: 400;\">P\u00e9rdida de potencial de ingresos<\/span><\/li>\n<li style=\"font-weight: 400;\" aria-level=\"1\"><span style=\"font-weight: 400;\">Da\u00f1os a la propiedad<\/span><\/li>\n<li style=\"font-weight: 400;\" aria-level=\"1\"><span style=\"font-weight: 400;\">Dolor y sufrimiento<\/span><\/li>\n<\/ul>\n<p><span style=\"font-weight: 400;\">Si no est\u00e1 seguro de qu\u00e9 da\u00f1os puede tener derecho a recuperar, un abogado especializado en accidentes automovil\u00edsticos puede ayudarlo revisando los detalles de su reclamo.<\/span><\/p>\n<h2><span style=\"font-weight: 400;\">Datos esenciales que debe saber sobre una oferta de acuerdo<\/span><\/h2>\n<p><span style=\"font-weight: 400;\">El proceso de reclamaci\u00f3n en Washington puede resultar abrumador e intimidante. A continuaci\u00f3n, se ofrecen algunos datos \u00fatiles que conviene conocer si le ofrecen una oferta de indemnizaci\u00f3n despu\u00e9s de su accidente:<\/span><\/p>\n<ul>\n<li style=\"font-weight: 400;\" aria-level=\"1\"><span style=\"font-weight: 400;\">Cuando la oferta sea demasiado baja, puedes rechazarla y enviar una contraoferta.<\/span><\/li>\n<li style=\"font-weight: 400;\" aria-level=\"1\"><span style=\"font-weight: 400;\">Puede negarse cort\u00e9smente a hablar con un proveedor de seguros hasta que haya hablado con un abogado de accidentes automovil\u00edsticos.<\/span><\/li>\n<li style=\"font-weight: 400;\" aria-level=\"1\"><span style=\"font-weight: 400;\">Es mejor esperar hasta que haya completado cualquier tratamiento m\u00e9dico para negociar el acuerdo para que se pueda entender el monto adecuado en da\u00f1os.<\/span><\/li>\n<\/ul>\n<p><span style=\"font-weight: 400;\">Las compa\u00f1\u00edas de seguros pueden intentar aprovecharse de una persona ingenua que est\u00e9 pasando por el proceso de reclamaci\u00f3n de Washington ofreci\u00e9ndoles un monto de indemnizaci\u00f3n bajo. Trabajar con un abogado de confianza es fundamental para garantizar que pueda obtener el mejor acuerdo disponible para usted.\u00a0<\/span><\/p>\n\n        <div class=\"rs-content-cta long\">\n            <p>Para una consulta legal GRATUITA, llame al <a href=\"tel:+12062851743\">(206) 285-1743 <\/a><\/p>\n            <a href=\"https:\/\/plg-pllc.com\/es\/contact-us\/\" title=\"OBTENGA UNA EVALUACI\u00d3N DE CASO GRATUITA\" class=\"btn-global\">OBTENGA UNA EVALUACI\u00d3N DE CASO GRATUITA<\/a>\n                    <picture>\n                            <source srcset=\"https:\/\/plg-pllc.com\/wp-content\/themes\/plg-pllc-redesign\/assets\/app\/img\/cta-thumb.webp\" type=\"image\/webp\"\/>\n                            <img src=\"https:\/\/plg-pllc.com\/wp-content\/themes\/plg-pllc-redesign\/assets\/app\/img\/cta-thumb.png\" alt=\"Grupo de abogados Premier\" title=\"Grupo de abogados Premier\" width=\"245\" height=\"220\" loading=\"auto\" fetchpriority=\"auto\" decoding=\"async\"\/>\n        <\/picture>\n        \n        <\/div><h2><span style=\"font-weight: 400;\">Asociese con un abogado especializado en accidentes automovil\u00edsticos en Washington<\/span><\/h2>\n<p><span style=\"font-weight: 400;\">Ser v\u00edctima de un accidente automovil\u00edstico puede ser un evento que cambia la vida de muchas personas. Mientras se recupera de sus lesiones, es fundamental que reciba una compensaci\u00f3n adecuada por sus p\u00e9rdidas. Si bien una oferta de acuerdo puede parecer tentadora, una <a href=\"https:\/\/plg-pllc.com\/seattle\/car-accident-lawyer\/\">Abogado de accidentes automovil\u00edsticos en Seattle, WA<\/a> Puede ayudarle a comprender si esa oferta es lo mejor para usted o no.\u00a0<\/span><\/p>\n<p><span style=\"font-weight: 400;\">Grupo de abogados Premier<\/span><span style=\"font-weight: 400;\"> se dedica a brindarles a sus clientes asesor\u00eda legal confiable a medida que construyen sus reclamos por accidentes automovil\u00edsticos en Washington. Nuestro equipo legal se enorgullece de brindarles a los clientes el servicio especializado y \u00fanico que merecen. Puede programar una cita <\/span><a href=\"https:\/\/plg-pllc.com\/contact-us\/\"><span style=\"font-weight: 400;\">Consulta gratuita aqu\u00ed<\/span><\/a><span style=\"font-weight: 400;\"> o llame al (206) 880-7518.<\/span><\/p>\n\n        <div class=\"rs-content-cta\">\n            <p>Llamar o enviar mensaje de texto <a href=\"tel:+12062851743\">(206) 285-1743<\/a> o complete un formulario de evaluaci\u00f3n de caso gratuito<\/p>\n            <a href=\"https:\/\/plg-pllc.com\/es\/contact-us\/\" title=\"OBTENGA UNA EVALUACI\u00d3N DE CASO GRATUITA\" class=\"btn-global\">OBTENGA UNA EVALUACI\u00d3N DE CASO GRATUITA<\/a>\n                    <picture>\n                            <source srcset=\"https:\/\/plg-pllc.com\/wp-content\/themes\/plg-pllc-redesign\/assets\/app\/img\/cta-thumb.webp\" type=\"image\/webp\"\/>\n                            <img src=\"https:\/\/plg-pllc.com\/wp-content\/themes\/plg-pllc-redesign\/assets\/app\/img\/cta-thumb.png\" alt=\"Grupo de abogados Premier\" title=\"Grupo de abogados Premier\" width=\"245\" height=\"220\" loading=\"auto\" fetchpriority=\"auto\" decoding=\"async\"\/>\n        <\/picture>\n        \n        <\/div>","protected":false},"excerpt":{"rendered":"<p>Un accidente automovil\u00edstico puede ocurrir en un abrir y cerrar de ojos, dejando a las v\u00edctimas gravemente heridas o algo peor. En todo Estados Unidos, varios miles de personas pierden la vida en accidentes automovil\u00edsticos todos los d\u00edas. A las v\u00edctimas se les puede ofrecer un acuerdo despu\u00e9s de un accidente en lugar de presentar una demanda por accidente automovil\u00edstico. Si no est\u00e1 seguro\u2026<\/p>","protected":false},"author":24,"featured_media":18804,"parent":20714,"menu_order":0,"comment_status":"closed","ping_status":"closed","template":"","meta":{"_acf_changed":false,"_genesis_hide_title":false,"_genesis_hide_breadcrumbs":false,"_genesis_hide_singular_image":false,"_genesis_hide_footer_widgets":false,"_genesis_custom_body_class":"","_genesis_custom_post_class":"","_genesis_layout":"","footnotes":""},"hc_faqs":[10344],"class_list":{"0":"post-18801","1":"page","2":"type-page","3":"status-publish","4":"has-post-thumbnail","6":"hc_faqs-car-accident","7":"entry"},"acf":[],"yoast_head":"<!-- This site is optimized with the Yoast SEO plugin v27.4 - https:\/\/yoast.com\/product\/yoast-seo-wordpress\/ -->\n<title>When Should I Accept a Settlement Offer for a Car Accident<\/title>\n<meta name=\"description\" content=\"If you are unsure when you should accept a settlement offer for a car accident in Washington, contact our car accident lawyers today.\u00a0\" \/>\n<meta name=\"robots\" content=\"index, follow, max-snippet:-1, max-image-preview:large, max-video-preview:-1\" \/>\n<link rel=\"canonical\" href=\"https:\/\/plg-pllc.com\/es\/faqs\/when-should-i-accept-a-settlement-offer-for-a-car-accident-in-washington\/\" \/>\n<meta property=\"og:locale\" content=\"es_MX\" \/>\n<meta property=\"og:type\" content=\"article\" \/>\n<meta property=\"og:title\" content=\"When Should I Accept a Settlement Offer for a Car Accident\" \/>\n<meta property=\"og:description\" content=\"If you are unsure when you should accept a settlement offer for a car accident in Washington, contact our car accident lawyers today.\u00a0\" \/>\n<meta property=\"og:url\" content=\"https:\/\/plg-pllc.com\/es\/faqs\/when-should-i-accept-a-settlement-offer-for-a-car-accident-in-washington\/\" \/>\n<meta property=\"og:site_name\" content=\"Premier Law Group\" \/>\n<meta property=\"article:publisher\" content=\"https:\/\/www.facebook.com\/premierlawgroup\" \/>\n<meta property=\"article:modified_time\" content=\"2024-10-16T02:06:27+00:00\" \/>\n<meta property=\"og:image\" content=\"https:\/\/plg-pllc.com\/wp-content\/uploads\/2021\/10\/When-Should-I-Accept-a-Settlement-Offer-for-a-Car-Accident-in-Washington_.jpg\" \/>\n\t<meta property=\"og:image:width\" content=\"500\" \/>\n\t<meta property=\"og:image:height\" content=\"332\" \/>\n\t<meta property=\"og:image:type\" content=\"image\/jpeg\" \/>\n<meta name=\"twitter:card\" content=\"summary_large_image\" \/>\n<meta name=\"twitter:site\" content=\"@premierlawgroup\" \/>\n<meta name=\"twitter:label1\" content=\"Tiempo de lectura\" \/>\n\t<meta name=\"twitter:data1\" content=\"4 minutos\" \/>\n<script type=\"application\/ld+json\" class=\"yoast-schema-graph\">{\"@context\":\"https:\\\/\\\/schema.org\",\"@graph\":[{\"@type\":\"WebPage\",\"@id\":\"https:\\\/\\\/plg-pllc.com\\\/faqs\\\/when-should-i-accept-a-settlement-offer-for-a-car-accident-in-washington\\\/\",\"url\":\"https:\\\/\\\/plg-pllc.com\\\/faqs\\\/when-should-i-accept-a-settlement-offer-for-a-car-accident-in-washington\\\/\",\"name\":\"When Should I Accept a Settlement Offer for a Car Accident\",\"isPartOf\":{\"@id\":\"https:\\\/\\\/plg-pllc.com\\\/#website\"},\"primaryImageOfPage\":{\"@id\":\"https:\\\/\\\/plg-pllc.com\\\/faqs\\\/when-should-i-accept-a-settlement-offer-for-a-car-accident-in-washington\\\/#primaryimage\"},\"image\":{\"@id\":\"https:\\\/\\\/plg-pllc.com\\\/faqs\\\/when-should-i-accept-a-settlement-offer-for-a-car-accident-in-washington\\\/#primaryimage\"},\"thumbnailUrl\":\"https:\\\/\\\/plg-pllc.com\\\/wp-content\\\/uploads\\\/2021\\\/10\\\/When-Should-I-Accept-a-Settlement-Offer-for-a-Car-Accident-in-Washington_.jpg\",\"datePublished\":\"2021-09-07T13:51:00+00:00\",\"dateModified\":\"2024-10-16T02:06:27+00:00\",\"description\":\"If you are unsure when you should accept a settlement offer for a car accident in Washington, contact our car accident lawyers today.\u00a0\",\"breadcrumb\":{\"@id\":\"https:\\\/\\\/plg-pllc.com\\\/faqs\\\/when-should-i-accept-a-settlement-offer-for-a-car-accident-in-washington\\\/#breadcrumb\"},\"inLanguage\":\"es\",\"potentialAction\":[{\"@type\":\"ReadAction\",\"target\":[\"https:\\\/\\\/plg-pllc.com\\\/faqs\\\/when-should-i-accept-a-settlement-offer-for-a-car-accident-in-washington\\\/\"]}]},{\"@type\":\"ImageObject\",\"inLanguage\":\"es\",\"@id\":\"https:\\\/\\\/plg-pllc.com\\\/faqs\\\/when-should-i-accept-a-settlement-offer-for-a-car-accident-in-washington\\\/#primaryimage\",\"url\":\"https:\\\/\\\/plg-pllc.com\\\/wp-content\\\/uploads\\\/2021\\\/10\\\/When-Should-I-Accept-a-Settlement-Offer-for-a-Car-Accident-in-Washington_.jpg\",\"contentUrl\":\"https:\\\/\\\/plg-pllc.com\\\/wp-content\\\/uploads\\\/2021\\\/10\\\/When-Should-I-Accept-a-Settlement-Offer-for-a-Car-Accident-in-Washington_.jpg\",\"width\":500,\"height\":332},{\"@type\":\"BreadcrumbList\",\"@id\":\"https:\\\/\\\/plg-pllc.com\\\/faqs\\\/when-should-i-accept-a-settlement-offer-for-a-car-accident-in-washington\\\/#breadcrumb\",\"itemListElement\":[{\"@type\":\"ListItem\",\"position\":1,\"name\":\"Home\",\"item\":\"https:\\\/\\\/plg-pllc.com\\\/es\\\/\"},{\"@type\":\"ListItem\",\"position\":2,\"name\":\"FAQs\",\"item\":\"https:\\\/\\\/plg-pllc.com\\\/es\\\/faqs\\\/\"},{\"@type\":\"ListItem\",\"position\":3,\"name\":\"When Should I Accept a Settlement Offer for a Car Accident in Washington?\"}]},{\"@type\":\"WebSite\",\"@id\":\"https:\\\/\\\/plg-pllc.com\\\/#website\",\"url\":\"https:\\\/\\\/plg-pllc.com\\\/\",\"name\":\"Premier Law Group\",\"description\":\"Washington Wrongful Death and Serious Injury Lawyer\",\"publisher\":{\"@id\":\"https:\\\/\\\/plg-pllc.com\\\/#organization\"},\"inLanguage\":\"es\"},{\"@type\":\"Organization\",\"@id\":\"https:\\\/\\\/plg-pllc.com\\\/#organization\",\"name\":\"Premier Law Group\",\"url\":\"https:\\\/\\\/plg-pllc.com\\\/\",\"logo\":{\"@type\":\"ImageObject\",\"inLanguage\":\"es\",\"@id\":\"https:\\\/\\\/plg-pllc.com\\\/#\\\/schema\\\/logo\\\/image\\\/\",\"url\":\"https:\\\/\\\/plg-pllc.com\\\/wp-content\\\/uploads\\\/2020\\\/10\\\/plg-logo-v2.gif\",\"contentUrl\":\"https:\\\/\\\/plg-pllc.com\\\/wp-content\\\/uploads\\\/2020\\\/10\\\/plg-logo-v2.gif\",\"width\":592,\"height\":191,\"caption\":\"Premier Law Group\"},\"image\":{\"@id\":\"https:\\\/\\\/plg-pllc.com\\\/#\\\/schema\\\/logo\\\/image\\\/\"},\"sameAs\":[\"https:\\\/\\\/www.facebook.com\\\/premierlawgroup\",\"https:\\\/\\\/x.com\\\/premierlawgroup\"]}]}<\/script>\n<!-- \/ Yoast SEO plugin. -->","yoast_head_json":{"title":"\u00bfCu\u00e1ndo debo aceptar una oferta de compensaci\u00f3n por un accidente automovil\u00edstico?","description":"Si no est\u00e1 seguro de cu\u00e1ndo debe aceptar una oferta de acuerdo por un accidente automovil\u00edstico en Washington, comun\u00edquese con nuestros abogados de accidentes automovil\u00edsticos hoy.\u00a0","robots":{"index":"index","follow":"follow","max-snippet":"max-snippet:-1","max-image-preview":"max-image-preview:large","max-video-preview":"max-video-preview:-1"},"canonical":"https:\/\/plg-pllc.com\/es\/faqs\/when-should-i-accept-a-settlement-offer-for-a-car-accident-in-washington\/","og_locale":"es_MX","og_type":"article","og_title":"When Should I Accept a Settlement Offer for a Car Accident","og_description":"If you are unsure when you should accept a settlement offer for a car accident in Washington, contact our car accident lawyers today.\u00a0","og_url":"https:\/\/plg-pllc.com\/es\/faqs\/when-should-i-accept-a-settlement-offer-for-a-car-accident-in-washington\/","og_site_name":"Premier Law Group","article_publisher":"https:\/\/www.facebook.com\/premierlawgroup","article_modified_time":"2024-10-16T02:06:27+00:00","og_image":[{"width":500,"height":332,"url":"https:\/\/plg-pllc.com\/wp-content\/uploads\/2021\/10\/When-Should-I-Accept-a-Settlement-Offer-for-a-Car-Accident-in-Washington_.jpg","type":"image\/jpeg"}],"twitter_card":"summary_large_image","twitter_site":"@premierlawgroup","twitter_misc":{"Tiempo de lectura":"4 minutos"},"schema":{"@context":"https:\/\/schema.org","@graph":[{"@type":"WebPage","@id":"https:\/\/plg-pllc.com\/faqs\/when-should-i-accept-a-settlement-offer-for-a-car-accident-in-washington\/","url":"https:\/\/plg-pllc.com\/faqs\/when-should-i-accept-a-settlement-offer-for-a-car-accident-in-washington\/","name":"\u00bfCu\u00e1ndo debo aceptar una oferta de compensaci\u00f3n por un accidente automovil\u00edstico?","isPartOf":{"@id":"https:\/\/plg-pllc.com\/#website"},"primaryImageOfPage":{"@id":"https:\/\/plg-pllc.com\/faqs\/when-should-i-accept-a-settlement-offer-for-a-car-accident-in-washington\/#primaryimage"},"image":{"@id":"https:\/\/plg-pllc.com\/faqs\/when-should-i-accept-a-settlement-offer-for-a-car-accident-in-washington\/#primaryimage"},"thumbnailUrl":"https:\/\/plg-pllc.com\/wp-content\/uploads\/2021\/10\/When-Should-I-Accept-a-Settlement-Offer-for-a-Car-Accident-in-Washington_.jpg","datePublished":"2021-09-07T13:51:00+00:00","dateModified":"2024-10-16T02:06:27+00:00","description":"Si no est\u00e1 seguro de cu\u00e1ndo debe aceptar una oferta de acuerdo por un accidente automovil\u00edstico en Washington, comun\u00edquese con nuestros abogados de accidentes automovil\u00edsticos hoy.\u00a0","breadcrumb":{"@id":"https:\/\/plg-pllc.com\/faqs\/when-should-i-accept-a-settlement-offer-for-a-car-accident-in-washington\/#breadcrumb"},"inLanguage":"es","potentialAction":[{"@type":"ReadAction","target":["https:\/\/plg-pllc.com\/faqs\/when-should-i-accept-a-settlement-offer-for-a-car-accident-in-washington\/"]}]},{"@type":"ImageObject","inLanguage":"es","@id":"https:\/\/plg-pllc.com\/faqs\/when-should-i-accept-a-settlement-offer-for-a-car-accident-in-washington\/#primaryimage","url":"https:\/\/plg-pllc.com\/wp-content\/uploads\/2021\/10\/When-Should-I-Accept-a-Settlement-Offer-for-a-Car-Accident-in-Washington_.jpg","contentUrl":"https:\/\/plg-pllc.com\/wp-content\/uploads\/2021\/10\/When-Should-I-Accept-a-Settlement-Offer-for-a-Car-Accident-in-Washington_.jpg","width":500,"height":332},{"@type":"BreadcrumbList","@id":"https:\/\/plg-pllc.com\/faqs\/when-should-i-accept-a-settlement-offer-for-a-car-accident-in-washington\/#breadcrumb","itemListElement":[{"@type":"ListItem","position":1,"name":"Home","item":"https:\/\/plg-pllc.com\/es\/"},{"@type":"ListItem","position":2,"name":"FAQs","item":"https:\/\/plg-pllc.com\/es\/faqs\/"},{"@type":"ListItem","position":3,"name":"When Should I Accept a Settlement Offer for a Car Accident in Washington?"}]},{"@type":"WebSite","@id":"https:\/\/plg-pllc.com\/#website","url":"https:\/\/plg-pllc.com\/","name":"Grupo de abogados Premier","description":"Abogado de muerte por negligencia y lesiones graves en Washington","publisher":{"@id":"https:\/\/plg-pllc.com\/#organization"},"inLanguage":"es"},{"@type":"Organization","@id":"https:\/\/plg-pllc.com\/#organization","name":"Grupo de abogados Premier","url":"https:\/\/plg-pllc.com\/","logo":{"@type":"ImageObject","inLanguage":"es","@id":"https:\/\/plg-pllc.com\/#\/schema\/logo\/image\/","url":"https:\/\/plg-pllc.com\/wp-content\/uploads\/2020\/10\/plg-logo-v2.gif","contentUrl":"https:\/\/plg-pllc.com\/wp-content\/uploads\/2020\/10\/plg-logo-v2.gif","width":592,"height":191,"caption":"Premier Law Group"},"image":{"@id":"https:\/\/plg-pllc.com\/#\/schema\/logo\/image\/"},"sameAs":["https:\/\/www.facebook.com\/premierlawgroup","https:\/\/x.com\/premierlawgroup"]}]}},"_links":{"self":[{"href":"https:\/\/plg-pllc.com\/es\/wp-json\/wp\/v2\/pages\/18801","targetHints":{"allow":["GET"]}}],"collection":[{"href":"https:\/\/plg-pllc.com\/es\/wp-json\/wp\/v2\/pages"}],"about":[{"href":"https:\/\/plg-pllc.com\/es\/wp-json\/wp\/v2\/types\/page"}],"author":[{"embeddable":true,"href":"https:\/\/plg-pllc.com\/es\/wp-json\/wp\/v2\/users\/24"}],"replies":[{"embeddable":true,"href":"https:\/\/plg-pllc.com\/es\/wp-json\/wp\/v2\/comments?post=18801"}],"version-history":[{"count":0,"href":"https:\/\/plg-pllc.com\/es\/wp-json\/wp\/v2\/pages\/18801\/revisions"}],"up":[{"embeddable":true,"href":"https:\/\/plg-pllc.com\/es\/wp-json\/wp\/v2\/pages\/20714"}],"wp:featuredmedia":[{"embeddable":true,"href":"https:\/\/plg-pllc.com\/es\/wp-json\/wp\/v2\/media\/18804"}],"wp:attachment":[{"href":"https:\/\/plg-pllc.com\/es\/wp-json\/wp\/v2\/media?parent=18801"}],"wp:term":[{"taxonomy":"hc_faqs","embeddable":true,"href":"https:\/\/plg-pllc.com\/es\/wp-json\/wp\/v2\/hc_faqs?post=18801"}],"curies":[{"name":"gracias","href":"https:\/\/api.w.org\/{rel}","templated":true}]}}