{"id":19000,"date":"2021-10-05T09:45:00","date_gmt":"2021-10-05T16:45:00","guid":{"rendered":"https:\/\/plg-pllc.com\/?p=19000"},"modified":"2026-03-24T15:07:50","modified_gmt":"2026-03-24T22:07:50","slug":"top-5-signs-your-insurance-company-is-offering-a-lowball-settlement","status":"publish","type":"page","link":"https:\/\/plg-pllc.com\/es\/faqs\/top-5-signs-your-insurance-company-is-offering-a-lowball-settlement\/","title":{"rendered":"Las 5 principales se\u00f1ales de que su compa\u00f1\u00eda de seguros le est\u00e1 ofreciendo un acuerdo muy bajo"},"content":{"rendered":"<p>Cuando sufre lesiones en un accidente de tr\u00e1fico, de repente se enfrenta a muchos retos. Tiene que hacer malabarismos para coordinar el tiempo libre del trabajo, el transporte de ida y vuelta a las citas m\u00e9dicas y calcular cu\u00e1nto cubrir\u00e1 su seguro m\u00e9dico. Adem\u00e1s de todos estos problemas, todav\u00eda tiene que ocuparse de sus responsabilidades cotidianas normales mientras se recupera de su lesi\u00f3n. Una fuente de consuelo para usted puede ser saber que hizo todo lo posible para evitar el accidente; por lo tanto, no fue negligente.\u00a0<\/p>\r\n\r\n\r\n\r\n<p>Aunque hayas hecho todo lo posible para evitar el accidente, la compa\u00f1\u00eda de seguros del otro conductor podr\u00eda ponerse en contacto contigo y hacerte una oferta de liquidaci\u00f3n sorprendentemente baja. Despu\u00e9s de pensarlo un momento, es posible que te preguntes si esa oferta es suficiente. En algunos casos, las compa\u00f1\u00edas de seguros pueden hacerte una oferta que es irrealmente inferior a lo que realmente se te debe. Esta pr\u00e1ctica se denomina &quot;oferta de liquidaci\u00f3n a la baja&quot;, y las compa\u00f1\u00edas de seguros son conocidas por hacer ofertas de liquidaci\u00f3n a la baja con demasiada frecuencia.<\/p>\r\n\r\n\r\n\r\n<h2 class=\"wp-block-heading\" id=\"h-five-ways-insurance-companies-try-to-force-you-to-accept-a-lowball-settlement-offer\">Cinco formas en que las compa\u00f1\u00edas de seguros intentan obligarlo a aceptar una oferta de liquidaci\u00f3n muy baja<\/h2>\r\n\r\n\r\n\r\n<p>Si ha sufrido lesiones en un accidente, debe conocer ciertas t\u00e1cticas que utilizan las compa\u00f1\u00edas de seguros para obligarlo a aceptar una oferta muy baja. A continuaci\u00f3n, se enumeran cinco formas en las que las compa\u00f1\u00edas de seguros intentan obligarlo a aceptar una oferta de indemnizaci\u00f3n muy baja:<\/p>\r\n\r\n\r\n\r\n<h3 class=\"wp-block-heading\" id=\"h-their-offer-comes-in-fast\">Su oferta llega r\u00e1pidamente<\/h3>\r\n\r\n\r\n\r\n<p>Los accidentes son ca\u00f3ticos y desordenados, al igual que las consecuencias. Los servicios de emergencia llegan al lugar, toman declaraciones, se aseguran de que las v\u00edctimas reciban atenci\u00f3n m\u00e9dica y hacen que los equipos limpien el desastre. Si bien la urgencia de un accidente puede ocurrir en un abrir y cerrar de ojos, el proceso de reclamo de seguros resultante llevar\u00e1 m\u00e1s tiempo. Si un representante de seguros lo recibe en su habitaci\u00f3n del hospital el d\u00eda del accidente y le ofrece un cheque, lo m\u00e1s probable es que lo est\u00e9n apurando y le est\u00e9n ofreciendo un acuerdo injustamente bajo.<\/p>\r\n\r\n\r\n\r\n<p>Cuanto m\u00e1s tarden en ponerse en contacto con usted, m\u00e1s tiempo tendr\u00e1 a su disposici\u00f3n para investigar sus opciones y ponerse en contacto con un abogado experto. Necesita tiempo para comprender el verdadero valor y el alcance de sus lesiones.\u00a0<\/p>\r\n\r\n\r\n\r\n<h3 class=\"wp-block-heading\" id=\"h-they-are-pressuring-you\">Te est\u00e1n presionando<\/h3>\r\n\r\n\r\n\r\n<p>Si un perito de seguros sabe que su reclamaci\u00f3n es demasiado baja, lo presionar\u00e1 para que acepte. Esta persona puede acosarlo o incluso intimidarlo. Quieren que acepte el dinero y se vaya, y la oferta baja combinada con la presi\u00f3n es una se\u00f1al de que la oferta no es suficiente.<br \/>Si lo est\u00e1n intimidando o presionando, deje de comunicarse con el representante de seguros. Debe obtener representaci\u00f3n legal para que lo defienda.<\/p>\r\n\r\n\r\n\r\n\n        <div class=\"rs-content-cta long\">\n            <p>Para una consulta legal GRATUITA, llame al <a href=\"tel:+12062851743\">(206) 285-1743 <\/a><\/p>\n            <a href=\"https:\/\/plg-pllc.com\/es\/contact-us\/\" title=\"OBTENGA UNA EVALUACI\u00d3N DE CASO GRATUITA\" class=\"btn-global\">OBTENGA UNA EVALUACI\u00d3N DE CASO GRATUITA<\/a>\n                    <picture>\n                            <source srcset=\"https:\/\/plg-pllc.com\/wp-content\/themes\/plg-pllc-redesign\/assets\/app\/img\/cta-thumb.webp\" type=\"image\/webp\"\/>\n                            <img src=\"https:\/\/plg-pllc.com\/wp-content\/themes\/plg-pllc-redesign\/assets\/app\/img\/cta-thumb.png\" alt=\"Grupo de abogados Premier\" title=\"Grupo de abogados Premier\" width=\"245\" height=\"220\" loading=\"auto\" fetchpriority=\"auto\" decoding=\"async\"\/>\n        <\/picture>\n        \n        <\/div><h3 class=\"wp-block-heading\" id=\"h-they-will-not-explain-the-math\">No explicar\u00e1n las matem\u00e1ticas<\/h3>\r\n\r\n\r\n\r\n<p>Despu\u00e9s de recibir una primera oferta, es natural que surjan preguntas. Una primera pregunta razonable ser\u00eda c\u00f3mo calcularon su dolor y sufrimiento o c\u00f3mo calcularon sus gastos m\u00e9dicos. Estas preguntas son especialmente importantes si esa oferta llega poco despu\u00e9s del accidente.<\/p>\r\n\r\n\r\n\r\n<p>Si el ajustador esquiva sus preguntas o se niega a explicar su estimaci\u00f3n, es porque le est\u00e1 dando una oferta muy baja. Quieren que usted acepte renunciar a su derecho a demandarlos. Una buena oferta les permitir\u00e1 explicar f\u00e1cilmente c\u00f3mo llegaron a esa cifra. No tenga miedo de negociar. No deber\u00eda caer en la tentaci\u00f3n de negociar. <a href=\"https:\/\/www.guardian2zotagl6tmjucg3lrhxdk4dw3lhbqnkvvkywawy3oqfoprid.onion\/us-news\/2019\/nov\/14\/health-insurance-medical-bankruptcy-debt\/\" target=\"_blank\" rel=\"noreferrer noopener\">Quiebra m\u00e9dica<\/a> Porque una compa\u00f1\u00eda de seguros quer\u00eda ahorrarse unos d\u00f3lares.\u00a0<\/p>\r\n\r\n\r\n\r\n<h3 class=\"wp-block-heading\" id=\"h-the-adjuster-ignores-dismisses-evidence-or-questions-your-injuries\">El ajustador ignora\/desestima la evidencia o cuestiona sus lesiones<\/h3>\r\n\r\n\r\n\r\n<p>Si presenta facturas m\u00e9dicas, fotograf\u00edas y otros documentos a la compa\u00f1\u00eda de seguros y esta decide no tenerlos en cuenta en el monto del acuerdo, lo m\u00e1s probable es que no le est\u00e9n ofreciendo un acuerdo justo. Si el perito afirma que la documentaci\u00f3n es irrelevante, es una se\u00f1al de alerta de que le est\u00e1n subestimando el monto.<\/p>\r\n\r\n\r\n\r\n<p>Los peritos de seguros buscan cualquier justificaci\u00f3n para reducir su indemnizaci\u00f3n. El perito puede insinuar que una condici\u00f3n preexistente puede haber causado el accidente, manipularlo para convencerlo de que sus lesiones no son tan graves o decirle que est\u00e1 haciendo perder el tiempo a todos. Si un perito de seguros no act\u00faa de buena fe, debe contratar a un abogado local para que lo ayude a comprender el verdadero costo de su indemnizaci\u00f3n.<\/p>\r\n\r\n\r\n\r\n<h3 class=\"wp-block-heading\" id=\"h-the-adjuster-blames-you\">El ajustador te culpa a ti<\/h3>\r\n\r\n\r\n\r\n<p>Usted es la v\u00edctima. La compa\u00f1\u00eda de seguros puede intentar culparlo a usted por el accidente. Debe contar con un abogado experto de su lado que pueda proteger sus derechos y luchar por la compensaci\u00f3n que merece.\u00a0<\/p>\r\n\r\n\r\n\r\n<h2 class=\"wp-block-heading\" id=\"h-contact-the-personal-injury-attorneys-at-premier-law-group-today\">Comun\u00edquese hoy mismo con los abogados especializados en lesiones personales de Premier Law Group<\/h2>\r\n\r\n\r\n\r\n<p><a href=\"https:\/\/plg-pllc.com\">Grupo de abogados Premier<\/a> Cuenta con algunos de los mejores <a href=\"https:\/\/plg-pllc.com\/seattle\/personal-injury-lawyer\/\">abogados de lesiones personales<\/a> en el \u00e1rea de Seattle. Contamos con d\u00e9cadas de experiencia combinada negociando con compa\u00f1\u00edas de seguros y luchando por nuestros clientes. Si ha resultado herido en un accidente automovil\u00edstico y cree que un ajustador de seguros le ha ofrecido un acuerdo bajo, puede comunicarse con nosotros. <a href=\"https:\/\/plg-pllc.com\/contact-us\/\">en l\u00ednea<\/a> o ll\u00e1menos al (206) 880-7518.<\/p>\r\n\n        <div class=\"rs-content-cta\">\n            <p>Llamar o enviar mensaje de texto <a href=\"tel:+12062851743\">(206) 285-1743<\/a> o complete un formulario de evaluaci\u00f3n de caso gratuito<\/p>\n            <a href=\"https:\/\/plg-pllc.com\/es\/contact-us\/\" title=\"OBTENGA UNA EVALUACI\u00d3N DE CASO GRATUITA\" class=\"btn-global\">OBTENGA UNA EVALUACI\u00d3N DE CASO GRATUITA<\/a>\n                    <picture>\n                            <source srcset=\"https:\/\/plg-pllc.com\/wp-content\/themes\/plg-pllc-redesign\/assets\/app\/img\/cta-thumb.webp\" type=\"image\/webp\"\/>\n                            <img src=\"https:\/\/plg-pllc.com\/wp-content\/themes\/plg-pllc-redesign\/assets\/app\/img\/cta-thumb.png\" alt=\"Grupo de abogados Premier\" title=\"Grupo de abogados Premier\" width=\"245\" height=\"220\" loading=\"auto\" fetchpriority=\"auto\" decoding=\"async\"\/>\n        <\/picture>\n        \n        <\/div>","protected":false},"excerpt":{"rendered":"<p>Cuando sufres lesiones en un accidente de tr\u00e1fico, de repente te enfrentas a muchos retos. Tienes que hacer malabarismos para coordinar el tiempo libre del trabajo, el transporte para ir y volver de las citas m\u00e9dicas y calcular cu\u00e1nto cubrir\u00e1 tu seguro m\u00e9dico. Adem\u00e1s de todos estos problemas, todav\u00eda tienes que gestionar tus responsabilidades cotidianas normales...<\/p>","protected":false},"author":24,"featured_media":19004,"parent":20714,"menu_order":0,"comment_status":"closed","ping_status":"closed","template":"","meta":{"_acf_changed":false,"_genesis_hide_title":false,"_genesis_hide_breadcrumbs":false,"_genesis_hide_singular_image":false,"_genesis_hide_footer_widgets":false,"_genesis_custom_body_class":"","_genesis_custom_post_class":"","_genesis_layout":"","footnotes":""},"hc_faqs":[10365],"class_list":{"0":"post-19000","1":"page","2":"type-page","3":"status-publish","4":"has-post-thumbnail","6":"hc_faqs-insurance-claims","7":"entry"},"acf":[],"yoast_head":"<!-- This site is optimized with the Yoast SEO plugin v27.4 - https:\/\/yoast.com\/product\/yoast-seo-wordpress\/ -->\n<title>Top 5 Signs Your Insurance Company Is Offering a Lowball Settlement<\/title>\n<meta name=\"description\" content=\"Top 5 Signs Your Insurance Company Is Offering a Lowball Settlement: Premier Law Group helps you unlock the full compensation you deserve. No Fee Unless We Win.\" \/>\n<meta name=\"robots\" content=\"index, follow, max-snippet:-1, max-image-preview:large, max-video-preview:-1\" \/>\n<link rel=\"canonical\" href=\"https:\/\/plg-pllc.com\/es\/faqs\/top-5-signs-your-insurance-company-is-offering-a-lowball-settlement\/\" \/>\n<meta property=\"og:locale\" content=\"es_MX\" \/>\n<meta property=\"og:type\" content=\"article\" \/>\n<meta property=\"og:title\" content=\"Top 5 Signs Your Insurance Company Is Offering a Lowball Settlement\" \/>\n<meta property=\"og:description\" content=\"Top 5 Signs Your Insurance Company Is Offering a Lowball Settlement: Premier Law Group helps you unlock the full compensation you deserve. No Fee Unless We Win.\" \/>\n<meta property=\"og:url\" content=\"https:\/\/plg-pllc.com\/es\/faqs\/top-5-signs-your-insurance-company-is-offering-a-lowball-settlement\/\" \/>\n<meta property=\"og:site_name\" content=\"Premier Law Group\" \/>\n<meta property=\"article:publisher\" content=\"https:\/\/www.facebook.com\/premierlawgroup\" \/>\n<meta property=\"article:modified_time\" content=\"2026-03-24T22:07:50+00:00\" \/>\n<meta property=\"og:image\" content=\"https:\/\/plg-pllc.com\/wp-content\/uploads\/2021\/11\/Top-5-Signs-Your-Insurance-Company-Is-Offering-a-Lowball-Settlement.jpg\" \/>\n\t<meta property=\"og:image:width\" content=\"500\" \/>\n\t<meta property=\"og:image:height\" content=\"333\" \/>\n\t<meta property=\"og:image:type\" content=\"image\/jpeg\" \/>\n<meta name=\"twitter:card\" content=\"summary_large_image\" \/>\n<meta name=\"twitter:site\" content=\"@premierlawgroup\" \/>\n<meta name=\"twitter:label1\" content=\"Tiempo de lectura\" \/>\n\t<meta name=\"twitter:data1\" content=\"4 minutos\" \/>\n<script type=\"application\/ld+json\" class=\"yoast-schema-graph\">{\"@context\":\"https:\\\/\\\/schema.org\",\"@graph\":[{\"@type\":\"WebPage\",\"@id\":\"https:\\\/\\\/plg-pllc.com\\\/faqs\\\/top-5-signs-your-insurance-company-is-offering-a-lowball-settlement\\\/\",\"url\":\"https:\\\/\\\/plg-pllc.com\\\/faqs\\\/top-5-signs-your-insurance-company-is-offering-a-lowball-settlement\\\/\",\"name\":\"Top 5 Signs Your Insurance Company Is Offering a Lowball Settlement\",\"isPartOf\":{\"@id\":\"https:\\\/\\\/plg-pllc.com\\\/#website\"},\"primaryImageOfPage\":{\"@id\":\"https:\\\/\\\/plg-pllc.com\\\/faqs\\\/top-5-signs-your-insurance-company-is-offering-a-lowball-settlement\\\/#primaryimage\"},\"image\":{\"@id\":\"https:\\\/\\\/plg-pllc.com\\\/faqs\\\/top-5-signs-your-insurance-company-is-offering-a-lowball-settlement\\\/#primaryimage\"},\"thumbnailUrl\":\"https:\\\/\\\/plg-pllc.com\\\/wp-content\\\/uploads\\\/2021\\\/11\\\/Top-5-Signs-Your-Insurance-Company-Is-Offering-a-Lowball-Settlement.jpg\",\"datePublished\":\"2021-10-05T16:45:00+00:00\",\"dateModified\":\"2026-03-24T22:07:50+00:00\",\"description\":\"Top 5 Signs Your Insurance Company Is Offering a Lowball Settlement: Premier Law Group helps you unlock the full compensation you deserve. No Fee Unless We Win.\",\"breadcrumb\":{\"@id\":\"https:\\\/\\\/plg-pllc.com\\\/faqs\\\/top-5-signs-your-insurance-company-is-offering-a-lowball-settlement\\\/#breadcrumb\"},\"inLanguage\":\"es\",\"potentialAction\":[{\"@type\":\"ReadAction\",\"target\":[\"https:\\\/\\\/plg-pllc.com\\\/faqs\\\/top-5-signs-your-insurance-company-is-offering-a-lowball-settlement\\\/\"]}]},{\"@type\":\"ImageObject\",\"inLanguage\":\"es\",\"@id\":\"https:\\\/\\\/plg-pllc.com\\\/faqs\\\/top-5-signs-your-insurance-company-is-offering-a-lowball-settlement\\\/#primaryimage\",\"url\":\"https:\\\/\\\/plg-pllc.com\\\/wp-content\\\/uploads\\\/2021\\\/11\\\/Top-5-Signs-Your-Insurance-Company-Is-Offering-a-Lowball-Settlement.jpg\",\"contentUrl\":\"https:\\\/\\\/plg-pllc.com\\\/wp-content\\\/uploads\\\/2021\\\/11\\\/Top-5-Signs-Your-Insurance-Company-Is-Offering-a-Lowball-Settlement.jpg\",\"width\":500,\"height\":333,\"caption\":\"Top 5 Signs Your Insurance Company Is Offering a Lowball Settlement\"},{\"@type\":\"BreadcrumbList\",\"@id\":\"https:\\\/\\\/plg-pllc.com\\\/faqs\\\/top-5-signs-your-insurance-company-is-offering-a-lowball-settlement\\\/#breadcrumb\",\"itemListElement\":[{\"@type\":\"ListItem\",\"position\":1,\"name\":\"Home\",\"item\":\"https:\\\/\\\/plg-pllc.com\\\/es\\\/\"},{\"@type\":\"ListItem\",\"position\":2,\"name\":\"FAQs\",\"item\":\"https:\\\/\\\/plg-pllc.com\\\/es\\\/faqs\\\/\"},{\"@type\":\"ListItem\",\"position\":3,\"name\":\"Top 5 Signs Your Insurance Company Is Offering a Lowball Settlement\"}]},{\"@type\":\"WebSite\",\"@id\":\"https:\\\/\\\/plg-pllc.com\\\/#website\",\"url\":\"https:\\\/\\\/plg-pllc.com\\\/\",\"name\":\"Premier Law Group\",\"description\":\"Washington Wrongful Death and Serious Injury Lawyer\",\"publisher\":{\"@id\":\"https:\\\/\\\/plg-pllc.com\\\/#organization\"},\"inLanguage\":\"es\"},{\"@type\":\"Organization\",\"@id\":\"https:\\\/\\\/plg-pllc.com\\\/#organization\",\"name\":\"Premier Law Group\",\"url\":\"https:\\\/\\\/plg-pllc.com\\\/\",\"logo\":{\"@type\":\"ImageObject\",\"inLanguage\":\"es\",\"@id\":\"https:\\\/\\\/plg-pllc.com\\\/#\\\/schema\\\/logo\\\/image\\\/\",\"url\":\"https:\\\/\\\/plg-pllc.com\\\/wp-content\\\/uploads\\\/2020\\\/10\\\/plg-logo-v2.gif\",\"contentUrl\":\"https:\\\/\\\/plg-pllc.com\\\/wp-content\\\/uploads\\\/2020\\\/10\\\/plg-logo-v2.gif\",\"width\":592,\"height\":191,\"caption\":\"Premier Law Group\"},\"image\":{\"@id\":\"https:\\\/\\\/plg-pllc.com\\\/#\\\/schema\\\/logo\\\/image\\\/\"},\"sameAs\":[\"https:\\\/\\\/www.facebook.com\\\/premierlawgroup\",\"https:\\\/\\\/x.com\\\/premierlawgroup\"]}]}<\/script>\n<!-- \/ Yoast SEO plugin. -->","yoast_head_json":{"title":"Las 5 principales se\u00f1ales de que su compa\u00f1\u00eda de seguros le est\u00e1 ofreciendo un acuerdo muy bajo","description":"Las 5 principales se\u00f1ales de que su compa\u00f1\u00eda de seguros le ofrece un acuerdo muy bajo: Premier Law Group le ayuda a conseguir la compensaci\u00f3n total que se merece. Sin cargo a menos que ganemos.","robots":{"index":"index","follow":"follow","max-snippet":"max-snippet:-1","max-image-preview":"max-image-preview:large","max-video-preview":"max-video-preview:-1"},"canonical":"https:\/\/plg-pllc.com\/es\/faqs\/top-5-signs-your-insurance-company-is-offering-a-lowball-settlement\/","og_locale":"es_MX","og_type":"article","og_title":"Top 5 Signs Your Insurance Company Is Offering a Lowball Settlement","og_description":"Top 5 Signs Your Insurance Company Is Offering a Lowball Settlement: Premier Law Group helps you unlock the full compensation you deserve. No Fee Unless We Win.","og_url":"https:\/\/plg-pllc.com\/es\/faqs\/top-5-signs-your-insurance-company-is-offering-a-lowball-settlement\/","og_site_name":"Premier Law Group","article_publisher":"https:\/\/www.facebook.com\/premierlawgroup","article_modified_time":"2026-03-24T22:07:50+00:00","og_image":[{"width":500,"height":333,"url":"https:\/\/plg-pllc.com\/wp-content\/uploads\/2021\/11\/Top-5-Signs-Your-Insurance-Company-Is-Offering-a-Lowball-Settlement.jpg","type":"image\/jpeg"}],"twitter_card":"summary_large_image","twitter_site":"@premierlawgroup","twitter_misc":{"Tiempo de lectura":"4 minutos"},"schema":{"@context":"https:\/\/schema.org","@graph":[{"@type":"WebPage","@id":"https:\/\/plg-pllc.com\/faqs\/top-5-signs-your-insurance-company-is-offering-a-lowball-settlement\/","url":"https:\/\/plg-pllc.com\/faqs\/top-5-signs-your-insurance-company-is-offering-a-lowball-settlement\/","name":"Las 5 principales se\u00f1ales de que su compa\u00f1\u00eda de seguros le est\u00e1 ofreciendo un acuerdo muy bajo","isPartOf":{"@id":"https:\/\/plg-pllc.com\/#website"},"primaryImageOfPage":{"@id":"https:\/\/plg-pllc.com\/faqs\/top-5-signs-your-insurance-company-is-offering-a-lowball-settlement\/#primaryimage"},"image":{"@id":"https:\/\/plg-pllc.com\/faqs\/top-5-signs-your-insurance-company-is-offering-a-lowball-settlement\/#primaryimage"},"thumbnailUrl":"https:\/\/plg-pllc.com\/wp-content\/uploads\/2021\/11\/Top-5-Signs-Your-Insurance-Company-Is-Offering-a-Lowball-Settlement.jpg","datePublished":"2021-10-05T16:45:00+00:00","dateModified":"2026-03-24T22:07:50+00:00","description":"Las 5 principales se\u00f1ales de que su compa\u00f1\u00eda de seguros le ofrece un acuerdo muy bajo: Premier Law Group le ayuda a conseguir la compensaci\u00f3n total que se merece. Sin cargo a menos que ganemos.","breadcrumb":{"@id":"https:\/\/plg-pllc.com\/faqs\/top-5-signs-your-insurance-company-is-offering-a-lowball-settlement\/#breadcrumb"},"inLanguage":"es","potentialAction":[{"@type":"ReadAction","target":["https:\/\/plg-pllc.com\/faqs\/top-5-signs-your-insurance-company-is-offering-a-lowball-settlement\/"]}]},{"@type":"ImageObject","inLanguage":"es","@id":"https:\/\/plg-pllc.com\/faqs\/top-5-signs-your-insurance-company-is-offering-a-lowball-settlement\/#primaryimage","url":"https:\/\/plg-pllc.com\/wp-content\/uploads\/2021\/11\/Top-5-Signs-Your-Insurance-Company-Is-Offering-a-Lowball-Settlement.jpg","contentUrl":"https:\/\/plg-pllc.com\/wp-content\/uploads\/2021\/11\/Top-5-Signs-Your-Insurance-Company-Is-Offering-a-Lowball-Settlement.jpg","width":500,"height":333,"caption":"Top 5 Signs Your Insurance Company Is Offering a Lowball Settlement"},{"@type":"BreadcrumbList","@id":"https:\/\/plg-pllc.com\/faqs\/top-5-signs-your-insurance-company-is-offering-a-lowball-settlement\/#breadcrumb","itemListElement":[{"@type":"ListItem","position":1,"name":"Home","item":"https:\/\/plg-pllc.com\/es\/"},{"@type":"ListItem","position":2,"name":"FAQs","item":"https:\/\/plg-pllc.com\/es\/faqs\/"},{"@type":"ListItem","position":3,"name":"Top 5 Signs Your Insurance Company Is Offering a Lowball Settlement"}]},{"@type":"WebSite","@id":"https:\/\/plg-pllc.com\/#website","url":"https:\/\/plg-pllc.com\/","name":"Grupo de abogados Premier","description":"Abogado de muerte por negligencia y lesiones graves en Washington","publisher":{"@id":"https:\/\/plg-pllc.com\/#organization"},"inLanguage":"es"},{"@type":"Organization","@id":"https:\/\/plg-pllc.com\/#organization","name":"Grupo de abogados Premier","url":"https:\/\/plg-pllc.com\/","logo":{"@type":"ImageObject","inLanguage":"es","@id":"https:\/\/plg-pllc.com\/#\/schema\/logo\/image\/","url":"https:\/\/plg-pllc.com\/wp-content\/uploads\/2020\/10\/plg-logo-v2.gif","contentUrl":"https:\/\/plg-pllc.com\/wp-content\/uploads\/2020\/10\/plg-logo-v2.gif","width":592,"height":191,"caption":"Premier Law Group"},"image":{"@id":"https:\/\/plg-pllc.com\/#\/schema\/logo\/image\/"},"sameAs":["https:\/\/www.facebook.com\/premierlawgroup","https:\/\/x.com\/premierlawgroup"]}]}},"_links":{"self":[{"href":"https:\/\/plg-pllc.com\/es\/wp-json\/wp\/v2\/pages\/19000","targetHints":{"allow":["GET"]}}],"collection":[{"href":"https:\/\/plg-pllc.com\/es\/wp-json\/wp\/v2\/pages"}],"about":[{"href":"https:\/\/plg-pllc.com\/es\/wp-json\/wp\/v2\/types\/page"}],"author":[{"embeddable":true,"href":"https:\/\/plg-pllc.com\/es\/wp-json\/wp\/v2\/users\/24"}],"replies":[{"embeddable":true,"href":"https:\/\/plg-pllc.com\/es\/wp-json\/wp\/v2\/comments?post=19000"}],"version-history":[{"count":0,"href":"https:\/\/plg-pllc.com\/es\/wp-json\/wp\/v2\/pages\/19000\/revisions"}],"up":[{"embeddable":true,"href":"https:\/\/plg-pllc.com\/es\/wp-json\/wp\/v2\/pages\/20714"}],"wp:featuredmedia":[{"embeddable":true,"href":"https:\/\/plg-pllc.com\/es\/wp-json\/wp\/v2\/media\/19004"}],"wp:attachment":[{"href":"https:\/\/plg-pllc.com\/es\/wp-json\/wp\/v2\/media?parent=19000"}],"wp:term":[{"taxonomy":"hc_faqs","embeddable":true,"href":"https:\/\/plg-pllc.com\/es\/wp-json\/wp\/v2\/hc_faqs?post=19000"}],"curies":[{"name":"gracias","href":"https:\/\/api.w.org\/{rel}","templated":true}]}}