{"id":19037,"date":"2024-10-10T00:17:09","date_gmt":"2024-10-10T07:17:09","guid":{"rendered":"https:\/\/plg-pllc.com\/?page_id=19037"},"modified":"2025-02-14T14:05:21","modified_gmt":"2025-02-14T22:05:21","slug":"bellevue-pedestrian-accident-lawyer","status":"publish","type":"page","link":"https:\/\/plg-pllc.com\/es\/bellevue\/pedestrian-accident-lawyer\/","title":{"rendered":"Abogado de accidentes de peatones en Bellevue"},"content":{"rendered":"<p><span style=\"font-weight: 400;\">Aunque Bellevue cuenta con muchos vecindarios transitables a pie, los conductores negligentes pueden hacer que estas calles sean peligrosas para transitar. Si un conductor imprudente o distra\u00eddo lo atropell\u00f3, podr\u00eda tener que lidiar con lesiones dolorosas, facturas m\u00e9dicas y una serie de otros problemas. Afortunadamente, el <\/span><a href=\"https:\/\/plg-pllc.com\/\"><span style=\"font-weight: 400;\">Abogado de lesiones personales en Bellevue<\/span><\/a><span style=\"font-weight: 400;\"> En Premier Law Group podemos ayudarle a recuperarse.<\/span><\/p>\n<p><span style=\"font-weight: 400;\">Un abogado de accidentes de peatones de Bellevue de nuestra firma puede presentar una reclamaci\u00f3n ante el proveedor de seguros del conductor culpable o, seg\u00fan su situaci\u00f3n, presentar una demanda contra el conductor. Si su caso tiene \u00e9xito, podr\u00eda recibir una cantidad de da\u00f1os y perjuicios <\/span><b>Le ayudaremos en su viaje hacia la recuperaci\u00f3n f\u00edsica y financiera.<\/b><span style=\"font-weight: 400;\">.<\/span><\/p>\n<h2>Compensaci\u00f3n que un abogado de accidentes de peatones de Bellevue de nuestro equipo puede obtener<\/h2>\n<p><span style=\"font-weight: 400;\">Una lesi\u00f3n grave causada por un accidente peatonal puede resultar en una serie de p\u00e9rdidas financieras y dificultades que le har\u00e1n la vida m\u00e1s dif\u00edcil. Afortunadamente, nuestros abogados pueden <\/span><b>negociar con compa\u00f1\u00edas de seguros<\/b><span style=\"font-weight: 400;\"> para obtener los da\u00f1os que necesita para reconstruir su vida y reemplazar sus p\u00e9rdidas econ\u00f3micas.<\/span><\/p>\n<p><span style=\"font-weight: 400;\">Dependiendo de c\u00f3mo el accidente haya impactado su vida, nuestros abogados de accidentes peatonales en Bellevue pueden reclamarle cualquiera de los siguientes da\u00f1os econ\u00f3micos y no econ\u00f3micos:<\/span><\/p>\n<ul>\n<li style=\"font-weight: 400;\" aria-level=\"1\"><span style=\"font-weight: 400;\">Gastos m\u00e9dicos<\/span><\/li>\n<li style=\"font-weight: 400;\" aria-level=\"1\"><span style=\"font-weight: 400;\">Gastos futuros de atenci\u00f3n m\u00e9dica<\/span><\/li>\n<li style=\"font-weight: 400;\" aria-level=\"1\"><span style=\"font-weight: 400;\">Costos de fisioterapia<\/span><\/li>\n<li style=\"font-weight: 400;\" aria-level=\"1\"><span style=\"font-weight: 400;\">Costo de los dispositivos de asistencia<\/span><\/li>\n<li style=\"font-weight: 400;\" aria-level=\"1\"><span style=\"font-weight: 400;\">Salarios perdidos<\/span><\/li>\n<li style=\"font-weight: 400;\" aria-level=\"1\"><span style=\"font-weight: 400;\">Disminuci\u00f3n de la capacidad de generar ingresos<\/span><\/li>\n<li style=\"font-weight: 400;\" aria-level=\"1\"><span style=\"font-weight: 400;\">Costos por da\u00f1os a la propiedad si su tel\u00e9fono u otra posesi\u00f3n se da\u00f1aron en el incidente<\/span><\/li>\n<li style=\"font-weight: 400;\" aria-level=\"1\"><span style=\"font-weight: 400;\">Dolor y sufrimiento<\/span><\/li>\n<li style=\"font-weight: 400;\" aria-level=\"1\"><span style=\"font-weight: 400;\">Angustia emocional<\/span><\/li>\n<li style=\"font-weight: 400;\" aria-level=\"1\"><span style=\"font-weight: 400;\">P\u00e9rdida del disfrute de la vida<\/span><\/li>\n<\/ul>\n<p><span style=\"font-weight: 400;\">Determinar qu\u00e9 da\u00f1os se le deben y cu\u00e1nto deber\u00eda recibir en total de una reclamaci\u00f3n puede ser un desaf\u00edo. Por eso, nuestro equipo est\u00e1 aqu\u00ed para identificar las compensaciones que se le deben y buscar la m\u00e1xima compensaci\u00f3n por sus p\u00e9rdidas.<\/span><\/p>\n<p><span style=\"font-weight: 400;\">Hemos recuperado una cantidad impresionante de <\/span><a href=\"https:\/\/plg-pllc.com\/case-results\/\"><span style=\"font-weight: 400;\">resultados del caso<\/span><\/a><span style=\"font-weight: 400;\"> Para las v\u00edctimas de accidentes peatonales como usted. Confiamos en que tenemos lo necesario para obtener las compensaciones financieras y la justicia que necesita para dejar atr\u00e1s este accidente.<\/span><\/p>\n<h2>\u00bfC\u00f3mo funcionan los casos de accidentes de peatones en Bellevue?<\/h2>\n<p><span style=\"font-weight: 400;\">Tanto los conductores como los peatones tienen el deber de cuidarse mutuamente para evitar accidentes. Debido a que Washington es un estado con negligencia comparativa, el abogado del conductor culpable intentar\u00e1 limitar la responsabilidad de su cliente. El abogado del conductor har\u00e1 esto tratando de culparlo a usted lo m\u00e1ximo posible.\u00a0<\/span><\/p>\n<p><span style=\"font-weight: 400;\">Se le podr\u00eda considerar parcialmente negligente si cruz\u00f3 la calle de forma imprudente, se meti\u00f3 en el tr\u00e1fico o no utiliz\u00f3 un paso de peatones. Se podr\u00eda considerar negligente al conductor si infringi\u00f3 las leyes de tr\u00e1nsito, condujo bajo los efectos del alcohol o no cedi\u00f3 el paso en un paso de peatones designado.<\/span><\/p>\n<p><span style=\"font-weight: 400;\">Si estuvo involucrado en un accidente peatonal, debe comunicarse de inmediato con un abogado con experiencia en accidentes peatonales. Nuestro equipo puede combatir las acusaciones de que usted caus\u00f3 el incidente y presentar pruebas que demuestren <\/span><b>el en<\/b>\u2013<b>La parte culpable debe ser considerada responsable<\/b><span style=\"font-weight: 400;\">.<\/span><\/p>\n<h2>Lesiones comunes de peatones en Bellevue<\/h2>\n<p><span style=\"font-weight: 400;\">La disparidad de peso entre un peat\u00f3n y un veh\u00edculo de motor es evidente. Una persona promedio pesa menos de una d\u00e9cima parte de lo que pesa un veh\u00edculo de pasajeros. Con camiones que pesan m\u00e1s de 8000 libras, las posibles lesiones a los peatones podr\u00edan ser catastr\u00f3ficas.\u00a0<\/span><\/p>\n<p><span style=\"font-weight: 400;\">En Premier Law Group, tenemos la <\/span><b>Experiencia y recursos<\/b><span style=\"font-weight: 400;\"> Es necesario presentar una reclamaci\u00f3n ganadora por casi cualquier tipo de lesi\u00f3n.<\/span><\/p>\n<ul>\n<li style=\"font-weight: 400;\" aria-level=\"1\"><a href=\"https:\/\/www.mayoclinic.org\/diseases-conditions\/traumatic-brain-injury\/symptoms-causes\/syc-20378557\" target=\"_blank\" rel=\"noopener\"><span style=\"font-weight: 400;\">Lesi\u00f3n cerebral traum\u00e1tica (LCT)<\/span><\/a><\/li>\n<li style=\"font-weight: 400;\" aria-level=\"1\"><span style=\"font-weight: 400;\">Desfiguraci\u00f3n y cicatrices<\/span><\/li>\n<li style=\"font-weight: 400;\" aria-level=\"1\"><span style=\"font-weight: 400;\">Hemorragia interna<\/span><\/li>\n<li style=\"font-weight: 400;\" aria-level=\"1\"><span style=\"font-weight: 400;\">Da\u00f1o a los \u00f3rganos<\/span><\/li>\n<li style=\"font-weight: 400;\" aria-level=\"1\"><span style=\"font-weight: 400;\">Latigazo<\/span><\/li>\n<li style=\"font-weight: 400;\" aria-level=\"1\"><span style=\"font-weight: 400;\">Lesi\u00f3n de la m\u00e9dula espinal<\/span><\/li>\n<li style=\"font-weight: 400;\" aria-level=\"1\"><span style=\"font-weight: 400;\">Amputaci\u00f3n<\/span><\/li>\n<li style=\"font-weight: 400;\" aria-level=\"1\"><span style=\"font-weight: 400;\">Fracturas<\/span><\/li>\n<li style=\"font-weight: 400;\" aria-level=\"1\"><span style=\"font-weight: 400;\">P\u00e9rdida de la vista o la audici\u00f3n<\/span><\/li>\n<\/ul>\n<p><span style=\"font-weight: 400;\">Si sufri\u00f3 lesiones en un accidente peatonal, debe buscar atenci\u00f3n m\u00e9dica. Despu\u00e9s de recibir la atenci\u00f3n m\u00e9dica necesaria, debe comunicarse con nuestros abogados especializados en accidentes peatonales de Bellevue lo antes posible. Podemos utilizar su historial m\u00e9dico y el testimonio de su m\u00e9dico para presentar una s\u00f3lida demanda por lesiones personales.<\/span><\/p>\n\n        <div class=\"rs-content-cta long\">\n            <p>Para una consulta legal GRATUITA con un abogado especializado en accidentes peatonales que preste servicios en Bellevue, llame al <a href=\"tel:+12062851743\">(206) 285-1743 <\/a><\/p>\n            <a href=\"https:\/\/plg-pllc.com\/es\/contact-us\/\" title=\"OBTENGA UNA EVALUACI\u00d3N DE CASO GRATUITA\" class=\"btn-global\">OBTENGA UNA EVALUACI\u00d3N DE CASO GRATUITA<\/a>\n                    <picture>\n                            <source srcset=\"https:\/\/plg-pllc.com\/wp-content\/themes\/plg-pllc-redesign\/assets\/app\/img\/cta-thumb.webp\" type=\"image\/webp\"\/>\n                            <img src=\"https:\/\/plg-pllc.com\/wp-content\/themes\/plg-pllc-redesign\/assets\/app\/img\/cta-thumb.png\" alt=\"Grupo de abogados Premier\" title=\"Grupo de abogados Premier\" width=\"245\" height=\"220\" loading=\"auto\" fetchpriority=\"auto\" decoding=\"async\"\/>\n        <\/picture>\n        \n        <\/div><h2>\u00bfTienen los peatones derecho de paso en Bellevue?<\/h2>\n<p><span style=\"font-weight: 400;\">Los peatones tienen derecho de paso, pero hay algunas excepciones a esta regla. Por ejemplo, si cruzas un paso de peatones cuando viene un veh\u00edculo, puedes ser culpable si el coche te choca. Si intentas cruzar una calle en la que no hay intersecci\u00f3n, debes ceder el paso al tr\u00e1fico.<\/span><\/p>\n<p><span style=\"font-weight: 400;\">Si una persona es atropellada mientras infringe las leyes para peatones del estado de Washington, esa persona podr\u00eda ser responsable por negligencia. El estado de Washington sigue <\/span><b>leyes de negligencia comparativa<\/b><span style=\"font-weight: 400;\">.<\/span><\/p>\n<p><span style=\"font-weight: 400;\">Esto significa que si usted contribuy\u00f3 de alguna manera al accidente, la cantidad de dinero que puede recibir de un reclamo se reducir\u00e1 en proporci\u00f3n a su porcentaje de culpa.<\/span><\/p>\n<p><span style=\"font-weight: 400;\">Los peatones deben caminar por la acera siempre que sea posible y siempre deben utilizar el paso de peatones. Los conductores deben ceder el paso a los peatones que utilicen los pasos de peatones y las aceras. Si cree que tiene parte de la culpa de su accidente, nuestro equipo puede asegurarse de que reciba la mayor compensaci\u00f3n posible.<\/span><\/p>\n<h2>Los abogados de accidentes de peatones de Bellevue de Premier Law Group est\u00e1n listos para ayudarlo<\/h2>\n<p><span style=\"font-weight: 400;\">Lidiar con las consecuencias de un accidente peatonal puede ser estresante y costoso. Por eso, Premier Law Group est\u00e1 aqu\u00ed para ofrecerle los servicios legales que necesita para tener tranquilidad y recibir una compensaci\u00f3n justa. Investigaremos su accidente, elaboraremos una reclamaci\u00f3n de seguro s\u00f3lida o una demanda civil y <\/span><b>trabajar duro para conseguirlo <\/b><a href=\"https:\/\/plg-pllc.com\/case-results\/\"><b>resultados<\/b><\/a><b> Te lo mereces<\/b><span style=\"font-weight: 400;\">.<\/span><\/p>\n<p><span style=\"font-weight: 400;\">Cont\u00e1ctenos hoy para programar una consulta gratuita con un abogado con experiencia en accidentes de peatones en Bellevue de nuestra firma. Se reunir\u00e1n con usted para conversar sobre su accidente, responder cualquier pregunta que tenga y, si tiene motivos para presentar una demanda legal, lo ayudar\u00e1n a comenzar el proceso de reclamo.<\/span><\/p>\n\n        <div class=\"rs-content-cta\">\n            <p>Llamar o enviar mensaje de texto <a href=\"tel:+12062851743\">(206) 285-1743<\/a> o complete un formulario de evaluaci\u00f3n de caso gratuito<\/p>\n            <a href=\"https:\/\/plg-pllc.com\/es\/contact-us\/\" title=\"OBTENGA UNA EVALUACI\u00d3N DE CASO GRATUITA\" class=\"btn-global\">OBTENGA UNA EVALUACI\u00d3N DE CASO GRATUITA<\/a>\n                    <picture>\n                            <source srcset=\"https:\/\/plg-pllc.com\/wp-content\/themes\/plg-pllc-redesign\/assets\/app\/img\/cta-thumb.webp\" type=\"image\/webp\"\/>\n                            <img src=\"https:\/\/plg-pllc.com\/wp-content\/themes\/plg-pllc-redesign\/assets\/app\/img\/cta-thumb.png\" alt=\"Grupo de abogados Premier\" title=\"Grupo de abogados Premier\" width=\"245\" height=\"220\" loading=\"auto\" fetchpriority=\"auto\" decoding=\"async\"\/>\n        <\/picture>\n        \n        <\/div>","protected":false},"excerpt":{"rendered":"<p>Aunque Bellevue cuenta con muchos vecindarios transitables, los conductores negligentes pueden hacer que estas calles sean peligrosas para transitar. Si un conductor imprudente o distra\u00eddo lo atropell\u00f3, podr\u00eda tener que lidiar con lesiones dolorosas, facturas m\u00e9dicas y una serie de otros problemas. Afortunadamente, el abogado de lesiones personales de Bellevue de Premier Law Group puede ayudarlo...<\/p>","protected":false},"author":2,"featured_media":19040,"parent":18067,"menu_order":0,"comment_status":"closed","ping_status":"closed","template":"","meta":{"_acf_changed":false,"_genesis_hide_title":false,"_genesis_hide_breadcrumbs":false,"_genesis_hide_singular_image":false,"_genesis_hide_footer_widgets":false,"_genesis_custom_body_class":"","_genesis_custom_post_class":"","_genesis_layout":"","footnotes":""},"hc_faqs":[],"class_list":{"0":"post-19037","1":"page","2":"type-page","3":"status-publish","4":"has-post-thumbnail","6":"hc_city_location-bellevue","7":"entry"},"acf":[],"yoast_head":"<!-- This site is optimized with the Yoast SEO plugin v27.4 - https:\/\/yoast.com\/product\/yoast-seo-wordpress\/ -->\n<title>Pedestrian Accident Lawyer in Bellevue | Free Consultation<\/title>\n<meta name=\"description\" content=\"A Bellevue pedestrian accident lawyer can investigate your accident and pursue the compensation you need to recover from your injury.\" \/>\n<meta name=\"robots\" content=\"index, follow, max-snippet:-1, max-image-preview:large, max-video-preview:-1\" \/>\n<link rel=\"canonical\" href=\"https:\/\/plg-pllc.com\/es\/bellevue\/pedestrian-accident-lawyer\/\" \/>\n<meta property=\"og:locale\" content=\"es_MX\" \/>\n<meta property=\"og:type\" content=\"article\" \/>\n<meta property=\"og:title\" content=\"Pedestrian Accident Lawyer in Bellevue | Free Consultation\" \/>\n<meta property=\"og:description\" content=\"A Bellevue pedestrian accident lawyer can investigate your accident and pursue the compensation you need to recover from your injury.\" \/>\n<meta property=\"og:url\" content=\"https:\/\/plg-pllc.com\/es\/bellevue\/pedestrian-accident-lawyer\/\" \/>\n<meta property=\"og:site_name\" content=\"Premier Law Group\" \/>\n<meta property=\"article:publisher\" content=\"https:\/\/www.facebook.com\/premierlawgroup\" \/>\n<meta property=\"article:modified_time\" content=\"2025-02-14T22:05:21+00:00\" \/>\n<meta property=\"og:image\" content=\"https:\/\/plg-pllc.com\/wp-content\/uploads\/2021\/12\/Bellevue-Pedestrian-Accident-Lawyer.jpeg\" \/>\n\t<meta property=\"og:image:width\" content=\"1920\" \/>\n\t<meta property=\"og:image:height\" content=\"600\" \/>\n\t<meta property=\"og:image:type\" content=\"image\/jpeg\" \/>\n<meta name=\"twitter:card\" content=\"summary_large_image\" \/>\n<meta name=\"twitter:site\" content=\"@premierlawgroup\" \/>\n<meta name=\"twitter:label1\" content=\"Tiempo de lectura\" \/>\n\t<meta name=\"twitter:data1\" content=\"5 minutos\" \/>\n<script type=\"application\/ld+json\" class=\"yoast-schema-graph\">{\"@context\":\"https:\\\/\\\/schema.org\",\"@graph\":[{\"@type\":\"WebPage\",\"@id\":\"https:\\\/\\\/plg-pllc.com\\\/bellevue\\\/pedestrian-accident-lawyer\\\/\",\"url\":\"https:\\\/\\\/plg-pllc.com\\\/bellevue\\\/pedestrian-accident-lawyer\\\/\",\"name\":\"Pedestrian Accident Lawyer in Bellevue | Free Consultation\",\"isPartOf\":{\"@id\":\"https:\\\/\\\/plg-pllc.com\\\/#website\"},\"primaryImageOfPage\":{\"@id\":\"https:\\\/\\\/plg-pllc.com\\\/bellevue\\\/pedestrian-accident-lawyer\\\/#primaryimage\"},\"image\":{\"@id\":\"https:\\\/\\\/plg-pllc.com\\\/bellevue\\\/pedestrian-accident-lawyer\\\/#primaryimage\"},\"thumbnailUrl\":\"https:\\\/\\\/plg-pllc.com\\\/wp-content\\\/uploads\\\/2021\\\/12\\\/Bellevue-Pedestrian-Accident-Lawyer.jpeg\",\"datePublished\":\"2024-10-10T07:17:09+00:00\",\"dateModified\":\"2025-02-14T22:05:21+00:00\",\"description\":\"A Bellevue pedestrian accident lawyer can investigate your accident and pursue the compensation you need to recover from your injury.\",\"breadcrumb\":{\"@id\":\"https:\\\/\\\/plg-pllc.com\\\/bellevue\\\/pedestrian-accident-lawyer\\\/#breadcrumb\"},\"inLanguage\":\"es\",\"potentialAction\":[{\"@type\":\"ReadAction\",\"target\":[\"https:\\\/\\\/plg-pllc.com\\\/bellevue\\\/pedestrian-accident-lawyer\\\/\"]}]},{\"@type\":\"ImageObject\",\"inLanguage\":\"es\",\"@id\":\"https:\\\/\\\/plg-pllc.com\\\/bellevue\\\/pedestrian-accident-lawyer\\\/#primaryimage\",\"url\":\"https:\\\/\\\/plg-pllc.com\\\/wp-content\\\/uploads\\\/2021\\\/12\\\/Bellevue-Pedestrian-Accident-Lawyer.jpeg\",\"contentUrl\":\"https:\\\/\\\/plg-pllc.com\\\/wp-content\\\/uploads\\\/2021\\\/12\\\/Bellevue-Pedestrian-Accident-Lawyer.jpeg\",\"width\":1920,\"height\":600,\"caption\":\"Bellevue Pedestrian Accident Lawyer\"},{\"@type\":\"BreadcrumbList\",\"@id\":\"https:\\\/\\\/plg-pllc.com\\\/bellevue\\\/pedestrian-accident-lawyer\\\/#breadcrumb\",\"itemListElement\":[{\"@type\":\"ListItem\",\"position\":1,\"name\":\"Home\",\"item\":\"https:\\\/\\\/plg-pllc.com\\\/es\\\/\"},{\"@type\":\"ListItem\",\"position\":2,\"name\":\"Bellevue Personal Injury Lawyer\",\"item\":\"https:\\\/\\\/plg-pllc.com\\\/es\\\/\"},{\"@type\":\"ListItem\",\"position\":3,\"name\":\"Bellevue Pedestrian Accident Lawyer\"}]},{\"@type\":\"WebSite\",\"@id\":\"https:\\\/\\\/plg-pllc.com\\\/#website\",\"url\":\"https:\\\/\\\/plg-pllc.com\\\/\",\"name\":\"Premier Law Group\",\"description\":\"Washington Wrongful Death and Serious Injury Lawyer\",\"publisher\":{\"@id\":\"https:\\\/\\\/plg-pllc.com\\\/#organization\"},\"inLanguage\":\"es\"},{\"@type\":\"Organization\",\"@id\":\"https:\\\/\\\/plg-pllc.com\\\/#organization\",\"name\":\"Premier Law Group\",\"url\":\"https:\\\/\\\/plg-pllc.com\\\/\",\"logo\":{\"@type\":\"ImageObject\",\"inLanguage\":\"es\",\"@id\":\"https:\\\/\\\/plg-pllc.com\\\/#\\\/schema\\\/logo\\\/image\\\/\",\"url\":\"https:\\\/\\\/plg-pllc.com\\\/wp-content\\\/uploads\\\/2020\\\/10\\\/plg-logo-v2.gif\",\"contentUrl\":\"https:\\\/\\\/plg-pllc.com\\\/wp-content\\\/uploads\\\/2020\\\/10\\\/plg-logo-v2.gif\",\"width\":592,\"height\":191,\"caption\":\"Premier Law Group\"},\"image\":{\"@id\":\"https:\\\/\\\/plg-pllc.com\\\/#\\\/schema\\\/logo\\\/image\\\/\"},\"sameAs\":[\"https:\\\/\\\/www.facebook.com\\\/premierlawgroup\",\"https:\\\/\\\/x.com\\\/premierlawgroup\"]}]}<\/script>\n<!-- \/ Yoast SEO plugin. -->","yoast_head_json":{"title":"Abogado de accidentes de peatones en Bellevue | Consulta gratuita","description":"Un abogado especializado en accidentes peatonales de Bellevue puede investigar su accidente y obtener la compensaci\u00f3n que necesita para recuperarse de su lesi\u00f3n.","robots":{"index":"index","follow":"follow","max-snippet":"max-snippet:-1","max-image-preview":"max-image-preview:large","max-video-preview":"max-video-preview:-1"},"canonical":"https:\/\/plg-pllc.com\/es\/bellevue\/pedestrian-accident-lawyer\/","og_locale":"es_MX","og_type":"article","og_title":"Pedestrian Accident Lawyer in Bellevue | Free Consultation","og_description":"A Bellevue pedestrian accident lawyer can investigate your accident and pursue the compensation you need to recover from your injury.","og_url":"https:\/\/plg-pllc.com\/es\/bellevue\/pedestrian-accident-lawyer\/","og_site_name":"Premier Law Group","article_publisher":"https:\/\/www.facebook.com\/premierlawgroup","article_modified_time":"2025-02-14T22:05:21+00:00","og_image":[{"width":1920,"height":600,"url":"https:\/\/plg-pllc.com\/wp-content\/uploads\/2021\/12\/Bellevue-Pedestrian-Accident-Lawyer.jpeg","type":"image\/jpeg"}],"twitter_card":"summary_large_image","twitter_site":"@premierlawgroup","twitter_misc":{"Tiempo de lectura":"5 minutos"},"schema":{"@context":"https:\/\/schema.org","@graph":[{"@type":"WebPage","@id":"https:\/\/plg-pllc.com\/bellevue\/pedestrian-accident-lawyer\/","url":"https:\/\/plg-pllc.com\/bellevue\/pedestrian-accident-lawyer\/","name":"Abogado de accidentes de peatones en Bellevue | Consulta gratuita","isPartOf":{"@id":"https:\/\/plg-pllc.com\/#website"},"primaryImageOfPage":{"@id":"https:\/\/plg-pllc.com\/bellevue\/pedestrian-accident-lawyer\/#primaryimage"},"image":{"@id":"https:\/\/plg-pllc.com\/bellevue\/pedestrian-accident-lawyer\/#primaryimage"},"thumbnailUrl":"https:\/\/plg-pllc.com\/wp-content\/uploads\/2021\/12\/Bellevue-Pedestrian-Accident-Lawyer.jpeg","datePublished":"2024-10-10T07:17:09+00:00","dateModified":"2025-02-14T22:05:21+00:00","description":"Un abogado especializado en accidentes peatonales de Bellevue puede investigar su accidente y obtener la compensaci\u00f3n que necesita para recuperarse de su lesi\u00f3n.","breadcrumb":{"@id":"https:\/\/plg-pllc.com\/bellevue\/pedestrian-accident-lawyer\/#breadcrumb"},"inLanguage":"es","potentialAction":[{"@type":"ReadAction","target":["https:\/\/plg-pllc.com\/bellevue\/pedestrian-accident-lawyer\/"]}]},{"@type":"ImageObject","inLanguage":"es","@id":"https:\/\/plg-pllc.com\/bellevue\/pedestrian-accident-lawyer\/#primaryimage","url":"https:\/\/plg-pllc.com\/wp-content\/uploads\/2021\/12\/Bellevue-Pedestrian-Accident-Lawyer.jpeg","contentUrl":"https:\/\/plg-pllc.com\/wp-content\/uploads\/2021\/12\/Bellevue-Pedestrian-Accident-Lawyer.jpeg","width":1920,"height":600,"caption":"Bellevue Pedestrian Accident Lawyer"},{"@type":"BreadcrumbList","@id":"https:\/\/plg-pllc.com\/bellevue\/pedestrian-accident-lawyer\/#breadcrumb","itemListElement":[{"@type":"ListItem","position":1,"name":"Home","item":"https:\/\/plg-pllc.com\/es\/"},{"@type":"ListItem","position":2,"name":"Bellevue Personal Injury Lawyer","item":"https:\/\/plg-pllc.com\/es\/"},{"@type":"ListItem","position":3,"name":"Bellevue Pedestrian Accident Lawyer"}]},{"@type":"WebSite","@id":"https:\/\/plg-pllc.com\/#website","url":"https:\/\/plg-pllc.com\/","name":"Grupo de abogados Premier","description":"Abogado de muerte por negligencia y lesiones graves en Washington","publisher":{"@id":"https:\/\/plg-pllc.com\/#organization"},"inLanguage":"es"},{"@type":"Organization","@id":"https:\/\/plg-pllc.com\/#organization","name":"Grupo de abogados Premier","url":"https:\/\/plg-pllc.com\/","logo":{"@type":"ImageObject","inLanguage":"es","@id":"https:\/\/plg-pllc.com\/#\/schema\/logo\/image\/","url":"https:\/\/plg-pllc.com\/wp-content\/uploads\/2020\/10\/plg-logo-v2.gif","contentUrl":"https:\/\/plg-pllc.com\/wp-content\/uploads\/2020\/10\/plg-logo-v2.gif","width":592,"height":191,"caption":"Premier Law Group"},"image":{"@id":"https:\/\/plg-pllc.com\/#\/schema\/logo\/image\/"},"sameAs":["https:\/\/www.facebook.com\/premierlawgroup","https:\/\/x.com\/premierlawgroup"]}]}},"_links":{"self":[{"href":"https:\/\/plg-pllc.com\/es\/wp-json\/wp\/v2\/pages\/19037","targetHints":{"allow":["GET"]}}],"collection":[{"href":"https:\/\/plg-pllc.com\/es\/wp-json\/wp\/v2\/pages"}],"about":[{"href":"https:\/\/plg-pllc.com\/es\/wp-json\/wp\/v2\/types\/page"}],"author":[{"embeddable":true,"href":"https:\/\/plg-pllc.com\/es\/wp-json\/wp\/v2\/users\/2"}],"replies":[{"embeddable":true,"href":"https:\/\/plg-pllc.com\/es\/wp-json\/wp\/v2\/comments?post=19037"}],"version-history":[{"count":0,"href":"https:\/\/plg-pllc.com\/es\/wp-json\/wp\/v2\/pages\/19037\/revisions"}],"up":[{"embeddable":true,"href":"https:\/\/plg-pllc.com\/es\/wp-json\/wp\/v2\/pages\/18067"}],"wp:featuredmedia":[{"embeddable":true,"href":"https:\/\/plg-pllc.com\/es\/wp-json\/wp\/v2\/media\/19040"}],"wp:attachment":[{"href":"https:\/\/plg-pllc.com\/es\/wp-json\/wp\/v2\/media?parent=19037"}],"wp:term":[{"taxonomy":"hc_faqs","embeddable":true,"href":"https:\/\/plg-pllc.com\/es\/wp-json\/wp\/v2\/hc_faqs?post=19037"}],"curies":[{"name":"gracias","href":"https:\/\/api.w.org\/{rel}","templated":true}]}}