{"id":19042,"date":"2021-12-03T13:29:18","date_gmt":"2021-12-03T21:29:18","guid":{"rendered":"https:\/\/plg-pllc.com\/?page_id=19042"},"modified":"2026-03-24T15:07:45","modified_gmt":"2026-03-24T22:07:45","slug":"renton-pedestrian-accident-lawyer","status":"publish","type":"page","link":"https:\/\/plg-pllc.com\/es\/renton\/pedestrian-accident-lawyer\/","title":{"rendered":"Abogado de accidentes de peatones en Renton"},"content":{"rendered":"<h2>Abogado de accidentes de peatones en Renton, WA<\/h2>\n<p><span style=\"font-weight: 400;\">Caminando por <\/span><a href=\"https:\/\/pmc.ncbi.nlm.nih.gov\/articles\/PMC3064872\/\" target=\"_blank\" rel=\"noopener\"><span style=\"font-weight: 400;\">30 minutos al d\u00eda<\/span><\/a><span style=\"font-weight: 400;\"> Se ha demostrado que mejora casi todos los aspectos de la salud de una persona. Puede caminar hasta una tienda local o dar un paseo por el parque de la playa Gene Coulon Memorial.\u00a0<\/span><\/p>\n<p><span style=\"font-weight: 400;\">Seattle y las \u00e1reas circundantes de SeaTac est\u00e1n tratando de hacer que las calles sean un lugar m\u00e1s seguro para los peatones agregando m\u00e1s cruces peatonales y aceras, pero los accidentes que involucran a peatones todav\u00eda ocurren todos los d\u00edas. A pesar de los esfuerzos de la ciudad, los peatones a\u00fan enfrentan ciertos riesgos, especialmente en Renton. Si bien hubo menos accidentes automovil\u00edsticos en general el a\u00f1o pasado, las muertes que involucraron a peatones <\/span><a href=\"https:\/\/wsdot.wa.gov\/publications\/fulltext\/graynotebook\/gray-notebook-Sep20.pdf\" target=\"_blank\" rel=\"noopener\"><span style=\"font-weight: 400;\">aument\u00f3 en 2020<\/span><\/a><span style=\"font-weight: 400;\">.\u00a0<\/span><\/p>\n<p><span style=\"font-weight: 400;\">Si ha resultado herido en una colisi\u00f3n entre un peat\u00f3n y un autom\u00f3vil, tiene derecho a solicitar una indemnizaci\u00f3n por los da\u00f1os resultantes, incluidas las facturas m\u00e9dicas, los salarios perdidos y el dolor y el sufrimiento. Trabajar con un abogado con experiencia en accidentes de peatones en Renton puede ayudarle a conseguir tranquilidad mientras se centra en su recuperaci\u00f3n.<\/span><\/p>\n<p>Tras estos incidentes, muchas familias se enfrentan no solo a angustia emocional, sino tambi\u00e9n a cargas financieras. Por eso, tener acceso a un profesional de confianza... <a class=\"\" href=\"https:\/\/plg-pllc.com\/renton\/personal-injury-lawyer\/\" rel=\"noopener\" data-start=\"902\" data-end=\"943\">abogado de lesiones personales en Renton<\/a> Puede ser muy importante al planificar los pr\u00f3ximos pasos. Conocer sus derechos legales y c\u00f3mo protegerlos puede marcar la diferencia.<\/p>\n<h2><span style=\"font-weight: 400;\">Accidentes m\u00e1s comunes que enfrentan los peatones en Renton<\/span><\/h2>\n<p><span style=\"font-weight: 400;\">La disparidad de peso entre un peat\u00f3n y un veh\u00edculo es evidente. Una persona promedio pesa menos de una d\u00e9cima parte de un veh\u00edculo de pasajeros. Los camiones pesan m\u00e1s de 8000 libras; por lo tanto, un accidente entre un cami\u00f3n y un peat\u00f3n podr\u00eda causar lesiones catastr\u00f3ficas. Algunos accidentes comunes que sufren los peatones incluyen:<\/span><\/p>\n<ul>\n<li style=\"font-weight: 400;\" aria-level=\"1\"><span style=\"font-weight: 400;\">Latigazo<\/span><\/li>\n<li style=\"font-weight: 400;\" aria-level=\"1\"><span style=\"font-weight: 400;\">Da\u00f1o en la m\u00e9dula espinal<\/span><\/li>\n<li style=\"font-weight: 400;\" aria-level=\"1\"><span style=\"font-weight: 400;\">P\u00e9rdida de una extremidad<\/span><\/li>\n<li style=\"font-weight: 400;\" aria-level=\"1\"><span style=\"font-weight: 400;\">Traumatismo craneoencef\u00e1lico o lesi\u00f3n cerebral traum\u00e1tica<\/span><\/li>\n<li style=\"font-weight: 400;\" aria-level=\"1\"><span style=\"font-weight: 400;\">Cicatrices o desfiguraciones en la cara.<\/span><\/li>\n<li style=\"font-weight: 400;\" aria-level=\"1\"><span style=\"font-weight: 400;\">Da\u00f1os a \u00f3rganos internos<\/span><\/li>\n<li style=\"font-weight: 400;\" aria-level=\"1\"><span style=\"font-weight: 400;\">Huesos rotos<\/span><\/li>\n<li style=\"font-weight: 400;\" aria-level=\"1\"><span style=\"font-weight: 400;\">P\u00e9rdida de audici\u00f3n\/visi\u00f3n<\/span><\/li>\n<\/ul>\n<p><span style=\"font-weight: 400;\">Si ha resultado herido en un accidente peatonal, debe ponerse en contacto con un abogado especializado en casos de peatones en Renton para analizar sus opciones legales. La parte responsable debe rendir cuentas y compensarlo por sus lesiones.<\/span><\/p>\n<h2><span style=\"font-weight: 400;\">\u00bfTienen los peatones derecho de paso en Renton?<\/span><\/h2>\n<p><span style=\"font-weight: 400;\">Los peatones tienen derecho de paso. Sin embargo, hay excepciones limitadas a esta regla. Por ejemplo, un peat\u00f3n no tiene derecho de paso cuando <\/span><a href=\"https:\/\/app.leg.wa.gov\/rcw\/default.aspx?cite=46.61.235\/\" target=\"_blank\" rel=\"noopener\"><span style=\"font-weight: 400;\">salir disparado<\/span><\/a><span style=\"font-weight: 400;\"> En un cruce de peatones cuando se acerca un autom\u00f3vil. Cuando no hay aceras, los peatones deben caminar de frente al tr\u00e1fico por el lado izquierdo de la carretera. Cuando los peatones cruzan la calle en cualquier lugar que no sea una intersecci\u00f3n, deben ceder el paso a los veh\u00edculos. Si una persona es atropellada mientras infringe las leyes peatonales del estado de Washington, esa persona podr\u00eda ser responsable por negligencia.<\/span><\/p>\n<p><span style=\"font-weight: 400;\">El estado de Washington es un estado de negligencia comparativa. En un estado de negligencia comparativa, si la negligencia de una persona contribuy\u00f3 de alguna manera a un accidente, su compensaci\u00f3n se reducir\u00e1 en proporci\u00f3n a la cantidad de su negligencia. Los peatones deben caminar por la acera cuando sea posible y siempre deben usar un cruce peatonal para cruzar la calle. Todos los conductores deben ceder el paso a los peatones que usen las aceras y los cruces peatonales.<\/span><\/p>\n\n        <div class=\"rs-content-cta long\">\n            <p>Para una consulta legal GRATUITA con un abogado de accidentes peatonales que preste servicios en Renton, llame al <a href=\"tel:+12062851743\">(206) 285-1743 <\/a><\/p>\n            <a href=\"https:\/\/plg-pllc.com\/es\/contact-us\/\" title=\"OBTENGA UNA EVALUACI\u00d3N DE CASO GRATUITA\" class=\"btn-global\">OBTENGA UNA EVALUACI\u00d3N DE CASO GRATUITA<\/a>\n                    <picture>\n                            <source srcset=\"https:\/\/plg-pllc.com\/wp-content\/themes\/plg-pllc-redesign\/assets\/app\/img\/cta-thumb.webp\" type=\"image\/webp\"\/>\n                            <img src=\"https:\/\/plg-pllc.com\/wp-content\/themes\/plg-pllc-redesign\/assets\/app\/img\/cta-thumb.png\" alt=\"Grupo de abogados Premier\" title=\"Grupo de abogados Premier\" width=\"245\" height=\"220\" loading=\"auto\" fetchpriority=\"auto\" decoding=\"async\"\/>\n        <\/picture>\n        \n        <\/div><h2><span style=\"font-weight: 400;\">\u00bfC\u00f3mo funcionan los casos de accidentes de peatones en Renton?<\/span><\/h2>\n<p><span style=\"font-weight: 400;\">Tanto los conductores como los peatones tienen el deber de cuidarse mutuamente para evitar accidentes. Debido a que Washington es un estado con negligencia comparativa, el abogado de un conductor intentar\u00e1 culpar al peat\u00f3n del accidente para limitar la responsabilidad del conductor. Un peat\u00f3n podr\u00eda ser declarado negligente si:<\/span><\/p>\n<ul>\n<li style=\"font-weight: 400;\" aria-level=\"1\"><span style=\"font-weight: 400;\">El peat\u00f3n est\u00e1 cruzando la calle de forma imprudente<\/span><\/li>\n<li style=\"font-weight: 400;\" aria-level=\"1\"><span style=\"font-weight: 400;\">El peat\u00f3n no utiliz\u00f3 el paso de peatones o la acera exclusiva.<\/span><\/li>\n<li style=\"font-weight: 400;\" aria-level=\"1\"><span style=\"font-weight: 400;\">El peat\u00f3n se interpuso en el tr\u00e1fico.<\/span><\/li>\n<li style=\"font-weight: 400;\" aria-level=\"1\"><span style=\"font-weight: 400;\">El peat\u00f3n no utiliz\u00f3 las se\u00f1ales para peatones.<\/span><\/li>\n<li style=\"font-weight: 400;\" aria-level=\"1\"><span style=\"font-weight: 400;\">El peat\u00f3n no prest\u00f3 atenci\u00f3n a su entorno.<\/span><\/li>\n<\/ul>\n<p><span style=\"font-weight: 400;\">Esto no quiere decir que los conductores puedan evitar f\u00e1cilmente la responsabilidad en un caso de accidente peatonal en Renton. Un conductor podr\u00eda ser culpable si:<\/span><\/p>\n<ul>\n<li style=\"font-weight: 400;\" aria-level=\"1\"><span style=\"font-weight: 400;\">El conductor infringe las normas de tr\u00e1nsito, especialmente el l\u00edmite de velocidad.<\/span><\/li>\n<li style=\"font-weight: 400;\" aria-level=\"1\"><span style=\"font-weight: 400;\">El conductor conduc\u00eda bajo los efectos de drogas o alcohol.<\/span><\/li>\n<li style=\"font-weight: 400;\" aria-level=\"1\"><span style=\"font-weight: 400;\">El conductor no respet\u00f3 las se\u00f1ales de tr\u00e1nsito<\/span><\/li>\n<li style=\"font-weight: 400;\" aria-level=\"1\"><span style=\"font-weight: 400;\">El conductor estaba distra\u00eddo mientras conduc\u00eda.<\/span><\/li>\n<li style=\"font-weight: 400;\" aria-level=\"1\"><span style=\"font-weight: 400;\">El conductor no utiliz\u00f3 la se\u00f1al de giro<\/span><\/li>\n<li style=\"font-weight: 400;\" aria-level=\"1\"><span style=\"font-weight: 400;\">El conductor no cedi\u00f3 el paso en un cruce de peatones<\/span><\/li>\n<\/ul>\n<p><span style=\"font-weight: 400;\">Si ha resultado herido en un accidente peatonal en Renton, WA, p\u00f3ngase en contacto con un abogado experimentado lo antes posible. Nuestros abogados especializados en accidentes peatonales de Renton le ayudar\u00e1n en cada paso de su caso mientras busca obtener una indemnizaci\u00f3n del conductor culpable.<\/span><\/p>\n<h2><span style=\"font-weight: 400;\">Los abogados especializados en accidentes de peatones de Renton de Premier Law Group est\u00e1n listos para ayudarlo<\/span><\/h2>\n<p style=\"text-align: left;\"><span style=\"font-weight: 400;\">Gracias al plan del Departamento de Transporte del Estado de Washington de aumentar las aceras y los cruces peatonales, Seattle se est\u00e1 convirtiendo en una ciudad m\u00e1s amigable para los peatones. Lamentablemente, las estad\u00edsticas muestran que los peatones siguen estando expuestos a peligros. <\/span><a href=\"https:\/\/plg-pllc.com\"><span style=\"font-weight: 400;\">Grupo de abogados Premier<\/span><\/a><span style=\"font-weight: 400;\"> es un bufete de abogados con sede en Seattle que ofrece una excelente representaci\u00f3n legal para v\u00edctimas de accidentes peatonales.<\/span><span style=\"font-weight: 400;\"> Abogados de accidentes de peatones en Renton<\/span><span style=\"font-weight: 400;\"> ha sido <\/span><span style=\"font-weight: 400;\">reconocido a nivel nacional<\/span><span style=\"font-weight: 400;\"> Por su experiencia. Tenemos oficinas en Renton, Bellevue y Federal Way, y representamos a demandantes en toda la regi\u00f3n. Para programar una consulta inicial gratuita y sin compromiso, por favor... <a href=\"https:\/\/plg-pllc.com\/contact-us\/\">contacto<\/a> Nuestro bufete de abogados hoy. Puede contactarnos visitando nuestro <\/span><span style=\"font-weight: 400;\">sitio web<\/span><span style=\"font-weight: 400;\"> o llamando al (206) 880-7518.<\/span><\/p>\n\n        <div class=\"rs-content-cta\">\n            <p>Llamar o enviar mensaje de texto <a href=\"tel:+12062851743\">(206) 285-1743<\/a> o complete un formulario de evaluaci\u00f3n de caso gratuito<\/p>\n            <a href=\"https:\/\/plg-pllc.com\/es\/contact-us\/\" title=\"OBTENGA UNA EVALUACI\u00d3N DE CASO GRATUITA\" class=\"btn-global\">OBTENGA UNA EVALUACI\u00d3N DE CASO GRATUITA<\/a>\n                    <picture>\n                            <source srcset=\"https:\/\/plg-pllc.com\/wp-content\/themes\/plg-pllc-redesign\/assets\/app\/img\/cta-thumb.webp\" type=\"image\/webp\"\/>\n                            <img src=\"https:\/\/plg-pllc.com\/wp-content\/themes\/plg-pllc-redesign\/assets\/app\/img\/cta-thumb.png\" alt=\"Grupo de abogados Premier\" title=\"Grupo de abogados Premier\" width=\"245\" height=\"220\" loading=\"auto\" fetchpriority=\"auto\" decoding=\"async\"\/>\n        <\/picture>\n        \n        <\/div>","protected":false},"excerpt":{"rendered":"<p>Abogado de accidentes de peatones en Renton, WA Se ha demostrado que caminar durante 30 minutos al d\u00eda mejora casi todos los aspectos de la salud de una persona. Puede caminar hasta una tienda local o dar un paseo tranquilo por el parque Gene Coulon Memorial Beach. Las \u00e1reas circundantes de Seattle y SeaTac est\u00e1n tratando de hacer que las carreteras sean m\u00e1s seguras...<\/p>","protected":false},"author":2,"featured_media":19043,"parent":15618,"menu_order":0,"comment_status":"closed","ping_status":"closed","template":"","meta":{"_acf_changed":false,"_genesis_hide_title":false,"_genesis_hide_breadcrumbs":false,"_genesis_hide_singular_image":false,"_genesis_hide_footer_widgets":false,"_genesis_custom_body_class":"","_genesis_custom_post_class":"","_genesis_layout":"","footnotes":""},"hc_faqs":[],"class_list":{"0":"post-19042","1":"page","2":"type-page","3":"status-publish","4":"has-post-thumbnail","6":"hc_city_location-renton","7":"entry"},"acf":[],"yoast_head":"<!-- This site is optimized with the Yoast SEO plugin v27.4 - https:\/\/yoast.com\/product\/yoast-seo-wordpress\/ -->\n<title>Pedestrian Accident Lawyer in Renton | Free Case Review<\/title>\n<meta name=\"description\" content=\"Renton Pedestrian Accident Lawyer: Premier Law Group helps you unlock the full compensation you deserve. No Fee Unless We Win.\" \/>\n<meta name=\"robots\" content=\"index, follow, max-snippet:-1, max-image-preview:large, max-video-preview:-1\" \/>\n<link rel=\"canonical\" href=\"https:\/\/plg-pllc.com\/es\/renton\/pedestrian-accident-lawyer\/\" \/>\n<meta property=\"og:locale\" content=\"es_MX\" \/>\n<meta property=\"og:type\" content=\"article\" \/>\n<meta property=\"og:title\" content=\"Pedestrian Accident Lawyer in Renton | Free Case Review\" \/>\n<meta property=\"og:description\" content=\"Renton Pedestrian Accident Lawyer: Premier Law Group helps you unlock the full compensation you deserve. No Fee Unless We Win.\" \/>\n<meta property=\"og:url\" content=\"https:\/\/plg-pllc.com\/es\/renton\/pedestrian-accident-lawyer\/\" \/>\n<meta property=\"og:site_name\" content=\"Premier Law Group\" \/>\n<meta property=\"article:publisher\" content=\"https:\/\/www.facebook.com\/premierlawgroup\" \/>\n<meta property=\"article:modified_time\" content=\"2026-03-24T22:07:45+00:00\" \/>\n<meta property=\"og:image\" content=\"https:\/\/plg-pllc.com\/wp-content\/uploads\/2021\/12\/Renton-Pedestrian-Accident-Lawyer.jpeg\" \/>\n\t<meta property=\"og:image:width\" content=\"1920\" \/>\n\t<meta property=\"og:image:height\" content=\"600\" \/>\n\t<meta property=\"og:image:type\" content=\"image\/jpeg\" \/>\n<meta name=\"twitter:card\" content=\"summary_large_image\" \/>\n<meta name=\"twitter:site\" content=\"@premierlawgroup\" \/>\n<meta name=\"twitter:label1\" content=\"Tiempo de lectura\" \/>\n\t<meta name=\"twitter:data1\" content=\"4 minutos\" \/>\n<script type=\"application\/ld+json\" class=\"yoast-schema-graph\">{\"@context\":\"https:\\\/\\\/schema.org\",\"@graph\":[{\"@type\":\"WebPage\",\"@id\":\"https:\\\/\\\/plg-pllc.com\\\/renton\\\/pedestrian-accident-lawyer\\\/\",\"url\":\"https:\\\/\\\/plg-pllc.com\\\/renton\\\/pedestrian-accident-lawyer\\\/\",\"name\":\"Pedestrian Accident Lawyer in Renton | Free Case Review\",\"isPartOf\":{\"@id\":\"https:\\\/\\\/plg-pllc.com\\\/#website\"},\"primaryImageOfPage\":{\"@id\":\"https:\\\/\\\/plg-pllc.com\\\/renton\\\/pedestrian-accident-lawyer\\\/#primaryimage\"},\"image\":{\"@id\":\"https:\\\/\\\/plg-pllc.com\\\/renton\\\/pedestrian-accident-lawyer\\\/#primaryimage\"},\"thumbnailUrl\":\"https:\\\/\\\/plg-pllc.com\\\/wp-content\\\/uploads\\\/2021\\\/12\\\/Renton-Pedestrian-Accident-Lawyer.jpeg\",\"datePublished\":\"2021-12-03T21:29:18+00:00\",\"dateModified\":\"2026-03-24T22:07:45+00:00\",\"description\":\"Renton Pedestrian Accident Lawyer: Premier Law Group helps you unlock the full compensation you deserve. No Fee Unless We Win.\",\"breadcrumb\":{\"@id\":\"https:\\\/\\\/plg-pllc.com\\\/renton\\\/pedestrian-accident-lawyer\\\/#breadcrumb\"},\"inLanguage\":\"es\",\"potentialAction\":[{\"@type\":\"ReadAction\",\"target\":[\"https:\\\/\\\/plg-pllc.com\\\/renton\\\/pedestrian-accident-lawyer\\\/\"]}]},{\"@type\":\"ImageObject\",\"inLanguage\":\"es\",\"@id\":\"https:\\\/\\\/plg-pllc.com\\\/renton\\\/pedestrian-accident-lawyer\\\/#primaryimage\",\"url\":\"https:\\\/\\\/plg-pllc.com\\\/wp-content\\\/uploads\\\/2021\\\/12\\\/Renton-Pedestrian-Accident-Lawyer.jpeg\",\"contentUrl\":\"https:\\\/\\\/plg-pllc.com\\\/wp-content\\\/uploads\\\/2021\\\/12\\\/Renton-Pedestrian-Accident-Lawyer.jpeg\",\"width\":1920,\"height\":600,\"caption\":\"Renton Pedestrian Accident Lawyer\"},{\"@type\":\"BreadcrumbList\",\"@id\":\"https:\\\/\\\/plg-pllc.com\\\/renton\\\/pedestrian-accident-lawyer\\\/#breadcrumb\",\"itemListElement\":[{\"@type\":\"ListItem\",\"position\":1,\"name\":\"Home\",\"item\":\"https:\\\/\\\/plg-pllc.com\\\/es\\\/\"},{\"@type\":\"ListItem\",\"position\":2,\"name\":\"Renton Personal Injury Lawyer\",\"item\":\"https:\\\/\\\/plg-pllc.com\\\/es\\\/renton\\\/personal-injury-lawyer\\\/\"},{\"@type\":\"ListItem\",\"position\":3,\"name\":\"Renton Pedestrian Accident Lawyer\"}]},{\"@type\":\"WebSite\",\"@id\":\"https:\\\/\\\/plg-pllc.com\\\/#website\",\"url\":\"https:\\\/\\\/plg-pllc.com\\\/\",\"name\":\"Premier Law Group\",\"description\":\"Washington Wrongful Death and Serious Injury Lawyer\",\"publisher\":{\"@id\":\"https:\\\/\\\/plg-pllc.com\\\/#organization\"},\"inLanguage\":\"es\"},{\"@type\":\"Organization\",\"@id\":\"https:\\\/\\\/plg-pllc.com\\\/#organization\",\"name\":\"Premier Law Group\",\"url\":\"https:\\\/\\\/plg-pllc.com\\\/\",\"logo\":{\"@type\":\"ImageObject\",\"inLanguage\":\"es\",\"@id\":\"https:\\\/\\\/plg-pllc.com\\\/#\\\/schema\\\/logo\\\/image\\\/\",\"url\":\"https:\\\/\\\/plg-pllc.com\\\/wp-content\\\/uploads\\\/2020\\\/10\\\/plg-logo-v2.gif\",\"contentUrl\":\"https:\\\/\\\/plg-pllc.com\\\/wp-content\\\/uploads\\\/2020\\\/10\\\/plg-logo-v2.gif\",\"width\":592,\"height\":191,\"caption\":\"Premier Law Group\"},\"image\":{\"@id\":\"https:\\\/\\\/plg-pllc.com\\\/#\\\/schema\\\/logo\\\/image\\\/\"},\"sameAs\":[\"https:\\\/\\\/www.facebook.com\\\/premierlawgroup\",\"https:\\\/\\\/x.com\\\/premierlawgroup\"]}]}<\/script>\n<!-- \/ Yoast SEO plugin. -->","yoast_head_json":{"title":"Abogado de accidentes de peatones en Renton | Revisi\u00f3n gratuita de casos","description":"Abogado de accidentes de peatones en Renton: Premier Law Group lo ayuda a obtener la compensaci\u00f3n total que se merece. Sin honorarios a menos que ganemos.","robots":{"index":"index","follow":"follow","max-snippet":"max-snippet:-1","max-image-preview":"max-image-preview:large","max-video-preview":"max-video-preview:-1"},"canonical":"https:\/\/plg-pllc.com\/es\/renton\/pedestrian-accident-lawyer\/","og_locale":"es_MX","og_type":"article","og_title":"Pedestrian Accident Lawyer in Renton | Free Case Review","og_description":"Renton Pedestrian Accident Lawyer: Premier Law Group helps you unlock the full compensation you deserve. No Fee Unless We Win.","og_url":"https:\/\/plg-pllc.com\/es\/renton\/pedestrian-accident-lawyer\/","og_site_name":"Premier Law Group","article_publisher":"https:\/\/www.facebook.com\/premierlawgroup","article_modified_time":"2026-03-24T22:07:45+00:00","og_image":[{"width":1920,"height":600,"url":"https:\/\/plg-pllc.com\/wp-content\/uploads\/2021\/12\/Renton-Pedestrian-Accident-Lawyer.jpeg","type":"image\/jpeg"}],"twitter_card":"summary_large_image","twitter_site":"@premierlawgroup","twitter_misc":{"Tiempo de lectura":"4 minutos"},"schema":{"@context":"https:\/\/schema.org","@graph":[{"@type":"WebPage","@id":"https:\/\/plg-pllc.com\/renton\/pedestrian-accident-lawyer\/","url":"https:\/\/plg-pllc.com\/renton\/pedestrian-accident-lawyer\/","name":"Abogado de accidentes de peatones en Renton | Revisi\u00f3n gratuita de casos","isPartOf":{"@id":"https:\/\/plg-pllc.com\/#website"},"primaryImageOfPage":{"@id":"https:\/\/plg-pllc.com\/renton\/pedestrian-accident-lawyer\/#primaryimage"},"image":{"@id":"https:\/\/plg-pllc.com\/renton\/pedestrian-accident-lawyer\/#primaryimage"},"thumbnailUrl":"https:\/\/plg-pllc.com\/wp-content\/uploads\/2021\/12\/Renton-Pedestrian-Accident-Lawyer.jpeg","datePublished":"2021-12-03T21:29:18+00:00","dateModified":"2026-03-24T22:07:45+00:00","description":"Abogado de accidentes de peatones en Renton: Premier Law Group lo ayuda a obtener la compensaci\u00f3n total que se merece. Sin honorarios a menos que ganemos.","breadcrumb":{"@id":"https:\/\/plg-pllc.com\/renton\/pedestrian-accident-lawyer\/#breadcrumb"},"inLanguage":"es","potentialAction":[{"@type":"ReadAction","target":["https:\/\/plg-pllc.com\/renton\/pedestrian-accident-lawyer\/"]}]},{"@type":"ImageObject","inLanguage":"es","@id":"https:\/\/plg-pllc.com\/renton\/pedestrian-accident-lawyer\/#primaryimage","url":"https:\/\/plg-pllc.com\/wp-content\/uploads\/2021\/12\/Renton-Pedestrian-Accident-Lawyer.jpeg","contentUrl":"https:\/\/plg-pllc.com\/wp-content\/uploads\/2021\/12\/Renton-Pedestrian-Accident-Lawyer.jpeg","width":1920,"height":600,"caption":"Renton Pedestrian Accident Lawyer"},{"@type":"BreadcrumbList","@id":"https:\/\/plg-pllc.com\/renton\/pedestrian-accident-lawyer\/#breadcrumb","itemListElement":[{"@type":"ListItem","position":1,"name":"Home","item":"https:\/\/plg-pllc.com\/es\/"},{"@type":"ListItem","position":2,"name":"Renton Personal Injury Lawyer","item":"https:\/\/plg-pllc.com\/es\/renton\/personal-injury-lawyer\/"},{"@type":"ListItem","position":3,"name":"Renton Pedestrian Accident Lawyer"}]},{"@type":"WebSite","@id":"https:\/\/plg-pllc.com\/#website","url":"https:\/\/plg-pllc.com\/","name":"Grupo de abogados Premier","description":"Abogado de muerte por negligencia y lesiones graves en Washington","publisher":{"@id":"https:\/\/plg-pllc.com\/#organization"},"inLanguage":"es"},{"@type":"Organization","@id":"https:\/\/plg-pllc.com\/#organization","name":"Grupo de abogados Premier","url":"https:\/\/plg-pllc.com\/","logo":{"@type":"ImageObject","inLanguage":"es","@id":"https:\/\/plg-pllc.com\/#\/schema\/logo\/image\/","url":"https:\/\/plg-pllc.com\/wp-content\/uploads\/2020\/10\/plg-logo-v2.gif","contentUrl":"https:\/\/plg-pllc.com\/wp-content\/uploads\/2020\/10\/plg-logo-v2.gif","width":592,"height":191,"caption":"Premier Law Group"},"image":{"@id":"https:\/\/plg-pllc.com\/#\/schema\/logo\/image\/"},"sameAs":["https:\/\/www.facebook.com\/premierlawgroup","https:\/\/x.com\/premierlawgroup"]}]}},"_links":{"self":[{"href":"https:\/\/plg-pllc.com\/es\/wp-json\/wp\/v2\/pages\/19042","targetHints":{"allow":["GET"]}}],"collection":[{"href":"https:\/\/plg-pllc.com\/es\/wp-json\/wp\/v2\/pages"}],"about":[{"href":"https:\/\/plg-pllc.com\/es\/wp-json\/wp\/v2\/types\/page"}],"author":[{"embeddable":true,"href":"https:\/\/plg-pllc.com\/es\/wp-json\/wp\/v2\/users\/2"}],"replies":[{"embeddable":true,"href":"https:\/\/plg-pllc.com\/es\/wp-json\/wp\/v2\/comments?post=19042"}],"version-history":[{"count":0,"href":"https:\/\/plg-pllc.com\/es\/wp-json\/wp\/v2\/pages\/19042\/revisions"}],"up":[{"embeddable":true,"href":"https:\/\/plg-pllc.com\/es\/wp-json\/wp\/v2\/pages\/15618"}],"wp:featuredmedia":[{"embeddable":true,"href":"https:\/\/plg-pllc.com\/es\/wp-json\/wp\/v2\/media\/19043"}],"wp:attachment":[{"href":"https:\/\/plg-pllc.com\/es\/wp-json\/wp\/v2\/media?parent=19042"}],"wp:term":[{"taxonomy":"hc_faqs","embeddable":true,"href":"https:\/\/plg-pllc.com\/es\/wp-json\/wp\/v2\/hc_faqs?post=19042"}],"curies":[{"name":"gracias","href":"https:\/\/api.w.org\/{rel}","templated":true}]}}