{"id":19044,"date":"2021-12-03T13:35:34","date_gmt":"2021-12-03T21:35:34","guid":{"rendered":"https:\/\/plg-pllc.com\/?page_id=19044"},"modified":"2026-04-23T00:19:42","modified_gmt":"2026-04-23T07:19:42","slug":"federal-way-pedestrian-accident-lawyer","status":"publish","type":"page","link":"https:\/\/plg-pllc.com\/es\/federal-way\/pedestrian-accident-lawyer\/","title":{"rendered":"Abogado de accidentes de peatones en Federal Way"},"content":{"rendered":"<p><span style=\"font-weight: 400;\">Ya sea que est\u00e9 dando un paseo tranquilo por Celebration Park o una caminata r\u00e1pida hasta Trader Joe&#039;s en South 320th Street, caminar es una actividad saludable y consciente del medio ambiente. <\/span><a href=\"https:\/\/pmc.ncbi.nlm.nih.gov\/articles\/PMC3064872\/\" target=\"_blank\" rel=\"noopener\"><span style=\"font-weight: 400;\">Estudios m\u00e9dicos<\/span><\/a><span style=\"font-weight: 400;\"> Han demostrado que una simple caminata de treinta minutos cada d\u00eda puede mejorar dr\u00e1sticamente la salud de una persona.<\/span><\/p>\n<p><span style=\"font-weight: 400;\">Si bien el n\u00famero total de accidentes automovil\u00edsticos disminuy\u00f3 el a\u00f1o pasado, <\/span><a href=\"https:\/\/wsdot.wa.gov\/publications\/fulltext\/graynotebook\/gray-notebook-Sep20.pdf\" target=\"_blank\" rel=\"noopener\"><span style=\"font-weight: 400;\">Muertes que involucran peatones<\/span><\/a><span style=\"font-weight: 400;\"> Aument\u00f3 en 2020. Seattle y las \u00e1reas circundantes de SeaTac est\u00e1n tratando de hacer que las calles sean un lugar m\u00e1s seguro para los peatones agregando m\u00e1s cruces peatonales y aceras, pero los accidentes que involucran a peatones todav\u00eda ocurren todos los d\u00edas. Alguien en silla de ruedas, con muletas o a pie no tiene protecci\u00f3n contra autos que pesan m\u00e1s de 3000 libras en promedio.\u00a0<\/span><\/p>\n<p><span style=\"font-weight: 400;\">Si ha sufrido lesiones en Federal Way, es posible que est\u00e9 considerando emprender acciones legales, pero quiz\u00e1s no est\u00e9 seguro de c\u00f3mo hacerlo. Deber\u00eda consultar con un abogado. <a href=\"https:\/\/plg-pllc.com\/federal-way\/personal-injury-lawyer\/\">Abogado de lesiones personales en Federal Way<\/a> Contamos con profesionales que pueden ayudarle a comprender c\u00f3mo seguir adelante y obtener la orientaci\u00f3n que necesita. En Premier Law Group, nuestro equipo de abogados especializados en accidentes de peatones trabaja en estrecha colaboraci\u00f3n con cada cliente para que este pueda centrarse en su recuperaci\u00f3n en lugar de negociar un acuerdo justo.\u00a0<\/span><\/p>\n<h2><span style=\"font-weight: 400;\">\u00bfTienen los peatones derecho de paso?<\/span><\/h2>\n<p><span style=\"font-weight: 400;\">En t\u00e9rminos generales, los peatones tienen derecho de paso. Existen excepciones limitadas a esta regla, incluso cuando una persona <\/span><a href=\"https:\/\/app.leg.wa.gov\/rcw\/default.aspx?cite=46.61.235\/\" target=\"_blank\" rel=\"noopener\"><span style=\"font-weight: 400;\">dardos fuera<\/span><\/a><span style=\"font-weight: 400;\"> En un cruce de peatones cuando se acerca un autom\u00f3vil. Cuando no hay aceras, los peatones deben caminar de frente al tr\u00e1fico por el lado izquierdo de la carretera. Cuando los peatones intentan cruzar la calle en cualquier lugar que no sea una intersecci\u00f3n, deben ceder el paso a los veh\u00edculos. Si una persona es atropellada por un veh\u00edculo mientras infringe las leyes peatonales del estado de Washington, podr\u00eda ser responsable por negligencia.<\/span><\/p>\n<p><span style=\"font-weight: 400;\">El estado de Washington es un estado de negligencia comparativa. Esto significa que si la negligencia de una persona contribuy\u00f3 de alguna manera a un accidente, su compensaci\u00f3n se reducir\u00e1 en proporci\u00f3n a la cantidad de su negligencia. Los peatones deben caminar por la acera cuando sea posible y siempre deben usar el cruce peatonal. Todos los conductores deben ceder el paso a los peatones que usen las aceras y los cruces peatonales.<\/span><\/p>\n<h2><span style=\"font-weight: 400;\">Accidentes comunes que enfrentan los peatones en Federal Way<\/span><\/h2>\n<p><span style=\"font-weight: 400;\">La disparidad de peso entre un peat\u00f3n y un veh\u00edculo es evidente. Una persona promedio pesa menos de una d\u00e9cima parte de un veh\u00edculo de pasajeros. Con camiones que pesan m\u00e1s de 8000 libras, las lesiones que puede sufrir un peat\u00f3n pueden ser catastr\u00f3ficas. Las posibles lesiones que puede sufrir un peat\u00f3n pueden incluir:<\/span><\/p>\n<ul>\n<li style=\"font-weight: 400;\" aria-level=\"1\"><span style=\"font-weight: 400;\">Latigazo<\/span><\/li>\n<li style=\"font-weight: 400;\" aria-level=\"1\"><span style=\"font-weight: 400;\">Da\u00f1o en la m\u00e9dula espinal<\/span><\/li>\n<li style=\"font-weight: 400;\" aria-level=\"1\"><span style=\"font-weight: 400;\">P\u00e9rdida de una extremidad<\/span><\/li>\n<li style=\"font-weight: 400;\" aria-level=\"1\"><span style=\"font-weight: 400;\">Traumatismo craneoencef\u00e1lico o lesi\u00f3n cerebral traum\u00e1tica<\/span><\/li>\n<li style=\"font-weight: 400;\" aria-level=\"1\"><span style=\"font-weight: 400;\">Cicatrices o desfiguraciones en la cara.<\/span><\/li>\n<li style=\"font-weight: 400;\" aria-level=\"1\"><span style=\"font-weight: 400;\">Da\u00f1os a \u00f3rganos internos<\/span><\/li>\n<li style=\"font-weight: 400;\" aria-level=\"1\"><span style=\"font-weight: 400;\">Huesos rotos<\/span><\/li>\n<li style=\"font-weight: 400;\" aria-level=\"1\"><span style=\"font-weight: 400;\">P\u00e9rdida de audici\u00f3n\/visi\u00f3n<\/span><\/li>\n<\/ul>\n<p><span style=\"font-weight: 400;\">Si ha sufrido lesiones en un accidente peatonal, p\u00f3ngase en contacto de inmediato con un abogado especializado en accidentes peatonales. Un abogado le ayudar\u00e1 a reclamar una indemnizaci\u00f3n por sus lesiones a la parte responsable.<\/span><\/p>\n<h2><span style=\"font-weight: 400;\">\u00bfC\u00f3mo funcionan los casos de accidentes de peatones en Federal Way?<\/span><\/h2>\n<p><span style=\"font-weight: 400;\">Tanto los conductores como los peatones tienen el deber de cuidarse mutuamente para evitar accidentes. Debido a que Washington es un estado con negligencia comparativa, el abogado del conductor intentar\u00e1 culpar al peat\u00f3n lo m\u00e1ximo posible para limitar su responsabilidad. Un peat\u00f3n podr\u00eda ser declarado negligente si:<\/span><\/p>\n<ul>\n<li style=\"font-weight: 400;\" aria-level=\"1\"><span style=\"font-weight: 400;\">El peat\u00f3n est\u00e1 cruzando la calle de forma imprudente<\/span><\/li>\n<li style=\"font-weight: 400;\" aria-level=\"1\"><span style=\"font-weight: 400;\">El peat\u00f3n no utiliz\u00f3 el paso de peatones o la acera exclusiva.<\/span><\/li>\n<li style=\"font-weight: 400;\" aria-level=\"1\"><span style=\"font-weight: 400;\">El peat\u00f3n se interpuso en el tr\u00e1fico.<\/span><\/li>\n<li style=\"font-weight: 400;\" aria-level=\"1\"><span style=\"font-weight: 400;\">El peat\u00f3n no utiliz\u00f3 las se\u00f1ales para peatones.<\/span><\/li>\n<li style=\"font-weight: 400;\" aria-level=\"1\"><span style=\"font-weight: 400;\">El peat\u00f3n no prest\u00f3 atenci\u00f3n a su entorno.<\/span><\/li>\n<\/ul>\n<p><span style=\"font-weight: 400;\">Esto no quiere decir que un conductor nunca ser\u00e1 considerado responsable en un caso de accidente peatonal. Un conductor podr\u00eda ser considerado culpable si:<\/span><\/p>\n<ul>\n<li style=\"font-weight: 400;\" aria-level=\"1\"><span style=\"font-weight: 400;\">El conductor infringe las normas de tr\u00e1nsito, especialmente el l\u00edmite de velocidad.<\/span><\/li>\n<li style=\"font-weight: 400;\" aria-level=\"1\"><span style=\"font-weight: 400;\">El conductor conduc\u00eda bajo los efectos de drogas o alcohol.<\/span><\/li>\n<li style=\"font-weight: 400;\" aria-level=\"1\"><span style=\"font-weight: 400;\">El conductor no obedec\u00eda las se\u00f1ales de tr\u00e1nsito.<\/span><\/li>\n<li style=\"font-weight: 400;\" aria-level=\"1\"><span style=\"font-weight: 400;\">El conductor estaba distra\u00eddo mientras conduc\u00eda.<\/span><\/li>\n<li style=\"font-weight: 400;\" aria-level=\"1\"><span style=\"font-weight: 400;\">El conductor no utiliz\u00f3 la se\u00f1al de giro<\/span><\/li>\n<li style=\"font-weight: 400;\" aria-level=\"1\"><span style=\"font-weight: 400;\">El conductor no cedi\u00f3 el paso en un cruce de peatones<\/span><\/li>\n<\/ul>\n<p><span style=\"font-weight: 400;\">Si ha estado involucrado en un accidente peatonal, debe buscar el asesoramiento de un abogado con experiencia en accidentes peatonales en Federal Way. Juntos, usted y su abogado pueden analizar los hechos de su caso para determinar qui\u00e9n tuvo la culpa del accidente.\u00a0<\/span><\/p>\n\n        <div class=\"rs-content-cta long\">\n            <p>Para una consulta legal GRATUITA con un abogado de accidentes peatonales que preste servicios en Federal Way, llame al <a href=\"tel:+12062851743\">(206) 285-1743 <\/a><\/p>\n            <a href=\"https:\/\/plg-pllc.com\/es\/contact-us\/\" title=\"OBTENGA UNA EVALUACI\u00d3N DE CASO GRATUITA\" class=\"btn-global\">OBTENGA UNA EVALUACI\u00d3N DE CASO GRATUITA<\/a>\n                    <picture>\n                            <source srcset=\"https:\/\/plg-pllc.com\/wp-content\/themes\/plg-pllc-redesign\/assets\/app\/img\/cta-thumb.webp\" type=\"image\/webp\"\/>\n                            <img src=\"https:\/\/plg-pllc.com\/wp-content\/themes\/plg-pllc-redesign\/assets\/app\/img\/cta-thumb.png\" alt=\"Grupo de abogados Premier\" title=\"Grupo de abogados Premier\" width=\"245\" height=\"220\" loading=\"auto\" fetchpriority=\"auto\" decoding=\"async\"\/>\n        <\/picture>\n        \n        <\/div><h2><span style=\"font-weight: 400;\">Los abogados especializados en accidentes de peatones de Federal Way de Premier Law Group est\u00e1n listos para ayudarlo<\/span><\/h2>\n<p><span style=\"font-weight: 400;\">Con el plan del Departamento de Transporte del Estado de Washington de aumentar las aceras y los cruces peatonales, Seattle se est\u00e1 convirtiendo en una ciudad amigable para los peatones. <\/span><a href=\"https:\/\/plg-pllc.com\"><span style=\"font-weight: 400;\">Grupo de abogados Premier<\/span><\/a><span style=\"font-weight: 400;\"> Es un bufete de abogados con sede en Seattle que brinda representaci\u00f3n legal confiable y segura a las v\u00edctimas de accidentes peatonales. <\/span><span style=\"font-weight: 400;\">Nuestros abogados de accidentes peatonales en Federal Way, WA<\/span><span style=\"font-weight: 400;\"> ha sido <\/span><span style=\"font-weight: 400;\">reconocido a nivel nacional <\/span><span style=\"font-weight: 400;\">por su experiencia. Tenemos oficinas en Renton, Federal Way y Bellevue, y representamos a demandantes en toda la regi\u00f3n. Para programar una consulta inicial sin costo y sin compromiso, comun\u00edquese con nuestro bufete de abogados hoy mismo. Puede comunicarse con nosotros visitando nuestro sitio web. <\/span><a href=\"https:\/\/plg-pllc.com\/contact-us\/\"><span style=\"font-weight: 400;\">sitio web<\/span><\/a><span style=\"font-weight: 400;\"> o llamando al (206) 880-7518.<\/span><\/p>\n\n        <div class=\"rs-content-cta\">\n            <p>Llamar o enviar mensaje de texto <a href=\"tel:+12062851743\">(206) 285-1743<\/a> o complete un formulario de evaluaci\u00f3n de caso gratuito<\/p>\n            <a href=\"https:\/\/plg-pllc.com\/es\/contact-us\/\" title=\"OBTENGA UNA EVALUACI\u00d3N DE CASO GRATUITA\" class=\"btn-global\">OBTENGA UNA EVALUACI\u00d3N DE CASO GRATUITA<\/a>\n                    <picture>\n                            <source srcset=\"https:\/\/plg-pllc.com\/wp-content\/themes\/plg-pllc-redesign\/assets\/app\/img\/cta-thumb.webp\" type=\"image\/webp\"\/>\n                            <img src=\"https:\/\/plg-pllc.com\/wp-content\/themes\/plg-pllc-redesign\/assets\/app\/img\/cta-thumb.png\" alt=\"Grupo de abogados Premier\" title=\"Grupo de abogados Premier\" width=\"245\" height=\"220\" loading=\"auto\" fetchpriority=\"auto\" decoding=\"async\"\/>\n        <\/picture>\n        \n        <\/div>","protected":false},"excerpt":{"rendered":"<p>Ya sea que est\u00e9 dando un paseo tranquilo por Celebration Park o una caminata r\u00e1pida hasta Trader Joe&#039;s en South 320th Street, caminar es una actividad saludable y respetuosa con el medio ambiente. Los estudios m\u00e9dicos han demostrado que una simple caminata de treinta minutos todos los d\u00edas puede mejorar dr\u00e1sticamente la salud de una persona. Si bien la cantidad total de accidentes automovil\u00edsticos el a\u00f1o pasado...<\/p>","protected":false},"author":2,"featured_media":19046,"parent":20716,"menu_order":0,"comment_status":"closed","ping_status":"closed","template":"","meta":{"_acf_changed":false,"_genesis_hide_title":false,"_genesis_hide_breadcrumbs":false,"_genesis_hide_singular_image":false,"_genesis_hide_footer_widgets":false,"_genesis_custom_body_class":"","_genesis_custom_post_class":"","_genesis_layout":"","footnotes":""},"hc_faqs":[],"class_list":{"0":"post-19044","1":"page","2":"type-page","3":"status-publish","4":"has-post-thumbnail","6":"hc_city_location-federal-way","7":"entry"},"acf":[],"yoast_head":"<!-- This site is optimized with the Yoast SEO plugin v27.4 - https:\/\/yoast.com\/product\/yoast-seo-wordpress\/ -->\n<title>Pedestrian Accident Lawyer in Federal Way | Free Case Review<\/title>\n<meta name=\"description\" content=\"Federal Way Pedestrian Accident Lawyer: Premier Law Group helps you unlock the full compensation you deserve. No Fee Unless We Win.\" \/>\n<meta name=\"robots\" content=\"index, follow, max-snippet:-1, max-image-preview:large, max-video-preview:-1\" \/>\n<link rel=\"canonical\" href=\"https:\/\/plg-pllc.com\/es\/federal-way\/pedestrian-accident-lawyer\/\" \/>\n<meta property=\"og:locale\" content=\"es_MX\" \/>\n<meta property=\"og:type\" content=\"article\" \/>\n<meta property=\"og:title\" content=\"Pedestrian Accident Lawyer in Federal Way | Free Case Review\" \/>\n<meta property=\"og:description\" content=\"Federal Way Pedestrian Accident Lawyer: Premier Law Group helps you unlock the full compensation you deserve. No Fee Unless We Win.\" \/>\n<meta property=\"og:url\" content=\"https:\/\/plg-pllc.com\/es\/federal-way\/pedestrian-accident-lawyer\/\" \/>\n<meta property=\"og:site_name\" content=\"Premier Law Group\" \/>\n<meta property=\"article:publisher\" content=\"https:\/\/www.facebook.com\/premierlawgroup\" \/>\n<meta property=\"article:modified_time\" content=\"2026-04-23T07:19:42+00:00\" \/>\n<meta property=\"og:image\" content=\"https:\/\/plg-pllc.com\/wp-content\/uploads\/2021\/12\/Federal-Way-Pedestrian-Accident-Lawyer.jpg\" \/>\n\t<meta property=\"og:image:width\" content=\"1920\" \/>\n\t<meta property=\"og:image:height\" content=\"600\" \/>\n\t<meta property=\"og:image:type\" content=\"image\/jpeg\" \/>\n<meta name=\"twitter:card\" content=\"summary_large_image\" \/>\n<meta name=\"twitter:site\" content=\"@premierlawgroup\" \/>\n<meta name=\"twitter:label1\" content=\"Tiempo de lectura\" \/>\n\t<meta name=\"twitter:data1\" content=\"4 minutos\" \/>\n<script type=\"application\/ld+json\" class=\"yoast-schema-graph\">{\"@context\":\"https:\\\/\\\/schema.org\",\"@graph\":[{\"@type\":\"WebPage\",\"@id\":\"https:\\\/\\\/plg-pllc.com\\\/federal-way\\\/pedestrian-accident-lawyer\\\/\",\"url\":\"https:\\\/\\\/plg-pllc.com\\\/federal-way\\\/pedestrian-accident-lawyer\\\/\",\"name\":\"Pedestrian Accident Lawyer in Federal Way | Free Case Review\",\"isPartOf\":{\"@id\":\"https:\\\/\\\/plg-pllc.com\\\/#website\"},\"primaryImageOfPage\":{\"@id\":\"https:\\\/\\\/plg-pllc.com\\\/federal-way\\\/pedestrian-accident-lawyer\\\/#primaryimage\"},\"image\":{\"@id\":\"https:\\\/\\\/plg-pllc.com\\\/federal-way\\\/pedestrian-accident-lawyer\\\/#primaryimage\"},\"thumbnailUrl\":\"https:\\\/\\\/plg-pllc.com\\\/wp-content\\\/uploads\\\/2021\\\/12\\\/Federal-Way-Pedestrian-Accident-Lawyer.jpg\",\"datePublished\":\"2021-12-03T21:35:34+00:00\",\"dateModified\":\"2026-04-23T07:19:42+00:00\",\"description\":\"Federal Way Pedestrian Accident Lawyer: Premier Law Group helps you unlock the full compensation you deserve. No Fee Unless We Win.\",\"breadcrumb\":{\"@id\":\"https:\\\/\\\/plg-pllc.com\\\/federal-way\\\/pedestrian-accident-lawyer\\\/#breadcrumb\"},\"inLanguage\":\"es\",\"potentialAction\":[{\"@type\":\"ReadAction\",\"target\":[\"https:\\\/\\\/plg-pllc.com\\\/federal-way\\\/pedestrian-accident-lawyer\\\/\"]}]},{\"@type\":\"ImageObject\",\"inLanguage\":\"es\",\"@id\":\"https:\\\/\\\/plg-pllc.com\\\/federal-way\\\/pedestrian-accident-lawyer\\\/#primaryimage\",\"url\":\"https:\\\/\\\/plg-pllc.com\\\/wp-content\\\/uploads\\\/2021\\\/12\\\/Federal-Way-Pedestrian-Accident-Lawyer.jpg\",\"contentUrl\":\"https:\\\/\\\/plg-pllc.com\\\/wp-content\\\/uploads\\\/2021\\\/12\\\/Federal-Way-Pedestrian-Accident-Lawyer.jpg\",\"width\":1920,\"height\":600,\"caption\":\"Federal Way Pedestrian Accident Lawyer\"},{\"@type\":\"BreadcrumbList\",\"@id\":\"https:\\\/\\\/plg-pllc.com\\\/federal-way\\\/pedestrian-accident-lawyer\\\/#breadcrumb\",\"itemListElement\":[{\"@type\":\"ListItem\",\"position\":1,\"name\":\"Home\",\"item\":\"https:\\\/\\\/plg-pllc.com\\\/es\\\/\"},{\"@type\":\"ListItem\",\"position\":2,\"name\":\"Federal Way Personal Injury Lawyer\",\"item\":\"https:\\\/\\\/plg-pllc.com\\\/es\\\/federal-way\\\/personal-injury-lawyer\\\/\"},{\"@type\":\"ListItem\",\"position\":3,\"name\":\"Federal Way Pedestrian Accident Lawyer\"}]},{\"@type\":\"WebSite\",\"@id\":\"https:\\\/\\\/plg-pllc.com\\\/#website\",\"url\":\"https:\\\/\\\/plg-pllc.com\\\/\",\"name\":\"Premier Law Group\",\"description\":\"Washington Wrongful Death and Serious Injury Lawyer\",\"publisher\":{\"@id\":\"https:\\\/\\\/plg-pllc.com\\\/#organization\"},\"inLanguage\":\"es\"},{\"@type\":\"Organization\",\"@id\":\"https:\\\/\\\/plg-pllc.com\\\/#organization\",\"name\":\"Premier Law Group\",\"url\":\"https:\\\/\\\/plg-pllc.com\\\/\",\"logo\":{\"@type\":\"ImageObject\",\"inLanguage\":\"es\",\"@id\":\"https:\\\/\\\/plg-pllc.com\\\/#\\\/schema\\\/logo\\\/image\\\/\",\"url\":\"https:\\\/\\\/plg-pllc.com\\\/wp-content\\\/uploads\\\/2020\\\/10\\\/plg-logo-v2.gif\",\"contentUrl\":\"https:\\\/\\\/plg-pllc.com\\\/wp-content\\\/uploads\\\/2020\\\/10\\\/plg-logo-v2.gif\",\"width\":592,\"height\":191,\"caption\":\"Premier Law Group\"},\"image\":{\"@id\":\"https:\\\/\\\/plg-pllc.com\\\/#\\\/schema\\\/logo\\\/image\\\/\"},\"sameAs\":[\"https:\\\/\\\/www.facebook.com\\\/premierlawgroup\",\"https:\\\/\\\/x.com\\\/premierlawgroup\"]}]}<\/script>\n<!-- \/ Yoast SEO plugin. -->","yoast_head_json":{"title":"Abogado de accidentes de peatones en Federal Way | Revisi\u00f3n gratuita de casos","description":"Abogado de accidentes de peatones en Federal Way: Premier Law Group lo ayuda a obtener la compensaci\u00f3n total que se merece. Sin honorarios a menos que ganemos.","robots":{"index":"index","follow":"follow","max-snippet":"max-snippet:-1","max-image-preview":"max-image-preview:large","max-video-preview":"max-video-preview:-1"},"canonical":"https:\/\/plg-pllc.com\/es\/federal-way\/pedestrian-accident-lawyer\/","og_locale":"es_MX","og_type":"article","og_title":"Pedestrian Accident Lawyer in Federal Way | Free Case Review","og_description":"Federal Way Pedestrian Accident Lawyer: Premier Law Group helps you unlock the full compensation you deserve. No Fee Unless We Win.","og_url":"https:\/\/plg-pllc.com\/es\/federal-way\/pedestrian-accident-lawyer\/","og_site_name":"Premier Law Group","article_publisher":"https:\/\/www.facebook.com\/premierlawgroup","article_modified_time":"2026-04-23T07:19:42+00:00","og_image":[{"width":1920,"height":600,"url":"https:\/\/plg-pllc.com\/wp-content\/uploads\/2021\/12\/Federal-Way-Pedestrian-Accident-Lawyer.jpg","type":"image\/jpeg"}],"twitter_card":"summary_large_image","twitter_site":"@premierlawgroup","twitter_misc":{"Tiempo de lectura":"4 minutos"},"schema":{"@context":"https:\/\/schema.org","@graph":[{"@type":"WebPage","@id":"https:\/\/plg-pllc.com\/federal-way\/pedestrian-accident-lawyer\/","url":"https:\/\/plg-pllc.com\/federal-way\/pedestrian-accident-lawyer\/","name":"Abogado de accidentes de peatones en Federal Way | Revisi\u00f3n gratuita de casos","isPartOf":{"@id":"https:\/\/plg-pllc.com\/#website"},"primaryImageOfPage":{"@id":"https:\/\/plg-pllc.com\/federal-way\/pedestrian-accident-lawyer\/#primaryimage"},"image":{"@id":"https:\/\/plg-pllc.com\/federal-way\/pedestrian-accident-lawyer\/#primaryimage"},"thumbnailUrl":"https:\/\/plg-pllc.com\/wp-content\/uploads\/2021\/12\/Federal-Way-Pedestrian-Accident-Lawyer.jpg","datePublished":"2021-12-03T21:35:34+00:00","dateModified":"2026-04-23T07:19:42+00:00","description":"Abogado de accidentes de peatones en Federal Way: Premier Law Group lo ayuda a obtener la compensaci\u00f3n total que se merece. Sin honorarios a menos que ganemos.","breadcrumb":{"@id":"https:\/\/plg-pllc.com\/federal-way\/pedestrian-accident-lawyer\/#breadcrumb"},"inLanguage":"es","potentialAction":[{"@type":"ReadAction","target":["https:\/\/plg-pllc.com\/federal-way\/pedestrian-accident-lawyer\/"]}]},{"@type":"ImageObject","inLanguage":"es","@id":"https:\/\/plg-pllc.com\/federal-way\/pedestrian-accident-lawyer\/#primaryimage","url":"https:\/\/plg-pllc.com\/wp-content\/uploads\/2021\/12\/Federal-Way-Pedestrian-Accident-Lawyer.jpg","contentUrl":"https:\/\/plg-pllc.com\/wp-content\/uploads\/2021\/12\/Federal-Way-Pedestrian-Accident-Lawyer.jpg","width":1920,"height":600,"caption":"Federal Way Pedestrian Accident Lawyer"},{"@type":"BreadcrumbList","@id":"https:\/\/plg-pllc.com\/federal-way\/pedestrian-accident-lawyer\/#breadcrumb","itemListElement":[{"@type":"ListItem","position":1,"name":"Home","item":"https:\/\/plg-pllc.com\/es\/"},{"@type":"ListItem","position":2,"name":"Federal Way Personal Injury Lawyer","item":"https:\/\/plg-pllc.com\/es\/federal-way\/personal-injury-lawyer\/"},{"@type":"ListItem","position":3,"name":"Federal Way Pedestrian Accident Lawyer"}]},{"@type":"WebSite","@id":"https:\/\/plg-pllc.com\/#website","url":"https:\/\/plg-pllc.com\/","name":"Grupo de abogados Premier","description":"Abogado de muerte por negligencia y lesiones graves en Washington","publisher":{"@id":"https:\/\/plg-pllc.com\/#organization"},"inLanguage":"es"},{"@type":"Organization","@id":"https:\/\/plg-pllc.com\/#organization","name":"Grupo de abogados Premier","url":"https:\/\/plg-pllc.com\/","logo":{"@type":"ImageObject","inLanguage":"es","@id":"https:\/\/plg-pllc.com\/#\/schema\/logo\/image\/","url":"https:\/\/plg-pllc.com\/wp-content\/uploads\/2020\/10\/plg-logo-v2.gif","contentUrl":"https:\/\/plg-pllc.com\/wp-content\/uploads\/2020\/10\/plg-logo-v2.gif","width":592,"height":191,"caption":"Premier Law Group"},"image":{"@id":"https:\/\/plg-pllc.com\/#\/schema\/logo\/image\/"},"sameAs":["https:\/\/www.facebook.com\/premierlawgroup","https:\/\/x.com\/premierlawgroup"]}]}},"_links":{"self":[{"href":"https:\/\/plg-pllc.com\/es\/wp-json\/wp\/v2\/pages\/19044","targetHints":{"allow":["GET"]}}],"collection":[{"href":"https:\/\/plg-pllc.com\/es\/wp-json\/wp\/v2\/pages"}],"about":[{"href":"https:\/\/plg-pllc.com\/es\/wp-json\/wp\/v2\/types\/page"}],"author":[{"embeddable":true,"href":"https:\/\/plg-pllc.com\/es\/wp-json\/wp\/v2\/users\/2"}],"replies":[{"embeddable":true,"href":"https:\/\/plg-pllc.com\/es\/wp-json\/wp\/v2\/comments?post=19044"}],"version-history":[{"count":0,"href":"https:\/\/plg-pllc.com\/es\/wp-json\/wp\/v2\/pages\/19044\/revisions"}],"up":[{"embeddable":true,"href":"https:\/\/plg-pllc.com\/es\/wp-json\/wp\/v2\/pages\/20716"}],"wp:featuredmedia":[{"embeddable":true,"href":"https:\/\/plg-pllc.com\/es\/wp-json\/wp\/v2\/media\/19046"}],"wp:attachment":[{"href":"https:\/\/plg-pllc.com\/es\/wp-json\/wp\/v2\/media?parent=19044"}],"wp:term":[{"taxonomy":"hc_faqs","embeddable":true,"href":"https:\/\/plg-pllc.com\/es\/wp-json\/wp\/v2\/hc_faqs?post=19044"}],"curies":[{"name":"gracias","href":"https:\/\/api.w.org\/{rel}","templated":true}]}}