{"id":19056,"date":"2021-12-03T13:52:19","date_gmt":"2021-12-03T21:52:19","guid":{"rendered":"https:\/\/plg-pllc.com\/?page_id=19056"},"modified":"2026-04-23T00:18:21","modified_gmt":"2026-04-23T07:18:21","slug":"federal-way-construction-site-accident-lawyer","status":"publish","type":"page","link":"https:\/\/plg-pllc.com\/es\/federal-way\/construction-accident-lawyer\/","title":{"rendered":"Abogado de accidentes de construcci\u00f3n en Federal Way"},"content":{"rendered":"<p><span style=\"font-weight: 400;\">Las obras de construcci\u00f3n son una se\u00f1al de cambio que promete nuevos y emocionantes desarrollos en un barrio. Los contratistas y subcontratistas allanan el camino para muchos proyectos nuevos que los residentes de una ciudad pueden disfrutar. Dichos proyectos de construcci\u00f3n pueden incluir nuevos edificios de apartamentos, nuevas tiendas o incluso nuevas carreteras o autopistas.<\/span><\/p>\n<p><span style=\"font-weight: 400;\">Sin embargo, las obras de construcci\u00f3n pueden presentar numerosos peligros. Varillas de refuerzo expuestas, zanjas que se derrumban, gr\u00faas inestables y ca\u00edda de materiales son algunos de los peligros que se pueden encontrar en una obra. Debido a los posibles peligros que implica entrar en una obra, es importante que los trabajadores sepan que deben contactar con un <a href=\"https:\/\/plg-pllc.com\/federal-way\/personal-injury-lawyer\/\">Abogado de lesiones personales en Federal Way<\/a> en caso de sufrir una lesi\u00f3n en el trabajo.\u00a0<\/span><\/p>\n<p><span style=\"font-weight: 400;\">Si un trabajador de la construcci\u00f3n se lesiona, puede presentar una reclamaci\u00f3n de indemnizaci\u00f3n por accidente de trabajo. La persona lesionada tambi\u00e9n puede ser elegible para presentar una reclamaci\u00f3n por lesiones a terceros para recuperar la compensaci\u00f3n de una parte negligente, especialmente si esa otra parte no cumpli\u00f3 con las normas de la OSHA o la Ley de Seguridad Industrial de Washington (WISHA). Si se lesion\u00f3 en un sitio de construcci\u00f3n, puede confiar en Premier Law Group para que lo ayude con su reclamaci\u00f3n en Federal Way.<\/span><\/p>\n<h2><span style=\"font-weight: 400;\">Lesiones comunes en accidentes de construcci\u00f3n en Federal Way<\/span><\/h2>\n<p><span style=\"font-weight: 400;\">Seg\u00fan las leyes de compensaci\u00f3n laboral de Washington, las v\u00edctimas de accidentes de construcci\u00f3n pueden recibir una compensaci\u00f3n de quienes causaron sus lesiones. Esto es as\u00ed independientemente de si la negligencia fue intencional o accidental. En t\u00e9rminos generales, hay dos tipos de da\u00f1os que una v\u00edctima de accidente puede intentar recuperar. Estos da\u00f1os son los da\u00f1os no econ\u00f3micos (generales) y los da\u00f1os econ\u00f3micos (especiales).<\/span><\/p>\n<p><span style=\"font-weight: 400;\">Los da\u00f1os no econ\u00f3micos cubren los efectos intangibles de un accidente que no tienen un valor monetario preciso. Dichos da\u00f1os pueden cubrir:<\/span><\/p>\n<ul>\n<li style=\"font-weight: 400;\" aria-level=\"1\"><span style=\"font-weight: 400;\">Dolor y sufrimiento<\/span><\/li>\n<li style=\"font-weight: 400;\" aria-level=\"1\"><span style=\"font-weight: 400;\">Da\u00f1os a las relaciones personales (p\u00e9rdida de consorcio\/compa\u00f1erismo\/relaci\u00f3n padre-hijo)<\/span><\/li>\n<li style=\"font-weight: 400;\" aria-level=\"1\"><span style=\"font-weight: 400;\">Impactos negativos en <\/span><a href=\"https:\/\/www.sciencedirect.com\/science\/article\/pii\/S2590198219300600\" target=\"_blank\" rel=\"noopener\"><span style=\"font-weight: 400;\">La calidad de vida de uno<\/span><\/a><\/li>\n<\/ul>\n<p><span style=\"font-weight: 400;\">Por otra parte, los da\u00f1os econ\u00f3micos cubren los costos tangibles de sus lesiones. Dichos da\u00f1os pueden cubrir:<\/span><\/p>\n<ul>\n<li style=\"font-weight: 400;\" aria-level=\"1\"><span style=\"font-weight: 400;\">Costos m\u00e9dicos cr\u00f3nicos y de largo plazo<\/span><\/li>\n<li style=\"font-weight: 400;\" aria-level=\"1\"><span style=\"font-weight: 400;\">Fisioterapia<\/span><\/li>\n<li style=\"font-weight: 400;\" aria-level=\"1\"><span style=\"font-weight: 400;\">Dispositivos m\u00e9dicos de asistencia y pr\u00f3tesis<\/span><\/li>\n<li style=\"font-weight: 400;\" aria-level=\"1\"><span style=\"font-weight: 400;\">Facturas m\u00e9dicas no reembolsadas<\/span><\/li>\n<li style=\"font-weight: 400;\" aria-level=\"1\"><span style=\"font-weight: 400;\">Salarios perdidos por el tiempo que se perdi\u00f3 en el trabajo para recuperarse del accidente<\/span><\/li>\n<\/ul>\n<p><span style=\"font-weight: 400;\">Si ha resultado herido en un accidente de construcci\u00f3n en Federal Way, debe buscar atenci\u00f3n m\u00e9dica de inmediato. Despu\u00e9s de recibir la atenci\u00f3n m\u00e9dica necesaria, debe comunicarse con un abogado que pueda ayudarlo a reclamar una compensaci\u00f3n a la parte responsable de su lesi\u00f3n.<\/span><\/p>\n<h2><span style=\"font-weight: 400;\">Leyes de seguridad del estado de Washington para sitios de construcci\u00f3n<\/span><\/h2>\n<p><span style=\"font-weight: 400;\">Las normas de WISHA establecen que el contratista general de cualquier lugar de trabajo tiene la responsabilidad exclusiva (obligaci\u00f3n indelegable) de hacer cumplir todas las normas de seguridad para todos los empleados en el lugar. El contratista general no puede hacer cumplir esas normas a sus contratistas ni a ning\u00fan subcontratista. En otras palabras, el contratista general debe asegurarse de que todos en el lugar de trabajo cumplan con las normas y procedimientos de seguridad. Todos los subcontratistas y otras personas que trabajan en ese lugar tienen el deber de cuidado; por lo tanto, el contratista general debe hacer todo lo posible para prevenir accidentes. Todos los empleadores en el estado de Washington tienen el mandato de crear un espacio de trabajo razonablemente seguro para sus empleados y cualquier subcontratista que los acompa\u00f1e.\u00a0<\/span><\/p>\n<h2><span style=\"font-weight: 400;\">Tipos comunes de accidentes de construcci\u00f3n en Federal Way<\/span><\/h2>\n<p><span style=\"font-weight: 400;\">La pavimentaci\u00f3n de carreteras y la construcci\u00f3n de edificios pueden ser trabajos peligrosos. Las alturas verticales, el alquitr\u00e1n fundido, los cables el\u00e9ctricos expuestos y las estructuras inestables son solo una fracci\u00f3n de los riesgos potenciales asociados con las obras de construcci\u00f3n. Los empleadores de la construcci\u00f3n tienen responsabilidades y obligaciones establecidas desde hace mucho tiempo con el estado y sus empleados para mitigar los riesgos y reducir las posibilidades de lesiones en la construcci\u00f3n. Los empleadores deben tomar precauciones peri\u00f3dicas y capacitar a los empleados para que utilicen sus equipos de manera adecuada.<\/span><\/p>\n<p><span style=\"font-weight: 400;\">Lamentablemente, todav\u00eda ocurren accidentes en las obras de construcci\u00f3n. Estos accidentes causan muertes y lesiones graves en todo el estado de Washington. Algunos de los accidentes de construcci\u00f3n m\u00e1s comunes incluyen:<\/span><\/p>\n<h3><span style=\"font-weight: 400;\">Dise\u00f1o defectuoso<\/span><\/h3>\n<p><span style=\"font-weight: 400;\">En una obra, todos los trabajadores dependen unos de otros para garantizar la seguridad de la estructura. En particular, los ingenieros deben comprobar su trabajo y asegurarse de que sus dise\u00f1os sean seguros. Si los dise\u00f1adores e ingenieros hacen un mal trabajo, los trabajadores de la estructura se enfrentan a los riesgos de un posible derrumbe.<\/span><\/p>\n<h3><span style=\"font-weight: 400;\">Accidentes por aplastamiento<\/span><\/h3>\n<p><span style=\"font-weight: 400;\">Las apisonadoras, las gr\u00faas, las topadoras, los camiones industriales y los camiones de cemento requieren mucho espacio libre para maniobrar en una obra en construcci\u00f3n. Los martillos neum\u00e1ticos y las remachadoras pueden parecer insignificantes hasta que uno de ellos cae sobre un compa\u00f1ero de trabajo desde una ca\u00edda de veinte pisos. El descuido o la falta de atenci\u00f3n de otra persona pueden provocar la p\u00e9rdida de extremidades o la muerte.<\/span><\/p>\n<h3><span style=\"font-weight: 400;\">Electrocuci\u00f3n<\/span><\/h3>\n<p><span style=\"font-weight: 400;\">En las obras de construcci\u00f3n siempre hay cables con corriente. Hasta que esos cables est\u00e9n asegurados y conectados a tierra, existe un riesgo constante de contacto con cables con corriente, ya sean subterr\u00e1neos o a\u00e9reos. Adem\u00e1s, en cualquier edificio puede haber un cableado deficiente. El contacto con cables con corriente puede provocar quemaduras graves de tercer grado o incluso la muerte.<\/span><\/p>\n<p><span style=\"font-weight: 400;\">Si sufri\u00f3 lesiones en un accidente de construcci\u00f3n, debe comunicarse de inmediato con un abogado experimentado. Un abogado lo ayudar\u00e1 a obtener una compensaci\u00f3n por sus lesiones y a exigirle cuentas a la parte responsable por sus acciones.<\/span><\/p>\n\n        <div class=\"rs-content-cta long\">\n            <p>Para una consulta legal GRATUITA con un abogado especializado en accidentes de construcci\u00f3n que preste servicios en Federal Way, llame al <a href=\"tel:+12062851743\">(206) 285-1743 <\/a><\/p>\n            <a href=\"https:\/\/plg-pllc.com\/es\/contact-us\/\" title=\"OBTENGA UNA EVALUACI\u00d3N DE CASO GRATUITA\" class=\"btn-global\">OBTENGA UNA EVALUACI\u00d3N DE CASO GRATUITA<\/a>\n                    <picture>\n                            <source srcset=\"https:\/\/plg-pllc.com\/wp-content\/themes\/plg-pllc-redesign\/assets\/app\/img\/cta-thumb.webp\" type=\"image\/webp\"\/>\n                            <img src=\"https:\/\/plg-pllc.com\/wp-content\/themes\/plg-pllc-redesign\/assets\/app\/img\/cta-thumb.png\" alt=\"Grupo de abogados Premier\" title=\"Grupo de abogados Premier\" width=\"245\" height=\"220\" loading=\"auto\" fetchpriority=\"auto\" decoding=\"async\"\/>\n        <\/picture>\n        \n        <\/div><h2><span style=\"font-weight: 400;\">Comun\u00edquese hoy mismo con un abogado especializado en accidentes de construcci\u00f3n en Federal Way en Premier Law Group<\/span><\/h2>\n<p><span style=\"font-weight: 400;\">Los peritos de seguros y sus abogados defienden celosamente los accidentes de construcci\u00f3n. Las personas que representan a las compa\u00f1\u00edas de seguros son agresivas. Intentar\u00e1n culparlo por su lesi\u00f3n. Los representantes de la empresa de construcci\u00f3n intentar\u00e1n intimidarlo para que retire su reclamo u ofrecerle un acuerdo muy bajo para minimizar su responsabilidad. Es muy dif\u00edcil manejar un reclamo por accidente de construcci\u00f3n por su cuenta.<\/span><\/p>\n<p><span style=\"font-weight: 400;\">Necesita profesionales dedicados y experimentados que sepan c\u00f3mo defender sus derechos. <\/span><a href=\"https:\/\/plg-pllc.com\/\"><span style=\"font-weight: 400;\">Grupo de abogados Premier<\/span><\/a><span style=\"font-weight: 400;\"> cuenta con abogados expertos y con experiencia que conocen bien la ley de lesiones personales y saben c\u00f3mo tratar con las compa\u00f1\u00edas de seguros. Inf\u00f3rmese sobre sus derechos como v\u00edctima de un accidente de construcci\u00f3n y si un caso legal es la opci\u00f3n adecuada para usted. Puede contactarnos <\/span><a href=\"https:\/\/plg-pllc.com\/contact-us\/\"><span style=\"font-weight: 400;\">en l\u00ednea<\/span><\/a><span style=\"font-weight: 400;\"> o llame al (206) 880-7518.<\/span><\/p>\n\n        <div class=\"rs-content-cta\">\n            <p>Llamar o enviar mensaje de texto <a href=\"tel:+12062851743\">(206) 285-1743<\/a> o complete un formulario de evaluaci\u00f3n de caso gratuito<\/p>\n            <a href=\"https:\/\/plg-pllc.com\/es\/contact-us\/\" title=\"OBTENGA UNA EVALUACI\u00d3N DE CASO GRATUITA\" class=\"btn-global\">OBTENGA UNA EVALUACI\u00d3N DE CASO GRATUITA<\/a>\n                    <picture>\n                            <source srcset=\"https:\/\/plg-pllc.com\/wp-content\/themes\/plg-pllc-redesign\/assets\/app\/img\/cta-thumb.webp\" type=\"image\/webp\"\/>\n                            <img src=\"https:\/\/plg-pllc.com\/wp-content\/themes\/plg-pllc-redesign\/assets\/app\/img\/cta-thumb.png\" alt=\"Grupo de abogados Premier\" title=\"Grupo de abogados Premier\" width=\"245\" height=\"220\" loading=\"auto\" fetchpriority=\"auto\" decoding=\"async\"\/>\n        <\/picture>\n        \n        <\/div>","protected":false},"excerpt":{"rendered":"<p>Las obras de construcci\u00f3n son una se\u00f1al de cambio que promete nuevos y emocionantes desarrollos en un barrio. Los contratistas y subcontratistas allanan el camino para muchos proyectos nuevos que los residentes de una ciudad pueden disfrutar. Dichos proyectos de construcci\u00f3n pueden incluir nuevos edificios de apartamentos, nuevas tiendas o incluso nuevas carreteras o autopistas. Sin embargo, las obras de construcci\u00f3n pueden conllevar muchos peligros. \u2026<\/p>","protected":false},"author":2,"featured_media":19060,"parent":20716,"menu_order":0,"comment_status":"closed","ping_status":"closed","template":"","meta":{"_acf_changed":false,"_genesis_hide_title":false,"_genesis_hide_breadcrumbs":false,"_genesis_hide_singular_image":false,"_genesis_hide_footer_widgets":false,"_genesis_custom_body_class":"","_genesis_custom_post_class":"","_genesis_layout":"","footnotes":""},"hc_faqs":[],"class_list":{"0":"post-19056","1":"page","2":"type-page","3":"status-publish","4":"has-post-thumbnail","6":"hc_city_location-federal-way","7":"entry"},"acf":[],"yoast_head":"<!-- This site is optimized with the Yoast SEO plugin v27.4 - https:\/\/yoast.com\/product\/yoast-seo-wordpress\/ -->\n<title>Construction Accident Lawyer in Federal Way | Free Case Review<\/title>\n<meta name=\"description\" content=\"Federal Way Construction Accident Lawyer: Premier Law Group helps you unlock the full compensation you deserve. No Fee Unless We Win.\" \/>\n<meta name=\"robots\" content=\"index, follow, max-snippet:-1, max-image-preview:large, max-video-preview:-1\" \/>\n<link rel=\"canonical\" href=\"https:\/\/plg-pllc.com\/es\/federal-way\/construction-accident-lawyer\/\" \/>\n<meta property=\"og:locale\" content=\"es_MX\" \/>\n<meta property=\"og:type\" content=\"article\" \/>\n<meta property=\"og:title\" content=\"Construction Accident Lawyer in Federal Way | Free Case Review\" \/>\n<meta property=\"og:description\" content=\"Federal Way Construction Accident Lawyer: Premier Law Group helps you unlock the full compensation you deserve. No Fee Unless We Win.\" \/>\n<meta property=\"og:url\" content=\"https:\/\/plg-pllc.com\/es\/federal-way\/construction-accident-lawyer\/\" \/>\n<meta property=\"og:site_name\" content=\"Premier Law Group\" \/>\n<meta property=\"article:publisher\" content=\"https:\/\/www.facebook.com\/premierlawgroup\" \/>\n<meta property=\"article:modified_time\" content=\"2026-04-23T07:18:21+00:00\" \/>\n<meta property=\"og:image\" content=\"https:\/\/plg-pllc.com\/wp-content\/uploads\/2021\/12\/Federal-Way-Construction-Site-Accident-Lawyer.jpeg\" \/>\n\t<meta property=\"og:image:width\" content=\"1920\" \/>\n\t<meta property=\"og:image:height\" content=\"644\" \/>\n\t<meta property=\"og:image:type\" content=\"image\/jpeg\" \/>\n<meta name=\"twitter:card\" content=\"summary_large_image\" \/>\n<meta name=\"twitter:site\" content=\"@premierlawgroup\" \/>\n<meta name=\"twitter:label1\" content=\"Tiempo de lectura\" \/>\n\t<meta name=\"twitter:data1\" content=\"5 minutos\" \/>\n<script type=\"application\/ld+json\" class=\"yoast-schema-graph\">{\"@context\":\"https:\\\/\\\/schema.org\",\"@graph\":[{\"@type\":\"WebPage\",\"@id\":\"https:\\\/\\\/plg-pllc.com\\\/federal-way\\\/construction-accident-lawyer\\\/\",\"url\":\"https:\\\/\\\/plg-pllc.com\\\/federal-way\\\/construction-accident-lawyer\\\/\",\"name\":\"Construction Accident Lawyer in Federal Way | Free Case Review\",\"isPartOf\":{\"@id\":\"https:\\\/\\\/plg-pllc.com\\\/#website\"},\"primaryImageOfPage\":{\"@id\":\"https:\\\/\\\/plg-pllc.com\\\/federal-way\\\/construction-accident-lawyer\\\/#primaryimage\"},\"image\":{\"@id\":\"https:\\\/\\\/plg-pllc.com\\\/federal-way\\\/construction-accident-lawyer\\\/#primaryimage\"},\"thumbnailUrl\":\"https:\\\/\\\/plg-pllc.com\\\/wp-content\\\/uploads\\\/2021\\\/12\\\/Federal-Way-Construction-Site-Accident-Lawyer.jpeg\",\"datePublished\":\"2021-12-03T21:52:19+00:00\",\"dateModified\":\"2026-04-23T07:18:21+00:00\",\"description\":\"Federal Way Construction Accident Lawyer: Premier Law Group helps you unlock the full compensation you deserve. No Fee Unless We Win.\",\"breadcrumb\":{\"@id\":\"https:\\\/\\\/plg-pllc.com\\\/federal-way\\\/construction-accident-lawyer\\\/#breadcrumb\"},\"inLanguage\":\"es\",\"potentialAction\":[{\"@type\":\"ReadAction\",\"target\":[\"https:\\\/\\\/plg-pllc.com\\\/federal-way\\\/construction-accident-lawyer\\\/\"]}]},{\"@type\":\"ImageObject\",\"inLanguage\":\"es\",\"@id\":\"https:\\\/\\\/plg-pllc.com\\\/federal-way\\\/construction-accident-lawyer\\\/#primaryimage\",\"url\":\"https:\\\/\\\/plg-pllc.com\\\/wp-content\\\/uploads\\\/2021\\\/12\\\/Federal-Way-Construction-Site-Accident-Lawyer.jpeg\",\"contentUrl\":\"https:\\\/\\\/plg-pllc.com\\\/wp-content\\\/uploads\\\/2021\\\/12\\\/Federal-Way-Construction-Site-Accident-Lawyer.jpeg\",\"width\":1920,\"height\":644,\"caption\":\"Federal Way Construction Site Accident Lawyer\"},{\"@type\":\"BreadcrumbList\",\"@id\":\"https:\\\/\\\/plg-pllc.com\\\/federal-way\\\/construction-accident-lawyer\\\/#breadcrumb\",\"itemListElement\":[{\"@type\":\"ListItem\",\"position\":1,\"name\":\"Home\",\"item\":\"https:\\\/\\\/plg-pllc.com\\\/es\\\/\"},{\"@type\":\"ListItem\",\"position\":2,\"name\":\"Federal Way Personal Injury Lawyer\",\"item\":\"https:\\\/\\\/plg-pllc.com\\\/es\\\/federal-way\\\/personal-injury-lawyer\\\/\"},{\"@type\":\"ListItem\",\"position\":3,\"name\":\"Federal Way Construction Accident Lawyer\"}]},{\"@type\":\"WebSite\",\"@id\":\"https:\\\/\\\/plg-pllc.com\\\/#website\",\"url\":\"https:\\\/\\\/plg-pllc.com\\\/\",\"name\":\"Premier Law Group\",\"description\":\"Washington Wrongful Death and Serious Injury Lawyer\",\"publisher\":{\"@id\":\"https:\\\/\\\/plg-pllc.com\\\/#organization\"},\"inLanguage\":\"es\"},{\"@type\":\"Organization\",\"@id\":\"https:\\\/\\\/plg-pllc.com\\\/#organization\",\"name\":\"Premier Law Group\",\"url\":\"https:\\\/\\\/plg-pllc.com\\\/\",\"logo\":{\"@type\":\"ImageObject\",\"inLanguage\":\"es\",\"@id\":\"https:\\\/\\\/plg-pllc.com\\\/#\\\/schema\\\/logo\\\/image\\\/\",\"url\":\"https:\\\/\\\/plg-pllc.com\\\/wp-content\\\/uploads\\\/2020\\\/10\\\/plg-logo-v2.gif\",\"contentUrl\":\"https:\\\/\\\/plg-pllc.com\\\/wp-content\\\/uploads\\\/2020\\\/10\\\/plg-logo-v2.gif\",\"width\":592,\"height\":191,\"caption\":\"Premier Law Group\"},\"image\":{\"@id\":\"https:\\\/\\\/plg-pllc.com\\\/#\\\/schema\\\/logo\\\/image\\\/\"},\"sameAs\":[\"https:\\\/\\\/www.facebook.com\\\/premierlawgroup\",\"https:\\\/\\\/x.com\\\/premierlawgroup\"]}]}<\/script>\n<!-- \/ Yoast SEO plugin. -->","yoast_head_json":{"title":"Abogado de accidentes de construcci\u00f3n en Federal Way | Revisi\u00f3n gratuita de casos","description":"Abogado de accidentes de construcci\u00f3n en Federal Way: Premier Law Group lo ayuda a obtener la compensaci\u00f3n total que merece. Sin honorarios a menos que ganemos.","robots":{"index":"index","follow":"follow","max-snippet":"max-snippet:-1","max-image-preview":"max-image-preview:large","max-video-preview":"max-video-preview:-1"},"canonical":"https:\/\/plg-pllc.com\/es\/federal-way\/construction-accident-lawyer\/","og_locale":"es_MX","og_type":"article","og_title":"Construction Accident Lawyer in Federal Way | Free Case Review","og_description":"Federal Way Construction Accident Lawyer: Premier Law Group helps you unlock the full compensation you deserve. No Fee Unless We Win.","og_url":"https:\/\/plg-pllc.com\/es\/federal-way\/construction-accident-lawyer\/","og_site_name":"Premier Law Group","article_publisher":"https:\/\/www.facebook.com\/premierlawgroup","article_modified_time":"2026-04-23T07:18:21+00:00","og_image":[{"width":1920,"height":644,"url":"https:\/\/plg-pllc.com\/wp-content\/uploads\/2021\/12\/Federal-Way-Construction-Site-Accident-Lawyer.jpeg","type":"image\/jpeg"}],"twitter_card":"summary_large_image","twitter_site":"@premierlawgroup","twitter_misc":{"Tiempo de lectura":"5 minutos"},"schema":{"@context":"https:\/\/schema.org","@graph":[{"@type":"WebPage","@id":"https:\/\/plg-pllc.com\/federal-way\/construction-accident-lawyer\/","url":"https:\/\/plg-pllc.com\/federal-way\/construction-accident-lawyer\/","name":"Abogado de accidentes de construcci\u00f3n en Federal Way | Revisi\u00f3n gratuita de casos","isPartOf":{"@id":"https:\/\/plg-pllc.com\/#website"},"primaryImageOfPage":{"@id":"https:\/\/plg-pllc.com\/federal-way\/construction-accident-lawyer\/#primaryimage"},"image":{"@id":"https:\/\/plg-pllc.com\/federal-way\/construction-accident-lawyer\/#primaryimage"},"thumbnailUrl":"https:\/\/plg-pllc.com\/wp-content\/uploads\/2021\/12\/Federal-Way-Construction-Site-Accident-Lawyer.jpeg","datePublished":"2021-12-03T21:52:19+00:00","dateModified":"2026-04-23T07:18:21+00:00","description":"Abogado de accidentes de construcci\u00f3n en Federal Way: Premier Law Group lo ayuda a obtener la compensaci\u00f3n total que merece. Sin honorarios a menos que ganemos.","breadcrumb":{"@id":"https:\/\/plg-pllc.com\/federal-way\/construction-accident-lawyer\/#breadcrumb"},"inLanguage":"es","potentialAction":[{"@type":"ReadAction","target":["https:\/\/plg-pllc.com\/federal-way\/construction-accident-lawyer\/"]}]},{"@type":"ImageObject","inLanguage":"es","@id":"https:\/\/plg-pllc.com\/federal-way\/construction-accident-lawyer\/#primaryimage","url":"https:\/\/plg-pllc.com\/wp-content\/uploads\/2021\/12\/Federal-Way-Construction-Site-Accident-Lawyer.jpeg","contentUrl":"https:\/\/plg-pllc.com\/wp-content\/uploads\/2021\/12\/Federal-Way-Construction-Site-Accident-Lawyer.jpeg","width":1920,"height":644,"caption":"Federal Way Construction Site Accident Lawyer"},{"@type":"BreadcrumbList","@id":"https:\/\/plg-pllc.com\/federal-way\/construction-accident-lawyer\/#breadcrumb","itemListElement":[{"@type":"ListItem","position":1,"name":"Home","item":"https:\/\/plg-pllc.com\/es\/"},{"@type":"ListItem","position":2,"name":"Federal Way Personal Injury Lawyer","item":"https:\/\/plg-pllc.com\/es\/federal-way\/personal-injury-lawyer\/"},{"@type":"ListItem","position":3,"name":"Federal Way Construction Accident Lawyer"}]},{"@type":"WebSite","@id":"https:\/\/plg-pllc.com\/#website","url":"https:\/\/plg-pllc.com\/","name":"Grupo de abogados Premier","description":"Abogado de muerte por negligencia y lesiones graves en Washington","publisher":{"@id":"https:\/\/plg-pllc.com\/#organization"},"inLanguage":"es"},{"@type":"Organization","@id":"https:\/\/plg-pllc.com\/#organization","name":"Grupo de abogados Premier","url":"https:\/\/plg-pllc.com\/","logo":{"@type":"ImageObject","inLanguage":"es","@id":"https:\/\/plg-pllc.com\/#\/schema\/logo\/image\/","url":"https:\/\/plg-pllc.com\/wp-content\/uploads\/2020\/10\/plg-logo-v2.gif","contentUrl":"https:\/\/plg-pllc.com\/wp-content\/uploads\/2020\/10\/plg-logo-v2.gif","width":592,"height":191,"caption":"Premier Law Group"},"image":{"@id":"https:\/\/plg-pllc.com\/#\/schema\/logo\/image\/"},"sameAs":["https:\/\/www.facebook.com\/premierlawgroup","https:\/\/x.com\/premierlawgroup"]}]}},"_links":{"self":[{"href":"https:\/\/plg-pllc.com\/es\/wp-json\/wp\/v2\/pages\/19056","targetHints":{"allow":["GET"]}}],"collection":[{"href":"https:\/\/plg-pllc.com\/es\/wp-json\/wp\/v2\/pages"}],"about":[{"href":"https:\/\/plg-pllc.com\/es\/wp-json\/wp\/v2\/types\/page"}],"author":[{"embeddable":true,"href":"https:\/\/plg-pllc.com\/es\/wp-json\/wp\/v2\/users\/2"}],"replies":[{"embeddable":true,"href":"https:\/\/plg-pllc.com\/es\/wp-json\/wp\/v2\/comments?post=19056"}],"version-history":[{"count":0,"href":"https:\/\/plg-pllc.com\/es\/wp-json\/wp\/v2\/pages\/19056\/revisions"}],"up":[{"embeddable":true,"href":"https:\/\/plg-pllc.com\/es\/wp-json\/wp\/v2\/pages\/20716"}],"wp:featuredmedia":[{"embeddable":true,"href":"https:\/\/plg-pllc.com\/es\/wp-json\/wp\/v2\/media\/19060"}],"wp:attachment":[{"href":"https:\/\/plg-pllc.com\/es\/wp-json\/wp\/v2\/media?parent=19056"}],"wp:term":[{"taxonomy":"hc_faqs","embeddable":true,"href":"https:\/\/plg-pllc.com\/es\/wp-json\/wp\/v2\/hc_faqs?post=19056"}],"curies":[{"name":"gracias","href":"https:\/\/api.w.org\/{rel}","templated":true}]}}