{"id":19061,"date":"2021-12-03T13:58:27","date_gmt":"2021-12-03T21:58:27","guid":{"rendered":"https:\/\/plg-pllc.com\/?page_id=19061"},"modified":"2024-09-27T06:55:08","modified_gmt":"2024-09-27T13:55:08","slug":"federal-way-wrongful-death-lawyer","status":"publish","type":"page","link":"https:\/\/plg-pllc.com\/es\/federal-way\/wrongful-death-lawyer\/","title":{"rendered":"Abogado de muerte por negligencia en Federal Way"},"content":{"rendered":"<p><span style=\"font-weight: 400;\">In an ideal world, we would never need wrongful death lawsuits. Losing a loved one is one of the most difficult experiences a person will encounter in life. If you lost someone due to another person\u2019s negligence, your sense of loss can run deeper and leave you feeling that an injustice has occurred. During these challenging times, it may be unclear what you can do to push through your loss. You do not have to go through this kind of loss alone. With the help of a Federal Way wrongful death lawyer from Premier Law Group, you can begin the process of holding the responsible party accountable for their actions.<\/span><\/p>\n<h2><span style=\"font-weight: 400;\">Who Can Bring a Wrongful Death Case in Federal Way?<\/span><\/h2>\n<p><span style=\"font-weight: 400;\">There are certain restrictions on who can bring a wrongful death case in Federal Way. For example, friends of the deceased cannot bring a wrongful death case. Washington State law has specific rules and guidelines that allow certain people to file a wrongful death action. Different rules apply to adult and child deaths. The following are the rules governing who may bring a wrongful death claim:<\/span><\/p>\n<h3><span style=\"font-weight: 400;\">Wrongful Death of an Adult<\/span><\/h3>\n<p><span style=\"font-weight: 400;\">The person representing the deceased&#8217;s estate may bring the action for the estate and for the benefit of the deceased\u2019s family. If none of these people survived the decedent, the action benefits \u201cparents, sisters, or brothers, who may be dependent upon the deceased person for support, and who are residents within the United States at the time of their death,\u201d as according to <\/span><a href=\"https:\/\/lawfilesext.leg.wa.gov\/biennium\/2019-20\/Pdf\/Bills\/Session%20Laws\/Senate\/5163-S.SL.pdf?cite=2019%20c%20159%20%C2%A7%201\" target=\"_blank\" rel=\"noopener\"><span style=\"font-weight: 400;\">Washington State\u2019s Wrongful Death statute<\/span><\/a><span style=\"font-weight: 400;\">.\u00a0<\/span><\/p>\n<h3><span style=\"font-weight: 400;\">Wrongful Death of a Child under Eighteen<\/span><\/h3>\n<p><span style=\"font-weight: 400;\">A parent who has regularly and recently contributed to the support of their minor child may bring a wrongful death lawsuit; however, some restrictions apply. Marital status is not a factor when the decedent is under eighteen. If only one parent files, the other parent must be notified of the lawsuit.<\/span><\/p>\n<h2><span style=\"font-weight: 400;\">What Constitutes Wrongful Death?<\/span><\/h2>\n<p><span style=\"font-weight: 400;\">Under Washington State law, <\/span><a href=\"https:\/\/app.leg.wa.gov\/rcw\/default.aspx?cite=4.20.010\" target=\"_blank\" rel=\"noopener\"><span style=\"font-weight: 400;\">wrongful death<\/span><\/a><span style=\"font-weight: 400;\"> occurs when a person\u2019s life is taken due to the wrongful acts, neglect, or default of another person. Negligence can happen in any setting, and it can be a basis for a wrongful death lawsuit. Negligence is the failure or inability to take the reasonable care necessary to prevent injuries or fatalities to another. Negligence is involved in all kinds of scenarios. Examples of negligence include, but are not limited to:<\/span><\/p>\n<ul>\n<li style=\"font-weight: 400;\" aria-level=\"1\"><span style=\"font-weight: 400;\">Construction accidents<\/span><\/li>\n<li style=\"font-weight: 400;\" aria-level=\"1\"><span style=\"font-weight: 400;\">Burn accidents<\/span><\/li>\n<li style=\"font-weight: 400;\" aria-level=\"1\"><span style=\"font-weight: 400;\">Defective products<\/span><\/li>\n<li style=\"font-weight: 400;\" aria-level=\"1\"><span style=\"font-weight: 400;\">Dog bites<\/span><\/li>\n<li style=\"font-weight: 400;\" aria-level=\"1\"><span style=\"font-weight: 400;\">Vehicle crashes<\/span><\/li>\n<li style=\"font-weight: 400;\" aria-level=\"1\"><span style=\"font-weight: 400;\">Pedestrian accidents<\/span><\/li>\n<li style=\"font-weight: 400;\" aria-level=\"1\"><span style=\"font-weight: 400;\">Medical malpractice<\/span><\/li>\n<\/ul>\n<p><span style=\"font-weight: 400;\">Wrongful deaths are often caused by someone\u2019s negligence. Wrongful death, however, is not a criminal offense. Criminal liability for killing someone includes murder and negligent homicide. If the alleged criminal is facing criminal charges, you can still bring a wrongful death claim against them in civil court. This is true even if the person is not convicted of criminal wrongdoing.<\/span><\/p>\n<p><span style=\"font-weight: 400;\">In a criminal case, criminal liability must be proven beyond a reasonable doubt. On the other hand, civil liability must be established by a preponderance of the evidence. Put another way, the burden of proof is much higher for a criminal case than it is for a civil case. In a civil wrongful death case, the plaintiff only has to prove that it is exceedingly likely that the defendant killed someone wrongfully.<\/span><\/p>\n<h2><span style=\"font-weight: 400;\">Contact a Wrongful Death Lawyer in Federal Way, WA Today<\/span><\/h2>\n<p><span style=\"font-weight: 400;\">At Premier Law Group, our wrongful death attorneys understand that losing a loved one due to the negligence of another person is a devastating experience. You do not have to navigate the complexities of a wrongful death claim all by yourself. <\/span><a href=\"https:\/\/plg-pllc.com\/\"><span style=\"font-weight: 400;\">Premier Law Group<\/span><\/a><span style=\"font-weight: 400;\"> has experienced and passionate wrongful death attorneys in Federal Way, WA that want to help you with your wrongful death lawsuit. We are empathetic professionals who want to help you bring closure to your family and honor your loved one. If a loved one has died on account of someone else\u2019s negligence, please do not hesitate to contact us today. We have offices in Federal Way, Bellevue, and Renton, and we help people in the greater Seattle area. For a no commitment, no-cost consultation, you can contact us <\/span><a href=\"https:\/\/plg-pllc.com\/contact-us\/\"><span style=\"font-weight: 400;\">online<\/span><\/a><span style=\"font-weight: 400;\"> or call (206) 880-7518.<\/span><\/p>\n<p><script type=\"application\/ld+json\">\n{\n  \"@context\": \"https:\/\/schema.org\",\n  \"@type\": \"FAQPage\",\n  \"mainEntity\": [{\n    \"@type\": \"Question\",\n    \"name\": \"Who Can Bring a Wrongful Death Case in Federal Way?\",\n    \"acceptedAnswer\": {\n      \"@type\": \"Answer\",\n      \"text\": \"There are certain restrictions on who can bring a wrongful death case in Federal Way. For example, friends of the deceased cannot bring a wrongful death case. Washington State law has specific rules and guidelines that allow certain people to file a wrongful death action. Different rules apply to adult and child deaths. The following are the rules governing who may bring a wrongful death claim:\"\n    }\n  },{\n    \"@type\": \"Question\",\n    \"name\": \"What Constitutes Wrongful Death?\",\n    \"acceptedAnswer\": {\n      \"@type\": \"Answer\",\n      \"text\": \"Under Washington State law, wrongful death occurs when a person\u2019s life is taken due to the wrongful acts, neglect, or default of another person. Negligence can happen in any setting, and it can be a basis for a wrongful death lawsuit. Negligence is the failure or inability to take the reasonable care necessary to prevent injuries or fatalities to another. Negligence is involved in all kinds of scenarios. Examples of negligence include, but are not limited to:<\/script><\/p>\n<p>Construction accidents\nBurn accidents\nDefective products\nDog bites\nVehicle crashes\nPedestrian accidents\nMedical malpractice<\/p>\n<p>Wrongful deaths are often caused by someone\u2019s negligence. Wrongful death, however, is not a criminal offense. Criminal liability for killing someone includes murder and negligent homicide. If the alleged criminal is facing criminal charges, you can still bring a wrongful death claim against them in civil court. This is true even if the person is not convicted of criminal wrongdoing.<\/p>\n<p>In a criminal case, criminal liability must be proven beyond a reasonable doubt. On the other hand, civil liability must be established by a preponderance of the evidence. Put another way, the burden of proof is much higher for a criminal case than it is for a civil case. In a civil wrongful death case, the plaintiff only has to prove that it is exceedingly likely that the defendant killed someone wrongfully.\"\n    }\n  }]\n}\n<\/p>\n\n        <div class=\"rs-content-cta\">\n            <p>Call or text <a href=\"tel:+12062851743\">(206) 285-1743<\/a> or complete a Free  Case Evaluation form<\/p>\n            <a href=\"https:\/\/plg-pllc.com\/es\/contact-us\/\" title=\"GET A FREE  CASE EVALUATION\" class=\"btn-global\">GET A FREE  CASE EVALUATION<\/a>\n                    <picture>\n                            <source srcset=\"https:\/\/plg-pllc.com\/wp-content\/themes\/plg-pllc-redesign\/assets\/app\/img\/cta-thumb.webp\" type=\"image\/webp\"\/>\n                            <img src=\"https:\/\/plg-pllc.com\/wp-content\/themes\/plg-pllc-redesign\/assets\/app\/img\/cta-thumb.png\" alt=\"Premier Law Group\" title=\"Premier Law Group\" width=\"245\" height=\"220\" loading=\"auto\" fetchpriority=\"auto\" decoding=\"async\"\/>\n        <\/picture>\n        \n        <\/div>","protected":false},"excerpt":{"rendered":"<p>En un mundo ideal, nunca necesitar\u00edamos demandas por muerte por negligencia. Perder a un ser querido es una de las experiencias m\u00e1s dif\u00edciles que una persona puede vivir en la vida. Si perdi\u00f3 a alguien debido a la negligencia de otra persona, su sensaci\u00f3n de p\u00e9rdida puede ser m\u00e1s profunda y hacerle sentir que se ha cometido una injusticia. Durante estas \u2026<\/p>","protected":false},"author":2,"featured_media":19066,"parent":20716,"menu_order":0,"comment_status":"closed","ping_status":"closed","template":"","meta":{"_acf_changed":false,"_genesis_hide_title":false,"_genesis_hide_breadcrumbs":false,"_genesis_hide_singular_image":false,"_genesis_hide_footer_widgets":false,"_genesis_custom_body_class":"","_genesis_custom_post_class":"","_genesis_layout":"","footnotes":""},"hc_faqs":[],"class_list":{"0":"post-19061","1":"page","2":"type-page","3":"status-publish","4":"has-post-thumbnail","6":"hc_city_location-federal-way","7":"entry"},"acf":[],"yoast_head":"<!-- This site is optimized with the Yoast SEO plugin v27.4 - https:\/\/yoast.com\/product\/yoast-seo-wordpress\/ -->\n<title>Wrongful Death Lawyer in Federal Way | Free Case Review<\/title>\n<meta name=\"description\" content=\"Federal Way Wrongful Death Lawyer: Premier Law Group helps you unlock the full compensation you deserve. No Fee Unless We Win.\" \/>\n<meta name=\"robots\" content=\"index, follow, max-snippet:-1, max-image-preview:large, max-video-preview:-1\" \/>\n<link rel=\"canonical\" href=\"https:\/\/plg-pllc.com\/es\/federal-way\/wrongful-death-lawyer\/\" \/>\n<meta property=\"og:locale\" content=\"es_MX\" \/>\n<meta property=\"og:type\" content=\"article\" \/>\n<meta property=\"og:title\" content=\"Wrongful Death Lawyer in Federal Way | Free Case Review\" \/>\n<meta property=\"og:description\" content=\"Federal Way Wrongful Death Lawyer: Premier Law Group helps you unlock the full compensation you deserve. No Fee Unless We Win.\" \/>\n<meta property=\"og:url\" content=\"https:\/\/plg-pllc.com\/es\/federal-way\/wrongful-death-lawyer\/\" \/>\n<meta property=\"og:site_name\" content=\"Premier Law Group\" \/>\n<meta property=\"article:publisher\" content=\"https:\/\/www.facebook.com\/premierlawgroup\" \/>\n<meta property=\"article:modified_time\" content=\"2024-09-27T13:55:08+00:00\" \/>\n<meta property=\"og:image\" content=\"https:\/\/plg-pllc.com\/wp-content\/uploads\/2021\/12\/Federal-Way-Wrongful-Death-Lawyer.jpg\" \/>\n\t<meta property=\"og:image:width\" content=\"1920\" \/>\n\t<meta property=\"og:image:height\" content=\"600\" \/>\n\t<meta property=\"og:image:type\" content=\"image\/jpeg\" \/>\n<meta name=\"twitter:card\" content=\"summary_large_image\" \/>\n<meta name=\"twitter:site\" content=\"@premierlawgroup\" \/>\n<meta name=\"twitter:label1\" content=\"Tiempo de lectura\" \/>\n\t<meta name=\"twitter:data1\" content=\"4 minutos\" \/>\n<script type=\"application\/ld+json\" class=\"yoast-schema-graph\">{\"@context\":\"https:\\\/\\\/schema.org\",\"@graph\":[{\"@type\":\"WebPage\",\"@id\":\"https:\\\/\\\/plg-pllc.com\\\/federal-way\\\/wrongful-death-lawyer\\\/\",\"url\":\"https:\\\/\\\/plg-pllc.com\\\/federal-way\\\/wrongful-death-lawyer\\\/\",\"name\":\"Wrongful Death Lawyer in Federal Way | Free Case Review\",\"isPartOf\":{\"@id\":\"https:\\\/\\\/plg-pllc.com\\\/#website\"},\"primaryImageOfPage\":{\"@id\":\"https:\\\/\\\/plg-pllc.com\\\/federal-way\\\/wrongful-death-lawyer\\\/#primaryimage\"},\"image\":{\"@id\":\"https:\\\/\\\/plg-pllc.com\\\/federal-way\\\/wrongful-death-lawyer\\\/#primaryimage\"},\"thumbnailUrl\":\"https:\\\/\\\/plg-pllc.com\\\/wp-content\\\/uploads\\\/2021\\\/12\\\/Federal-Way-Wrongful-Death-Lawyer.jpg\",\"datePublished\":\"2021-12-03T21:58:27+00:00\",\"dateModified\":\"2024-09-27T13:55:08+00:00\",\"description\":\"Federal Way Wrongful Death Lawyer: Premier Law Group helps you unlock the full compensation you deserve. No Fee Unless We Win.\",\"breadcrumb\":{\"@id\":\"https:\\\/\\\/plg-pllc.com\\\/federal-way\\\/wrongful-death-lawyer\\\/#breadcrumb\"},\"inLanguage\":\"es\",\"potentialAction\":[{\"@type\":\"ReadAction\",\"target\":[\"https:\\\/\\\/plg-pllc.com\\\/federal-way\\\/wrongful-death-lawyer\\\/\"]}]},{\"@type\":\"ImageObject\",\"inLanguage\":\"es\",\"@id\":\"https:\\\/\\\/plg-pllc.com\\\/federal-way\\\/wrongful-death-lawyer\\\/#primaryimage\",\"url\":\"https:\\\/\\\/plg-pllc.com\\\/wp-content\\\/uploads\\\/2021\\\/12\\\/Federal-Way-Wrongful-Death-Lawyer.jpg\",\"contentUrl\":\"https:\\\/\\\/plg-pllc.com\\\/wp-content\\\/uploads\\\/2021\\\/12\\\/Federal-Way-Wrongful-Death-Lawyer.jpg\",\"width\":1920,\"height\":600,\"caption\":\"Federal Way Wrongful Death Lawyer\"},{\"@type\":\"BreadcrumbList\",\"@id\":\"https:\\\/\\\/plg-pllc.com\\\/federal-way\\\/wrongful-death-lawyer\\\/#breadcrumb\",\"itemListElement\":[{\"@type\":\"ListItem\",\"position\":1,\"name\":\"Home\",\"item\":\"https:\\\/\\\/plg-pllc.com\\\/es\\\/\"},{\"@type\":\"ListItem\",\"position\":2,\"name\":\"Federal Way Personal Injury Lawyer\",\"item\":\"https:\\\/\\\/plg-pllc.com\\\/es\\\/federal-way\\\/personal-injury-lawyer\\\/\"},{\"@type\":\"ListItem\",\"position\":3,\"name\":\"Federal Way Wrongful Death Lawyer\"}]},{\"@type\":\"WebSite\",\"@id\":\"https:\\\/\\\/plg-pllc.com\\\/#website\",\"url\":\"https:\\\/\\\/plg-pllc.com\\\/\",\"name\":\"Premier Law Group\",\"description\":\"Washington Wrongful Death and Serious Injury Lawyer\",\"publisher\":{\"@id\":\"https:\\\/\\\/plg-pllc.com\\\/#organization\"},\"inLanguage\":\"es\"},{\"@type\":\"Organization\",\"@id\":\"https:\\\/\\\/plg-pllc.com\\\/#organization\",\"name\":\"Premier Law Group\",\"url\":\"https:\\\/\\\/plg-pllc.com\\\/\",\"logo\":{\"@type\":\"ImageObject\",\"inLanguage\":\"es\",\"@id\":\"https:\\\/\\\/plg-pllc.com\\\/#\\\/schema\\\/logo\\\/image\\\/\",\"url\":\"https:\\\/\\\/plg-pllc.com\\\/wp-content\\\/uploads\\\/2020\\\/10\\\/plg-logo-v2.gif\",\"contentUrl\":\"https:\\\/\\\/plg-pllc.com\\\/wp-content\\\/uploads\\\/2020\\\/10\\\/plg-logo-v2.gif\",\"width\":592,\"height\":191,\"caption\":\"Premier Law Group\"},\"image\":{\"@id\":\"https:\\\/\\\/plg-pllc.com\\\/#\\\/schema\\\/logo\\\/image\\\/\"},\"sameAs\":[\"https:\\\/\\\/www.facebook.com\\\/premierlawgroup\",\"https:\\\/\\\/x.com\\\/premierlawgroup\"]}]}<\/script>\n<!-- \/ Yoast SEO plugin. -->","yoast_head_json":{"title":"Abogado de muerte por negligencia en Federal Way | Revisi\u00f3n gratuita de casos","description":"Abogado de muerte por negligencia en Federal Way: Premier Law Group lo ayuda a obtener la compensaci\u00f3n total que se merece. Sin cargo a menos que ganemos.","robots":{"index":"index","follow":"follow","max-snippet":"max-snippet:-1","max-image-preview":"max-image-preview:large","max-video-preview":"max-video-preview:-1"},"canonical":"https:\/\/plg-pllc.com\/es\/federal-way\/wrongful-death-lawyer\/","og_locale":"es_MX","og_type":"article","og_title":"Wrongful Death Lawyer in Federal Way | Free Case Review","og_description":"Federal Way Wrongful Death Lawyer: Premier Law Group helps you unlock the full compensation you deserve. No Fee Unless We Win.","og_url":"https:\/\/plg-pllc.com\/es\/federal-way\/wrongful-death-lawyer\/","og_site_name":"Premier Law Group","article_publisher":"https:\/\/www.facebook.com\/premierlawgroup","article_modified_time":"2024-09-27T13:55:08+00:00","og_image":[{"width":1920,"height":600,"url":"https:\/\/plg-pllc.com\/wp-content\/uploads\/2021\/12\/Federal-Way-Wrongful-Death-Lawyer.jpg","type":"image\/jpeg"}],"twitter_card":"summary_large_image","twitter_site":"@premierlawgroup","twitter_misc":{"Tiempo de lectura":"4 minutos"},"schema":{"@context":"https:\/\/schema.org","@graph":[{"@type":"WebPage","@id":"https:\/\/plg-pllc.com\/federal-way\/wrongful-death-lawyer\/","url":"https:\/\/plg-pllc.com\/federal-way\/wrongful-death-lawyer\/","name":"Abogado de muerte por negligencia en Federal Way | Revisi\u00f3n gratuita de casos","isPartOf":{"@id":"https:\/\/plg-pllc.com\/#website"},"primaryImageOfPage":{"@id":"https:\/\/plg-pllc.com\/federal-way\/wrongful-death-lawyer\/#primaryimage"},"image":{"@id":"https:\/\/plg-pllc.com\/federal-way\/wrongful-death-lawyer\/#primaryimage"},"thumbnailUrl":"https:\/\/plg-pllc.com\/wp-content\/uploads\/2021\/12\/Federal-Way-Wrongful-Death-Lawyer.jpg","datePublished":"2021-12-03T21:58:27+00:00","dateModified":"2024-09-27T13:55:08+00:00","description":"Abogado de muerte por negligencia en Federal Way: Premier Law Group lo ayuda a obtener la compensaci\u00f3n total que se merece. Sin cargo a menos que ganemos.","breadcrumb":{"@id":"https:\/\/plg-pllc.com\/federal-way\/wrongful-death-lawyer\/#breadcrumb"},"inLanguage":"es","potentialAction":[{"@type":"ReadAction","target":["https:\/\/plg-pllc.com\/federal-way\/wrongful-death-lawyer\/"]}]},{"@type":"ImageObject","inLanguage":"es","@id":"https:\/\/plg-pllc.com\/federal-way\/wrongful-death-lawyer\/#primaryimage","url":"https:\/\/plg-pllc.com\/wp-content\/uploads\/2021\/12\/Federal-Way-Wrongful-Death-Lawyer.jpg","contentUrl":"https:\/\/plg-pllc.com\/wp-content\/uploads\/2021\/12\/Federal-Way-Wrongful-Death-Lawyer.jpg","width":1920,"height":600,"caption":"Federal Way Wrongful Death Lawyer"},{"@type":"BreadcrumbList","@id":"https:\/\/plg-pllc.com\/federal-way\/wrongful-death-lawyer\/#breadcrumb","itemListElement":[{"@type":"ListItem","position":1,"name":"Home","item":"https:\/\/plg-pllc.com\/es\/"},{"@type":"ListItem","position":2,"name":"Federal Way Personal Injury Lawyer","item":"https:\/\/plg-pllc.com\/es\/federal-way\/personal-injury-lawyer\/"},{"@type":"ListItem","position":3,"name":"Federal Way Wrongful Death Lawyer"}]},{"@type":"WebSite","@id":"https:\/\/plg-pllc.com\/#website","url":"https:\/\/plg-pllc.com\/","name":"Grupo de abogados Premier","description":"Abogado de muerte por negligencia y lesiones graves en Washington","publisher":{"@id":"https:\/\/plg-pllc.com\/#organization"},"inLanguage":"es"},{"@type":"Organization","@id":"https:\/\/plg-pllc.com\/#organization","name":"Grupo de abogados Premier","url":"https:\/\/plg-pllc.com\/","logo":{"@type":"ImageObject","inLanguage":"es","@id":"https:\/\/plg-pllc.com\/#\/schema\/logo\/image\/","url":"https:\/\/plg-pllc.com\/wp-content\/uploads\/2020\/10\/plg-logo-v2.gif","contentUrl":"https:\/\/plg-pllc.com\/wp-content\/uploads\/2020\/10\/plg-logo-v2.gif","width":592,"height":191,"caption":"Premier Law Group"},"image":{"@id":"https:\/\/plg-pllc.com\/#\/schema\/logo\/image\/"},"sameAs":["https:\/\/www.facebook.com\/premierlawgroup","https:\/\/x.com\/premierlawgroup"]}]}},"_links":{"self":[{"href":"https:\/\/plg-pllc.com\/es\/wp-json\/wp\/v2\/pages\/19061","targetHints":{"allow":["GET"]}}],"collection":[{"href":"https:\/\/plg-pllc.com\/es\/wp-json\/wp\/v2\/pages"}],"about":[{"href":"https:\/\/plg-pllc.com\/es\/wp-json\/wp\/v2\/types\/page"}],"author":[{"embeddable":true,"href":"https:\/\/plg-pllc.com\/es\/wp-json\/wp\/v2\/users\/2"}],"replies":[{"embeddable":true,"href":"https:\/\/plg-pllc.com\/es\/wp-json\/wp\/v2\/comments?post=19061"}],"version-history":[{"count":0,"href":"https:\/\/plg-pllc.com\/es\/wp-json\/wp\/v2\/pages\/19061\/revisions"}],"up":[{"embeddable":true,"href":"https:\/\/plg-pllc.com\/es\/wp-json\/wp\/v2\/pages\/20716"}],"wp:featuredmedia":[{"embeddable":true,"href":"https:\/\/plg-pllc.com\/es\/wp-json\/wp\/v2\/media\/19066"}],"wp:attachment":[{"href":"https:\/\/plg-pllc.com\/es\/wp-json\/wp\/v2\/media?parent=19061"}],"wp:term":[{"taxonomy":"hc_faqs","embeddable":true,"href":"https:\/\/plg-pllc.com\/es\/wp-json\/wp\/v2\/hc_faqs?post=19061"}],"curies":[{"name":"gracias","href":"https:\/\/api.w.org\/{rel}","templated":true}]}}