{"id":19143,"date":"2021-12-14T12:36:00","date_gmt":"2021-12-14T20:36:00","guid":{"rendered":"https:\/\/plg-pllc.com\/?p=19143"},"modified":"2024-11-07T04:12:16","modified_gmt":"2024-11-07T12:12:16","slug":"common-parking-lot-crashes-to-avoid-during-holiday-season","status":"publish","type":"page","link":"https:\/\/plg-pllc.com\/es\/faqs\/what-are-common-parking-lot-crashes\/","title":{"rendered":"Accidentes comunes en estacionamientos que se deben evitar durante la temporada navide\u00f1a"},"content":{"rendered":"<p>Mientras conduce hacia su destino de vacaciones, es f\u00e1cil distraerse con la gente que camina y las decoraciones. Es importante que los conductores est\u00e9n atentos a su entorno, especialmente cuando est\u00e1n en un estacionamiento. Las distracciones pueden provocar f\u00e1cilmente un accidente de tr\u00e1fico. A continuaci\u00f3n, se indican algunas situaciones de accidentes habituales en los estacionamientos y c\u00f3mo evitarlas.<\/p>\r\n\r\n\r\n\r\n<h2 class=\"wp-block-heading\" id=\"h-common-parking-lot-crash-situations\">Situaciones de accidentes m\u00e1s comunes en los estacionamientos<\/h2>\r\n\r\n\r\n\r\n<p>Hay varias situaciones que se deben reconocer y que suelen provocar accidentes en los estacionamientos. A continuaci\u00f3n, se indican algunas cosas que puede hacer para ayudar a prevenirlos.<\/p>\r\n\r\n\r\n\r\n<h3 class=\"wp-block-heading\" id=\"h-backing-up\">Realizar copias de seguridad<\/h3>\r\n\r\n\r\n\r\n<p>Una de las causas m\u00e1s comunes de accidentes en los estacionamientos es dar marcha atr\u00e1s y chocar contra otra persona. Para evitarlo, los conductores deben mirar por encima del hombro y verificar los espejos antes de dar marcha atr\u00e1s. Si a\u00fan no est\u00e1n seguros de lo que hay detr\u00e1s de ellos, deben pedirle a alguien que camine junto al auto y los gu\u00ede. Nunca den marcha atr\u00e1s si no est\u00e1n seguros de lo que hay detr\u00e1s de ustedes.<\/p>\r\n\r\n\r\n\r\n<h3 class=\"wp-block-heading\" id=\"h-turning\">Torneado<\/h3>\r\n\r\n\r\n\r\n<p>Al entrar en un espacio de estacionamiento, es importante mirar para ver si hay otro autom\u00f3vil que intenta entrar en ese mismo espacio. Si lo hay, entonces deber\u00e1 encontrar otro lugar para estacionar. Con todo el estr\u00e9s de las vacaciones, es m\u00e1s seguro dejar que el otro autom\u00f3vil ocupe el espacio y busque otro lugar que intentar estacionar m\u00e1s r\u00e1pido que el otro autom\u00f3vil y correr el riesgo de provocar una colisi\u00f3n.<\/p>\r\n\r\n\r\n\r\n<p>Tambi\u00e9n es importante asegurarse de que los dem\u00e1s veh\u00edculos sepan que usted tiene la intenci\u00f3n de girar. Puede hacerlo encendiendo la luz de giro. Si est\u00e1 a punto de salir de un lugar y se acerca otro veh\u00edculo, aseg\u00farese de detenerse antes de salir para que pueda pasarlo con seguridad.<\/p>\r\n\r\n\r\n\r\n\n        <div class=\"rs-content-cta long\">\n            <p>Para una consulta legal GRATUITA, llame al <a href=\"tel:+12062851743\">(206) 285-1743 <\/a><\/p>\n            <a href=\"https:\/\/plg-pllc.com\/es\/contact-us\/\" title=\"OBTENGA UNA EVALUACI\u00d3N DE CASO GRATUITA\" class=\"btn-global\">OBTENGA UNA EVALUACI\u00d3N DE CASO GRATUITA<\/a>\n                    <picture>\n                            <source srcset=\"https:\/\/plg-pllc.com\/wp-content\/themes\/plg-pllc-redesign\/assets\/app\/img\/cta-thumb.webp\" type=\"image\/webp\"\/>\n                            <img src=\"https:\/\/plg-pllc.com\/wp-content\/themes\/plg-pllc-redesign\/assets\/app\/img\/cta-thumb.png\" alt=\"Grupo de abogados Premier\" title=\"Grupo de abogados Premier\" width=\"245\" height=\"220\" loading=\"auto\" fetchpriority=\"auto\" decoding=\"async\"\/>\n        <\/picture>\n        \n        <\/div><h3 class=\"wp-block-heading\" id=\"h-entering-and-exiting-the-parking-lot\">Entrar y salir del estacionamiento<\/h3>\r\n\r\n\r\n\r\n<p>Si est\u00e1 entrando a un estacionamiento, no siga a la persona que est\u00e1 delante de usted. La persona que est\u00e1 delante de usted puede estar esperando un lugar o puede que no se d\u00e9 cuenta de que alguien la est\u00e1 siguiendo. Debe seguirla a cierta distancia para que, si la persona que est\u00e1 delante de usted se detiene, usted tenga tiempo suficiente para detenerse tambi\u00e9n.<\/p>\r\n\r\n\r\n\r\n<p>Al salir de un estacionamiento, mire bien hacia adelante para ver si viene algo. Si est\u00e1 despejado, avance lentamente para tener tiempo suficiente para detenerse si es necesario.<\/p>\r\n\r\n\r\n\r\n<h3 class=\"wp-block-heading\" id=\"h-driving-straight-forward\">Conduciendo recto hacia adelante<\/h3>\r\n\r\n\r\n\r\n<p>Un accidente com\u00fan en los estacionamientos ocurre cuando un conductor est\u00e1 dando marcha atr\u00e1s y choca a alguien que viene en l\u00ednea recta. Esto puede suceder si el conductor no revisa su punto ciego antes de girar o si no verifica que no haya peligro antes de dar marcha atr\u00e1s.<\/p>\r\n\r\n\r\n\r\n<p>Para evitarlo, aseg\u00farese de reducir la velocidad para comprobar si hay veh\u00edculos que se aproximan antes de pasar por las filas. Si est\u00e1 esperando para entrar en un lugar de estacionamiento, aseg\u00farese de dejar suficiente espacio frente a usted para permitir que el conductor salga marcha atr\u00e1s.<\/p>\r\n\r\n\r\n\r\n<h2 class=\"wp-block-heading\" id=\"h-contact-the-car-accident-attorneys-at-premier-law-group-in-washington\">Comun\u00edquese con los abogados especializados en accidentes automovil\u00edsticos de Premier Law Group en Washington<\/h2>\r\n\r\n\r\n\r\n<p>En Premier Law Group, nuestros abogados de accidentes automovil\u00edsticos de Washington pueden ayudarlo a buscar una compensaci\u00f3n por las lesiones sufridas durante un accidente automovil\u00edstico. Si result\u00f3 herido en un choque en un estacionamiento, podemos ayudarlo a buscar la justicia que se merece. Ofrecemos revisiones de casos gratuitas y confidenciales donde podemos obtener m\u00e1s informaci\u00f3n sobre lo que sucedi\u00f3 en su caso y presentarle sus opciones. Tenemos oficinas legales en todo el oeste de Washington, incluidos Seattle, Renton, Federal Way y Bellevue. Comun\u00edquese con nosotros hoy llamando al (206) 880-7518 o completando este formulario en l\u00ednea. <a href=\"https:\/\/plg-pllc.com\/contact-us\/\">Formulario de contacto<\/a>.<\/p>\r\n\n        <div class=\"rs-content-cta\">\n            <p>Llamar o enviar mensaje de texto <a href=\"tel:+12062851743\">(206) 285-1743<\/a> o complete un formulario de evaluaci\u00f3n de caso gratuito<\/p>\n            <a href=\"https:\/\/plg-pllc.com\/es\/contact-us\/\" title=\"OBTENGA UNA EVALUACI\u00d3N DE CASO GRATUITA\" class=\"btn-global\">OBTENGA UNA EVALUACI\u00d3N DE CASO GRATUITA<\/a>\n                    <picture>\n                            <source srcset=\"https:\/\/plg-pllc.com\/wp-content\/themes\/plg-pllc-redesign\/assets\/app\/img\/cta-thumb.webp\" type=\"image\/webp\"\/>\n                            <img src=\"https:\/\/plg-pllc.com\/wp-content\/themes\/plg-pllc-redesign\/assets\/app\/img\/cta-thumb.png\" alt=\"Grupo de abogados Premier\" title=\"Grupo de abogados Premier\" width=\"245\" height=\"220\" loading=\"auto\" fetchpriority=\"auto\" decoding=\"async\"\/>\n        <\/picture>\n        \n        <\/div>","protected":false},"excerpt":{"rendered":"<p>Mientras conduce hacia su destino de vacaciones, es f\u00e1cil distraerse con toda la gente que camina y las decoraciones. Es importante que los conductores est\u00e9n atentos a su entorno, especialmente cuando est\u00e1n en un estacionamiento. Las distracciones pueden provocar f\u00e1cilmente un accidente de tr\u00e1fico. A continuaci\u00f3n, se muestran algunas situaciones de accidentes habituales en el estacionamiento...<\/p>","protected":false},"author":24,"featured_media":19148,"parent":20714,"menu_order":0,"comment_status":"closed","ping_status":"closed","template":"","meta":{"_acf_changed":false,"_genesis_hide_title":false,"_genesis_hide_breadcrumbs":false,"_genesis_hide_singular_image":false,"_genesis_hide_footer_widgets":false,"_genesis_custom_body_class":"","_genesis_custom_post_class":"","_genesis_layout":"","footnotes":""},"hc_faqs":[10344],"class_list":{"0":"post-19143","1":"page","2":"type-page","3":"status-publish","4":"has-post-thumbnail","6":"hc_faqs-car-accident","7":"entry"},"acf":[],"yoast_head":"<!-- This site is optimized with the Yoast SEO plugin v27.2 - https:\/\/yoast.com\/product\/yoast-seo-wordpress\/ -->\n<title>Common Parking Lot Crashes to Avoid during Holiday Season<\/title>\n<meta name=\"description\" content=\"Common Parking Lot Crashes to Avoid during Holiday Season: Premier Law Group helps you unlock the full compensation you deserve. No Fee Unless We Win.\" \/>\n<meta name=\"robots\" content=\"index, follow, max-snippet:-1, max-image-preview:large, max-video-preview:-1\" \/>\n<link rel=\"canonical\" href=\"https:\/\/plg-pllc.com\/es\/faqs\/what-are-common-parking-lot-crashes\/\" \/>\n<meta property=\"og:locale\" content=\"es_MX\" \/>\n<meta property=\"og:type\" content=\"article\" \/>\n<meta property=\"og:title\" content=\"Common Parking Lot Crashes to Avoid during Holiday Season\" \/>\n<meta property=\"og:description\" content=\"Common Parking Lot Crashes to Avoid during Holiday Season: Premier Law Group helps you unlock the full compensation you deserve. No Fee Unless We Win.\" \/>\n<meta property=\"og:url\" content=\"https:\/\/plg-pllc.com\/es\/faqs\/what-are-common-parking-lot-crashes\/\" \/>\n<meta property=\"og:site_name\" content=\"Premier Law Group\" \/>\n<meta property=\"article:publisher\" content=\"https:\/\/www.facebook.com\/premierlawgroup\" \/>\n<meta property=\"article:modified_time\" content=\"2024-11-07T12:12:16+00:00\" \/>\n<meta property=\"og:image\" content=\"https:\/\/plg-pllc.com\/wp-content\/uploads\/2022\/01\/car-parking-lot-view.jpg\" \/>\n\t<meta property=\"og:image:width\" content=\"500\" \/>\n\t<meta property=\"og:image:height\" content=\"332\" \/>\n\t<meta property=\"og:image:type\" content=\"image\/jpeg\" \/>\n<meta name=\"twitter:card\" content=\"summary_large_image\" \/>\n<meta name=\"twitter:site\" content=\"@premierlawgroup\" \/>\n<meta name=\"twitter:label1\" content=\"Tiempo de lectura\" \/>\n\t<meta name=\"twitter:data1\" content=\"3 minutos\" \/>\n<script type=\"application\/ld+json\" class=\"yoast-schema-graph\">{\"@context\":\"https:\/\/schema.org\",\"@graph\":[{\"@type\":\"WebPage\",\"@id\":\"https:\/\/plg-pllc.com\/faqs\/what-are-common-parking-lot-crashes\/\",\"url\":\"https:\/\/plg-pllc.com\/faqs\/what-are-common-parking-lot-crashes\/\",\"name\":\"Common Parking Lot Crashes to Avoid during Holiday Season\",\"isPartOf\":{\"@id\":\"https:\/\/plg-pllc.com\/#website\"},\"primaryImageOfPage\":{\"@id\":\"https:\/\/plg-pllc.com\/faqs\/what-are-common-parking-lot-crashes\/#primaryimage\"},\"image\":{\"@id\":\"https:\/\/plg-pllc.com\/faqs\/what-are-common-parking-lot-crashes\/#primaryimage\"},\"thumbnailUrl\":\"https:\/\/plg-pllc.com\/wp-content\/uploads\/2022\/01\/car-parking-lot-view.jpg\",\"datePublished\":\"2021-12-14T20:36:00+00:00\",\"dateModified\":\"2024-11-07T12:12:16+00:00\",\"description\":\"Common Parking Lot Crashes to Avoid during Holiday Season: Premier Law Group helps you unlock the full compensation you deserve. No Fee Unless We Win.\",\"breadcrumb\":{\"@id\":\"https:\/\/plg-pllc.com\/faqs\/what-are-common-parking-lot-crashes\/#breadcrumb\"},\"inLanguage\":\"es\",\"potentialAction\":[{\"@type\":\"ReadAction\",\"target\":[\"https:\/\/plg-pllc.com\/faqs\/what-are-common-parking-lot-crashes\/\"]}]},{\"@type\":\"ImageObject\",\"inLanguage\":\"es\",\"@id\":\"https:\/\/plg-pllc.com\/faqs\/what-are-common-parking-lot-crashes\/#primaryimage\",\"url\":\"https:\/\/plg-pllc.com\/wp-content\/uploads\/2022\/01\/car-parking-lot-view.jpg\",\"contentUrl\":\"https:\/\/plg-pllc.com\/wp-content\/uploads\/2022\/01\/car-parking-lot-view.jpg\",\"width\":500,\"height\":332},{\"@type\":\"BreadcrumbList\",\"@id\":\"https:\/\/plg-pllc.com\/faqs\/what-are-common-parking-lot-crashes\/#breadcrumb\",\"itemListElement\":[{\"@type\":\"ListItem\",\"position\":1,\"name\":\"Home\",\"item\":\"https:\/\/plg-pllc.com\/es\/\"},{\"@type\":\"ListItem\",\"position\":2,\"name\":\"FAQs\",\"item\":\"https:\/\/plg-pllc.com\/es\/faqs\/\"},{\"@type\":\"ListItem\",\"position\":3,\"name\":\"Common Parking Lot Crashes to Avoid during Holiday Season\"}]},{\"@type\":\"WebSite\",\"@id\":\"https:\/\/plg-pllc.com\/#website\",\"url\":\"https:\/\/plg-pllc.com\/\",\"name\":\"Premier Law Group\",\"description\":\"Washington Wrongful Death and Serious Injury Lawyer\",\"publisher\":{\"@id\":\"https:\/\/plg-pllc.com\/#organization\"},\"inLanguage\":\"es\"},{\"@type\":\"Organization\",\"@id\":\"https:\/\/plg-pllc.com\/#organization\",\"name\":\"Premier Law Group\",\"url\":\"https:\/\/plg-pllc.com\/\",\"logo\":{\"@type\":\"ImageObject\",\"inLanguage\":\"es\",\"@id\":\"https:\/\/plg-pllc.com\/#\/schema\/logo\/image\/\",\"url\":\"https:\/\/plg-pllc.com\/wp-content\/uploads\/2020\/10\/plg-logo-v2.gif\",\"contentUrl\":\"https:\/\/plg-pllc.com\/wp-content\/uploads\/2020\/10\/plg-logo-v2.gif\",\"width\":592,\"height\":191,\"caption\":\"Premier Law Group\"},\"image\":{\"@id\":\"https:\/\/plg-pllc.com\/#\/schema\/logo\/image\/\"},\"sameAs\":[\"https:\/\/www.facebook.com\/premierlawgroup\",\"https:\/\/x.com\/premierlawgroup\"]}]}<\/script>\n<!-- \/ Yoast SEO plugin. -->","yoast_head_json":{"title":"Accidentes comunes en estacionamientos que se deben evitar durante la temporada navide\u00f1a","description":"Accidentes comunes en estacionamientos que se deben evitar durante la temporada navide\u00f1a: Premier Law Group lo ayuda a obtener la compensaci\u00f3n total que se merece. Sin cargo a menos que ganemos.","robots":{"index":"index","follow":"follow","max-snippet":"max-snippet:-1","max-image-preview":"max-image-preview:large","max-video-preview":"max-video-preview:-1"},"canonical":"https:\/\/plg-pllc.com\/es\/faqs\/what-are-common-parking-lot-crashes\/","og_locale":"es_MX","og_type":"article","og_title":"Common Parking Lot Crashes to Avoid during Holiday Season","og_description":"Common Parking Lot Crashes to Avoid during Holiday Season: Premier Law Group helps you unlock the full compensation you deserve. No Fee Unless We Win.","og_url":"https:\/\/plg-pllc.com\/es\/faqs\/what-are-common-parking-lot-crashes\/","og_site_name":"Premier Law Group","article_publisher":"https:\/\/www.facebook.com\/premierlawgroup","article_modified_time":"2024-11-07T12:12:16+00:00","og_image":[{"width":500,"height":332,"url":"https:\/\/plg-pllc.com\/wp-content\/uploads\/2022\/01\/car-parking-lot-view.jpg","type":"image\/jpeg"}],"twitter_card":"summary_large_image","twitter_site":"@premierlawgroup","twitter_misc":{"Tiempo de lectura":"3 minutos"},"schema":{"@context":"https:\/\/schema.org","@graph":[{"@type":"WebPage","@id":"https:\/\/plg-pllc.com\/faqs\/what-are-common-parking-lot-crashes\/","url":"https:\/\/plg-pllc.com\/faqs\/what-are-common-parking-lot-crashes\/","name":"Accidentes comunes en estacionamientos que se deben evitar durante la temporada navide\u00f1a","isPartOf":{"@id":"https:\/\/plg-pllc.com\/#website"},"primaryImageOfPage":{"@id":"https:\/\/plg-pllc.com\/faqs\/what-are-common-parking-lot-crashes\/#primaryimage"},"image":{"@id":"https:\/\/plg-pllc.com\/faqs\/what-are-common-parking-lot-crashes\/#primaryimage"},"thumbnailUrl":"https:\/\/plg-pllc.com\/wp-content\/uploads\/2022\/01\/car-parking-lot-view.jpg","datePublished":"2021-12-14T20:36:00+00:00","dateModified":"2024-11-07T12:12:16+00:00","description":"Accidentes comunes en estacionamientos que se deben evitar durante la temporada navide\u00f1a: Premier Law Group lo ayuda a obtener la compensaci\u00f3n total que se merece. Sin cargo a menos que ganemos.","breadcrumb":{"@id":"https:\/\/plg-pllc.com\/faqs\/what-are-common-parking-lot-crashes\/#breadcrumb"},"inLanguage":"es","potentialAction":[{"@type":"ReadAction","target":["https:\/\/plg-pllc.com\/faqs\/what-are-common-parking-lot-crashes\/"]}]},{"@type":"ImageObject","inLanguage":"es","@id":"https:\/\/plg-pllc.com\/faqs\/what-are-common-parking-lot-crashes\/#primaryimage","url":"https:\/\/plg-pllc.com\/wp-content\/uploads\/2022\/01\/car-parking-lot-view.jpg","contentUrl":"https:\/\/plg-pllc.com\/wp-content\/uploads\/2022\/01\/car-parking-lot-view.jpg","width":500,"height":332},{"@type":"BreadcrumbList","@id":"https:\/\/plg-pllc.com\/faqs\/what-are-common-parking-lot-crashes\/#breadcrumb","itemListElement":[{"@type":"ListItem","position":1,"name":"Home","item":"https:\/\/plg-pllc.com\/es\/"},{"@type":"ListItem","position":2,"name":"FAQs","item":"https:\/\/plg-pllc.com\/es\/faqs\/"},{"@type":"ListItem","position":3,"name":"Common Parking Lot Crashes to Avoid during Holiday Season"}]},{"@type":"WebSite","@id":"https:\/\/plg-pllc.com\/#website","url":"https:\/\/plg-pllc.com\/","name":"Grupo de abogados Premier","description":"Abogado de muerte por negligencia y lesiones graves en Washington","publisher":{"@id":"https:\/\/plg-pllc.com\/#organization"},"inLanguage":"es"},{"@type":"Organization","@id":"https:\/\/plg-pllc.com\/#organization","name":"Grupo de abogados Premier","url":"https:\/\/plg-pllc.com\/","logo":{"@type":"ImageObject","inLanguage":"es","@id":"https:\/\/plg-pllc.com\/#\/schema\/logo\/image\/","url":"https:\/\/plg-pllc.com\/wp-content\/uploads\/2020\/10\/plg-logo-v2.gif","contentUrl":"https:\/\/plg-pllc.com\/wp-content\/uploads\/2020\/10\/plg-logo-v2.gif","width":592,"height":191,"caption":"Premier Law Group"},"image":{"@id":"https:\/\/plg-pllc.com\/#\/schema\/logo\/image\/"},"sameAs":["https:\/\/www.facebook.com\/premierlawgroup","https:\/\/x.com\/premierlawgroup"]}]}},"_links":{"self":[{"href":"https:\/\/plg-pllc.com\/es\/wp-json\/wp\/v2\/pages\/19143","targetHints":{"allow":["GET"]}}],"collection":[{"href":"https:\/\/plg-pllc.com\/es\/wp-json\/wp\/v2\/pages"}],"about":[{"href":"https:\/\/plg-pllc.com\/es\/wp-json\/wp\/v2\/types\/page"}],"author":[{"embeddable":true,"href":"https:\/\/plg-pllc.com\/es\/wp-json\/wp\/v2\/users\/24"}],"replies":[{"embeddable":true,"href":"https:\/\/plg-pllc.com\/es\/wp-json\/wp\/v2\/comments?post=19143"}],"version-history":[{"count":0,"href":"https:\/\/plg-pllc.com\/es\/wp-json\/wp\/v2\/pages\/19143\/revisions"}],"up":[{"embeddable":true,"href":"https:\/\/plg-pllc.com\/es\/wp-json\/wp\/v2\/pages\/20714"}],"wp:featuredmedia":[{"embeddable":true,"href":"https:\/\/plg-pllc.com\/es\/wp-json\/wp\/v2\/media\/19148"}],"wp:attachment":[{"href":"https:\/\/plg-pllc.com\/es\/wp-json\/wp\/v2\/media?parent=19143"}],"wp:term":[{"taxonomy":"hc_faqs","embeddable":true,"href":"https:\/\/plg-pllc.com\/es\/wp-json\/wp\/v2\/hc_faqs?post=19143"}],"curies":[{"name":"gracias","href":"https:\/\/api.w.org\/{rel}","templated":true}]}}