{"id":19225,"date":"2022-02-03T09:22:00","date_gmt":"2022-02-03T17:22:00","guid":{"rendered":"https:\/\/plg-pllc.com\/?p=19225"},"modified":"2026-03-24T15:07:13","modified_gmt":"2026-03-24T22:07:13","slug":"what-to-do-immediately-after-a-tbi-from-a-pedestrian-accident-in-washington","status":"publish","type":"page","link":"https:\/\/plg-pllc.com\/es\/faqs\/what-to-do-immediately-after-a-tbi-from-a-pedestrian-accident-in-washington\/","title":{"rendered":"\u00bfQu\u00e9 hacer inmediatamente despu\u00e9s de sufrir una lesi\u00f3n cerebral traum\u00e1tica debido a un accidente peatonal en Washington?"},"content":{"rendered":"<p>Las lesiones cerebrales cerradas o traumatismos craneoencef\u00e1licos (LCT) pueden afectar el cr\u00e1neo a nivel celular durante un accidente peatonal. El movimiento repentino de empuje y tracci\u00f3n del cerebro dentro del cr\u00e1neo puede desgarrar y alterar las estructuras que sustentan el funcionamiento saludable del cerebro.<\/p>\r\n\r\n\r\n\r\n<p>Como todas las lesiones, las lesiones cerebrales pueden variar en gravedad. Desafortunadamente, debido a que una lesi\u00f3n cerebral traum\u00e1tica da\u00f1a el cerebro, las v\u00edctimas de accidentes peatonales probablemente tengan costosas facturas m\u00e9dicas y de rehabilitaci\u00f3n. Sufrir una lesi\u00f3n cerebral como una lesi\u00f3n cerebral traum\u00e1tica tambi\u00e9n puede afectar su capacidad para volver a trabajar, o puede incurrir en una discapacidad permanente que lo afecte a largo plazo. Si ha sufrido una lesi\u00f3n cerebral traum\u00e1tica en un accidente peatonal, hay pasos inmediatos que debe tomar para presentar su reclamo contra el conductor culpable. Consulte hoy mismo con un abogado experto en lesiones personales de Washington para obtener orientaci\u00f3n espec\u00edfica sobre su reclamo.<\/p>\r\n\r\n\r\n\r\n<h2 class=\"wp-block-heading\" id=\"h-steps-you-should-take-immediately-after-a-tbi-from-a-pedestrian-accident-in-washington\">Medidas que debe tomar inmediatamente despu\u00e9s de sufrir una lesi\u00f3n cerebral traum\u00e1tica a causa de un accidente peatonal en Washington<\/h2>\r\n\r\n\r\n\r\n<p>Hay cosas espec\u00edficas que debe hacer despu\u00e9s de sufrir una lesi\u00f3n cerebral traum\u00e1tica a causa de un accidente peatonal. Para recuperar la compensaci\u00f3n por sus gastos m\u00e9dicos, rehabilitaci\u00f3n y salarios perdidos, debe construir un caso s\u00f3lido contra el conductor culpable. Estos pasos incluyen:<\/p>\r\n\r\n\r\n\r\n<h3 class=\"wp-block-heading\" id=\"h-receive-medical-attention\">Recibir atenci\u00f3n m\u00e9dica<\/h3>\r\n\r\n\r\n\r\n<p>Incluso si cree que est\u00e1 bien despu\u00e9s de sufrir da\u00f1os en un accidente peatonal, es esencial que reciba atenci\u00f3n m\u00e9dica. Los s\u00edntomas pueden empeorar con el tiempo y debe documentar la gravedad de sus lesiones. A menos que el golpe repentino de la lesi\u00f3n cerebral traum\u00e1tica produzca una hemorragia dentro del cr\u00e1neo, es posible que no se detecte en las pruebas de diagn\u00f3stico por im\u00e1genes. El diagn\u00f3stico generalmente depende de los siguientes s\u00edntomas:<\/p>\r\n\r\n\r\n\r\n<ul class=\"wp-block-list\">\r\n<li>P\u00e9rdida de memoria<\/li>\r\n<li>Dolor de cabeza<\/li>\r\n<li>Confusi\u00f3n<\/li>\r\n<li>Concentraci\u00f3n perdida<\/li>\r\n<li>Mareos y v\u00e9rtigo<\/li>\r\n<li>Somnolencia y fatiga<\/li>\r\n<li>Visi\u00f3n borrosa<\/li>\r\n<li>Cambios de humor<\/li>\r\n<li>Furia<\/li>\r\n<li>Disfunci\u00f3n cognitiva<\/li>\r\n<li>N\u00e1useas<\/li>\r\n<li>V\u00f3mitos<\/li>\r\n<li>Convulsiones<\/li>\r\n<li>P\u00e9rdida de conciencia o coma<\/li>\r\n<li>Debilidad o entumecimiento en las extremidades.<\/li>\r\n<li>Habla arrastrada o irreconocible<\/li>\r\n<li>Coordinaci\u00f3n perdida<\/li>\r\n<li>Ansiedad, depresi\u00f3n y agitaci\u00f3n.<\/li>\r\n<li>Pensamientos de suicidio<\/li>\r\n<\/ul>\r\n\r\n\r\n\r\n<p>Si ha sufrido una lesi\u00f3n cerebral traum\u00e1tica, aseg\u00farese de buscar atenci\u00f3n m\u00e9dica de inmediato. Aseg\u00farese de seguir todos los pasos y consejos del plan de tratamiento. Puede resultar beneficioso buscar la orientaci\u00f3n m\u00e9dica de un especialista en neurolog\u00eda. Ignorar los s\u00edntomas de una lesi\u00f3n cerebral traum\u00e1tica es peligroso.<\/p>\r\n\r\n\r\n\r\n<h3 class=\"wp-block-heading\" id=\"h-assemble-evidence\">Recopilar evidencia<\/h3>\r\n\r\n\r\n\r\n<p>Si tiene la capacidad f\u00edsica para reunir pruebas, debe intentarlo. Recopilar pruebas de la escena del accidente, como fotograf\u00edas, testimonios de testigos y videos, puede ayudarlo a construir una demanda s\u00f3lida y establecer mejor la culpabilidad del accidente.<\/p>\r\n\r\n\r\n\r\n<p>El conductor negligente que caus\u00f3 el accidente tiene la obligaci\u00f3n legal de pagar los da\u00f1os a la v\u00edctima. Si ha sufrido lesiones en un accidente peatonal, es posible que tenga que demostrar lo siguiente para establecer la culpa:<\/p>\r\n\r\n\r\n\r\n<ul class=\"wp-block-list\">\r\n<li>Evidencia de negligencia del conductor<\/li>\r\n<li>Prueba de que su negligencia caus\u00f3 el accidente<\/li>\r\n<li>Prueba de sus lesiones<\/li>\r\n<\/ul>\r\n\r\n\r\n\r\n<p>Es importante mencionar que existen algunas leyes de Washington que se aplican a los peatones y que podr\u00edan afectar su demanda. Si el accidente ocurri\u00f3 debido a su propia negligencia, su compensaci\u00f3n podr\u00eda verse reducida. A continuaci\u00f3n, se muestran algunos ejemplos de casos relacionados con la negligencia de un peat\u00f3n:\u00a0<\/p>\r\n\r\n\r\n\r\n<ul class=\"wp-block-list\">\r\n<li>Los peatones no deben salir corriendo<a href=\"https:\/\/app.leg.wa.gov\/rcw\/default.aspx?cite=46.61.235\/\" target=\"_blank\" rel=\"noreferrer noopener\"> frente al tr\u00e1fico<\/a>.<\/li>\r\n<li>Los peatones deben respetar las normas<a href=\"https:\/\/app.leg.wa.gov\/RCW\/default.aspx?cite=46.61.050\/\" target=\"_blank\" rel=\"noreferrer noopener\"> Leyes de control de tr\u00e1fico<\/a> como se\u00f1ales de pare y sem\u00e1foros.<\/li>\r\n<li>Los peatones est\u00e1n obligados a <a href=\"https:\/\/app.leg.wa.gov\/RCW\/default.aspx?cite=46.61.250\" target=\"_blank\" rel=\"noreferrer noopener\">caminar de cara al tr\u00e1fico<\/a> en el lado izquierdo de la carretera si no hay aceras.<\/li>\r\n<li>Si los peatones deciden<a href=\"https:\/\/app.leg.wa.gov\/rcw\/default.aspx?cite=46.61.240\/\" target=\"_blank\" rel=\"noreferrer noopener\"> cruzar en otros puntos <\/a>excepto en una intersecci\u00f3n, deben ceder el paso al tr\u00e1fico que viene en sentido contrario.<\/li>\r\n<\/ul>\r\n\r\n\r\n\r\n<p>Consulte con un experto <a href=\"https:\/\/plg-pllc.com\/bellevue\/pedestrian-accident-lawyer\/\">abogado de accidentes de peatones <\/a>Para recibir orientaci\u00f3n sobre su reclamo y consejos sobre c\u00f3mo proceder. Los reclamos por accidentes de peatones pueden ser complejos, y un abogado experto puede ayudarlo a construir un caso s\u00f3lido para recuperar la compensaci\u00f3n por los da\u00f1os que ha sufrido.<\/p>\r\n\r\n\r\n\r\n\n        <div class=\"rs-content-cta long\">\n            <p>Para una consulta legal GRATUITA, llame al <a href=\"tel:+12062851743\">(206) 285-1743 <\/a><\/p>\n            <a href=\"https:\/\/plg-pllc.com\/es\/contact-us\/\" title=\"OBTENGA UNA EVALUACI\u00d3N DE CASO GRATUITA\" class=\"btn-global\">OBTENGA UNA EVALUACI\u00d3N DE CASO GRATUITA<\/a>\n                    <picture>\n                            <source srcset=\"https:\/\/plg-pllc.com\/wp-content\/themes\/plg-pllc-redesign\/assets\/app\/img\/cta-thumb.webp\" type=\"image\/webp\"\/>\n                            <img src=\"https:\/\/plg-pllc.com\/wp-content\/themes\/plg-pllc-redesign\/assets\/app\/img\/cta-thumb.png\" alt=\"Grupo de abogados Premier\" title=\"Grupo de abogados Premier\" width=\"245\" height=\"220\" loading=\"auto\" fetchpriority=\"auto\" decoding=\"async\"\/>\n        <\/picture>\n        \n        <\/div><h3 class=\"wp-block-heading\" id=\"h-avoid-talking-to-the-insurance-company-without-a-lawyer\">Evite hablar con la compa\u00f1\u00eda de seguros sin un abogado<\/h3>\r\n\r\n\r\n\r\n<p>Evite hablar con la compa\u00f1\u00eda de seguros, especialmente si es la aseguradora de la parte negligente. Las compa\u00f1\u00edas de seguros tienden a buscar formas de rebajar el precio a las v\u00edctimas para ahorrar dinero y har\u00e1n todo lo que sea necesario para reducir la compensaci\u00f3n que les corresponde a las v\u00edctimas. Cualquier informaci\u00f3n que proporcione a la compa\u00f1\u00eda de seguros puede ser utilizada en su contra.<\/p>\r\n\r\n\r\n\r\n<p>Si acepta una oferta de una compa\u00f1\u00eda de seguros, perder\u00e1 su derecho a emprender acciones legales contra la parte negligente. Un abogado con experiencia puede revisar la oferta y llegar a un acuerdo justo por sus lesiones, dolor y sufrimiento.\u00a0<\/p>\r\n\r\n\r\n\r\n<h2 class=\"wp-block-heading\" id=\"h-contact-a-washington-pedestrian-accident-lawyer-today\">Comun\u00edquese hoy con un abogado especializado en accidentes de peatones en Washington<\/h2>\r\n\r\n\r\n\r\n<p>Si bien la recuperaci\u00f3n de una lesi\u00f3n cerebral traum\u00e1tica grave puede llevar tiempo, la curaci\u00f3n es posible con la atenci\u00f3n m\u00e9dica adecuada, esfuerzos de rehabilitaci\u00f3n y un equipo de abogados expertos en accidentes peatonales dispuestos a luchar por usted. Los abogados de <a href=\"https:\/\/plg-pllc.com\/\">Grupo de abogados Premier<\/a> Comprenda lo traum\u00e1tico y abrumador que puede ser un accidente peatonal, especialmente si resulta en una lesi\u00f3n grave, como una lesi\u00f3n cerebral traum\u00e1tica. Debe concentrarse en curar su lesi\u00f3n cerebral traum\u00e1tica, asegurarse de que le brinden la mejor atenci\u00f3n m\u00e9dica y satisfacer sus necesidades financieras en este momento estresante.<\/p>\r\n\r\n\r\n\r\n<p>Nuestros abogados especializados en accidentes de peatones se esfuerzan por brindar una representaci\u00f3n personalizada durante todo su proceso legal y trabajan arduamente para recuperar la compensaci\u00f3n que se le debe por sus lesiones. Los casos de accidentes de peatones pueden ser complejos y usted necesita un abogado experimentado que lo ayude a lograr el mejor resultado. Ll\u00e1menos hoy al <a href=\"tel:(206) 880-7518\">(206) 880-7518<\/a> para una consulta gratuita sobre su reclamo o complete nuestro <a href=\"https:\/\/plg-pllc.com\/contact-us\/\">Formulario de contacto<\/a>.<\/p>\r\n\n        <div class=\"rs-content-cta\">\n            <p>Llamar o enviar mensaje de texto <a href=\"tel:+12062851743\">(206) 285-1743<\/a> o complete un formulario de evaluaci\u00f3n de caso gratuito<\/p>\n            <a href=\"https:\/\/plg-pllc.com\/es\/contact-us\/\" title=\"OBTENGA UNA EVALUACI\u00d3N DE CASO GRATUITA\" class=\"btn-global\">OBTENGA UNA EVALUACI\u00d3N DE CASO GRATUITA<\/a>\n                    <picture>\n                            <source srcset=\"https:\/\/plg-pllc.com\/wp-content\/themes\/plg-pllc-redesign\/assets\/app\/img\/cta-thumb.webp\" type=\"image\/webp\"\/>\n                            <img src=\"https:\/\/plg-pllc.com\/wp-content\/themes\/plg-pllc-redesign\/assets\/app\/img\/cta-thumb.png\" alt=\"Grupo de abogados Premier\" title=\"Grupo de abogados Premier\" width=\"245\" height=\"220\" loading=\"auto\" fetchpriority=\"auto\" decoding=\"async\"\/>\n        <\/picture>\n        \n        <\/div>","protected":false},"excerpt":{"rendered":"<p>Las lesiones cerebrales cerradas o traumatismos craneoencef\u00e1licos (LCC) pueden afectar el cr\u00e1neo a nivel celular durante un accidente peatonal. El movimiento repentino de empuje y tracci\u00f3n del cerebro dentro del cr\u00e1neo puede desgarrar y alterar las estructuras que sustentan el funcionamiento saludable del cerebro. Como todas las lesiones, las lesiones cerebrales pueden variar en gravedad. Desafortunadamente, debido a que una LCT\u2026<\/p>","protected":false},"author":24,"featured_media":19231,"parent":20714,"menu_order":0,"comment_status":"closed","ping_status":"closed","template":"","meta":{"_acf_changed":false,"_genesis_hide_title":false,"_genesis_hide_breadcrumbs":false,"_genesis_hide_singular_image":false,"_genesis_hide_footer_widgets":false,"_genesis_custom_body_class":"","_genesis_custom_post_class":"","_genesis_layout":"","footnotes":""},"hc_faqs":[10345],"class_list":{"0":"post-19225","1":"page","2":"type-page","3":"status-publish","4":"has-post-thumbnail","6":"hc_faqs-pedestrian-accident","7":"entry"},"acf":[],"yoast_head":"<!-- This site is optimized with the Yoast SEO plugin v27.4 - https:\/\/yoast.com\/product\/yoast-seo-wordpress\/ -->\n<title>What to Do Immediately After a TBI From a Pedestrian Accident<\/title>\n<meta name=\"description\" content=\"If you were involved in a pedestrian accident that resulted in a traumatic brain injury, then here are the immediate steps you must take!\" \/>\n<meta name=\"robots\" content=\"index, follow, max-snippet:-1, max-image-preview:large, max-video-preview:-1\" \/>\n<link rel=\"canonical\" href=\"https:\/\/plg-pllc.com\/es\/faqs\/what-to-do-immediately-after-a-tbi-from-a-pedestrian-accident-in-washington\/\" \/>\n<meta property=\"og:locale\" content=\"es_MX\" \/>\n<meta property=\"og:type\" content=\"article\" \/>\n<meta property=\"og:title\" content=\"What to Do Immediately After a TBI From a Pedestrian Accident\" \/>\n<meta property=\"og:description\" content=\"If you were involved in a pedestrian accident that resulted in a traumatic brain injury, then here are the immediate steps you must take!\" \/>\n<meta property=\"og:url\" content=\"https:\/\/plg-pllc.com\/es\/faqs\/what-to-do-immediately-after-a-tbi-from-a-pedestrian-accident-in-washington\/\" \/>\n<meta property=\"og:site_name\" content=\"Premier Law Group\" \/>\n<meta property=\"article:publisher\" content=\"https:\/\/www.facebook.com\/premierlawgroup\" \/>\n<meta property=\"article:modified_time\" content=\"2026-03-24T22:07:13+00:00\" \/>\n<meta property=\"og:image\" content=\"https:\/\/plg-pllc.com\/wp-content\/uploads\/2022\/02\/woman-suffering-from-a-brain-injury.jpg\" \/>\n\t<meta property=\"og:image:width\" content=\"500\" \/>\n\t<meta property=\"og:image:height\" content=\"332\" \/>\n\t<meta property=\"og:image:type\" content=\"image\/jpeg\" \/>\n<meta name=\"twitter:card\" content=\"summary_large_image\" \/>\n<meta name=\"twitter:site\" content=\"@premierlawgroup\" \/>\n<meta name=\"twitter:label1\" content=\"Tiempo de lectura\" \/>\n\t<meta name=\"twitter:data1\" content=\"4 minutos\" \/>\n<script type=\"application\/ld+json\" class=\"yoast-schema-graph\">{\"@context\":\"https:\\\/\\\/schema.org\",\"@graph\":[{\"@type\":\"WebPage\",\"@id\":\"https:\\\/\\\/plg-pllc.com\\\/faqs\\\/what-to-do-immediately-after-a-tbi-from-a-pedestrian-accident-in-washington\\\/\",\"url\":\"https:\\\/\\\/plg-pllc.com\\\/faqs\\\/what-to-do-immediately-after-a-tbi-from-a-pedestrian-accident-in-washington\\\/\",\"name\":\"What to Do Immediately After a TBI From a Pedestrian Accident\",\"isPartOf\":{\"@id\":\"https:\\\/\\\/plg-pllc.com\\\/#website\"},\"primaryImageOfPage\":{\"@id\":\"https:\\\/\\\/plg-pllc.com\\\/faqs\\\/what-to-do-immediately-after-a-tbi-from-a-pedestrian-accident-in-washington\\\/#primaryimage\"},\"image\":{\"@id\":\"https:\\\/\\\/plg-pllc.com\\\/faqs\\\/what-to-do-immediately-after-a-tbi-from-a-pedestrian-accident-in-washington\\\/#primaryimage\"},\"thumbnailUrl\":\"https:\\\/\\\/plg-pllc.com\\\/wp-content\\\/uploads\\\/2022\\\/02\\\/woman-suffering-from-a-brain-injury.jpg\",\"datePublished\":\"2022-02-03T17:22:00+00:00\",\"dateModified\":\"2026-03-24T22:07:13+00:00\",\"description\":\"If you were involved in a pedestrian accident that resulted in a traumatic brain injury, then here are the immediate steps you must take!\",\"breadcrumb\":{\"@id\":\"https:\\\/\\\/plg-pllc.com\\\/faqs\\\/what-to-do-immediately-after-a-tbi-from-a-pedestrian-accident-in-washington\\\/#breadcrumb\"},\"inLanguage\":\"es\",\"potentialAction\":[{\"@type\":\"ReadAction\",\"target\":[\"https:\\\/\\\/plg-pllc.com\\\/faqs\\\/what-to-do-immediately-after-a-tbi-from-a-pedestrian-accident-in-washington\\\/\"]}]},{\"@type\":\"ImageObject\",\"inLanguage\":\"es\",\"@id\":\"https:\\\/\\\/plg-pllc.com\\\/faqs\\\/what-to-do-immediately-after-a-tbi-from-a-pedestrian-accident-in-washington\\\/#primaryimage\",\"url\":\"https:\\\/\\\/plg-pllc.com\\\/wp-content\\\/uploads\\\/2022\\\/02\\\/woman-suffering-from-a-brain-injury.jpg\",\"contentUrl\":\"https:\\\/\\\/plg-pllc.com\\\/wp-content\\\/uploads\\\/2022\\\/02\\\/woman-suffering-from-a-brain-injury.jpg\",\"width\":500,\"height\":332,\"caption\":\"Avoid jeopardizing your personal injury claim\"},{\"@type\":\"BreadcrumbList\",\"@id\":\"https:\\\/\\\/plg-pllc.com\\\/faqs\\\/what-to-do-immediately-after-a-tbi-from-a-pedestrian-accident-in-washington\\\/#breadcrumb\",\"itemListElement\":[{\"@type\":\"ListItem\",\"position\":1,\"name\":\"Home\",\"item\":\"https:\\\/\\\/plg-pllc.com\\\/es\\\/\"},{\"@type\":\"ListItem\",\"position\":2,\"name\":\"FAQs\",\"item\":\"https:\\\/\\\/plg-pllc.com\\\/es\\\/faqs\\\/\"},{\"@type\":\"ListItem\",\"position\":3,\"name\":\"What to Do Immediately After a TBI From a Pedestrian Accident in Washington?\"}]},{\"@type\":\"WebSite\",\"@id\":\"https:\\\/\\\/plg-pllc.com\\\/#website\",\"url\":\"https:\\\/\\\/plg-pllc.com\\\/\",\"name\":\"Premier Law Group\",\"description\":\"Washington Wrongful Death and Serious Injury Lawyer\",\"publisher\":{\"@id\":\"https:\\\/\\\/plg-pllc.com\\\/#organization\"},\"inLanguage\":\"es\"},{\"@type\":\"Organization\",\"@id\":\"https:\\\/\\\/plg-pllc.com\\\/#organization\",\"name\":\"Premier Law Group\",\"url\":\"https:\\\/\\\/plg-pllc.com\\\/\",\"logo\":{\"@type\":\"ImageObject\",\"inLanguage\":\"es\",\"@id\":\"https:\\\/\\\/plg-pllc.com\\\/#\\\/schema\\\/logo\\\/image\\\/\",\"url\":\"https:\\\/\\\/plg-pllc.com\\\/wp-content\\\/uploads\\\/2020\\\/10\\\/plg-logo-v2.gif\",\"contentUrl\":\"https:\\\/\\\/plg-pllc.com\\\/wp-content\\\/uploads\\\/2020\\\/10\\\/plg-logo-v2.gif\",\"width\":592,\"height\":191,\"caption\":\"Premier Law Group\"},\"image\":{\"@id\":\"https:\\\/\\\/plg-pllc.com\\\/#\\\/schema\\\/logo\\\/image\\\/\"},\"sameAs\":[\"https:\\\/\\\/www.facebook.com\\\/premierlawgroup\",\"https:\\\/\\\/x.com\\\/premierlawgroup\"]}]}<\/script>\n<!-- \/ Yoast SEO plugin. -->","yoast_head_json":{"title":"Qu\u00e9 hacer inmediatamente despu\u00e9s de sufrir una lesi\u00f3n cerebral traum\u00e1tica a causa de un accidente peatonal","description":"Si estuvo involucrado en un accidente peatonal que result\u00f3 en una lesi\u00f3n cerebral traum\u00e1tica, \u00a1estos son los pasos inmediatos que debe tomar!","robots":{"index":"index","follow":"follow","max-snippet":"max-snippet:-1","max-image-preview":"max-image-preview:large","max-video-preview":"max-video-preview:-1"},"canonical":"https:\/\/plg-pllc.com\/es\/faqs\/what-to-do-immediately-after-a-tbi-from-a-pedestrian-accident-in-washington\/","og_locale":"es_MX","og_type":"article","og_title":"What to Do Immediately After a TBI From a Pedestrian Accident","og_description":"If you were involved in a pedestrian accident that resulted in a traumatic brain injury, then here are the immediate steps you must take!","og_url":"https:\/\/plg-pllc.com\/es\/faqs\/what-to-do-immediately-after-a-tbi-from-a-pedestrian-accident-in-washington\/","og_site_name":"Premier Law Group","article_publisher":"https:\/\/www.facebook.com\/premierlawgroup","article_modified_time":"2026-03-24T22:07:13+00:00","og_image":[{"width":500,"height":332,"url":"https:\/\/plg-pllc.com\/wp-content\/uploads\/2022\/02\/woman-suffering-from-a-brain-injury.jpg","type":"image\/jpeg"}],"twitter_card":"summary_large_image","twitter_site":"@premierlawgroup","twitter_misc":{"Tiempo de lectura":"4 minutos"},"schema":{"@context":"https:\/\/schema.org","@graph":[{"@type":"WebPage","@id":"https:\/\/plg-pllc.com\/faqs\/what-to-do-immediately-after-a-tbi-from-a-pedestrian-accident-in-washington\/","url":"https:\/\/plg-pllc.com\/faqs\/what-to-do-immediately-after-a-tbi-from-a-pedestrian-accident-in-washington\/","name":"Qu\u00e9 hacer inmediatamente despu\u00e9s de sufrir una lesi\u00f3n cerebral traum\u00e1tica a causa de un accidente peatonal","isPartOf":{"@id":"https:\/\/plg-pllc.com\/#website"},"primaryImageOfPage":{"@id":"https:\/\/plg-pllc.com\/faqs\/what-to-do-immediately-after-a-tbi-from-a-pedestrian-accident-in-washington\/#primaryimage"},"image":{"@id":"https:\/\/plg-pllc.com\/faqs\/what-to-do-immediately-after-a-tbi-from-a-pedestrian-accident-in-washington\/#primaryimage"},"thumbnailUrl":"https:\/\/plg-pllc.com\/wp-content\/uploads\/2022\/02\/woman-suffering-from-a-brain-injury.jpg","datePublished":"2022-02-03T17:22:00+00:00","dateModified":"2026-03-24T22:07:13+00:00","description":"Si estuvo involucrado en un accidente peatonal que result\u00f3 en una lesi\u00f3n cerebral traum\u00e1tica, \u00a1estos son los pasos inmediatos que debe tomar!","breadcrumb":{"@id":"https:\/\/plg-pllc.com\/faqs\/what-to-do-immediately-after-a-tbi-from-a-pedestrian-accident-in-washington\/#breadcrumb"},"inLanguage":"es","potentialAction":[{"@type":"ReadAction","target":["https:\/\/plg-pllc.com\/faqs\/what-to-do-immediately-after-a-tbi-from-a-pedestrian-accident-in-washington\/"]}]},{"@type":"ImageObject","inLanguage":"es","@id":"https:\/\/plg-pllc.com\/faqs\/what-to-do-immediately-after-a-tbi-from-a-pedestrian-accident-in-washington\/#primaryimage","url":"https:\/\/plg-pllc.com\/wp-content\/uploads\/2022\/02\/woman-suffering-from-a-brain-injury.jpg","contentUrl":"https:\/\/plg-pllc.com\/wp-content\/uploads\/2022\/02\/woman-suffering-from-a-brain-injury.jpg","width":500,"height":332,"caption":"Avoid jeopardizing your personal injury claim"},{"@type":"BreadcrumbList","@id":"https:\/\/plg-pllc.com\/faqs\/what-to-do-immediately-after-a-tbi-from-a-pedestrian-accident-in-washington\/#breadcrumb","itemListElement":[{"@type":"ListItem","position":1,"name":"Home","item":"https:\/\/plg-pllc.com\/es\/"},{"@type":"ListItem","position":2,"name":"FAQs","item":"https:\/\/plg-pllc.com\/es\/faqs\/"},{"@type":"ListItem","position":3,"name":"What to Do Immediately After a TBI From a Pedestrian Accident in Washington?"}]},{"@type":"WebSite","@id":"https:\/\/plg-pllc.com\/#website","url":"https:\/\/plg-pllc.com\/","name":"Grupo de abogados Premier","description":"Abogado de muerte por negligencia y lesiones graves en Washington","publisher":{"@id":"https:\/\/plg-pllc.com\/#organization"},"inLanguage":"es"},{"@type":"Organization","@id":"https:\/\/plg-pllc.com\/#organization","name":"Grupo de abogados Premier","url":"https:\/\/plg-pllc.com\/","logo":{"@type":"ImageObject","inLanguage":"es","@id":"https:\/\/plg-pllc.com\/#\/schema\/logo\/image\/","url":"https:\/\/plg-pllc.com\/wp-content\/uploads\/2020\/10\/plg-logo-v2.gif","contentUrl":"https:\/\/plg-pllc.com\/wp-content\/uploads\/2020\/10\/plg-logo-v2.gif","width":592,"height":191,"caption":"Premier Law Group"},"image":{"@id":"https:\/\/plg-pllc.com\/#\/schema\/logo\/image\/"},"sameAs":["https:\/\/www.facebook.com\/premierlawgroup","https:\/\/x.com\/premierlawgroup"]}]}},"_links":{"self":[{"href":"https:\/\/plg-pllc.com\/es\/wp-json\/wp\/v2\/pages\/19225","targetHints":{"allow":["GET"]}}],"collection":[{"href":"https:\/\/plg-pllc.com\/es\/wp-json\/wp\/v2\/pages"}],"about":[{"href":"https:\/\/plg-pllc.com\/es\/wp-json\/wp\/v2\/types\/page"}],"author":[{"embeddable":true,"href":"https:\/\/plg-pllc.com\/es\/wp-json\/wp\/v2\/users\/24"}],"replies":[{"embeddable":true,"href":"https:\/\/plg-pllc.com\/es\/wp-json\/wp\/v2\/comments?post=19225"}],"version-history":[{"count":0,"href":"https:\/\/plg-pllc.com\/es\/wp-json\/wp\/v2\/pages\/19225\/revisions"}],"up":[{"embeddable":true,"href":"https:\/\/plg-pllc.com\/es\/wp-json\/wp\/v2\/pages\/20714"}],"wp:featuredmedia":[{"embeddable":true,"href":"https:\/\/plg-pllc.com\/es\/wp-json\/wp\/v2\/media\/19231"}],"wp:attachment":[{"href":"https:\/\/plg-pllc.com\/es\/wp-json\/wp\/v2\/media?parent=19225"}],"wp:term":[{"taxonomy":"hc_faqs","embeddable":true,"href":"https:\/\/plg-pllc.com\/es\/wp-json\/wp\/v2\/hc_faqs?post=19225"}],"curies":[{"name":"gracias","href":"https:\/\/api.w.org\/{rel}","templated":true}]}}