{"id":19246,"date":"2022-01-06T10:03:00","date_gmt":"2022-01-06T18:03:00","guid":{"rendered":"https:\/\/plg-pllc.com\/?p=19246"},"modified":"2024-11-07T04:12:17","modified_gmt":"2024-11-07T12:12:17","slug":"finding-fault-in-a-t-bone-accident-in-washington","status":"publish","type":"page","link":"https:\/\/plg-pllc.com\/es\/faqs\/how-is-fault-determined-t-bone-accident\/","title":{"rendered":"C\u00f3mo encontrar la culpa en un accidente de colisi\u00f3n lateral en Washington"},"content":{"rendered":"<p>Cuando la mayor\u00eda de la gente piensa en la palabra &quot;T-bone&quot;, piensa en filetes T-bone, pero si has estado en un <a href=\"https:\/\/whatcom-news.com\/ferndale-t-bone-crash-sends-car-into-pond_154676\/\" target=\"_blank\" rel=\"noreferrer noopener\">Accidente de tr\u00e1fico en Washington<\/a>, pronto te dar\u00e1s cuenta de que esta palabra tiene una connotaci\u00f3n mucho m\u00e1s negativa. Un accidente automovil\u00edstico en T es aquel en el que la parte delantera de un veh\u00edculo choca contra el costado de otro veh\u00edculo, formando la forma de la letra &quot;T&quot; en el punto de impacto. Estos accidentes tambi\u00e9n se conocen como accidentes de impacto lateral, colisiones en \u00e1ngulo recto o colisiones laterales.<\/p>\r\n\r\n\r\n\r\n<p>Al intentar determinar qui\u00e9n tiene la culpa en un accidente de colisi\u00f3n lateral, hay varias partes diferentes a las que se podr\u00eda culpar. Uno de los conductores podr\u00eda ser responsable, o podr\u00eda ser responsable del accidente otro conductor que no haya participado directamente en el accidente. Averiguar qui\u00e9n es responsable es extremadamente importante porque permitir\u00e1 que las v\u00edctimas de la negligencia de la parte responsable obtengan la compensaci\u00f3n econ\u00f3mica que necesitan.<\/p>\r\n\r\n\r\n\r\n<h2 class=\"wp-block-heading\" id=\"h-what-are-some-of-the-causes-of-t-bone-accidents\">\u00bfCu\u00e1les son algunas de las causas de los accidentes tipo T-Bone?<\/h2>\r\n\r\n\r\n\r\n<p>Existen muchas formas diferentes en las que los conductores pueden verse involucrados en accidentes de colisi\u00f3n lateral. Algunas de ellas se enumeran a continuaci\u00f3n.<\/p>\r\n\r\n\r\n\r\n<ul class=\"wp-block-list\">\r\n<li>Un escenario com\u00fan de accidentes en T es cuando un conductor no presta atenci\u00f3n a la se\u00f1al de stop o al sem\u00e1foro en una intersecci\u00f3n. Ese conductor termina conduciendo a trav\u00e9s de la intersecci\u00f3n mientras otro conductor tambi\u00e9n intenta conducir a trav\u00e9s de la intersecci\u00f3n desde la izquierda o la derecha.<\/li>\r\n<li>Otro escenario que podr\u00eda causar un accidente tipo T-bone es cuando un conductor pasa una luz amarilla o roja y se estrella contra un autom\u00f3vil que viene por el costado.<\/li>\r\n<li>Un conductor puede entrar en la intersecci\u00f3n y hacer un giro a la izquierda, suponiendo que el veh\u00edculo que viene en sentido contrario se detendr\u00e1 en un sem\u00e1foro en amarillo. El otro veh\u00edculo termina salt\u00e1ndose el sem\u00e1foro y se produce el impacto.<\/li>\r\n<li>Un conductor puede salir de un espacio de estacionamiento y ser embestido por un autom\u00f3vil que no lo vio salir del espacio de estacionamiento.<\/li>\r\n<li>Un conductor puede no ceder el paso cuando se encuentra en una intersecci\u00f3n.<\/li>\r\n<li>Un autom\u00f3vil podr\u00eda empujar a otro autom\u00f3vil en una intersecci\u00f3n, provocando que un tercer autom\u00f3vil lo golpee desde un costado.<\/li>\r\n<\/ul>\r\n\r\n\r\n\r\n<p>Hay muchas formas diferentes en las que los autom\u00f3viles pueden verse involucrados en accidentes de tipo T. Si sufre este tipo de accidente, le resultar\u00e1 beneficioso contar con <a href=\"https:\/\/plg-pllc.com\/seattle\/car-accident-lawyer\/\">abogados de accidentes de coche<\/a> que saben c\u00f3mo luchar por la compensaci\u00f3n y el alivio que necesitar\u00e1 despu\u00e9s del accidente.<\/p>\r\n\r\n\r\n\r\n<h2 class=\"wp-block-heading\" id=\"h-what-types-of-injuries-do-people-often-sustain-from-t-bone-accidents\">\u00bfQu\u00e9 tipos de lesiones suelen sufrir las personas en accidentes tipo T-Bone?<\/h2>\r\n\r\n\r\n\r\n<p>Existen varios tipos de lesiones diferentes que una persona puede sufrir en un accidente automovil\u00edstico de tipo T-bone. Las lesiones de estos accidentes a menudo pueden ser bastante devastadoras debido al impacto de un autom\u00f3vil que golpea el costado del veh\u00edculo donde est\u00e1 sentado un pasajero o conductor. Algunas de esas lesiones incluyen las siguientes:<\/p>\r\n\r\n\r\n\r\n<ul class=\"wp-block-list\">\r\n<li>Conmoci\u00f3n cerebral grave<\/li>\r\n<li>Lesi\u00f3n cerebral traum\u00e1tica por impacto repentino o golpe fuerte en la cabeza de izquierda a derecha<\/li>\r\n<li>Lesiones masivas en \u00f3rganos internos que resultan del impacto repentino y del s\u00edndrome del cintur\u00f3n de seguridad<\/li>\r\n<li>Disecci\u00f3n a\u00f3rtica, una lesi\u00f3n a menudo mortal que ocurre cuando la aorta se desgarra (o se \u201ccorta\u201d) y la sangre brota a trav\u00e9s del desgarro, separando las capas de la aorta.<\/li>\r\n<li>Huesos rotos, especialmente alrededor de partes del cuerpo como el cuello, la pelvis, el cr\u00e1neo y la clav\u00edcula.<\/li>\r\n<\/ul>\r\n\r\n\r\n\r\n<p>Las lesiones causadas por accidentes con impactos laterales pueden ser muy graves y tener consecuencias duraderas. Si trabaja con un bufete de abogados que tenga experiencia en el tratamiento de las consecuencias de este tipo de accidentes, tendr\u00e1 m\u00e1s posibilidades de llegar al punto en el que pueda empezar a reconstruir su vida en todos los aspectos.<\/p>\r\n\r\n\r\n\r\n<h2 class=\"wp-block-heading\" id=\"h-contact-the-car-accident-lawyers-at-premier-law-group\">Comun\u00edquese con los abogados especializados en accidentes automovil\u00edsticos de Premier Law Group<\/h2>\r\n\r\n\r\n\r\n<p>En <a href=\"https:\/\/plg-pllc.com\/\">Grupo de abogados Premier<\/a>Entendemos el dolor, el trauma y otras dificultades que conllevan los accidentes de T-bone. Debe asegurarse de recibir una excelente atenci\u00f3n m\u00e9dica adem\u00e1s de asegurarse de que sus necesidades financieras tambi\u00e9n est\u00e9n cubiertas. Nos esforzamos por garantizar que todos nuestros clientes reciban un servicio personalizado durante su proceso legal. Nuestro equipo trabajar\u00e1 arduamente para determinar qui\u00e9n tiene la culpa del accidente para que tenga la mejor oportunidad de obtener los recursos legales y financieros que necesita para seguir adelante con su vida.<\/p>\r\n\r\n\r\n\r\n<p>Cont\u00e1ctenos en <a href=\"tel:(206) 880-7518\">(206) 880-7518<\/a> Si tiene alguna pregunta o a trav\u00e9s de nuestro <a href=\"https:\/\/plg-pllc.com\/contact-us\/\">Formulario de contacto<\/a>.<\/p>\r\n\n        <div class=\"rs-content-cta\">\n            <p>Llamar o enviar mensaje de texto <a href=\"tel:+12062851743\">(206) 285-1743<\/a> o complete un formulario de evaluaci\u00f3n de caso gratuito<\/p>\n            <a href=\"https:\/\/plg-pllc.com\/es\/contact-us\/\" title=\"OBTENGA UNA EVALUACI\u00d3N DE CASO GRATUITA\" class=\"btn-global\">OBTENGA UNA EVALUACI\u00d3N DE CASO GRATUITA<\/a>\n                    <picture>\n                            <source srcset=\"https:\/\/plg-pllc.com\/wp-content\/themes\/plg-pllc-redesign\/assets\/app\/img\/cta-thumb.webp\" type=\"image\/webp\"\/>\n                            <img src=\"https:\/\/plg-pllc.com\/wp-content\/themes\/plg-pllc-redesign\/assets\/app\/img\/cta-thumb.png\" alt=\"Grupo de abogados Premier\" title=\"Grupo de abogados Premier\" width=\"245\" height=\"220\" loading=\"auto\" fetchpriority=\"auto\" decoding=\"async\"\/>\n        <\/picture>\n        \n        <\/div>","protected":false},"excerpt":{"rendered":"<p>Cuando la mayor\u00eda de la gente piensa en la palabra &quot;T-bone&quot;, piensa en filetes T-bone, pero si ha sufrido un accidente automovil\u00edstico en Washington, aprender\u00e1 r\u00e1pidamente que esta palabra tiene una connotaci\u00f3n mucho m\u00e1s negativa. Un accidente automovil\u00edstico en T-bone es aquel en el que la parte delantera de un veh\u00edculo golpea el costado de otro...<\/p>","protected":false},"author":24,"featured_media":19142,"parent":20714,"menu_order":0,"comment_status":"closed","ping_status":"closed","template":"","meta":{"_acf_changed":false,"_genesis_hide_title":false,"_genesis_hide_breadcrumbs":false,"_genesis_hide_singular_image":false,"_genesis_hide_footer_widgets":false,"_genesis_custom_body_class":"","_genesis_custom_post_class":"","_genesis_layout":"","footnotes":""},"hc_faqs":[10344],"class_list":{"0":"post-19246","1":"page","2":"type-page","3":"status-publish","4":"has-post-thumbnail","6":"hc_faqs-car-accident","7":"entry"},"acf":[],"yoast_head":"<!-- This site is optimized with the Yoast SEO plugin v27.4 - https:\/\/yoast.com\/product\/yoast-seo-wordpress\/ -->\n<title>Finding Fault in a T-Bone Accident in Washington<\/title>\n<meta name=\"description\" content=\"Finding Fault in a T-Bone Accident in Washington: Premier Law Group helps you unlock the full compensation you deserve. No Fee Unless We Win.\" \/>\n<meta name=\"robots\" content=\"index, follow, max-snippet:-1, max-image-preview:large, max-video-preview:-1\" \/>\n<link rel=\"canonical\" href=\"https:\/\/plg-pllc.com\/es\/faqs\/how-is-fault-determined-t-bone-accident\/\" \/>\n<meta property=\"og:locale\" content=\"es_MX\" \/>\n<meta property=\"og:type\" content=\"article\" \/>\n<meta property=\"og:title\" content=\"Finding Fault in a T-Bone Accident in Washington\" \/>\n<meta property=\"og:description\" content=\"Finding Fault in a T-Bone Accident in Washington: Premier Law Group helps you unlock the full compensation you deserve. No Fee Unless We Win.\" \/>\n<meta property=\"og:url\" content=\"https:\/\/plg-pllc.com\/es\/faqs\/how-is-fault-determined-t-bone-accident\/\" \/>\n<meta property=\"og:site_name\" content=\"Premier Law Group\" \/>\n<meta property=\"article:publisher\" content=\"https:\/\/www.facebook.com\/premierlawgroup\" \/>\n<meta property=\"article:modified_time\" content=\"2024-11-07T12:12:17+00:00\" \/>\n<meta property=\"og:image\" content=\"https:\/\/plg-pllc.com\/wp-content\/uploads\/2022\/01\/t-bone-accident-on-a-busy-street.jpg\" \/>\n\t<meta property=\"og:image:width\" content=\"500\" \/>\n\t<meta property=\"og:image:height\" content=\"332\" \/>\n\t<meta property=\"og:image:type\" content=\"image\/jpeg\" \/>\n<meta name=\"twitter:card\" content=\"summary_large_image\" \/>\n<meta name=\"twitter:site\" content=\"@premierlawgroup\" \/>\n<meta name=\"twitter:label1\" content=\"Tiempo de lectura\" \/>\n\t<meta name=\"twitter:data1\" content=\"4 minutos\" \/>\n<script type=\"application\/ld+json\" class=\"yoast-schema-graph\">{\"@context\":\"https:\\\/\\\/schema.org\",\"@graph\":[{\"@type\":\"WebPage\",\"@id\":\"https:\\\/\\\/plg-pllc.com\\\/faqs\\\/how-is-fault-determined-t-bone-accident\\\/\",\"url\":\"https:\\\/\\\/plg-pllc.com\\\/faqs\\\/how-is-fault-determined-t-bone-accident\\\/\",\"name\":\"Finding Fault in a T-Bone Accident in Washington\",\"isPartOf\":{\"@id\":\"https:\\\/\\\/plg-pllc.com\\\/#website\"},\"primaryImageOfPage\":{\"@id\":\"https:\\\/\\\/plg-pllc.com\\\/faqs\\\/how-is-fault-determined-t-bone-accident\\\/#primaryimage\"},\"image\":{\"@id\":\"https:\\\/\\\/plg-pllc.com\\\/faqs\\\/how-is-fault-determined-t-bone-accident\\\/#primaryimage\"},\"thumbnailUrl\":\"https:\\\/\\\/plg-pllc.com\\\/wp-content\\\/uploads\\\/2022\\\/01\\\/t-bone-accident-on-a-busy-street.jpg\",\"datePublished\":\"2022-01-06T18:03:00+00:00\",\"dateModified\":\"2024-11-07T12:12:17+00:00\",\"description\":\"Finding Fault in a T-Bone Accident in Washington: Premier Law Group helps you unlock the full compensation you deserve. No Fee Unless We Win.\",\"breadcrumb\":{\"@id\":\"https:\\\/\\\/plg-pllc.com\\\/faqs\\\/how-is-fault-determined-t-bone-accident\\\/#breadcrumb\"},\"inLanguage\":\"es\",\"potentialAction\":[{\"@type\":\"ReadAction\",\"target\":[\"https:\\\/\\\/plg-pllc.com\\\/faqs\\\/how-is-fault-determined-t-bone-accident\\\/\"]}]},{\"@type\":\"ImageObject\",\"inLanguage\":\"es\",\"@id\":\"https:\\\/\\\/plg-pllc.com\\\/faqs\\\/how-is-fault-determined-t-bone-accident\\\/#primaryimage\",\"url\":\"https:\\\/\\\/plg-pllc.com\\\/wp-content\\\/uploads\\\/2022\\\/01\\\/t-bone-accident-on-a-busy-street.jpg\",\"contentUrl\":\"https:\\\/\\\/plg-pllc.com\\\/wp-content\\\/uploads\\\/2022\\\/01\\\/t-bone-accident-on-a-busy-street.jpg\",\"width\":500,\"height\":332},{\"@type\":\"BreadcrumbList\",\"@id\":\"https:\\\/\\\/plg-pllc.com\\\/faqs\\\/how-is-fault-determined-t-bone-accident\\\/#breadcrumb\",\"itemListElement\":[{\"@type\":\"ListItem\",\"position\":1,\"name\":\"Home\",\"item\":\"https:\\\/\\\/plg-pllc.com\\\/es\\\/\"},{\"@type\":\"ListItem\",\"position\":2,\"name\":\"FAQs\",\"item\":\"https:\\\/\\\/plg-pllc.com\\\/es\\\/faqs\\\/\"},{\"@type\":\"ListItem\",\"position\":3,\"name\":\"Finding Fault in a T-Bone Accident in Washington\"}]},{\"@type\":\"WebSite\",\"@id\":\"https:\\\/\\\/plg-pllc.com\\\/#website\",\"url\":\"https:\\\/\\\/plg-pllc.com\\\/\",\"name\":\"Premier Law Group\",\"description\":\"Washington Wrongful Death and Serious Injury Lawyer\",\"publisher\":{\"@id\":\"https:\\\/\\\/plg-pllc.com\\\/#organization\"},\"inLanguage\":\"es\"},{\"@type\":\"Organization\",\"@id\":\"https:\\\/\\\/plg-pllc.com\\\/#organization\",\"name\":\"Premier Law Group\",\"url\":\"https:\\\/\\\/plg-pllc.com\\\/\",\"logo\":{\"@type\":\"ImageObject\",\"inLanguage\":\"es\",\"@id\":\"https:\\\/\\\/plg-pllc.com\\\/#\\\/schema\\\/logo\\\/image\\\/\",\"url\":\"https:\\\/\\\/plg-pllc.com\\\/wp-content\\\/uploads\\\/2020\\\/10\\\/plg-logo-v2.gif\",\"contentUrl\":\"https:\\\/\\\/plg-pllc.com\\\/wp-content\\\/uploads\\\/2020\\\/10\\\/plg-logo-v2.gif\",\"width\":592,\"height\":191,\"caption\":\"Premier Law Group\"},\"image\":{\"@id\":\"https:\\\/\\\/plg-pllc.com\\\/#\\\/schema\\\/logo\\\/image\\\/\"},\"sameAs\":[\"https:\\\/\\\/www.facebook.com\\\/premierlawgroup\",\"https:\\\/\\\/x.com\\\/premierlawgroup\"]}]}<\/script>\n<!-- \/ Yoast SEO plugin. -->","yoast_head_json":{"title":"C\u00f3mo encontrar la culpa en un accidente de colisi\u00f3n lateral en Washington","description":"C\u00f3mo encontrar la culpa en un accidente de colisi\u00f3n lateral en Washington: Premier Law Group le ayuda a conseguir la compensaci\u00f3n total que merece. Sin honorarios a menos que ganemos.","robots":{"index":"index","follow":"follow","max-snippet":"max-snippet:-1","max-image-preview":"max-image-preview:large","max-video-preview":"max-video-preview:-1"},"canonical":"https:\/\/plg-pllc.com\/es\/faqs\/how-is-fault-determined-t-bone-accident\/","og_locale":"es_MX","og_type":"article","og_title":"Finding Fault in a T-Bone Accident in Washington","og_description":"Finding Fault in a T-Bone Accident in Washington: Premier Law Group helps you unlock the full compensation you deserve. No Fee Unless We Win.","og_url":"https:\/\/plg-pllc.com\/es\/faqs\/how-is-fault-determined-t-bone-accident\/","og_site_name":"Premier Law Group","article_publisher":"https:\/\/www.facebook.com\/premierlawgroup","article_modified_time":"2024-11-07T12:12:17+00:00","og_image":[{"width":500,"height":332,"url":"https:\/\/plg-pllc.com\/wp-content\/uploads\/2022\/01\/t-bone-accident-on-a-busy-street.jpg","type":"image\/jpeg"}],"twitter_card":"summary_large_image","twitter_site":"@premierlawgroup","twitter_misc":{"Tiempo de lectura":"4 minutos"},"schema":{"@context":"https:\/\/schema.org","@graph":[{"@type":"WebPage","@id":"https:\/\/plg-pllc.com\/faqs\/how-is-fault-determined-t-bone-accident\/","url":"https:\/\/plg-pllc.com\/faqs\/how-is-fault-determined-t-bone-accident\/","name":"C\u00f3mo encontrar la culpa en un accidente de colisi\u00f3n lateral en Washington","isPartOf":{"@id":"https:\/\/plg-pllc.com\/#website"},"primaryImageOfPage":{"@id":"https:\/\/plg-pllc.com\/faqs\/how-is-fault-determined-t-bone-accident\/#primaryimage"},"image":{"@id":"https:\/\/plg-pllc.com\/faqs\/how-is-fault-determined-t-bone-accident\/#primaryimage"},"thumbnailUrl":"https:\/\/plg-pllc.com\/wp-content\/uploads\/2022\/01\/t-bone-accident-on-a-busy-street.jpg","datePublished":"2022-01-06T18:03:00+00:00","dateModified":"2024-11-07T12:12:17+00:00","description":"C\u00f3mo encontrar la culpa en un accidente de colisi\u00f3n lateral en Washington: Premier Law Group le ayuda a conseguir la compensaci\u00f3n total que merece. Sin honorarios a menos que ganemos.","breadcrumb":{"@id":"https:\/\/plg-pllc.com\/faqs\/how-is-fault-determined-t-bone-accident\/#breadcrumb"},"inLanguage":"es","potentialAction":[{"@type":"ReadAction","target":["https:\/\/plg-pllc.com\/faqs\/how-is-fault-determined-t-bone-accident\/"]}]},{"@type":"ImageObject","inLanguage":"es","@id":"https:\/\/plg-pllc.com\/faqs\/how-is-fault-determined-t-bone-accident\/#primaryimage","url":"https:\/\/plg-pllc.com\/wp-content\/uploads\/2022\/01\/t-bone-accident-on-a-busy-street.jpg","contentUrl":"https:\/\/plg-pllc.com\/wp-content\/uploads\/2022\/01\/t-bone-accident-on-a-busy-street.jpg","width":500,"height":332},{"@type":"BreadcrumbList","@id":"https:\/\/plg-pllc.com\/faqs\/how-is-fault-determined-t-bone-accident\/#breadcrumb","itemListElement":[{"@type":"ListItem","position":1,"name":"Home","item":"https:\/\/plg-pllc.com\/es\/"},{"@type":"ListItem","position":2,"name":"FAQs","item":"https:\/\/plg-pllc.com\/es\/faqs\/"},{"@type":"ListItem","position":3,"name":"Finding Fault in a T-Bone Accident in Washington"}]},{"@type":"WebSite","@id":"https:\/\/plg-pllc.com\/#website","url":"https:\/\/plg-pllc.com\/","name":"Grupo de abogados Premier","description":"Abogado de muerte por negligencia y lesiones graves en Washington","publisher":{"@id":"https:\/\/plg-pllc.com\/#organization"},"inLanguage":"es"},{"@type":"Organization","@id":"https:\/\/plg-pllc.com\/#organization","name":"Grupo de abogados Premier","url":"https:\/\/plg-pllc.com\/","logo":{"@type":"ImageObject","inLanguage":"es","@id":"https:\/\/plg-pllc.com\/#\/schema\/logo\/image\/","url":"https:\/\/plg-pllc.com\/wp-content\/uploads\/2020\/10\/plg-logo-v2.gif","contentUrl":"https:\/\/plg-pllc.com\/wp-content\/uploads\/2020\/10\/plg-logo-v2.gif","width":592,"height":191,"caption":"Premier Law Group"},"image":{"@id":"https:\/\/plg-pllc.com\/#\/schema\/logo\/image\/"},"sameAs":["https:\/\/www.facebook.com\/premierlawgroup","https:\/\/x.com\/premierlawgroup"]}]}},"_links":{"self":[{"href":"https:\/\/plg-pllc.com\/es\/wp-json\/wp\/v2\/pages\/19246","targetHints":{"allow":["GET"]}}],"collection":[{"href":"https:\/\/plg-pllc.com\/es\/wp-json\/wp\/v2\/pages"}],"about":[{"href":"https:\/\/plg-pllc.com\/es\/wp-json\/wp\/v2\/types\/page"}],"author":[{"embeddable":true,"href":"https:\/\/plg-pllc.com\/es\/wp-json\/wp\/v2\/users\/24"}],"replies":[{"embeddable":true,"href":"https:\/\/plg-pllc.com\/es\/wp-json\/wp\/v2\/comments?post=19246"}],"version-history":[{"count":0,"href":"https:\/\/plg-pllc.com\/es\/wp-json\/wp\/v2\/pages\/19246\/revisions"}],"up":[{"embeddable":true,"href":"https:\/\/plg-pllc.com\/es\/wp-json\/wp\/v2\/pages\/20714"}],"wp:featuredmedia":[{"embeddable":true,"href":"https:\/\/plg-pllc.com\/es\/wp-json\/wp\/v2\/media\/19142"}],"wp:attachment":[{"href":"https:\/\/plg-pllc.com\/es\/wp-json\/wp\/v2\/media?parent=19246"}],"wp:term":[{"taxonomy":"hc_faqs","embeddable":true,"href":"https:\/\/plg-pllc.com\/es\/wp-json\/wp\/v2\/hc_faqs?post=19246"}],"curies":[{"name":"gracias","href":"https:\/\/api.w.org\/{rel}","templated":true}]}}