{"id":19311,"date":"2022-03-28T08:01:06","date_gmt":"2022-03-28T15:01:06","guid":{"rendered":"https:\/\/plg-pllc.com\/?page_id=19311"},"modified":"2025-11-14T08:57:54","modified_gmt":"2025-11-14T16:57:54","slug":"rideshare","status":"publish","type":"page","link":"https:\/\/plg-pllc.com\/es\/bellevue\/car-accident-lawyer\/rideshare\/","title":{"rendered":"Abogado de accidentes en viajes compartidos en Bellevue"},"content":{"rendered":"<p><span style=\"font-weight: 400;\">Los conductores de veh\u00edculos de viajes compartidos de empresas como Uber y Lyft no tienen demasiados requisitos para conseguir empleo, lo que a veces conduce a accidentes por conducci\u00f3n imprudente. Los empleados de viajes compartidos tienen la tarea de llevar a los pasajeros a lugares como el trabajo, la escuela y otros lugares de negocios; sin embargo, conducir en lugares y ciudades desconocidos puede aumentar las probabilidades de sufrir un accidente.\u00a0<\/span><\/p>\n<p><span style=\"font-weight: 400;\">La mayor\u00eda de los conductores, especialmente los empleados de Uber y Lyft, necesitan la ayuda de sistemas de navegaci\u00f3n, como GPS, que pueden distraer y ser peligrosos para los pasajeros debido al mayor potencial de errores del conductor o la falta de conocimiento de los patrones de tr\u00e1fico mientras conduce. Los peligros de conducir distra\u00eddo pueden ser catastr\u00f3ficos, y el uso de la navegaci\u00f3n GPS solo aumenta la posibilidad de que ocurra un accidente mientras un conductor de viajes compartidos intenta transportar pasajeros a un lugar desconocido. Los accidentes de viajes compartidos pueden causar lesiones importantes y da\u00f1o emocional a los pasajeros que optan por usar Uber y Lyft. Si ha sufrido un accidente de viaje compartido en Bellevue debido a la negligencia del conductor del viaje compartido, es posible que pueda solicitar una compensaci\u00f3n por las lesiones y los da\u00f1os emocionales que ha sufrido.\u00a0\u00a0<\/span><\/p>\n<h2><span style=\"font-weight: 400;\">Causas frecuentes de accidentes en viajes compartidos en Bellevue<\/span><\/h2>\n<p><span style=\"font-weight: 400;\">Lamentablemente, depender de conductores de viajes compartidos para el transporte significa que las causas de un posible accidente est\u00e1n principalmente fuera de su control. Los mismos factores que afectan a otros accidentes de veh\u00edculos afectan la probabilidad de sufrir un accidente con Uber o Lyft, excepto que las probabilidades aumentan con el tiempo que se pasa en la carretera.\u00a0<\/span><\/p>\n<p><span style=\"font-weight: 400;\">Los accidentes tambi\u00e9n pueden ocurrir como resultado de otros conductores en la carretera. Con frecuencia, los accidentes de tr\u00e1nsito ocurren debido a errores de los conductores de viajes compartidos, incluidos los siguientes:\u00a0<\/span><\/p>\n<ul>\n<li style=\"font-weight: 400;\" aria-level=\"1\"><span style=\"font-weight: 400;\">Realizar giros ilegales o tomar decisiones arriesgadas al conducir\u00a0<\/span><\/li>\n<li style=\"font-weight: 400;\" aria-level=\"1\"><span style=\"font-weight: 400;\">Conductas de conducci\u00f3n distra\u00eddas o desatentas\u00a0<\/span><\/li>\n<li style=\"font-weight: 400;\" aria-level=\"1\"><span style=\"font-weight: 400;\">Conducir bajo los efectos de drogas o alcohol\u00a0<\/span><\/li>\n<li style=\"font-weight: 400;\" aria-level=\"1\"><span style=\"font-weight: 400;\">Estacionamiento ilegal\u00a0<\/span><\/li>\n<li style=\"font-weight: 400;\" aria-level=\"1\"><span style=\"font-weight: 400;\">Condiciones de la carretera peligrosas, arriesgadas o desconocidas\u00a0<\/span><\/li>\n<li style=\"font-weight: 400;\" aria-level=\"1\"><span style=\"font-weight: 400;\">Conducci\u00f3n agresiva o imprudente\u00a0<\/span><\/li>\n<\/ul>\n<p><span style=\"font-weight: 400;\">Una de las causas m\u00e1s frecuentes de accidentes en viajes compartidos en Bellevue es la conducci\u00f3n distra\u00edda. El GPS es una herramienta que aumenta este comportamiento y es de la que se depende para transportar pasajeros. Entre las se\u00f1ales de que puede correr un mayor riesgo de sufrir un accidente se incluyen que el conductor se distraiga demasiado con el GPS o se confunda con las instrucciones. Si nota que el conductor presenta alguno de los comportamientos anteriores, lo mejor es que salga del veh\u00edculo.\u00a0<\/span><\/p>\n<h2><span style=\"font-weight: 400;\">Posibles lesiones en viajes compartidos en Bellevue\u00a0<\/span><\/h2>\n<p><span style=\"font-weight: 400;\">Las lesiones en viajes compartidos, ya sean leves o graves, pueden ser agotadoras a nivel financiero, emocional y f\u00edsico para un pasajero. Incluso si una lesi\u00f3n parece menos grave, puede desarrollarse con el tiempo. Siempre que se lesione en un accidente, es imperativo que busque atenci\u00f3n m\u00e9dica de inmediato para documentar las lesiones que ha sufrido y tener pruebas de que est\u00e1n relacionadas con un accidente de viaje compartido. Seg\u00fan el tipo de accidente, puede sufrir las siguientes lesiones:\u00a0<\/span><\/p>\n<ul>\n<li style=\"font-weight: 400;\" aria-level=\"1\"><span style=\"font-weight: 400;\">Raspaduras, cortes y lesiones<\/span><\/li>\n<li style=\"font-weight: 400;\" aria-level=\"1\"><span style=\"font-weight: 400;\">Contusiones<\/span><\/li>\n<li style=\"font-weight: 400;\" aria-level=\"1\"><span style=\"font-weight: 400;\">Lesiones en la cabeza y el cuello<\/span><\/li>\n<li style=\"font-weight: 400;\" aria-level=\"1\"><span style=\"font-weight: 400;\">Latigazo<\/span><\/li>\n<li style=\"font-weight: 400;\" aria-level=\"1\"><span style=\"font-weight: 400;\">Lesiones en el pecho<\/span><\/li>\n<li style=\"font-weight: 400;\" aria-level=\"1\"><span style=\"font-weight: 400;\">Conmociones cerebrales<\/span><\/li>\n<li style=\"font-weight: 400;\" aria-level=\"1\"><span style=\"font-weight: 400;\">Da\u00f1os en la m\u00e9dula espinal y los nervios<\/span><\/li>\n<li style=\"font-weight: 400;\" aria-level=\"1\"><span style=\"font-weight: 400;\">Lesiones cerebrales<\/span><\/li>\n<li style=\"font-weight: 400;\" aria-level=\"1\"><span style=\"font-weight: 400;\">Lesiones de espalda<\/span><\/li>\n<li style=\"font-weight: 400;\" aria-level=\"1\"><span style=\"font-weight: 400;\">Par\u00e1lisis<\/span><\/li>\n<li style=\"font-weight: 400;\" aria-level=\"1\"><span style=\"font-weight: 400;\">Discos herniados<\/span><\/li>\n<li style=\"font-weight: 400;\" aria-level=\"1\"><span style=\"font-weight: 400;\">Muerte\u00a0<\/span><\/li>\n<\/ul>\n<p><span style=\"font-weight: 400;\">Si ha sufrido alguna de las lesiones mencionadas anteriormente, lo mejor es que un profesional m\u00e9dico eval\u00fae la gravedad de sus lesiones y recomiende un plan de tratamiento que sea el m\u00e1s adecuado para usted. Los profesionales m\u00e9dicos tambi\u00e9n pueden identificar lesiones latentes que pueden desarrollarse despu\u00e9s del accidente de transporte compartido.\u00a0<\/span><\/p>\n<p><span style=\"font-weight: 400;\">Hable con un abogado con experiencia en accidentes de viajes compartidos en Bellevue si un conductor negligente caus\u00f3 sus lesiones. Es posible que podamos recuperar la compensaci\u00f3n que se le debe por las p\u00e9rdidas que ha sufrido.\u00a0<\/span><\/p>\n<h2><span style=\"font-weight: 400;\">Hable con un abogado con experiencia en accidentes de viajes compartidos en Bellevue en Premier Law Group<\/span><\/h2>\n<p><span style=\"font-weight: 400;\">Los reclamos por accidentes de Uber y Lyft pueden ser extensos y complejos. Estas compa\u00f1\u00edas son agresivas en su defensa y sus aseguradoras quieren resolver los reclamos lo m\u00e1s r\u00e1pido posible por el menor pago posible. <\/span><a href=\"https:\/\/plg-pllc.com\/\"><span style=\"font-weight: 400;\">Grupo de abogados Premier<\/span><\/a><span style=\"font-weight: 400;\">Entendemos c\u00f3mo navegar el proceso legal para que usted tenga acceso a la compensaci\u00f3n financiera que merece por sus p\u00e9rdidas.\u00a0<\/span><\/p>\n<p><span style=\"font-weight: 400;\">Estar involucrado en un accidente de viaje compartido puede dejarlo con lesiones que alteren su vida y gastos crecientes. El equipo legal de Premier Law Group ofrece una representaci\u00f3n compasiva, orientada al cliente y especializada para manejar su caso particular de accidente de viaje compartido. Para hablar con un abogado experto en accidentes de viaje compartido, llame al (206) 880-7518 o complete nuestro formulario de contacto. <\/span><a href=\"https:\/\/plg-pllc.com\/contact-us\/\"><span style=\"font-weight: 400;\">Formulario de contacto<\/span><\/a><span style=\"font-weight: 400;\">.\u00a0<\/span><\/p>\n\n        <div class=\"rs-content-cta\">\n            <p>Llamar o enviar mensaje de texto <a href=\"tel:+12062851743\">(206) 285-1743<\/a> o complete un formulario de evaluaci\u00f3n de caso gratuito<\/p>\n            <a href=\"https:\/\/plg-pllc.com\/es\/contact-us\/\" title=\"OBTENGA UNA EVALUACI\u00d3N DE CASO GRATUITA\" class=\"btn-global\">OBTENGA UNA EVALUACI\u00d3N DE CASO GRATUITA<\/a>\n                    <picture>\n                            <source srcset=\"https:\/\/plg-pllc.com\/wp-content\/themes\/plg-pllc-redesign\/assets\/app\/img\/cta-thumb.webp\" type=\"image\/webp\"\/>\n                            <img src=\"https:\/\/plg-pllc.com\/wp-content\/themes\/plg-pllc-redesign\/assets\/app\/img\/cta-thumb.png\" alt=\"Grupo de abogados Premier\" title=\"Grupo de abogados Premier\" width=\"245\" height=\"220\" loading=\"auto\" fetchpriority=\"auto\" decoding=\"async\"\/>\n        <\/picture>\n        \n        <\/div>","protected":false},"excerpt":{"rendered":"<p>Los conductores de veh\u00edculos de viajes compartidos de empresas como Uber y Lyft no tienen demasiados requisitos para conseguir un empleo, lo que a veces conduce a accidentes por conducci\u00f3n imprudente. Los empleados de viajes compartidos tienen la tarea de llevar a los pasajeros a lugares como el trabajo, la escuela y otros lugares de negocios; sin embargo, conducir en lugares y ciudades desconocidos puede aumentar las posibilidades de \u2026<\/p>","protected":false},"author":2,"featured_media":19137,"parent":17270,"menu_order":0,"comment_status":"closed","ping_status":"closed","template":"","meta":{"_acf_changed":false,"_genesis_hide_title":false,"_genesis_hide_breadcrumbs":false,"_genesis_hide_singular_image":false,"_genesis_hide_footer_widgets":false,"_genesis_custom_body_class":"","_genesis_custom_post_class":"","_genesis_layout":"","footnotes":""},"hc_faqs":[],"class_list":{"0":"post-19311","1":"page","2":"type-page","3":"status-publish","4":"has-post-thumbnail","6":"hc_city_location-bellevue","7":"entry"},"acf":[],"yoast_head":"<!-- This site is optimized with the Yoast SEO plugin v27.5 - https:\/\/yoast.com\/product\/yoast-seo-wordpress\/ -->\n<title>Rideshare Accident Lawyer in Bellevue | Free Case Review<\/title>\n<meta name=\"description\" content=\"Bellevue Rideshare Accident Lawyer: Premier Law Group helps you unlock the full compensation you deserve. No Fee Unless We Win.\" \/>\n<meta name=\"robots\" content=\"index, follow, max-snippet:-1, max-image-preview:large, max-video-preview:-1\" \/>\n<link rel=\"canonical\" href=\"https:\/\/plg-pllc.com\/es\/bellevue\/car-accident-lawyer\/rideshare\/\" \/>\n<meta property=\"og:locale\" content=\"es_MX\" \/>\n<meta property=\"og:type\" content=\"article\" \/>\n<meta property=\"og:title\" content=\"Rideshare Accident Lawyer in Bellevue | Free Case Review\" \/>\n<meta property=\"og:description\" content=\"Bellevue Rideshare Accident Lawyer: Premier Law Group helps you unlock the full compensation you deserve. No Fee Unless We Win.\" \/>\n<meta property=\"og:url\" content=\"https:\/\/plg-pllc.com\/es\/bellevue\/car-accident-lawyer\/rideshare\/\" \/>\n<meta property=\"og:site_name\" content=\"Premier Law Group\" \/>\n<meta property=\"article:publisher\" content=\"https:\/\/www.facebook.com\/premierlawgroup\" \/>\n<meta property=\"article:modified_time\" content=\"2025-11-14T16:57:54+00:00\" \/>\n<meta property=\"og:image\" content=\"https:\/\/plg-pllc.com\/wp-content\/uploads\/2022\/01\/rear-end-car-accident-on-a-highway.jpg\" \/>\n\t<meta property=\"og:image:width\" content=\"500\" \/>\n\t<meta property=\"og:image:height\" content=\"332\" \/>\n\t<meta property=\"og:image:type\" content=\"image\/jpeg\" \/>\n<meta name=\"twitter:card\" content=\"summary_large_image\" \/>\n<meta name=\"twitter:site\" content=\"@premierlawgroup\" \/>\n<meta name=\"twitter:label1\" content=\"Tiempo de lectura\" \/>\n\t<meta name=\"twitter:data1\" content=\"4 minutos\" \/>\n<script type=\"application\/ld+json\" class=\"yoast-schema-graph\">{\"@context\":\"https:\\\/\\\/schema.org\",\"@graph\":[{\"@type\":\"WebPage\",\"@id\":\"https:\\\/\\\/plg-pllc.com\\\/bellevue\\\/car-accident-lawyer\\\/rideshare\\\/\",\"url\":\"https:\\\/\\\/plg-pllc.com\\\/bellevue\\\/car-accident-lawyer\\\/rideshare\\\/\",\"name\":\"Rideshare Accident Lawyer in Bellevue | Free Case Review\",\"isPartOf\":{\"@id\":\"https:\\\/\\\/plg-pllc.com\\\/#website\"},\"primaryImageOfPage\":{\"@id\":\"https:\\\/\\\/plg-pllc.com\\\/bellevue\\\/car-accident-lawyer\\\/rideshare\\\/#primaryimage\"},\"image\":{\"@id\":\"https:\\\/\\\/plg-pllc.com\\\/bellevue\\\/car-accident-lawyer\\\/rideshare\\\/#primaryimage\"},\"thumbnailUrl\":\"https:\\\/\\\/plg-pllc.com\\\/wp-content\\\/uploads\\\/2022\\\/01\\\/rear-end-car-accident-on-a-highway.jpg\",\"datePublished\":\"2022-03-28T15:01:06+00:00\",\"dateModified\":\"2025-11-14T16:57:54+00:00\",\"description\":\"Bellevue Rideshare Accident Lawyer: Premier Law Group helps you unlock the full compensation you deserve. No Fee Unless We Win.\",\"breadcrumb\":{\"@id\":\"https:\\\/\\\/plg-pllc.com\\\/bellevue\\\/car-accident-lawyer\\\/rideshare\\\/#breadcrumb\"},\"inLanguage\":\"es\",\"potentialAction\":[{\"@type\":\"ReadAction\",\"target\":[\"https:\\\/\\\/plg-pllc.com\\\/bellevue\\\/car-accident-lawyer\\\/rideshare\\\/\"]}]},{\"@type\":\"ImageObject\",\"inLanguage\":\"es\",\"@id\":\"https:\\\/\\\/plg-pllc.com\\\/bellevue\\\/car-accident-lawyer\\\/rideshare\\\/#primaryimage\",\"url\":\"https:\\\/\\\/plg-pllc.com\\\/wp-content\\\/uploads\\\/2022\\\/01\\\/rear-end-car-accident-on-a-highway.jpg\",\"contentUrl\":\"https:\\\/\\\/plg-pllc.com\\\/wp-content\\\/uploads\\\/2022\\\/01\\\/rear-end-car-accident-on-a-highway.jpg\",\"width\":500,\"height\":332,\"caption\":\"car accident attorney\"},{\"@type\":\"BreadcrumbList\",\"@id\":\"https:\\\/\\\/plg-pllc.com\\\/bellevue\\\/car-accident-lawyer\\\/rideshare\\\/#breadcrumb\",\"itemListElement\":[{\"@type\":\"ListItem\",\"position\":1,\"name\":\"Home\",\"item\":\"https:\\\/\\\/plg-pllc.com\\\/es\\\/\"},{\"@type\":\"ListItem\",\"position\":2,\"name\":\"Bellevue Personal Injury Lawyer\",\"item\":\"https:\\\/\\\/plg-pllc.com\\\/es\\\/\"},{\"@type\":\"ListItem\",\"position\":3,\"name\":\"Bellevue Car Accident Lawyer\",\"item\":\"https:\\\/\\\/plg-pllc.com\\\/es\\\/bellevue\\\/car-accident-lawyer\\\/\"},{\"@type\":\"ListItem\",\"position\":4,\"name\":\"Rideshare Accident\"}]},{\"@type\":\"WebSite\",\"@id\":\"https:\\\/\\\/plg-pllc.com\\\/#website\",\"url\":\"https:\\\/\\\/plg-pllc.com\\\/\",\"name\":\"Premier Law Group\",\"description\":\"Washington Wrongful Death and Serious Injury Lawyer\",\"publisher\":{\"@id\":\"https:\\\/\\\/plg-pllc.com\\\/#organization\"},\"inLanguage\":\"es\"},{\"@type\":\"Organization\",\"@id\":\"https:\\\/\\\/plg-pllc.com\\\/#organization\",\"name\":\"Premier Law Group\",\"url\":\"https:\\\/\\\/plg-pllc.com\\\/\",\"logo\":{\"@type\":\"ImageObject\",\"inLanguage\":\"es\",\"@id\":\"https:\\\/\\\/plg-pllc.com\\\/#\\\/schema\\\/logo\\\/image\\\/\",\"url\":\"https:\\\/\\\/plg-pllc.com\\\/wp-content\\\/uploads\\\/2020\\\/10\\\/plg-logo-v2.gif\",\"contentUrl\":\"https:\\\/\\\/plg-pllc.com\\\/wp-content\\\/uploads\\\/2020\\\/10\\\/plg-logo-v2.gif\",\"width\":592,\"height\":191,\"caption\":\"Premier Law Group\"},\"image\":{\"@id\":\"https:\\\/\\\/plg-pllc.com\\\/#\\\/schema\\\/logo\\\/image\\\/\"},\"sameAs\":[\"https:\\\/\\\/www.facebook.com\\\/premierlawgroup\",\"https:\\\/\\\/x.com\\\/premierlawgroup\"]}]}<\/script>\n<!-- \/ Yoast SEO plugin. -->","yoast_head_json":{"title":"Abogado de accidentes de viajes compartidos en Bellevue | Revisi\u00f3n de caso gratuita","description":"Abogado de accidentes en viajes compartidos en Bellevue: Premier Law Group lo ayuda a obtener la compensaci\u00f3n total que merece. Sin honorarios a menos que ganemos.","robots":{"index":"index","follow":"follow","max-snippet":"max-snippet:-1","max-image-preview":"max-image-preview:large","max-video-preview":"max-video-preview:-1"},"canonical":"https:\/\/plg-pllc.com\/es\/bellevue\/car-accident-lawyer\/rideshare\/","og_locale":"es_MX","og_type":"article","og_title":"Rideshare Accident Lawyer in Bellevue | Free Case Review","og_description":"Bellevue Rideshare Accident Lawyer: Premier Law Group helps you unlock the full compensation you deserve. No Fee Unless We Win.","og_url":"https:\/\/plg-pllc.com\/es\/bellevue\/car-accident-lawyer\/rideshare\/","og_site_name":"Premier Law Group","article_publisher":"https:\/\/www.facebook.com\/premierlawgroup","article_modified_time":"2025-11-14T16:57:54+00:00","og_image":[{"width":500,"height":332,"url":"https:\/\/plg-pllc.com\/wp-content\/uploads\/2022\/01\/rear-end-car-accident-on-a-highway.jpg","type":"image\/jpeg"}],"twitter_card":"summary_large_image","twitter_site":"@premierlawgroup","twitter_misc":{"Tiempo de lectura":"4 minutos"},"schema":{"@context":"https:\/\/schema.org","@graph":[{"@type":"WebPage","@id":"https:\/\/plg-pllc.com\/bellevue\/car-accident-lawyer\/rideshare\/","url":"https:\/\/plg-pllc.com\/bellevue\/car-accident-lawyer\/rideshare\/","name":"Abogado de accidentes de viajes compartidos en Bellevue | Revisi\u00f3n de caso gratuita","isPartOf":{"@id":"https:\/\/plg-pllc.com\/#website"},"primaryImageOfPage":{"@id":"https:\/\/plg-pllc.com\/bellevue\/car-accident-lawyer\/rideshare\/#primaryimage"},"image":{"@id":"https:\/\/plg-pllc.com\/bellevue\/car-accident-lawyer\/rideshare\/#primaryimage"},"thumbnailUrl":"https:\/\/plg-pllc.com\/wp-content\/uploads\/2022\/01\/rear-end-car-accident-on-a-highway.jpg","datePublished":"2022-03-28T15:01:06+00:00","dateModified":"2025-11-14T16:57:54+00:00","description":"Abogado de accidentes en viajes compartidos en Bellevue: Premier Law Group lo ayuda a obtener la compensaci\u00f3n total que merece. Sin honorarios a menos que ganemos.","breadcrumb":{"@id":"https:\/\/plg-pllc.com\/bellevue\/car-accident-lawyer\/rideshare\/#breadcrumb"},"inLanguage":"es","potentialAction":[{"@type":"ReadAction","target":["https:\/\/plg-pllc.com\/bellevue\/car-accident-lawyer\/rideshare\/"]}]},{"@type":"ImageObject","inLanguage":"es","@id":"https:\/\/plg-pllc.com\/bellevue\/car-accident-lawyer\/rideshare\/#primaryimage","url":"https:\/\/plg-pllc.com\/wp-content\/uploads\/2022\/01\/rear-end-car-accident-on-a-highway.jpg","contentUrl":"https:\/\/plg-pllc.com\/wp-content\/uploads\/2022\/01\/rear-end-car-accident-on-a-highway.jpg","width":500,"height":332,"caption":"car accident attorney"},{"@type":"BreadcrumbList","@id":"https:\/\/plg-pllc.com\/bellevue\/car-accident-lawyer\/rideshare\/#breadcrumb","itemListElement":[{"@type":"ListItem","position":1,"name":"Home","item":"https:\/\/plg-pllc.com\/es\/"},{"@type":"ListItem","position":2,"name":"Bellevue Personal Injury Lawyer","item":"https:\/\/plg-pllc.com\/es\/"},{"@type":"ListItem","position":3,"name":"Bellevue Car Accident Lawyer","item":"https:\/\/plg-pllc.com\/es\/bellevue\/car-accident-lawyer\/"},{"@type":"ListItem","position":4,"name":"Rideshare Accident"}]},{"@type":"WebSite","@id":"https:\/\/plg-pllc.com\/#website","url":"https:\/\/plg-pllc.com\/","name":"Grupo de abogados Premier","description":"Abogado de muerte por negligencia y lesiones graves en Washington","publisher":{"@id":"https:\/\/plg-pllc.com\/#organization"},"inLanguage":"es"},{"@type":"Organization","@id":"https:\/\/plg-pllc.com\/#organization","name":"Grupo de abogados Premier","url":"https:\/\/plg-pllc.com\/","logo":{"@type":"ImageObject","inLanguage":"es","@id":"https:\/\/plg-pllc.com\/#\/schema\/logo\/image\/","url":"https:\/\/plg-pllc.com\/wp-content\/uploads\/2020\/10\/plg-logo-v2.gif","contentUrl":"https:\/\/plg-pllc.com\/wp-content\/uploads\/2020\/10\/plg-logo-v2.gif","width":592,"height":191,"caption":"Premier Law Group"},"image":{"@id":"https:\/\/plg-pllc.com\/#\/schema\/logo\/image\/"},"sameAs":["https:\/\/www.facebook.com\/premierlawgroup","https:\/\/x.com\/premierlawgroup"]}]}},"_links":{"self":[{"href":"https:\/\/plg-pllc.com\/es\/wp-json\/wp\/v2\/pages\/19311","targetHints":{"allow":["GET"]}}],"collection":[{"href":"https:\/\/plg-pllc.com\/es\/wp-json\/wp\/v2\/pages"}],"about":[{"href":"https:\/\/plg-pllc.com\/es\/wp-json\/wp\/v2\/types\/page"}],"author":[{"embeddable":true,"href":"https:\/\/plg-pllc.com\/es\/wp-json\/wp\/v2\/users\/2"}],"replies":[{"embeddable":true,"href":"https:\/\/plg-pllc.com\/es\/wp-json\/wp\/v2\/comments?post=19311"}],"version-history":[{"count":0,"href":"https:\/\/plg-pllc.com\/es\/wp-json\/wp\/v2\/pages\/19311\/revisions"}],"up":[{"embeddable":true,"href":"https:\/\/plg-pllc.com\/es\/wp-json\/wp\/v2\/pages\/17270"}],"wp:featuredmedia":[{"embeddable":true,"href":"https:\/\/plg-pllc.com\/es\/wp-json\/wp\/v2\/media\/19137"}],"wp:attachment":[{"href":"https:\/\/plg-pllc.com\/es\/wp-json\/wp\/v2\/media?parent=19311"}],"wp:term":[{"taxonomy":"hc_faqs","embeddable":true,"href":"https:\/\/plg-pllc.com\/es\/wp-json\/wp\/v2\/hc_faqs?post=19311"}],"curies":[{"name":"gracias","href":"https:\/\/api.w.org\/{rel}","templated":true}]}}