{"id":19369,"date":"2022-04-19T11:34:58","date_gmt":"2022-04-19T18:34:58","guid":{"rendered":"https:\/\/plg-pllc.com\/?page_id=19369"},"modified":"2025-06-27T07:51:48","modified_gmt":"2025-06-27T14:51:48","slug":"bellevue-premises-slip-and-fall-lawyer","status":"publish","type":"page","link":"https:\/\/plg-pllc.com\/es\/bellevue\/slip-and-fall-lawyer\/","title":{"rendered":"Abogado de lesiones por resbalones y ca\u00eddas en Bellevue"},"content":{"rendered":"<p class=\"has-text-align-center\">\u00a0<\/p>\r\n\r\n\r\n\r\n<h2 class=\"wp-block-heading\" id=\"h-slip-and-fall-accident-attorneys-in-bellevue-wa\"><strong>Abogados de accidentes por resbalones y ca\u00eddas en Bellevue, WA<\/strong><\/h2>\r\n\r\n\r\n\r\n<p>Las lesiones por resbalones y ca\u00eddas pueden afectar a cualquier persona, en cualquier lugar. Sin embargo, no siempre ocurren por accidente. Con mayor frecuencia, pueden ser resultado de la negligencia del propietario o administrador de la propiedad en el mantenimiento adecuado de la misma. Muchas normas, pautas de seguridad y c\u00f3digos mantienen los est\u00e1ndares de seguridad de los negocios comerciales y las propiedades privadas que visita. Desafortunadamente, todos los a\u00f1os, algunos visitantes son v\u00edctimas de una lesi\u00f3n por resbal\u00f3n y ca\u00edda evitable.\u00a0<\/p>\r\n\r\n\r\n\r\n<p>Si sufri\u00f3 lesiones graves mientras visitaba una propiedad y cree que su lesi\u00f3n fue causada por la negligencia del propietario, es posible que pueda solicitar una compensaci\u00f3n por sus p\u00e9rdidas. Comun\u00edquese con un abogado especializado en responsabilidad civil por da\u00f1os a propiedades y resbalones y ca\u00eddas de Bellevue para obtener una consulta gratuita sobre su caso. Evaluamos diligentemente los detalles de su caso y es posible que podamos luchar por su derecho a una compensaci\u00f3n por los da\u00f1os financieros derivados de facturas m\u00e9dicas, salarios perdidos y p\u00e9rdidas no econ\u00f3micas.<\/p>\r\n\r\n\r\n\r\n<h2 class=\"wp-block-heading\" id=\"tip1\"><strong>\u00bfQu\u00e9 da\u00f1os se pueden recuperar en un accidente por resbal\u00f3n y ca\u00edda en Bellevue?<\/strong><\/h2>\r\n\r\n\r\n\r\n<p>Cuando el propietario o administrador de una propiedad no realiza el mantenimiento adecuado de su propiedad y su negligencia provoca un accidente por resbal\u00f3n y ca\u00edda, es posible que pueda recuperar los da\u00f1os derivados de su falta de cuidado. Sin embargo, en este tipo de casos, es esencial que demuestre que su negligencia provoc\u00f3 directamente sus lesiones. Proporcionar pruebas s\u00f3lidas puede resultar complicado sin un abogado con experiencia en resbalones y ca\u00eddas de Bellevue. Con el asesoramiento legal de un abogado de Premier Law Group, puede recuperar los da\u00f1os asociados con lo siguiente:\u00a0<\/p>\r\n\r\n\r\n\r\n<ul class=\"wp-block-list\">\r\n<li>Atenci\u00f3n m\u00e9dica pasada y futura\u00a0<\/li>\r\n<li>Rehabilitaci\u00f3n de lesiones pasadas y futuras\u00a0<\/li>\r\n<li>Manejo de medicamentos\u00a0\u00a0<\/li>\r\n<li>Salarios perdidos\u00a0<\/li>\r\n<li>Capacidad de ingresos reducida\u00a0<\/li>\r\n<li>Dolor y sufrimiento\u00a0<\/li>\r\n<\/ul>\r\n\r\n\r\n\r\n<p>Una de cada cinco ca\u00eddas provoca lesiones graves, como traumatismos craneoencef\u00e1licos y fracturas de huesos. Esto significa que los resbalones y ca\u00eddas suelen causar discapacidades duraderas y limitaciones f\u00edsicas que pueden impedirle conservar un trabajo y obtener ingresos. Mantenerse al d\u00eda con los gastos despu\u00e9s de este tipo de lesi\u00f3n puede ser abrumador, especialmente si necesita asistencia m\u00e9dica. Consulte a un abogado con experiencia en resbalones y ca\u00eddas de Bellevue para obtener ayuda con su caso. Usted merece justicia por sus lesiones.<\/p>\r\n\r\n\r\n\r\n<h2 class=\"wp-block-heading\" id=\"tip2\"><strong>\u00bfQu\u00e9 causa las lesiones por resbalones y ca\u00eddas en Bellevue?<\/strong><\/h2>\r\n\r\n\r\n\r\n<p>Cuando una persona tropieza o se resbala y cae en la propiedad de otra persona, se considera una lesi\u00f3n personal por resbal\u00f3n y ca\u00edda. Estos accidentes ocurren cuando una propiedad est\u00e1 mal mantenida y tiene peligros de seguridad que podr\u00edan haberse resuelto si el propietario de la propiedad hubiera asumido la responsabilidad de proporcionar de manera proactiva un est\u00e1ndar de cuidado seguro en el terreno. Este tipo de casos se incluyen en una categor\u00eda legal m\u00e1s amplia de responsabilidad de las instalaciones. Algunas de las siguientes causas provocan lesiones por resbal\u00f3n y ca\u00edda:\u00a0<\/p>\r\n\r\n\r\n\r\n<ul class=\"wp-block-list\">\r\n<li>Tablas de suelo sueltas<\/li>\r\n<li>Baches\u00a0<\/li>\r\n<li>Superficies resbaladizas\u00a0<\/li>\r\n<li>Mala iluminaci\u00f3n\u00a0<\/li>\r\n<li>Superficies heladas\u00a0<\/li>\r\n<li>Barandillas y escaleras en mal estado\u00a0<\/li>\r\n<li>Pisos mojados\u00a0<\/li>\r\n<li>Escombros\u00a0<\/li>\r\n<li>Alfombras y tapetes mal mantenidos o colocados\u00a0<\/li>\r\n<li>Aceras o estacionamientos mal mantenidos\u00a0<\/li>\r\n<\/ul>\r\n\r\n\r\n\r\n<p>Seg\u00fan la Comisi\u00f3n de Seguridad de Productos del Consumidor (CPSC), los materiales para pisos, como alfombras, azulejos y otros, contribuyen a m\u00e1s de dos millones de casos de lesiones por ca\u00eddas al a\u00f1o. Si ha sufrido lesiones debido a la falta de un propietario para mantener un entorno seguro, consulte con un abogado con experiencia en Bellevue sobre los detalles de su caso y la oportunidad de reunir pruebas s\u00f3lidas que demuestren su negligencia.<\/p>\r\n\r\n\r\n\r\n\n        <div class=\"rs-content-cta long\">\n            <p>Para una consulta legal GRATUITA con un abogado especializado en lesiones por resbalones y ca\u00eddas que preste servicios en Bellevue, llame al <a href=\"tel:+12062851743\">(206) 285-1743 <\/a><\/p>\n            <a href=\"https:\/\/plg-pllc.com\/es\/contact-us\/\" title=\"OBTENGA UNA EVALUACI\u00d3N DE CASO GRATUITA\" class=\"btn-global\">OBTENGA UNA EVALUACI\u00d3N DE CASO GRATUITA<\/a>\n                    <picture>\n                            <source srcset=\"https:\/\/plg-pllc.com\/wp-content\/themes\/plg-pllc-redesign\/assets\/app\/img\/cta-thumb.webp\" type=\"image\/webp\"\/>\n                            <img src=\"https:\/\/plg-pllc.com\/wp-content\/themes\/plg-pllc-redesign\/assets\/app\/img\/cta-thumb.png\" alt=\"Grupo de abogados Premier\" title=\"Grupo de abogados Premier\" width=\"245\" height=\"220\" loading=\"auto\" fetchpriority=\"auto\" decoding=\"async\"\/>\n        <\/picture>\n        \n        <\/div><h2 class=\"wp-block-heading\">Lesiones frecuentes que resultan de resbalones y ca\u00eddas\u00a0<\/h2>\r\n\r\n\r\n\r\n<p>Los resbalones y ca\u00eddas ocurren inesperadamente y, por ello, las lesiones pueden ser graves. Las ca\u00eddas causan ocho millones de visitas a urgencias cada a\u00f1o. Los tipos de lesiones resultantes de resbalones y ca\u00eddas incluyen:\u00a0<\/p>\r\n\r\n\r\n\r\n<ul class=\"wp-block-list\">\r\n<li>Lesiones de hombro y rodilla\u00a0<\/li>\r\n<li>Lesiones traum\u00e1ticas de la m\u00e9dula espinal\u00a0<\/li>\r\n<li>Lesiones de espalda<\/li>\r\n<li>Fracturas\u00a0<\/li>\r\n<li>Lesiones de cuello<\/li>\r\n<li>Lesiones cerebrales traum\u00e1ticas\u00a0<\/li>\r\n<li>Lesiones de columna\u00a0<\/li>\r\n<li>Muerte prematura<\/li>\r\n<\/ul>\r\n\r\n\r\n\r\n<p>Las lesiones por resbalones y ca\u00eddas representan el 111% de las muertes laborales en hombres y el 51% en mujeres; pueden ocurrir en cualquier lugar, ya sea en el lugar de trabajo, en propiedades privadas o comerciales. Si ha sufrido lesiones graves en un resbal\u00f3n y ca\u00edda, consulte con un abogado de inmediato para tener la oportunidad de recuperar sus p\u00e9rdidas y exigir responsabilidades a la parte responsable por sus acciones negligentes.\u00a0<\/p>\r\n\r\n\r\n\r\n<h2 class=\"wp-block-heading\">Hable con un abogado con experiencia en casos de resbalones y ca\u00eddas en Bellevue en Premier Law Group\u00a0<\/h2>\r\n\r\n\r\n\r\n<p>Los abogados mejor calificados de Bellevue en <a href=\"https:\/\/plg-pllc.com\/\">Grupo de abogados Premier<\/a> Estamos aqu\u00ed para ayudarlo a obtener la responsabilidad que merece por su lesi\u00f3n por resbal\u00f3n y ca\u00edda. Nos dedicamos a brindar el m\u00e1s alto nivel de servicio a quienes son v\u00edctimas de la negligencia del propietario de una propiedad.\u00a0<\/p>\r\n\r\n\r\n\r\n<p>El equipo legal de Premier Law Group se enorgullece de ofrecer una representaci\u00f3n galardonada con \u00e9nfasis en un servicio compasivo, colaborativo y profesional. Tenemos muchos a\u00f1os de experiencia luchando por los derechos de las v\u00edctimas de resbalones y ca\u00eddas. Llame al (206) 880-7518 para una consulta gratuita hoy o complete nuestro formulario. <a href=\"https:\/\/plg-pllc.com\/contact-us\/\">Formulario de contacto<\/a> para que un abogado experto defienda sus intereses.\u00a0<\/p>\r\n\n        <div class=\"rs-content-cta\">\n            <p>Llamar o enviar mensaje de texto <a href=\"tel:+12062851743\">(206) 285-1743<\/a> o complete un formulario de evaluaci\u00f3n de caso gratuito<\/p>\n            <a href=\"https:\/\/plg-pllc.com\/es\/contact-us\/\" title=\"OBTENGA UNA EVALUACI\u00d3N DE CASO GRATUITA\" class=\"btn-global\">OBTENGA UNA EVALUACI\u00d3N DE CASO GRATUITA<\/a>\n                    <picture>\n                            <source srcset=\"https:\/\/plg-pllc.com\/wp-content\/themes\/plg-pllc-redesign\/assets\/app\/img\/cta-thumb.webp\" type=\"image\/webp\"\/>\n                            <img src=\"https:\/\/plg-pllc.com\/wp-content\/themes\/plg-pllc-redesign\/assets\/app\/img\/cta-thumb.png\" alt=\"Grupo de abogados Premier\" title=\"Grupo de abogados Premier\" width=\"245\" height=\"220\" loading=\"auto\" fetchpriority=\"auto\" decoding=\"async\"\/>\n        <\/picture>\n        \n        <\/div>","protected":false},"excerpt":{"rendered":"<p>\u00a0 Abogados de accidentes por resbalones y ca\u00eddas en Bellevue, WA. Las lesiones por resbalones y ca\u00eddas pueden afectar a cualquier persona, en cualquier lugar. Sin embargo, no siempre ocurren por accidente. Con mayor frecuencia, pueden ser resultado de la negligencia del propietario o administrador de la propiedad en el mantenimiento adecuado. Numerosas regulaciones, directrices y c\u00f3digos de seguridad garantizan los est\u00e1ndares de seguridad de los negocios comerciales y...<\/p>","protected":false},"author":2,"featured_media":19371,"parent":18067,"menu_order":0,"comment_status":"closed","ping_status":"closed","template":"","meta":{"_acf_changed":false,"_genesis_hide_title":false,"_genesis_hide_breadcrumbs":false,"_genesis_hide_singular_image":false,"_genesis_hide_footer_widgets":false,"_genesis_custom_body_class":"","_genesis_custom_post_class":"","_genesis_layout":"","footnotes":""},"hc_faqs":[],"class_list":{"0":"post-19369","1":"page","2":"type-page","3":"status-publish","4":"has-post-thumbnail","6":"hc_city_location-bellevue","7":"entry"},"acf":[],"yoast_head":"<!-- This site is optimized with the Yoast SEO plugin v27.2 - https:\/\/yoast.com\/product\/yoast-seo-wordpress\/ -->\n<title>Slip And Fall Injury Lawyer in Bellevue | Free Case Review<\/title>\n<meta name=\"description\" content=\"Bellevue Slip And Fall Injury Lawyer: Premier Law Group helps you unlock the full compensation you deserve. No Fee Unless We Win.\" \/>\n<meta name=\"robots\" content=\"index, follow, max-snippet:-1, max-image-preview:large, max-video-preview:-1\" \/>\n<link rel=\"canonical\" href=\"https:\/\/plg-pllc.com\/es\/bellevue\/slip-and-fall-lawyer\/\" \/>\n<meta property=\"og:locale\" content=\"es_MX\" \/>\n<meta property=\"og:type\" content=\"article\" \/>\n<meta property=\"og:title\" content=\"Slip And Fall Injury Lawyer in Bellevue | Free Case Review\" \/>\n<meta property=\"og:description\" content=\"Bellevue Slip And Fall Injury Lawyer: Premier Law Group helps you unlock the full compensation you deserve. No Fee Unless We Win.\" \/>\n<meta property=\"og:url\" content=\"https:\/\/plg-pllc.com\/es\/bellevue\/slip-and-fall-lawyer\/\" \/>\n<meta property=\"og:site_name\" content=\"Premier Law Group\" \/>\n<meta property=\"article:publisher\" content=\"https:\/\/www.facebook.com\/premierlawgroup\" \/>\n<meta property=\"article:modified_time\" content=\"2025-06-27T14:51:48+00:00\" \/>\n<meta property=\"og:image\" content=\"https:\/\/plg-pllc.com\/wp-content\/uploads\/2022\/04\/Bellevue-Premises-LiabilitySlip-and-Fall.jpg\" \/>\n\t<meta property=\"og:image:width\" content=\"1920\" \/>\n\t<meta property=\"og:image:height\" content=\"600\" \/>\n\t<meta property=\"og:image:type\" content=\"image\/jpeg\" \/>\n<meta name=\"twitter:card\" content=\"summary_large_image\" \/>\n<meta name=\"twitter:site\" content=\"@premierlawgroup\" \/>\n<meta name=\"twitter:label1\" content=\"Tiempo de lectura\" \/>\n\t<meta name=\"twitter:data1\" content=\"4 minutos\" \/>\n<script type=\"application\/ld+json\" class=\"yoast-schema-graph\">{\"@context\":\"https:\/\/schema.org\",\"@graph\":[{\"@type\":\"WebPage\",\"@id\":\"https:\/\/plg-pllc.com\/bellevue\/slip-and-fall-lawyer\/\",\"url\":\"https:\/\/plg-pllc.com\/bellevue\/slip-and-fall-lawyer\/\",\"name\":\"Slip And Fall Injury Lawyer in Bellevue | Free Case Review\",\"isPartOf\":{\"@id\":\"https:\/\/plg-pllc.com\/#website\"},\"primaryImageOfPage\":{\"@id\":\"https:\/\/plg-pllc.com\/bellevue\/slip-and-fall-lawyer\/#primaryimage\"},\"image\":{\"@id\":\"https:\/\/plg-pllc.com\/bellevue\/slip-and-fall-lawyer\/#primaryimage\"},\"thumbnailUrl\":\"https:\/\/plg-pllc.com\/wp-content\/uploads\/2022\/04\/Bellevue-Premises-LiabilitySlip-and-Fall.jpg\",\"datePublished\":\"2022-04-19T18:34:58+00:00\",\"dateModified\":\"2025-06-27T14:51:48+00:00\",\"description\":\"Bellevue Slip And Fall Injury Lawyer: Premier Law Group helps you unlock the full compensation you deserve. No Fee Unless We Win.\",\"breadcrumb\":{\"@id\":\"https:\/\/plg-pllc.com\/bellevue\/slip-and-fall-lawyer\/#breadcrumb\"},\"inLanguage\":\"es\",\"potentialAction\":[{\"@type\":\"ReadAction\",\"target\":[\"https:\/\/plg-pllc.com\/bellevue\/slip-and-fall-lawyer\/\"]}]},{\"@type\":\"ImageObject\",\"inLanguage\":\"es\",\"@id\":\"https:\/\/plg-pllc.com\/bellevue\/slip-and-fall-lawyer\/#primaryimage\",\"url\":\"https:\/\/plg-pllc.com\/wp-content\/uploads\/2022\/04\/Bellevue-Premises-LiabilitySlip-and-Fall.jpg\",\"contentUrl\":\"https:\/\/plg-pllc.com\/wp-content\/uploads\/2022\/04\/Bellevue-Premises-LiabilitySlip-and-Fall.jpg\",\"width\":1920,\"height\":600,\"caption\":\"Bellevue Premises Liability\/Slip and Fall\"},{\"@type\":\"BreadcrumbList\",\"@id\":\"https:\/\/plg-pllc.com\/bellevue\/slip-and-fall-lawyer\/#breadcrumb\",\"itemListElement\":[{\"@type\":\"ListItem\",\"position\":1,\"name\":\"Home\",\"item\":\"https:\/\/plg-pllc.com\/es\/\"},{\"@type\":\"ListItem\",\"position\":2,\"name\":\"Bellevue Personal Injury Lawyer\",\"item\":\"https:\/\/plg-pllc.com\/es\/\"},{\"@type\":\"ListItem\",\"position\":3,\"name\":\"Bellevue Slip And Fall Injury Lawyer\"}]},{\"@type\":\"WebSite\",\"@id\":\"https:\/\/plg-pllc.com\/#website\",\"url\":\"https:\/\/plg-pllc.com\/\",\"name\":\"Premier Law Group\",\"description\":\"Washington Wrongful Death and Serious Injury Lawyer\",\"publisher\":{\"@id\":\"https:\/\/plg-pllc.com\/#organization\"},\"inLanguage\":\"es\"},{\"@type\":\"Organization\",\"@id\":\"https:\/\/plg-pllc.com\/#organization\",\"name\":\"Premier Law Group\",\"url\":\"https:\/\/plg-pllc.com\/\",\"logo\":{\"@type\":\"ImageObject\",\"inLanguage\":\"es\",\"@id\":\"https:\/\/plg-pllc.com\/#\/schema\/logo\/image\/\",\"url\":\"https:\/\/plg-pllc.com\/wp-content\/uploads\/2020\/10\/plg-logo-v2.gif\",\"contentUrl\":\"https:\/\/plg-pllc.com\/wp-content\/uploads\/2020\/10\/plg-logo-v2.gif\",\"width\":592,\"height\":191,\"caption\":\"Premier Law Group\"},\"image\":{\"@id\":\"https:\/\/plg-pllc.com\/#\/schema\/logo\/image\/\"},\"sameAs\":[\"https:\/\/www.facebook.com\/premierlawgroup\",\"https:\/\/x.com\/premierlawgroup\"]}]}<\/script>\n<!-- \/ Yoast SEO plugin. -->","yoast_head_json":{"title":"Abogado de lesiones por resbalones y ca\u00eddas en Bellevue | Revisi\u00f3n gratuita de casos","description":"Abogado de lesiones por resbalones y ca\u00eddas en Bellevue: Premier Law Group lo ayuda a obtener la compensaci\u00f3n total que se merece. Sin honorarios a menos que ganemos.","robots":{"index":"index","follow":"follow","max-snippet":"max-snippet:-1","max-image-preview":"max-image-preview:large","max-video-preview":"max-video-preview:-1"},"canonical":"https:\/\/plg-pllc.com\/es\/bellevue\/slip-and-fall-lawyer\/","og_locale":"es_MX","og_type":"article","og_title":"Slip And Fall Injury Lawyer in Bellevue | Free Case Review","og_description":"Bellevue Slip And Fall Injury Lawyer: Premier Law Group helps you unlock the full compensation you deserve. No Fee Unless We Win.","og_url":"https:\/\/plg-pllc.com\/es\/bellevue\/slip-and-fall-lawyer\/","og_site_name":"Premier Law Group","article_publisher":"https:\/\/www.facebook.com\/premierlawgroup","article_modified_time":"2025-06-27T14:51:48+00:00","og_image":[{"width":1920,"height":600,"url":"https:\/\/plg-pllc.com\/wp-content\/uploads\/2022\/04\/Bellevue-Premises-LiabilitySlip-and-Fall.jpg","type":"image\/jpeg"}],"twitter_card":"summary_large_image","twitter_site":"@premierlawgroup","twitter_misc":{"Tiempo de lectura":"4 minutos"},"schema":{"@context":"https:\/\/schema.org","@graph":[{"@type":"WebPage","@id":"https:\/\/plg-pllc.com\/bellevue\/slip-and-fall-lawyer\/","url":"https:\/\/plg-pllc.com\/bellevue\/slip-and-fall-lawyer\/","name":"Abogado de lesiones por resbalones y ca\u00eddas en Bellevue | Revisi\u00f3n gratuita de casos","isPartOf":{"@id":"https:\/\/plg-pllc.com\/#website"},"primaryImageOfPage":{"@id":"https:\/\/plg-pllc.com\/bellevue\/slip-and-fall-lawyer\/#primaryimage"},"image":{"@id":"https:\/\/plg-pllc.com\/bellevue\/slip-and-fall-lawyer\/#primaryimage"},"thumbnailUrl":"https:\/\/plg-pllc.com\/wp-content\/uploads\/2022\/04\/Bellevue-Premises-LiabilitySlip-and-Fall.jpg","datePublished":"2022-04-19T18:34:58+00:00","dateModified":"2025-06-27T14:51:48+00:00","description":"Abogado de lesiones por resbalones y ca\u00eddas en Bellevue: Premier Law Group lo ayuda a obtener la compensaci\u00f3n total que se merece. Sin honorarios a menos que ganemos.","breadcrumb":{"@id":"https:\/\/plg-pllc.com\/bellevue\/slip-and-fall-lawyer\/#breadcrumb"},"inLanguage":"es","potentialAction":[{"@type":"ReadAction","target":["https:\/\/plg-pllc.com\/bellevue\/slip-and-fall-lawyer\/"]}]},{"@type":"ImageObject","inLanguage":"es","@id":"https:\/\/plg-pllc.com\/bellevue\/slip-and-fall-lawyer\/#primaryimage","url":"https:\/\/plg-pllc.com\/wp-content\/uploads\/2022\/04\/Bellevue-Premises-LiabilitySlip-and-Fall.jpg","contentUrl":"https:\/\/plg-pllc.com\/wp-content\/uploads\/2022\/04\/Bellevue-Premises-LiabilitySlip-and-Fall.jpg","width":1920,"height":600,"caption":"Bellevue Premises Liability\/Slip and Fall"},{"@type":"BreadcrumbList","@id":"https:\/\/plg-pllc.com\/bellevue\/slip-and-fall-lawyer\/#breadcrumb","itemListElement":[{"@type":"ListItem","position":1,"name":"Home","item":"https:\/\/plg-pllc.com\/es\/"},{"@type":"ListItem","position":2,"name":"Bellevue Personal Injury Lawyer","item":"https:\/\/plg-pllc.com\/es\/"},{"@type":"ListItem","position":3,"name":"Bellevue Slip And Fall Injury Lawyer"}]},{"@type":"WebSite","@id":"https:\/\/plg-pllc.com\/#website","url":"https:\/\/plg-pllc.com\/","name":"Grupo de abogados Premier","description":"Abogado de muerte por negligencia y lesiones graves en Washington","publisher":{"@id":"https:\/\/plg-pllc.com\/#organization"},"inLanguage":"es"},{"@type":"Organization","@id":"https:\/\/plg-pllc.com\/#organization","name":"Grupo de abogados Premier","url":"https:\/\/plg-pllc.com\/","logo":{"@type":"ImageObject","inLanguage":"es","@id":"https:\/\/plg-pllc.com\/#\/schema\/logo\/image\/","url":"https:\/\/plg-pllc.com\/wp-content\/uploads\/2020\/10\/plg-logo-v2.gif","contentUrl":"https:\/\/plg-pllc.com\/wp-content\/uploads\/2020\/10\/plg-logo-v2.gif","width":592,"height":191,"caption":"Premier Law Group"},"image":{"@id":"https:\/\/plg-pllc.com\/#\/schema\/logo\/image\/"},"sameAs":["https:\/\/www.facebook.com\/premierlawgroup","https:\/\/x.com\/premierlawgroup"]}]}},"_links":{"self":[{"href":"https:\/\/plg-pllc.com\/es\/wp-json\/wp\/v2\/pages\/19369","targetHints":{"allow":["GET"]}}],"collection":[{"href":"https:\/\/plg-pllc.com\/es\/wp-json\/wp\/v2\/pages"}],"about":[{"href":"https:\/\/plg-pllc.com\/es\/wp-json\/wp\/v2\/types\/page"}],"author":[{"embeddable":true,"href":"https:\/\/plg-pllc.com\/es\/wp-json\/wp\/v2\/users\/2"}],"replies":[{"embeddable":true,"href":"https:\/\/plg-pllc.com\/es\/wp-json\/wp\/v2\/comments?post=19369"}],"version-history":[{"count":0,"href":"https:\/\/plg-pllc.com\/es\/wp-json\/wp\/v2\/pages\/19369\/revisions"}],"up":[{"embeddable":true,"href":"https:\/\/plg-pllc.com\/es\/wp-json\/wp\/v2\/pages\/18067"}],"wp:featuredmedia":[{"embeddable":true,"href":"https:\/\/plg-pllc.com\/es\/wp-json\/wp\/v2\/media\/19371"}],"wp:attachment":[{"href":"https:\/\/plg-pllc.com\/es\/wp-json\/wp\/v2\/media?parent=19369"}],"wp:term":[{"taxonomy":"hc_faqs","embeddable":true,"href":"https:\/\/plg-pllc.com\/es\/wp-json\/wp\/v2\/hc_faqs?post=19369"}],"curies":[{"name":"gracias","href":"https:\/\/api.w.org\/{rel}","templated":true}]}}