{"id":19426,"date":"2022-05-25T10:26:57","date_gmt":"2022-05-25T17:26:57","guid":{"rendered":"https:\/\/plg-pllc.com\/?page_id=19426"},"modified":"2025-11-14T09:05:22","modified_gmt":"2025-11-14T17:05:22","slug":"paralysis","status":"publish","type":"page","link":"https:\/\/plg-pllc.com\/es\/bellevue\/catastrophic-injury-lawyer\/paralysis\/","title":{"rendered":"Abogado de par\u00e1lisis en Bellevue"},"content":{"rendered":"<h2><strong>Abogado de lesiones por par\u00e1lisis en Bellevue<\/strong><\/h2>\n<p><span style=\"font-weight: 400;\">Sufrir un accidente traum\u00e1tico que provoque par\u00e1lisis es devastador. Puede cambiar tu vida por completo en un instante. La par\u00e1lisis limita tu independencia, tus oportunidades laborales y, potencialmente, tu capacidad de participar en actividades que antes te brindaban alegr\u00eda.\u00a0<\/span><\/p>\n<p><span style=\"font-weight: 400;\">La par\u00e1lisis permanente se define como una p\u00e9rdida completa de la funci\u00f3n nerviosa y muscular en las extremidades y otras partes del cuerpo. Por lo general, es el resultado de una lesi\u00f3n repentina en la m\u00e9dula espinal. Si ha sufrido lesiones por negligencia debido a un golpe catastr\u00f3fico en la m\u00e9dula espinal, hable con un abogado especializado en lesiones por par\u00e1lisis de Bellevue de primer nivel en Premier Law Group para que eval\u00fae su caso. Tenemos un gran historial de \u00e9xito en la obtenci\u00f3n de justicia para las v\u00edctimas afectadas por una lesi\u00f3n devastadora.\u00a0<\/span><\/p>\n<h2><strong>Lesiones de la m\u00e9dula espinal que causan par\u00e1lisis en Bellevue\u00a0<\/strong><\/h2>\n<p><span style=\"font-weight: 400;\">Las lesiones en la m\u00e9dula espinal pueden afectar distintas regiones del cuerpo y pueden variar de leves a graves seg\u00fan el alcance de la lesi\u00f3n. Por lo general, las lesiones en los nervios de la columna vertebral provocan s\u00edntomas como p\u00e9rdida de sensibilidad y par\u00e1lisis. Para identificar d\u00f3nde est\u00e1 da\u00f1ada la m\u00e9dula espinal, los profesionales m\u00e9dicos describen la ubicaci\u00f3n mediante letras y n\u00fameros relacionados con las v\u00e9rtebras afectadas. A continuaci\u00f3n, se indican las lesiones en la m\u00e9dula espinal asociadas con par\u00e1lisis y otros s\u00edntomas:\u00a0<\/span><\/p>\n<h3><strong>Lesi\u00f3n en la columna cervical: C1-C8\u00a0<\/strong><\/h3>\n<p><span style=\"font-weight: 400;\">Los da\u00f1os en la columna cervical, que afectan las v\u00e9rtebras C1 a C8, protegen la parte superior de la m\u00e9dula espinal. Cuando estas v\u00e9rtebras sufren una lesi\u00f3n, las v\u00edctimas pueden experimentar s\u00edntomas como debilidad extrema o par\u00e1lisis en las extremidades. Los da\u00f1os en esta regi\u00f3n de la columna suelen ser m\u00e1s catastr\u00f3ficos debido a la proximidad al tronco encef\u00e1lico. Los s\u00edntomas pueden incluir:\u00a0<\/span><\/p>\n<ul>\n<li style=\"font-weight: 400;\" aria-level=\"1\"><span style=\"font-weight: 400;\">Incapacidad para respirar sin equipo<\/span><\/li>\n<li style=\"font-weight: 400;\" aria-level=\"1\"><span style=\"font-weight: 400;\">P\u00e9rdida de sensibilidad<\/span><\/li>\n<li style=\"font-weight: 400;\" aria-level=\"1\"><span style=\"font-weight: 400;\">Falta de control de los intestinos o la vejiga<\/span><\/li>\n<li style=\"font-weight: 400;\" aria-level=\"1\"><span style=\"font-weight: 400;\">Requiere un aparato ortop\u00e9dico o estabilizaci\u00f3n permanente<\/span><\/li>\n<\/ul>\n<p><span style=\"font-weight: 400;\">Cuanto m\u00e1s alta sea la lesi\u00f3n en la m\u00e9dula espinal, m\u00e1s grave puede ser la par\u00e1lisis. Si el da\u00f1o est\u00e1 en el cuello, puede causar cuadriplejia, par\u00e1lisis de las cuatro extremidades y, a menudo, requiere el uso de un respirador. Las lesiones catastr\u00f3ficas pueden afectar a las v\u00edctimas y afectar su bienestar emocional y financiero. Hable con un abogado con experiencia en lesiones por par\u00e1lisis para que eval\u00fae su caso. Trabajamos para negociar ferozmente en su nombre con el fin de recuperar las p\u00e9rdidas que ha sufrido.\u00a0<\/span><\/p>\n<h3><strong>Lesi\u00f3n de la columna tor\u00e1cica: T1-T12\u00a0<\/strong><\/h3>\n<p><span style=\"font-weight: 400;\">Los da\u00f1os en la columna media o tor\u00e1cica pueden provocar par\u00e1lisis parcial o total de las extremidades inferiores. Las v\u00edctimas afectadas por una lesi\u00f3n catastr\u00f3fica en la columna inferior suelen experimentar los siguientes s\u00edntomas:\u00a0<\/span><\/p>\n<ul>\n<li style=\"font-weight: 400;\" aria-level=\"1\"><span style=\"font-weight: 400;\">P\u00e9rdida de sensibilidad<\/span><\/li>\n<li style=\"font-weight: 400;\" aria-level=\"1\"><span style=\"font-weight: 400;\">Falta de control de los intestinos o la vejiga<\/span><\/li>\n<li style=\"font-weight: 400;\" aria-level=\"1\"><span style=\"font-weight: 400;\">Hormigueo en las extremidades\u00a0<\/span><\/li>\n<\/ul>\n<p><span style=\"font-weight: 400;\">Las v\u00edctimas que sufren da\u00f1os en las v\u00e9rtebras T1 a T12 pueden conservar el uso de sus brazos, pero a menudo estar\u00e1n restringidas a una silla de ruedas.\u00a0<\/span><\/p>\n<h3><strong>Lesi\u00f3n en la columna lumbar: L1-L5\u00a0<\/strong><\/h3>\n<p><span style=\"font-weight: 400;\">Las lesiones en la columna lumbar, ubicada en la parte inferior de la espalda, pueden provocar la p\u00e9rdida de la funci\u00f3n motora en las extremidades inferiores. Este tipo de lesiones normalmente no afectan el uso de los brazos. Las lesiones de L1 a L5 var\u00edan en gravedad seg\u00fan la ubicaci\u00f3n y el impacto del golpe. Los s\u00edntomas pueden incluir:\u00a0<\/span><\/p>\n<ul>\n<li style=\"font-weight: 400;\" aria-level=\"1\"><span style=\"font-weight: 400;\">Falta de control en los gl\u00fateos, \u00f3rganos genitales y abdomen.<\/span><\/li>\n<li style=\"font-weight: 400;\" aria-level=\"1\"><span style=\"font-weight: 400;\">Puede requerir cirug\u00eda\u00a0<\/span><\/li>\n<\/ul>\n<p><span style=\"font-weight: 400;\">Si ha sufrido una lesi\u00f3n en la columna lumbar debido a una negligencia, hable con un abogado con experiencia en lesiones por par\u00e1lisis en Bellevue para que eval\u00fae su caso. Un abogado con experiencia en casos de par\u00e1lisis puede ayudarlo a elaborar un caso integral para obtener la compensaci\u00f3n que se merece.\u00a0<\/span><\/p>\n<h3><strong>Lesi\u00f3n de la columna sacra: S1-S5\u00a0<\/strong><\/h3>\n<p><span style=\"font-weight: 400;\">Las lesiones de la columna sacra, localizadas en la regi\u00f3n superior de los gl\u00fateos, pueden afectar las siguientes funciones corporales:\u00a0<\/span><\/p>\n<ul>\n<li style=\"font-weight: 400;\" aria-level=\"1\"><span style=\"font-weight: 400;\">Falta de control de los intestinos y la vejiga\u00a0<\/span><\/li>\n<li style=\"font-weight: 400;\" aria-level=\"1\"><span style=\"font-weight: 400;\">Movimiento de caderas y piernas.\u00a0<\/span><\/li>\n<li style=\"font-weight: 400;\" aria-level=\"1\"><span style=\"font-weight: 400;\">Control y fuerza de los muslos\u00a0<\/span><\/li>\n<li style=\"font-weight: 400;\" aria-level=\"1\"><span style=\"font-weight: 400;\">Sensaci\u00f3n y movimiento en las pantorrillas, los pies y los \u00f3rganos genitales.<\/span><\/li>\n<\/ul>\n<p><span style=\"font-weight: 400;\">Aunque se trata de una zona baja de la columna, las lesiones en S1-S5 pueden alterar la vida de la v\u00edctima.\u00a0<\/span><\/p>\n<h2><strong>Causas frecuentes de par\u00e1lisis en Bellevue\u00a0<\/strong><\/h2>\n<p><span style=\"font-weight: 400;\">Adem\u00e1s de las lesiones en la m\u00e9dula espinal, existen otras causas frecuentes de par\u00e1lisis. Despu\u00e9s de un accidente causado por negligencia, las v\u00edctimas tienen derecho a reclamar justicia por sus devastadoras lesiones. Otras causas de par\u00e1lisis en Bellevue incluyen:\u00a0<\/span><\/p>\n<ul>\n<li style=\"font-weight: 400;\" aria-level=\"1\"><span style=\"font-weight: 400;\">Lesiones cerebrales traum\u00e1ticas<\/span><\/li>\n<li style=\"font-weight: 400;\" aria-level=\"1\"><span style=\"font-weight: 400;\">Accidentes de tr\u00e1fico<\/span><\/li>\n<li style=\"font-weight: 400;\" aria-level=\"1\"><span style=\"font-weight: 400;\">Trazos<\/span><\/li>\n<li style=\"font-weight: 400;\" aria-level=\"1\"><span style=\"font-weight: 400;\">Lesiones nerviosas<\/span><\/li>\n<li style=\"font-weight: 400;\" aria-level=\"1\"><span style=\"font-weight: 400;\">Par\u00e1lisis cerebral<\/span><\/li>\n<li style=\"font-weight: 400;\" aria-level=\"1\"><span style=\"font-weight: 400;\">Esclerosis m\u00faltiple<\/span><\/li>\n<li style=\"font-weight: 400;\" aria-level=\"1\"><span style=\"font-weight: 400;\">Resbalones y ca\u00eddas<\/span><\/li>\n<li style=\"font-weight: 400;\" aria-level=\"1\"><span style=\"font-weight: 400;\">Accidentes de buceo<\/span><\/li>\n<li style=\"font-weight: 400;\" aria-level=\"1\"><span style=\"font-weight: 400;\">Accidentes deportivos<\/span><\/li>\n<li style=\"font-weight: 400;\" aria-level=\"1\"><span style=\"font-weight: 400;\">Delitos violentos\u00a0<\/span><\/li>\n<\/ul>\n<p><span style=\"font-weight: 400;\">Sin importar el accidente que haya enfrentado, los abogados de lesiones por par\u00e1lisis de Bellevue Premier Law Group tienen experiencia en el manejo de las complejidades de su caso para recuperar una compensaci\u00f3n en su nombre.\u00a0<\/span><\/p>\n\n        <div class=\"rs-content-cta long\">\n            <p>Para una consulta legal GRATUITA con un abogado especializado en par\u00e1lisis que atiende en Bellevue, llame al <a href=\"tel:+12062851743\">(206) 285-1743 <\/a><\/p>\n            <a href=\"https:\/\/plg-pllc.com\/es\/contact-us\/\" title=\"OBTENGA UNA EVALUACI\u00d3N DE CASO GRATUITA\" class=\"btn-global\">OBTENGA UNA EVALUACI\u00d3N DE CASO GRATUITA<\/a>\n                    <picture>\n                            <source srcset=\"https:\/\/plg-pllc.com\/wp-content\/themes\/plg-pllc-redesign\/assets\/app\/img\/cta-thumb.webp\" type=\"image\/webp\"\/>\n                            <img src=\"https:\/\/plg-pllc.com\/wp-content\/themes\/plg-pllc-redesign\/assets\/app\/img\/cta-thumb.png\" alt=\"Grupo de abogados Premier\" title=\"Grupo de abogados Premier\" width=\"245\" height=\"220\" loading=\"auto\" fetchpriority=\"auto\" decoding=\"async\"\/>\n        <\/picture>\n        \n        <\/div><h2><strong>Determinaci\u00f3n de la responsabilidad por una lesi\u00f3n por par\u00e1lisis en Bellevue\u00a0<\/strong><\/h2>\n<p><span style=\"font-weight: 400;\">Las lesiones por par\u00e1lisis pueden tener graves costos f\u00edsicos, emocionales y financieros para la v\u00edctima. Quienes han sufrido una lesi\u00f3n catastr\u00f3fica por par\u00e1lisis debido a una negligencia merecen ser compensados por las graves p\u00e9rdidas que han experimentado. En ocasiones, varias partes pueden ser culpables de su lesi\u00f3n por par\u00e1lisis. Hable con un abogado experto en lesiones por par\u00e1lisis de Bellevue para que realice una investigaci\u00f3n exhaustiva de su reclamo y determine qui\u00e9n es responsable de las devastadoras lesiones que ha sufrido. Es posible que pueda recuperar da\u00f1os monetarios por lo siguiente:\u00a0<\/span><\/p>\n<ul>\n<li style=\"font-weight: 400;\" aria-level=\"1\"><span style=\"font-weight: 400;\">Tratamiento m\u00e9dico presente, pasado y futuro y posible rehabilitaci\u00f3n.\u00a0<\/span><\/li>\n<li style=\"font-weight: 400;\" aria-level=\"1\"><span style=\"font-weight: 400;\">P\u00e9rdida de salarios o ingresos presentes, pasados y futuros\u00a0<\/span><\/li>\n<li style=\"font-weight: 400;\" aria-level=\"1\"><span style=\"font-weight: 400;\">Ayuda para adaptar su hogar a su discapacidad f\u00edsica.\u00a0<\/span><\/li>\n<li style=\"font-weight: 400;\" aria-level=\"1\"><span style=\"font-weight: 400;\">Ayuda para brindarle atenci\u00f3n en su hogar\u00a0<\/span><\/li>\n<li style=\"font-weight: 400;\" aria-level=\"1\"><span style=\"font-weight: 400;\">Dolor y sufrimiento\u00a0<\/span><\/li>\n<li style=\"font-weight: 400;\" aria-level=\"1\"><span style=\"font-weight: 400;\">P\u00e9rdida del disfrute de la vida\u00a0<\/span><\/li>\n<\/ul>\n<p><span style=\"font-weight: 400;\">Una demanda exitosa por lesi\u00f3n por par\u00e1lisis en Bellevue puede ayudar a recuperar la compensaci\u00f3n por las obligaciones financieras necesarias que gener\u00f3 su lesi\u00f3n catastr\u00f3fica. Trabaje con un abogado con experiencia en lesiones por par\u00e1lisis para obtener una defensa firme y la oportunidad de obtener justicia por la lesi\u00f3n que sufri\u00f3 debido a la negligencia de otra persona.\u00a0<\/span><\/p>\n<h2><strong>Hable con un abogado con experiencia en lesiones por par\u00e1lisis en Bellevue en Premier Law Group\u00a0<\/strong><\/h2>\n<p><span style=\"font-weight: 400;\">Sufrir una lesi\u00f3n catastr\u00f3fica en Bellevue, como una lesi\u00f3n por par\u00e1lisis, puede tener consecuencias negativas graves que alteren la vida de la v\u00edctima. Puede implicar un gran desgaste f\u00edsico, emocional y financiero. Entendemos cu\u00e1nto ha perdido debido a la negligencia de otra persona. <\/span><a href=\"https:\/\/plg-pllc.com\/\"><span style=\"font-weight: 400;\">Grupo de abogados Premier<\/span><\/a><span style=\"font-weight: 400;\"> est\u00e1 decidido a luchar en su nombre para obtener la compensaci\u00f3n que se merece por sus p\u00e9rdidas sustanciales. Para obtener la justicia que se merece, hable hoy mismo con un abogado con experiencia en lesiones por par\u00e1lisis en Bellevue para que eval\u00fae su caso.\u00a0<\/span><\/p>\n<p><span style=\"font-weight: 400;\">Premier Law Group es un bufete de abogados compasivo y orientado al cliente, dedicado a ayudar a los clientes a recuperar la m\u00e1xima compensaci\u00f3n. Somos defensores expertos y estamos comprometidos a obtener la justicia que usted merece. Para programar una evaluaci\u00f3n gratuita de su caso, complete nuestro formulario <\/span><a href=\"https:\/\/plg-pllc.com\/contact-us\/\"><span style=\"font-weight: 400;\">Formulario de contacto<\/span><\/a><span style=\"font-weight: 400;\"> o llamar <a href=\"tel: (206) 880-7518\">(206) 880-7518<\/a>.<\/span><\/p>\n\n        <div class=\"rs-content-cta\">\n            <p>Llamar o enviar mensaje de texto <a href=\"tel:+12062851743\">(206) 285-1743<\/a> o complete un formulario de evaluaci\u00f3n de caso gratuito<\/p>\n            <a href=\"https:\/\/plg-pllc.com\/es\/contact-us\/\" title=\"OBTENGA UNA EVALUACI\u00d3N DE CASO GRATUITA\" class=\"btn-global\">OBTENGA UNA EVALUACI\u00d3N DE CASO GRATUITA<\/a>\n                    <picture>\n                            <source srcset=\"https:\/\/plg-pllc.com\/wp-content\/themes\/plg-pllc-redesign\/assets\/app\/img\/cta-thumb.webp\" type=\"image\/webp\"\/>\n                            <img src=\"https:\/\/plg-pllc.com\/wp-content\/themes\/plg-pllc-redesign\/assets\/app\/img\/cta-thumb.png\" alt=\"Grupo de abogados Premier\" title=\"Grupo de abogados Premier\" width=\"245\" height=\"220\" loading=\"auto\" fetchpriority=\"auto\" decoding=\"async\"\/>\n        <\/picture>\n        \n        <\/div>","protected":false},"excerpt":{"rendered":"<p>Abogado de lesiones por par\u00e1lisis en Bellevue Sufrir un accidente traum\u00e1tico que resulte en par\u00e1lisis es devastador. Puede poner su vida patas arriba en un solo momento. La par\u00e1lisis limita su independencia, sus oportunidades de empleo y, potencialmente, su capacidad de participar en actividades que sol\u00edan brindarle alegr\u00eda. La par\u00e1lisis permanente se define como una p\u00e9rdida total de\u2026<\/p>","protected":false},"author":2,"featured_media":19427,"parent":17909,"menu_order":0,"comment_status":"closed","ping_status":"closed","template":"","meta":{"_acf_changed":false,"_genesis_hide_title":false,"_genesis_hide_breadcrumbs":false,"_genesis_hide_singular_image":false,"_genesis_hide_footer_widgets":false,"_genesis_custom_body_class":"","_genesis_custom_post_class":"","_genesis_layout":"","footnotes":""},"hc_faqs":[],"class_list":{"0":"post-19426","1":"page","2":"type-page","3":"status-publish","4":"has-post-thumbnail","6":"hc_city_location-bellevue","7":"entry"},"acf":[],"yoast_head":"<!-- This site is optimized with the Yoast SEO plugin v27.4 - https:\/\/yoast.com\/product\/yoast-seo-wordpress\/ -->\n<title>Paralysis Lawyer in Bellevue | Free Case Review<\/title>\n<meta name=\"description\" content=\"Bellevue Paralysis Lawyer: Premier Law Group helps you unlock the full compensation you deserve. No Fee Unless We Win.\" \/>\n<meta name=\"robots\" content=\"index, follow, max-snippet:-1, max-image-preview:large, max-video-preview:-1\" \/>\n<link rel=\"canonical\" href=\"https:\/\/plg-pllc.com\/es\/bellevue\/catastrophic-injury-lawyer\/paralysis\/\" \/>\n<meta property=\"og:locale\" content=\"es_MX\" \/>\n<meta property=\"og:type\" content=\"article\" \/>\n<meta property=\"og:title\" content=\"Paralysis Lawyer in Bellevue | Free Case Review\" \/>\n<meta property=\"og:description\" content=\"Bellevue Paralysis Lawyer: Premier Law Group helps you unlock the full compensation you deserve. No Fee Unless We Win.\" \/>\n<meta property=\"og:url\" content=\"https:\/\/plg-pllc.com\/es\/bellevue\/catastrophic-injury-lawyer\/paralysis\/\" \/>\n<meta property=\"og:site_name\" content=\"Premier Law Group\" \/>\n<meta property=\"article:publisher\" content=\"https:\/\/www.facebook.com\/premierlawgroup\" \/>\n<meta property=\"article:modified_time\" content=\"2025-11-14T17:05:22+00:00\" \/>\n<meta property=\"og:image\" content=\"https:\/\/plg-pllc.com\/wp-content\/uploads\/2022\/05\/bellevue-bicycle-accident.jpg\" \/>\n\t<meta property=\"og:image:width\" content=\"1920\" \/>\n\t<meta property=\"og:image:height\" content=\"600\" \/>\n\t<meta property=\"og:image:type\" content=\"image\/jpeg\" \/>\n<meta name=\"twitter:card\" content=\"summary_large_image\" \/>\n<meta name=\"twitter:site\" content=\"@premierlawgroup\" \/>\n<meta name=\"twitter:label1\" content=\"Tiempo de lectura\" \/>\n\t<meta name=\"twitter:data1\" content=\"5 minutos\" \/>\n<script type=\"application\/ld+json\" class=\"yoast-schema-graph\">{\"@context\":\"https:\\\/\\\/schema.org\",\"@graph\":[{\"@type\":\"WebPage\",\"@id\":\"https:\\\/\\\/plg-pllc.com\\\/bellevue\\\/catastrophic-injury-lawyer\\\/paralysis\\\/\",\"url\":\"https:\\\/\\\/plg-pllc.com\\\/bellevue\\\/catastrophic-injury-lawyer\\\/paralysis\\\/\",\"name\":\"Paralysis Lawyer in Bellevue | Free Case Review\",\"isPartOf\":{\"@id\":\"https:\\\/\\\/plg-pllc.com\\\/#website\"},\"primaryImageOfPage\":{\"@id\":\"https:\\\/\\\/plg-pllc.com\\\/bellevue\\\/catastrophic-injury-lawyer\\\/paralysis\\\/#primaryimage\"},\"image\":{\"@id\":\"https:\\\/\\\/plg-pllc.com\\\/bellevue\\\/catastrophic-injury-lawyer\\\/paralysis\\\/#primaryimage\"},\"thumbnailUrl\":\"https:\\\/\\\/plg-pllc.com\\\/wp-content\\\/uploads\\\/2022\\\/05\\\/bellevue-bicycle-accident.jpg\",\"datePublished\":\"2022-05-25T17:26:57+00:00\",\"dateModified\":\"2025-11-14T17:05:22+00:00\",\"description\":\"Bellevue Paralysis Lawyer: Premier Law Group helps you unlock the full compensation you deserve. No Fee Unless We Win.\",\"breadcrumb\":{\"@id\":\"https:\\\/\\\/plg-pllc.com\\\/bellevue\\\/catastrophic-injury-lawyer\\\/paralysis\\\/#breadcrumb\"},\"inLanguage\":\"es\",\"potentialAction\":[{\"@type\":\"ReadAction\",\"target\":[\"https:\\\/\\\/plg-pllc.com\\\/bellevue\\\/catastrophic-injury-lawyer\\\/paralysis\\\/\"]}]},{\"@type\":\"ImageObject\",\"inLanguage\":\"es\",\"@id\":\"https:\\\/\\\/plg-pllc.com\\\/bellevue\\\/catastrophic-injury-lawyer\\\/paralysis\\\/#primaryimage\",\"url\":\"https:\\\/\\\/plg-pllc.com\\\/wp-content\\\/uploads\\\/2022\\\/05\\\/bellevue-bicycle-accident.jpg\",\"contentUrl\":\"https:\\\/\\\/plg-pllc.com\\\/wp-content\\\/uploads\\\/2022\\\/05\\\/bellevue-bicycle-accident.jpg\",\"width\":1920,\"height\":600,\"caption\":\"experienced Seattle Bellevue Renton and Federal Way bicycle accident lawyers\"},{\"@type\":\"BreadcrumbList\",\"@id\":\"https:\\\/\\\/plg-pllc.com\\\/bellevue\\\/catastrophic-injury-lawyer\\\/paralysis\\\/#breadcrumb\",\"itemListElement\":[{\"@type\":\"ListItem\",\"position\":1,\"name\":\"Home\",\"item\":\"https:\\\/\\\/plg-pllc.com\\\/es\\\/\"},{\"@type\":\"ListItem\",\"position\":2,\"name\":\"Bellevue Personal Injury Lawyer\",\"item\":\"https:\\\/\\\/plg-pllc.com\\\/es\\\/\"},{\"@type\":\"ListItem\",\"position\":3,\"name\":\"Bellevue Catastrophic Injury Lawyer\",\"item\":\"https:\\\/\\\/plg-pllc.com\\\/es\\\/bellevue\\\/catastrophic-injury-lawyer\\\/\"},{\"@type\":\"ListItem\",\"position\":4,\"name\":\"Paralysis\"}]},{\"@type\":\"WebSite\",\"@id\":\"https:\\\/\\\/plg-pllc.com\\\/#website\",\"url\":\"https:\\\/\\\/plg-pllc.com\\\/\",\"name\":\"Premier Law Group\",\"description\":\"Washington Wrongful Death and Serious Injury Lawyer\",\"publisher\":{\"@id\":\"https:\\\/\\\/plg-pllc.com\\\/#organization\"},\"inLanguage\":\"es\"},{\"@type\":\"Organization\",\"@id\":\"https:\\\/\\\/plg-pllc.com\\\/#organization\",\"name\":\"Premier Law Group\",\"url\":\"https:\\\/\\\/plg-pllc.com\\\/\",\"logo\":{\"@type\":\"ImageObject\",\"inLanguage\":\"es\",\"@id\":\"https:\\\/\\\/plg-pllc.com\\\/#\\\/schema\\\/logo\\\/image\\\/\",\"url\":\"https:\\\/\\\/plg-pllc.com\\\/wp-content\\\/uploads\\\/2020\\\/10\\\/plg-logo-v2.gif\",\"contentUrl\":\"https:\\\/\\\/plg-pllc.com\\\/wp-content\\\/uploads\\\/2020\\\/10\\\/plg-logo-v2.gif\",\"width\":592,\"height\":191,\"caption\":\"Premier Law Group\"},\"image\":{\"@id\":\"https:\\\/\\\/plg-pllc.com\\\/#\\\/schema\\\/logo\\\/image\\\/\"},\"sameAs\":[\"https:\\\/\\\/www.facebook.com\\\/premierlawgroup\",\"https:\\\/\\\/x.com\\\/premierlawgroup\"]}]}<\/script>\n<!-- \/ Yoast SEO plugin. -->","yoast_head_json":{"title":"Abogado de par\u00e1lisis en Bellevue | Revisi\u00f3n gratuita de casos","description":"Abogado de par\u00e1lisis en Bellevue: Premier Law Group lo ayuda a obtener la compensaci\u00f3n total que merece. Sin honorarios a menos que ganemos.","robots":{"index":"index","follow":"follow","max-snippet":"max-snippet:-1","max-image-preview":"max-image-preview:large","max-video-preview":"max-video-preview:-1"},"canonical":"https:\/\/plg-pllc.com\/es\/bellevue\/catastrophic-injury-lawyer\/paralysis\/","og_locale":"es_MX","og_type":"article","og_title":"Paralysis Lawyer in Bellevue | Free Case Review","og_description":"Bellevue Paralysis Lawyer: Premier Law Group helps you unlock the full compensation you deserve. No Fee Unless We Win.","og_url":"https:\/\/plg-pllc.com\/es\/bellevue\/catastrophic-injury-lawyer\/paralysis\/","og_site_name":"Premier Law Group","article_publisher":"https:\/\/www.facebook.com\/premierlawgroup","article_modified_time":"2025-11-14T17:05:22+00:00","og_image":[{"width":1920,"height":600,"url":"https:\/\/plg-pllc.com\/wp-content\/uploads\/2022\/05\/bellevue-bicycle-accident.jpg","type":"image\/jpeg"}],"twitter_card":"summary_large_image","twitter_site":"@premierlawgroup","twitter_misc":{"Tiempo de lectura":"5 minutos"},"schema":{"@context":"https:\/\/schema.org","@graph":[{"@type":"WebPage","@id":"https:\/\/plg-pllc.com\/bellevue\/catastrophic-injury-lawyer\/paralysis\/","url":"https:\/\/plg-pllc.com\/bellevue\/catastrophic-injury-lawyer\/paralysis\/","name":"Abogado de par\u00e1lisis en Bellevue | Revisi\u00f3n gratuita de casos","isPartOf":{"@id":"https:\/\/plg-pllc.com\/#website"},"primaryImageOfPage":{"@id":"https:\/\/plg-pllc.com\/bellevue\/catastrophic-injury-lawyer\/paralysis\/#primaryimage"},"image":{"@id":"https:\/\/plg-pllc.com\/bellevue\/catastrophic-injury-lawyer\/paralysis\/#primaryimage"},"thumbnailUrl":"https:\/\/plg-pllc.com\/wp-content\/uploads\/2022\/05\/bellevue-bicycle-accident.jpg","datePublished":"2022-05-25T17:26:57+00:00","dateModified":"2025-11-14T17:05:22+00:00","description":"Abogado de par\u00e1lisis en Bellevue: Premier Law Group lo ayuda a obtener la compensaci\u00f3n total que merece. Sin honorarios a menos que ganemos.","breadcrumb":{"@id":"https:\/\/plg-pllc.com\/bellevue\/catastrophic-injury-lawyer\/paralysis\/#breadcrumb"},"inLanguage":"es","potentialAction":[{"@type":"ReadAction","target":["https:\/\/plg-pllc.com\/bellevue\/catastrophic-injury-lawyer\/paralysis\/"]}]},{"@type":"ImageObject","inLanguage":"es","@id":"https:\/\/plg-pllc.com\/bellevue\/catastrophic-injury-lawyer\/paralysis\/#primaryimage","url":"https:\/\/plg-pllc.com\/wp-content\/uploads\/2022\/05\/bellevue-bicycle-accident.jpg","contentUrl":"https:\/\/plg-pllc.com\/wp-content\/uploads\/2022\/05\/bellevue-bicycle-accident.jpg","width":1920,"height":600,"caption":"experienced Seattle Bellevue Renton and Federal Way bicycle accident lawyers"},{"@type":"BreadcrumbList","@id":"https:\/\/plg-pllc.com\/bellevue\/catastrophic-injury-lawyer\/paralysis\/#breadcrumb","itemListElement":[{"@type":"ListItem","position":1,"name":"Home","item":"https:\/\/plg-pllc.com\/es\/"},{"@type":"ListItem","position":2,"name":"Bellevue Personal Injury Lawyer","item":"https:\/\/plg-pllc.com\/es\/"},{"@type":"ListItem","position":3,"name":"Bellevue Catastrophic Injury Lawyer","item":"https:\/\/plg-pllc.com\/es\/bellevue\/catastrophic-injury-lawyer\/"},{"@type":"ListItem","position":4,"name":"Paralysis"}]},{"@type":"WebSite","@id":"https:\/\/plg-pllc.com\/#website","url":"https:\/\/plg-pllc.com\/","name":"Grupo de abogados Premier","description":"Abogado de muerte por negligencia y lesiones graves en Washington","publisher":{"@id":"https:\/\/plg-pllc.com\/#organization"},"inLanguage":"es"},{"@type":"Organization","@id":"https:\/\/plg-pllc.com\/#organization","name":"Grupo de abogados Premier","url":"https:\/\/plg-pllc.com\/","logo":{"@type":"ImageObject","inLanguage":"es","@id":"https:\/\/plg-pllc.com\/#\/schema\/logo\/image\/","url":"https:\/\/plg-pllc.com\/wp-content\/uploads\/2020\/10\/plg-logo-v2.gif","contentUrl":"https:\/\/plg-pllc.com\/wp-content\/uploads\/2020\/10\/plg-logo-v2.gif","width":592,"height":191,"caption":"Premier Law Group"},"image":{"@id":"https:\/\/plg-pllc.com\/#\/schema\/logo\/image\/"},"sameAs":["https:\/\/www.facebook.com\/premierlawgroup","https:\/\/x.com\/premierlawgroup"]}]}},"_links":{"self":[{"href":"https:\/\/plg-pllc.com\/es\/wp-json\/wp\/v2\/pages\/19426","targetHints":{"allow":["GET"]}}],"collection":[{"href":"https:\/\/plg-pllc.com\/es\/wp-json\/wp\/v2\/pages"}],"about":[{"href":"https:\/\/plg-pllc.com\/es\/wp-json\/wp\/v2\/types\/page"}],"author":[{"embeddable":true,"href":"https:\/\/plg-pllc.com\/es\/wp-json\/wp\/v2\/users\/2"}],"replies":[{"embeddable":true,"href":"https:\/\/plg-pllc.com\/es\/wp-json\/wp\/v2\/comments?post=19426"}],"version-history":[{"count":0,"href":"https:\/\/plg-pllc.com\/es\/wp-json\/wp\/v2\/pages\/19426\/revisions"}],"up":[{"embeddable":true,"href":"https:\/\/plg-pllc.com\/es\/wp-json\/wp\/v2\/pages\/17909"}],"wp:featuredmedia":[{"embeddable":true,"href":"https:\/\/plg-pllc.com\/es\/wp-json\/wp\/v2\/media\/19427"}],"wp:attachment":[{"href":"https:\/\/plg-pllc.com\/es\/wp-json\/wp\/v2\/media?parent=19426"}],"wp:term":[{"taxonomy":"hc_faqs","embeddable":true,"href":"https:\/\/plg-pllc.com\/es\/wp-json\/wp\/v2\/hc_faqs?post=19426"}],"curies":[{"name":"gracias","href":"https:\/\/api.w.org\/{rel}","templated":true}]}}