{"id":19433,"date":"2022-05-17T11:29:00","date_gmt":"2022-05-17T18:29:00","guid":{"rendered":"https:\/\/plg-pllc.com\/?p=19433"},"modified":"2024-11-07T04:12:14","modified_gmt":"2024-11-07T12:12:14","slug":"how-to-avoid-carbon-monoxide-poisoning-in-summer","status":"publish","type":"page","link":"https:\/\/plg-pllc.com\/es\/faqs\/how-to-avoid-carbon-monoxide-poisoning-in-summer\/","title":{"rendered":"6 consejos de seguridad para evitar la intoxicaci\u00f3n por mon\u00f3xido de carbono durante el verano"},"content":{"rendered":"<p>El mon\u00f3xido de carbono es un gas venenoso silencioso e inodoro que puede causar enfermedades graves o la muerte a las v\u00edctimas que han estado expuestas al mismo sin saberlo pero de forma continua. Hay medidas de seguridad fundamentales que puede tomar para evitar la intoxicaci\u00f3n por mon\u00f3xido de carbono este verano, como asegurarse de cambiar las pilas de su detector de CO. El mon\u00f3xido de carbono se puede encontrar en numerosos electrodom\u00e9sticos de su casa y los vapores pueden acumularse en espacios cerrados o parcialmente cerrados.\u00a0<\/p>\r\n\r\n\r\n\r\n<p>Si ha sufrido una intoxicaci\u00f3n por mon\u00f3xido de carbono, debe buscar atenci\u00f3n m\u00e9dica de inmediato. Si sus lesiones se deben a la negligencia del propietario de una propiedad, es posible que este sea responsable de los da\u00f1os que haya causado. Hable con un abogado con experiencia en lesiones personales de Washington en Premier Law Group para que eval\u00fae su caso.\u00a0<\/p>\r\n\r\n\r\n\r\n<h2 class=\"wp-block-heading\" id=\"h-6-safety-tips-to-avoid-carbon-monoxide-poisoning-during-the-summer-in-washington\">6 consejos de seguridad para evitar la intoxicaci\u00f3n por mon\u00f3xido de carbono durante el verano en Washington\u00a0<\/h2>\r\n\r\n\r\n\r\n<p>Los propietarios de viviendas son el grupo m\u00e1s afectado por la intoxicaci\u00f3n por mon\u00f3xido de carbono: m\u00e1s de 400 personas mueren cada a\u00f1o por intoxicaci\u00f3n accidental. Muchos incidentes de intoxicaci\u00f3n por CO se pueden prevenir con las precauciones de seguridad adecuadas.\u00a0<\/p>\r\n\r\n\r\n\r\n<p>Los siguientes son consejos de seguridad que pueden ayudarle a evitar la intoxicaci\u00f3n por mon\u00f3xido de carbono durante el verano:\u00a0<\/p>\r\n\r\n\r\n\r\n<h3 class=\"wp-block-heading\" id=\"h-1-educate-yourself-on-common-symptoms-and-risks-of-co-poisoning\">1. Inf\u00f3rmese sobre los s\u00edntomas y riesgos comunes de intoxicaci\u00f3n por CO<\/h3>\r\n\r\n\r\n\r\n<p>Los electrodom\u00e9sticos que utilizamos a diario pueden producir mon\u00f3xido de carbono, y es fundamental saber cu\u00e1les necesitan un mantenimiento adecuado y tenerlos en cuenta. Los electrodom\u00e9sticos como hornos, chimeneas, aparatos a gas, veh\u00edculos y generadores pueden ser productores de CO. Cuando estos dispositivos reciben un mantenimiento o ventilaci\u00f3n deficientes, pueden dispersar este gas t\u00f3xico por toda la casa. Los s\u00edntomas graves de intoxicaci\u00f3n por mon\u00f3xido de carbono incluyen:\u00a0<\/p>\r\n\r\n\r\n\r\n<ul class=\"wp-block-list\">\r\n<li>Dolores de cabeza\u00a0<\/li>\r\n<li>Mareo\u00a0<\/li>\r\n<li>V\u00f3mitos\u00a0<\/li>\r\n<li>Debilidad\u00a0<\/li>\r\n<li>N\u00e1useas\u00a0<\/li>\r\n<li>Dolor en el pecho\u00a0<\/li>\r\n<li>Confusi\u00f3n\u00a0<\/li>\r\n<li>P\u00e9rdida de conciencia<\/li>\r\n<li>Muerte\u00a0<\/li>\r\n<\/ul>\r\n\r\n\r\n\r\n<p>Busque atenci\u00f3n m\u00e9dica de inmediato si experimenta alguno de estos s\u00edntomas. Hable con un abogado con experiencia en lesiones personales de Washington si el propietario de una propiedad no instal\u00f3 un detector de mon\u00f3xido de carbono en su hogar. Es posible que pueda recibir una compensaci\u00f3n justa por sus lesiones importantes.\u00a0<\/p>\r\n\r\n\r\n\r\n<h3 class=\"wp-block-heading\" id=\"h-2-use-proper-ventilation-and-keep-all-vents-clear\">2. Utilice una ventilaci\u00f3n adecuada y mantenga todas las rejillas de ventilaci\u00f3n despejadas\u00a0<\/h3>\r\n\r\n\r\n\r\n<p>Cuando se producen cortes de energ\u00eda despu\u00e9s de una tormenta severa o de condiciones clim\u00e1ticas adversas, el uso de m\u00e9todos alternativos de suministro de energ\u00eda puede provocar una acumulaci\u00f3n de mon\u00f3xido de carbono en su hogar. Es fundamental asegurarse de que su horno, chimenea, estufa o secadora est\u00e9n bien ventilados y que nada los obstruya desde el exterior. Durante las tormentas de nieve, es fundamental asegurarse de que se elimine la acumulaci\u00f3n de nieve que bloquea estas \u00e1reas.\u00a0<\/p>\r\n\r\n\r\n\r\n<h3 class=\"wp-block-heading\" id=\"h-3-avoid-running-engines-in-closed-areas\">3. Evite hacer funcionar los motores en \u00e1reas cerradas\u00a0<\/h3>\r\n\r\n\r\n\r\n<p>Cuando se hace funcionar un motor, como un veh\u00edculo, una parrilla, una estufa o un generador, es fundamental asegurarse de hacerlo en un \u00e1rea abierta para evitar la acumulaci\u00f3n de gases peligrosos. Esto tambi\u00e9n incluye garajes con un solo lado abierto, que a\u00fan pueden causar lesiones graves.<\/p>\r\n\r\n\r\n\r\n<h3 class=\"wp-block-heading\" id=\"h-4-stay-on-top-of-regular-maintenance-of-all-gas-burning-appliances\">4. Realice el mantenimiento peri\u00f3dico de todos los aparatos que queman gas<\/h3>\r\n\r\n\r\n\r\n<p>No solo es importante que los aparatos que funcionan con gas est\u00e9n instalados correctamente, sino que tambi\u00e9n es esencial realizar un mantenimiento regular. Es conveniente que un profesional inspeccione los aparatos que funcionan con combustible una vez al a\u00f1o para asegurarse de que funcionan correctamente.\u00a0<\/p>\r\n\r\n\r\n\r\n<h3 class=\"wp-block-heading\" id=\"h-5-keep-fireplaces-clean-and-well-vented\">5. Mantenga las chimeneas limpias y bien ventiladas\u00a0<\/h3>\r\n\r\n\r\n\r\n<p>Dependiendo de d\u00f3nde vivas, es fundamental mantener las chimeneas limpias y bien ventiladas, incluso durante los meses de verano. Mant\u00e9n siempre el conducto de humos abierto para que escapen los gases nocivos, incluso si el fuego se va apagando poco a poco.\u00a0<\/p>\r\n\r\n\r\n\r\n<h3 class=\"wp-block-heading\" id=\"h-6-install-co-alarms-and-inspect-them-quarterly\">6. Instale detectores de CO e inspecci\u00f3nelos trimestralmente\u00a0<\/h3>\r\n\r\n\r\n\r\n<p>Las alarmas de CO deben inspeccionarse peri\u00f3dicamente. Algunas pueden venir equipadas con una bater\u00eda de respaldo que puede proteger contra la interrupci\u00f3n del funcionamiento, incluso si hay un corte de energ\u00eda. Puede ser beneficioso tener alarmas de CO instaladas en cada nivel de su casa, especialmente dentro de cada \u00e1rea de dormir.\u00a0<\/p>\r\n\r\n\r\n\r\n<h2 class=\"wp-block-heading\" id=\"h-injuries-you-may-sustain-due-to-carbon-monoxide-poisoning\">Lesiones que puede sufrir debido a la intoxicaci\u00f3n por mon\u00f3xido de carbono\u00a0<\/h2>\r\n\r\n\r\n\r\n<p>La intoxicaci\u00f3n por mon\u00f3xido de carbono puede ocurrir en diversos lugares, como casas, caravanas, apartamentos y hoteles. Seg\u00fan la gravedad de la intoxicaci\u00f3n por CO, los s\u00edntomas y los efectos a largo plazo pueden variar. Debido a que la intoxicaci\u00f3n por mon\u00f3xido de carbono afecta las zonas del cuerpo sensibles al ox\u00edgeno, las v\u00edctimas pueden experimentar cambios f\u00edsicos, mentales y conductuales.<\/p>\r\n\r\n\r\n\r\n<p>Las lesiones que puede sufrir debido a una intoxicaci\u00f3n por CO incluyen:\u00a0<\/p>\r\n\r\n\r\n\r\n<ul class=\"wp-block-list\">\r\n<li>Da\u00f1o cerebral<\/li>\r\n<li>Da\u00f1o a los \u00f3rganos<\/li>\r\n<li>Funci\u00f3n motora deteriorada<\/li>\r\n<li>Dificultad para respirar<\/li>\r\n<li>Dolor y debilidad muscular<\/li>\r\n<li>Problemas de equilibrio<\/li>\r\n<li>Deterioro y p\u00e9rdida de la visi\u00f3n\u00a0<\/li>\r\n<li>Temblores y parkinsonismo<\/li>\r\n<li>Depresi\u00f3n, ansiedad o trastorno de estr\u00e9s postraum\u00e1tico<\/li>\r\n<li>Una disminuci\u00f3n de la capacidad cognitiva<\/li>\r\n<li>Memoria a corto plazo comprometida<\/li>\r\n<li>Disminuci\u00f3n de las habilidades ling\u00fc\u00edsticas y de lectura.<\/li>\r\n<li>P\u00e9rdida de memoria<\/li>\r\n<li>P\u00e9rdida de personalidad<\/li>\r\n<li>Inquietud y trastornos del sue\u00f1o<\/li>\r\n<li>Disminuci\u00f3n de la participaci\u00f3n social<\/li>\r\n<\/ul>\r\n\r\n\r\n\r\n<p>Si ha sufrido lesiones graves debido a una intoxicaci\u00f3n por mon\u00f3xido de carbono debido a la negligencia de otra persona, hable con un abogado de lesiones personales con experiencia en Washington para que eval\u00fae su caso. Un abogado de lesiones personales con experiencia en Washington podr\u00e1 brindarle la orientaci\u00f3n legal adecuada y experimentada sobre c\u00f3mo proceder. Nuestros abogados expertos realizar\u00e1n una investigaci\u00f3n exhaustiva de su reclamo y obtendr\u00e1n evidencia pertinente para su caso.<\/p>\r\n\r\n\r\n\r\n<h2 class=\"wp-block-heading\" id=\"h-speak-to-an-experienced-washington-personal-injury-lawyer-at-premier-law-group\">Hable con un abogado con experiencia en lesiones personales de Washington en Premier Law Group\u00a0<\/h2>\r\n\r\n\r\n\r\n<p>La intoxicaci\u00f3n por mon\u00f3xido de carbono puede ser traum\u00e1tica y provocar da\u00f1os f\u00edsicos, emocionales y cognitivos a largo plazo. Varias partes pueden ser consideradas responsables de sus lesiones y p\u00e9rdidas despu\u00e9s de un incidente de intoxicaci\u00f3n por CO. Hable con un abogado experto en lesiones personales de Washington en <a href=\"https:\/\/plg-pllc.com\/\">Grupo de abogados Premier<\/a> Si necesita ayuda, realizaremos una investigaci\u00f3n exhaustiva de su reclamo y obtendremos evidencia vital que puede ayudar a construir un caso s\u00f3lido para lograr un reclamo exitoso. El equipo legal de Premier Law Group puede brindarle asesoramiento legal perspicaz para obtener un resultado favorable y recuperar la compensaci\u00f3n m\u00e1xima que merece por sus p\u00e9rdidas.\u00a0<\/p>\r\n\r\n\r\n\r\n<p>Premier Law Group se enorgullece de brindar una representaci\u00f3n galardonada, centr\u00e1ndose en un servicio compasivo y orientado al cliente y una defensa agresiva. Nuestros clientes siempre son lo primero y utilizamos todos nuestros recursos para obtener la compensaci\u00f3n justa que usted merece. Para una consulta gratuita, llame <a href=\"tel: (206) 880-7518\">(206) 880-7518<\/a> o rellena nuestro <a href=\"https:\/\/plg-pllc.com\/contact-us\/\">Formulario de contacto<\/a>.<\/p>\r\n\r\n\r\n\r\n\n        <div class=\"rs-content-cta\">\n            <p>Llamar o enviar mensaje de texto <a href=\"tel:+12062851743\">(206) 285-1743<\/a> o complete un formulario de evaluaci\u00f3n de caso gratuito<\/p>\n            <a href=\"https:\/\/plg-pllc.com\/es\/contact-us\/\" title=\"OBTENGA UNA EVALUACI\u00d3N DE CASO GRATUITA\" class=\"btn-global\">OBTENGA UNA EVALUACI\u00d3N DE CASO GRATUITA<\/a>\n                    <picture>\n                            <source srcset=\"https:\/\/plg-pllc.com\/wp-content\/themes\/plg-pllc-redesign\/assets\/app\/img\/cta-thumb.webp\" type=\"image\/webp\"\/>\n                            <img src=\"https:\/\/plg-pllc.com\/wp-content\/themes\/plg-pllc-redesign\/assets\/app\/img\/cta-thumb.png\" alt=\"Grupo de abogados Premier\" title=\"Grupo de abogados Premier\" width=\"245\" height=\"220\" loading=\"auto\" fetchpriority=\"auto\" decoding=\"async\"\/>\n        <\/picture>\n        \n        <\/div>","protected":false},"excerpt":{"rendered":"<p>El mon\u00f3xido de carbono es un gas venenoso silencioso e inodoro que puede provocar enfermedades graves o la muerte a las v\u00edctimas que han estado expuestas al mismo sin saberlo pero de forma continua. Hay medidas de seguridad fundamentales que puede tomar para evitar la intoxicaci\u00f3n por mon\u00f3xido de carbono este verano, como asegurarse de que las pilas de su detector de CO est\u00e9n reci\u00e9n cambiadas. El mon\u00f3xido de carbono puede...<\/p>","protected":false},"author":24,"featured_media":19434,"parent":20714,"menu_order":0,"comment_status":"closed","ping_status":"closed","template":"","meta":{"_acf_changed":false,"_genesis_hide_title":false,"_genesis_hide_breadcrumbs":false,"_genesis_hide_singular_image":false,"_genesis_hide_footer_widgets":false,"_genesis_custom_body_class":"","_genesis_custom_post_class":"","_genesis_layout":"","footnotes":""},"hc_faqs":[10370],"class_list":{"0":"post-19433","1":"page","2":"type-page","3":"status-publish","4":"has-post-thumbnail","6":"hc_faqs-carbon-monoxide-poisoning","7":"entry"},"acf":[],"yoast_head":"<!-- This site is optimized with the Yoast SEO plugin v27.2 - https:\/\/yoast.com\/product\/yoast-seo-wordpress\/ -->\n<title>6 Safety Tips to Avoid Carbon Monoxide Poisoning During the Summer<\/title>\n<meta name=\"description\" content=\"6 Safety Tips to Avoid Carbon Monoxide Poisoning During the Summer: Premier Law Group helps you unlock the full compensation you deserve. No Fee Unless We Win.\" \/>\n<meta name=\"robots\" content=\"index, follow, max-snippet:-1, max-image-preview:large, max-video-preview:-1\" \/>\n<link rel=\"canonical\" href=\"https:\/\/plg-pllc.com\/es\/faqs\/how-to-avoid-carbon-monoxide-poisoning-in-summer\/\" \/>\n<meta property=\"og:locale\" content=\"es_MX\" \/>\n<meta property=\"og:type\" content=\"article\" \/>\n<meta property=\"og:title\" content=\"6 Safety Tips to Avoid Carbon Monoxide Poisoning During the Summer\" \/>\n<meta property=\"og:description\" content=\"6 Safety Tips to Avoid Carbon Monoxide Poisoning During the Summer: Premier Law Group helps you unlock the full compensation you deserve. No Fee Unless We Win.\" \/>\n<meta property=\"og:url\" content=\"https:\/\/plg-pllc.com\/es\/faqs\/how-to-avoid-carbon-monoxide-poisoning-in-summer\/\" \/>\n<meta property=\"og:site_name\" content=\"Premier Law Group\" \/>\n<meta property=\"article:publisher\" content=\"https:\/\/www.facebook.com\/premierlawgroup\" \/>\n<meta property=\"article:modified_time\" content=\"2024-11-07T12:12:14+00:00\" \/>\n<meta property=\"og:image\" content=\"https:\/\/plg-pllc.com\/wp-content\/uploads\/2022\/05\/how-to-avoid-carbon-monoxide-poisoning.jpg\" \/>\n\t<meta property=\"og:image:width\" content=\"500\" \/>\n\t<meta property=\"og:image:height\" content=\"332\" \/>\n\t<meta property=\"og:image:type\" content=\"image\/jpeg\" \/>\n<meta name=\"twitter:card\" content=\"summary_large_image\" \/>\n<meta name=\"twitter:site\" content=\"@premierlawgroup\" \/>\n<meta name=\"twitter:label1\" content=\"Tiempo de lectura\" \/>\n\t<meta name=\"twitter:data1\" content=\"5 minutos\" \/>\n<script type=\"application\/ld+json\" class=\"yoast-schema-graph\">{\"@context\":\"https:\/\/schema.org\",\"@graph\":[{\"@type\":\"WebPage\",\"@id\":\"https:\/\/plg-pllc.com\/faqs\/how-to-avoid-carbon-monoxide-poisoning-in-summer\/\",\"url\":\"https:\/\/plg-pllc.com\/faqs\/how-to-avoid-carbon-monoxide-poisoning-in-summer\/\",\"name\":\"6 Safety Tips to Avoid Carbon Monoxide Poisoning During the Summer\",\"isPartOf\":{\"@id\":\"https:\/\/plg-pllc.com\/#website\"},\"primaryImageOfPage\":{\"@id\":\"https:\/\/plg-pllc.com\/faqs\/how-to-avoid-carbon-monoxide-poisoning-in-summer\/#primaryimage\"},\"image\":{\"@id\":\"https:\/\/plg-pllc.com\/faqs\/how-to-avoid-carbon-monoxide-poisoning-in-summer\/#primaryimage\"},\"thumbnailUrl\":\"https:\/\/plg-pllc.com\/wp-content\/uploads\/2022\/05\/how-to-avoid-carbon-monoxide-poisoning.jpg\",\"datePublished\":\"2022-05-17T18:29:00+00:00\",\"dateModified\":\"2024-11-07T12:12:14+00:00\",\"description\":\"6 Safety Tips to Avoid Carbon Monoxide Poisoning During the Summer: Premier Law Group helps you unlock the full compensation you deserve. No Fee Unless We Win.\",\"breadcrumb\":{\"@id\":\"https:\/\/plg-pllc.com\/faqs\/how-to-avoid-carbon-monoxide-poisoning-in-summer\/#breadcrumb\"},\"inLanguage\":\"es\",\"potentialAction\":[{\"@type\":\"ReadAction\",\"target\":[\"https:\/\/plg-pllc.com\/faqs\/how-to-avoid-carbon-monoxide-poisoning-in-summer\/\"]}]},{\"@type\":\"ImageObject\",\"inLanguage\":\"es\",\"@id\":\"https:\/\/plg-pllc.com\/faqs\/how-to-avoid-carbon-monoxide-poisoning-in-summer\/#primaryimage\",\"url\":\"https:\/\/plg-pllc.com\/wp-content\/uploads\/2022\/05\/how-to-avoid-carbon-monoxide-poisoning.jpg\",\"contentUrl\":\"https:\/\/plg-pllc.com\/wp-content\/uploads\/2022\/05\/how-to-avoid-carbon-monoxide-poisoning.jpg\",\"width\":500,\"height\":332,\"caption\":\"Tips to Avoid Carbon Monoxide Poisoning During the Summer\"},{\"@type\":\"BreadcrumbList\",\"@id\":\"https:\/\/plg-pllc.com\/faqs\/how-to-avoid-carbon-monoxide-poisoning-in-summer\/#breadcrumb\",\"itemListElement\":[{\"@type\":\"ListItem\",\"position\":1,\"name\":\"Home\",\"item\":\"https:\/\/plg-pllc.com\/es\/\"},{\"@type\":\"ListItem\",\"position\":2,\"name\":\"FAQs\",\"item\":\"https:\/\/plg-pllc.com\/es\/faqs\/\"},{\"@type\":\"ListItem\",\"position\":3,\"name\":\"6 Safety Tips to Avoid Carbon Monoxide Poisoning During the Summer\"}]},{\"@type\":\"WebSite\",\"@id\":\"https:\/\/plg-pllc.com\/#website\",\"url\":\"https:\/\/plg-pllc.com\/\",\"name\":\"Premier Law Group\",\"description\":\"Washington Wrongful Death and Serious Injury Lawyer\",\"publisher\":{\"@id\":\"https:\/\/plg-pllc.com\/#organization\"},\"inLanguage\":\"es\"},{\"@type\":\"Organization\",\"@id\":\"https:\/\/plg-pllc.com\/#organization\",\"name\":\"Premier Law Group\",\"url\":\"https:\/\/plg-pllc.com\/\",\"logo\":{\"@type\":\"ImageObject\",\"inLanguage\":\"es\",\"@id\":\"https:\/\/plg-pllc.com\/#\/schema\/logo\/image\/\",\"url\":\"https:\/\/plg-pllc.com\/wp-content\/uploads\/2020\/10\/plg-logo-v2.gif\",\"contentUrl\":\"https:\/\/plg-pllc.com\/wp-content\/uploads\/2020\/10\/plg-logo-v2.gif\",\"width\":592,\"height\":191,\"caption\":\"Premier Law Group\"},\"image\":{\"@id\":\"https:\/\/plg-pllc.com\/#\/schema\/logo\/image\/\"},\"sameAs\":[\"https:\/\/www.facebook.com\/premierlawgroup\",\"https:\/\/x.com\/premierlawgroup\"]}]}<\/script>\n<!-- \/ Yoast SEO plugin. -->","yoast_head_json":{"title":"6 consejos de seguridad para evitar la intoxicaci\u00f3n por mon\u00f3xido de carbono durante el verano","description":"6 consejos de seguridad para evitar la intoxicaci\u00f3n por mon\u00f3xido de carbono durante el verano: Premier Law Group le ayuda a obtener la compensaci\u00f3n total que merece. Sin honorarios a menos que ganemos.","robots":{"index":"index","follow":"follow","max-snippet":"max-snippet:-1","max-image-preview":"max-image-preview:large","max-video-preview":"max-video-preview:-1"},"canonical":"https:\/\/plg-pllc.com\/es\/faqs\/how-to-avoid-carbon-monoxide-poisoning-in-summer\/","og_locale":"es_MX","og_type":"article","og_title":"6 Safety Tips to Avoid Carbon Monoxide Poisoning During the Summer","og_description":"6 Safety Tips to Avoid Carbon Monoxide Poisoning During the Summer: Premier Law Group helps you unlock the full compensation you deserve. No Fee Unless We Win.","og_url":"https:\/\/plg-pllc.com\/es\/faqs\/how-to-avoid-carbon-monoxide-poisoning-in-summer\/","og_site_name":"Premier Law Group","article_publisher":"https:\/\/www.facebook.com\/premierlawgroup","article_modified_time":"2024-11-07T12:12:14+00:00","og_image":[{"width":500,"height":332,"url":"https:\/\/plg-pllc.com\/wp-content\/uploads\/2022\/05\/how-to-avoid-carbon-monoxide-poisoning.jpg","type":"image\/jpeg"}],"twitter_card":"summary_large_image","twitter_site":"@premierlawgroup","twitter_misc":{"Tiempo de lectura":"5 minutos"},"schema":{"@context":"https:\/\/schema.org","@graph":[{"@type":"WebPage","@id":"https:\/\/plg-pllc.com\/faqs\/how-to-avoid-carbon-monoxide-poisoning-in-summer\/","url":"https:\/\/plg-pllc.com\/faqs\/how-to-avoid-carbon-monoxide-poisoning-in-summer\/","name":"6 consejos de seguridad para evitar la intoxicaci\u00f3n por mon\u00f3xido de carbono durante el verano","isPartOf":{"@id":"https:\/\/plg-pllc.com\/#website"},"primaryImageOfPage":{"@id":"https:\/\/plg-pllc.com\/faqs\/how-to-avoid-carbon-monoxide-poisoning-in-summer\/#primaryimage"},"image":{"@id":"https:\/\/plg-pllc.com\/faqs\/how-to-avoid-carbon-monoxide-poisoning-in-summer\/#primaryimage"},"thumbnailUrl":"https:\/\/plg-pllc.com\/wp-content\/uploads\/2022\/05\/how-to-avoid-carbon-monoxide-poisoning.jpg","datePublished":"2022-05-17T18:29:00+00:00","dateModified":"2024-11-07T12:12:14+00:00","description":"6 consejos de seguridad para evitar la intoxicaci\u00f3n por mon\u00f3xido de carbono durante el verano: Premier Law Group le ayuda a obtener la compensaci\u00f3n total que merece. Sin honorarios a menos que ganemos.","breadcrumb":{"@id":"https:\/\/plg-pllc.com\/faqs\/how-to-avoid-carbon-monoxide-poisoning-in-summer\/#breadcrumb"},"inLanguage":"es","potentialAction":[{"@type":"ReadAction","target":["https:\/\/plg-pllc.com\/faqs\/how-to-avoid-carbon-monoxide-poisoning-in-summer\/"]}]},{"@type":"ImageObject","inLanguage":"es","@id":"https:\/\/plg-pllc.com\/faqs\/how-to-avoid-carbon-monoxide-poisoning-in-summer\/#primaryimage","url":"https:\/\/plg-pllc.com\/wp-content\/uploads\/2022\/05\/how-to-avoid-carbon-monoxide-poisoning.jpg","contentUrl":"https:\/\/plg-pllc.com\/wp-content\/uploads\/2022\/05\/how-to-avoid-carbon-monoxide-poisoning.jpg","width":500,"height":332,"caption":"Tips to Avoid Carbon Monoxide Poisoning During the Summer"},{"@type":"BreadcrumbList","@id":"https:\/\/plg-pllc.com\/faqs\/how-to-avoid-carbon-monoxide-poisoning-in-summer\/#breadcrumb","itemListElement":[{"@type":"ListItem","position":1,"name":"Home","item":"https:\/\/plg-pllc.com\/es\/"},{"@type":"ListItem","position":2,"name":"FAQs","item":"https:\/\/plg-pllc.com\/es\/faqs\/"},{"@type":"ListItem","position":3,"name":"6 Safety Tips to Avoid Carbon Monoxide Poisoning During the Summer"}]},{"@type":"WebSite","@id":"https:\/\/plg-pllc.com\/#website","url":"https:\/\/plg-pllc.com\/","name":"Grupo de abogados Premier","description":"Abogado de muerte por negligencia y lesiones graves en Washington","publisher":{"@id":"https:\/\/plg-pllc.com\/#organization"},"inLanguage":"es"},{"@type":"Organization","@id":"https:\/\/plg-pllc.com\/#organization","name":"Grupo de abogados Premier","url":"https:\/\/plg-pllc.com\/","logo":{"@type":"ImageObject","inLanguage":"es","@id":"https:\/\/plg-pllc.com\/#\/schema\/logo\/image\/","url":"https:\/\/plg-pllc.com\/wp-content\/uploads\/2020\/10\/plg-logo-v2.gif","contentUrl":"https:\/\/plg-pllc.com\/wp-content\/uploads\/2020\/10\/plg-logo-v2.gif","width":592,"height":191,"caption":"Premier Law Group"},"image":{"@id":"https:\/\/plg-pllc.com\/#\/schema\/logo\/image\/"},"sameAs":["https:\/\/www.facebook.com\/premierlawgroup","https:\/\/x.com\/premierlawgroup"]}]}},"_links":{"self":[{"href":"https:\/\/plg-pllc.com\/es\/wp-json\/wp\/v2\/pages\/19433","targetHints":{"allow":["GET"]}}],"collection":[{"href":"https:\/\/plg-pllc.com\/es\/wp-json\/wp\/v2\/pages"}],"about":[{"href":"https:\/\/plg-pllc.com\/es\/wp-json\/wp\/v2\/types\/page"}],"author":[{"embeddable":true,"href":"https:\/\/plg-pllc.com\/es\/wp-json\/wp\/v2\/users\/24"}],"replies":[{"embeddable":true,"href":"https:\/\/plg-pllc.com\/es\/wp-json\/wp\/v2\/comments?post=19433"}],"version-history":[{"count":0,"href":"https:\/\/plg-pllc.com\/es\/wp-json\/wp\/v2\/pages\/19433\/revisions"}],"up":[{"embeddable":true,"href":"https:\/\/plg-pllc.com\/es\/wp-json\/wp\/v2\/pages\/20714"}],"wp:featuredmedia":[{"embeddable":true,"href":"https:\/\/plg-pllc.com\/es\/wp-json\/wp\/v2\/media\/19434"}],"wp:attachment":[{"href":"https:\/\/plg-pllc.com\/es\/wp-json\/wp\/v2\/media?parent=19433"}],"wp:term":[{"taxonomy":"hc_faqs","embeddable":true,"href":"https:\/\/plg-pllc.com\/es\/wp-json\/wp\/v2\/hc_faqs?post=19433"}],"curies":[{"name":"gracias","href":"https:\/\/api.w.org\/{rel}","templated":true}]}}