{"id":19439,"date":"2022-05-27T16:31:29","date_gmt":"2022-05-27T23:31:29","guid":{"rendered":"https:\/\/plg-pllc.com\/?page_id=19439"},"modified":"2025-11-14T08:54:37","modified_gmt":"2025-11-14T16:54:37","slug":"bellevue-property-damage-car-accident-lawyer","status":"publish","type":"page","link":"https:\/\/plg-pllc.com\/es\/bellevue\/car-accident-lawyer\/property-damage\/","title":{"rendered":"Abogado de da\u00f1os a la propiedad en Bellevue"},"content":{"rendered":"<h2>Abogado de accidentes por da\u00f1os materiales en Bellevue<\/h2>\n<p><span style=\"font-weight: 400;\">Los accidentes automovil\u00edsticos pueden tener consecuencias negativas importantes para su salud f\u00edsica, financiera y emocional. Adem\u00e1s de sus lesiones, tambi\u00e9n puede tener que preocuparse por da\u00f1os materiales importantes. Enfrentar reparaciones costosas mientras intenta recuperarse puede ser estresante. Puede ser elegible para presentar un reclamo por da\u00f1os a la propiedad para que le reembolsen las p\u00e9rdidas que haya experimentado debido a su accidente, incluida la reparaci\u00f3n del veh\u00edculo.\u00a0<\/span><\/p>\n<p><span style=\"font-weight: 400;\">Si ha sufrido un accidente provocado por la negligencia de otra persona, hable con un abogado con experiencia en accidentes automovil\u00edsticos por da\u00f1os a la propiedad en Bellevue para que eval\u00fae su reclamo. Es posible que pueda recuperar una compensaci\u00f3n por las p\u00e9rdidas que ha sufrido, como lesiones f\u00edsicas, angustia emocional y da\u00f1os a la propiedad. Nos ocupamos de todos los aspectos de su reclamo por accidente automovil\u00edstico para que pueda concentrarse en la recuperaci\u00f3n.\u00a0<\/span><\/p>\n<h2><strong>\u00bfQu\u00e9 constituye un reclamo por da\u00f1os a la propiedad en Bellevue?\u00a0<\/strong><\/h2>\n<p><span style=\"font-weight: 400;\">Una reclamaci\u00f3n por da\u00f1os materiales en un accidente de tr\u00e1fico en Bellevue es un da\u00f1o a cualquier cosa que no sea la v\u00edctima, incluidos los bienes personales que se encuentran en el coche, como una computadora port\u00e1til, gafas o un tel\u00e9fono m\u00f3vil. Los da\u00f1os a estas pertenencias se demuestran por su valor de reposici\u00f3n, el coste de reparaci\u00f3n de los art\u00edculos y la p\u00e9rdida de los art\u00edculos hasta que puedan ser reemplazados. Este tipo de reclamaciones suelen ser gestionadas por las compa\u00f1\u00edas de seguros. Si el accidente fue causado por otro conductor de Bellevue, tiene dos opciones a la hora de presentar una reclamaci\u00f3n:\u00a0<\/span><\/p>\n<ul>\n<li style=\"font-weight: 400;\" aria-level=\"1\"><span style=\"font-weight: 400;\">Puede presentar su reclamo por da\u00f1os a la propiedad ante su propia compa\u00f1\u00eda de seguros.<\/span><\/li>\n<li style=\"font-weight: 400;\" aria-level=\"1\"><span style=\"font-weight: 400;\">Puede presentar su reclamo por da\u00f1os a la propiedad ante la compa\u00f1\u00eda de seguros del otro conductor.<\/span><\/li>\n<\/ul>\n<p><span style=\"font-weight: 400;\">Es posible que no est\u00e9 seguro de qu\u00e9 opci\u00f3n es la mejor para usted. Esto puede depender de varios factores:\u00a0<\/span><\/p>\n<h3><span style=\"font-weight: 400;\">Pago de un deducible en la cobertura de colisi\u00f3n de Bellevue\u00a0<\/span><\/h3>\n<p><span style=\"font-weight: 400;\">Su compa\u00f1\u00eda de seguros le exigir\u00e1 que pague el monto deducible de su cobertura contra colisiones. Si otro conductor tiene la culpa, su compa\u00f1\u00eda de seguros puede recuperar el monto deducible de la p\u00f3liza de seguro del conductor negligente y luego reembolsarle el pago. Este puede ser un proceso largo y puede llevar meses recibir el reembolso del pago del deducible. Si presenta la reclamaci\u00f3n ante la compa\u00f1\u00eda de seguros del otro conductor, no tiene que pagar un deducible.\u00a0<\/span><\/p>\n<h3><span style=\"font-weight: 400;\">Pago de un coche de alquiler en Bellevue\u00a0<\/span><\/h3>\n<p><span style=\"font-weight: 400;\">Su compa\u00f1\u00eda de seguros no tiene la obligaci\u00f3n de pagar el alquiler de su veh\u00edculo mientras espera las reparaciones del mismo, a menos que eso forme parte de su p\u00f3liza. La compa\u00f1\u00eda de seguros del otro conductor probablemente le proporcionar\u00e1 un veh\u00edculo de alquiler mientras se repara el suyo o hasta que se llegue a una oferta de acuerdo.\u00a0<\/span><\/p>\n<h3><span style=\"font-weight: 400;\">Presentar una reclamaci\u00f3n por lesiones personales en Bellevue\u00a0<\/span><\/h3>\n<p><span style=\"font-weight: 400;\">Si est\u00e1 presentando una demanda por lesiones personales en Bellevue, es fundamental que conozca la conexi\u00f3n entre su demanda por da\u00f1os materiales y el monto que puede recuperar por una lesi\u00f3n personal. Los peritos de seguros pueden argumentar que el da\u00f1o a la propiedad fue demasiado m\u00ednimo para que haya sufrido lesiones importantes.<\/span><\/p>\n<p><span style=\"font-weight: 400;\">Si presenta una reclamaci\u00f3n por da\u00f1os materiales ante la compa\u00f1\u00eda de seguros del conductor culpable, es posible que esta luche por reducir el valor de su reclamaci\u00f3n en un intento de ahorrar dinero en el futuro al negociar una reclamaci\u00f3n por lesiones personales. En los casos en los que usted no tenga la culpa del accidente, es posible que su propia compa\u00f1\u00eda de seguros no tenga ese motivo y la compa\u00f1\u00eda de seguros del otro conductor pague las reclamaciones por da\u00f1os materiales y lesiones personales.\u00a0<\/span><\/p>\n<h3><span style=\"font-weight: 400;\">Relaci\u00f3n contractual con su compa\u00f1\u00eda de seguros\u00a0<\/span><\/h3>\n<p><span style=\"font-weight: 400;\">Una ventaja de presentar una reclamaci\u00f3n por da\u00f1os materiales con su propia compa\u00f1\u00eda de seguros es que ya tiene una relaci\u00f3n contractual s\u00f3lida con ellos a trav\u00e9s de su p\u00f3liza. Esto significa que su compa\u00f1\u00eda de seguros est\u00e1 sujeta a un alto est\u00e1ndar para proteger sus intereses. Si no le brindan un servicio adecuado para proteger sus intereses, usted tiene un caso s\u00f3lido para emprender acciones legales contra ellos. Adem\u00e1s, debido al deber legal de \u201cbuena fe\u201d, es menos probable que act\u00faen desfavorablemente a sus intereses.<\/span><\/p>\n<p><span style=\"font-weight: 400;\">A diferencia de su relaci\u00f3n consolidada con su propia compa\u00f1\u00eda de seguros, la compa\u00f1\u00eda de seguros del otro conductor no tiene una relaci\u00f3n contractual con usted y es m\u00e1s probable que act\u00fae en su propio mejor inter\u00e9s.\u00a0\u00a0<\/span><\/p>\n<h2><strong>Pasos a seguir despu\u00e9s de un accidente automovil\u00edstico para lograr un reclamo exitoso por da\u00f1os a la propiedad en Bellevue\u00a0<\/strong><\/h2>\n<p><span style=\"font-weight: 400;\">Despu\u00e9s de sufrir un accidente automovil\u00edstico en Bellevue, es esencial recordar los siguientes pasos para tener un reclamo exitoso por da\u00f1os a la propiedad en el futuro:\u00a0<\/span><\/p>\n<h3><span style=\"font-weight: 400;\">1. Hable con su compa\u00f1\u00eda de seguros inmediatamente despu\u00e9s de su accidente\u00a0<\/span><\/h3>\n<p><span style=\"font-weight: 400;\">Si usted es v\u00edctima de un accidente de tr\u00e1fico en Bellevue, es fundamental que se ponga en contacto con su compa\u00f1\u00eda de seguros inmediatamente despu\u00e9s de un accidente, incluso si el accidente no fue culpa suya. Mientras se procesa su reclamaci\u00f3n contra el conductor culpable, su compa\u00f1\u00eda de seguros puede gestionar su reclamaci\u00f3n por da\u00f1os materiales en su nombre. Esto garantiza que su aseguradora tenga la informaci\u00f3n que necesita para iniciar su reclamaci\u00f3n y obtener la documentaci\u00f3n necesaria para realizar estimaciones de da\u00f1os materiales, elegir talleres de reparaci\u00f3n de autom\u00f3viles y determinar las p\u00e9rdidas totales.\u00a0<\/span><\/p>\n<h3><span style=\"font-weight: 400;\">2. Re\u00fana los documentos esenciales para su reclamo por da\u00f1os a la propiedad en Bellevue\u00a0<\/span><\/h3>\n<p><span style=\"font-weight: 400;\">Es posible que necesite documentos esenciales para su reclamo por da\u00f1os a la propiedad, incluidos informes policiales, informaci\u00f3n de contacto de testigos, estimaciones de reparaci\u00f3n de da\u00f1os y otra informaci\u00f3n pertinente. Tambi\u00e9n es posible que deba obtener el t\u00edtulo de su veh\u00edculo y los recibos de mantenimiento del veh\u00edculo que muestren el valor estimado de su veh\u00edculo.<\/span><\/p>\n<h3><span style=\"font-weight: 400;\">3. Hable con su abogado especializado en da\u00f1os a la propiedad de Bellevue para proteger sus intereses\u00a0<\/span><\/h3>\n<p><span style=\"font-weight: 400;\">Para proteger sus intereses en una reclamaci\u00f3n por da\u00f1os a la propiedad y asegurarse de que los liquidadores de seguros no se aprovechen de usted, hable con un abogado especializado en da\u00f1os a la propiedad de Bellevue. Tenemos experiencia en el trato con compa\u00f1\u00edas de seguros y somos negociadores expertos. Es fundamental que recupere la compensaci\u00f3n que se merece.\u00a0<\/span><\/p>\n\n        <div class=\"rs-content-cta long\">\n            <p>Para una consulta legal GRATUITA con un abogado especializado en da\u00f1os a la propiedad que preste servicios en Bellevue, llame al <a href=\"tel:+12062851743\">(206) 285-1743 <\/a><\/p>\n            <a href=\"https:\/\/plg-pllc.com\/es\/contact-us\/\" title=\"OBTENGA UNA EVALUACI\u00d3N DE CASO GRATUITA\" class=\"btn-global\">OBTENGA UNA EVALUACI\u00d3N DE CASO GRATUITA<\/a>\n                    <picture>\n                            <source srcset=\"https:\/\/plg-pllc.com\/wp-content\/themes\/plg-pllc-redesign\/assets\/app\/img\/cta-thumb.webp\" type=\"image\/webp\"\/>\n                            <img src=\"https:\/\/plg-pllc.com\/wp-content\/themes\/plg-pllc-redesign\/assets\/app\/img\/cta-thumb.png\" alt=\"Grupo de abogados Premier\" title=\"Grupo de abogados Premier\" width=\"245\" height=\"220\" loading=\"auto\" fetchpriority=\"auto\" decoding=\"async\"\/>\n        <\/picture>\n        \n        <\/div><h2><strong>Hable con un abogado con experiencia en accidentes automovil\u00edsticos por da\u00f1os a la propiedad en Bellevue en Premier Law Group\u00a0<\/strong><\/h2>\n<p><span style=\"font-weight: 400;\">Si ha estado en un accidente automovil\u00edstico en Bellevue, necesita la ayuda de un abogado de accidentes automovil\u00edsticos experimentado y compasivo en <\/span><a href=\"https:\/\/plg-pllc.com\/\"><span style=\"font-weight: 400;\">Grupo de abogados Premier<\/span><\/a><span style=\"font-weight: 400;\">En los accidentes automovil\u00edsticos devastadores que involucran a un conductor negligente, es esencial recibir una compensaci\u00f3n por los gastos m\u00e9dicos, el dolor y el sufrimiento, as\u00ed como un reembolso justo por los da\u00f1os a la propiedad. Hable hoy mismo con un abogado con experiencia en accidentes automovil\u00edsticos por da\u00f1os a la propiedad en Bellevue para que eval\u00fae su caso. Nos dedicamos a defenderlo ferozmente y a negociar en su nombre.\u00a0<\/span><\/p>\n<p><span style=\"font-weight: 400;\">Premier Law Group es un bufete de abogados galardonado, de primera categor\u00eda y orientado al cliente, creado para ayudar a los clientes de Bellevue a recuperar la compensaci\u00f3n que merecen por da\u00f1os a la propiedad, lesiones personales y otras p\u00e9rdidas que involucran negligencia. Tenemos un historial de \u00e9xito y estamos comprometidos a brindar el m\u00e1s alto nivel de servicio profesional para las v\u00edctimas de accidentes automovil\u00edsticos. Llame <a href=\"tel: (206) 880-7518\">(206) 880-7518<\/a> para una consulta gratuita o complete nuestro <\/span><a href=\"https:\/\/plg-pllc.com\/contact-us\/\"><span style=\"font-weight: 400;\">Formulario de contacto<\/span><\/a><span style=\"font-weight: 400;\">.<\/span><\/p>\n\n        <div class=\"rs-content-cta\">\n            <p>Llamar o enviar mensaje de texto <a href=\"tel:+12062851743\">(206) 285-1743<\/a> o complete un formulario de evaluaci\u00f3n de caso gratuito<\/p>\n            <a href=\"https:\/\/plg-pllc.com\/es\/contact-us\/\" title=\"OBTENGA UNA EVALUACI\u00d3N DE CASO GRATUITA\" class=\"btn-global\">OBTENGA UNA EVALUACI\u00d3N DE CASO GRATUITA<\/a>\n                    <picture>\n                            <source srcset=\"https:\/\/plg-pllc.com\/wp-content\/themes\/plg-pllc-redesign\/assets\/app\/img\/cta-thumb.webp\" type=\"image\/webp\"\/>\n                            <img src=\"https:\/\/plg-pllc.com\/wp-content\/themes\/plg-pllc-redesign\/assets\/app\/img\/cta-thumb.png\" alt=\"Grupo de abogados Premier\" title=\"Grupo de abogados Premier\" width=\"245\" height=\"220\" loading=\"auto\" fetchpriority=\"auto\" decoding=\"async\"\/>\n        <\/picture>\n        \n        <\/div>","protected":false},"excerpt":{"rendered":"<p>Abogado de accidentes por da\u00f1os a la propiedad en Bellevue Los accidentes automovil\u00edsticos pueden tener consecuencias negativas importantes para su salud f\u00edsica, financiera y emocional. Adem\u00e1s de sus lesiones, tambi\u00e9n puede tener que preocuparse por da\u00f1os materiales importantes. Enfrentar reparaciones costosas mientras intenta recuperarse puede ser estresante. Puede ser elegible para presentar una \u2026<\/p>","protected":false},"author":2,"featured_media":19440,"parent":17270,"menu_order":0,"comment_status":"closed","ping_status":"closed","template":"","meta":{"_acf_changed":false,"_genesis_hide_title":false,"_genesis_hide_breadcrumbs":false,"_genesis_hide_singular_image":false,"_genesis_hide_footer_widgets":false,"_genesis_custom_body_class":"","_genesis_custom_post_class":"","_genesis_layout":"","footnotes":""},"hc_faqs":[],"class_list":{"0":"post-19439","1":"page","2":"type-page","3":"status-publish","4":"has-post-thumbnail","6":"hc_city_location-bellevue","7":"entry"},"acf":[],"yoast_head":"<!-- This site is optimized with the Yoast SEO plugin v27.5 - https:\/\/yoast.com\/product\/yoast-seo-wordpress\/ -->\n<title>Property Damage Lawyer in Bellevue | Free Case Review<\/title>\n<meta name=\"description\" content=\"Bellevue Property Damage Lawyer: Premier Law Group helps you unlock the full compensation you deserve. No Fee Unless We Win.\" \/>\n<meta name=\"robots\" content=\"index, follow, max-snippet:-1, max-image-preview:large, max-video-preview:-1\" \/>\n<link rel=\"canonical\" href=\"https:\/\/plg-pllc.com\/es\/bellevue\/car-accident-lawyer\/property-damage\/\" \/>\n<meta property=\"og:locale\" content=\"es_MX\" \/>\n<meta property=\"og:type\" content=\"article\" \/>\n<meta property=\"og:title\" content=\"Property Damage Lawyer in Bellevue | Free Case Review\" \/>\n<meta property=\"og:description\" content=\"Bellevue Property Damage Lawyer: Premier Law Group helps you unlock the full compensation you deserve. No Fee Unless We Win.\" \/>\n<meta property=\"og:url\" content=\"https:\/\/plg-pllc.com\/es\/bellevue\/car-accident-lawyer\/property-damage\/\" \/>\n<meta property=\"og:site_name\" content=\"Premier Law Group\" \/>\n<meta property=\"article:publisher\" content=\"https:\/\/www.facebook.com\/premierlawgroup\" \/>\n<meta property=\"article:modified_time\" content=\"2025-11-14T16:54:37+00:00\" \/>\n<meta property=\"og:image\" content=\"https:\/\/plg-pllc.com\/wp-content\/uploads\/2022\/05\/bellevue-bicycle-accident-1.jpg\" \/>\n\t<meta property=\"og:image:width\" content=\"1920\" \/>\n\t<meta property=\"og:image:height\" content=\"600\" \/>\n\t<meta property=\"og:image:type\" content=\"image\/jpeg\" \/>\n<meta name=\"twitter:card\" content=\"summary_large_image\" \/>\n<meta name=\"twitter:site\" content=\"@premierlawgroup\" \/>\n<meta name=\"twitter:label1\" content=\"Tiempo de lectura\" \/>\n\t<meta name=\"twitter:data1\" content=\"5 minutos\" \/>\n<script type=\"application\/ld+json\" class=\"yoast-schema-graph\">{\"@context\":\"https:\\\/\\\/schema.org\",\"@graph\":[{\"@type\":\"WebPage\",\"@id\":\"https:\\\/\\\/plg-pllc.com\\\/bellevue\\\/car-accident-lawyer\\\/property-damage\\\/\",\"url\":\"https:\\\/\\\/plg-pllc.com\\\/bellevue\\\/car-accident-lawyer\\\/property-damage\\\/\",\"name\":\"Property Damage Lawyer in Bellevue | Free Case Review\",\"isPartOf\":{\"@id\":\"https:\\\/\\\/plg-pllc.com\\\/#website\"},\"primaryImageOfPage\":{\"@id\":\"https:\\\/\\\/plg-pllc.com\\\/bellevue\\\/car-accident-lawyer\\\/property-damage\\\/#primaryimage\"},\"image\":{\"@id\":\"https:\\\/\\\/plg-pllc.com\\\/bellevue\\\/car-accident-lawyer\\\/property-damage\\\/#primaryimage\"},\"thumbnailUrl\":\"https:\\\/\\\/plg-pllc.com\\\/wp-content\\\/uploads\\\/2022\\\/05\\\/bellevue-bicycle-accident-1.jpg\",\"datePublished\":\"2022-05-27T23:31:29+00:00\",\"dateModified\":\"2025-11-14T16:54:37+00:00\",\"description\":\"Bellevue Property Damage Lawyer: Premier Law Group helps you unlock the full compensation you deserve. No Fee Unless We Win.\",\"breadcrumb\":{\"@id\":\"https:\\\/\\\/plg-pllc.com\\\/bellevue\\\/car-accident-lawyer\\\/property-damage\\\/#breadcrumb\"},\"inLanguage\":\"es\",\"potentialAction\":[{\"@type\":\"ReadAction\",\"target\":[\"https:\\\/\\\/plg-pllc.com\\\/bellevue\\\/car-accident-lawyer\\\/property-damage\\\/\"]}]},{\"@type\":\"ImageObject\",\"inLanguage\":\"es\",\"@id\":\"https:\\\/\\\/plg-pllc.com\\\/bellevue\\\/car-accident-lawyer\\\/property-damage\\\/#primaryimage\",\"url\":\"https:\\\/\\\/plg-pllc.com\\\/wp-content\\\/uploads\\\/2022\\\/05\\\/bellevue-bicycle-accident-1.jpg\",\"contentUrl\":\"https:\\\/\\\/plg-pllc.com\\\/wp-content\\\/uploads\\\/2022\\\/05\\\/bellevue-bicycle-accident-1.jpg\",\"width\":1920,\"height\":600,\"caption\":\"experienced Seattle Bellevue Renton and Federal Way bicycle accident lawyers\"},{\"@type\":\"BreadcrumbList\",\"@id\":\"https:\\\/\\\/plg-pllc.com\\\/bellevue\\\/car-accident-lawyer\\\/property-damage\\\/#breadcrumb\",\"itemListElement\":[{\"@type\":\"ListItem\",\"position\":1,\"name\":\"Home\",\"item\":\"https:\\\/\\\/plg-pllc.com\\\/es\\\/\"},{\"@type\":\"ListItem\",\"position\":2,\"name\":\"Bellevue Personal Injury Lawyer\",\"item\":\"https:\\\/\\\/plg-pllc.com\\\/es\\\/\"},{\"@type\":\"ListItem\",\"position\":3,\"name\":\"Bellevue Car Accident Lawyer\",\"item\":\"https:\\\/\\\/plg-pllc.com\\\/es\\\/bellevue\\\/car-accident-lawyer\\\/\"},{\"@type\":\"ListItem\",\"position\":4,\"name\":\"Property Damage\"}]},{\"@type\":\"WebSite\",\"@id\":\"https:\\\/\\\/plg-pllc.com\\\/#website\",\"url\":\"https:\\\/\\\/plg-pllc.com\\\/\",\"name\":\"Premier Law Group\",\"description\":\"Washington Wrongful Death and Serious Injury Lawyer\",\"publisher\":{\"@id\":\"https:\\\/\\\/plg-pllc.com\\\/#organization\"},\"inLanguage\":\"es\"},{\"@type\":\"Organization\",\"@id\":\"https:\\\/\\\/plg-pllc.com\\\/#organization\",\"name\":\"Premier Law Group\",\"url\":\"https:\\\/\\\/plg-pllc.com\\\/\",\"logo\":{\"@type\":\"ImageObject\",\"inLanguage\":\"es\",\"@id\":\"https:\\\/\\\/plg-pllc.com\\\/#\\\/schema\\\/logo\\\/image\\\/\",\"url\":\"https:\\\/\\\/plg-pllc.com\\\/wp-content\\\/uploads\\\/2020\\\/10\\\/plg-logo-v2.gif\",\"contentUrl\":\"https:\\\/\\\/plg-pllc.com\\\/wp-content\\\/uploads\\\/2020\\\/10\\\/plg-logo-v2.gif\",\"width\":592,\"height\":191,\"caption\":\"Premier Law Group\"},\"image\":{\"@id\":\"https:\\\/\\\/plg-pllc.com\\\/#\\\/schema\\\/logo\\\/image\\\/\"},\"sameAs\":[\"https:\\\/\\\/www.facebook.com\\\/premierlawgroup\",\"https:\\\/\\\/x.com\\\/premierlawgroup\"]}]}<\/script>\n<!-- \/ Yoast SEO plugin. -->","yoast_head_json":{"title":"Abogado de da\u00f1os materiales en Bellevue | Revisi\u00f3n gratuita de casos","description":"Abogado de da\u00f1os a la propiedad en Bellevue: Premier Law Group lo ayuda a obtener la compensaci\u00f3n total que se merece. Sin honorarios a menos que ganemos.","robots":{"index":"index","follow":"follow","max-snippet":"max-snippet:-1","max-image-preview":"max-image-preview:large","max-video-preview":"max-video-preview:-1"},"canonical":"https:\/\/plg-pllc.com\/es\/bellevue\/car-accident-lawyer\/property-damage\/","og_locale":"es_MX","og_type":"article","og_title":"Property Damage Lawyer in Bellevue | Free Case Review","og_description":"Bellevue Property Damage Lawyer: Premier Law Group helps you unlock the full compensation you deserve. No Fee Unless We Win.","og_url":"https:\/\/plg-pllc.com\/es\/bellevue\/car-accident-lawyer\/property-damage\/","og_site_name":"Premier Law Group","article_publisher":"https:\/\/www.facebook.com\/premierlawgroup","article_modified_time":"2025-11-14T16:54:37+00:00","og_image":[{"width":1920,"height":600,"url":"https:\/\/plg-pllc.com\/wp-content\/uploads\/2022\/05\/bellevue-bicycle-accident-1.jpg","type":"image\/jpeg"}],"twitter_card":"summary_large_image","twitter_site":"@premierlawgroup","twitter_misc":{"Tiempo de lectura":"5 minutos"},"schema":{"@context":"https:\/\/schema.org","@graph":[{"@type":"WebPage","@id":"https:\/\/plg-pllc.com\/bellevue\/car-accident-lawyer\/property-damage\/","url":"https:\/\/plg-pllc.com\/bellevue\/car-accident-lawyer\/property-damage\/","name":"Abogado de da\u00f1os materiales en Bellevue | Revisi\u00f3n gratuita de casos","isPartOf":{"@id":"https:\/\/plg-pllc.com\/#website"},"primaryImageOfPage":{"@id":"https:\/\/plg-pllc.com\/bellevue\/car-accident-lawyer\/property-damage\/#primaryimage"},"image":{"@id":"https:\/\/plg-pllc.com\/bellevue\/car-accident-lawyer\/property-damage\/#primaryimage"},"thumbnailUrl":"https:\/\/plg-pllc.com\/wp-content\/uploads\/2022\/05\/bellevue-bicycle-accident-1.jpg","datePublished":"2022-05-27T23:31:29+00:00","dateModified":"2025-11-14T16:54:37+00:00","description":"Abogado de da\u00f1os a la propiedad en Bellevue: Premier Law Group lo ayuda a obtener la compensaci\u00f3n total que se merece. Sin honorarios a menos que ganemos.","breadcrumb":{"@id":"https:\/\/plg-pllc.com\/bellevue\/car-accident-lawyer\/property-damage\/#breadcrumb"},"inLanguage":"es","potentialAction":[{"@type":"ReadAction","target":["https:\/\/plg-pllc.com\/bellevue\/car-accident-lawyer\/property-damage\/"]}]},{"@type":"ImageObject","inLanguage":"es","@id":"https:\/\/plg-pllc.com\/bellevue\/car-accident-lawyer\/property-damage\/#primaryimage","url":"https:\/\/plg-pllc.com\/wp-content\/uploads\/2022\/05\/bellevue-bicycle-accident-1.jpg","contentUrl":"https:\/\/plg-pllc.com\/wp-content\/uploads\/2022\/05\/bellevue-bicycle-accident-1.jpg","width":1920,"height":600,"caption":"experienced Seattle Bellevue Renton and Federal Way bicycle accident lawyers"},{"@type":"BreadcrumbList","@id":"https:\/\/plg-pllc.com\/bellevue\/car-accident-lawyer\/property-damage\/#breadcrumb","itemListElement":[{"@type":"ListItem","position":1,"name":"Home","item":"https:\/\/plg-pllc.com\/es\/"},{"@type":"ListItem","position":2,"name":"Bellevue Personal Injury Lawyer","item":"https:\/\/plg-pllc.com\/es\/"},{"@type":"ListItem","position":3,"name":"Bellevue Car Accident Lawyer","item":"https:\/\/plg-pllc.com\/es\/bellevue\/car-accident-lawyer\/"},{"@type":"ListItem","position":4,"name":"Property Damage"}]},{"@type":"WebSite","@id":"https:\/\/plg-pllc.com\/#website","url":"https:\/\/plg-pllc.com\/","name":"Grupo de abogados Premier","description":"Abogado de muerte por negligencia y lesiones graves en Washington","publisher":{"@id":"https:\/\/plg-pllc.com\/#organization"},"inLanguage":"es"},{"@type":"Organization","@id":"https:\/\/plg-pllc.com\/#organization","name":"Grupo de abogados Premier","url":"https:\/\/plg-pllc.com\/","logo":{"@type":"ImageObject","inLanguage":"es","@id":"https:\/\/plg-pllc.com\/#\/schema\/logo\/image\/","url":"https:\/\/plg-pllc.com\/wp-content\/uploads\/2020\/10\/plg-logo-v2.gif","contentUrl":"https:\/\/plg-pllc.com\/wp-content\/uploads\/2020\/10\/plg-logo-v2.gif","width":592,"height":191,"caption":"Premier Law Group"},"image":{"@id":"https:\/\/plg-pllc.com\/#\/schema\/logo\/image\/"},"sameAs":["https:\/\/www.facebook.com\/premierlawgroup","https:\/\/x.com\/premierlawgroup"]}]}},"_links":{"self":[{"href":"https:\/\/plg-pllc.com\/es\/wp-json\/wp\/v2\/pages\/19439","targetHints":{"allow":["GET"]}}],"collection":[{"href":"https:\/\/plg-pllc.com\/es\/wp-json\/wp\/v2\/pages"}],"about":[{"href":"https:\/\/plg-pllc.com\/es\/wp-json\/wp\/v2\/types\/page"}],"author":[{"embeddable":true,"href":"https:\/\/plg-pllc.com\/es\/wp-json\/wp\/v2\/users\/2"}],"replies":[{"embeddable":true,"href":"https:\/\/plg-pllc.com\/es\/wp-json\/wp\/v2\/comments?post=19439"}],"version-history":[{"count":0,"href":"https:\/\/plg-pllc.com\/es\/wp-json\/wp\/v2\/pages\/19439\/revisions"}],"up":[{"embeddable":true,"href":"https:\/\/plg-pllc.com\/es\/wp-json\/wp\/v2\/pages\/17270"}],"wp:featuredmedia":[{"embeddable":true,"href":"https:\/\/plg-pllc.com\/es\/wp-json\/wp\/v2\/media\/19440"}],"wp:attachment":[{"href":"https:\/\/plg-pllc.com\/es\/wp-json\/wp\/v2\/media?parent=19439"}],"wp:term":[{"taxonomy":"hc_faqs","embeddable":true,"href":"https:\/\/plg-pllc.com\/es\/wp-json\/wp\/v2\/hc_faqs?post=19439"}],"curies":[{"name":"gracias","href":"https:\/\/api.w.org\/{rel}","templated":true}]}}