{"id":19583,"date":"2022-07-12T09:02:00","date_gmt":"2022-07-12T16:02:00","guid":{"rendered":"https:\/\/plg-pllc.com\/?p=19583"},"modified":"2024-11-07T04:12:18","modified_gmt":"2024-11-07T12:12:18","slug":"how-lien-affects-personal-injury-case-in-washington","status":"publish","type":"page","link":"https:\/\/plg-pllc.com\/es\/faqs\/how-lien-affects-personal-injury-case-in-washington\/","title":{"rendered":"\u00bfC\u00f3mo afecta un gravamen a su caso de lesiones personales en Washington?"},"content":{"rendered":"<p>La mayor\u00eda de las personas no quieren o\u00edr que tienen embargos en su contra, especialmente si prev\u00e9n recibir dinero como parte de un acuerdo por una demanda por lesiones personales. Cuando espera recibir el dinero de un acuerdo, es probable que ya tenga una larga lista de gastos a los que se destinar\u00e1 ese dinero, y un embargo podr\u00eda poner en suspenso algunos de esos pagos.\u00a0<\/p>\r\n\r\n\r\n\r\n<p>Los embargos suelen ser la parte m\u00e1s desconcertante y desagradable de un acuerdo por lesiones personales. Son una de las muchas cosas que debe tener en cuenta al recuperar los da\u00f1os despu\u00e9s de un accidente. Muchas personas desconocen c\u00f3mo afectar\u00e1 un embargo a su caso de lesiones personales. Si bien aprender m\u00e1s sobre ellos es \u00fatil, se necesitan a\u00f1os de experiencia en lesiones personales para saber c\u00f3mo abordarlos mejor. Considere hablar con un abogado experimentado <a href=\"https:\/\/plg-pllc.com\/seattle\/personal-injury-lawyer\/\">abogado de lesiones personales en washington<\/a> Sobre su caso.\u00a0<\/p>\r\n\r\n\r\n\r\n<h2 class=\"wp-block-heading\" id=\"h-what-is-a-lien-on-a-personal-injury-case\">\u00bfQu\u00e9 es un gravamen en un caso de lesiones personales?<\/h2>\r\n\r\n\r\n\r\n<p>Los grav\u00e1menes son demandas de pago que se pueden realizar contra su demanda por lesiones personales. B\u00e1sicamente, otorgan a ciertas partes el derecho a una parte de su acuerdo. En general, un tribunal puede colocar un gravamen sobre la propiedad personal de una de las partes para pagar una deuda que se le debe a una persona o entidad. Esta deuda generalmente surge despu\u00e9s de la finalizaci\u00f3n de alg\u00fan tipo de trabajo relacionado con la propiedad.\u00a0<\/p>\r\n\r\n\r\n\r\n<p>En el contexto de un acuerdo por lesiones personales, la parte de la indemnizaci\u00f3n por la que el titular del gravamen reclama un derecho es la propiedad personal sobre la que se ha establecido el gravamen. Por ejemplo, una persona lesionada puede tener un gravamen m\u00e9dico sobre su demanda por lesiones personales por parte de quien haya pagado sus gastos m\u00e9dicos. Por lo general, los grav\u00e1menes se desarrollan en un caso de lesiones personales cuando usted sufre una lesi\u00f3n y no cuenta con los fondos para cubrir la atenci\u00f3n m\u00e9dica necesaria.<\/p>\r\n\r\n\r\n\r\n<h2 class=\"wp-block-heading\" id=\"h-how-can-liens-affect-my-personal-injury-settlement\">\u00bfC\u00f3mo pueden los grav\u00e1menes afectar mi acuerdo por lesiones personales?<\/h2>\r\n\r\n\r\n\r\n<p>En el caso de lesiones personales, cualquier entidad que haya pagado alguna factura a la v\u00edctima lesionada puede presentar un embargo preventivo. Este tercero debe pasar por el sistema legal para que se reconozca su embargo preventivo contra un acuerdo por lesiones personales.\u00a0<\/p>\r\n\r\n\r\n\r\n<p>El gravamen es, en efecto, una deducci\u00f3n del monto del acuerdo que recibir\u00e1. Las deducciones por gravamen m\u00e1s comunes de un acuerdo por lesiones personales provienen de los proveedores de seguros de salud, pero el gobierno federal, los proveedores de atenci\u00f3n m\u00e9dica y las compa\u00f1\u00edas de seguros de autom\u00f3viles tambi\u00e9n pueden presentarlas.<\/p>\r\n\r\n\r\n\r\n<p>Los grav\u00e1menes permiten que terceros recuperen el pago de sus servicios, ya sea del demandante, la parte responsable o su compa\u00f1\u00eda de seguros. Su abogado est\u00e1 legalmente obligado a respetar estos grav\u00e1menes incluso si usted no quiere que lo hagan. Usted y su abogado pueden ser considerados financieramente responsables si no se les paga. Los grav\u00e1menes de Medicare que no se pagan en su totalidad tambi\u00e9n pueden estar sujetos a sanciones e intereses. Si su proveedor de seguros coloca un gravamen sobre su acuerdo y usted no lo respeta, es posible que se niegue a cubrir sus deudas futuras.\u00a0<\/p>\r\n\r\n\r\n\r\n<h2 class=\"wp-block-heading\" id=\"h-is-it-possible-to-reduce-lien-deductions\">\u00bfEs posible reducir las deducciones por grav\u00e1menes?<\/h2>\r\n\r\n\r\n\r\n<p>Es esencial negociar y respetar todos los grav\u00e1menes debidamente presentados y exigibles. Aunque su abogado debe respetar legalmente estos grav\u00e1menes, puede tomar medidas para reducirlos. La posibilidad de reducir un gravamen impuesto sobre un acuerdo por lesiones nunca est\u00e1 garantizada. Sin embargo, un abogado de lesiones personales con experiencia y conocimiento podr\u00eda negociar con \u00e9xito un gravamen de acuerdo problem\u00e1tico.\u00a0<\/p>\r\n\r\n\r\n\r\n<p>Un abogado de lesiones personales de gran prestigio tomar\u00e1 todas las medidas razonables para minimizar las negociaciones de grav\u00e1menes, ya que conoce su complejidad. Su abogado trabajar\u00e1 para conseguirle la mayor parte posible de su indemnizaci\u00f3n por lesiones personales, guiado por su profundo conocimiento y amplia experiencia.<\/p>\r\n\r\n\r\n\r\n\n        <div class=\"rs-content-cta long\">\n            <p>Para una consulta legal GRATUITA, llame al <a href=\"tel:+12062851743\">(206) 285-1743 <\/a><\/p>\n            <a href=\"https:\/\/plg-pllc.com\/es\/contact-us\/\" title=\"OBTENGA UNA EVALUACI\u00d3N DE CASO GRATUITA\" class=\"btn-global\">OBTENGA UNA EVALUACI\u00d3N DE CASO GRATUITA<\/a>\n                    <picture>\n                            <source srcset=\"https:\/\/plg-pllc.com\/wp-content\/themes\/plg-pllc-redesign\/assets\/app\/img\/cta-thumb.webp\" type=\"image\/webp\"\/>\n                            <img src=\"https:\/\/plg-pllc.com\/wp-content\/themes\/plg-pllc-redesign\/assets\/app\/img\/cta-thumb.png\" alt=\"Grupo de abogados Premier\" title=\"Grupo de abogados Premier\" width=\"245\" height=\"220\" loading=\"auto\" fetchpriority=\"auto\" decoding=\"async\"\/>\n        <\/picture>\n        \n        <\/div><h2 class=\"wp-block-heading\" id=\"h-learn-more-about-your-legal-options-from-an-experienced-washington-personal-injury-lawyer\">Obtenga m\u00e1s informaci\u00f3n sobre sus opciones legales de la mano de un abogado con experiencia en lesiones personales de Washington<\/h2>\r\n\r\n\r\n\r\n<p>Los embargos toman a muchas personas por sorpresa. No saben que entidades como el estado, el gobierno federal, las compa\u00f1\u00edas de seguros de salud y los hospitales pueden presentar una reclamaci\u00f3n contra su acuerdo por lesiones personales bajo ciertas condiciones. Las negociaciones de embargos pueden ser dif\u00edciles, molestas y llevar mucho tiempo.\u00a0<\/p>\r\n\r\n\r\n\r\n<p>En <a href=\"https:\/\/plg-pllc.com\/seattle\/personal-injury-lawyer\/\">Grupo de abogados Premier<\/a>Nuestro equipo legal luchar\u00e1 por obtener el mejor resultado posible. Tenemos la experiencia necesaria para negociar grav\u00e1menes complejos y obtener un resultado justo en su acuerdo. Somos una firma orientada al cliente dedicada a brindarles la orientaci\u00f3n legal adecuada. Para obtener m\u00e1s informaci\u00f3n sobre sus opciones legales para abordar los grav\u00e1menes, hable con nosotros en<a href=\"tel:  (206) 880-7518\"> (206) 880-7518<\/a> o rellena nuestro <a href=\"https:\/\/plg-pllc.com\/contact-us\/\">Formulario de contacto<\/a>.<\/p>\r\n\n        <div class=\"rs-content-cta\">\n            <p>Llamar o enviar mensaje de texto <a href=\"tel:+12062851743\">(206) 285-1743<\/a> o complete un formulario de evaluaci\u00f3n de caso gratuito<\/p>\n            <a href=\"https:\/\/plg-pllc.com\/es\/contact-us\/\" title=\"OBTENGA UNA EVALUACI\u00d3N DE CASO GRATUITA\" class=\"btn-global\">OBTENGA UNA EVALUACI\u00d3N DE CASO GRATUITA<\/a>\n                    <picture>\n                            <source srcset=\"https:\/\/plg-pllc.com\/wp-content\/themes\/plg-pllc-redesign\/assets\/app\/img\/cta-thumb.webp\" type=\"image\/webp\"\/>\n                            <img src=\"https:\/\/plg-pllc.com\/wp-content\/themes\/plg-pllc-redesign\/assets\/app\/img\/cta-thumb.png\" alt=\"Grupo de abogados Premier\" title=\"Grupo de abogados Premier\" width=\"245\" height=\"220\" loading=\"auto\" fetchpriority=\"auto\" decoding=\"async\"\/>\n        <\/picture>\n        \n        <\/div>","protected":false},"excerpt":{"rendered":"<p>La mayor\u00eda de las personas no quieren o\u00edr que tienen grav\u00e1menes en su contra, especialmente si prev\u00e9n recibir dinero como parte de un acuerdo por una demanda por lesiones personales. Cuando espera recibir el dinero del acuerdo, es probable que ya tenga una larga lista de gastos a los que se destinar\u00e1 ese dinero, y un gravamen podr\u00eda ponerlo en peligro.<\/p>","protected":false},"author":24,"featured_media":19584,"parent":20714,"menu_order":0,"comment_status":"closed","ping_status":"closed","template":"","meta":{"_acf_changed":false,"_genesis_hide_title":false,"_genesis_hide_breadcrumbs":false,"_genesis_hide_singular_image":false,"_genesis_hide_footer_widgets":false,"_genesis_custom_body_class":"","_genesis_custom_post_class":"","_genesis_layout":"","footnotes":""},"hc_faqs":[10354],"class_list":{"0":"post-19583","1":"page","2":"type-page","3":"status-publish","4":"has-post-thumbnail","6":"hc_faqs-personal-injury","7":"entry"},"acf":[],"yoast_head":"<!-- This site is optimized with the Yoast SEO plugin v27.5 - https:\/\/yoast.com\/product\/yoast-seo-wordpress\/ -->\n<title>How Does a Lien Affect Your Personal Injury Case in Washington?<\/title>\n<meta name=\"description\" content=\"How Does a Lien Affect Your Personal Injury Case in Washington?: Premier Law Group helps you unlock the full compensation you deserve. No Fee Unless We Win.\" \/>\n<meta name=\"robots\" content=\"index, follow, max-snippet:-1, max-image-preview:large, max-video-preview:-1\" \/>\n<link rel=\"canonical\" href=\"https:\/\/plg-pllc.com\/es\/faqs\/how-lien-affects-personal-injury-case-in-washington\/\" \/>\n<meta property=\"og:locale\" content=\"es_MX\" \/>\n<meta property=\"og:type\" content=\"article\" \/>\n<meta property=\"og:title\" content=\"How Does a Lien Affect Your Personal Injury Case in Washington?\" \/>\n<meta property=\"og:description\" content=\"How Does a Lien Affect Your Personal Injury Case in Washington?: Premier Law Group helps you unlock the full compensation you deserve. No Fee Unless We Win.\" \/>\n<meta property=\"og:url\" content=\"https:\/\/plg-pllc.com\/es\/faqs\/how-lien-affects-personal-injury-case-in-washington\/\" \/>\n<meta property=\"og:site_name\" content=\"Premier Law Group\" \/>\n<meta property=\"article:publisher\" content=\"https:\/\/www.facebook.com\/premierlawgroup\" \/>\n<meta property=\"article:modified_time\" content=\"2024-11-07T12:12:18+00:00\" \/>\n<meta property=\"og:image\" content=\"https:\/\/plg-pllc.com\/wp-content\/uploads\/2022\/08\/lien-on-settlement-proceeds-in-washington.jpg\" \/>\n\t<meta property=\"og:image:width\" content=\"500\" \/>\n\t<meta property=\"og:image:height\" content=\"332\" \/>\n\t<meta property=\"og:image:type\" content=\"image\/jpeg\" \/>\n<meta name=\"twitter:card\" content=\"summary_large_image\" \/>\n<meta name=\"twitter:site\" content=\"@premierlawgroup\" \/>\n<meta name=\"twitter:label1\" content=\"Tiempo de lectura\" \/>\n\t<meta name=\"twitter:data1\" content=\"4 minutos\" \/>\n<script type=\"application\/ld+json\" class=\"yoast-schema-graph\">{\"@context\":\"https:\\\/\\\/schema.org\",\"@graph\":[{\"@type\":\"WebPage\",\"@id\":\"https:\\\/\\\/plg-pllc.com\\\/faqs\\\/how-lien-affects-personal-injury-case-in-washington\\\/\",\"url\":\"https:\\\/\\\/plg-pllc.com\\\/faqs\\\/how-lien-affects-personal-injury-case-in-washington\\\/\",\"name\":\"How Does a Lien Affect Your Personal Injury Case in Washington?\",\"isPartOf\":{\"@id\":\"https:\\\/\\\/plg-pllc.com\\\/#website\"},\"primaryImageOfPage\":{\"@id\":\"https:\\\/\\\/plg-pllc.com\\\/faqs\\\/how-lien-affects-personal-injury-case-in-washington\\\/#primaryimage\"},\"image\":{\"@id\":\"https:\\\/\\\/plg-pllc.com\\\/faqs\\\/how-lien-affects-personal-injury-case-in-washington\\\/#primaryimage\"},\"thumbnailUrl\":\"https:\\\/\\\/plg-pllc.com\\\/wp-content\\\/uploads\\\/2022\\\/08\\\/lien-on-settlement-proceeds-in-washington.jpg\",\"datePublished\":\"2022-07-12T16:02:00+00:00\",\"dateModified\":\"2024-11-07T12:12:18+00:00\",\"description\":\"How Does a Lien Affect Your Personal Injury Case in Washington?: Premier Law Group helps you unlock the full compensation you deserve. No Fee Unless We Win.\",\"breadcrumb\":{\"@id\":\"https:\\\/\\\/plg-pllc.com\\\/faqs\\\/how-lien-affects-personal-injury-case-in-washington\\\/#breadcrumb\"},\"inLanguage\":\"es\",\"potentialAction\":[{\"@type\":\"ReadAction\",\"target\":[\"https:\\\/\\\/plg-pllc.com\\\/faqs\\\/how-lien-affects-personal-injury-case-in-washington\\\/\"]}]},{\"@type\":\"ImageObject\",\"inLanguage\":\"es\",\"@id\":\"https:\\\/\\\/plg-pllc.com\\\/faqs\\\/how-lien-affects-personal-injury-case-in-washington\\\/#primaryimage\",\"url\":\"https:\\\/\\\/plg-pllc.com\\\/wp-content\\\/uploads\\\/2022\\\/08\\\/lien-on-settlement-proceeds-in-washington.jpg\",\"contentUrl\":\"https:\\\/\\\/plg-pllc.com\\\/wp-content\\\/uploads\\\/2022\\\/08\\\/lien-on-settlement-proceeds-in-washington.jpg\",\"width\":500,\"height\":332,\"caption\":\"Office desk with legal documents, cash and a gavel.\"},{\"@type\":\"BreadcrumbList\",\"@id\":\"https:\\\/\\\/plg-pllc.com\\\/faqs\\\/how-lien-affects-personal-injury-case-in-washington\\\/#breadcrumb\",\"itemListElement\":[{\"@type\":\"ListItem\",\"position\":1,\"name\":\"Home\",\"item\":\"https:\\\/\\\/plg-pllc.com\\\/es\\\/\"},{\"@type\":\"ListItem\",\"position\":2,\"name\":\"FAQs\",\"item\":\"https:\\\/\\\/plg-pllc.com\\\/es\\\/faqs\\\/\"},{\"@type\":\"ListItem\",\"position\":3,\"name\":\"How Does a Lien Affect Your Personal Injury Case in Washington?\"}]},{\"@type\":\"WebSite\",\"@id\":\"https:\\\/\\\/plg-pllc.com\\\/#website\",\"url\":\"https:\\\/\\\/plg-pllc.com\\\/\",\"name\":\"Premier Law Group\",\"description\":\"Washington Wrongful Death and Serious Injury Lawyer\",\"publisher\":{\"@id\":\"https:\\\/\\\/plg-pllc.com\\\/#organization\"},\"inLanguage\":\"es\"},{\"@type\":\"Organization\",\"@id\":\"https:\\\/\\\/plg-pllc.com\\\/#organization\",\"name\":\"Premier Law Group\",\"url\":\"https:\\\/\\\/plg-pllc.com\\\/\",\"logo\":{\"@type\":\"ImageObject\",\"inLanguage\":\"es\",\"@id\":\"https:\\\/\\\/plg-pllc.com\\\/#\\\/schema\\\/logo\\\/image\\\/\",\"url\":\"https:\\\/\\\/plg-pllc.com\\\/wp-content\\\/uploads\\\/2020\\\/10\\\/plg-logo-v2.gif\",\"contentUrl\":\"https:\\\/\\\/plg-pllc.com\\\/wp-content\\\/uploads\\\/2020\\\/10\\\/plg-logo-v2.gif\",\"width\":592,\"height\":191,\"caption\":\"Premier Law Group\"},\"image\":{\"@id\":\"https:\\\/\\\/plg-pllc.com\\\/#\\\/schema\\\/logo\\\/image\\\/\"},\"sameAs\":[\"https:\\\/\\\/www.facebook.com\\\/premierlawgroup\",\"https:\\\/\\\/x.com\\\/premierlawgroup\"]}]}<\/script>\n<!-- \/ Yoast SEO plugin. -->","yoast_head_json":{"title":"\u00bfC\u00f3mo afecta un gravamen a su caso de lesiones personales en Washington?","description":"\u00bfC\u00f3mo afecta un gravamen a su caso de lesiones personales en Washington?: Premier Law Group lo ayuda a obtener la compensaci\u00f3n total que merece. Sin cargo a menos que ganemos.","robots":{"index":"index","follow":"follow","max-snippet":"max-snippet:-1","max-image-preview":"max-image-preview:large","max-video-preview":"max-video-preview:-1"},"canonical":"https:\/\/plg-pllc.com\/es\/faqs\/how-lien-affects-personal-injury-case-in-washington\/","og_locale":"es_MX","og_type":"article","og_title":"How Does a Lien Affect Your Personal Injury Case in Washington?","og_description":"How Does a Lien Affect Your Personal Injury Case in Washington?: Premier Law Group helps you unlock the full compensation you deserve. No Fee Unless We Win.","og_url":"https:\/\/plg-pllc.com\/es\/faqs\/how-lien-affects-personal-injury-case-in-washington\/","og_site_name":"Premier Law Group","article_publisher":"https:\/\/www.facebook.com\/premierlawgroup","article_modified_time":"2024-11-07T12:12:18+00:00","og_image":[{"width":500,"height":332,"url":"https:\/\/plg-pllc.com\/wp-content\/uploads\/2022\/08\/lien-on-settlement-proceeds-in-washington.jpg","type":"image\/jpeg"}],"twitter_card":"summary_large_image","twitter_site":"@premierlawgroup","twitter_misc":{"Tiempo de lectura":"4 minutos"},"schema":{"@context":"https:\/\/schema.org","@graph":[{"@type":"WebPage","@id":"https:\/\/plg-pllc.com\/faqs\/how-lien-affects-personal-injury-case-in-washington\/","url":"https:\/\/plg-pllc.com\/faqs\/how-lien-affects-personal-injury-case-in-washington\/","name":"\u00bfC\u00f3mo afecta un gravamen a su caso de lesiones personales en Washington?","isPartOf":{"@id":"https:\/\/plg-pllc.com\/#website"},"primaryImageOfPage":{"@id":"https:\/\/plg-pllc.com\/faqs\/how-lien-affects-personal-injury-case-in-washington\/#primaryimage"},"image":{"@id":"https:\/\/plg-pllc.com\/faqs\/how-lien-affects-personal-injury-case-in-washington\/#primaryimage"},"thumbnailUrl":"https:\/\/plg-pllc.com\/wp-content\/uploads\/2022\/08\/lien-on-settlement-proceeds-in-washington.jpg","datePublished":"2022-07-12T16:02:00+00:00","dateModified":"2024-11-07T12:12:18+00:00","description":"\u00bfC\u00f3mo afecta un gravamen a su caso de lesiones personales en Washington?: Premier Law Group lo ayuda a obtener la compensaci\u00f3n total que merece. Sin cargo a menos que ganemos.","breadcrumb":{"@id":"https:\/\/plg-pllc.com\/faqs\/how-lien-affects-personal-injury-case-in-washington\/#breadcrumb"},"inLanguage":"es","potentialAction":[{"@type":"ReadAction","target":["https:\/\/plg-pllc.com\/faqs\/how-lien-affects-personal-injury-case-in-washington\/"]}]},{"@type":"ImageObject","inLanguage":"es","@id":"https:\/\/plg-pllc.com\/faqs\/how-lien-affects-personal-injury-case-in-washington\/#primaryimage","url":"https:\/\/plg-pllc.com\/wp-content\/uploads\/2022\/08\/lien-on-settlement-proceeds-in-washington.jpg","contentUrl":"https:\/\/plg-pllc.com\/wp-content\/uploads\/2022\/08\/lien-on-settlement-proceeds-in-washington.jpg","width":500,"height":332,"caption":"Office desk with legal documents, cash and a gavel."},{"@type":"BreadcrumbList","@id":"https:\/\/plg-pllc.com\/faqs\/how-lien-affects-personal-injury-case-in-washington\/#breadcrumb","itemListElement":[{"@type":"ListItem","position":1,"name":"Home","item":"https:\/\/plg-pllc.com\/es\/"},{"@type":"ListItem","position":2,"name":"FAQs","item":"https:\/\/plg-pllc.com\/es\/faqs\/"},{"@type":"ListItem","position":3,"name":"How Does a Lien Affect Your Personal Injury Case in Washington?"}]},{"@type":"WebSite","@id":"https:\/\/plg-pllc.com\/#website","url":"https:\/\/plg-pllc.com\/","name":"Grupo de abogados Premier","description":"Abogado de muerte por negligencia y lesiones graves en Washington","publisher":{"@id":"https:\/\/plg-pllc.com\/#organization"},"inLanguage":"es"},{"@type":"Organization","@id":"https:\/\/plg-pllc.com\/#organization","name":"Grupo de abogados Premier","url":"https:\/\/plg-pllc.com\/","logo":{"@type":"ImageObject","inLanguage":"es","@id":"https:\/\/plg-pllc.com\/#\/schema\/logo\/image\/","url":"https:\/\/plg-pllc.com\/wp-content\/uploads\/2020\/10\/plg-logo-v2.gif","contentUrl":"https:\/\/plg-pllc.com\/wp-content\/uploads\/2020\/10\/plg-logo-v2.gif","width":592,"height":191,"caption":"Premier Law Group"},"image":{"@id":"https:\/\/plg-pllc.com\/#\/schema\/logo\/image\/"},"sameAs":["https:\/\/www.facebook.com\/premierlawgroup","https:\/\/x.com\/premierlawgroup"]}]}},"_links":{"self":[{"href":"https:\/\/plg-pllc.com\/es\/wp-json\/wp\/v2\/pages\/19583","targetHints":{"allow":["GET"]}}],"collection":[{"href":"https:\/\/plg-pllc.com\/es\/wp-json\/wp\/v2\/pages"}],"about":[{"href":"https:\/\/plg-pllc.com\/es\/wp-json\/wp\/v2\/types\/page"}],"author":[{"embeddable":true,"href":"https:\/\/plg-pllc.com\/es\/wp-json\/wp\/v2\/users\/24"}],"replies":[{"embeddable":true,"href":"https:\/\/plg-pllc.com\/es\/wp-json\/wp\/v2\/comments?post=19583"}],"version-history":[{"count":0,"href":"https:\/\/plg-pllc.com\/es\/wp-json\/wp\/v2\/pages\/19583\/revisions"}],"up":[{"embeddable":true,"href":"https:\/\/plg-pllc.com\/es\/wp-json\/wp\/v2\/pages\/20714"}],"wp:featuredmedia":[{"embeddable":true,"href":"https:\/\/plg-pllc.com\/es\/wp-json\/wp\/v2\/media\/19584"}],"wp:attachment":[{"href":"https:\/\/plg-pllc.com\/es\/wp-json\/wp\/v2\/media?parent=19583"}],"wp:term":[{"taxonomy":"hc_faqs","embeddable":true,"href":"https:\/\/plg-pllc.com\/es\/wp-json\/wp\/v2\/hc_faqs?post=19583"}],"curies":[{"name":"gracias","href":"https:\/\/api.w.org\/{rel}","templated":true}]}}