{"id":19612,"date":"2022-08-10T09:38:47","date_gmt":"2022-08-10T16:38:47","guid":{"rendered":"https:\/\/plg-pllc.com\/?page_id=19612"},"modified":"2026-03-24T15:06:45","modified_gmt":"2026-03-24T22:06:45","slug":"seattle-rideshare-accident-lawyer","status":"publish","type":"page","link":"https:\/\/plg-pllc.com\/es\/seattle\/car-accident-lawyer\/rideshare\/","title":{"rendered":"Abogado de accidentes en viajes compartidos en Seattle"},"content":{"rendered":"<h2><strong>Bufete de abogados especializado en accidentes de viajes compartidos en Seattle<\/strong><\/h2>\n<p><span style=\"font-weight: 400;\">Cada vez m\u00e1s personas se dan cuenta de los beneficios de viajar a trav\u00e9s de un servicio de viajes compartidos en lugar de conducir su propio coche o incluso utilizar el transporte p\u00fablico. Los servicios de viajes compartidos permiten a los usuarios viajar por su ciudad sin preocuparse por factores estresantes como encontrar un buen lugar para aparcar o cargar combustible. Solo hay que pulsar unos botones, esperar unos minutos, subirse y listo.\u00a0<\/span><\/p>\n<p><span style=\"font-weight: 400;\">Sin embargo, los viajes compartidos siguen siendo susceptibles a accidentes automovil\u00edsticos como los viajes en autom\u00f3vil normales. La principal diferencia, en este caso, es que los accidentes que involucran a conductores de viajes compartidos pueden convertirse en asuntos legales complicados. Los accidentes automovil\u00edsticos normales ya son abrumadores, pero la complejidad adicional de un accidente de viaje compartido podr\u00eda ser demasiado para manejarlo por su cuenta. <a href=\"https:\/\/plg-pllc.com\/seattle\/personal-injury-lawyer\/\">Abogado de accidentes de viajes compartidos en Seattle<\/a> Puede ser \u00fatil a la hora de afrontar las consecuencias de un accidente.<\/span><\/p>\n<h2><strong>\u00bfQu\u00e9 sucede si soy pasajero durante un accidente de viaje compartido?<\/strong><\/h2>\n<p><span style=\"font-weight: 400;\">Para la mayor\u00eda de las personas, el procedimiento para presentar reclamos y solicitar una compensaci\u00f3n cuando se es pasajero en un accidente de transporte compartido no es claro. No eres el propietario del auto y ni siquiera estabas conduciendo, pero podr\u00edas resultar herido y sufrir p\u00e9rdidas debido a este accidente. Sin duda, eso deber\u00eda darte derecho a algo, \u00bfno?<\/span><\/p>\n<p><span style=\"font-weight: 400;\">En circunstancias normales, las v\u00edctimas de accidentes de tr\u00e1fico lesionadas presentar\u00edan una reclamaci\u00f3n contra la compa\u00f1\u00eda aseguradora de la parte culpable. Dado que usted viaja en el veh\u00edculo personal del conductor cuando utiliza un servicio de viajes compartidos, sus lesiones pueden estar cubiertas por el seguro personal del conductor.\u00a0<\/span><\/p>\n<p><span style=\"font-weight: 400;\">Los pasajeros est\u00e1n protegidos en accidentes cubiertos porque <\/span><a href=\"https:\/\/www.uber.com\/us\/en\/drive\/insurance\/\" target=\"_blank\" rel=\"noopener\"><span style=\"font-weight: 400;\">Uber mantiene el seguro de auto<\/span><\/a><span style=\"font-weight: 400;\"> en nombre de sus conductores. En muchas circunstancias, es probable que est\u00e9 cubierto por el seguro de responsabilidad civil de terceros de la empresa de viajes compartidos. Al igual que Uber, Lyft ofrece a los conductores y clientes <\/span><a href=\"https:\/\/help.lyft.com\/hc\/en-us\/all\/articles\/115013080548-Insurance-coverage-while-driving-with-lyft\/\" target=\"_blank\" rel=\"noopener\"><span style=\"font-weight: 400;\">cobertura integral de seguro de autom\u00f3vil<\/span><\/a><span style=\"font-weight: 400;\">.<\/span><\/p>\n<h3><span style=\"font-weight: 400;\">Cobertura de seguro de Uber para pasajeros<\/span><\/h3>\n<p><span style=\"font-weight: 400;\">En cuanto a la cobertura, Uber debe tener $25,000 en seguros de da\u00f1os materiales y $50,000 en cobertura de lesiones corporales por persona, $100,000 en cobertura de lesiones corporales por accidente. Adem\u00e1s, Uber tiene $1,000,000 en seguros de responsabilidad civil ante terceros en caso de que un conductor sufra un accidente mientras se dirige a recoger a un pasajero o en medio de un viaje.\u00a0<\/span><\/p>\n<p><span style=\"font-weight: 400;\">El seguro de responsabilidad civil cubre las lesiones corporales y los da\u00f1os materiales a cosas o personas que no sean el conductor ni su veh\u00edculo. Cuando los conductores de viajes compartidos causan accidentes que lesionan a alguien, su seguro de da\u00f1os corporales pagar\u00e1 los da\u00f1os de la v\u00edctima.<\/span><\/p>\n<h3><span style=\"font-weight: 400;\">Cobertura de seguro de Lyft para pasajeros\u00a0<\/span><\/h3>\n<p><span style=\"font-weight: 400;\">Mientras un conductor est\u00e1 activo en la aplicaci\u00f3n y espera una solicitud de viaje, Lyft lo cubre con un seguro de responsabilidad civil contingente. Los l\u00edmites de cobertura por lesiones corporales y da\u00f1os a la propiedad bajo esta p\u00f3liza de responsabilidad civil contingente son $50,000 por persona y $100,000 por accidente por lesiones corporales, y $25,000 por da\u00f1os a la propiedad.\u00a0<\/span><\/p>\n<p><span style=\"font-weight: 400;\">Seg\u00fan las restricciones estatales o locales, el l\u00edmite de la p\u00f3liza podr\u00eda ser diferente. Lyft tambi\u00e9n exige que los conductores tengan una p\u00f3liza de seguro de autom\u00f3vil personal con cobertura contra colisiones o cobertura integral.<\/span><\/p>\n<h2><strong>\u00bfQu\u00e9 provoca accidentes que involucran a conductores de viajes compartidos en Seattle?<\/strong><\/h2>\n<p><span style=\"font-weight: 400;\">Los servicios de viajes compartidos liberan a los usuarios de todos los inconvenientes que conlleva conducir su propio veh\u00edculo, como navegar por el tr\u00e1fico, repostar combustible y encontrar estacionamiento. Adem\u00e1s, a muchos conductores les encanta viajar por las ciudades para recoger y dejar pasajeros. Sin embargo, Uber y Lyft tienen desventajas que aumentan los riesgos que tal vez no encuentres al conducir tu propio veh\u00edculo.<\/span><\/p>\n<p><span style=\"font-weight: 400;\">Los accidentes en viajes compartidos ocurren por muchas razones, tales como:<\/span><\/p>\n<ul>\n<li style=\"font-weight: 400;\" aria-level=\"1\"><span style=\"font-weight: 400;\">Las notificaciones de las aplicaciones de viajes compartidos distraen al conductor<\/span><\/li>\n<li style=\"font-weight: 400;\" aria-level=\"1\"><span style=\"font-weight: 400;\">El conductor es inexperto o tiene h\u00e1bitos de conducci\u00f3n imprudentes.<\/span><\/li>\n<li style=\"font-weight: 400;\" aria-level=\"1\"><span style=\"font-weight: 400;\">Conductores cometen errores en carreteras que no conocen<\/span><\/li>\n<li style=\"font-weight: 400;\" aria-level=\"1\"><span style=\"font-weight: 400;\">Pasajeros que solicitan recogidas y devoluciones en lugares inseguros<\/span><\/li>\n<li style=\"font-weight: 400;\" aria-level=\"1\"><span style=\"font-weight: 400;\">La fatiga del conductor se produce al realizar numerosos viajes sin descansar.<\/span><\/li>\n<li style=\"font-weight: 400;\" aria-level=\"1\"><span style=\"font-weight: 400;\">Conductores que infringen las normas de tr\u00e1nsito para acortar los tiempos de viaje<\/span><\/li>\n<\/ul>\n<p><span style=\"font-weight: 400;\">Para aumentar sus ganancias, a los conductores de Uber y Lyft se les insta con frecuencia a realizar muchos viajes en un per\u00edodo corto. Esta mentalidad tiene la desagradable consecuencia de alentar a los conductores descuidados a adoptar conductas de riesgo, como conducir a exceso de velocidad, permanecer al volante durante per\u00edodos prolongados y consultar continuamente sus tel\u00e9fonos mientras conducen.<\/span><\/p>\n\n        <div class=\"rs-content-cta long\">\n            <p>Para una consulta legal GRATUITA con un abogado de accidentes de viajes compartidos que preste servicios en Seattle, llame al <a href=\"tel:+12062851743\">(206) 285-1743 <\/a><\/p>\n            <a href=\"https:\/\/plg-pllc.com\/es\/contact-us\/\" title=\"OBTENGA UNA EVALUACI\u00d3N DE CASO GRATUITA\" class=\"btn-global\">OBTENGA UNA EVALUACI\u00d3N DE CASO GRATUITA<\/a>\n                    <picture>\n                            <source srcset=\"https:\/\/plg-pllc.com\/wp-content\/themes\/plg-pllc-redesign\/assets\/app\/img\/cta-thumb.webp\" type=\"image\/webp\"\/>\n                            <img src=\"https:\/\/plg-pllc.com\/wp-content\/themes\/plg-pllc-redesign\/assets\/app\/img\/cta-thumb.png\" alt=\"Grupo de abogados Premier\" title=\"Grupo de abogados Premier\" width=\"245\" height=\"220\" loading=\"auto\" fetchpriority=\"auto\" decoding=\"async\"\/>\n        <\/picture>\n        \n        <\/div><h2><strong>\u00bfCu\u00e1l es el plazo de prescripci\u00f3n de accidentes en viajes compartidos en Seattle?<\/strong><\/h2>\n<p><span style=\"font-weight: 400;\">Despu\u00e9s de un accidente automovil\u00edstico, solo tiene un tiempo limitado para presentar una reclamaci\u00f3n. En Washington, estar\u00e1 sujeto al mismo plazo de prescripci\u00f3n por lesiones personales sufridas en su incidente de viaje compartido que en cualquier otro accidente automovil\u00edstico. Tiene tres a\u00f1os a partir de la fecha del accidente para iniciar un caso de lesiones personales.\u00a0<\/span><\/p>\n<p><span style=\"font-weight: 400;\">Si se ve involucrado en una colisi\u00f3n, es fundamental actuar lo antes posible. Si no cumple con este plazo, el tribunal puede decidir no considerar su caso y prohibirle obtener una compensaci\u00f3n por sus p\u00e9rdidas.<\/span><\/p>\n<h2><strong>Hable sobre su accidente de viaje compartido con un abogado de Seattle altamente calificado<\/strong><\/h2>\n<p><span style=\"font-weight: 400;\">Si tenemos en cuenta lo nuevo que es el transporte compartido en comparaci\u00f3n con otros modos de transporte, la mayor\u00eda de los viajeros a\u00fan no saben c\u00f3mo manejar los accidentes. Los accidentes de transporte compartido pueden ser m\u00e1s dif\u00edciles de abordar que los accidentes automovil\u00edsticos t\u00edpicos. Es posible que necesite un abogado con experiencia en accidentes de transporte compartido para que intervenga.<\/span><\/p>\n<p><span style=\"font-weight: 400;\">Grupo de abogados Premier <\/span><span style=\"font-weight: 400;\">cuenta con un equipo de abogados de lesiones personales y accidentes automovil\u00edsticos de primer nivel en Washington. Nuestro personal legal puede ayudarlo a presentar una demanda por da\u00f1os y perjuicios y luchar por sus derechos a una compensaci\u00f3n justa. Nuestros abogados est\u00e1n comprometidos a brindarles a los clientes la orientaci\u00f3n legal adecuada y no cobramos honorarios a menos que ganemos. Llame <a href=\"tel: (206) 880-7518\">(206) 880-7518<\/a> o <\/span><a href=\"https:\/\/plg-pllc.com\/contact-us\/\"><span style=\"font-weight: 400;\">Formulario de contacto<\/span><\/a><span style=\"font-weight: 400;\"> Inmediatamente para programar una consulta gratuita para su caso de accidente.<\/span><\/p>\n\n        <div class=\"rs-content-cta\">\n            <p>Llamar o enviar mensaje de texto <a href=\"tel:+12062851743\">(206) 285-1743<\/a> o complete un formulario de evaluaci\u00f3n de caso gratuito<\/p>\n            <a href=\"https:\/\/plg-pllc.com\/es\/contact-us\/\" title=\"OBTENGA UNA EVALUACI\u00d3N DE CASO GRATUITA\" class=\"btn-global\">OBTENGA UNA EVALUACI\u00d3N DE CASO GRATUITA<\/a>\n                    <picture>\n                            <source srcset=\"https:\/\/plg-pllc.com\/wp-content\/themes\/plg-pllc-redesign\/assets\/app\/img\/cta-thumb.webp\" type=\"image\/webp\"\/>\n                            <img src=\"https:\/\/plg-pllc.com\/wp-content\/themes\/plg-pllc-redesign\/assets\/app\/img\/cta-thumb.png\" alt=\"Grupo de abogados Premier\" title=\"Grupo de abogados Premier\" width=\"245\" height=\"220\" loading=\"auto\" fetchpriority=\"auto\" decoding=\"async\"\/>\n        <\/picture>\n        \n        <\/div>","protected":false},"excerpt":{"rendered":"<p>Bufete de abogados especializado en accidentes de viajes compartidos en Seattle Cada vez m\u00e1s personas ven los beneficios de viajar a trav\u00e9s de un servicio de viajes compartidos en lugar de conducir su autom\u00f3vil o incluso usar el transporte p\u00fablico. Los servicios de viajes compartidos permiten a los usuarios viajar por su ciudad sin preocuparse por factores estresantes como encontrar un buen lugar para estacionar o cargar combustible. Puede simplemente\u2026<\/p>","protected":false},"author":2,"featured_media":19137,"parent":17293,"menu_order":0,"comment_status":"closed","ping_status":"closed","template":"","meta":{"_acf_changed":false,"_genesis_hide_title":false,"_genesis_hide_breadcrumbs":false,"_genesis_hide_singular_image":false,"_genesis_hide_footer_widgets":false,"_genesis_custom_body_class":"","_genesis_custom_post_class":"","_genesis_layout":"","footnotes":""},"hc_faqs":[],"class_list":{"0":"post-19612","1":"page","2":"type-page","3":"status-publish","4":"has-post-thumbnail","6":"hc_city_location-seattle","7":"entry"},"acf":[],"yoast_head":"<!-- This site is optimized with the Yoast SEO plugin v27.2 - https:\/\/yoast.com\/product\/yoast-seo-wordpress\/ -->\n<title>Rideshare Accident Lawyer in Seattle | Free Case Review<\/title>\n<meta name=\"description\" content=\"Seattle Rideshare Accident Lawyer: Premier Law Group helps you unlock the full compensation you deserve. No Fee Unless We Win.\" \/>\n<meta name=\"robots\" content=\"index, follow, max-snippet:-1, max-image-preview:large, max-video-preview:-1\" \/>\n<link rel=\"canonical\" href=\"https:\/\/plg-pllc.com\/es\/seattle\/car-accident-lawyer\/rideshare\/\" \/>\n<meta property=\"og:locale\" content=\"es_MX\" \/>\n<meta property=\"og:type\" content=\"article\" \/>\n<meta property=\"og:title\" content=\"Rideshare Accident Lawyer in Seattle | Free Case Review\" \/>\n<meta property=\"og:description\" content=\"Seattle Rideshare Accident Lawyer: Premier Law Group helps you unlock the full compensation you deserve. No Fee Unless We Win.\" \/>\n<meta property=\"og:url\" content=\"https:\/\/plg-pllc.com\/es\/seattle\/car-accident-lawyer\/rideshare\/\" \/>\n<meta property=\"og:site_name\" content=\"Premier Law Group\" \/>\n<meta property=\"article:publisher\" content=\"https:\/\/www.facebook.com\/premierlawgroup\" \/>\n<meta property=\"article:modified_time\" content=\"2026-03-24T22:06:45+00:00\" \/>\n<meta property=\"og:image\" content=\"https:\/\/plg-pllc.com\/wp-content\/uploads\/2022\/01\/rear-end-car-accident-on-a-highway.jpg\" \/>\n\t<meta property=\"og:image:width\" content=\"500\" \/>\n\t<meta property=\"og:image:height\" content=\"332\" \/>\n\t<meta property=\"og:image:type\" content=\"image\/jpeg\" \/>\n<meta name=\"twitter:card\" content=\"summary_large_image\" \/>\n<meta name=\"twitter:site\" content=\"@premierlawgroup\" \/>\n<meta name=\"twitter:label1\" content=\"Tiempo de lectura\" \/>\n\t<meta name=\"twitter:data1\" content=\"5 minutos\" \/>\n<script type=\"application\/ld+json\" class=\"yoast-schema-graph\">{\"@context\":\"https:\/\/schema.org\",\"@graph\":[{\"@type\":\"WebPage\",\"@id\":\"https:\/\/plg-pllc.com\/seattle\/car-accident-lawyer\/rideshare\/\",\"url\":\"https:\/\/plg-pllc.com\/seattle\/car-accident-lawyer\/rideshare\/\",\"name\":\"Rideshare Accident Lawyer in Seattle | Free Case Review\",\"isPartOf\":{\"@id\":\"https:\/\/plg-pllc.com\/#website\"},\"primaryImageOfPage\":{\"@id\":\"https:\/\/plg-pllc.com\/seattle\/car-accident-lawyer\/rideshare\/#primaryimage\"},\"image\":{\"@id\":\"https:\/\/plg-pllc.com\/seattle\/car-accident-lawyer\/rideshare\/#primaryimage\"},\"thumbnailUrl\":\"https:\/\/plg-pllc.com\/wp-content\/uploads\/2022\/01\/rear-end-car-accident-on-a-highway.jpg\",\"datePublished\":\"2022-08-10T16:38:47+00:00\",\"dateModified\":\"2026-03-24T22:06:45+00:00\",\"description\":\"Seattle Rideshare Accident Lawyer: Premier Law Group helps you unlock the full compensation you deserve. No Fee Unless We Win.\",\"breadcrumb\":{\"@id\":\"https:\/\/plg-pllc.com\/seattle\/car-accident-lawyer\/rideshare\/#breadcrumb\"},\"inLanguage\":\"es\",\"potentialAction\":[{\"@type\":\"ReadAction\",\"target\":[\"https:\/\/plg-pllc.com\/seattle\/car-accident-lawyer\/rideshare\/\"]}]},{\"@type\":\"ImageObject\",\"inLanguage\":\"es\",\"@id\":\"https:\/\/plg-pllc.com\/seattle\/car-accident-lawyer\/rideshare\/#primaryimage\",\"url\":\"https:\/\/plg-pllc.com\/wp-content\/uploads\/2022\/01\/rear-end-car-accident-on-a-highway.jpg\",\"contentUrl\":\"https:\/\/plg-pllc.com\/wp-content\/uploads\/2022\/01\/rear-end-car-accident-on-a-highway.jpg\",\"width\":500,\"height\":332,\"caption\":\"car accident attorney\"},{\"@type\":\"BreadcrumbList\",\"@id\":\"https:\/\/plg-pllc.com\/seattle\/car-accident-lawyer\/rideshare\/#breadcrumb\",\"itemListElement\":[{\"@type\":\"ListItem\",\"position\":1,\"name\":\"Home\",\"item\":\"https:\/\/plg-pllc.com\/es\/\"},{\"@type\":\"ListItem\",\"position\":2,\"name\":\"Seattle Personal Injury Lawyer\",\"item\":\"https:\/\/plg-pllc.com\/es\/seattle\/personal-injury-lawyer\/\"},{\"@type\":\"ListItem\",\"position\":3,\"name\":\"Seattle Car Accident Lawyer\",\"item\":\"https:\/\/plg-pllc.com\/es\/seattle\/car-accident-lawyer\/\"},{\"@type\":\"ListItem\",\"position\":4,\"name\":\"Rideshare Accident\"}]},{\"@type\":\"WebSite\",\"@id\":\"https:\/\/plg-pllc.com\/#website\",\"url\":\"https:\/\/plg-pllc.com\/\",\"name\":\"Premier Law Group\",\"description\":\"Washington Wrongful Death and Serious Injury Lawyer\",\"publisher\":{\"@id\":\"https:\/\/plg-pllc.com\/#organization\"},\"inLanguage\":\"es\"},{\"@type\":\"Organization\",\"@id\":\"https:\/\/plg-pllc.com\/#organization\",\"name\":\"Premier Law Group\",\"url\":\"https:\/\/plg-pllc.com\/\",\"logo\":{\"@type\":\"ImageObject\",\"inLanguage\":\"es\",\"@id\":\"https:\/\/plg-pllc.com\/#\/schema\/logo\/image\/\",\"url\":\"https:\/\/plg-pllc.com\/wp-content\/uploads\/2020\/10\/plg-logo-v2.gif\",\"contentUrl\":\"https:\/\/plg-pllc.com\/wp-content\/uploads\/2020\/10\/plg-logo-v2.gif\",\"width\":592,\"height\":191,\"caption\":\"Premier Law Group\"},\"image\":{\"@id\":\"https:\/\/plg-pllc.com\/#\/schema\/logo\/image\/\"},\"sameAs\":[\"https:\/\/www.facebook.com\/premierlawgroup\",\"https:\/\/x.com\/premierlawgroup\"]}]}<\/script>\n<!-- \/ Yoast SEO plugin. -->","yoast_head_json":{"title":"Abogado de accidentes de viajes compartidos en Seattle | Revisi\u00f3n gratuita de casos","description":"Abogado de accidentes de viajes compartidos en Seattle: Premier Law Group lo ayuda a obtener la compensaci\u00f3n total que merece. Sin honorarios a menos que ganemos.","robots":{"index":"index","follow":"follow","max-snippet":"max-snippet:-1","max-image-preview":"max-image-preview:large","max-video-preview":"max-video-preview:-1"},"canonical":"https:\/\/plg-pllc.com\/es\/seattle\/car-accident-lawyer\/rideshare\/","og_locale":"es_MX","og_type":"article","og_title":"Rideshare Accident Lawyer in Seattle | Free Case Review","og_description":"Seattle Rideshare Accident Lawyer: Premier Law Group helps you unlock the full compensation you deserve. No Fee Unless We Win.","og_url":"https:\/\/plg-pllc.com\/es\/seattle\/car-accident-lawyer\/rideshare\/","og_site_name":"Premier Law Group","article_publisher":"https:\/\/www.facebook.com\/premierlawgroup","article_modified_time":"2026-03-24T22:06:45+00:00","og_image":[{"width":500,"height":332,"url":"https:\/\/plg-pllc.com\/wp-content\/uploads\/2022\/01\/rear-end-car-accident-on-a-highway.jpg","type":"image\/jpeg"}],"twitter_card":"summary_large_image","twitter_site":"@premierlawgroup","twitter_misc":{"Tiempo de lectura":"5 minutos"},"schema":{"@context":"https:\/\/schema.org","@graph":[{"@type":"WebPage","@id":"https:\/\/plg-pllc.com\/seattle\/car-accident-lawyer\/rideshare\/","url":"https:\/\/plg-pllc.com\/seattle\/car-accident-lawyer\/rideshare\/","name":"Abogado de accidentes de viajes compartidos en Seattle | Revisi\u00f3n gratuita de casos","isPartOf":{"@id":"https:\/\/plg-pllc.com\/#website"},"primaryImageOfPage":{"@id":"https:\/\/plg-pllc.com\/seattle\/car-accident-lawyer\/rideshare\/#primaryimage"},"image":{"@id":"https:\/\/plg-pllc.com\/seattle\/car-accident-lawyer\/rideshare\/#primaryimage"},"thumbnailUrl":"https:\/\/plg-pllc.com\/wp-content\/uploads\/2022\/01\/rear-end-car-accident-on-a-highway.jpg","datePublished":"2022-08-10T16:38:47+00:00","dateModified":"2026-03-24T22:06:45+00:00","description":"Abogado de accidentes de viajes compartidos en Seattle: Premier Law Group lo ayuda a obtener la compensaci\u00f3n total que merece. Sin honorarios a menos que ganemos.","breadcrumb":{"@id":"https:\/\/plg-pllc.com\/seattle\/car-accident-lawyer\/rideshare\/#breadcrumb"},"inLanguage":"es","potentialAction":[{"@type":"ReadAction","target":["https:\/\/plg-pllc.com\/seattle\/car-accident-lawyer\/rideshare\/"]}]},{"@type":"ImageObject","inLanguage":"es","@id":"https:\/\/plg-pllc.com\/seattle\/car-accident-lawyer\/rideshare\/#primaryimage","url":"https:\/\/plg-pllc.com\/wp-content\/uploads\/2022\/01\/rear-end-car-accident-on-a-highway.jpg","contentUrl":"https:\/\/plg-pllc.com\/wp-content\/uploads\/2022\/01\/rear-end-car-accident-on-a-highway.jpg","width":500,"height":332,"caption":"car accident attorney"},{"@type":"BreadcrumbList","@id":"https:\/\/plg-pllc.com\/seattle\/car-accident-lawyer\/rideshare\/#breadcrumb","itemListElement":[{"@type":"ListItem","position":1,"name":"Home","item":"https:\/\/plg-pllc.com\/es\/"},{"@type":"ListItem","position":2,"name":"Seattle Personal Injury Lawyer","item":"https:\/\/plg-pllc.com\/es\/seattle\/personal-injury-lawyer\/"},{"@type":"ListItem","position":3,"name":"Seattle Car Accident Lawyer","item":"https:\/\/plg-pllc.com\/es\/seattle\/car-accident-lawyer\/"},{"@type":"ListItem","position":4,"name":"Rideshare Accident"}]},{"@type":"WebSite","@id":"https:\/\/plg-pllc.com\/#website","url":"https:\/\/plg-pllc.com\/","name":"Grupo de abogados Premier","description":"Abogado de muerte por negligencia y lesiones graves en Washington","publisher":{"@id":"https:\/\/plg-pllc.com\/#organization"},"inLanguage":"es"},{"@type":"Organization","@id":"https:\/\/plg-pllc.com\/#organization","name":"Grupo de abogados Premier","url":"https:\/\/plg-pllc.com\/","logo":{"@type":"ImageObject","inLanguage":"es","@id":"https:\/\/plg-pllc.com\/#\/schema\/logo\/image\/","url":"https:\/\/plg-pllc.com\/wp-content\/uploads\/2020\/10\/plg-logo-v2.gif","contentUrl":"https:\/\/plg-pllc.com\/wp-content\/uploads\/2020\/10\/plg-logo-v2.gif","width":592,"height":191,"caption":"Premier Law Group"},"image":{"@id":"https:\/\/plg-pllc.com\/#\/schema\/logo\/image\/"},"sameAs":["https:\/\/www.facebook.com\/premierlawgroup","https:\/\/x.com\/premierlawgroup"]}]}},"_links":{"self":[{"href":"https:\/\/plg-pllc.com\/es\/wp-json\/wp\/v2\/pages\/19612","targetHints":{"allow":["GET"]}}],"collection":[{"href":"https:\/\/plg-pllc.com\/es\/wp-json\/wp\/v2\/pages"}],"about":[{"href":"https:\/\/plg-pllc.com\/es\/wp-json\/wp\/v2\/types\/page"}],"author":[{"embeddable":true,"href":"https:\/\/plg-pllc.com\/es\/wp-json\/wp\/v2\/users\/2"}],"replies":[{"embeddable":true,"href":"https:\/\/plg-pllc.com\/es\/wp-json\/wp\/v2\/comments?post=19612"}],"version-history":[{"count":0,"href":"https:\/\/plg-pllc.com\/es\/wp-json\/wp\/v2\/pages\/19612\/revisions"}],"up":[{"embeddable":true,"href":"https:\/\/plg-pllc.com\/es\/wp-json\/wp\/v2\/pages\/17293"}],"wp:featuredmedia":[{"embeddable":true,"href":"https:\/\/plg-pllc.com\/es\/wp-json\/wp\/v2\/media\/19137"}],"wp:attachment":[{"href":"https:\/\/plg-pllc.com\/es\/wp-json\/wp\/v2\/media?parent=19612"}],"wp:term":[{"taxonomy":"hc_faqs","embeddable":true,"href":"https:\/\/plg-pllc.com\/es\/wp-json\/wp\/v2\/hc_faqs?post=19612"}],"curies":[{"name":"gracias","href":"https:\/\/api.w.org\/{rel}","templated":true}]}}