{"id":19704,"date":"2022-09-02T13:50:22","date_gmt":"2022-09-02T20:50:22","guid":{"rendered":"https:\/\/plg-pllc.com\/?page_id=19704"},"modified":"2024-10-15T00:10:25","modified_gmt":"2024-10-15T07:10:25","slug":"6-hidden-facts-car-accidents","status":"publish","type":"page","link":"https:\/\/plg-pllc.com\/es\/videos\/6-hidden-facts-car-accidents\/","title":{"rendered":"6 datos ocultos que toda v\u00edctima de un accidente de tr\u00e1fico en Washington deber\u00eda saber"},"content":{"rendered":"<div id=\"sp-page\" class=\"spBgcover sp-content-1\" style=\"background-color: #010d17; font-family: 'Open Sans', sans-serif; font-weight: 400;\">\n<section id=\"sp-ks8a8s\" class=\"sp-el-section \" style=\"width: 100%; max-width: 100%; padding: 80px 10px 50px;\" data-mobile-visibility=\"#sp-ks8a8s|false\" data-desktop-visibility=\"#sp-ks8a8s|false\">\n<div id=\"sp-vw3kvy\" class=\"sp-el-row sm:sp-flex sp-w-full sp-m-auto sp-justify-between\" style=\"padding: 0px; width: auto; max-width: 1000px;\" data-mobile-visibility=\"#sp-vw3kvy|false\" data-desktop-visibility=\"#sp-vw3kvy|false\">\n<div id=\"sp-p5cudg\" class=\"sp-el-col sp-w-full\" style=\"width: calc(100% - 0px);\" data-mobile-visibility=\"#sp-p5cudg|false\" data-desktop-visibility=\"#sp-p5cudg|false\">\n<style type=\"text\/css\">\n        #sp-p5cudg .sp-col-top .seedprod-shape-fill {fill: undefined;} #sp-p5cudg .sp-col-top svg {width: undefined%;height: undefinedpx;transform: translateX(-50%);} #sp-p5cudg .sp-col-bottom .seedprod-shape-fill {fill: undefined;} #sp-p5cudg .sp-col-bottom svg {width: undefined%;height: undefinedpx;transform: translateX(-50%);}<br \/>      <\/style>\n<div class=\"sp-col-shape sp-col-top\" style=\"z-index: 0;\">\n<div><\/div>\n<\/div>\n<div class=\"sp-col-shape sp-col-bottom\" style=\"z-index: 0;\">\n<div><\/div>\n<\/div>\n<h2 id=\"sp-zla3av\" class=\"sp-css-target sp-el-block sp-headline-block-zla3av sp-type-header\" style=\"font-size: 56px; text-align: center; margin: 0px;\" data-mobile-css=\".sp-headline-block-zla3av|font-size:32px;\" data-mobile-visibility=\".sp-headline-block-zla3av|false\" data-desktop-visibility=\".sp-headline-block-zla3av|false\">6 Hidden Facts Every Car Accident Victim in Washington Should Know<\/h2>\n<h2 id=\"sp-oukccw\" class=\"sp-css-target sp-el-block sp-headline-block-oukccw sp-type-header\" style=\"font-size: 32px; text-align: center; margin: 0px;\" data-mobile-css=\".sp-headline-block-oukccw|font-size:20px;\" data-mobile-visibility=\".sp-headline-block-oukccw|false\" data-desktop-visibility=\".sp-headline-block-oukccw|false\">Discover hidden &#8220;gotchas&#8221; that most insurance companies don&#8217;t want you to know about<\/h2>\n<\/div>\n<\/div>\n<div id=\"sp-u7o3e7\" class=\"sp-el-row sm:sp-flex sp-w-full sp-m-auto sp-justify-between\" style=\"padding: 0px; width: auto; max-width: 1000px;\" data-mobile-visibility=\"#sp-u7o3e7|false\" data-desktop-visibility=\"#sp-u7o3e7|false\">\n<div id=\"sp-tb7sv7\" class=\"sp-el-col sp-w-full\" style=\"width: calc(100% - 0px);\" data-mobile-visibility=\"#sp-tb7sv7|false\" data-desktop-visibility=\"#sp-tb7sv7|false\">\n<style type=\"text\/css\">\n        #sp-tb7sv7 .sp-col-top .seedprod-shape-fill {fill: undefined;} #sp-tb7sv7 .sp-col-top svg {width: undefined%;height: undefinedpx;transform: translateX(-50%);} #sp-tb7sv7 .sp-col-bottom .seedprod-shape-fill {fill: undefined;} #sp-tb7sv7 .sp-col-bottom svg {width: undefined%;height: undefinedpx;transform: translateX(-50%);}<br \/>      <\/style>\n<div class=\"sp-col-shape sp-col-top\" style=\"z-index: 0;\">\n<div><\/div>\n<\/div>\n<div class=\"sp-col-shape sp-col-bottom\" style=\"z-index: 0;\">\n<div><\/div>\n<\/div>\n<div id=\"sp-nlh2z7\" class=\"sp-video-control sp-flex sp-el-block\" style=\"justify-content: center; margin: 0px;\">\n<div class=\"sp-video-wrapper sp-video-block-nlh2z7\" style=\"width: 100%; max-width: 100%;\" data-mobile-visibility=\".sp-video-block-nlh2z7|false\" data-desktop-visibility=\".sp-video-block-nlh2z7|false\">\n<div class=\"sp-video-responsive\"><iframe loading=\"lazy\" src=\"https:\/\/www.youtube.com\/embed\/g93enMGvjxQ\" width=\"560\" height=\"315\" frameborder=\"0\" allowfullscreen=\"allowfullscreen\"><\/iframe><\/div>\n<\/div>\n<\/div>\n<\/div>\n<\/div>\n<div id=\"sp-v3wdd8\" class=\"sp-el-row sm:sp-flex sp-w-full sp-m-auto sp-justify-between\" style=\"padding: 0px; width: auto; max-width: 740px;\" data-mobile-visibility=\"#sp-v3wdd8|false\" data-desktop-visibility=\"#sp-v3wdd8|false\">\n<div id=\"sp-rvgd5p\" class=\"sp-el-col sp-w-full\" style=\"width: calc(100% - 0px);\" data-mobile-visibility=\"#sp-rvgd5p|false\" data-desktop-visibility=\"#sp-rvgd5p|false\">\n<style type=\"text\/css\">\n        #sp-rvgd5p .sp-col-top .seedprod-shape-fill {fill: undefined;} #sp-rvgd5p .sp-col-top svg {width: undefined%;height: undefinedpx;transform: translateX(-50%);} #sp-rvgd5p .sp-col-bottom .seedprod-shape-fill {fill: undefined;} #sp-rvgd5p .sp-col-bottom svg {width: undefined%;height: undefinedpx;transform: translateX(-50%);}<br \/>      <\/style>\n<div class=\"sp-col-shape sp-col-top\" style=\"z-index: 0;\">\n<div><\/div>\n<\/div>\n<div class=\"sp-col-shape sp-col-bottom\" style=\"z-index: 0;\">\n<div><\/div>\n<\/div>\n<div id=\"sp-evd8o1\" class=\"sp-spacer\" style=\"height: 30px;\"><\/div>\n<div id=\"sp-b0prw6\" class=\"sp-optin-wrapper sp-el-block sp-optin-form-block-b0prw6\" style=\"font-size: 22px; font-family: 'Open Sans'; margin: 0px; text-align: center;\" data-mobile-visibility=\".sp-optin-form-block-b0prw6|false\" data-desktop-visibility=\".sp-optin-form-block-b0prw6|false\">\n<form id=\"sp-optin-form-b0prw6\" class=\"sp-w-full sp-flex sp-flex-wrap\" style=\"justify-content: center;\"><input name=\"page_id\" type=\"hidden\" value=\"19704\" \/><input name=\"page_uuid\" type=\"hidden\" value=\"3aa19dab-01cd-464a-b3b3-e2ec5f925d35\" \/><input name=\"site_token\" type=\"hidden\" value=\"8d01fcd8-8b31-4864-9dde-c7fb83164264\" \/><input name=\"user_id\" type=\"hidden\" value=\"52040\" \/><input name=\"redirect_url\" type=\"hidden\" value=\"https:\/\/plg-pllc.com\/6-hidden-facts-video-1\/\" \/><input name=\"seedprod_action\" type=\"hidden\" value=\"2\" \/><input name=\"email_integration_id\" type=\"hidden\" value=\"4772\" \/>\n<div class=\"sp-flex sp-optinform-field sp-px-1\" style=\"width: 70%;\"><input class=\"sp-form-input sp-w-full sp-mb-3\" style=\"background-color: #ffffff; color: #919699; padding: 12px; font-size: 20px; border-radius: 0px;\" name=\"name\" required=\"required\" type=\"text\" placeholder=\"First Name\" \/><\/div>\n<div class=\"sp-flex sp-optinform-field sp-px-1\" style=\"width: 70%;\"><input class=\"sp-form-input sp-w-full sp-mb-3\" style=\"background-color: #ffffff; color: #919699; padding: 12px; font-size: 20px; border-radius: 0px;\" name=\"email\" required=\"required\" type=\"email\" placeholder=\"Email\" \/><\/div>\n<div class=\"sp-optinform-btn sp-px-1\" style=\"width: 60%;\"><button class=\" sp-button sp-optin-submit sp-text-center sp-inline-block sp-leading-none sp-w-full sp-input-size-4\" style=\"font-weight: bold; font-style: normal; background: linear-gradient(-180deg, #e53935, #da201c 90%); color: #ffffff; padding: 0px 20px; border-radius: 0px; border: 1px solid #cd1e1a; box-shadow: rgba(255, 255, 255, 0.2) 0px 1px 0px inset;\"><span style=\"font-family: 'Open Sans';\">WATCH THE SERIES NOW<\/span><\/button><\/div>\n<div id=\"recaptcha-b0prw6\"><\/div>\n<\/form>\n<div id=\"sp-optin-success-b0prw6\" class=\"sp-hidden sp-text-center sp-my-8\">Thank You, we&#8217;ll be in touch soon.<\/div>\n<\/div>\n<div id=\"sp-o883c5\" class=\"sp-css-target sp-text-wrapper sp-el-block sp-text-wrapper-o883c5\" style=\"font-size: 16px; margin: 0px; text-align: left;\" data-mobile-css=\"\" data-mobile-visibility=\".sp-text-wrapper-o883c5|false\" data-desktop-visibility=\".sp-text-wrapper-o883c5|false\">\n<p style=\"text-align: left;\">If you&#8217;ve been in a car accident, you may have a lot of questions about what to do next. To help Washington accident victims get the facts they need BEFORE talking with the insurance company, Premier Law Group created 6 Questions and Answers Every Car Accident Victim in Washington Should Know. In this six-video series, personal injury attorney Jason Epstein will help you understand your rights and what you need to do next.<\/p>\n<\/div>\n<div id=\"sp-gtkvtk\" class=\"sp-css-target sp-text-wrapper sp-el-block sp-text-wrapper-gtkvtk\" style=\"margin: 0px; text-align: left;\" data-mobile-css=\"\" data-mobile-visibility=\".sp-text-wrapper-gtkvtk|false\" data-desktop-visibility=\".sp-text-wrapper-gtkvtk|false\">\n<p>Here&#8217;s a sample of what you will discover in this exclusive video series for Washington accident victims:<\/p>\n<\/div>\n<div id=\"sp-wwrvgq\" class=\"sp-flex sp-css-target sp-el-block sp-bulletlist-block-template-0 sp-justify-start sp-bulletlist-block-wwrvgq\" style=\"margin: 0px;\" data-mobile-css=\"\" data-mobile-visibility=\".sp-bulletlist-block-wwrvgq|false\" data-desktop-visibility=\".sp-bulletlist-block-wwrvgq|false\">\n<ul class=\"sp-bulletlist-wrapper\">\n<li class=\"sp-flex sp-items-center sp-justify-start\" style=\"padding: 0px 0px 10px;\"><i class=\"fa-fw fa-lg fas fa-check\" style=\"width: 32px; line-height: 32px; color: #7cb342;\"><\/i>When is it too late to file a car accident claim<\/li>\n<li class=\"sp-flex sp-items-center sp-justify-start\" style=\"padding: 0px 0px 10px;\"><i class=\"fa-fw fa-lg fas fa-check\" style=\"width: 32px; line-height: 32px; color: #7cb342;\"><\/i>How you can potentially pay your bills while recovering from your injuries<\/li>\n<li class=\"sp-flex sp-items-center sp-justify-start\" style=\"padding: 0px 0px 10px;\"><i class=\"fa-fw fa-lg fas fa-check\" style=\"width: 32px; line-height: 32px; color: #7cb342;\"><\/i>What you should (and shouldn&#8217;t) say when the insurance company calls<\/li>\n<li class=\"sp-flex sp-items-center sp-justify-start\" style=\"padding: 0px 0px 10px;\"><i class=\"fa-fw fa-lg fas fa-check\" style=\"width: 32px; line-height: 32px; color: #7cb342;\"><\/i>How can you get the best settlement offer from the insurance company<\/li>\n<li class=\"sp-flex sp-items-center sp-justify-start\" style=\"padding: 0px 0px 10px;\"><i class=\"fa-fw fa-lg fas fa-check\" style=\"width: 32px; line-height: 32px; color: #7cb342;\"><\/i>When you should hire an attorney<\/li>\n<li class=\"sp-flex sp-items-center sp-justify-start\"><i class=\"fa-fw fa-lg fas fa-check\" style=\"width: 32px; line-height: 32px; color: #7cb342;\"><\/i>&#8230;.PLUS MUCH MORE<\/li>\n<\/ul>\n<\/div>\n<div id=\"sp-vuhlmu\" class=\"sp-css-target sp-text-wrapper sp-el-block sp-text-wrapper-vuhlmu\" style=\"margin: 0px; text-align: left;\" data-mobile-css=\"\" data-mobile-visibility=\".sp-text-wrapper-vuhlmu|false\" data-desktop-visibility=\".sp-text-wrapper-vuhlmu|false\">\n<p>When you sign up you can watch all six videos IMMEDIATELY. Each video is under two minutes, and they cover everything accident victims need to know while they treat their injuries.<\/p>\n<p>If you or a loved one have been in a car accident, sign up to watch <em>6 Hidden Facts Every Car Accident Victim in Washington Should Know<\/em><\/p>\n<\/div>\n<\/div>\n<\/div>\n<\/section>\n<section id=\"sp-wvxj7129a9n\" class=\"sp-el-section spBgcover\" style=\"background-color: #ffffff; width: 100%; max-width: 100%; padding: 10px;\" data-mobile-visibility=\"#sp-wvxj7129a9n|false\" data-desktop-visibility=\"#sp-wvxj7129a9n|false\">\n<div id=\"sp-sizobq07vfgg\" class=\"sp-el-row sm:sp-flex sp-w-full sp-m-auto sp-justify-between\" style=\"padding: 0px; width: auto; max-width: 1000px;\" data-mobile-visibility=\"#sp-sizobq07vfgg|false\" data-desktop-visibility=\"#sp-sizobq07vfgg|false\">\n<div id=\"sp-dtfc9r9112jm\" class=\"sp-el-col sp-w-full\" style=\"width: calc(100% - 0px);\" data-mobile-visibility=\"#sp-dtfc9r9112jm|false\" data-desktop-visibility=\"#sp-dtfc9r9112jm|false\">\n<style type=\"text\/css\">\n        #sp-dtfc9r9112jm .sp-col-top .seedprod-shape-fill {fill: undefined;} #sp-dtfc9r9112jm .sp-col-top svg {width: undefined%;height: undefinedpx;transform: translateX(-50%);} #sp-dtfc9r9112jm .sp-col-bottom .seedprod-shape-fill {fill: undefined;} #sp-dtfc9r9112jm .sp-col-bottom svg {width: undefined%;height: undefinedpx;transform: translateX(-50%);}<br \/>      <\/style>\n<div class=\"sp-col-shape sp-col-top\" style=\"z-index: 0;\">\n<div><\/div>\n<\/div>\n<div class=\"sp-col-shape sp-col-bottom\" style=\"z-index: 0;\">\n<div><\/div>\n<\/div>\n<figure id=\"sp-apdsbdtyphv\" class=\"sp-image-wrapper sp-el-block\" style=\"margin: 4px 0px 0px; text-align: center;\">\n<div><img loading=\"lazy\" decoding=\"async\" class=\"sp-image-block-apdsbdtyphv\" style=\"width: 238px;\" src=\"https:\/\/plg-pllc.com\/wp-content\/uploads\/2020\/10\/plg-logo320x190.png\" srcset=\" https:\/\/plg-pllc.com\/wp-content\/uploads\/2020\/10\/plg-logo320x190-150x150.png 150w, https:\/\/plg-pllc.com\/wp-content\/uploads\/2020\/10\/plg-logo320x190-300x178.png 300w, https:\/\/plg-pllc.com\/wp-content\/uploads\/2020\/10\/plg-logo320x190.png 320w\" alt=\"\" width=\"320\" height=\"190\" data-mobile-visibility=\".sp-image-block-apdsbdtyphv|false\" data-desktop-visibility=\".sp-image-block-apdsbdtyphv|false\" \/><\/div>\n<\/figure>\n<div id=\"sp-teg526son7ug\" class=\"sp-nav sp-flex sp-el-block sp-justify-center sp-nav-menu-block-teg526son7ug\" style=\"margin: 12px 0px 0px; color: #010d17;\" data-mobile-css=\"#sp-teg526son7ug .nav-menu .menu-item |text-align:center\" data-mobile-visibility=\".sp-nav-menu-block-teg526son7ug|false\" data-desktop-visibility=\".sp-nav-menu-block-teg526son7ug|false\">\n<style type=\"text\/css\">\n    #sp-teg526son7ug .seedprod-menu-horizontal .nav-menu .menu-item ,#sp-teg526son7ug .seedprod-menu-horizontal .nav-menu .seedprod-menu-heading , #sp-teg526son7ug .seedprod-menu-separator {padding:0px 13px}\n<p>    #sp-teg526son7ug .nav-menu ul.sub-menu {box-shadow:0 25px 50px -12px rgba(0, 0, 0, 0.25)}<\/p>\n<p>    #sp-teg526son7ug .seedprod-menu-horizontal .nav-menu .separator.menu-item { padding:0px; }<\/p>\n<p>    #sp-teg526son7ug .custom-restricted-width .menu-item{padding:13px 0px}<\/p>\n<p>    #sp-teg526son7ug .seedprod-menu-list li a {color:#010D17;text-align:center}<br \/>    #sp-teg526son7ug .seedprod-menu-list li{color:#010D17;text-align:center}<\/p>\n<p>    #sp-teg526son7ug .seedprod-menu-list li a:hover {text-align:center}<\/p>\n<p>    #sp-teg526son7ug .sp-nav-wrapper li a:hover {text-align:center}<\/p>\n<p>    #sp-teg526son7ug .sub-menu {border-radius:6px;padding:4px 4px 4px 4px }<\/p>\n<p>    #sp-teg526son7ug .sub-menu a {color:#010D17}<\/p>\n<p>    #sp-teg526son7ug .sub-menu a:hover{}<\/p>\n<p>    #sp-teg526son7ug .bar{background-color:#010D17;}<br \/>  <\/p><\/style>\n<div class=\"sp-nested-nav-wrapper h sp-nav-classvehicular-accidents\">\n<div class=\"seedprod-menu seedprod-menu-builder seedprod-menu-horizontal sp-mobile-menu-false\">\n<div class=\"\">\n<nav class=\"nav-bar\">\n<div class=\"hamburger\"><\/div>\n<div class=\"nav-menu\">\n<div>[seedprodnestedmenuwidget menu=&#8217;vehicular-accidents&#8217; menudivider=&#8221; layout=&#8217;h&#8217; ]<\/div>\n<div><script> jQuery(document).ready(function(){   initDropdowns(); }); <\/script><\/div>\n<\/div>\n<\/nav>\n<\/div>\n<\/div>\n<\/div>\n<\/div>\n<div id=\"sp-kpvg1j\" class=\"sp-css-target sp-text-wrapper sp-el-block sp-text-wrapper-kpvg1j\" style=\"color: #010d17; margin: 0px; text-align: center;\" data-mobile-css=\"\" data-mobile-visibility=\".sp-text-wrapper-kpvg1j|false\" data-desktop-visibility=\".sp-text-wrapper-kpvg1j|false\">\n<p>Premier Law Group, PLLC | Copyright 2022 | Privacy Policy<\/p>\n<\/div>\n<\/div>\n<\/div>\n<\/section>\n<\/div>\n","protected":false},"excerpt":{"rendered":"<p>6 datos ocultos que toda v\u00edctima de un accidente automovil\u00edstico en Washington debe saber Descubra los &quot;trucos&quot; ocultos que la mayor\u00eda de las compa\u00f1\u00edas de seguros no quieren que usted sepa MIRA LA SERIE AHORA Gracias, nos comunicaremos contigo pronto. Si has sufrido un accidente automovil\u00edstico, es posible que tengas muchas preguntas sobre qu\u00e9 hacer a continuaci\u00f3n. Para...<\/p>","protected":false},"author":21,"featured_media":0,"parent":720,"menu_order":0,"comment_status":"closed","ping_status":"closed","template":"","meta":{"_acf_changed":false,"_genesis_hide_title":false,"_genesis_hide_breadcrumbs":false,"_genesis_hide_singular_image":false,"_genesis_hide_footer_widgets":false,"_genesis_custom_body_class":"","_genesis_custom_post_class":"","_genesis_layout":"","footnotes":""},"hc_faqs":[],"class_list":{"0":"post-19704","1":"page","2":"type-page","3":"status-publish","5":"entry"},"acf":[],"yoast_head":"<!-- This site is optimized with the Yoast SEO plugin v27.4 - https:\/\/yoast.com\/product\/yoast-seo-wordpress\/ -->\n<title>6 Hidden Facts Every Car Accident Victim in Washington Should Know - Premier Law Group<\/title>\n<meta name=\"description\" content=\"6 Hidden Facts Every Car Accident Victim in Washington Should Know: Premier Law Group helps you unlock the full compensation you deserve. No Fee Unless We Win.\" \/>\n<meta name=\"robots\" content=\"index, follow, max-snippet:-1, max-image-preview:large, max-video-preview:-1\" \/>\n<link rel=\"canonical\" href=\"https:\/\/plg-pllc.com\/es\/videos\/6-hidden-facts-car-accidents\/\" \/>\n<meta property=\"og:locale\" content=\"es_MX\" \/>\n<meta property=\"og:type\" content=\"article\" \/>\n<meta property=\"og:title\" content=\"6 Hidden Facts Every Car Accident Victim in Washington Should Know - Premier Law Group\" \/>\n<meta property=\"og:description\" content=\"6 Hidden Facts Every Car Accident Victim in Washington Should Know: Premier Law Group helps you unlock the full compensation you deserve. No Fee Unless We Win.\" \/>\n<meta property=\"og:url\" content=\"https:\/\/plg-pllc.com\/es\/videos\/6-hidden-facts-car-accidents\/\" \/>\n<meta property=\"og:site_name\" content=\"Premier Law Group\" \/>\n<meta property=\"article:publisher\" content=\"https:\/\/www.facebook.com\/premierlawgroup\" \/>\n<meta property=\"article:modified_time\" content=\"2024-10-15T07:10:25+00:00\" \/>\n<meta property=\"og:image\" content=\"https:\/\/plg-pllc.com\/wp-content\/uploads\/2020\/10\/plg-logo320x190.png\" \/>\n<meta name=\"twitter:card\" content=\"summary_large_image\" \/>\n<meta name=\"twitter:site\" content=\"@premierlawgroup\" \/>\n<meta name=\"twitter:label1\" content=\"Tiempo de lectura\" \/>\n\t<meta name=\"twitter:data1\" content=\"2 minutos\" \/>\n<script type=\"application\/ld+json\" class=\"yoast-schema-graph\">{\"@context\":\"https:\\\/\\\/schema.org\",\"@graph\":[{\"@type\":\"WebPage\",\"@id\":\"https:\\\/\\\/plg-pllc.com\\\/videos\\\/6-hidden-facts-car-accidents\\\/\",\"url\":\"https:\\\/\\\/plg-pllc.com\\\/videos\\\/6-hidden-facts-car-accidents\\\/\",\"name\":\"6 Hidden Facts Every Car Accident Victim in Washington Should Know - Premier Law Group\",\"isPartOf\":{\"@id\":\"https:\\\/\\\/plg-pllc.com\\\/#website\"},\"primaryImageOfPage\":{\"@id\":\"https:\\\/\\\/plg-pllc.com\\\/videos\\\/6-hidden-facts-car-accidents\\\/#primaryimage\"},\"image\":{\"@id\":\"https:\\\/\\\/plg-pllc.com\\\/videos\\\/6-hidden-facts-car-accidents\\\/#primaryimage\"},\"thumbnailUrl\":\"https:\\\/\\\/plg-pllc.com\\\/wp-content\\\/uploads\\\/2020\\\/10\\\/plg-logo320x190.png\",\"datePublished\":\"2022-09-02T20:50:22+00:00\",\"dateModified\":\"2024-10-15T07:10:25+00:00\",\"description\":\"6 Hidden Facts Every Car Accident Victim in Washington Should Know: Premier Law Group helps you unlock the full compensation you deserve. No Fee Unless We Win.\",\"breadcrumb\":{\"@id\":\"https:\\\/\\\/plg-pllc.com\\\/videos\\\/6-hidden-facts-car-accidents\\\/#breadcrumb\"},\"inLanguage\":\"es\",\"potentialAction\":[{\"@type\":\"ReadAction\",\"target\":[\"https:\\\/\\\/plg-pllc.com\\\/videos\\\/6-hidden-facts-car-accidents\\\/\"]}]},{\"@type\":\"ImageObject\",\"inLanguage\":\"es\",\"@id\":\"https:\\\/\\\/plg-pllc.com\\\/videos\\\/6-hidden-facts-car-accidents\\\/#primaryimage\",\"url\":\"https:\\\/\\\/plg-pllc.com\\\/wp-content\\\/uploads\\\/2020\\\/10\\\/plg-logo320x190.png\",\"contentUrl\":\"https:\\\/\\\/plg-pllc.com\\\/wp-content\\\/uploads\\\/2020\\\/10\\\/plg-logo320x190.png\"},{\"@type\":\"BreadcrumbList\",\"@id\":\"https:\\\/\\\/plg-pllc.com\\\/videos\\\/6-hidden-facts-car-accidents\\\/#breadcrumb\",\"itemListElement\":[{\"@type\":\"ListItem\",\"position\":1,\"name\":\"Home\",\"item\":\"https:\\\/\\\/plg-pllc.com\\\/es\\\/\"},{\"@type\":\"ListItem\",\"position\":2,\"name\":\"Videos\",\"item\":\"https:\\\/\\\/plg-pllc.com\\\/es\\\/videos\\\/\"},{\"@type\":\"ListItem\",\"position\":3,\"name\":\"6 Hidden Facts Every Car Accident Victim in Washington Should Know\"}]},{\"@type\":\"WebSite\",\"@id\":\"https:\\\/\\\/plg-pllc.com\\\/#website\",\"url\":\"https:\\\/\\\/plg-pllc.com\\\/\",\"name\":\"Premier Law Group\",\"description\":\"Washington Wrongful Death and Serious Injury Lawyer\",\"publisher\":{\"@id\":\"https:\\\/\\\/plg-pllc.com\\\/#organization\"},\"inLanguage\":\"es\"},{\"@type\":\"Organization\",\"@id\":\"https:\\\/\\\/plg-pllc.com\\\/#organization\",\"name\":\"Premier Law Group\",\"url\":\"https:\\\/\\\/plg-pllc.com\\\/\",\"logo\":{\"@type\":\"ImageObject\",\"inLanguage\":\"es\",\"@id\":\"https:\\\/\\\/plg-pllc.com\\\/#\\\/schema\\\/logo\\\/image\\\/\",\"url\":\"https:\\\/\\\/plg-pllc.com\\\/wp-content\\\/uploads\\\/2020\\\/10\\\/plg-logo-v2.gif\",\"contentUrl\":\"https:\\\/\\\/plg-pllc.com\\\/wp-content\\\/uploads\\\/2020\\\/10\\\/plg-logo-v2.gif\",\"width\":592,\"height\":191,\"caption\":\"Premier Law Group\"},\"image\":{\"@id\":\"https:\\\/\\\/plg-pllc.com\\\/#\\\/schema\\\/logo\\\/image\\\/\"},\"sameAs\":[\"https:\\\/\\\/www.facebook.com\\\/premierlawgroup\",\"https:\\\/\\\/x.com\\\/premierlawgroup\"]}]}<\/script>\n<!-- \/ Yoast SEO plugin. -->","yoast_head_json":{"title":"6 datos ocultos que toda v\u00edctima de un accidente de tr\u00e1fico en Washington deber\u00eda saber - Premier Law Group","description":"6 datos ocultos que toda v\u00edctima de un accidente de tr\u00e1fico en Washington deber\u00eda saber: Premier Law Group le ayuda a conseguir la indemnizaci\u00f3n total que merece. Sin honorarios a menos que ganemos.","robots":{"index":"index","follow":"follow","max-snippet":"max-snippet:-1","max-image-preview":"max-image-preview:large","max-video-preview":"max-video-preview:-1"},"canonical":"https:\/\/plg-pllc.com\/es\/videos\/6-hidden-facts-car-accidents\/","og_locale":"es_MX","og_type":"article","og_title":"6 Hidden Facts Every Car Accident Victim in Washington Should Know - Premier Law Group","og_description":"6 Hidden Facts Every Car Accident Victim in Washington Should Know: Premier Law Group helps you unlock the full compensation you deserve. No Fee Unless We Win.","og_url":"https:\/\/plg-pllc.com\/es\/videos\/6-hidden-facts-car-accidents\/","og_site_name":"Premier Law Group","article_publisher":"https:\/\/www.facebook.com\/premierlawgroup","article_modified_time":"2024-10-15T07:10:25+00:00","og_image":[{"url":"https:\/\/plg-pllc.com\/wp-content\/uploads\/2020\/10\/plg-logo320x190.png","type":"","width":"","height":""}],"twitter_card":"summary_large_image","twitter_site":"@premierlawgroup","twitter_misc":{"Tiempo de lectura":"2 minutos"},"schema":{"@context":"https:\/\/schema.org","@graph":[{"@type":"WebPage","@id":"https:\/\/plg-pllc.com\/videos\/6-hidden-facts-car-accidents\/","url":"https:\/\/plg-pllc.com\/videos\/6-hidden-facts-car-accidents\/","name":"6 datos ocultos que toda v\u00edctima de un accidente de tr\u00e1fico en Washington deber\u00eda saber - Premier Law Group","isPartOf":{"@id":"https:\/\/plg-pllc.com\/#website"},"primaryImageOfPage":{"@id":"https:\/\/plg-pllc.com\/videos\/6-hidden-facts-car-accidents\/#primaryimage"},"image":{"@id":"https:\/\/plg-pllc.com\/videos\/6-hidden-facts-car-accidents\/#primaryimage"},"thumbnailUrl":"https:\/\/plg-pllc.com\/wp-content\/uploads\/2020\/10\/plg-logo320x190.png","datePublished":"2022-09-02T20:50:22+00:00","dateModified":"2024-10-15T07:10:25+00:00","description":"6 datos ocultos que toda v\u00edctima de un accidente de tr\u00e1fico en Washington deber\u00eda saber: Premier Law Group le ayuda a conseguir la indemnizaci\u00f3n total que merece. Sin honorarios a menos que ganemos.","breadcrumb":{"@id":"https:\/\/plg-pllc.com\/videos\/6-hidden-facts-car-accidents\/#breadcrumb"},"inLanguage":"es","potentialAction":[{"@type":"ReadAction","target":["https:\/\/plg-pllc.com\/videos\/6-hidden-facts-car-accidents\/"]}]},{"@type":"ImageObject","inLanguage":"es","@id":"https:\/\/plg-pllc.com\/videos\/6-hidden-facts-car-accidents\/#primaryimage","url":"https:\/\/plg-pllc.com\/wp-content\/uploads\/2020\/10\/plg-logo320x190.png","contentUrl":"https:\/\/plg-pllc.com\/wp-content\/uploads\/2020\/10\/plg-logo320x190.png"},{"@type":"BreadcrumbList","@id":"https:\/\/plg-pllc.com\/videos\/6-hidden-facts-car-accidents\/#breadcrumb","itemListElement":[{"@type":"ListItem","position":1,"name":"Home","item":"https:\/\/plg-pllc.com\/es\/"},{"@type":"ListItem","position":2,"name":"Videos","item":"https:\/\/plg-pllc.com\/es\/videos\/"},{"@type":"ListItem","position":3,"name":"6 Hidden Facts Every Car Accident Victim in Washington Should Know"}]},{"@type":"WebSite","@id":"https:\/\/plg-pllc.com\/#website","url":"https:\/\/plg-pllc.com\/","name":"Grupo de abogados Premier","description":"Abogado de muerte por negligencia y lesiones graves en Washington","publisher":{"@id":"https:\/\/plg-pllc.com\/#organization"},"inLanguage":"es"},{"@type":"Organization","@id":"https:\/\/plg-pllc.com\/#organization","name":"Grupo de abogados Premier","url":"https:\/\/plg-pllc.com\/","logo":{"@type":"ImageObject","inLanguage":"es","@id":"https:\/\/plg-pllc.com\/#\/schema\/logo\/image\/","url":"https:\/\/plg-pllc.com\/wp-content\/uploads\/2020\/10\/plg-logo-v2.gif","contentUrl":"https:\/\/plg-pllc.com\/wp-content\/uploads\/2020\/10\/plg-logo-v2.gif","width":592,"height":191,"caption":"Premier Law Group"},"image":{"@id":"https:\/\/plg-pllc.com\/#\/schema\/logo\/image\/"},"sameAs":["https:\/\/www.facebook.com\/premierlawgroup","https:\/\/x.com\/premierlawgroup"]}]}},"_links":{"self":[{"href":"https:\/\/plg-pllc.com\/es\/wp-json\/wp\/v2\/pages\/19704","targetHints":{"allow":["GET"]}}],"collection":[{"href":"https:\/\/plg-pllc.com\/es\/wp-json\/wp\/v2\/pages"}],"about":[{"href":"https:\/\/plg-pllc.com\/es\/wp-json\/wp\/v2\/types\/page"}],"author":[{"embeddable":true,"href":"https:\/\/plg-pllc.com\/es\/wp-json\/wp\/v2\/users\/21"}],"replies":[{"embeddable":true,"href":"https:\/\/plg-pllc.com\/es\/wp-json\/wp\/v2\/comments?post=19704"}],"version-history":[{"count":0,"href":"https:\/\/plg-pllc.com\/es\/wp-json\/wp\/v2\/pages\/19704\/revisions"}],"up":[{"embeddable":true,"href":"https:\/\/plg-pllc.com\/es\/wp-json\/wp\/v2\/pages\/720"}],"wp:attachment":[{"href":"https:\/\/plg-pllc.com\/es\/wp-json\/wp\/v2\/media?parent=19704"}],"wp:term":[{"taxonomy":"hc_faqs","embeddable":true,"href":"https:\/\/plg-pllc.com\/es\/wp-json\/wp\/v2\/hc_faqs?post=19704"}],"curies":[{"name":"gracias","href":"https:\/\/api.w.org\/{rel}","templated":true}]}}