{"id":19732,"date":"2022-08-11T11:42:00","date_gmt":"2022-08-11T18:42:00","guid":{"rendered":"https:\/\/plg-pllc.com\/?p=19732"},"modified":"2024-11-07T04:12:16","modified_gmt":"2024-11-07T12:12:16","slug":"does-a-divorce-affect-a-personal-injury-settlement","status":"publish","type":"page","link":"https:\/\/plg-pllc.com\/es\/faqs\/does-a-divorce-affect-personal-injury-settlement\/","title":{"rendered":"\u00bfUn divorcio afecta un acuerdo por lesiones personales?"},"content":{"rendered":"<p>Separarse legalmente de una pareja puede ser una experiencia agotadora. Por ejemplo, usted y su ex pareja probablemente pasar\u00e1n mucho tiempo discutiendo asuntos como los acuerdos de custodia y la determinaci\u00f3n de c\u00f3mo separar los bienes. Los procedimientos pueden complicarse a\u00fan m\u00e1s si espera recibir un acuerdo por lesiones personales.\u00a0<\/p>\r\n\r\n\r\n\r\n<p>El dinero suele ser un punto de discordia cuando las parejas se est\u00e1n divorciando, y puede que no est\u00e9 claro si su divorcio afectar\u00e1 a su acuerdo. La respuesta depende de los detalles relacionados con su accidente, su divorcio y los da\u00f1os que se recuperen. Cuando le preocupa el resultado de su divorcio, <a href=\"https:\/\/plg-pllc.com\/seattle\/personal-injury-lawyer\/\">caso de lesiones personales<\/a>Puede ser beneficioso consultar a un abogado con experiencia en lesiones personales.<\/p>\r\n\r\n\r\n\r\n<h2 class=\"wp-block-heading\" id=\"h-how-do-personal-injury-settlements-factor-into-a-divorce\">\u00bfC\u00f3mo se incluyen los acuerdos por lesiones personales en un divorcio?<\/h2>\r\n\r\n\r\n\r\n<p>Ciertas circunstancias requieren que el acuerdo por da\u00f1os personales se considere propiedad conyugal durante el divorcio. Todas las pertenencias adquiridas durante el matrimonio de una pareja se denominan propiedad conyugal.\u00a0<\/p>\r\n\r\n\r\n\r\n<p>En Washington, las leyes sobre propiedad conyugal emplean el concepto de \u201cbienes gananciales\u201d, que considera que los bienes adquiridos durante el matrimonio son propiedad conjunta de los c\u00f3nyuges y est\u00e1n sujetos a una divisi\u00f3n equitativa en caso de divorcio. Washington es uno de los pocos estados que a\u00fan reconoce los bienes gananciales.<\/p>\r\n\r\n\r\n\r\n<h2 class=\"wp-block-heading\" id=\"h-when-is-a-personal-injury-settlement-considered-community-property\">\u00bfCu\u00e1ndo se considera que un acuerdo por lesiones personales es propiedad comunitaria?<\/h2>\r\n\r\n\r\n\r\n<p>Durante el divorcio, algunos de los da\u00f1os que se deriven de la indemnizaci\u00f3n pueden considerarse bienes separados y otros pueden ser bienes gananciales. Por lo general, cuando un c\u00f3nyuge soltero recibe una indemnizaci\u00f3n de una aseguradora, es de su exclusiva propiedad. Sin embargo, un juez puede decidir que la indemnizaci\u00f3n es propiedad conyugal si la aseguradora les otorg\u00f3 la indemnizaci\u00f3n a ambos como pareja casada.<\/p>\r\n\r\n\r\n\r\n<p>Dado que su propiedad y los ingresos de su c\u00f3nyuge se consideran bienes gananciales, la compensaci\u00f3n otorgada por p\u00e9rdida de ingresos y da\u00f1os a la propiedad se considerar\u00eda un bien conyugal y se puede dividir. Tambi\u00e9n se puede argumentar que un acuerdo por lesiones personales se convierte en un bien conyugal y, posteriormente, en un bien conyugal si el c\u00f3nyuge lesionado deposita el dinero en una cuenta conjunta mantenida por ambos c\u00f3nyuges.<\/p>\r\n\r\n\r\n\r\n<h2 class=\"wp-block-heading\" id=\"h-are-non-economic-damages-community-property\">\u00bfSon los da\u00f1os no econ\u00f3micos propiedad comunitaria?<\/h2>\r\n\r\n\r\n\r\n<p>Los da\u00f1os no econ\u00f3micos o la compensaci\u00f3n por p\u00e9rdidas que no sean financieras no suelen considerarse bienes gananciales cuando los concede el tribunal. Los da\u00f1os no econ\u00f3micos tienen por objeto compensar a la v\u00edctima por las p\u00e9rdidas intangibles sufridas a causa del accidente que le caus\u00f3 lesiones personales, como la desfiguraci\u00f3n y el dolor y el sufrimiento.\u00a0<\/p>\r\n\r\n\r\n\r\n<p>Ser\u00eda dif\u00edcil establecer que el c\u00f3nyuge que no result\u00f3 herido en el accidente ten\u00eda derecho a reclamar estos da\u00f1os, ya que normalmente solo afectan directamente al c\u00f3nyuge lesionado. Por lo tanto, si esos fondos se mantienen separados, no se dividir\u00e1n en el divorcio.<\/p>\r\n\r\n\r\n\r\n\n        <div class=\"rs-content-cta long\">\n            <p>Para una consulta legal GRATUITA, llame al <a href=\"tel:+12062851743\">(206) 285-1743 <\/a><\/p>\n            <a href=\"https:\/\/plg-pllc.com\/es\/contact-us\/\" title=\"OBTENGA UNA EVALUACI\u00d3N DE CASO GRATUITA\" class=\"btn-global\">OBTENGA UNA EVALUACI\u00d3N DE CASO GRATUITA<\/a>\n                    <picture>\n                            <source srcset=\"https:\/\/plg-pllc.com\/wp-content\/themes\/plg-pllc-redesign\/assets\/app\/img\/cta-thumb.webp\" type=\"image\/webp\"\/>\n                            <img src=\"https:\/\/plg-pllc.com\/wp-content\/themes\/plg-pllc-redesign\/assets\/app\/img\/cta-thumb.png\" alt=\"Grupo de abogados Premier\" title=\"Grupo de abogados Premier\" width=\"245\" height=\"220\" loading=\"auto\" fetchpriority=\"auto\" decoding=\"async\"\/>\n        <\/picture>\n        \n        <\/div><h2 class=\"wp-block-heading\" id=\"h-when-is-a-personal-injury-settlement-likely-unaffected-by-divorce\">\u00bfCu\u00e1ndo es probable que un acuerdo por lesiones personales no se vea afectado por el divorcio?<\/h2>\r\n\r\n\r\n\r\n<p>En determinadas situaciones, el acuerdo por lesiones personales puede no ser relevante en su divorcio. Por ejemplo, el dinero obtenido por un acuerdo por lesiones personales que se produjo antes de su matrimonio sigue siendo propiedad exclusiva de la persona que lo recibi\u00f3. Este principio tambi\u00e9n se aplica durante una separaci\u00f3n. El c\u00f3nyuge no lesionado no tiene derecho a ninguna parte del acuerdo si la pareja viv\u00eda separada en el momento del accidente.<\/p>\r\n\r\n\r\n\r\n<p>Aunque determinar estos factores puede parecer sencillo, los acuerdos suelen ser complejos y pueden resultar dif\u00edciles de resolver sin asistencia legal. La ayuda de un abogado experimentado es importante para consolidar su versi\u00f3n del incidente y ayudar a garantizar que reciba la totalidad de la compensaci\u00f3n que se le debe.<\/p>\r\n\r\n\r\n\r\n<h2 class=\"wp-block-heading\" id=\"h-seek-legal-counsel-from-an-experienced-personal-injury-attorney\">Busque asesoramiento legal de un abogado con experiencia en lesiones personales<\/h2>\r\n\r\n\r\n\r\n<p>Lidiar con una lesi\u00f3n personal y pasar por un divorcio son dos situaciones dif\u00edciles de manejar en estrecha proximidad, y es probable que compliquen las cosas para usted. Considere consultar a un abogado cuando surjan inquietudes con respecto a la divisi\u00f3n de su acuerdo por lesiones personales durante su divorcio. Un abogado experto es consciente de los desaf\u00edos \u00fanicos que esto puede representar para usted y puede ayudarlo a superarlos.<\/p>\r\n\r\n\r\n\r\n<p>El equipo legal de <a href=\"https:\/\/plg-pllc.com\/\">Grupo de abogados Premier<\/a> se compromete a ayudar a las v\u00edctimas de accidentes y a garantizar una compensaci\u00f3n justa. Hacemos un esfuerzo significativo para garantizar que nuestros clientes tengan \u00e9xito incluso en casos dif\u00edciles. Para los casos relacionados con accidentes, ofrecemos una evaluaci\u00f3n gratuita del caso y solo aceptamos una compensaci\u00f3n si tenemos \u00e9xito. Llame <a href=\"tel: (206) 880-7518\">(206) 880-7518<\/a> o utiliza nuestro <a href=\"https:\/\/plg-pllc.com\/contact-us\/\">Formulario de contacto<\/a> para contactar con nuestra oficina y concertar su consulta gratuita.<\/p>\r\n\n        <div class=\"rs-content-cta\">\n            <p>Llamar o enviar mensaje de texto <a href=\"tel:+12062851743\">(206) 285-1743<\/a> o complete un formulario de evaluaci\u00f3n de caso gratuito<\/p>\n            <a href=\"https:\/\/plg-pllc.com\/es\/contact-us\/\" title=\"OBTENGA UNA EVALUACI\u00d3N DE CASO GRATUITA\" class=\"btn-global\">OBTENGA UNA EVALUACI\u00d3N DE CASO GRATUITA<\/a>\n                    <picture>\n                            <source srcset=\"https:\/\/plg-pllc.com\/wp-content\/themes\/plg-pllc-redesign\/assets\/app\/img\/cta-thumb.webp\" type=\"image\/webp\"\/>\n                            <img src=\"https:\/\/plg-pllc.com\/wp-content\/themes\/plg-pllc-redesign\/assets\/app\/img\/cta-thumb.png\" alt=\"Grupo de abogados Premier\" title=\"Grupo de abogados Premier\" width=\"245\" height=\"220\" loading=\"auto\" fetchpriority=\"auto\" decoding=\"async\"\/>\n        <\/picture>\n        \n        <\/div>","protected":false},"excerpt":{"rendered":"<p>Separarse legalmente de una pareja puede ser una experiencia agotadora. Por ejemplo, es probable que usted y su expareja pasen mucho tiempo discutiendo asuntos como los acuerdos de custodia y la determinaci\u00f3n de c\u00f3mo separar los bienes. Los procedimientos pueden complicarse a\u00fan m\u00e1s si espera recibir un acuerdo por lesiones personales. El dinero suele ser un punto de discordia cuando\u2026<\/p>","protected":false},"author":24,"featured_media":19733,"parent":20714,"menu_order":0,"comment_status":"closed","ping_status":"closed","template":"","meta":{"_acf_changed":false,"_genesis_hide_title":false,"_genesis_hide_breadcrumbs":false,"_genesis_hide_singular_image":false,"_genesis_hide_footer_widgets":false,"_genesis_custom_body_class":"","_genesis_custom_post_class":"","_genesis_layout":"","footnotes":""},"hc_faqs":[10354],"class_list":{"0":"post-19732","1":"page","2":"type-page","3":"status-publish","4":"has-post-thumbnail","6":"hc_faqs-personal-injury","7":"entry"},"acf":[],"yoast_head":"<!-- This site is optimized with the Yoast SEO plugin v27.4 - https:\/\/yoast.com\/product\/yoast-seo-wordpress\/ -->\n<title>Does a Divorce Affect a Personal Injury Settlement?<\/title>\n<meta name=\"description\" content=\"Does a Divorce Affect a Personal Injury Settlement?: Premier Law Group helps you unlock the full compensation you deserve. No Fee Unless We Win.\" \/>\n<meta name=\"robots\" content=\"index, follow, max-snippet:-1, max-image-preview:large, max-video-preview:-1\" \/>\n<link rel=\"canonical\" href=\"https:\/\/plg-pllc.com\/es\/faqs\/does-a-divorce-affect-personal-injury-settlement\/\" \/>\n<meta property=\"og:locale\" content=\"es_MX\" \/>\n<meta property=\"og:type\" content=\"article\" \/>\n<meta property=\"og:title\" content=\"Does a Divorce Affect a Personal Injury Settlement?\" \/>\n<meta property=\"og:description\" content=\"Does a Divorce Affect a Personal Injury Settlement?: Premier Law Group helps you unlock the full compensation you deserve. No Fee Unless We Win.\" \/>\n<meta property=\"og:url\" content=\"https:\/\/plg-pllc.com\/es\/faqs\/does-a-divorce-affect-personal-injury-settlement\/\" \/>\n<meta property=\"og:site_name\" content=\"Premier Law Group\" \/>\n<meta property=\"article:publisher\" content=\"https:\/\/www.facebook.com\/premierlawgroup\" \/>\n<meta property=\"article:modified_time\" content=\"2024-11-07T12:12:16+00:00\" \/>\n<meta property=\"og:image\" content=\"https:\/\/plg-pllc.com\/wp-content\/uploads\/2022\/09\/injury-case-during-a-divorce.jpg\" \/>\n\t<meta property=\"og:image:width\" content=\"500\" \/>\n\t<meta property=\"og:image:height\" content=\"332\" \/>\n\t<meta property=\"og:image:type\" content=\"image\/jpeg\" \/>\n<meta name=\"twitter:card\" content=\"summary_large_image\" \/>\n<meta name=\"twitter:site\" content=\"@premierlawgroup\" \/>\n<meta name=\"twitter:label1\" content=\"Tiempo de lectura\" \/>\n\t<meta name=\"twitter:data1\" content=\"4 minutos\" \/>\n<script type=\"application\/ld+json\" class=\"yoast-schema-graph\">{\"@context\":\"https:\\\/\\\/schema.org\",\"@graph\":[{\"@type\":\"WebPage\",\"@id\":\"https:\\\/\\\/plg-pllc.com\\\/faqs\\\/does-a-divorce-affect-personal-injury-settlement\\\/\",\"url\":\"https:\\\/\\\/plg-pllc.com\\\/faqs\\\/does-a-divorce-affect-personal-injury-settlement\\\/\",\"name\":\"Does a Divorce Affect a Personal Injury Settlement?\",\"isPartOf\":{\"@id\":\"https:\\\/\\\/plg-pllc.com\\\/#website\"},\"primaryImageOfPage\":{\"@id\":\"https:\\\/\\\/plg-pllc.com\\\/faqs\\\/does-a-divorce-affect-personal-injury-settlement\\\/#primaryimage\"},\"image\":{\"@id\":\"https:\\\/\\\/plg-pllc.com\\\/faqs\\\/does-a-divorce-affect-personal-injury-settlement\\\/#primaryimage\"},\"thumbnailUrl\":\"https:\\\/\\\/plg-pllc.com\\\/wp-content\\\/uploads\\\/2022\\\/09\\\/injury-case-during-a-divorce.jpg\",\"datePublished\":\"2022-08-11T18:42:00+00:00\",\"dateModified\":\"2024-11-07T12:12:16+00:00\",\"description\":\"Does a Divorce Affect a Personal Injury Settlement?: Premier Law Group helps you unlock the full compensation you deserve. No Fee Unless We Win.\",\"breadcrumb\":{\"@id\":\"https:\\\/\\\/plg-pllc.com\\\/faqs\\\/does-a-divorce-affect-personal-injury-settlement\\\/#breadcrumb\"},\"inLanguage\":\"es\",\"potentialAction\":[{\"@type\":\"ReadAction\",\"target\":[\"https:\\\/\\\/plg-pllc.com\\\/faqs\\\/does-a-divorce-affect-personal-injury-settlement\\\/\"]}]},{\"@type\":\"ImageObject\",\"inLanguage\":\"es\",\"@id\":\"https:\\\/\\\/plg-pllc.com\\\/faqs\\\/does-a-divorce-affect-personal-injury-settlement\\\/#primaryimage\",\"url\":\"https:\\\/\\\/plg-pllc.com\\\/wp-content\\\/uploads\\\/2022\\\/09\\\/injury-case-during-a-divorce.jpg\",\"contentUrl\":\"https:\\\/\\\/plg-pllc.com\\\/wp-content\\\/uploads\\\/2022\\\/09\\\/injury-case-during-a-divorce.jpg\",\"width\":500,\"height\":332},{\"@type\":\"BreadcrumbList\",\"@id\":\"https:\\\/\\\/plg-pllc.com\\\/faqs\\\/does-a-divorce-affect-personal-injury-settlement\\\/#breadcrumb\",\"itemListElement\":[{\"@type\":\"ListItem\",\"position\":1,\"name\":\"Home\",\"item\":\"https:\\\/\\\/plg-pllc.com\\\/es\\\/\"},{\"@type\":\"ListItem\",\"position\":2,\"name\":\"FAQs\",\"item\":\"https:\\\/\\\/plg-pllc.com\\\/es\\\/faqs\\\/\"},{\"@type\":\"ListItem\",\"position\":3,\"name\":\"Does a Divorce Affect a Personal Injury Settlement?\"}]},{\"@type\":\"WebSite\",\"@id\":\"https:\\\/\\\/plg-pllc.com\\\/#website\",\"url\":\"https:\\\/\\\/plg-pllc.com\\\/\",\"name\":\"Premier Law Group\",\"description\":\"Washington Wrongful Death and Serious Injury Lawyer\",\"publisher\":{\"@id\":\"https:\\\/\\\/plg-pllc.com\\\/#organization\"},\"inLanguage\":\"es\"},{\"@type\":\"Organization\",\"@id\":\"https:\\\/\\\/plg-pllc.com\\\/#organization\",\"name\":\"Premier Law Group\",\"url\":\"https:\\\/\\\/plg-pllc.com\\\/\",\"logo\":{\"@type\":\"ImageObject\",\"inLanguage\":\"es\",\"@id\":\"https:\\\/\\\/plg-pllc.com\\\/#\\\/schema\\\/logo\\\/image\\\/\",\"url\":\"https:\\\/\\\/plg-pllc.com\\\/wp-content\\\/uploads\\\/2020\\\/10\\\/plg-logo-v2.gif\",\"contentUrl\":\"https:\\\/\\\/plg-pllc.com\\\/wp-content\\\/uploads\\\/2020\\\/10\\\/plg-logo-v2.gif\",\"width\":592,\"height\":191,\"caption\":\"Premier Law Group\"},\"image\":{\"@id\":\"https:\\\/\\\/plg-pllc.com\\\/#\\\/schema\\\/logo\\\/image\\\/\"},\"sameAs\":[\"https:\\\/\\\/www.facebook.com\\\/premierlawgroup\",\"https:\\\/\\\/x.com\\\/premierlawgroup\"]}]}<\/script>\n<!-- \/ Yoast SEO plugin. -->","yoast_head_json":{"title":"\u00bfUn divorcio afecta un acuerdo por lesiones personales?","description":"\u00bfAfecta un divorcio a un acuerdo por lesiones personales?: Premier Law Group lo ayuda a obtener la compensaci\u00f3n total que merece. Sin cargo a menos que ganemos.","robots":{"index":"index","follow":"follow","max-snippet":"max-snippet:-1","max-image-preview":"max-image-preview:large","max-video-preview":"max-video-preview:-1"},"canonical":"https:\/\/plg-pllc.com\/es\/faqs\/does-a-divorce-affect-personal-injury-settlement\/","og_locale":"es_MX","og_type":"article","og_title":"Does a Divorce Affect a Personal Injury Settlement?","og_description":"Does a Divorce Affect a Personal Injury Settlement?: Premier Law Group helps you unlock the full compensation you deserve. No Fee Unless We Win.","og_url":"https:\/\/plg-pllc.com\/es\/faqs\/does-a-divorce-affect-personal-injury-settlement\/","og_site_name":"Premier Law Group","article_publisher":"https:\/\/www.facebook.com\/premierlawgroup","article_modified_time":"2024-11-07T12:12:16+00:00","og_image":[{"width":500,"height":332,"url":"https:\/\/plg-pllc.com\/wp-content\/uploads\/2022\/09\/injury-case-during-a-divorce.jpg","type":"image\/jpeg"}],"twitter_card":"summary_large_image","twitter_site":"@premierlawgroup","twitter_misc":{"Tiempo de lectura":"4 minutos"},"schema":{"@context":"https:\/\/schema.org","@graph":[{"@type":"WebPage","@id":"https:\/\/plg-pllc.com\/faqs\/does-a-divorce-affect-personal-injury-settlement\/","url":"https:\/\/plg-pllc.com\/faqs\/does-a-divorce-affect-personal-injury-settlement\/","name":"\u00bfUn divorcio afecta un acuerdo por lesiones personales?","isPartOf":{"@id":"https:\/\/plg-pllc.com\/#website"},"primaryImageOfPage":{"@id":"https:\/\/plg-pllc.com\/faqs\/does-a-divorce-affect-personal-injury-settlement\/#primaryimage"},"image":{"@id":"https:\/\/plg-pllc.com\/faqs\/does-a-divorce-affect-personal-injury-settlement\/#primaryimage"},"thumbnailUrl":"https:\/\/plg-pllc.com\/wp-content\/uploads\/2022\/09\/injury-case-during-a-divorce.jpg","datePublished":"2022-08-11T18:42:00+00:00","dateModified":"2024-11-07T12:12:16+00:00","description":"\u00bfAfecta un divorcio a un acuerdo por lesiones personales?: Premier Law Group lo ayuda a obtener la compensaci\u00f3n total que merece. Sin cargo a menos que ganemos.","breadcrumb":{"@id":"https:\/\/plg-pllc.com\/faqs\/does-a-divorce-affect-personal-injury-settlement\/#breadcrumb"},"inLanguage":"es","potentialAction":[{"@type":"ReadAction","target":["https:\/\/plg-pllc.com\/faqs\/does-a-divorce-affect-personal-injury-settlement\/"]}]},{"@type":"ImageObject","inLanguage":"es","@id":"https:\/\/plg-pllc.com\/faqs\/does-a-divorce-affect-personal-injury-settlement\/#primaryimage","url":"https:\/\/plg-pllc.com\/wp-content\/uploads\/2022\/09\/injury-case-during-a-divorce.jpg","contentUrl":"https:\/\/plg-pllc.com\/wp-content\/uploads\/2022\/09\/injury-case-during-a-divorce.jpg","width":500,"height":332},{"@type":"BreadcrumbList","@id":"https:\/\/plg-pllc.com\/faqs\/does-a-divorce-affect-personal-injury-settlement\/#breadcrumb","itemListElement":[{"@type":"ListItem","position":1,"name":"Home","item":"https:\/\/plg-pllc.com\/es\/"},{"@type":"ListItem","position":2,"name":"FAQs","item":"https:\/\/plg-pllc.com\/es\/faqs\/"},{"@type":"ListItem","position":3,"name":"Does a Divorce Affect a Personal Injury Settlement?"}]},{"@type":"WebSite","@id":"https:\/\/plg-pllc.com\/#website","url":"https:\/\/plg-pllc.com\/","name":"Grupo de abogados Premier","description":"Abogado de muerte por negligencia y lesiones graves en Washington","publisher":{"@id":"https:\/\/plg-pllc.com\/#organization"},"inLanguage":"es"},{"@type":"Organization","@id":"https:\/\/plg-pllc.com\/#organization","name":"Grupo de abogados Premier","url":"https:\/\/plg-pllc.com\/","logo":{"@type":"ImageObject","inLanguage":"es","@id":"https:\/\/plg-pllc.com\/#\/schema\/logo\/image\/","url":"https:\/\/plg-pllc.com\/wp-content\/uploads\/2020\/10\/plg-logo-v2.gif","contentUrl":"https:\/\/plg-pllc.com\/wp-content\/uploads\/2020\/10\/plg-logo-v2.gif","width":592,"height":191,"caption":"Premier Law Group"},"image":{"@id":"https:\/\/plg-pllc.com\/#\/schema\/logo\/image\/"},"sameAs":["https:\/\/www.facebook.com\/premierlawgroup","https:\/\/x.com\/premierlawgroup"]}]}},"_links":{"self":[{"href":"https:\/\/plg-pllc.com\/es\/wp-json\/wp\/v2\/pages\/19732","targetHints":{"allow":["GET"]}}],"collection":[{"href":"https:\/\/plg-pllc.com\/es\/wp-json\/wp\/v2\/pages"}],"about":[{"href":"https:\/\/plg-pllc.com\/es\/wp-json\/wp\/v2\/types\/page"}],"author":[{"embeddable":true,"href":"https:\/\/plg-pllc.com\/es\/wp-json\/wp\/v2\/users\/24"}],"replies":[{"embeddable":true,"href":"https:\/\/plg-pllc.com\/es\/wp-json\/wp\/v2\/comments?post=19732"}],"version-history":[{"count":0,"href":"https:\/\/plg-pllc.com\/es\/wp-json\/wp\/v2\/pages\/19732\/revisions"}],"up":[{"embeddable":true,"href":"https:\/\/plg-pllc.com\/es\/wp-json\/wp\/v2\/pages\/20714"}],"wp:featuredmedia":[{"embeddable":true,"href":"https:\/\/plg-pllc.com\/es\/wp-json\/wp\/v2\/media\/19733"}],"wp:attachment":[{"href":"https:\/\/plg-pllc.com\/es\/wp-json\/wp\/v2\/media?parent=19732"}],"wp:term":[{"taxonomy":"hc_faqs","embeddable":true,"href":"https:\/\/plg-pllc.com\/es\/wp-json\/wp\/v2\/hc_faqs?post=19732"}],"curies":[{"name":"gracias","href":"https:\/\/api.w.org\/{rel}","templated":true}]}}