{"id":19736,"date":"2022-09-08T13:09:05","date_gmt":"2022-09-08T20:09:05","guid":{"rendered":"https:\/\/plg-pllc.com\/?page_id=19736"},"modified":"2024-09-27T05:59:33","modified_gmt":"2024-09-27T12:59:33","slug":"fremont-personal-injury-attorney","status":"publish","type":"page","link":"https:\/\/plg-pllc.com\/es\/fremont\/personal-injury-lawyer\/","title":{"rendered":"Abogado de lesiones personales en Fremont"},"content":{"rendered":"<p><span style=\"font-weight: 400;\">Fremont es un barrio poco convencional donde los creativos locales y los profesionales de la tecnolog\u00eda pueden reunirse en los caf\u00e9s \u00fanicos de la zona. Si bien es interesante, estar en una zona tan destacada conlleva una mayor probabilidad de encontrarse con negligencias. Los residentes de Fremont deben saber que no pueden hacer mucho para evitar conductores descuidados, mantenimiento deficiente de la propiedad y otras situaciones que pueden resultar en accidentes peligrosos. Sin embargo, est\u00e1n facultados para emprender acciones legales cuando ocurre un accidente.\u00a0<\/span><\/p>\n<p><span style=\"font-weight: 400;\">La magnitud y el impacto de las lesiones por accidentes suelen sorprender a las v\u00edctimas de accidentes, por lo que les cuesta adaptarse a los cambios de vida y las dificultades econ\u00f3micas resultantes. Cuando presente su demanda por lesiones personales, piense en hablar con un abogado de lesiones personales de Fremont que tenga las habilidades necesarias para asegurar un acuerdo que refleje de manera justa sus da\u00f1os. Premier Law Group se ocupa de varios casos de lesiones personales y puede resultar un recurso valioso para usted.\u00a0<\/span><\/p>\n<h2><span style=\"font-weight: 400;\">Da\u00f1os que puede recuperar de un reclamo por lesiones personales en Fremont<\/span><\/h2>\n<p><span style=\"font-weight: 400;\">Puede ser desalentador ver facturas mensuales crecientes y gastos m\u00e9dicos astron\u00f3micos, pero si usted result\u00f3 herido sin culpa propia, no deber\u00eda tener que soportar la carga financiera.\u00a0<\/span><\/p>\n<p><span style=\"font-weight: 400;\">Si las actividades de la persona negligente le causan da\u00f1os, tiene derecho a recibir una compensaci\u00f3n. Existen varios tipos de da\u00f1os por los que puede solicitar una compensaci\u00f3n:<\/span><\/p>\n<h3><span style=\"font-weight: 400;\">Da\u00f1os compensatorios<\/span><\/h3>\n<p><span style=\"font-weight: 400;\">Las v\u00edctimas de accidentes pueden tener derecho a una indemnizaci\u00f3n por da\u00f1os econ\u00f3micos y no econ\u00f3micos, que se engloban en la categor\u00eda de da\u00f1os compensatorios. Para devolver a la parte lesionada a su estado anterior a la lesi\u00f3n, los da\u00f1os compensatorios intentan restaurar su bienestar financiero, f\u00edsico y emocional. Asignan un valor monetario a los efectos del accidente en la v\u00edctima.\u00a0<\/span><\/p>\n<p><span style=\"font-weight: 400;\">Los da\u00f1os econ\u00f3micos son aquellos que tienen un valor monetario demostrable. Entre los da\u00f1os econ\u00f3micos t\u00edpicos se incluyen los siguientes:<\/span><\/p>\n<ul>\n<li style=\"font-weight: 400;\" aria-level=\"1\"><span style=\"font-weight: 400;\">Facturas m\u00e9dicas<\/span><\/li>\n<li style=\"font-weight: 400;\" aria-level=\"1\"><span style=\"font-weight: 400;\">Costo de las recetas<\/span><\/li>\n<li style=\"font-weight: 400;\" aria-level=\"1\"><span style=\"font-weight: 400;\">P\u00e9rdida de ingresos<\/span><\/li>\n<li style=\"font-weight: 400;\" aria-level=\"1\"><span style=\"font-weight: 400;\">Costo de reparaci\u00f3n o reemplazo de la propiedad<\/span><\/li>\n<li style=\"font-weight: 400;\" aria-level=\"1\"><span style=\"font-weight: 400;\">Gastos de transporte<\/span><\/li>\n<\/ul>\n<p><span style=\"font-weight: 400;\">Los da\u00f1os no econ\u00f3micos son p\u00e9rdidas que no tienen un valor monetario exacto. Entre estas p\u00e9rdidas se incluyen los siguientes ejemplos:<\/span><\/p>\n<ul>\n<li style=\"font-weight: 400;\" aria-level=\"1\"><span style=\"font-weight: 400;\">Dolor y sufrimiento<\/span><\/li>\n<li style=\"font-weight: 400;\" aria-level=\"1\"><span style=\"font-weight: 400;\">Angustia emocional<\/span><\/li>\n<li style=\"font-weight: 400;\" aria-level=\"1\"><span style=\"font-weight: 400;\">Angustia mental<\/span><\/li>\n<li style=\"font-weight: 400;\" aria-level=\"1\"><span style=\"font-weight: 400;\">Desfiguraci\u00f3n<\/span><\/li>\n<li style=\"font-weight: 400;\" aria-level=\"1\"><span style=\"font-weight: 400;\">P\u00e9rdida del estilo de vida<\/span><\/li>\n<li style=\"font-weight: 400;\" aria-level=\"1\"><span style=\"font-weight: 400;\">P\u00e9rdida del consorcio<\/span><\/li>\n<\/ul>\n<p><span style=\"font-weight: 400;\">Si bien estas p\u00e9rdidas no tienen un precio, se pueden evaluar en t\u00e9rminos monetarios. Con la ayuda de un h\u00e1bil abogado especializado en lesiones personales, es posible que pueda justificar la cantidad de compensaci\u00f3n que solicita para cubrir estos da\u00f1os.<\/span><\/p>\n<h3><span style=\"font-weight: 400;\">Da\u00f1os punitivos<\/span><\/h3>\n<p><span style=\"font-weight: 400;\">Los da\u00f1os punitivos no se conceden habitualmente, pero las v\u00edctimas de accidentes pueden recibirlos en determinados casos. Los da\u00f1os punitivos solo se conceden cuando se demuestra que la parte responsable actu\u00f3 con negligencia excesiva.\u00a0<\/span><\/p>\n<p><span style=\"font-weight: 400;\">Estas multas monetarias tienen como objetivo disuadir la repetici\u00f3n de la misma conducta, adem\u00e1s de responsabilizar a la parte negligente. Los da\u00f1os punitivos se suelen conceder en casos en los que los actos de alguien fueron flagrantemente irresponsables y causaron lesiones graves o la muerte de otra persona, como en los accidentes por conducir ebrio y la mala praxis m\u00e9dica.<\/span><\/p>\n<h2><span style=\"font-weight: 400;\">\u00bfPuedo recuperar da\u00f1os si soy parcialmente responsable de mi accidente?\u00a0<\/span><\/h2>\n<p><span style=\"font-weight: 400;\">Si de alguna manera contribuy\u00f3 a su accidente por lesiones personales, la ley de negligencia comparativa pura de Washington puede aplicarse a su demanda por lesiones personales. Seg\u00fan la ley de negligencia comparativa pura de Washington, tambi\u00e9n conocida como <\/span><a href=\"https:\/\/app.leg.wa.gov\/RCW\/default.aspx?cite=4.22.005\"><span style=\"font-weight: 400;\">Culpa contributiva seg\u00fan el Cap\u00edtulo 4.22 del RCW<\/span><\/a><span style=\"font-weight: 400;\">Los demandantes a\u00fan pueden recibir da\u00f1os y perjuicios incluso si comparten alguna culpa por su accidente.\u00a0<\/span><\/p>\n<p><span style=\"font-weight: 400;\">Sin embargo, cuando se determina que el demandante contribuy\u00f3 a los da\u00f1os, la cantidad de da\u00f1os compensatorios otorgados se reducir\u00e1 proporcionalmente. El aspecto &quot;puro&quot; se refiere a la capacidad del demandante para recuperar los da\u00f1os incluso si es el principal responsable del accidente. En teor\u00eda, una persona podr\u00eda ser responsable en un 99 por ciento de un accidente con lesiones personales, pero a\u00fan as\u00ed recuperar el 1 por ciento de los da\u00f1os.<\/span><\/p>\n<h2><span style=\"font-weight: 400;\">\u00bfDeber\u00eda contratar a un abogado de lesiones personales en Fremont?<\/span><\/h2>\n<p><span style=\"font-weight: 400;\">Presentar una demanda por lesiones personales seguramente le dejar\u00e1 con muchas preguntas e inquietudes. Sin un conocimiento previo del sistema legal de Washington, buscar una compensaci\u00f3n por su accidente con lesiones personales puede ser un desaf\u00edo y confuso. Tramitar un caso de lesiones personales puede requerir mucho tiempo y dinero, sin mencionar la amplia experiencia en un \u00e1rea especializada del derecho. Adem\u00e1s, es muy probable que la parte contraria tenga un abogado que la defienda en su contra.\u00a0<\/span><\/p>\n<p><span style=\"font-weight: 400;\">Al contratar a un abogado con experiencia en lesiones personales, podr\u00e1 proteger sus derechos de manera eficaz. Un abogado con experiencia en lesiones personales sabr\u00e1 c\u00f3mo manejar cada aspecto de su caso de la manera m\u00e1s eficaz. Podr\u00e1 negociar h\u00e1bilmente con todas las partes involucradas y analizar en profundidad la causa del accidente para garantizar que se recopile y documente con precisi\u00f3n informaci\u00f3n crucial. En general, las personas con representaci\u00f3n legal pueden llegar a acuerdos m\u00e1s cuantiosos que reflejen de manera m\u00e1s adecuada sus p\u00e9rdidas y da\u00f1os.<\/span><\/p>\n\n        <div class=\"rs-content-cta long\">\n            <p>Para una consulta legal GRATUITA con un abogado de lesiones personales que atiende en Fremont, llame al <a href=\"tel:+12062851743\">(206) 285-1743 <\/a><\/p>\n            <a href=\"https:\/\/plg-pllc.com\/es\/contact-us\/\" title=\"OBTENGA UNA EVALUACI\u00d3N DE CASO GRATUITA\" class=\"btn-global\">OBTENGA UNA EVALUACI\u00d3N DE CASO GRATUITA<\/a>\n                    <picture>\n                            <source srcset=\"https:\/\/plg-pllc.com\/wp-content\/themes\/plg-pllc-redesign\/assets\/app\/img\/cta-thumb.webp\" type=\"image\/webp\"\/>\n                            <img src=\"https:\/\/plg-pllc.com\/wp-content\/themes\/plg-pllc-redesign\/assets\/app\/img\/cta-thumb.png\" alt=\"Grupo de abogados Premier\" title=\"Grupo de abogados Premier\" width=\"245\" height=\"220\" loading=\"auto\" fetchpriority=\"auto\" decoding=\"async\"\/>\n        <\/picture>\n        \n        <\/div><h2><span style=\"font-weight: 400;\">Consulte a un abogado con experiencia en lesiones personales de Fremont para obtener asesoramiento legal<\/span><\/h2>\n<p><span style=\"font-weight: 400;\">No importa qu\u00e9 tipo de accidente haya sufrido, sufrir lesiones puede ser dif\u00edcil. Los niveles de estr\u00e9s se disparan cuando hay que lidiar con las compa\u00f1\u00edas de seguros, los gastos m\u00e9dicos y la p\u00e9rdida de ingresos por faltar al trabajo. Adem\u00e1s, puede resultar complicado conseguir la indemnizaci\u00f3n total a la que tiene derecho por ley. Para defender sus derechos, es posible que necesite la ayuda de un abogado con experiencia en lesiones personales.<\/span><\/p>\n<p><a href=\"https:\/\/plg-pllc.com\/\"><span style=\"font-weight: 400;\">Grupo de abogados Premier<\/span><\/a><span style=\"font-weight: 400;\"> Lucharemos diligentemente contra la compa\u00f1\u00eda de seguros o las partes responsables en su nombre para recuperar sus da\u00f1os. Los mejores abogados de lesiones personales de Washington son parte de nuestra firma. Somos una firma enfocada en el cliente, experimentada y comprometida que puede asesorarlo sobre c\u00f3mo manejar situaciones que son importantes para el resultado de su reclamo. Tambi\u00e9n trabajamos con honorarios de contingencia, por lo que no nos debe nada a menos que ganemos. Env\u00edenos un mensaje utilizando nuestro <\/span><a href=\"https:\/\/plg-pllc.com\/contact-us\/\"><span style=\"font-weight: 400;\">Formulario de contacto<\/span><\/a><span style=\"font-weight: 400;\"> Para obtener m\u00e1s informaci\u00f3n, o ll\u00e1menos al <a href=\"tel: (206) 880-7518\">(206) 880-7518<\/a> para concertar una evaluaci\u00f3n gratuita del caso.<\/span><\/p>\n\n        <div class=\"rs-content-cta\">\n            <p>Llamar o enviar mensaje de texto <a href=\"tel:+12062851743\">(206) 285-1743<\/a> o complete un formulario de evaluaci\u00f3n de caso gratuito<\/p>\n            <a href=\"https:\/\/plg-pllc.com\/es\/contact-us\/\" title=\"OBTENGA UNA EVALUACI\u00d3N DE CASO GRATUITA\" class=\"btn-global\">OBTENGA UNA EVALUACI\u00d3N DE CASO GRATUITA<\/a>\n                    <picture>\n                            <source srcset=\"https:\/\/plg-pllc.com\/wp-content\/themes\/plg-pllc-redesign\/assets\/app\/img\/cta-thumb.webp\" type=\"image\/webp\"\/>\n                            <img src=\"https:\/\/plg-pllc.com\/wp-content\/themes\/plg-pllc-redesign\/assets\/app\/img\/cta-thumb.png\" alt=\"Grupo de abogados Premier\" title=\"Grupo de abogados Premier\" width=\"245\" height=\"220\" loading=\"auto\" fetchpriority=\"auto\" decoding=\"async\"\/>\n        <\/picture>\n        \n        <\/div>","protected":false},"excerpt":{"rendered":"<p>Fremont es un barrio poco convencional donde los creativos locales y los profesionales de la tecnolog\u00eda pueden reunirse en los caf\u00e9s \u00fanicos de la zona. Si bien es interesante, estar en una zona tan destacada conlleva una mayor probabilidad de encontrarse con negligencias. Los residentes de Fremont deben saber que hay un l\u00edmite a lo que pueden hacer para evitar conductores descuidados, un mantenimiento deficiente de la propiedad y\u2026<\/p>","protected":false},"author":2,"featured_media":0,"parent":0,"menu_order":39,"comment_status":"closed","ping_status":"closed","template":"","meta":{"_acf_changed":false,"_genesis_hide_title":false,"_genesis_hide_breadcrumbs":false,"_genesis_hide_singular_image":false,"_genesis_hide_footer_widgets":false,"_genesis_custom_body_class":"","_genesis_custom_post_class":"","_genesis_layout":"","footnotes":""},"hc_faqs":[],"class_list":{"0":"post-19736","1":"page","2":"type-page","3":"status-publish","5":"hc_city_location-fremont","6":"entry"},"acf":[],"yoast_head":"<!-- This site is optimized with the Yoast SEO plugin v27.5 - https:\/\/yoast.com\/product\/yoast-seo-wordpress\/ -->\n<title>Personal Injury Lawyer in Fremont | Free Case Review<\/title>\n<meta name=\"description\" content=\"Fremont Personal Injury Lawyer: Premier Law Group helps you unlock the full compensation you deserve. No Fee Unless We Win.\" \/>\n<meta name=\"robots\" content=\"index, follow, max-snippet:-1, max-image-preview:large, max-video-preview:-1\" \/>\n<link rel=\"canonical\" href=\"https:\/\/plg-pllc.com\/es\/fremont\/personal-injury-lawyer\/\" \/>\n<meta property=\"og:locale\" content=\"es_MX\" \/>\n<meta property=\"og:type\" content=\"article\" \/>\n<meta property=\"og:title\" content=\"Personal Injury Lawyer in Fremont | Free Case Review\" \/>\n<meta property=\"og:description\" content=\"Fremont Personal Injury Lawyer: Premier Law Group helps you unlock the full compensation you deserve. No Fee Unless We Win.\" \/>\n<meta property=\"og:url\" content=\"https:\/\/plg-pllc.com\/es\/fremont\/personal-injury-lawyer\/\" \/>\n<meta property=\"og:site_name\" content=\"Premier Law Group\" \/>\n<meta property=\"article:publisher\" content=\"https:\/\/www.facebook.com\/premierlawgroup\" \/>\n<meta property=\"article:modified_time\" content=\"2024-09-27T12:59:33+00:00\" \/>\n<meta name=\"twitter:card\" content=\"summary_large_image\" \/>\n<meta name=\"twitter:site\" content=\"@premierlawgroup\" \/>\n<meta name=\"twitter:label1\" content=\"Tiempo de lectura\" \/>\n\t<meta name=\"twitter:data1\" content=\"5 minutos\" \/>\n<script type=\"application\/ld+json\" class=\"yoast-schema-graph\">{\"@context\":\"https:\\\/\\\/schema.org\",\"@graph\":[{\"@type\":\"WebPage\",\"@id\":\"https:\\\/\\\/plg-pllc.com\\\/es\\\/fremont\\\/personal-injury-lawyer\\\/\",\"url\":\"https:\\\/\\\/plg-pllc.com\\\/es\\\/fremont\\\/personal-injury-lawyer\\\/\",\"name\":\"Personal Injury Lawyer in Fremont | Free Case Review\",\"isPartOf\":{\"@id\":\"https:\\\/\\\/plg-pllc.com\\\/#website\"},\"datePublished\":\"2022-09-08T20:09:05+00:00\",\"dateModified\":\"2024-09-27T12:59:33+00:00\",\"description\":\"Fremont Personal Injury Lawyer: Premier Law Group helps you unlock the full compensation you deserve. No Fee Unless We Win.\",\"breadcrumb\":{\"@id\":\"https:\\\/\\\/plg-pllc.com\\\/es\\\/fremont\\\/personal-injury-lawyer\\\/#breadcrumb\"},\"inLanguage\":\"es\",\"potentialAction\":[{\"@type\":\"ReadAction\",\"target\":[\"https:\\\/\\\/plg-pllc.com\\\/es\\\/fremont\\\/personal-injury-lawyer\\\/\"]}]},{\"@type\":\"BreadcrumbList\",\"@id\":\"https:\\\/\\\/plg-pllc.com\\\/es\\\/fremont\\\/personal-injury-lawyer\\\/#breadcrumb\",\"itemListElement\":[{\"@type\":\"ListItem\",\"position\":1,\"name\":\"Home\",\"item\":\"https:\\\/\\\/plg-pllc.com\\\/es\\\/\"},{\"@type\":\"ListItem\",\"position\":2,\"name\":\"Fremont Personal Injury Lawyer\"}]},{\"@type\":\"WebSite\",\"@id\":\"https:\\\/\\\/plg-pllc.com\\\/#website\",\"url\":\"https:\\\/\\\/plg-pllc.com\\\/\",\"name\":\"Premier Law Group\",\"description\":\"Washington Wrongful Death and Serious Injury Lawyer\",\"publisher\":{\"@id\":\"https:\\\/\\\/plg-pllc.com\\\/#organization\"},\"inLanguage\":\"es\"},{\"@type\":\"Organization\",\"@id\":\"https:\\\/\\\/plg-pllc.com\\\/#organization\",\"name\":\"Premier Law Group\",\"url\":\"https:\\\/\\\/plg-pllc.com\\\/\",\"logo\":{\"@type\":\"ImageObject\",\"inLanguage\":\"es\",\"@id\":\"https:\\\/\\\/plg-pllc.com\\\/#\\\/schema\\\/logo\\\/image\\\/\",\"url\":\"https:\\\/\\\/plg-pllc.com\\\/wp-content\\\/uploads\\\/2020\\\/10\\\/plg-logo-v2.gif\",\"contentUrl\":\"https:\\\/\\\/plg-pllc.com\\\/wp-content\\\/uploads\\\/2020\\\/10\\\/plg-logo-v2.gif\",\"width\":592,\"height\":191,\"caption\":\"Premier Law Group\"},\"image\":{\"@id\":\"https:\\\/\\\/plg-pllc.com\\\/#\\\/schema\\\/logo\\\/image\\\/\"},\"sameAs\":[\"https:\\\/\\\/www.facebook.com\\\/premierlawgroup\",\"https:\\\/\\\/x.com\\\/premierlawgroup\"]}]}<\/script>\n<!-- \/ Yoast SEO plugin. -->","yoast_head_json":{"title":"Abogado de lesiones personales en Fremont | Revisi\u00f3n gratuita de casos","description":"Abogado de lesiones personales en Fremont: Premier Law Group lo ayuda a obtener la compensaci\u00f3n total que merece. Sin honorarios a menos que ganemos.","robots":{"index":"index","follow":"follow","max-snippet":"max-snippet:-1","max-image-preview":"max-image-preview:large","max-video-preview":"max-video-preview:-1"},"canonical":"https:\/\/plg-pllc.com\/es\/fremont\/personal-injury-lawyer\/","og_locale":"es_MX","og_type":"article","og_title":"Personal Injury Lawyer in Fremont | Free Case Review","og_description":"Fremont Personal Injury Lawyer: Premier Law Group helps you unlock the full compensation you deserve. No Fee Unless We Win.","og_url":"https:\/\/plg-pllc.com\/es\/fremont\/personal-injury-lawyer\/","og_site_name":"Premier Law Group","article_publisher":"https:\/\/www.facebook.com\/premierlawgroup","article_modified_time":"2024-09-27T12:59:33+00:00","twitter_card":"summary_large_image","twitter_site":"@premierlawgroup","twitter_misc":{"Tiempo de lectura":"5 minutos"},"schema":{"@context":"https:\/\/schema.org","@graph":[{"@type":"WebPage","@id":"https:\/\/plg-pllc.com\/es\/fremont\/personal-injury-lawyer\/","url":"https:\/\/plg-pllc.com\/es\/fremont\/personal-injury-lawyer\/","name":"Abogado de lesiones personales en Fremont | Revisi\u00f3n gratuita de casos","isPartOf":{"@id":"https:\/\/plg-pllc.com\/#website"},"datePublished":"2022-09-08T20:09:05+00:00","dateModified":"2024-09-27T12:59:33+00:00","description":"Abogado de lesiones personales en Fremont: Premier Law Group lo ayuda a obtener la compensaci\u00f3n total que merece. Sin honorarios a menos que ganemos.","breadcrumb":{"@id":"https:\/\/plg-pllc.com\/es\/fremont\/personal-injury-lawyer\/#breadcrumb"},"inLanguage":"es","potentialAction":[{"@type":"ReadAction","target":["https:\/\/plg-pllc.com\/es\/fremont\/personal-injury-lawyer\/"]}]},{"@type":"BreadcrumbList","@id":"https:\/\/plg-pllc.com\/es\/fremont\/personal-injury-lawyer\/#breadcrumb","itemListElement":[{"@type":"ListItem","position":1,"name":"Home","item":"https:\/\/plg-pllc.com\/es\/"},{"@type":"ListItem","position":2,"name":"Fremont Personal Injury Lawyer"}]},{"@type":"WebSite","@id":"https:\/\/plg-pllc.com\/#website","url":"https:\/\/plg-pllc.com\/","name":"Grupo de abogados Premier","description":"Abogado de muerte por negligencia y lesiones graves en Washington","publisher":{"@id":"https:\/\/plg-pllc.com\/#organization"},"inLanguage":"es"},{"@type":"Organization","@id":"https:\/\/plg-pllc.com\/#organization","name":"Grupo de abogados Premier","url":"https:\/\/plg-pllc.com\/","logo":{"@type":"ImageObject","inLanguage":"es","@id":"https:\/\/plg-pllc.com\/#\/schema\/logo\/image\/","url":"https:\/\/plg-pllc.com\/wp-content\/uploads\/2020\/10\/plg-logo-v2.gif","contentUrl":"https:\/\/plg-pllc.com\/wp-content\/uploads\/2020\/10\/plg-logo-v2.gif","width":592,"height":191,"caption":"Premier Law Group"},"image":{"@id":"https:\/\/plg-pllc.com\/#\/schema\/logo\/image\/"},"sameAs":["https:\/\/www.facebook.com\/premierlawgroup","https:\/\/x.com\/premierlawgroup"]}]}},"_links":{"self":[{"href":"https:\/\/plg-pllc.com\/es\/wp-json\/wp\/v2\/pages\/19736","targetHints":{"allow":["GET"]}}],"collection":[{"href":"https:\/\/plg-pllc.com\/es\/wp-json\/wp\/v2\/pages"}],"about":[{"href":"https:\/\/plg-pllc.com\/es\/wp-json\/wp\/v2\/types\/page"}],"author":[{"embeddable":true,"href":"https:\/\/plg-pllc.com\/es\/wp-json\/wp\/v2\/users\/2"}],"replies":[{"embeddable":true,"href":"https:\/\/plg-pllc.com\/es\/wp-json\/wp\/v2\/comments?post=19736"}],"version-history":[{"count":0,"href":"https:\/\/plg-pllc.com\/es\/wp-json\/wp\/v2\/pages\/19736\/revisions"}],"wp:attachment":[{"href":"https:\/\/plg-pllc.com\/es\/wp-json\/wp\/v2\/media?parent=19736"}],"wp:term":[{"taxonomy":"hc_faqs","embeddable":true,"href":"https:\/\/plg-pllc.com\/es\/wp-json\/wp\/v2\/hc_faqs?post=19736"}],"curies":[{"name":"gracias","href":"https:\/\/api.w.org\/{rel}","templated":true}]}}