{"id":19745,"date":"2022-08-16T09:15:00","date_gmt":"2022-08-16T16:15:00","guid":{"rendered":"https:\/\/plg-pllc.com\/?p=19745"},"modified":"2024-11-07T04:12:14","modified_gmt":"2024-11-07T12:12:14","slug":"factors-that-can-invalidate-a-injury-claim","status":"publish","type":"page","link":"https:\/\/plg-pllc.com\/es\/faqs\/what-factors-invalidate-an-injury-claim\/","title":{"rendered":"4 factores que pueden invalidar una reclamaci\u00f3n por lesiones personales en Washington"},"content":{"rendered":"<p>Saber que tiene una v\u00eda para recuperar las p\u00e9rdidas despu\u00e9s de un accidente causado por la negligencia de otra persona puede ser reconfortante. Si alguna vez sufre una lesi\u00f3n, es fundamental asegurarse de poder pagar sus facturas, costear la atenci\u00f3n m\u00e9dica y cubrir otras p\u00e9rdidas. Las reclamaciones por lesiones personales son valiosas para asegurar una compensaci\u00f3n, ya que permiten a las v\u00edctimas exigir responsabilidad a la parte responsable por sus p\u00e9rdidas.\u00a0<\/p>\r\n\r\n\r\n\r\n<p>Lamentablemente, las v\u00edctimas de accidentes que no est\u00e1n familiarizadas con estos procedimientos legales pueden cometer errores que podr\u00edan costarles mucho dinero. Cometer incluso un solo error puede perjudicar un caso y dificultar el proceso. Comprender qu\u00e9 factores pueden invalidar una demanda por lesiones personales en Washington puede ayudarle a evitar poner en peligro el caso. Para asegurarse de que pueda recibir una compensaci\u00f3n completa, lo mejor es hablar de su caso con un abogado con experiencia en lesiones personales.<\/p>\r\n\r\n\r\n\r\n<h2 class=\"wp-block-heading\" id=\"h-not-seeking-medical-treatment-quickly-after-the-accident\">No buscar tratamiento m\u00e9dico r\u00e1pidamente despu\u00e9s del accidente<\/h2>\r\n\r\n\r\n\r\n<p>No buscar atenci\u00f3n m\u00e9dica inmediatamente despu\u00e9s de sufrir una lesi\u00f3n es un error com\u00fan que se comete cuando se preparan para presentar una demanda por lesiones personales. Si se demora el tratamiento durante mucho tiempo o se renuncia por completo al mismo, se corre el riesgo de exponerse a problemas m\u00e9dicos m\u00e1s graves y socavar la validez de la demanda.<\/p>\r\n\r\n\r\n\r\n<p>Si espera demasiado tiempo para recibir ayuda, la legitimidad de la atenci\u00f3n brindada por sus lesiones relacionadas con el accidente se pone en duda. Por lo tanto, busque atenci\u00f3n m\u00e9dica de inmediato despu\u00e9s de un accidente y conserve su historial m\u00e9dico. Muchas personas se sienten bien inmediatamente despu\u00e9s de un accidente y terminan subestimando la gravedad de sus lesiones. Sin embargo, no sentir un dolor inmenso no significa que no est\u00e9 gravemente herido. A veces, pueden pasar d\u00edas antes de que comience a experimentar los s\u00edntomas de las lesiones por colisi\u00f3n.\u00a0<\/p>\r\n\r\n\r\n\r\n<h2 class=\"wp-block-heading\" id=\"h-ignoring-medical-advice-or-not-completing-medical-treatment\">Ignorar el consejo m\u00e9dico o no completar el tratamiento m\u00e9dico<\/h2>\r\n\r\n\r\n\r\n<p>Despu\u00e9s de un accidente, no solo debe buscar atenci\u00f3n m\u00e9dica lo antes posible, sino que tambi\u00e9n debe seguir los consejos que le brinden los profesionales. Sus m\u00e9dicos y el personal de la sala de emergencias le aconsejar\u00e1n sobre el mejor tratamiento. Si sigue estos consejos y sigue su plan de tratamiento, podr\u00e1 recuperarse adecuadamente y respaldar\u00e1 su reclamaci\u00f3n.\u00a0<\/p>\r\n\r\n\r\n\r\n<p>La oferta de acuerdo de su caso se ver\u00e1 afectada por el tratamiento que reciba. Recibir la atenci\u00f3n que necesita le permitir\u00e1 recopilar un registro completo de los gastos m\u00e9dicos, lo que determinar\u00e1 el monto del acuerdo que recibir\u00e1 si su reclamo tiene \u00e9xito.<\/p>\r\n\r\n\r\n\r\n<h2 class=\"wp-block-heading\" id=\"h-social-media-posts-after-the-accident\">Publicaciones en redes sociales despu\u00e9s del accidente<\/h2>\r\n\r\n\r\n\r\n<p>Lo mejor para usted es no hablar de su lesi\u00f3n o accidente en las redes sociales. Publicar sobre un accidente en Facebook, Instagram, TikTok, Twitter o un blog puede ser tentador, pero lo que publique en l\u00ednea puede usarse en su contra para desacreditar su reclamo. Probablemente no deber\u00eda publicar nada en las redes sociales mientras su caso a\u00fan est\u00e9 pendiente.<\/p>\r\n\r\n\r\n\r\n<p>Lo m\u00e1s probable es que la compa\u00f1\u00eda de seguros y el asesor legal de la otra parte busquen en sus cuentas de redes sociales publicaciones que hagan alusi\u00f3n a su accidente o a cualquier cosa relacionada con su condici\u00f3n f\u00edsica despu\u00e9s del accidente. Si hace estas publicaciones, corre el riesgo de ser considerado responsable de cualquier cosa que diga sobre el accidente. Por ejemplo, la otra parte puede argumentar que usted no est\u00e1 realmente herido si publica fotos de usted mismo realizando alguna actividad f\u00edsica.<\/p>\r\n\r\n\r\n\r\n\n        <div class=\"rs-content-cta long\">\n            <p>Para una consulta legal GRATUITA, llame al <a href=\"tel:+12062851743\">(206) 285-1743 <\/a><\/p>\n            <a href=\"https:\/\/plg-pllc.com\/es\/contact-us\/\" title=\"OBTENGA UNA EVALUACI\u00d3N DE CASO GRATUITA\" class=\"btn-global\">OBTENGA UNA EVALUACI\u00d3N DE CASO GRATUITA<\/a>\n                    <picture>\n                            <source srcset=\"https:\/\/plg-pllc.com\/wp-content\/themes\/plg-pllc-redesign\/assets\/app\/img\/cta-thumb.webp\" type=\"image\/webp\"\/>\n                            <img src=\"https:\/\/plg-pllc.com\/wp-content\/themes\/plg-pllc-redesign\/assets\/app\/img\/cta-thumb.png\" alt=\"Grupo de abogados Premier\" title=\"Grupo de abogados Premier\" width=\"245\" height=\"220\" loading=\"auto\" fetchpriority=\"auto\" decoding=\"async\"\/>\n        <\/picture>\n        \n        <\/div><h2 class=\"wp-block-heading\" id=\"h-waiting-too-long-to-take-legal-action\">Esperar demasiado tiempo para emprender acciones legales<\/h2>\r\n\r\n\r\n\r\n<p>Algunas v\u00edctimas de accidentes cometen el error de esperar demasiado tiempo para solicitar una indemnizaci\u00f3n por su accidente. Es un error suponer que se dispone de una cantidad infinita de tiempo para reclamar una indemnizaci\u00f3n a la parte responsable. Existe un plazo de prescripci\u00f3n para los casos de lesiones personales.\u00a0<\/p>\r\n\r\n\r\n\r\n<p>Por lo general, el plazo de prescripci\u00f3n para demandas por lesiones personales en Washington es de tres a\u00f1os a partir del momento del evento que caus\u00f3 la lesi\u00f3n. No podr\u00e1 presentar una demanda por lesiones personales si no la presenta antes de que haya transcurrido el plazo de prescripci\u00f3n. No tendr\u00e1 que preocuparse de que el plazo se agote antes de poder emprender acciones si presenta una demanda lo antes posible.<\/p>\r\n\r\n\r\n\r\n<h2 class=\"wp-block-heading\" id=\"h-protect-your-right-to-compensation-with-reliable-legal-counsel\">Proteja su derecho a una indemnizaci\u00f3n con un asesor legal confiable<\/h2>\r\n\r\n\r\n\r\n<p>Las demandas por lesiones personales pueden complicarse si toma decisiones que obstaculicen su caso. Estos factores podr\u00edan hacer que la tramitaci\u00f3n de su caso sea m\u00e1s compleja y, en \u00faltima instancia, le cueste su acuerdo. Independientemente de lo que implique su caso, deber\u00eda considerar contratar los servicios de un abogado experto en lesiones personales para que le ayude a garantizar que su demanda se resuelva por una suma justa y en un plazo razonable.\u00a0<\/p>\r\n\r\n\r\n\r\n<p><a href=\"https:\/\/plg-pllc.com\/\">Grupo de abogados Premier<\/a> cuenta con un equipo legal dedicado a ayudar a las v\u00edctimas de accidentes a obtener una compensaci\u00f3n justa. Nos esforzamos mucho para ayudar a nuestros clientes a manejar sus casos complicados. Somos una firma profesional y centrada en el cliente, comprometida a buscar el mejor resultado, para que nuestros clientes puedan volver a encarrilar sus vidas. Ofrecemos una evaluaci\u00f3n gratuita de casos para situaciones de accidentes y no cobramos honorarios a menos que ganemos su caso. Llame <a href=\"tel: (206) 880-7518\">(206) 880-7518<\/a> o utiliza nuestro <a href=\"https:\/\/plg-pllc.com\/contact-us\/\">Formulario de contacto<\/a> para comunicarse con nosotros hoy.<\/p>\r\n\n        <div class=\"rs-content-cta\">\n            <p>Llamar o enviar mensaje de texto <a href=\"tel:+12062851743\">(206) 285-1743<\/a> o complete un formulario de evaluaci\u00f3n de caso gratuito<\/p>\n            <a href=\"https:\/\/plg-pllc.com\/es\/contact-us\/\" title=\"OBTENGA UNA EVALUACI\u00d3N DE CASO GRATUITA\" class=\"btn-global\">OBTENGA UNA EVALUACI\u00d3N DE CASO GRATUITA<\/a>\n                    <picture>\n                            <source srcset=\"https:\/\/plg-pllc.com\/wp-content\/themes\/plg-pllc-redesign\/assets\/app\/img\/cta-thumb.webp\" type=\"image\/webp\"\/>\n                            <img src=\"https:\/\/plg-pllc.com\/wp-content\/themes\/plg-pllc-redesign\/assets\/app\/img\/cta-thumb.png\" alt=\"Grupo de abogados Premier\" title=\"Grupo de abogados Premier\" width=\"245\" height=\"220\" loading=\"auto\" fetchpriority=\"auto\" decoding=\"async\"\/>\n        <\/picture>\n        \n        <\/div>","protected":false},"excerpt":{"rendered":"<p>Saber que tiene una v\u00eda para recuperar las p\u00e9rdidas despu\u00e9s de un accidente causado por la negligencia de otra persona puede ser reconfortante. Si alguna vez sufre una lesi\u00f3n, es fundamental asegurarse de poder pagar sus facturas, costear la atenci\u00f3n m\u00e9dica y cubrir otras p\u00e9rdidas. Las reclamaciones por lesiones personales son valiosas para asegurar una compensaci\u00f3n, ya que permiten a las v\u00edctimas reclamar\u2026<\/p>","protected":false},"author":24,"featured_media":19746,"parent":20714,"menu_order":0,"comment_status":"closed","ping_status":"closed","template":"","meta":{"_acf_changed":false,"_genesis_hide_title":false,"_genesis_hide_breadcrumbs":false,"_genesis_hide_singular_image":false,"_genesis_hide_footer_widgets":false,"_genesis_custom_body_class":"","_genesis_custom_post_class":"","_genesis_layout":"","footnotes":""},"hc_faqs":[10354],"class_list":{"0":"post-19745","1":"page","2":"type-page","3":"status-publish","4":"has-post-thumbnail","6":"hc_faqs-personal-injury","7":"entry"},"acf":[],"yoast_head":"<!-- This site is optimized with the Yoast SEO plugin v27.4 - https:\/\/yoast.com\/product\/yoast-seo-wordpress\/ -->\n<title>4 Factors That Can Invalidate a Washington Personal Injury Claim<\/title>\n<meta name=\"description\" content=\"4 Factors That Can Invalidate a Washington Personal Injury Claim: Premier Law Group helps you unlock the full compensation you deserve. No Fee Unless We Win.\" \/>\n<meta name=\"robots\" content=\"index, follow, max-snippet:-1, max-image-preview:large, max-video-preview:-1\" \/>\n<link rel=\"canonical\" href=\"https:\/\/plg-pllc.com\/es\/faqs\/what-factors-invalidate-an-injury-claim\/\" \/>\n<meta property=\"og:locale\" content=\"es_MX\" \/>\n<meta property=\"og:type\" content=\"article\" \/>\n<meta property=\"og:title\" content=\"4 Factors That Can Invalidate a Washington Personal Injury Claim\" \/>\n<meta property=\"og:description\" content=\"4 Factors That Can Invalidate a Washington Personal Injury Claim: Premier Law Group helps you unlock the full compensation you deserve. No Fee Unless We Win.\" \/>\n<meta property=\"og:url\" content=\"https:\/\/plg-pllc.com\/es\/faqs\/what-factors-invalidate-an-injury-claim\/\" \/>\n<meta property=\"og:site_name\" content=\"Premier Law Group\" \/>\n<meta property=\"article:publisher\" content=\"https:\/\/www.facebook.com\/premierlawgroup\" \/>\n<meta property=\"article:modified_time\" content=\"2024-11-07T12:12:14+00:00\" \/>\n<meta property=\"og:image\" content=\"https:\/\/plg-pllc.com\/wp-content\/uploads\/2022\/09\/factors-that-can-invalidate-injury-claims.jpg\" \/>\n\t<meta property=\"og:image:width\" content=\"500\" \/>\n\t<meta property=\"og:image:height\" content=\"332\" \/>\n\t<meta property=\"og:image:type\" content=\"image\/jpeg\" \/>\n<meta name=\"twitter:card\" content=\"summary_large_image\" \/>\n<meta name=\"twitter:site\" content=\"@premierlawgroup\" \/>\n<meta name=\"twitter:label1\" content=\"Tiempo de lectura\" \/>\n\t<meta name=\"twitter:data1\" content=\"4 minutos\" \/>\n<script type=\"application\/ld+json\" class=\"yoast-schema-graph\">{\"@context\":\"https:\\\/\\\/schema.org\",\"@graph\":[{\"@type\":\"WebPage\",\"@id\":\"https:\\\/\\\/plg-pllc.com\\\/faqs\\\/what-factors-invalidate-an-injury-claim\\\/\",\"url\":\"https:\\\/\\\/plg-pllc.com\\\/faqs\\\/what-factors-invalidate-an-injury-claim\\\/\",\"name\":\"4 Factors That Can Invalidate a Washington Personal Injury Claim\",\"isPartOf\":{\"@id\":\"https:\\\/\\\/plg-pllc.com\\\/#website\"},\"primaryImageOfPage\":{\"@id\":\"https:\\\/\\\/plg-pllc.com\\\/faqs\\\/what-factors-invalidate-an-injury-claim\\\/#primaryimage\"},\"image\":{\"@id\":\"https:\\\/\\\/plg-pllc.com\\\/faqs\\\/what-factors-invalidate-an-injury-claim\\\/#primaryimage\"},\"thumbnailUrl\":\"https:\\\/\\\/plg-pllc.com\\\/wp-content\\\/uploads\\\/2022\\\/09\\\/factors-that-can-invalidate-injury-claims.jpg\",\"datePublished\":\"2022-08-16T16:15:00+00:00\",\"dateModified\":\"2024-11-07T12:12:14+00:00\",\"description\":\"4 Factors That Can Invalidate a Washington Personal Injury Claim: Premier Law Group helps you unlock the full compensation you deserve. No Fee Unless We Win.\",\"breadcrumb\":{\"@id\":\"https:\\\/\\\/plg-pllc.com\\\/faqs\\\/what-factors-invalidate-an-injury-claim\\\/#breadcrumb\"},\"inLanguage\":\"es\",\"potentialAction\":[{\"@type\":\"ReadAction\",\"target\":[\"https:\\\/\\\/plg-pllc.com\\\/faqs\\\/what-factors-invalidate-an-injury-claim\\\/\"]}]},{\"@type\":\"ImageObject\",\"inLanguage\":\"es\",\"@id\":\"https:\\\/\\\/plg-pllc.com\\\/faqs\\\/what-factors-invalidate-an-injury-claim\\\/#primaryimage\",\"url\":\"https:\\\/\\\/plg-pllc.com\\\/wp-content\\\/uploads\\\/2022\\\/09\\\/factors-that-can-invalidate-injury-claims.jpg\",\"contentUrl\":\"https:\\\/\\\/plg-pllc.com\\\/wp-content\\\/uploads\\\/2022\\\/09\\\/factors-that-can-invalidate-injury-claims.jpg\",\"width\":500,\"height\":332,\"caption\":\"Lawyers discussing injury claims at legal office.\"},{\"@type\":\"BreadcrumbList\",\"@id\":\"https:\\\/\\\/plg-pllc.com\\\/faqs\\\/what-factors-invalidate-an-injury-claim\\\/#breadcrumb\",\"itemListElement\":[{\"@type\":\"ListItem\",\"position\":1,\"name\":\"Home\",\"item\":\"https:\\\/\\\/plg-pllc.com\\\/es\\\/\"},{\"@type\":\"ListItem\",\"position\":2,\"name\":\"FAQs\",\"item\":\"https:\\\/\\\/plg-pllc.com\\\/es\\\/faqs\\\/\"},{\"@type\":\"ListItem\",\"position\":3,\"name\":\"4 Factors That Can Invalidate a Washington Personal Injury Claim\"}]},{\"@type\":\"WebSite\",\"@id\":\"https:\\\/\\\/plg-pllc.com\\\/#website\",\"url\":\"https:\\\/\\\/plg-pllc.com\\\/\",\"name\":\"Premier Law Group\",\"description\":\"Washington Wrongful Death and Serious Injury Lawyer\",\"publisher\":{\"@id\":\"https:\\\/\\\/plg-pllc.com\\\/#organization\"},\"inLanguage\":\"es\"},{\"@type\":\"Organization\",\"@id\":\"https:\\\/\\\/plg-pllc.com\\\/#organization\",\"name\":\"Premier Law Group\",\"url\":\"https:\\\/\\\/plg-pllc.com\\\/\",\"logo\":{\"@type\":\"ImageObject\",\"inLanguage\":\"es\",\"@id\":\"https:\\\/\\\/plg-pllc.com\\\/#\\\/schema\\\/logo\\\/image\\\/\",\"url\":\"https:\\\/\\\/plg-pllc.com\\\/wp-content\\\/uploads\\\/2020\\\/10\\\/plg-logo-v2.gif\",\"contentUrl\":\"https:\\\/\\\/plg-pllc.com\\\/wp-content\\\/uploads\\\/2020\\\/10\\\/plg-logo-v2.gif\",\"width\":592,\"height\":191,\"caption\":\"Premier Law Group\"},\"image\":{\"@id\":\"https:\\\/\\\/plg-pllc.com\\\/#\\\/schema\\\/logo\\\/image\\\/\"},\"sameAs\":[\"https:\\\/\\\/www.facebook.com\\\/premierlawgroup\",\"https:\\\/\\\/x.com\\\/premierlawgroup\"]}]}<\/script>\n<!-- \/ Yoast SEO plugin. -->","yoast_head_json":{"title":"4 factores que pueden invalidar una reclamaci\u00f3n por lesiones personales en Washington","description":"4 factores que pueden invalidar una demanda por lesiones personales en Washington: Premier Law Group le ayuda a obtener la compensaci\u00f3n total que merece. Sin cargo a menos que ganemos.","robots":{"index":"index","follow":"follow","max-snippet":"max-snippet:-1","max-image-preview":"max-image-preview:large","max-video-preview":"max-video-preview:-1"},"canonical":"https:\/\/plg-pllc.com\/es\/faqs\/what-factors-invalidate-an-injury-claim\/","og_locale":"es_MX","og_type":"article","og_title":"4 Factors That Can Invalidate a Washington Personal Injury Claim","og_description":"4 Factors That Can Invalidate a Washington Personal Injury Claim: Premier Law Group helps you unlock the full compensation you deserve. No Fee Unless We Win.","og_url":"https:\/\/plg-pllc.com\/es\/faqs\/what-factors-invalidate-an-injury-claim\/","og_site_name":"Premier Law Group","article_publisher":"https:\/\/www.facebook.com\/premierlawgroup","article_modified_time":"2024-11-07T12:12:14+00:00","og_image":[{"width":500,"height":332,"url":"https:\/\/plg-pllc.com\/wp-content\/uploads\/2022\/09\/factors-that-can-invalidate-injury-claims.jpg","type":"image\/jpeg"}],"twitter_card":"summary_large_image","twitter_site":"@premierlawgroup","twitter_misc":{"Tiempo de lectura":"4 minutos"},"schema":{"@context":"https:\/\/schema.org","@graph":[{"@type":"WebPage","@id":"https:\/\/plg-pllc.com\/faqs\/what-factors-invalidate-an-injury-claim\/","url":"https:\/\/plg-pllc.com\/faqs\/what-factors-invalidate-an-injury-claim\/","name":"4 factores que pueden invalidar una reclamaci\u00f3n por lesiones personales en Washington","isPartOf":{"@id":"https:\/\/plg-pllc.com\/#website"},"primaryImageOfPage":{"@id":"https:\/\/plg-pllc.com\/faqs\/what-factors-invalidate-an-injury-claim\/#primaryimage"},"image":{"@id":"https:\/\/plg-pllc.com\/faqs\/what-factors-invalidate-an-injury-claim\/#primaryimage"},"thumbnailUrl":"https:\/\/plg-pllc.com\/wp-content\/uploads\/2022\/09\/factors-that-can-invalidate-injury-claims.jpg","datePublished":"2022-08-16T16:15:00+00:00","dateModified":"2024-11-07T12:12:14+00:00","description":"4 factores que pueden invalidar una demanda por lesiones personales en Washington: Premier Law Group le ayuda a obtener la compensaci\u00f3n total que merece. Sin cargo a menos que ganemos.","breadcrumb":{"@id":"https:\/\/plg-pllc.com\/faqs\/what-factors-invalidate-an-injury-claim\/#breadcrumb"},"inLanguage":"es","potentialAction":[{"@type":"ReadAction","target":["https:\/\/plg-pllc.com\/faqs\/what-factors-invalidate-an-injury-claim\/"]}]},{"@type":"ImageObject","inLanguage":"es","@id":"https:\/\/plg-pllc.com\/faqs\/what-factors-invalidate-an-injury-claim\/#primaryimage","url":"https:\/\/plg-pllc.com\/wp-content\/uploads\/2022\/09\/factors-that-can-invalidate-injury-claims.jpg","contentUrl":"https:\/\/plg-pllc.com\/wp-content\/uploads\/2022\/09\/factors-that-can-invalidate-injury-claims.jpg","width":500,"height":332,"caption":"Lawyers discussing injury claims at legal office."},{"@type":"BreadcrumbList","@id":"https:\/\/plg-pllc.com\/faqs\/what-factors-invalidate-an-injury-claim\/#breadcrumb","itemListElement":[{"@type":"ListItem","position":1,"name":"Home","item":"https:\/\/plg-pllc.com\/es\/"},{"@type":"ListItem","position":2,"name":"FAQs","item":"https:\/\/plg-pllc.com\/es\/faqs\/"},{"@type":"ListItem","position":3,"name":"4 Factors That Can Invalidate a Washington Personal Injury Claim"}]},{"@type":"WebSite","@id":"https:\/\/plg-pllc.com\/#website","url":"https:\/\/plg-pllc.com\/","name":"Grupo de abogados Premier","description":"Abogado de muerte por negligencia y lesiones graves en Washington","publisher":{"@id":"https:\/\/plg-pllc.com\/#organization"},"inLanguage":"es"},{"@type":"Organization","@id":"https:\/\/plg-pllc.com\/#organization","name":"Grupo de abogados Premier","url":"https:\/\/plg-pllc.com\/","logo":{"@type":"ImageObject","inLanguage":"es","@id":"https:\/\/plg-pllc.com\/#\/schema\/logo\/image\/","url":"https:\/\/plg-pllc.com\/wp-content\/uploads\/2020\/10\/plg-logo-v2.gif","contentUrl":"https:\/\/plg-pllc.com\/wp-content\/uploads\/2020\/10\/plg-logo-v2.gif","width":592,"height":191,"caption":"Premier Law Group"},"image":{"@id":"https:\/\/plg-pllc.com\/#\/schema\/logo\/image\/"},"sameAs":["https:\/\/www.facebook.com\/premierlawgroup","https:\/\/x.com\/premierlawgroup"]}]}},"_links":{"self":[{"href":"https:\/\/plg-pllc.com\/es\/wp-json\/wp\/v2\/pages\/19745","targetHints":{"allow":["GET"]}}],"collection":[{"href":"https:\/\/plg-pllc.com\/es\/wp-json\/wp\/v2\/pages"}],"about":[{"href":"https:\/\/plg-pllc.com\/es\/wp-json\/wp\/v2\/types\/page"}],"author":[{"embeddable":true,"href":"https:\/\/plg-pllc.com\/es\/wp-json\/wp\/v2\/users\/24"}],"replies":[{"embeddable":true,"href":"https:\/\/plg-pllc.com\/es\/wp-json\/wp\/v2\/comments?post=19745"}],"version-history":[{"count":0,"href":"https:\/\/plg-pllc.com\/es\/wp-json\/wp\/v2\/pages\/19745\/revisions"}],"up":[{"embeddable":true,"href":"https:\/\/plg-pllc.com\/es\/wp-json\/wp\/v2\/pages\/20714"}],"wp:featuredmedia":[{"embeddable":true,"href":"https:\/\/plg-pllc.com\/es\/wp-json\/wp\/v2\/media\/19746"}],"wp:attachment":[{"href":"https:\/\/plg-pllc.com\/es\/wp-json\/wp\/v2\/media?parent=19745"}],"wp:term":[{"taxonomy":"hc_faqs","embeddable":true,"href":"https:\/\/plg-pllc.com\/es\/wp-json\/wp\/v2\/hc_faqs?post=19745"}],"curies":[{"name":"gracias","href":"https:\/\/api.w.org\/{rel}","templated":true}]}}