{"id":19829,"date":"2022-11-16T12:39:18","date_gmt":"2022-11-16T20:39:18","guid":{"rendered":"https:\/\/plg-pllc.com\/?page_id=19829"},"modified":"2024-11-07T04:12:16","modified_gmt":"2024-11-07T12:12:16","slug":"faqs-claims-process","status":"publish","type":"page","link":"https:\/\/plg-pllc.com\/es\/faqs\/what-is-the-claims-process\/","title":{"rendered":"Proceso de reclamaciones"},"content":{"rendered":"<h2><strong>Proceso de reclamaciones<\/strong><\/h2>\n<p>Presentar una reclamaci\u00f3n puede ser una tarea abrumadora e incluso abrumadora si no se est\u00e1 familiarizado con el funcionamiento del proceso de reclamaciones. Desafortunadamente, la mayor\u00eda de las personas tampoco est\u00e1n familiarizadas con el proceso de reclamaciones, y los peritos de seguros lo saben y est\u00e1n capacitados para utilizarlo en beneficio de la compa\u00f1\u00eda de seguros. Por lo general, los peritos de seguros comienzan a llamar inmediatamente despu\u00e9s de la colisi\u00f3n para intentar presionar a las personas para que acepten peque\u00f1as ofertas de indemnizaci\u00f3n antes de que la persona lesionada sepa siquiera el alcance de sus lesiones.<\/p>\n<p>Nuestro objetivo en Premier Law Group es ser lo m\u00e1s transparentes y directos posible con las personas, porque nuestra misi\u00f3n es ayudar a las personas. Jason y el equipo de PLG han reunido informaci\u00f3n para ayudarlo a familiarizarse con el funcionamiento del proceso de reclamos, c\u00f3mo encontrar el abogado adecuado para ayudarlo y qu\u00e9 debe hacer durante su caso.<\/p>\n<h3 id=\"how-claims-work\"><strong>C\u00f3mo funciona el proceso de reclamaciones<\/strong><\/h3>\n<p>El proceso de reclamaciones tiene muchas facetas y, al comenzar este recorrido, es posible que tenga varias preguntas:<\/p>\n<p><strong><em>&quot;<\/em><\/strong><strong><em>\u00bfCu\u00e1nto valdr\u00e1 mi caso?<\/em><\/strong><\/p>\n<p>Haga clic en el enlace de arriba para encontrar m\u00e1s informaci\u00f3n sobre c\u00f3mo se eval\u00faan los casos y se les asigna un valor en d\u00f3lares.<\/p>\n<p><strong><em>\u201c\u00bfCu\u00e1les son los plazos para presentar un reclamo?\u201d<\/em><\/strong><\/p>\n<p>El \u00fanico plazo para presentar una demanda se denomina Estatuto de limitaciones o SOL. Se trata de una ley estricta que le otorga un plazo determinado para presentar una demanda por su lesi\u00f3n. Haga clic en el enlace de arriba para obtener m\u00e1s informaci\u00f3n sobre c\u00f3mo funciona el SOL en el estado de Washington.<\/p>\n<p><strong><em>\u201c\u00bfC\u00f3mo funcionan los casos?\u201d<\/em><\/strong><\/p>\n<p>Nuestra misi\u00f3n en PLG es brindarles tranquilidad a nuestros clientes mientras los guiamos a trav\u00e9s de cada paso del proceso legal. Haga clic en el enlace de arriba para obtener m\u00e1s informaci\u00f3n sobre c\u00f3mo funcionan los casos.<\/p>\n<p><strong><em>\u201c\u00bfCu\u00e1nto tiempo tarda en asentarse?\u201d<\/em><\/strong><\/p>\n<p>Cada caso de lesiones personales es \u00fanico y el tiempo que lleva resolverlo var\u00eda. Haga clic en el enlace de arriba para obtener m\u00e1s informaci\u00f3n sobre cu\u00e1nto tiempo puede llevar resolver su caso.<\/p><h3 id=\"hiring-an-attorney\"><strong>Contratar al abogado adecuado<\/strong><\/h3>\n<p>Si ha sufrido una lesi\u00f3n o ha sufrido da\u00f1os materiales debido a la negligencia de otra persona, el siguiente paso es encontrar el abogado adecuado que le ayude a obtener una compensaci\u00f3n justa por sus da\u00f1os. Sin embargo, es posible que se est\u00e9 preguntando &quot;\u00bfc\u00f3mo s\u00e9 si tengo un caso v\u00e1lido?&quot; o &quot;\u00bfrealmente necesito un abogado para resolver mi caso?&quot;, ambas son preguntas v\u00e1lidas. A continuaci\u00f3n, se ofrecen algunos recursos que le ayudar\u00e1n a orientarse en la direcci\u00f3n correcta.<\/p>\n<p><strong><em>\u201c\u00bfC\u00f3mo s\u00e9 si tengo un caso?\u201d<\/em><\/strong><\/p>\n<p>Esta es una de las preguntas m\u00e1s frecuentes que se hacen las personas. Si usted se est\u00e1 haciendo la misma pregunta, haga clic en el enlace de arriba para leer m\u00e1s sobre c\u00f3mo saber si puede tener un caso.<\/p>\n<p><strong><em>\u201c\u00bfPuedo llegar a un acuerdo sin abogado?\u201d<\/em><\/strong><\/p>\n<p>S\u00ed, puede hacerlo, pero en muchos casos intentar gestionar su reclamaci\u00f3n sin un abogado puede no ser lo mejor para usted. Para obtener informaci\u00f3n sobre el valor de contratar a un abogado experimentado o para obtener informaci\u00f3n sobre c\u00f3mo resolver un caso sin un abogado, haga clic en el enlace de arriba.<\/p>\n        <div class=\"rs-content-cta long\">\n            <p>Para una consulta legal GRATUITA, llame al <a href=\"tel:+12062851743\">(206) 285-1743 <\/a><\/p>\n            <a href=\"https:\/\/plg-pllc.com\/es\/contact-us\/\" title=\"OBTENGA UNA EVALUACI\u00d3N DE CASO GRATUITA\" class=\"btn-global\">OBTENGA UNA EVALUACI\u00d3N DE CASO GRATUITA<\/a>\n                    <picture>\n                            <source srcset=\"https:\/\/plg-pllc.com\/wp-content\/themes\/plg-pllc-redesign\/assets\/app\/img\/cta-thumb.webp\" type=\"image\/webp\"\/>\n                            <img src=\"https:\/\/plg-pllc.com\/wp-content\/themes\/plg-pllc-redesign\/assets\/app\/img\/cta-thumb.png\" alt=\"Grupo de abogados Premier\" title=\"Grupo de abogados Premier\" width=\"245\" height=\"220\" loading=\"auto\" fetchpriority=\"auto\" decoding=\"async\"\/>\n        <\/picture>\n        \n        <\/div><h3 id=\"during-your-case\"><strong>Durante su caso<\/strong><\/h3>\n<p>Despu\u00e9s de un accidente automovil\u00edstico, recibimos muchas preguntas de nuestros clientes sobre lo que deben hacer durante su caso. El per\u00edodo en el que se est\u00e1 tratando sus lesiones, o despu\u00e9s de que finaliz\u00f3 su tratamiento pero a\u00fan est\u00e1 esperando que se resuelva la reclamaci\u00f3n, es un momento dif\u00edcil lleno de incertidumbre. Estas son dos de las preguntas m\u00e1s comunes que nos hacen las personas durante su caso:<\/p>\n<p><strong>\u201c\u00bfC\u00f3mo pago mis facturas m\u00e9dicas?\u201d<\/strong><\/p>\n<p>Recibir tratamiento m\u00e9dico despu\u00e9s de un accidente puede resultar muy costoso r\u00e1pidamente. Uno de los conceptos err\u00f3neos m\u00e1s comunes es que la parte culpable pagar\u00e1 sus facturas m\u00e9dicas a medida que se acumulen los gastos m\u00e9dicos. Lamentablemente, ese no es el caso, ya que no recibir\u00e1 una serie de peque\u00f1os cheques para cubrir los costos de sus facturas. Para averiguar c\u00f3mo pagar sus facturas m\u00e9dicas, haga clic en el enlace de arriba.<\/p>\n<p><a href=\"https:\/\/plg-pllc.com\/faqs\/5-tips-to-avoid-pedestrian-accidents\/\"><strong>\u201c\u00bfQu\u00e9 errores debo evitar?\u201d<\/strong><\/a><\/p>\n<p>Para decirlo sin rodeos, hay una cantidad infinita de formas en las que alguien puede da\u00f1ar el valor de su reclamaci\u00f3n. Dicho esto, sin embargo, hay dos grandes errores que pueden afectar significativamente su caso. Haga clic en el enlace de arriba para leer m\u00e1s sobre ellos.<\/p><h3><strong>\u00bfTienes alguna pregunta a\u00fan? <\/strong><\/h3>\n<p>En Premier Law Group, podr\u00e1 hablar con un abogado experimentado, en lugar de solo ser canalizado a un especialista en admisi\u00f3n o asistente legal sobre su caso. Nuestros abogados con experiencia est\u00e1n aqu\u00ed para ayudarlo en todo lo que podamos y estaremos encantados de hablar con usted por cualquier motivo. <strong>GRATIS<\/strong>Sin compromisos. Incluso le diremos si no necesita un abogado y le asesoraremos sobre c\u00f3mo resolver su propio caso. \u00a1Ll\u00e1menos en cualquier momento!<\/p>\n\n        <div class=\"rs-content-cta\">\n            <p>Llamar o enviar mensaje de texto <a href=\"tel:+12062851743\">(206) 285-1743<\/a> o complete un formulario de evaluaci\u00f3n de caso gratuito<\/p>\n            <a href=\"https:\/\/plg-pllc.com\/es\/contact-us\/\" title=\"OBTENGA UNA EVALUACI\u00d3N DE CASO GRATUITA\" class=\"btn-global\">OBTENGA UNA EVALUACI\u00d3N DE CASO GRATUITA<\/a>\n                    <picture>\n                            <source srcset=\"https:\/\/plg-pllc.com\/wp-content\/themes\/plg-pllc-redesign\/assets\/app\/img\/cta-thumb.webp\" type=\"image\/webp\"\/>\n                            <img src=\"https:\/\/plg-pllc.com\/wp-content\/themes\/plg-pllc-redesign\/assets\/app\/img\/cta-thumb.png\" alt=\"Grupo de abogados Premier\" title=\"Grupo de abogados Premier\" width=\"245\" height=\"220\" loading=\"auto\" fetchpriority=\"auto\" decoding=\"async\"\/>\n        <\/picture>\n        \n        <\/div>","protected":false},"excerpt":{"rendered":"<p>Proceso de reclamos Presentar un reclamo puede ser una tarea abrumadora e incluso abrumadora si no est\u00e1 familiarizado con el funcionamiento del proceso de reclamos. Desafortunadamente, la mayor\u00eda de las personas tampoco est\u00e1n familiarizadas con el proceso de reclamos, y los liquidadores de seguros lo saben y est\u00e1n capacitados para usarlo en beneficio de la compa\u00f1\u00eda de seguros. Por lo general, los liquidadores de seguros comienzan \u2026<\/p>","protected":false},"author":1,"featured_media":0,"parent":20714,"menu_order":0,"comment_status":"closed","ping_status":"closed","template":"","meta":{"_acf_changed":false,"_genesis_hide_title":false,"_genesis_hide_breadcrumbs":false,"_genesis_hide_singular_image":false,"_genesis_hide_footer_widgets":false,"_genesis_custom_body_class":"","_genesis_custom_post_class":"","_genesis_layout":"","footnotes":""},"hc_faqs":[10365],"class_list":{"0":"post-19829","1":"page","2":"type-page","3":"status-publish","5":"hc_faqs-insurance-claims","6":"entry"},"acf":[],"yoast_head":"<!-- This site is optimized with the Yoast SEO plugin v27.4 - https:\/\/yoast.com\/product\/yoast-seo-wordpress\/ -->\n<title>Claims Process | Premier Law Group<\/title>\n<meta name=\"description\" content=\"Claims Process: Premier Law Group helps you unlock the full compensation you deserve. No Fee Unless We Win.\" \/>\n<meta name=\"robots\" content=\"index, follow, max-snippet:-1, max-image-preview:large, max-video-preview:-1\" \/>\n<link rel=\"canonical\" href=\"https:\/\/plg-pllc.com\/es\/faqs\/what-is-the-claims-process\/\" \/>\n<meta property=\"og:locale\" content=\"es_MX\" \/>\n<meta property=\"og:type\" content=\"article\" \/>\n<meta property=\"og:title\" content=\"Claims Process | Premier Law Group\" \/>\n<meta property=\"og:description\" content=\"Claims Process: Premier Law Group helps you unlock the full compensation you deserve. No Fee Unless We Win.\" \/>\n<meta property=\"og:url\" content=\"https:\/\/plg-pllc.com\/es\/faqs\/what-is-the-claims-process\/\" \/>\n<meta property=\"og:site_name\" content=\"Premier Law Group\" \/>\n<meta property=\"article:publisher\" content=\"https:\/\/www.facebook.com\/premierlawgroup\" \/>\n<meta property=\"article:modified_time\" content=\"2024-11-07T12:12:16+00:00\" \/>\n<meta name=\"twitter:card\" content=\"summary_large_image\" \/>\n<meta name=\"twitter:site\" content=\"@premierlawgroup\" \/>\n<meta name=\"twitter:label1\" content=\"Tiempo de lectura\" \/>\n\t<meta name=\"twitter:data1\" content=\"4 minutos\" \/>\n<script type=\"application\/ld+json\" class=\"yoast-schema-graph\">{\"@context\":\"https:\\\/\\\/schema.org\",\"@graph\":[{\"@type\":\"WebPage\",\"@id\":\"https:\\\/\\\/plg-pllc.com\\\/faqs\\\/what-is-the-claims-process\\\/\",\"url\":\"https:\\\/\\\/plg-pllc.com\\\/faqs\\\/what-is-the-claims-process\\\/\",\"name\":\"Claims Process | Premier Law Group\",\"isPartOf\":{\"@id\":\"https:\\\/\\\/plg-pllc.com\\\/#website\"},\"datePublished\":\"2022-11-16T20:39:18+00:00\",\"dateModified\":\"2024-11-07T12:12:16+00:00\",\"description\":\"Claims Process: Premier Law Group helps you unlock the full compensation you deserve. No Fee Unless We Win.\",\"breadcrumb\":{\"@id\":\"https:\\\/\\\/plg-pllc.com\\\/faqs\\\/what-is-the-claims-process\\\/#breadcrumb\"},\"inLanguage\":\"es\",\"potentialAction\":[{\"@type\":\"ReadAction\",\"target\":[\"https:\\\/\\\/plg-pllc.com\\\/faqs\\\/what-is-the-claims-process\\\/\"]}]},{\"@type\":\"BreadcrumbList\",\"@id\":\"https:\\\/\\\/plg-pllc.com\\\/faqs\\\/what-is-the-claims-process\\\/#breadcrumb\",\"itemListElement\":[{\"@type\":\"ListItem\",\"position\":1,\"name\":\"Home\",\"item\":\"https:\\\/\\\/plg-pllc.com\\\/es\\\/\"},{\"@type\":\"ListItem\",\"position\":2,\"name\":\"FAQs\",\"item\":\"https:\\\/\\\/plg-pllc.com\\\/es\\\/faqs\\\/\"},{\"@type\":\"ListItem\",\"position\":3,\"name\":\"Claims Process\"}]},{\"@type\":\"WebSite\",\"@id\":\"https:\\\/\\\/plg-pllc.com\\\/#website\",\"url\":\"https:\\\/\\\/plg-pllc.com\\\/\",\"name\":\"Premier Law Group\",\"description\":\"Washington Wrongful Death and Serious Injury Lawyer\",\"publisher\":{\"@id\":\"https:\\\/\\\/plg-pllc.com\\\/#organization\"},\"inLanguage\":\"es\"},{\"@type\":\"Organization\",\"@id\":\"https:\\\/\\\/plg-pllc.com\\\/#organization\",\"name\":\"Premier Law Group\",\"url\":\"https:\\\/\\\/plg-pllc.com\\\/\",\"logo\":{\"@type\":\"ImageObject\",\"inLanguage\":\"es\",\"@id\":\"https:\\\/\\\/plg-pllc.com\\\/#\\\/schema\\\/logo\\\/image\\\/\",\"url\":\"https:\\\/\\\/plg-pllc.com\\\/wp-content\\\/uploads\\\/2020\\\/10\\\/plg-logo-v2.gif\",\"contentUrl\":\"https:\\\/\\\/plg-pllc.com\\\/wp-content\\\/uploads\\\/2020\\\/10\\\/plg-logo-v2.gif\",\"width\":592,\"height\":191,\"caption\":\"Premier Law Group\"},\"image\":{\"@id\":\"https:\\\/\\\/plg-pllc.com\\\/#\\\/schema\\\/logo\\\/image\\\/\"},\"sameAs\":[\"https:\\\/\\\/www.facebook.com\\\/premierlawgroup\",\"https:\\\/\\\/x.com\\\/premierlawgroup\"]}]}<\/script>\n<!-- \/ Yoast SEO plugin. -->","yoast_head_json":{"title":"Proceso de reclamaciones | Premier Law Group","description":"Proceso de reclamaci\u00f3n: Premier Law Group le ayuda a obtener la compensaci\u00f3n total que merece. Sin cargo a menos que ganemos.","robots":{"index":"index","follow":"follow","max-snippet":"max-snippet:-1","max-image-preview":"max-image-preview:large","max-video-preview":"max-video-preview:-1"},"canonical":"https:\/\/plg-pllc.com\/es\/faqs\/what-is-the-claims-process\/","og_locale":"es_MX","og_type":"article","og_title":"Claims Process | Premier Law Group","og_description":"Claims Process: Premier Law Group helps you unlock the full compensation you deserve. No Fee Unless We Win.","og_url":"https:\/\/plg-pllc.com\/es\/faqs\/what-is-the-claims-process\/","og_site_name":"Premier Law Group","article_publisher":"https:\/\/www.facebook.com\/premierlawgroup","article_modified_time":"2024-11-07T12:12:16+00:00","twitter_card":"summary_large_image","twitter_site":"@premierlawgroup","twitter_misc":{"Tiempo de lectura":"4 minutos"},"schema":{"@context":"https:\/\/schema.org","@graph":[{"@type":"WebPage","@id":"https:\/\/plg-pllc.com\/faqs\/what-is-the-claims-process\/","url":"https:\/\/plg-pllc.com\/faqs\/what-is-the-claims-process\/","name":"Proceso de reclamaciones | Premier Law Group","isPartOf":{"@id":"https:\/\/plg-pllc.com\/#website"},"datePublished":"2022-11-16T20:39:18+00:00","dateModified":"2024-11-07T12:12:16+00:00","description":"Proceso de reclamaci\u00f3n: Premier Law Group le ayuda a obtener la compensaci\u00f3n total que merece. Sin cargo a menos que ganemos.","breadcrumb":{"@id":"https:\/\/plg-pllc.com\/faqs\/what-is-the-claims-process\/#breadcrumb"},"inLanguage":"es","potentialAction":[{"@type":"ReadAction","target":["https:\/\/plg-pllc.com\/faqs\/what-is-the-claims-process\/"]}]},{"@type":"BreadcrumbList","@id":"https:\/\/plg-pllc.com\/faqs\/what-is-the-claims-process\/#breadcrumb","itemListElement":[{"@type":"ListItem","position":1,"name":"Home","item":"https:\/\/plg-pllc.com\/es\/"},{"@type":"ListItem","position":2,"name":"FAQs","item":"https:\/\/plg-pllc.com\/es\/faqs\/"},{"@type":"ListItem","position":3,"name":"Claims Process"}]},{"@type":"WebSite","@id":"https:\/\/plg-pllc.com\/#website","url":"https:\/\/plg-pllc.com\/","name":"Grupo de abogados Premier","description":"Abogado de muerte por negligencia y lesiones graves en Washington","publisher":{"@id":"https:\/\/plg-pllc.com\/#organization"},"inLanguage":"es"},{"@type":"Organization","@id":"https:\/\/plg-pllc.com\/#organization","name":"Grupo de abogados Premier","url":"https:\/\/plg-pllc.com\/","logo":{"@type":"ImageObject","inLanguage":"es","@id":"https:\/\/plg-pllc.com\/#\/schema\/logo\/image\/","url":"https:\/\/plg-pllc.com\/wp-content\/uploads\/2020\/10\/plg-logo-v2.gif","contentUrl":"https:\/\/plg-pllc.com\/wp-content\/uploads\/2020\/10\/plg-logo-v2.gif","width":592,"height":191,"caption":"Premier Law Group"},"image":{"@id":"https:\/\/plg-pllc.com\/#\/schema\/logo\/image\/"},"sameAs":["https:\/\/www.facebook.com\/premierlawgroup","https:\/\/x.com\/premierlawgroup"]}]}},"_links":{"self":[{"href":"https:\/\/plg-pllc.com\/es\/wp-json\/wp\/v2\/pages\/19829","targetHints":{"allow":["GET"]}}],"collection":[{"href":"https:\/\/plg-pllc.com\/es\/wp-json\/wp\/v2\/pages"}],"about":[{"href":"https:\/\/plg-pllc.com\/es\/wp-json\/wp\/v2\/types\/page"}],"author":[{"embeddable":true,"href":"https:\/\/plg-pllc.com\/es\/wp-json\/wp\/v2\/users\/1"}],"replies":[{"embeddable":true,"href":"https:\/\/plg-pllc.com\/es\/wp-json\/wp\/v2\/comments?post=19829"}],"version-history":[{"count":0,"href":"https:\/\/plg-pllc.com\/es\/wp-json\/wp\/v2\/pages\/19829\/revisions"}],"up":[{"embeddable":true,"href":"https:\/\/plg-pllc.com\/es\/wp-json\/wp\/v2\/pages\/20714"}],"wp:attachment":[{"href":"https:\/\/plg-pllc.com\/es\/wp-json\/wp\/v2\/media?parent=19829"}],"wp:term":[{"taxonomy":"hc_faqs","embeddable":true,"href":"https:\/\/plg-pllc.com\/es\/wp-json\/wp\/v2\/hc_faqs?post=19829"}],"curies":[{"name":"gracias","href":"https:\/\/api.w.org\/{rel}","templated":true}]}}