{"id":19837,"date":"2022-11-21T16:31:29","date_gmt":"2022-11-22T00:31:29","guid":{"rendered":"https:\/\/plg-pllc.com\/?page_id=19837"},"modified":"2026-03-24T15:06:10","modified_gmt":"2026-03-24T22:06:10","slug":"federal-way-truck-accident-lawyer","status":"publish","type":"page","link":"https:\/\/plg-pllc.com\/es\/federal-way\/truck-accident-lawyer\/","title":{"rendered":"Abogado de accidentes de camiones en Federal Way"},"content":{"rendered":"<p class=\"has-text-align-center\"><\/p>\r\n\r\n\r\n\r\n<h2 class=\"wp-block-heading\" id=\"h-federal-way-truck-accident-lawyer\"><span style=\"font-weight: 400;\"><strong>Abogado de accidentes de camiones en Federal Way<\/strong><\/span><\/h2>\r\n\r\n\r\n\r\n<p>Si bien todos los conductores tienen la responsabilidad de conducir de la manera m\u00e1s segura posible, es fundamental que los conductores de camiones practiquen h\u00e1bitos de conducci\u00f3n seguros. El gran tama\u00f1o y la masa de los camiones los hacen extremadamente peligrosos en caso de accidente. Se ha informado de que hay varios miles de personas muertas en <a href=\"https:\/\/www.iihs.org\/research-areas\/fatality-statistics\/detail\/large-trucks\/\" target=\"_blank\" rel=\"noreferrer noopener\">Accidentes de camiones<\/a> Cada a\u00f1o en los Estados Unidos. Si usted o un ser querido sufri\u00f3 una lesi\u00f3n en un accidente de cami\u00f3n con da\u00f1os, puede buscar ayuda de un abogado especializado en accidentes de cami\u00f3n en Federal Way.<\/p>\r\n\r\n\r\n\r\n<p>En Premier Law Group, nuestros abogados especializados en accidentes de camiones han dedicado toda su carrera a luchar en nombre de las personas, no de las grandes corporaciones. Sabemos c\u00f3mo hacer que las empresas de transporte y sus aseguradoras se responsabilicen por los da\u00f1os que han causado a las v\u00edctimas lesionadas. Estamos orgullosos de brindarles a nuestros clientes el asesoramiento legal de confianza que merecen mientras los ayudamos en este momento dif\u00edcil. Si estuvo involucrado en un accidente de cami\u00f3n que le cambi\u00f3 la vida, nuestro equipo legal experto puede ayudarlo con su reclamo por accidente de cami\u00f3n.<\/p>\r\n\r\n\r\n\r\n<h2 class=\"wp-block-heading\">Cuatro pasos a seguir despu\u00e9s de un accidente de cami\u00f3n<\/h2>\r\n\r\n\r\n\r\n<p>Los accidentes de cami\u00f3n se consideran accidentes catastr\u00f3ficos debido a las lesiones que suelen sufrir las v\u00edctimas y que alteran su vida. Si bien los momentos posteriores a un accidente de cami\u00f3n pueden estar llenos de ansiedad, miedo y estr\u00e9s, es fundamental que las v\u00edctimas tomen las siguientes medidas para garantizar su seguridad y bienestar:<\/p>\r\n\r\n\r\n\r\n<h3 class=\"wp-block-heading\">Reportar la colisi\u00f3n a la polic\u00eda<\/h3>\r\n\r\n\r\n\r\n<p>Los accidentes con camiones comerciales deben denunciarse ante las autoridades. Seg\u00fan la ley del estado de Washington, los conductores tienen el deber de denunciar todos los accidentes que resulten en lesiones o da\u00f1os materiales importantes. Lo mejor para usted es asegurarse de que la polic\u00eda responda a un accidente con un cami\u00f3n semirremolque. El oficial redactar\u00e1 un informe del accidente.&nbsp;<\/p>\r\n\r\n\r\n\r\n<h3 class=\"wp-block-heading\">Intercambie informaci\u00f3n importante y documente el accidente&nbsp;<\/h3>\r\n\r\n\r\n\r\n<p>Si estuvo involucrado en un accidente de cami\u00f3n en Federal Way, es imperativo que tome medidas proactivas para documentar la colisi\u00f3n. En la medida de lo posible, intente obtener evidencia. Entre otras cosas, debe registrar el nombre del conductor del cami\u00f3n, su empleador, informaci\u00f3n de identificaci\u00f3n del cami\u00f3n, fotograf\u00edas del accidente y datos de contacto de los testigos.&nbsp;<\/p>\r\n\r\n\r\n\r\n<h3 class=\"wp-block-heading\">Busque atenci\u00f3n m\u00e9dica profesional<\/h3>\r\n\r\n\r\n\r\n<p>Todas las lesiones causadas por un accidente de cami\u00f3n deben ser evaluadas por un m\u00e9dico calificado. Incluso si cree que sus lesiones son menores, debe consultar a un m\u00e9dico. Tenga en cuenta que no puede presentar una demanda por lesiones causadas por un accidente de cami\u00f3n a menos que haya consultado a un m\u00e9dico. Los registros m\u00e9dicos son necesarios para respaldar un caso de lesiones personales.&nbsp;&nbsp;<\/p>\r\n\r\n\r\n\r\n<h3 class=\"wp-block-heading\">Llame a un abogado especializado en accidentes de camiones en Federal Way<\/h3>\r\n\r\n\r\n\r\n<p>Por \u00faltimo, es fundamental que hable con un abogado con experiencia en accidentes de camiones antes de hacer cualquier declaraci\u00f3n a una compa\u00f1\u00eda de seguros. La empresa de transporte y sus aseguradoras no est\u00e1n de su lado. Nuestros abogados especializados en accidentes de camiones proteger\u00e1n sus derechos.&nbsp;<\/p>\r\n\r\n\r\n\r\n<h2 class=\"wp-block-heading\">Las v\u00edctimas de accidentes de camiones merecen una compensaci\u00f3n econ\u00f3mica<\/h2>\r\n\r\n\r\n\r\n<p>A trav\u00e9s de una demanda por lesiones personales, las v\u00edctimas de accidentes de camiones pueden buscar una compensaci\u00f3n econ\u00f3mica por p\u00e9rdidas econ\u00f3micas y no econ\u00f3micas. Lamentablemente, las grandes compa\u00f1\u00edas de transporte y sus proveedores de seguros no facilitar\u00e1n el proceso de reclamaci\u00f3n. Buscar\u00e1n cualquier excusa para reducir su indemnizaci\u00f3n o incluso negarle la compensaci\u00f3n por completo. En Premier Law Group, nuestros abogados especializados en accidentes de camiones tienen las habilidades, la experiencia y los recursos para ayudar a nuestros clientes a obtener la compensaci\u00f3n total que merecen. Dependiendo de la naturaleza \u00fanica de su caso, puede tener derecho a recibir una compensaci\u00f3n econ\u00f3mica por:<\/p>\r\n\r\n\r\n\r\n<ul class=\"wp-block-list\"><li>Atenci\u00f3n en sala de emergencias<\/li><li>Facturas m\u00e9dicas<\/li><li>Gastos m\u00e9dicos futuros<\/li><li>Salarios perdidos<\/li><li>Dolor y sufrimiento<\/li><li>Cicatrices\/desfiguraci\u00f3n<\/li><li>Muerte por negligencia<\/li><\/ul>\r\n\r\n\r\n\r\n<p>Si no est\u00e1 seguro de qu\u00e9 da\u00f1os puede tener derecho a recibir, nuestros abogados expertos en accidentes de camiones pueden ayudarlo. Seg\u00fan los detalles de su reclamo, nuestro equipo legal calcular\u00e1 el monto total de compensaci\u00f3n financiera que le debe la parte culpable.&nbsp;<\/p>\r\n\r\n\r\n\r\n<h2 class=\"wp-block-heading\">C\u00f3mo pueden ayudarle nuestros abogados especializados en accidentes de camiones<\/h2>\r\n\r\n\r\n\r\n<p>Nuestro bufete de abogados est\u00e1 aqu\u00ed para ayudarle a navegar por todos los aspectos del proceso de reclamaci\u00f3n por accidente de cami\u00f3n. Hemos elaborado una gu\u00eda de recursos gratuita que puede utilizar. Estamos listos para tomar medidas inmediatas para garantizar que pueda maximizar su compensaci\u00f3n financiera. En concreto, nuestros abogados de accidentes de cami\u00f3n de Federal Way:&nbsp;<\/p>\r\n\r\n\r\n\r\n<ul class=\"wp-block-list\"><li>Realice una revisi\u00f3n gratuita y sin compromiso de su caso de accidente de cami\u00f3n.<\/li><li>Abordar cualquier inquietud que tenga sobre su reclamo o el proceso.<\/li><li>Investigue su accidente de cami\u00f3n semirremolque, asegurando todas las pruebas relevantes (<em>es decir<\/em>, documentos, registros y datos que posee la empresa de transporte)<\/li><li>Re\u00fana y organice sus facturas m\u00e9dicas y registros m\u00e9dicos.<\/li><li>Encargarse de toda la correspondencia y negociaciones con la compa\u00f1\u00eda de seguros.<\/li><li>Proporcionar una comunicaci\u00f3n receptiva durante todo el proceso de reclamaciones.&nbsp;<\/li><\/ul>\r\n\r\n\r\n\r\n<p>Nos centramos en obtener resultados exitosos para las v\u00edctimas lesionadas. Cada caso es diferente y usted merece una representaci\u00f3n personalizada. Tenemos una amplia experiencia en alcanzar acuerdos completos y justos por lesiones personales, y nuestros abogados han sido probados en juicios. Nuestro equipo legal llevar\u00e1 su caso hasta donde sea necesario para que usted pueda seguir adelante con su vida con confianza.<\/p>\r\n\r\n\r\n\r\n\n        <div class=\"rs-content-cta long\">\n            <p>Para una consulta legal GRATUITA con un abogado de accidentes de camiones que preste servicios en Federal Way, llame al <a href=\"tel:+12062851743\">(206) 285-1743 <\/a><\/p>\n            <a href=\"https:\/\/plg-pllc.com\/es\/contact-us\/\" title=\"OBTENGA UNA EVALUACI\u00d3N DE CASO GRATUITA\" class=\"btn-global\">OBTENGA UNA EVALUACI\u00d3N DE CASO GRATUITA<\/a>\n                    <picture>\n                            <source srcset=\"https:\/\/plg-pllc.com\/wp-content\/themes\/plg-pllc-redesign\/assets\/app\/img\/cta-thumb.webp\" type=\"image\/webp\"\/>\n                            <img src=\"https:\/\/plg-pllc.com\/wp-content\/themes\/plg-pllc-redesign\/assets\/app\/img\/cta-thumb.png\" alt=\"Grupo de abogados Premier\" title=\"Grupo de abogados Premier\" width=\"245\" height=\"220\" loading=\"auto\" fetchpriority=\"auto\" decoding=\"async\"\/>\n        <\/picture>\n        \n        <\/div><h2 class=\"wp-block-heading\">Comun\u00edquese hoy mismo con los abogados especializados en accidentes de camiones en Federal Way, WA de Premier Law Group<\/h2>\r\n\r\n\r\n\r\n<p>Los accidentes de camiones pueden ser muy perjudiciales, si no mortales, para las v\u00edctimas involucradas. Debido al gran tama\u00f1o y la masa de los camiones, una colisi\u00f3n con un veh\u00edculo m\u00e1s peque\u00f1o puede tener resultados devastadores. Si usted o un ser querido sufri\u00f3 una lesi\u00f3n en un accidente de cami\u00f3n en Federal Way, comun\u00edquese con un abogado experto en accidentes de camiones.&nbsp;<br \/>En <a href=\"https:\/\/plg-pllc.com\/\">Grupo de abogados Premier<\/a>Nuestros abogados de accidentes de camiones en Federal Way est\u00e1n comprometidos a brindar una representaci\u00f3n eficaz y de alta calidad a las v\u00edctimas lesionadas. Lo ayudaremos a buscar justicia y a reclamar la compensaci\u00f3n que se le debe. Para una consulta gratuita, complete este formulario en l\u00ednea <a href=\"https:\/\/plg-pllc.com\/contact-us\/\">Formulario de contacto<\/a> o llame al (206) 880-7518.<\/p>\r\n\n        <div class=\"rs-content-cta\">\n            <p>Llamar o enviar mensaje de texto <a href=\"tel:+12062851743\">(206) 285-1743<\/a> o complete un formulario de evaluaci\u00f3n de caso gratuito<\/p>\n            <a href=\"https:\/\/plg-pllc.com\/es\/contact-us\/\" title=\"OBTENGA UNA EVALUACI\u00d3N DE CASO GRATUITA\" class=\"btn-global\">OBTENGA UNA EVALUACI\u00d3N DE CASO GRATUITA<\/a>\n                    <picture>\n                            <source srcset=\"https:\/\/plg-pllc.com\/wp-content\/themes\/plg-pllc-redesign\/assets\/app\/img\/cta-thumb.webp\" type=\"image\/webp\"\/>\n                            <img src=\"https:\/\/plg-pllc.com\/wp-content\/themes\/plg-pllc-redesign\/assets\/app\/img\/cta-thumb.png\" alt=\"Grupo de abogados Premier\" title=\"Grupo de abogados Premier\" width=\"245\" height=\"220\" loading=\"auto\" fetchpriority=\"auto\" decoding=\"async\"\/>\n        <\/picture>\n        \n        <\/div>","protected":false},"excerpt":{"rendered":"<p>Abogado de accidentes de camiones en Federal Way Si bien todos los conductores tienen la responsabilidad de conducir de la manera m\u00e1s segura posible, es fundamental que los conductores de camiones practiquen h\u00e1bitos de conducci\u00f3n seguros. El gran tama\u00f1o y la masa de los camiones los hacen extremadamente peligrosos en caso de accidente. Se ha informado de que hay varios miles de personas muertas \u2026<\/p>","protected":false},"author":1,"featured_media":0,"parent":20716,"menu_order":0,"comment_status":"closed","ping_status":"closed","template":"","meta":{"_acf_changed":false,"_genesis_hide_title":false,"_genesis_hide_breadcrumbs":false,"_genesis_hide_singular_image":false,"_genesis_hide_footer_widgets":false,"_genesis_custom_body_class":"","_genesis_custom_post_class":"","_genesis_layout":"","footnotes":""},"hc_faqs":[],"class_list":{"0":"post-19837","1":"page","2":"type-page","3":"status-publish","5":"hc_city_location-federal-way","6":"entry"},"acf":[],"yoast_head":"<!-- This site is optimized with the Yoast SEO plugin v27.2 - https:\/\/yoast.com\/product\/yoast-seo-wordpress\/ -->\n<title>Truck Accident Lawyer in Federal Way | Free Case Review<\/title>\n<meta name=\"description\" content=\"Federal Way Truck Accident Lawyer: Premier Law Group helps you unlock the full compensation you deserve. No Fee Unless We Win.\" \/>\n<meta name=\"robots\" content=\"index, follow, max-snippet:-1, max-image-preview:large, max-video-preview:-1\" \/>\n<link rel=\"canonical\" href=\"https:\/\/plg-pllc.com\/es\/federal-way\/truck-accident-lawyer\/\" \/>\n<meta property=\"og:locale\" content=\"es_MX\" \/>\n<meta property=\"og:type\" content=\"article\" \/>\n<meta property=\"og:title\" content=\"Truck Accident Lawyer in Federal Way | Free Case Review\" \/>\n<meta property=\"og:description\" content=\"Federal Way Truck Accident Lawyer: Premier Law Group helps you unlock the full compensation you deserve. No Fee Unless We Win.\" \/>\n<meta property=\"og:url\" content=\"https:\/\/plg-pllc.com\/es\/federal-way\/truck-accident-lawyer\/\" \/>\n<meta property=\"og:site_name\" content=\"Premier Law Group\" \/>\n<meta property=\"article:publisher\" content=\"https:\/\/www.facebook.com\/premierlawgroup\" \/>\n<meta property=\"article:modified_time\" content=\"2026-03-24T22:06:10+00:00\" \/>\n<meta name=\"twitter:card\" content=\"summary_large_image\" \/>\n<meta name=\"twitter:site\" content=\"@premierlawgroup\" \/>\n<script type=\"application\/ld+json\" class=\"yoast-schema-graph\">{\"@context\":\"https:\/\/schema.org\",\"@graph\":[{\"@type\":\"WebPage\",\"@id\":\"https:\/\/plg-pllc.com\/federal-way\/truck-accident-lawyer\/\",\"url\":\"https:\/\/plg-pllc.com\/federal-way\/truck-accident-lawyer\/\",\"name\":\"Truck Accident Lawyer in Federal Way | Free Case Review\",\"isPartOf\":{\"@id\":\"https:\/\/plg-pllc.com\/#website\"},\"datePublished\":\"2022-11-22T00:31:29+00:00\",\"dateModified\":\"2026-03-24T22:06:10+00:00\",\"description\":\"Federal Way Truck Accident Lawyer: Premier Law Group helps you unlock the full compensation you deserve. No Fee Unless We Win.\",\"breadcrumb\":{\"@id\":\"https:\/\/plg-pllc.com\/federal-way\/truck-accident-lawyer\/#breadcrumb\"},\"inLanguage\":\"es\",\"potentialAction\":[{\"@type\":\"ReadAction\",\"target\":[\"https:\/\/plg-pllc.com\/federal-way\/truck-accident-lawyer\/\"]}]},{\"@type\":\"BreadcrumbList\",\"@id\":\"https:\/\/plg-pllc.com\/federal-way\/truck-accident-lawyer\/#breadcrumb\",\"itemListElement\":[{\"@type\":\"ListItem\",\"position\":1,\"name\":\"Home\",\"item\":\"https:\/\/plg-pllc.com\/es\/\"},{\"@type\":\"ListItem\",\"position\":2,\"name\":\"Federal Way Personal Injury Lawyer\",\"item\":\"https:\/\/plg-pllc.com\/es\/federal-way\/personal-injury-lawyer\/\"},{\"@type\":\"ListItem\",\"position\":3,\"name\":\"Federal Way Truck Accident Lawyer\"}]},{\"@type\":\"WebSite\",\"@id\":\"https:\/\/plg-pllc.com\/#website\",\"url\":\"https:\/\/plg-pllc.com\/\",\"name\":\"Premier Law Group\",\"description\":\"Washington Wrongful Death and Serious Injury Lawyer\",\"publisher\":{\"@id\":\"https:\/\/plg-pllc.com\/#organization\"},\"inLanguage\":\"es\"},{\"@type\":\"Organization\",\"@id\":\"https:\/\/plg-pllc.com\/#organization\",\"name\":\"Premier Law Group\",\"url\":\"https:\/\/plg-pllc.com\/\",\"logo\":{\"@type\":\"ImageObject\",\"inLanguage\":\"es\",\"@id\":\"https:\/\/plg-pllc.com\/#\/schema\/logo\/image\/\",\"url\":\"https:\/\/plg-pllc.com\/wp-content\/uploads\/2020\/10\/plg-logo-v2.gif\",\"contentUrl\":\"https:\/\/plg-pllc.com\/wp-content\/uploads\/2020\/10\/plg-logo-v2.gif\",\"width\":592,\"height\":191,\"caption\":\"Premier Law Group\"},\"image\":{\"@id\":\"https:\/\/plg-pllc.com\/#\/schema\/logo\/image\/\"},\"sameAs\":[\"https:\/\/www.facebook.com\/premierlawgroup\",\"https:\/\/x.com\/premierlawgroup\"]}]}<\/script>\n<!-- \/ Yoast SEO plugin. -->","yoast_head_json":{"title":"Abogado de accidentes de camiones en Federal Way | Revisi\u00f3n gratuita de casos","description":"Abogado de accidentes de camiones en Federal Way: Premier Law Group lo ayuda a obtener la compensaci\u00f3n total que se merece. Sin cargo a menos que ganemos.","robots":{"index":"index","follow":"follow","max-snippet":"max-snippet:-1","max-image-preview":"max-image-preview:large","max-video-preview":"max-video-preview:-1"},"canonical":"https:\/\/plg-pllc.com\/es\/federal-way\/truck-accident-lawyer\/","og_locale":"es_MX","og_type":"article","og_title":"Truck Accident Lawyer in Federal Way | Free Case Review","og_description":"Federal Way Truck Accident Lawyer: Premier Law Group helps you unlock the full compensation you deserve. No Fee Unless We Win.","og_url":"https:\/\/plg-pllc.com\/es\/federal-way\/truck-accident-lawyer\/","og_site_name":"Premier Law Group","article_publisher":"https:\/\/www.facebook.com\/premierlawgroup","article_modified_time":"2026-03-24T22:06:10+00:00","twitter_card":"summary_large_image","twitter_site":"@premierlawgroup","schema":{"@context":"https:\/\/schema.org","@graph":[{"@type":"WebPage","@id":"https:\/\/plg-pllc.com\/federal-way\/truck-accident-lawyer\/","url":"https:\/\/plg-pllc.com\/federal-way\/truck-accident-lawyer\/","name":"Abogado de accidentes de camiones en Federal Way | Revisi\u00f3n gratuita de casos","isPartOf":{"@id":"https:\/\/plg-pllc.com\/#website"},"datePublished":"2022-11-22T00:31:29+00:00","dateModified":"2026-03-24T22:06:10+00:00","description":"Abogado de accidentes de camiones en Federal Way: Premier Law Group lo ayuda a obtener la compensaci\u00f3n total que se merece. Sin cargo a menos que ganemos.","breadcrumb":{"@id":"https:\/\/plg-pllc.com\/federal-way\/truck-accident-lawyer\/#breadcrumb"},"inLanguage":"es","potentialAction":[{"@type":"ReadAction","target":["https:\/\/plg-pllc.com\/federal-way\/truck-accident-lawyer\/"]}]},{"@type":"BreadcrumbList","@id":"https:\/\/plg-pllc.com\/federal-way\/truck-accident-lawyer\/#breadcrumb","itemListElement":[{"@type":"ListItem","position":1,"name":"Home","item":"https:\/\/plg-pllc.com\/es\/"},{"@type":"ListItem","position":2,"name":"Federal Way Personal Injury Lawyer","item":"https:\/\/plg-pllc.com\/es\/federal-way\/personal-injury-lawyer\/"},{"@type":"ListItem","position":3,"name":"Federal Way Truck Accident Lawyer"}]},{"@type":"WebSite","@id":"https:\/\/plg-pllc.com\/#website","url":"https:\/\/plg-pllc.com\/","name":"Grupo de abogados Premier","description":"Abogado de muerte por negligencia y lesiones graves en Washington","publisher":{"@id":"https:\/\/plg-pllc.com\/#organization"},"inLanguage":"es"},{"@type":"Organization","@id":"https:\/\/plg-pllc.com\/#organization","name":"Grupo de abogados Premier","url":"https:\/\/plg-pllc.com\/","logo":{"@type":"ImageObject","inLanguage":"es","@id":"https:\/\/plg-pllc.com\/#\/schema\/logo\/image\/","url":"https:\/\/plg-pllc.com\/wp-content\/uploads\/2020\/10\/plg-logo-v2.gif","contentUrl":"https:\/\/plg-pllc.com\/wp-content\/uploads\/2020\/10\/plg-logo-v2.gif","width":592,"height":191,"caption":"Premier Law Group"},"image":{"@id":"https:\/\/plg-pllc.com\/#\/schema\/logo\/image\/"},"sameAs":["https:\/\/www.facebook.com\/premierlawgroup","https:\/\/x.com\/premierlawgroup"]}]}},"_links":{"self":[{"href":"https:\/\/plg-pllc.com\/es\/wp-json\/wp\/v2\/pages\/19837","targetHints":{"allow":["GET"]}}],"collection":[{"href":"https:\/\/plg-pllc.com\/es\/wp-json\/wp\/v2\/pages"}],"about":[{"href":"https:\/\/plg-pllc.com\/es\/wp-json\/wp\/v2\/types\/page"}],"author":[{"embeddable":true,"href":"https:\/\/plg-pllc.com\/es\/wp-json\/wp\/v2\/users\/1"}],"replies":[{"embeddable":true,"href":"https:\/\/plg-pllc.com\/es\/wp-json\/wp\/v2\/comments?post=19837"}],"version-history":[{"count":0,"href":"https:\/\/plg-pllc.com\/es\/wp-json\/wp\/v2\/pages\/19837\/revisions"}],"up":[{"embeddable":true,"href":"https:\/\/plg-pllc.com\/es\/wp-json\/wp\/v2\/pages\/20716"}],"wp:attachment":[{"href":"https:\/\/plg-pllc.com\/es\/wp-json\/wp\/v2\/media?parent=19837"}],"wp:term":[{"taxonomy":"hc_faqs","embeddable":true,"href":"https:\/\/plg-pllc.com\/es\/wp-json\/wp\/v2\/hc_faqs?post=19837"}],"curies":[{"name":"gracias","href":"https:\/\/api.w.org\/{rel}","templated":true}]}}