{"id":20110,"date":"2023-10-20T09:34:16","date_gmt":"2023-10-20T16:34:16","guid":{"rendered":"https:\/\/plg-pllc.com\/?page_id=20110"},"modified":"2024-10-16T11:33:22","modified_gmt":"2024-10-16T18:33:22","slug":"catastrophic-injuries-2","status":"publish","type":"page","link":"https:\/\/plg-pllc.com\/es\/washington\/catastrophic-injury-lawyer\/","title":{"rendered":"Abogado de lesiones catastr\u00f3ficas en Washington"},"content":{"rendered":"<p>En Premier Law Group, conocemos de primera mano el dolor y la conmoci\u00f3n emocional que puede causar una lesi\u00f3n catastr\u00f3fica. Pero por m\u00e1s abrumador que parezca, estamos aqu\u00ed para guiarlo en cada paso, asegur\u00e1ndonos de que reciba la justicia y la compensaci\u00f3n que merece. Exploremos el panorama de las demandas por lesiones catastr\u00f3ficas en el estado de Washington y c\u00f3mo estamos a su lado.<\/p>\r\n\r\n\r\n\r\n<h2 id=\"h-understanding-catastrophic-injuries\" class=\"wp-block-heading\"><strong>Comprender las lesiones catastr\u00f3ficas<\/strong><\/h2>\r\n\r\n\r\n\r\n<h3 id=\"h-definition-and-types\" class=\"wp-block-heading\"><strong>Definici\u00f3n y tipos<\/strong><\/h3>\r\n\r\n\r\n\r\n<p>Una lesi\u00f3n catastr\u00f3fica no solo cambia su salud, sino tambi\u00e9n su vida. Ya sean lesiones cerebrales traum\u00e1ticas, quemaduras graves, par\u00e1lisis o p\u00e9rdida de una extremidad, estas lesiones pueden afectar permanentemente la calidad de vida de una persona.<\/p>\r\n\r\n\r\n\r\n<h3 id=\"h-common-causes\" class=\"wp-block-heading\"><strong>Causas comunes<\/strong><\/h3>\r\n\r\n\r\n\r\n<p>Las principales causas incluyen accidentes automovil\u00edsticos, percances en el lugar de trabajo o ca\u00eddas. Independientemente de la causa, lo que permanece constante es nuestro compromiso de luchar por los derechos de nuestros clientes.<\/p>\r\n\r\n\r\n\r\n<h2 id=\"h-washington-state-s-legal-landscape\" class=\"wp-block-heading\"><strong>Panorama jur\u00eddico del estado de Washington<\/strong><\/h2>\r\n\r\n\r\n\r\n<h3 id=\"h-laws-you-should-be-aware-of\" class=\"wp-block-heading\"><strong>Leyes que debes conocer<\/strong><\/h3>\r\n\r\n\r\n\r\n<p>La regla de \u201cculpa comparativa pura\u201d del estado de Washington es \u00fanica. Incluso si usted es parcialmente culpable, a\u00fan tiene derecho a una compensaci\u00f3n. Conocemos bien esta regla y la hemos aprovechado para garantizar demandas leg\u00edtimas para nuestros clientes.<\/p>\r\n\r\n\r\n\r\n<h3 id=\"h-negligence-explained\" class=\"wp-block-heading\"><strong>La negligencia explicada<\/strong><\/h3>\r\n\r\n\r\n\r\n<p>En esencia, la negligencia se refiere a la falta de cuidado razonable que provoca una lesi\u00f3n. Nuestro equipo se especializa en demostrar negligencia y garantizar que la parte culpable rinda cuentas.<\/p>\r\n\r\n\r\n\r\n<h2 id=\"h-initiating-a-lawsuit-with-premier-law-group\" class=\"wp-block-heading\"><strong>C\u00f3mo iniciar una demanda con Premier Law Group<\/strong><\/h2>\r\n\r\n\r\n\r\n<h3 id=\"h-importance-of-robust-evidence\" class=\"wp-block-heading\"><strong>Importancia de la evidencia s\u00f3lida<\/strong><\/h3>\r\n\r\n\r\n\r\n<p>Las pruebas son la columna vertebral de cualquier demanda. Con nuestros recursos y experiencia, nos aseguramos de que no se deje piedra sin remover a la hora de reunir pruebas convincentes para su caso.<\/p>\r\n\r\n\r\n\r\n<h3 id=\"h-why-choose-us\" class=\"wp-block-heading\"><strong>\u00bfPor qu\u00e9 elegirnos?<\/strong><\/h3>\r\n\r\n\r\n\r\n<p>M\u00e1s all\u00e1 de nuestra trayectoria, lo que nos distingue es nuestro genuino inter\u00e9s por nuestros clientes. Ofrecemos una consulta gratuita para evaluar su caso y, con nuestra promesa de \u201cno ganamos, no cobramos\u201d, nos aseguramos de que no tenga ninguna carga financiera a menos que logremos una victoria para usted.<\/p>\r\n\r\n\r\n\r\n<h3 id=\"h-our-commitment-throughout-the-litigation-process\" class=\"wp-block-heading\"><strong>Nuestro compromiso durante todo el proceso de litigio<\/strong><\/h3>\r\n\r\n\r\n\r\n<p>Lidiar con un proceso judicial puede ser abrumador. Por eso, en Premier Law Group lo acompa\u00f1amos en cada paso, desde la presentaci\u00f3n hasta el veredicto, para garantizarle claridad y apoyo.<\/p>\r\n\r\n\r\n\r\n\n        <div class=\"rs-content-cta long\">\n            <p>Para una consulta legal GRATUITA con un abogado especializado en lesiones catastr\u00f3ficas que atiende en Washington, llame al <a href=\"tel:+12062851743\">(206) 285-1743 <\/a><\/p>\n            <a href=\"https:\/\/plg-pllc.com\/es\/contact-us\/\" title=\"OBTENGA UNA EVALUACI\u00d3N DE CASO GRATUITA\" class=\"btn-global\">OBTENGA UNA EVALUACI\u00d3N DE CASO GRATUITA<\/a>\n                    <picture>\n                            <source srcset=\"https:\/\/plg-pllc.com\/wp-content\/themes\/plg-pllc-redesign\/assets\/app\/img\/cta-thumb.webp\" type=\"image\/webp\"\/>\n                            <img src=\"https:\/\/plg-pllc.com\/wp-content\/themes\/plg-pllc-redesign\/assets\/app\/img\/cta-thumb.png\" alt=\"Grupo de abogados Premier\" title=\"Grupo de abogados Premier\" width=\"245\" height=\"220\" loading=\"auto\" fetchpriority=\"auto\" decoding=\"async\"\/>\n        <\/picture>\n        \n        <\/div><h2 id=\"h-potential-compensation-avenues\" class=\"wp-block-heading\"><strong>Posibles v\u00edas de compensaci\u00f3n<\/strong><\/h2>\r\n\r\n\r\n\r\n<h3 id=\"h-tangible-damages\" class=\"wp-block-heading\"><strong>Da\u00f1os tangibles<\/strong><\/h3>\r\n\r\n\r\n\r\n<p>Estos incluyen gastos m\u00e9dicos, p\u00e9rdida de salarios y otros costos de bolsillo. \u00bfNuestro objetivo? Asegurarnos de que reciba una compensaci\u00f3n por cada centavo gastado.<\/p>\r\n\r\n\r\n\r\n<h3 id=\"h-intangible-damages\" class=\"wp-block-heading\"><strong>Da\u00f1os intangibles<\/strong><\/h3>\r\n\r\n\r\n\r\n<p>M\u00e1s all\u00e1 de la presi\u00f3n financiera, las lesiones catastr\u00f3ficas tienen un costo emocional. En el estado de Washington, no hay l\u00edmite para los da\u00f1os no econ\u00f3micos y luchamos con u\u00f1as y dientes para asegurarnos de que reciba una compensaci\u00f3n por cada gramo de dolor y angustia.<\/p>\r\n\r\n\r\n\r\n<h2 id=\"h-injury-prevention-an-ounce-of-prevention\" class=\"wp-block-heading\"><strong>Prevenci\u00f3n de lesiones: una pizca de prevenci\u00f3n<\/strong><\/h2>\r\n\r\n\r\n\r\n<p>Si bien estamos aqu\u00ed para ayudar despu\u00e9s de una lesi\u00f3n, tambi\u00e9n creemos en el poder de la prevenci\u00f3n. Los controles de seguridad y las precauciones habituales pueden reducir significativamente el riesgo de eventos catastr\u00f3ficos.<\/p>\r\n\r\n\r\n\r\n<h2 id=\"h-our-promise-to-you\" class=\"wp-block-heading\"><strong>Nuestra promesa para usted<\/strong><\/h2>\r\n\r\n\r\n\r\n<p>En Premier Law Group, nuestros clientes no son solo n\u00fameros de casos; son nuestra prioridad. Prometemos un apoyo inquebrantable, experiencia legal de primer nivel y el compromiso de garantizar el mejor resultado posible para usted.<\/p>\r\n\r\n\r\n\r\n<h3 id=\"h-faqs\" class=\"wp-block-heading\"><strong>Preguntas frecuentes<\/strong><\/h3>\r\n\r\n\r\n\r\n<ol class=\"wp-block-list\">\r\n<li><strong>\u00bfCu\u00e1nto tiempo tengo para iniciar una demanda despu\u00e9s de una lesi\u00f3n en Washington?<\/strong>\r\n<ul class=\"wp-block-list\"><\/ul>\r\nNormalmente tienes tres a\u00f1os a partir de la fecha de la lesi\u00f3n.<\/li>\r\n\r\n\r\n\r\n<li><strong>\u00bfPor qu\u00e9 deber\u00eda elegir Premier Law Group?<\/strong>\r\n<ul class=\"wp-block-list\"><\/ul>\r\nNuestra combinaci\u00f3n de experiencia, enfoque centrado en el cliente y nuestra pol\u00edtica de \u201csi no ganamos, no cobramos\u201d nos convierten en la opci\u00f3n ideal.<\/li>\r\n\r\n\r\n\r\n<li><strong>\u00bfCu\u00e1nto dura el proceso litigioso?<\/strong>\r\n<ul class=\"wp-block-list\"><\/ul>\r\nDependiendo de la complejidad del caso, puede variar desde unos meses hasta varios a\u00f1os.<\/li>\r\n\r\n\r\n\r\n<li><strong>Si soy parcialmente culpable, \u00bfpuedo presentar una demanda?<\/strong>\r\n<ul class=\"wp-block-list\"><\/ul>\r\nPor supuesto, gracias a la regla de \u201cculpa comparativa pura\u201d de Washington.<\/li>\r\n\r\n\r\n\r\n<li><strong>\u00bfHay alg\u00fan cargo inicial con Premier Law Group?<\/strong>\r\n<ul class=\"wp-block-list\"><\/ul>\r\nNo, operamos con honorarios de contingencia, lo que significa que usted paga solo cuando ganamos.<\/li>\r\n<\/ol>\r\n\n        <div class=\"rs-content-cta\">\n            <p>Llamar o enviar mensaje de texto <a href=\"tel:+12062851743\">(206) 285-1743<\/a> o complete un formulario de evaluaci\u00f3n de caso gratuito<\/p>\n            <a href=\"https:\/\/plg-pllc.com\/es\/contact-us\/\" title=\"OBTENGA UNA EVALUACI\u00d3N DE CASO GRATUITA\" class=\"btn-global\">OBTENGA UNA EVALUACI\u00d3N DE CASO GRATUITA<\/a>\n                    <picture>\n                            <source srcset=\"https:\/\/plg-pllc.com\/wp-content\/themes\/plg-pllc-redesign\/assets\/app\/img\/cta-thumb.webp\" type=\"image\/webp\"\/>\n                            <img src=\"https:\/\/plg-pllc.com\/wp-content\/themes\/plg-pllc-redesign\/assets\/app\/img\/cta-thumb.png\" alt=\"Grupo de abogados Premier\" title=\"Grupo de abogados Premier\" width=\"245\" height=\"220\" loading=\"auto\" fetchpriority=\"auto\" decoding=\"async\"\/>\n        <\/picture>\n        \n        <\/div>","protected":false},"excerpt":{"rendered":"<p>En Premier Law Group, conocemos de primera mano el dolor y la conmoci\u00f3n emocional que puede causar una lesi\u00f3n catastr\u00f3fica. Pero por m\u00e1s abrumador que parezca, estamos aqu\u00ed para guiarlo en cada paso, asegur\u00e1ndonos de que reciba la justicia y la compensaci\u00f3n que merece. Exploremos el panorama de las demandas por lesiones catastr\u00f3ficas en el estado de Washington y c\u00f3mo\u2026<\/p>","protected":false},"author":2,"featured_media":0,"parent":18067,"menu_order":0,"comment_status":"closed","ping_status":"closed","template":"","meta":{"_acf_changed":false,"_genesis_hide_title":false,"_genesis_hide_breadcrumbs":false,"_genesis_hide_singular_image":false,"_genesis_hide_footer_widgets":false,"_genesis_custom_body_class":"","_genesis_custom_post_class":"","_genesis_layout":"","footnotes":""},"hc_faqs":[],"class_list":{"0":"post-20110","1":"page","2":"type-page","3":"status-publish","5":"hc_city_location-washington","6":"entry"},"acf":[],"yoast_head":"<!-- This site is optimized with the Yoast SEO plugin v27.4 - https:\/\/yoast.com\/product\/yoast-seo-wordpress\/ -->\n<title>Catastrophic Injury Lawyer in Washington | Free Case Review<\/title>\n<meta name=\"description\" content=\"Washington Child Daycare Injury Lawyer: Premier Law Group helps you unlock the full compensation you deserve. No Fee Unless We Win.\" \/>\n<meta name=\"robots\" content=\"index, follow, max-snippet:-1, max-image-preview:large, max-video-preview:-1\" \/>\n<link rel=\"canonical\" href=\"https:\/\/plg-pllc.com\/es\/washington\/catastrophic-injury-lawyer\/\" \/>\n<meta property=\"og:locale\" content=\"es_MX\" \/>\n<meta property=\"og:type\" content=\"article\" \/>\n<meta property=\"og:title\" content=\"Catastrophic Injury Lawyer in Washington | Free Case Review\" \/>\n<meta property=\"og:description\" content=\"Washington Child Daycare Injury Lawyer: Premier Law Group helps you unlock the full compensation you deserve. No Fee Unless We Win.\" \/>\n<meta property=\"og:url\" content=\"https:\/\/plg-pllc.com\/es\/washington\/catastrophic-injury-lawyer\/\" \/>\n<meta property=\"og:site_name\" content=\"Premier Law Group\" \/>\n<meta property=\"article:publisher\" content=\"https:\/\/www.facebook.com\/premierlawgroup\" \/>\n<meta property=\"article:modified_time\" content=\"2024-10-16T18:33:22+00:00\" \/>\n<meta name=\"twitter:card\" content=\"summary_large_image\" \/>\n<meta name=\"twitter:site\" content=\"@premierlawgroup\" \/>\n<meta name=\"twitter:label1\" content=\"Tiempo de lectura\" \/>\n\t<meta name=\"twitter:data1\" content=\"3 minutos\" \/>\n<script type=\"application\/ld+json\" class=\"yoast-schema-graph\">{\"@context\":\"https:\\\/\\\/schema.org\",\"@graph\":[{\"@type\":\"WebPage\",\"@id\":\"https:\\\/\\\/plg-pllc.com\\\/washington\\\/catastrophic-injury-lawyer\\\/\",\"url\":\"https:\\\/\\\/plg-pllc.com\\\/washington\\\/catastrophic-injury-lawyer\\\/\",\"name\":\"Catastrophic Injury Lawyer in Washington | Free Case Review\",\"isPartOf\":{\"@id\":\"https:\\\/\\\/plg-pllc.com\\\/#website\"},\"datePublished\":\"2023-10-20T16:34:16+00:00\",\"dateModified\":\"2024-10-16T18:33:22+00:00\",\"description\":\"Washington Child Daycare Injury Lawyer: Premier Law Group helps you unlock the full compensation you deserve. No Fee Unless We Win.\",\"breadcrumb\":{\"@id\":\"https:\\\/\\\/plg-pllc.com\\\/washington\\\/catastrophic-injury-lawyer\\\/#breadcrumb\"},\"inLanguage\":\"es\",\"potentialAction\":[{\"@type\":\"ReadAction\",\"target\":[\"https:\\\/\\\/plg-pllc.com\\\/washington\\\/catastrophic-injury-lawyer\\\/\"]}]},{\"@type\":\"BreadcrumbList\",\"@id\":\"https:\\\/\\\/plg-pllc.com\\\/washington\\\/catastrophic-injury-lawyer\\\/#breadcrumb\",\"itemListElement\":[{\"@type\":\"ListItem\",\"position\":1,\"name\":\"Home\",\"item\":\"https:\\\/\\\/plg-pllc.com\\\/es\\\/\"},{\"@type\":\"ListItem\",\"position\":2,\"name\":\"Bellevue Personal Injury Lawyer\",\"item\":\"https:\\\/\\\/plg-pllc.com\\\/es\\\/\"},{\"@type\":\"ListItem\",\"position\":3,\"name\":\"Washington Catastrophic Injury Lawyer\"}]},{\"@type\":\"WebSite\",\"@id\":\"https:\\\/\\\/plg-pllc.com\\\/#website\",\"url\":\"https:\\\/\\\/plg-pllc.com\\\/\",\"name\":\"Premier Law Group\",\"description\":\"Washington Wrongful Death and Serious Injury Lawyer\",\"publisher\":{\"@id\":\"https:\\\/\\\/plg-pllc.com\\\/#organization\"},\"inLanguage\":\"es\"},{\"@type\":\"Organization\",\"@id\":\"https:\\\/\\\/plg-pllc.com\\\/#organization\",\"name\":\"Premier Law Group\",\"url\":\"https:\\\/\\\/plg-pllc.com\\\/\",\"logo\":{\"@type\":\"ImageObject\",\"inLanguage\":\"es\",\"@id\":\"https:\\\/\\\/plg-pllc.com\\\/#\\\/schema\\\/logo\\\/image\\\/\",\"url\":\"https:\\\/\\\/plg-pllc.com\\\/wp-content\\\/uploads\\\/2020\\\/10\\\/plg-logo-v2.gif\",\"contentUrl\":\"https:\\\/\\\/plg-pllc.com\\\/wp-content\\\/uploads\\\/2020\\\/10\\\/plg-logo-v2.gif\",\"width\":592,\"height\":191,\"caption\":\"Premier Law Group\"},\"image\":{\"@id\":\"https:\\\/\\\/plg-pllc.com\\\/#\\\/schema\\\/logo\\\/image\\\/\"},\"sameAs\":[\"https:\\\/\\\/www.facebook.com\\\/premierlawgroup\",\"https:\\\/\\\/x.com\\\/premierlawgroup\"]}]}<\/script>\n<!-- \/ Yoast SEO plugin. -->","yoast_head_json":{"title":"Abogado de lesiones catastr\u00f3ficas en Washington | Revisi\u00f3n gratuita de casos","description":"Abogado de lesiones en guarder\u00edas infantiles en Washington: Premier Law Group lo ayuda a obtener la compensaci\u00f3n total que se merece. Sin honorarios a menos que ganemos.","robots":{"index":"index","follow":"follow","max-snippet":"max-snippet:-1","max-image-preview":"max-image-preview:large","max-video-preview":"max-video-preview:-1"},"canonical":"https:\/\/plg-pllc.com\/es\/washington\/catastrophic-injury-lawyer\/","og_locale":"es_MX","og_type":"article","og_title":"Catastrophic Injury Lawyer in Washington | Free Case Review","og_description":"Washington Child Daycare Injury Lawyer: Premier Law Group helps you unlock the full compensation you deserve. No Fee Unless We Win.","og_url":"https:\/\/plg-pllc.com\/es\/washington\/catastrophic-injury-lawyer\/","og_site_name":"Premier Law Group","article_publisher":"https:\/\/www.facebook.com\/premierlawgroup","article_modified_time":"2024-10-16T18:33:22+00:00","twitter_card":"summary_large_image","twitter_site":"@premierlawgroup","twitter_misc":{"Tiempo de lectura":"3 minutos"},"schema":{"@context":"https:\/\/schema.org","@graph":[{"@type":"WebPage","@id":"https:\/\/plg-pllc.com\/washington\/catastrophic-injury-lawyer\/","url":"https:\/\/plg-pllc.com\/washington\/catastrophic-injury-lawyer\/","name":"Abogado de lesiones catastr\u00f3ficas en Washington | Revisi\u00f3n gratuita de casos","isPartOf":{"@id":"https:\/\/plg-pllc.com\/#website"},"datePublished":"2023-10-20T16:34:16+00:00","dateModified":"2024-10-16T18:33:22+00:00","description":"Abogado de lesiones en guarder\u00edas infantiles en Washington: Premier Law Group lo ayuda a obtener la compensaci\u00f3n total que se merece. Sin honorarios a menos que ganemos.","breadcrumb":{"@id":"https:\/\/plg-pllc.com\/washington\/catastrophic-injury-lawyer\/#breadcrumb"},"inLanguage":"es","potentialAction":[{"@type":"ReadAction","target":["https:\/\/plg-pllc.com\/washington\/catastrophic-injury-lawyer\/"]}]},{"@type":"BreadcrumbList","@id":"https:\/\/plg-pllc.com\/washington\/catastrophic-injury-lawyer\/#breadcrumb","itemListElement":[{"@type":"ListItem","position":1,"name":"Home","item":"https:\/\/plg-pllc.com\/es\/"},{"@type":"ListItem","position":2,"name":"Bellevue Personal Injury Lawyer","item":"https:\/\/plg-pllc.com\/es\/"},{"@type":"ListItem","position":3,"name":"Washington Catastrophic Injury Lawyer"}]},{"@type":"WebSite","@id":"https:\/\/plg-pllc.com\/#website","url":"https:\/\/plg-pllc.com\/","name":"Grupo de abogados Premier","description":"Abogado de muerte por negligencia y lesiones graves en Washington","publisher":{"@id":"https:\/\/plg-pllc.com\/#organization"},"inLanguage":"es"},{"@type":"Organization","@id":"https:\/\/plg-pllc.com\/#organization","name":"Grupo de abogados Premier","url":"https:\/\/plg-pllc.com\/","logo":{"@type":"ImageObject","inLanguage":"es","@id":"https:\/\/plg-pllc.com\/#\/schema\/logo\/image\/","url":"https:\/\/plg-pllc.com\/wp-content\/uploads\/2020\/10\/plg-logo-v2.gif","contentUrl":"https:\/\/plg-pllc.com\/wp-content\/uploads\/2020\/10\/plg-logo-v2.gif","width":592,"height":191,"caption":"Premier Law Group"},"image":{"@id":"https:\/\/plg-pllc.com\/#\/schema\/logo\/image\/"},"sameAs":["https:\/\/www.facebook.com\/premierlawgroup","https:\/\/x.com\/premierlawgroup"]}]}},"_links":{"self":[{"href":"https:\/\/plg-pllc.com\/es\/wp-json\/wp\/v2\/pages\/20110","targetHints":{"allow":["GET"]}}],"collection":[{"href":"https:\/\/plg-pllc.com\/es\/wp-json\/wp\/v2\/pages"}],"about":[{"href":"https:\/\/plg-pllc.com\/es\/wp-json\/wp\/v2\/types\/page"}],"author":[{"embeddable":true,"href":"https:\/\/plg-pllc.com\/es\/wp-json\/wp\/v2\/users\/2"}],"replies":[{"embeddable":true,"href":"https:\/\/plg-pllc.com\/es\/wp-json\/wp\/v2\/comments?post=20110"}],"version-history":[{"count":0,"href":"https:\/\/plg-pllc.com\/es\/wp-json\/wp\/v2\/pages\/20110\/revisions"}],"up":[{"embeddable":true,"href":"https:\/\/plg-pllc.com\/es\/wp-json\/wp\/v2\/pages\/18067"}],"wp:attachment":[{"href":"https:\/\/plg-pllc.com\/es\/wp-json\/wp\/v2\/media?parent=20110"}],"wp:term":[{"taxonomy":"hc_faqs","embeddable":true,"href":"https:\/\/plg-pllc.com\/es\/wp-json\/wp\/v2\/hc_faqs?post=20110"}],"curies":[{"name":"gracias","href":"https:\/\/api.w.org\/{rel}","templated":true}]}}