{"id":20117,"date":"2023-10-20T10:13:42","date_gmt":"2023-10-20T17:13:42","guid":{"rendered":"https:\/\/plg-pllc.com\/?page_id=20117"},"modified":"2024-10-16T11:35:26","modified_gmt":"2024-10-16T18:35:26","slug":"wrongful-termination-4","status":"publish","type":"page","link":"https:\/\/plg-pllc.com\/es\/washington\/wrongful-termination-lawyer\/","title":{"rendered":"Abogado de despido injustificado en Washington"},"content":{"rendered":"<p>Ser despedido, especialmente en una econom\u00eda inestable como la nuestra, puede ser algo aterrador. Cuando no est\u00e1 seguro de d\u00f3nde vendr\u00e1 su pr\u00f3ximo cheque de pago, puede resultar dif\u00edcil concentrarse en si se han violado sus derechos. Necesita un abogado especializado en despidos injustificados de su lado. A continuaci\u00f3n, se incluyen algunas preguntas comunes que tienen los empleados despu\u00e9s de ser despedidos:<\/p>\r\n\r\n\r\n\r\n<h2 id=\"h-at-will-employment-can-you-be-fired-without-cause\" class=\"wp-block-heading\"><span data-sheets-value=\"{&quot;1&quot;:2,&quot;2&quot;:&quot;At-Will Employment: Can You Be Fired Without Cause?&quot;}\" data-sheets-userformat=\"{&quot;2&quot;:513,&quot;3&quot;:{&quot;1&quot;:0},&quot;12&quot;:0}\">Empleo a voluntad: \u00bfPueden despedirlo sin motivo?<\/span><\/h2>\r\n\r\n\r\n\r\n<p>Washington es un estado en el que el empleo es \u201ca voluntad\u201d. Esto significa que, en la mayor\u00eda de los casos, su empleador puede despedirlo en cualquier momento y por cualquier motivo (o sin motivo alguno). Por lo tanto, los casos de despido injustificado solo ocurren en circunstancias muy espec\u00edficas.<\/p>\r\n\r\n\r\n\r\n<h2 id=\"h-at-will-employment-can-you-be-fired-without-cause-0\" class=\"wp-block-heading\"><span data-sheets-value=\"{&quot;1&quot;:2,&quot;2&quot;:&quot;At-Will Employment: Can You Be Fired Without Cause?&quot;}\" data-sheets-userformat=\"{&quot;2&quot;:513,&quot;3&quot;:{&quot;1&quot;:0},&quot;12&quot;:0}\">Empleo a voluntad: \u00bfPueden despedirlo sin motivo?<\/span><\/h2>\r\n\r\n\r\n\r\n<p>La mayor\u00eda de los despidos injustificados est\u00e1n contemplados en las leyes contra la discriminaci\u00f3n. Los casos protegidos por despido injustificado son los mismos que en esas leyes: no se le puede despedir por su raza, color, edad, sexo, orientaci\u00f3n sexual, religi\u00f3n u origen nacional.<\/p>\r\n\r\n\r\n\r\n<p>Si tiene un contrato espec\u00edfico con su empleador que se incumple con su despido, es posible que lo hayan despedido injustamente. Adem\u00e1s, si es miembro de un sindicato, es posible que est\u00e9 protegido contra un despido sin causa.<\/p>\r\n\r\n\r\n\r\n<p>No pueden despedirlo como represalia por denunciar una mala conducta por parte de su empleador. Si observa una actividad ilegal, o si usted o un compa\u00f1ero de trabajo est\u00e1 siendo discriminado o acosado, no pueden despedirlo por denunciar esos incidentes. Tambi\u00e9n est\u00e1 protegido contra el despido como una forma de <a href=\"https:\/\/plg-pllc.com\/washington\/sexual-harrassment-lawyer\/\">Acoso sexual<\/a>.<\/p>\r\n\r\n\r\n\r\n<h2 id=\"h-steps-to-take-if-you-suspect-you-were-unjustly-fired\" class=\"wp-block-heading\"><span data-sheets-value=\"{&quot;1&quot;:2,&quot;2&quot;:&quot;Steps to Take If You Suspect You Were Unjustly Fired&quot;}\" data-sheets-userformat=\"{&quot;2&quot;:513,&quot;3&quot;:{&quot;1&quot;:0},&quot;12&quot;:0}\">Pasos a seguir si sospecha que lo despidieron injustamente<\/span><\/h2>\r\n\r\n\r\n\r\n<p>El despido injustificado puede ser un asunto complicado y puede resultar dif\u00edcil saber a qui\u00e9n recurrir si cree que lo despidieron injustamente. El primer paso es averiguar por qu\u00e9 cree que lo despidieron injustamente:<\/p>\r\n\r\n\r\n\r\n<p><i>\u00bfFue usted discriminado debido a un estatus protegido (raza, sexo, etc.)?<\/i><\/p>\r\n\r\n\r\n\r\n<p><i>\u00bfEs usted miembro de un sindicato y est\u00e1 protegido por \u00e9l?<\/i><\/p>\r\n\r\n\r\n\r\n<p><i>\u00bfTiene usted un contrato de trabajo que le impide ser despedido sin causa?<\/i><\/p>\r\n\r\n\r\n\r\n<p><i>\u00bfEst\u00e1s siendo acosada sexualmente?<\/i><\/p>\r\n\r\n\r\n\r\n<p>La mayor\u00eda de las veces, averiguar por qu\u00e9 lo despidieron injustamente lo pondr\u00e1 en el camino de obtener justicia. Por ejemplo: si lo discriminaron debido a su estatus protegido, deber\u00e1 presentar una queja ante la Comisi\u00f3n de Igualdad de Oportunidades en el Empleo. Muchas veces es dif\u00edcil resolverlo, por lo que puede ser \u00fatil hablar con un profesional con experiencia. <a href=\"https:\/\/plg-pllc.com\/seattle\/employment-law-lawyer\/\">Abogado laboral de Seattle<\/a> para determinar cu\u00e1l debe ser tu pr\u00f3ximo paso.<\/p>\r\n\r\n\r\n\r\n\n        <div class=\"rs-content-cta long\">\n            <p>Para una consulta legal con un abogado especializado en despidos injustificados que preste servicios en Washington, llame al <a href=\"tel:+12062851743\">(206) 285-1743 <\/a><\/p>\n            <a href=\"https:\/\/plg-pllc.com\/es\/contact-us\/\" title=\"OBTENGA UNA EVALUACI\u00d3N DE CASO\" class=\"btn-global\">OBTENGA UNA EVALUACI\u00d3N DE CASO<\/a>\n                    <picture>\n                            <source srcset=\"https:\/\/plg-pllc.com\/wp-content\/themes\/plg-pllc-redesign\/assets\/app\/img\/cta-thumb.webp\" type=\"image\/webp\"\/>\n                            <img src=\"https:\/\/plg-pllc.com\/wp-content\/themes\/plg-pllc-redesign\/assets\/app\/img\/cta-thumb.png\" alt=\"Grupo de abogados Premier\" title=\"Grupo de abogados Premier\" width=\"245\" height=\"220\" loading=\"auto\" fetchpriority=\"auto\" decoding=\"async\"\/>\n        <\/picture>\n        \n        <\/div><h2 id=\"h-why-premier-law-group-is-the-right-choice-for-wrongful-termination-representation\" class=\"wp-block-heading\"><span data-sheets-value=\"{&quot;1&quot;:2,&quot;2&quot;:&quot;Why Premier Law Group is the Right Choice for Wrongful Termination Representation&quot;}\" data-sheets-userformat=\"{&quot;2&quot;:513,&quot;3&quot;:{&quot;1&quot;:0},&quot;12&quot;:0}\">Por qu\u00e9 Premier Law Group es la opci\u00f3n correcta para la representaci\u00f3n en casos de despido injustificado<\/span><\/h2>\r\n\r\n\r\n\r\n<p>En <a href=\"https:\/\/plg-pllc.com\/about-us\/\">Grupo de abogados Premier<\/a>Nuestros abogados especializados en despidos injustificados comprenden que decidir qu\u00e9 hacer despu\u00e9s de que lo hayan despedido puede ser estresante y confuso, y estamos aqu\u00ed para ayudarlo en el proceso. Somos abogados laborales agresivos con a\u00f1os de experiencia en representar con \u00e9xito a personas que han sido tratadas injustamente por su empleador. Hemos ganado millones de d\u00f3lares por nuestros <a href=\"https:\/\/plg-pllc.com\/client-reviews\/\">Clientes pasados<\/a>y haremos todo lo posible para ayudarle a recuperar la m\u00e1xima compensaci\u00f3n posible. <b>Si le han despedido injustamente, <a href=\"https:\/\/plg-pllc.com\/contact-us\/\">Visita una de nuestras oficinas<\/a> o ll\u00e1menos al 206-285-1743.<\/b><\/p>\r\n\n        <div class=\"rs-content-cta\">\n            <p>Llamar o enviar mensaje de texto <a href=\"tel:+12062851743\">(206) 285-1743<\/a> o complete un formulario de evaluaci\u00f3n de caso<\/p>\n            <a href=\"https:\/\/plg-pllc.com\/es\/contact-us\/\" title=\"OBTENGA UNA EVALUACI\u00d3N DE CASO\" class=\"btn-global\">OBTENGA UNA EVALUACI\u00d3N DE CASO<\/a>\n                    <picture>\n                            <source srcset=\"https:\/\/plg-pllc.com\/wp-content\/themes\/plg-pllc-redesign\/assets\/app\/img\/cta-thumb.webp\" type=\"image\/webp\"\/>\n                            <img src=\"https:\/\/plg-pllc.com\/wp-content\/themes\/plg-pllc-redesign\/assets\/app\/img\/cta-thumb.png\" alt=\"Grupo de abogados Premier\" title=\"Grupo de abogados Premier\" width=\"245\" height=\"220\" loading=\"auto\" fetchpriority=\"auto\" decoding=\"async\"\/>\n        <\/picture>\n        \n        <\/div>","protected":false},"excerpt":{"rendered":"<p>Ser despedido, especialmente en una econom\u00eda inestable como la nuestra, puede ser algo aterrador. Cuando no est\u00e1 seguro de d\u00f3nde vendr\u00e1 su pr\u00f3ximo cheque de pago, puede resultar dif\u00edcil concentrarse en si se han violado sus derechos. Necesita un abogado especializado en despidos injustificados de su lado. A continuaci\u00f3n, se incluyen algunas preguntas comunes que surgen\u2026<\/p>","protected":false},"author":2,"featured_media":15529,"parent":20116,"menu_order":0,"comment_status":"closed","ping_status":"closed","template":"","meta":{"_acf_changed":false,"_genesis_hide_title":false,"_genesis_hide_breadcrumbs":false,"_genesis_hide_singular_image":false,"_genesis_hide_footer_widgets":false,"_genesis_custom_body_class":"","_genesis_custom_post_class":"","_genesis_layout":"","footnotes":""},"hc_faqs":[],"class_list":{"0":"post-20117","1":"page","2":"type-page","3":"status-publish","4":"has-post-thumbnail","6":"hc_city_location-washington","7":"entry"},"acf":[],"yoast_head":"<!-- This site is optimized with the Yoast SEO plugin v27.4 - https:\/\/yoast.com\/product\/yoast-seo-wordpress\/ -->\n<title>Wrongful Termination Lawyer in Washington | Free Case Review<\/title>\n<meta name=\"description\" content=\"Washington Wrongful Termination Lawyer: Premier Law Group helps you unlock the full compensation you deserve. No Fee Unless We Win.\" \/>\n<meta name=\"robots\" content=\"index, follow, max-snippet:-1, max-image-preview:large, max-video-preview:-1\" \/>\n<link rel=\"canonical\" href=\"https:\/\/plg-pllc.com\/es\/washington\/wrongful-termination-lawyer\/\" \/>\n<meta property=\"og:locale\" content=\"es_MX\" \/>\n<meta property=\"og:type\" content=\"article\" \/>\n<meta property=\"og:title\" content=\"Wrongful Termination Lawyer in Washington | Free Case Review\" \/>\n<meta property=\"og:description\" content=\"Washington Wrongful Termination Lawyer: Premier Law Group helps you unlock the full compensation you deserve. No Fee Unless We Win.\" \/>\n<meta property=\"og:url\" content=\"https:\/\/plg-pllc.com\/es\/washington\/wrongful-termination-lawyer\/\" \/>\n<meta property=\"og:site_name\" content=\"Premier Law Group\" \/>\n<meta property=\"article:publisher\" content=\"https:\/\/www.facebook.com\/premierlawgroup\" \/>\n<meta property=\"article:modified_time\" content=\"2024-10-16T18:35:26+00:00\" \/>\n<meta property=\"og:image\" content=\"https:\/\/plg-pllc.com\/wp-content\/uploads\/2013\/02\/employment-law.jpg\" \/>\n\t<meta property=\"og:image:width\" content=\"1920\" \/>\n\t<meta property=\"og:image:height\" content=\"530\" \/>\n\t<meta property=\"og:image:type\" content=\"image\/jpeg\" \/>\n<meta name=\"twitter:card\" content=\"summary_large_image\" \/>\n<meta name=\"twitter:site\" content=\"@premierlawgroup\" \/>\n<meta name=\"twitter:label1\" content=\"Tiempo de lectura\" \/>\n\t<meta name=\"twitter:data1\" content=\"3 minutos\" \/>\n<script type=\"application\/ld+json\" class=\"yoast-schema-graph\">{\"@context\":\"https:\\\/\\\/schema.org\",\"@graph\":[{\"@type\":\"WebPage\",\"@id\":\"https:\\\/\\\/plg-pllc.com\\\/washington\\\/wrongful-termination-lawyer\\\/\",\"url\":\"https:\\\/\\\/plg-pllc.com\\\/washington\\\/wrongful-termination-lawyer\\\/\",\"name\":\"Wrongful Termination Lawyer in Washington | Free Case Review\",\"isPartOf\":{\"@id\":\"https:\\\/\\\/plg-pllc.com\\\/#website\"},\"primaryImageOfPage\":{\"@id\":\"https:\\\/\\\/plg-pllc.com\\\/washington\\\/wrongful-termination-lawyer\\\/#primaryimage\"},\"image\":{\"@id\":\"https:\\\/\\\/plg-pllc.com\\\/washington\\\/wrongful-termination-lawyer\\\/#primaryimage\"},\"thumbnailUrl\":\"https:\\\/\\\/plg-pllc.com\\\/wp-content\\\/uploads\\\/2013\\\/02\\\/employment-law.jpg\",\"datePublished\":\"2023-10-20T17:13:42+00:00\",\"dateModified\":\"2024-10-16T18:35:26+00:00\",\"description\":\"Washington Wrongful Termination Lawyer: Premier Law Group helps you unlock the full compensation you deserve. No Fee Unless We Win.\",\"breadcrumb\":{\"@id\":\"https:\\\/\\\/plg-pllc.com\\\/washington\\\/wrongful-termination-lawyer\\\/#breadcrumb\"},\"inLanguage\":\"es\",\"potentialAction\":[{\"@type\":\"ReadAction\",\"target\":[\"https:\\\/\\\/plg-pllc.com\\\/washington\\\/wrongful-termination-lawyer\\\/\"]}]},{\"@type\":\"ImageObject\",\"inLanguage\":\"es\",\"@id\":\"https:\\\/\\\/plg-pllc.com\\\/washington\\\/wrongful-termination-lawyer\\\/#primaryimage\",\"url\":\"https:\\\/\\\/plg-pllc.com\\\/wp-content\\\/uploads\\\/2013\\\/02\\\/employment-law.jpg\",\"contentUrl\":\"https:\\\/\\\/plg-pllc.com\\\/wp-content\\\/uploads\\\/2013\\\/02\\\/employment-law.jpg\",\"width\":1920,\"height\":530,\"caption\":\"Employment Contract Lawyer\"},{\"@type\":\"BreadcrumbList\",\"@id\":\"https:\\\/\\\/plg-pllc.com\\\/washington\\\/wrongful-termination-lawyer\\\/#breadcrumb\",\"itemListElement\":[{\"@type\":\"ListItem\",\"position\":1,\"name\":\"Home\",\"item\":\"https:\\\/\\\/plg-pllc.com\\\/es\\\/\"},{\"@type\":\"ListItem\",\"position\":2,\"name\":\"Bellevue Personal Injury Lawyer\",\"item\":\"https:\\\/\\\/plg-pllc.com\\\/es\\\/\"},{\"@type\":\"ListItem\",\"position\":3,\"name\":\"Washington Employment Law Lawyer\",\"item\":\"https:\\\/\\\/plg-pllc.com\\\/es\\\/washington\\\/employment-law-lawyer\\\/\"},{\"@type\":\"ListItem\",\"position\":4,\"name\":\"Wrongful Termination\"}]},{\"@type\":\"WebSite\",\"@id\":\"https:\\\/\\\/plg-pllc.com\\\/#website\",\"url\":\"https:\\\/\\\/plg-pllc.com\\\/\",\"name\":\"Premier Law Group\",\"description\":\"Washington Wrongful Death and Serious Injury Lawyer\",\"publisher\":{\"@id\":\"https:\\\/\\\/plg-pllc.com\\\/#organization\"},\"inLanguage\":\"es\"},{\"@type\":\"Organization\",\"@id\":\"https:\\\/\\\/plg-pllc.com\\\/#organization\",\"name\":\"Premier Law Group\",\"url\":\"https:\\\/\\\/plg-pllc.com\\\/\",\"logo\":{\"@type\":\"ImageObject\",\"inLanguage\":\"es\",\"@id\":\"https:\\\/\\\/plg-pllc.com\\\/#\\\/schema\\\/logo\\\/image\\\/\",\"url\":\"https:\\\/\\\/plg-pllc.com\\\/wp-content\\\/uploads\\\/2020\\\/10\\\/plg-logo-v2.gif\",\"contentUrl\":\"https:\\\/\\\/plg-pllc.com\\\/wp-content\\\/uploads\\\/2020\\\/10\\\/plg-logo-v2.gif\",\"width\":592,\"height\":191,\"caption\":\"Premier Law Group\"},\"image\":{\"@id\":\"https:\\\/\\\/plg-pllc.com\\\/#\\\/schema\\\/logo\\\/image\\\/\"},\"sameAs\":[\"https:\\\/\\\/www.facebook.com\\\/premierlawgroup\",\"https:\\\/\\\/x.com\\\/premierlawgroup\"]}]}<\/script>\n<!-- \/ Yoast SEO plugin. -->","yoast_head_json":{"title":"Abogado de despido injustificado en Washington | Revisi\u00f3n gratuita de casos","description":"Abogado de despido injustificado en Washington: Premier Law Group lo ayuda a obtener la compensaci\u00f3n total que se merece. Sin honorarios a menos que ganemos.","robots":{"index":"index","follow":"follow","max-snippet":"max-snippet:-1","max-image-preview":"max-image-preview:large","max-video-preview":"max-video-preview:-1"},"canonical":"https:\/\/plg-pllc.com\/es\/washington\/wrongful-termination-lawyer\/","og_locale":"es_MX","og_type":"article","og_title":"Wrongful Termination Lawyer in Washington | Free Case Review","og_description":"Washington Wrongful Termination Lawyer: Premier Law Group helps you unlock the full compensation you deserve. No Fee Unless We Win.","og_url":"https:\/\/plg-pllc.com\/es\/washington\/wrongful-termination-lawyer\/","og_site_name":"Premier Law Group","article_publisher":"https:\/\/www.facebook.com\/premierlawgroup","article_modified_time":"2024-10-16T18:35:26+00:00","og_image":[{"width":1920,"height":530,"url":"https:\/\/plg-pllc.com\/wp-content\/uploads\/2013\/02\/employment-law.jpg","type":"image\/jpeg"}],"twitter_card":"summary_large_image","twitter_site":"@premierlawgroup","twitter_misc":{"Tiempo de lectura":"3 minutos"},"schema":{"@context":"https:\/\/schema.org","@graph":[{"@type":"WebPage","@id":"https:\/\/plg-pllc.com\/washington\/wrongful-termination-lawyer\/","url":"https:\/\/plg-pllc.com\/washington\/wrongful-termination-lawyer\/","name":"Abogado de despido injustificado en Washington | Revisi\u00f3n gratuita de casos","isPartOf":{"@id":"https:\/\/plg-pllc.com\/#website"},"primaryImageOfPage":{"@id":"https:\/\/plg-pllc.com\/washington\/wrongful-termination-lawyer\/#primaryimage"},"image":{"@id":"https:\/\/plg-pllc.com\/washington\/wrongful-termination-lawyer\/#primaryimage"},"thumbnailUrl":"https:\/\/plg-pllc.com\/wp-content\/uploads\/2013\/02\/employment-law.jpg","datePublished":"2023-10-20T17:13:42+00:00","dateModified":"2024-10-16T18:35:26+00:00","description":"Abogado de despido injustificado en Washington: Premier Law Group lo ayuda a obtener la compensaci\u00f3n total que se merece. Sin honorarios a menos que ganemos.","breadcrumb":{"@id":"https:\/\/plg-pllc.com\/washington\/wrongful-termination-lawyer\/#breadcrumb"},"inLanguage":"es","potentialAction":[{"@type":"ReadAction","target":["https:\/\/plg-pllc.com\/washington\/wrongful-termination-lawyer\/"]}]},{"@type":"ImageObject","inLanguage":"es","@id":"https:\/\/plg-pllc.com\/washington\/wrongful-termination-lawyer\/#primaryimage","url":"https:\/\/plg-pllc.com\/wp-content\/uploads\/2013\/02\/employment-law.jpg","contentUrl":"https:\/\/plg-pllc.com\/wp-content\/uploads\/2013\/02\/employment-law.jpg","width":1920,"height":530,"caption":"Employment Contract Lawyer"},{"@type":"BreadcrumbList","@id":"https:\/\/plg-pllc.com\/washington\/wrongful-termination-lawyer\/#breadcrumb","itemListElement":[{"@type":"ListItem","position":1,"name":"Home","item":"https:\/\/plg-pllc.com\/es\/"},{"@type":"ListItem","position":2,"name":"Bellevue Personal Injury Lawyer","item":"https:\/\/plg-pllc.com\/es\/"},{"@type":"ListItem","position":3,"name":"Washington Employment Law Lawyer","item":"https:\/\/plg-pllc.com\/es\/washington\/employment-law-lawyer\/"},{"@type":"ListItem","position":4,"name":"Wrongful Termination"}]},{"@type":"WebSite","@id":"https:\/\/plg-pllc.com\/#website","url":"https:\/\/plg-pllc.com\/","name":"Grupo de abogados Premier","description":"Abogado de muerte por negligencia y lesiones graves en Washington","publisher":{"@id":"https:\/\/plg-pllc.com\/#organization"},"inLanguage":"es"},{"@type":"Organization","@id":"https:\/\/plg-pllc.com\/#organization","name":"Grupo de abogados Premier","url":"https:\/\/plg-pllc.com\/","logo":{"@type":"ImageObject","inLanguage":"es","@id":"https:\/\/plg-pllc.com\/#\/schema\/logo\/image\/","url":"https:\/\/plg-pllc.com\/wp-content\/uploads\/2020\/10\/plg-logo-v2.gif","contentUrl":"https:\/\/plg-pllc.com\/wp-content\/uploads\/2020\/10\/plg-logo-v2.gif","width":592,"height":191,"caption":"Premier Law Group"},"image":{"@id":"https:\/\/plg-pllc.com\/#\/schema\/logo\/image\/"},"sameAs":["https:\/\/www.facebook.com\/premierlawgroup","https:\/\/x.com\/premierlawgroup"]}]}},"_links":{"self":[{"href":"https:\/\/plg-pllc.com\/es\/wp-json\/wp\/v2\/pages\/20117","targetHints":{"allow":["GET"]}}],"collection":[{"href":"https:\/\/plg-pllc.com\/es\/wp-json\/wp\/v2\/pages"}],"about":[{"href":"https:\/\/plg-pllc.com\/es\/wp-json\/wp\/v2\/types\/page"}],"author":[{"embeddable":true,"href":"https:\/\/plg-pllc.com\/es\/wp-json\/wp\/v2\/users\/2"}],"replies":[{"embeddable":true,"href":"https:\/\/plg-pllc.com\/es\/wp-json\/wp\/v2\/comments?post=20117"}],"version-history":[{"count":0,"href":"https:\/\/plg-pllc.com\/es\/wp-json\/wp\/v2\/pages\/20117\/revisions"}],"up":[{"embeddable":true,"href":"https:\/\/plg-pllc.com\/es\/wp-json\/wp\/v2\/pages\/20116"}],"wp:featuredmedia":[{"embeddable":true,"href":"https:\/\/plg-pllc.com\/es\/wp-json\/wp\/v2\/media\/15529"}],"wp:attachment":[{"href":"https:\/\/plg-pllc.com\/es\/wp-json\/wp\/v2\/media?parent=20117"}],"wp:term":[{"taxonomy":"hc_faqs","embeddable":true,"href":"https:\/\/plg-pllc.com\/es\/wp-json\/wp\/v2\/hc_faqs?post=20117"}],"curies":[{"name":"gracias","href":"https:\/\/api.w.org\/{rel}","templated":true}]}}