{"id":20126,"date":"2023-10-20T13:59:47","date_gmt":"2023-10-20T20:59:47","guid":{"rendered":"https:\/\/plg-pllc.com\/?page_id=20126"},"modified":"2024-10-16T11:31:01","modified_gmt":"2024-10-16T18:31:01","slug":"slip-and-fall","status":"publish","type":"page","link":"https:\/\/plg-pllc.com\/es\/washington\/slip-and-fall-lawyer\/","title":{"rendered":"Abogado de lesiones por resbalones y ca\u00eddas en Washington"},"content":{"rendered":"<p>Las ca\u00eddas son parte de la vida. \u00bfRecuerdas cuando \u00e9ramos ni\u00f1os y nos rasg\u00e1bamos una rodilla o un codo? Las heridas eran dolorosas, pero a menudo hab\u00eda una mano cari\u00f1osa que nos ayudaba a levantarnos y una venda que nos esperaba para cubrir el rasp\u00f3n. Pero a medida que envejecemos, las ca\u00eddas adquieren un nuevo significado. Un simple resbal\u00f3n, un tropiezo en una acera irregular o un tropiezo con un desorden pueden provocar lesiones mucho m\u00e1s graves que un rasp\u00f3n en la rodilla. En momentos como estos, as\u00ed como antes depend\u00edamos de alguien para que nos ayudara a levantarnos, es hora de confiar en un <strong>Abogado de resbalones y ca\u00eddas en Washington<\/strong> del Grupo Jur\u00eddico Premier.<\/p>\r\n\r\n\r\n\r\n<h2 id=\"h-the-reality-of-slip-amp-fall-accidents\" class=\"wp-block-heading\"><strong>La realidad de los accidentes por resbalones y ca\u00eddas<\/strong><\/h2>\r\n\r\n\r\n\r\n<p>Las ca\u00eddas no solo son una cuesti\u00f3n de da\u00f1o f\u00edsico. Las cargas emocionales y financieras pueden ser de gran alcance. \u00bfSab\u00edas que los incidentes de resbalones y ca\u00eddas son responsables de m\u00e1s de un mill\u00f3n de visitas a salas de emergencia cada a\u00f1o? No se trata solo de la ca\u00edda; se trata de lo que sigue despu\u00e9s.<\/p>\r\n\r\n\r\n\r\n<p><strong>Lesiones de tejidos blandos, fracturas e incluso lesiones cerebrales traum\u00e1ticas.<\/strong>\u2014Una ca\u00edda no es solo un tropiezo, es una cascada de posibles problemas m\u00e9dicos. Piense en ello como si se derramara un vaso de agua. El derrame inicial es repentino e inesperado, pero la propagaci\u00f3n y el da\u00f1o que causa pueden ser de gran alcance.<\/p>\r\n\r\n\r\n\r\n<h2 id=\"h-primary-causes-of-slips-trips-and-falls\" class=\"wp-block-heading\"><strong>Causas principales de resbalones, tropiezos y ca\u00eddas<\/strong><\/h2>\r\n\r\n\r\n\r\n<p>Desde escaleras que necesitan reparaci\u00f3n hasta el peligro de nieve y hielo sin limpiar, las causas de las ca\u00eddas son muchas. A veces, no se trata de ser torpe, sino de la negligencia de otra persona.<\/p>\r\n\r\n\r\n\r\n<p>Tu salud siempre debe ser lo primero. Buscar atenci\u00f3n m\u00e9dica es primordial, incluso si crees que est\u00e1s bien. Y recuerda documentar todo. \u00bfDejar\u00edas una historia a medias?<\/p>\r\n\r\n\r\n\r\n<h2 id=\"h-washington-s-comparative-negligence-law\" class=\"wp-block-heading\"><strong>Ley de negligencia comparativa de Washington<\/strong><\/h2>\r\n\r\n\r\n\r\n<p>\u00bfTuviste algo que ver con tu ca\u00edda? No te preocupes. La ley de Washington todav\u00eda puede permitirte reclamar una indemnizaci\u00f3n. Es como compartir una tarta: el hecho de que hayas comido una porci\u00f3n no significa que no puedas comer m\u00e1s.<\/p>\r\n\r\n\r\n\r\n\n        <div class=\"rs-content-cta long\">\n            <p>Para una consulta legal GRATUITA con un abogado especializado en lesiones por resbalones y ca\u00eddas que preste servicios en Washington, llame al <a href=\"tel:+12062851743\">(206) 285-1743 <\/a><\/p>\n            <a href=\"https:\/\/plg-pllc.com\/es\/contact-us\/\" title=\"OBTENGA UNA EVALUACI\u00d3N DE CASO GRATUITA\" class=\"btn-global\">OBTENGA UNA EVALUACI\u00d3N DE CASO GRATUITA<\/a>\n                    <picture>\n                            <source srcset=\"https:\/\/plg-pllc.com\/wp-content\/themes\/plg-pllc-redesign\/assets\/app\/img\/cta-thumb.webp\" type=\"image\/webp\"\/>\n                            <img src=\"https:\/\/plg-pllc.com\/wp-content\/themes\/plg-pllc-redesign\/assets\/app\/img\/cta-thumb.png\" alt=\"Grupo de abogados Premier\" title=\"Grupo de abogados Premier\" width=\"245\" height=\"220\" loading=\"auto\" fetchpriority=\"auto\" decoding=\"async\"\/>\n        <\/picture>\n        \n        <\/div><h2 id=\"h-importance-of-professional-legal-advice\" class=\"wp-block-heading\"><strong>Importancia del asesoramiento jur\u00eddico profesional<\/strong><\/h2>\r\n\r\n\r\n\r\n<p>Una gu\u00eda puede informarle sobre un lugar, pero un lugare\u00f1o puede mostrarle su esencia. De manera similar, para comprender el laberinto legal se necesita un gu\u00eda experto, un abogado especializado en resbalones y ca\u00eddas de Washington.<\/p>\r\n\r\n\r\n\r\n<h2 id=\"h-choosing-the-right-slip-amp-fall-attorney\" class=\"wp-block-heading\"><strong>C\u00f3mo elegir el abogado adecuado para casos de resbalones y ca\u00eddas<\/strong><\/h2>\r\n\r\n\r\n\r\n<p>Su camino hacia la justicia debe ser con alguien que realmente se preocupe por usted. Analicemos por qu\u00e9 Premier Law Group se destaca en este proceso crucial de toma de decisiones.<\/p>\r\n\r\n\r\n\r\n<p>\u00bfNo merece una compensaci\u00f3n por la negligencia de otra persona? Hablemos sobre c\u00f3mo Premier Law Group puede ayudarlo a obtenerla.<\/p>\r\n\r\n\r\n\r\n<p>\u00bfEst\u00e1 listo para dar el siguiente paso? Estamos aqu\u00ed, esperando para guiarlo en el proceso.<\/p>\r\n\r\n\r\n\r\n<p>La vida est\u00e1 llena de altibajos inesperados, pero con Premier Law Group <strong>Abogado de resbalones y ca\u00eddas en Washington<\/strong> A tu lado, nunca est\u00e1s solo. Busca la justicia que mereces y encuentra el apoyo que necesitas para sanar y seguir adelante.<\/p>\r\n\r\n\r\n\r\n<h2 id=\"h-faqs\" class=\"wp-block-heading\"><strong>Preguntas frecuentes<\/strong><\/h2>\r\n\r\n\r\n\r\n<ol class=\"wp-block-list\">\r\n<li><strong>\u00bfQu\u00e9 constituye un accidente por resbal\u00f3n y ca\u00edda?<\/strong> Un accidente por resbal\u00f3n y ca\u00edda se refiere a situaciones en las que una persona se resbala, tropieza o cae como resultado de una condici\u00f3n peligrosa o peligrosa en la propiedad de otra persona.<\/li>\r\n\r\n\r\n\r\n<li><strong>\u00bfCu\u00e1nto tiempo despu\u00e9s de mi lesi\u00f3n debo contactar a un abogado?<\/strong> Inmediatamente. El tiempo es esencial en estos casos. Cuanto antes busque asesoramiento legal, mayores ser\u00e1n sus posibilidades de preservar pruebas cruciales y construir un caso s\u00f3lido.<\/li>\r\n\r\n\r\n\r\n<li><strong>\u00bfPuedo reclamar una indemnizaci\u00f3n incluso si considero que la ca\u00edda fue en parte culpa m\u00eda?<\/strong> S\u00ed, debido a la Ley de Negligencia Comparativa de Washington, usted a\u00fan puede ser elegible para una compensaci\u00f3n incluso si fue parcialmente culpable.<\/li>\r\n\r\n\r\n\r\n<li><strong>\u00bfPor qu\u00e9 deber\u00eda elegir Premier Law Group para mi caso?<\/strong> Premier Law Group combina la experiencia con un enfoque compasivo, garantizando que usted no sea solo un n\u00famero de caso, sino una persona valiosa que busca justicia.<\/li>\r\n\r\n\r\n\r\n<li><strong>\u00bfHay alg\u00fan pago por adelantado al trabajar con Premier Law Group?<\/strong> En general, la mayor\u00eda de los abogados trabajan con honorarios contingentes para casos de lesiones personales. Esto significa que no paga nada por adelantado y los honorarios se cobran solo si gana el caso.<\/li>\r\n<\/ol>\r\n\n        <div class=\"rs-content-cta\">\n            <p>Llamar o enviar mensaje de texto <a href=\"tel:+12062851743\">(206) 285-1743<\/a> o complete un formulario de evaluaci\u00f3n de caso gratuito<\/p>\n            <a href=\"https:\/\/plg-pllc.com\/es\/contact-us\/\" title=\"OBTENGA UNA EVALUACI\u00d3N DE CASO GRATUITA\" class=\"btn-global\">OBTENGA UNA EVALUACI\u00d3N DE CASO GRATUITA<\/a>\n                    <picture>\n                            <source srcset=\"https:\/\/plg-pllc.com\/wp-content\/themes\/plg-pllc-redesign\/assets\/app\/img\/cta-thumb.webp\" type=\"image\/webp\"\/>\n                            <img src=\"https:\/\/plg-pllc.com\/wp-content\/themes\/plg-pllc-redesign\/assets\/app\/img\/cta-thumb.png\" alt=\"Grupo de abogados Premier\" title=\"Grupo de abogados Premier\" width=\"245\" height=\"220\" loading=\"auto\" fetchpriority=\"auto\" decoding=\"async\"\/>\n        <\/picture>\n        \n        <\/div>","protected":false},"excerpt":{"rendered":"<p>Las ca\u00eddas son parte de la vida. \u00bfRecuerdas cuando \u00e9ramos ni\u00f1os y nos lastim\u00e1bamos la rodilla o el codo? Las heridas eran dolorosas, pero a menudo hab\u00eda una mano cari\u00f1osa que nos ayudaba a levantarnos y una venda que nos cubr\u00eda el rasp\u00f3n. Pero a medida que envejecemos, las ca\u00eddas adquieren un nuevo significado. Un simple resbal\u00f3n, un golpe, un golpe, un golpe\u2026<\/p>","protected":false},"author":24,"featured_media":0,"parent":18067,"menu_order":0,"comment_status":"closed","ping_status":"closed","template":"","meta":{"_acf_changed":false,"_genesis_hide_title":false,"_genesis_hide_breadcrumbs":false,"_genesis_hide_singular_image":false,"_genesis_hide_footer_widgets":false,"_genesis_custom_body_class":"","_genesis_custom_post_class":"","_genesis_layout":"","footnotes":""},"hc_faqs":[],"class_list":{"0":"post-20126","1":"page","2":"type-page","3":"status-publish","5":"hc_city_location-washington","6":"entry"},"acf":[],"yoast_head":"<!-- This site is optimized with the Yoast SEO plugin v27.4 - https:\/\/yoast.com\/product\/yoast-seo-wordpress\/ -->\n<title>Slip and Fall Injury Lawyer in Washington | Free Case Review<\/title>\n<meta name=\"description\" content=\"Washington Slip and Fall Injury Lawyer: Premier Law Group helps you unlock the full compensation you deserve. No Fee Unless We Win.\" \/>\n<meta name=\"robots\" content=\"index, follow, max-snippet:-1, max-image-preview:large, max-video-preview:-1\" \/>\n<link rel=\"canonical\" href=\"https:\/\/plg-pllc.com\/es\/washington\/slip-and-fall-lawyer\/\" \/>\n<meta property=\"og:locale\" content=\"es_MX\" \/>\n<meta property=\"og:type\" content=\"article\" \/>\n<meta property=\"og:title\" content=\"Slip and Fall Injury Lawyer in Washington | Free Case Review\" \/>\n<meta property=\"og:description\" content=\"Washington Slip and Fall Injury Lawyer: Premier Law Group helps you unlock the full compensation you deserve. No Fee Unless We Win.\" \/>\n<meta property=\"og:url\" content=\"https:\/\/plg-pllc.com\/es\/washington\/slip-and-fall-lawyer\/\" \/>\n<meta property=\"og:site_name\" content=\"Premier Law Group\" \/>\n<meta property=\"article:publisher\" content=\"https:\/\/www.facebook.com\/premierlawgroup\" \/>\n<meta property=\"article:modified_time\" content=\"2024-10-16T18:31:01+00:00\" \/>\n<meta name=\"twitter:card\" content=\"summary_large_image\" \/>\n<meta name=\"twitter:site\" content=\"@premierlawgroup\" \/>\n<meta name=\"twitter:label1\" content=\"Tiempo de lectura\" \/>\n\t<meta name=\"twitter:data1\" content=\"3 minutos\" \/>\n<script type=\"application\/ld+json\" class=\"yoast-schema-graph\">{\"@context\":\"https:\\\/\\\/schema.org\",\"@graph\":[{\"@type\":\"WebPage\",\"@id\":\"https:\\\/\\\/plg-pllc.com\\\/es\\\/washington\\\/slip-and-fall-lawyer\\\/\",\"url\":\"https:\\\/\\\/plg-pllc.com\\\/es\\\/washington\\\/slip-and-fall-lawyer\\\/\",\"name\":\"Slip and Fall Injury Lawyer in Washington | Free Case Review\",\"isPartOf\":{\"@id\":\"https:\\\/\\\/plg-pllc.com\\\/#website\"},\"datePublished\":\"2023-10-20T20:59:47+00:00\",\"dateModified\":\"2024-10-16T18:31:01+00:00\",\"description\":\"Washington Slip and Fall Injury Lawyer: Premier Law Group helps you unlock the full compensation you deserve. No Fee Unless We Win.\",\"breadcrumb\":{\"@id\":\"https:\\\/\\\/plg-pllc.com\\\/es\\\/washington\\\/slip-and-fall-lawyer\\\/#breadcrumb\"},\"inLanguage\":\"es\",\"potentialAction\":[{\"@type\":\"ReadAction\",\"target\":[\"https:\\\/\\\/plg-pllc.com\\\/es\\\/washington\\\/slip-and-fall-lawyer\\\/\"]}]},{\"@type\":\"BreadcrumbList\",\"@id\":\"https:\\\/\\\/plg-pllc.com\\\/es\\\/washington\\\/slip-and-fall-lawyer\\\/#breadcrumb\",\"itemListElement\":[{\"@type\":\"ListItem\",\"position\":1,\"name\":\"Home\",\"item\":\"https:\\\/\\\/plg-pllc.com\\\/es\\\/\"},{\"@type\":\"ListItem\",\"position\":2,\"name\":\"Bellevue Personal Injury Lawyer\",\"item\":\"https:\\\/\\\/plg-pllc.com\\\/es\\\/\"},{\"@type\":\"ListItem\",\"position\":3,\"name\":\"Washington Slip and Fall Injury Lawyer\"}]},{\"@type\":\"WebSite\",\"@id\":\"https:\\\/\\\/plg-pllc.com\\\/#website\",\"url\":\"https:\\\/\\\/plg-pllc.com\\\/\",\"name\":\"Premier Law Group\",\"description\":\"Washington Wrongful Death and Serious Injury Lawyer\",\"publisher\":{\"@id\":\"https:\\\/\\\/plg-pllc.com\\\/#organization\"},\"inLanguage\":\"es\"},{\"@type\":\"Organization\",\"@id\":\"https:\\\/\\\/plg-pllc.com\\\/#organization\",\"name\":\"Premier Law Group\",\"url\":\"https:\\\/\\\/plg-pllc.com\\\/\",\"logo\":{\"@type\":\"ImageObject\",\"inLanguage\":\"es\",\"@id\":\"https:\\\/\\\/plg-pllc.com\\\/#\\\/schema\\\/logo\\\/image\\\/\",\"url\":\"https:\\\/\\\/plg-pllc.com\\\/wp-content\\\/uploads\\\/2020\\\/10\\\/plg-logo-v2.gif\",\"contentUrl\":\"https:\\\/\\\/plg-pllc.com\\\/wp-content\\\/uploads\\\/2020\\\/10\\\/plg-logo-v2.gif\",\"width\":592,\"height\":191,\"caption\":\"Premier Law Group\"},\"image\":{\"@id\":\"https:\\\/\\\/plg-pllc.com\\\/#\\\/schema\\\/logo\\\/image\\\/\"},\"sameAs\":[\"https:\\\/\\\/www.facebook.com\\\/premierlawgroup\",\"https:\\\/\\\/x.com\\\/premierlawgroup\"]}]}<\/script>\n<!-- \/ Yoast SEO plugin. -->","yoast_head_json":{"title":"Abogado de lesiones por resbalones y ca\u00eddas en Washington | Revisi\u00f3n gratuita de casos","description":"Abogado de lesiones por resbalones y ca\u00eddas en Washington: Premier Law Group lo ayuda a obtener la compensaci\u00f3n total que se merece. Sin honorarios a menos que ganemos.","robots":{"index":"index","follow":"follow","max-snippet":"max-snippet:-1","max-image-preview":"max-image-preview:large","max-video-preview":"max-video-preview:-1"},"canonical":"https:\/\/plg-pllc.com\/es\/washington\/slip-and-fall-lawyer\/","og_locale":"es_MX","og_type":"article","og_title":"Slip and Fall Injury Lawyer in Washington | Free Case Review","og_description":"Washington Slip and Fall Injury Lawyer: Premier Law Group helps you unlock the full compensation you deserve. No Fee Unless We Win.","og_url":"https:\/\/plg-pllc.com\/es\/washington\/slip-and-fall-lawyer\/","og_site_name":"Premier Law Group","article_publisher":"https:\/\/www.facebook.com\/premierlawgroup","article_modified_time":"2024-10-16T18:31:01+00:00","twitter_card":"summary_large_image","twitter_site":"@premierlawgroup","twitter_misc":{"Tiempo de lectura":"3 minutos"},"schema":{"@context":"https:\/\/schema.org","@graph":[{"@type":"WebPage","@id":"https:\/\/plg-pllc.com\/es\/washington\/slip-and-fall-lawyer\/","url":"https:\/\/plg-pllc.com\/es\/washington\/slip-and-fall-lawyer\/","name":"Abogado de lesiones por resbalones y ca\u00eddas en Washington | Revisi\u00f3n gratuita de casos","isPartOf":{"@id":"https:\/\/plg-pllc.com\/#website"},"datePublished":"2023-10-20T20:59:47+00:00","dateModified":"2024-10-16T18:31:01+00:00","description":"Abogado de lesiones por resbalones y ca\u00eddas en Washington: Premier Law Group lo ayuda a obtener la compensaci\u00f3n total que se merece. Sin honorarios a menos que ganemos.","breadcrumb":{"@id":"https:\/\/plg-pllc.com\/es\/washington\/slip-and-fall-lawyer\/#breadcrumb"},"inLanguage":"es","potentialAction":[{"@type":"ReadAction","target":["https:\/\/plg-pllc.com\/es\/washington\/slip-and-fall-lawyer\/"]}]},{"@type":"BreadcrumbList","@id":"https:\/\/plg-pllc.com\/es\/washington\/slip-and-fall-lawyer\/#breadcrumb","itemListElement":[{"@type":"ListItem","position":1,"name":"Home","item":"https:\/\/plg-pllc.com\/es\/"},{"@type":"ListItem","position":2,"name":"Bellevue Personal Injury Lawyer","item":"https:\/\/plg-pllc.com\/es\/"},{"@type":"ListItem","position":3,"name":"Washington Slip and Fall Injury Lawyer"}]},{"@type":"WebSite","@id":"https:\/\/plg-pllc.com\/#website","url":"https:\/\/plg-pllc.com\/","name":"Grupo de abogados Premier","description":"Abogado de muerte por negligencia y lesiones graves en Washington","publisher":{"@id":"https:\/\/plg-pllc.com\/#organization"},"inLanguage":"es"},{"@type":"Organization","@id":"https:\/\/plg-pllc.com\/#organization","name":"Grupo de abogados Premier","url":"https:\/\/plg-pllc.com\/","logo":{"@type":"ImageObject","inLanguage":"es","@id":"https:\/\/plg-pllc.com\/#\/schema\/logo\/image\/","url":"https:\/\/plg-pllc.com\/wp-content\/uploads\/2020\/10\/plg-logo-v2.gif","contentUrl":"https:\/\/plg-pllc.com\/wp-content\/uploads\/2020\/10\/plg-logo-v2.gif","width":592,"height":191,"caption":"Premier Law Group"},"image":{"@id":"https:\/\/plg-pllc.com\/#\/schema\/logo\/image\/"},"sameAs":["https:\/\/www.facebook.com\/premierlawgroup","https:\/\/x.com\/premierlawgroup"]}]}},"_links":{"self":[{"href":"https:\/\/plg-pllc.com\/es\/wp-json\/wp\/v2\/pages\/20126","targetHints":{"allow":["GET"]}}],"collection":[{"href":"https:\/\/plg-pllc.com\/es\/wp-json\/wp\/v2\/pages"}],"about":[{"href":"https:\/\/plg-pllc.com\/es\/wp-json\/wp\/v2\/types\/page"}],"author":[{"embeddable":true,"href":"https:\/\/plg-pllc.com\/es\/wp-json\/wp\/v2\/users\/24"}],"replies":[{"embeddable":true,"href":"https:\/\/plg-pllc.com\/es\/wp-json\/wp\/v2\/comments?post=20126"}],"version-history":[{"count":0,"href":"https:\/\/plg-pllc.com\/es\/wp-json\/wp\/v2\/pages\/20126\/revisions"}],"up":[{"embeddable":true,"href":"https:\/\/plg-pllc.com\/es\/wp-json\/wp\/v2\/pages\/18067"}],"wp:attachment":[{"href":"https:\/\/plg-pllc.com\/es\/wp-json\/wp\/v2\/media?parent=20126"}],"wp:term":[{"taxonomy":"hc_faqs","embeddable":true,"href":"https:\/\/plg-pllc.com\/es\/wp-json\/wp\/v2\/hc_faqs?post=20126"}],"curies":[{"name":"gracias","href":"https:\/\/api.w.org\/{rel}","templated":true}]}}