{"id":20128,"date":"2023-10-20T14:12:38","date_gmt":"2023-10-20T21:12:38","guid":{"rendered":"https:\/\/plg-pllc.com\/?page_id=20128"},"modified":"2024-10-16T11:30:21","modified_gmt":"2024-10-16T18:30:21","slug":"medication-error","status":"publish","type":"page","link":"https:\/\/plg-pllc.com\/es\/washington\/medical-malpractice-lawyer\/wrong-prescription\/","title":{"rendered":"Abogado de prescripci\u00f3n incorrecta en Washington"},"content":{"rendered":"<p>En nuestra vida cotidiana, depositamos nuestra confianza en profesionales. Confiamos en los chefs para que preparen nuestras comidas, en los mec\u00e1nicos para que arreglen nuestros coches y, lo m\u00e1s importante, en los m\u00e9dicos y farmac\u00e9uticos para que receten y distribuyan los medicamentos adecuados. Pero, \u00bfqu\u00e9 ocurre cuando esa confianza se rompe? Imagine esperar una canci\u00f3n de cuna relajante pero, en cambio, o\u00edr una alarma estridente. Esa es la impactante realidad para las v\u00edctimas de recetas err\u00f3neas. Afortunadamente, si se encuentra en el estado de Washington, <strong>Grupo de abogados Premier<\/strong> Est\u00e1 aqu\u00ed para garantizar que usted no sea solo otra estad\u00edstica, sino una persona que recibe la justicia que merece.<\/p>\r\n\r\n\r\n\r\n<h2 id=\"h-the-bitter-pill-of-medication-errors\" class=\"wp-block-heading\"><strong>La amarga p\u00edldora de los errores de medicaci\u00f3n<\/strong><\/h2>\r\n\r\n\r\n\r\n<p><strong>Errores de medicaci\u00f3n<\/strong>\u2014Es un t\u00e9rmino que a todos nos gustar\u00eda creer que existe solo en las pesadillas. Pero para miles de personas cada a\u00f1o, es una dura realidad. Las recetas incorrectas y los errores de dosificaci\u00f3n no solo alteran vidas, sino que tambi\u00e9n pueden ser fatales. Y, en la mayor\u00eda de los casos, estos errores se deben a una negligencia absoluta.<\/p>\r\n\r\n\r\n\r\n<h2 id=\"h-causes-behind-medication-mistakes\" class=\"wp-block-heading\"><strong>Causas de los errores en la medicaci\u00f3n<\/strong><\/h2>\r\n\r\n\r\n\r\n<p>\u00bfAlguna vez has intentado leer la letra de un m\u00e9dico? A veces, es m\u00e1s cr\u00edptica que los jerogl\u00edficos antiguos. Las recetas ilegibles encabezan la lista, seguidas de otros errores como medicamentos mal prescritos, errores de farmacia y dosis incorrectas. Es como esperar una taza de t\u00e9 de manzanilla relajante y recibir en su lugar un caf\u00e9 expreso: ambas son bebidas, pero sus efectos son muy distintos.<\/p>\r\n\r\n\r\n\r\n<h2 id=\"h-the-silent-victims-children\" class=\"wp-block-heading\"><strong>Las v\u00edctimas silenciosas: los ni\u00f1os<\/strong><\/h2>\r\n\r\n\r\n\r\n<p>Una de las tendencias m\u00e1s alarmantes de los \u00faltimos a\u00f1os es el aumento de los antidepresivos ISRS que se recetan a los ni\u00f1os. A pesar de que muchos de estos medicamentos no est\u00e1n aprobados para su uso en ni\u00f1os, se siguen recetando, lo que tiene consecuencias devastadoras. \u00bfNo es como darle a un ni\u00f1o una bicicleta de tama\u00f1o adulto y esperar que no se caiga?<\/p>\r\n\r\n\r\n\r\n\n        <div class=\"rs-content-cta long\">\n            <p>Para una consulta legal GRATUITA con un abogado especializado en recetas err\u00f3neas que atiende en Washington, llame al <a href=\"tel:+12062851743\">(206) 285-1743 <\/a><\/p>\n            <a href=\"https:\/\/plg-pllc.com\/es\/contact-us\/\" title=\"OBTENGA UNA EVALUACI\u00d3N DE CASO GRATUITA\" class=\"btn-global\">OBTENGA UNA EVALUACI\u00d3N DE CASO GRATUITA<\/a>\n                    <picture>\n                            <source srcset=\"https:\/\/plg-pllc.com\/wp-content\/themes\/plg-pllc-redesign\/assets\/app\/img\/cta-thumb.webp\" type=\"image\/webp\"\/>\n                            <img src=\"https:\/\/plg-pllc.com\/wp-content\/themes\/plg-pllc-redesign\/assets\/app\/img\/cta-thumb.png\" alt=\"Grupo de abogados Premier\" title=\"Grupo de abogados Premier\" width=\"245\" height=\"220\" loading=\"auto\" fetchpriority=\"auto\" decoding=\"async\"\/>\n        <\/picture>\n        \n        <\/div><h2 id=\"h-when-to-seek-legal-help\" class=\"wp-block-heading\"><strong>Cu\u00e1ndo buscar ayuda legal<\/strong><\/h2>\r\n\r\n\r\n\r\n<p>Si usted o un ser querido ha recibido una receta m\u00e9dica incorrecta o un error en la medicaci\u00f3n, no puede esperar. Al igual que si se quitara una espina del pie de inmediato, buscar ayuda legal deber\u00eda ser un paso inmediato para corregir el da\u00f1o causado.<\/p>\r\n\r\n\r\n\r\n<h2 id=\"h-choosing-premier-law-group-why-trust-us\" class=\"wp-block-heading\"><strong>Elegir Premier Law Group: \u00bfPor qu\u00e9 confiar en nosotros?<\/strong><\/h2>\r\n\r\n\r\n\r\n<p>En Premier Law Group, no somos solo abogados; somos sus vecinos, amigos y, lo m\u00e1s importante, sus defensores. Nuestro objetivo no es solo la compensaci\u00f3n; es justicia, comprensi\u00f3n y apoyo.<\/p>\r\n\r\n\r\n\r\n<h2 id=\"h-how-we-stand-apart\" class=\"wp-block-heading\"><strong>\u00bfPor qu\u00e9 nos diferenciamos?<\/strong><\/h2>\r\n\r\n\r\n\r\n<p>Mientras que otros se centran en acuerdos r\u00e1pidos, nosotros nos concentramos en relaciones duraderas. Nuestra meticulosa atenci\u00f3n a los detalles, la dedicaci\u00f3n a cada caso y la empat\u00eda genuina nos distinguen.<\/p>\r\n\r\n\r\n\r\n<h2 id=\"h-the-process-your-road-to-justice\" class=\"wp-block-heading\"><strong>El proceso: tu camino hacia la justicia<\/strong><\/h2>\r\n\r\n\r\n\r\n<p>Desde la consulta inicial hasta el veredicto final, nuestro <strong>Abogado de recetas incorrectas en Washington<\/strong> Nuestro equipo lo gu\u00eda en cada paso. Sin jerga ni complejidad: solo un camino directo hacia la justicia.<\/p>\r\n\r\n\r\n\r\n<h2 id=\"h-the-impact-of-medication-errors\" class=\"wp-block-heading\"><strong>El impacto de los errores de medicaci\u00f3n<\/strong><\/h2>\r\n\r\n\r\n\r\n<p>El efecto domin\u00f3 de una prescripci\u00f3n incorrecta no se limita a la salud: afecta la paz mental, el trabajo, las relaciones y la calidad de vida en general. Reconocer este impacto es el primer paso hacia la curaci\u00f3n.<\/p>\r\n\r\n\r\n\r\n\n                <div class=\"rs-content-cta\">\n                    <p>Abogado de recetas incorrectas cerca de m\u00ed en Washington <a href=\"tel:+12062851743\">(206) 285-1743<\/a><\/p>\n                    <a href=\"https:\/\/plg-pllc.com\/es\/contact-us\/\" title=\"OBTENGA UNA EVALUACI\u00d3N DE CASO GRATUITA\" class=\"btn-global\">OBTENGA UNA EVALUACI\u00d3N DE CASO GRATUITA<\/a>\n                            <picture>\n                            <source srcset=\"https:\/\/plg-pllc.com\/wp-content\/themes\/plg-pllc-redesign\/assets\/app\/img\/cta-thumb.webp\" type=\"image\/webp\"\/>\n                            <img src=\"https:\/\/plg-pllc.com\/wp-content\/themes\/plg-pllc-redesign\/assets\/app\/img\/cta-thumb.png\" alt=\"Grupo de abogados Premier\" title=\"Grupo de abogados Premier\" width=\"245\" height=\"220\" loading=\"auto\" fetchpriority=\"auto\" decoding=\"async\"\/>\n        <\/picture>\n        \n                <\/div><h2 id=\"h-prevention-and-awareness\" class=\"wp-block-heading\"><strong>Prevenci\u00f3n y Concientizaci\u00f3n<\/strong><\/h2>\r\n\r\n\r\n\r\n<p>Si bien apoyamos a las v\u00edctimas, tambi\u00e9n creemos en el poder de la concientizaci\u00f3n. Educar tanto a los pacientes como a los profesionales de la salud puede allanar el camino hacia un futuro m\u00e1s seguro.<\/p>\r\n\r\n\r\n\r\n<h2 id=\"h-testimonials-stories-of-recovery-and-justice\" class=\"wp-block-heading\"><strong>Testimonios: Historias de recuperaci\u00f3n y justicia<\/strong><\/h2>\r\n\r\n\r\n\r\n<p>Escuche a quienes recorrieron el dif\u00edcil camino de la recuperaci\u00f3n con nosotros a su lado. Sus historias son un testimonio de nuestra dedicaci\u00f3n y su resiliencia.<\/p>\r\n\r\n\r\n\r\n<h2 id=\"h-conclusion\" class=\"wp-block-heading\"><strong>Conclusi\u00f3n<\/strong><\/h2>\r\n\r\n\r\n\r\n<p>En el mundo de los medicamentos, no hay lugar para errores. Y si bien Premier Law Group no puede deshacer el pasado, prometemos reescribir el futuro para las v\u00edctimas de recetas incorrectas. Recuerde, en Washington, la justicia est\u00e1 a solo una llamada de distancia.<\/p>\r\n\r\n\r\n\r\n<h2 id=\"h-frequently-asked-questions-faqs\" class=\"wp-block-heading\"><strong>Preguntas frecuentes (FAQ)<\/strong><\/h2>\r\n\r\n\r\n\r\n<ol class=\"wp-block-list\">\r\n<li><strong>\u00bfQu\u00e9 constituye una prescripci\u00f3n err\u00f3nea?<\/strong>\r\n<ul class=\"wp-block-list\">\r\n<li>Cualquier medicamento prescrito o dispensado que no sea adecuado para la condici\u00f3n, edad o salud del paciente puede considerarse una prescripci\u00f3n err\u00f3nea.<\/li>\r\n<\/ul>\r\n<\/li>\r\n\r\n\r\n\r\n<li><strong>\u00bfCu\u00e1nto tiempo tengo para presentar una demanda despu\u00e9s de un error de medicaci\u00f3n en Washington?<\/strong>\r\n<ul class=\"wp-block-list\">\r\n<li>El plazo de prescripci\u00f3n puede variar, pero es esencial consultar con un abogado lo antes posible para garantizar una acci\u00f3n legal oportuna.<\/li>\r\n<\/ul>\r\n<\/li>\r\n\r\n\r\n\r\n<li><strong>\u00bfTengo que pagar por adelantado los servicios legales?<\/strong>\r\n<ul class=\"wp-block-list\">\r\n<li>En Premier Law Group, generalmente trabajamos con honorarios de contingencia, lo que significa que usted no paga a menos que ganemos.<\/li>\r\n<\/ul>\r\n<\/li>\r\n\r\n\r\n\r\n<li><strong>\u00bfQu\u00e9 debo hacer inmediatamente despu\u00e9s de detectar una prescripci\u00f3n incorrecta?<\/strong>\r\n<ul class=\"wp-block-list\">\r\n<li>Busque atenci\u00f3n m\u00e9dica inmediatamente, conserve cualquier evidencia y consulte con un <strong>Abogado de recetas incorrectas en Washington<\/strong>.<\/li>\r\n<\/ul>\r\n<\/li>\r\n\r\n\r\n\r\n<li><strong>\u00bfPueden los farmac\u00e9uticos ser considerados responsables por prescripciones err\u00f3neas?<\/strong>\r\n<ul class=\"wp-block-list\">\r\n<li>S\u00ed, si se demuestra que su negligencia provoc\u00f3 el error, pueden ser considerados responsables.<\/li>\r\n<\/ul>\r\n<\/li>\r\n<\/ol>\r\n\n        <div class=\"rs-content-cta\">\n            <p>Llamar o enviar mensaje de texto <a href=\"tel:+12062851743\">(206) 285-1743<\/a> o complete un formulario de evaluaci\u00f3n de caso gratuito<\/p>\n            <a href=\"https:\/\/plg-pllc.com\/es\/contact-us\/\" title=\"OBTENGA UNA EVALUACI\u00d3N DE CASO GRATUITA\" class=\"btn-global\">OBTENGA UNA EVALUACI\u00d3N DE CASO GRATUITA<\/a>\n                    <picture>\n                            <source srcset=\"https:\/\/plg-pllc.com\/wp-content\/themes\/plg-pllc-redesign\/assets\/app\/img\/cta-thumb.webp\" type=\"image\/webp\"\/>\n                            <img src=\"https:\/\/plg-pllc.com\/wp-content\/themes\/plg-pllc-redesign\/assets\/app\/img\/cta-thumb.png\" alt=\"Grupo de abogados Premier\" title=\"Grupo de abogados Premier\" width=\"245\" height=\"220\" loading=\"auto\" fetchpriority=\"auto\" decoding=\"async\"\/>\n        <\/picture>\n        \n        <\/div>","protected":false},"excerpt":{"rendered":"<p>En nuestra vida cotidiana, depositamos nuestra confianza en profesionales. Confiamos en los chefs para que preparen nuestras comidas, en los mec\u00e1nicos para que arreglen nuestros coches y, lo m\u00e1s importante, en los m\u00e9dicos y farmac\u00e9uticos para que nos receten y distribuyan los medicamentos adecuados. Pero, \u00bfqu\u00e9 ocurre cuando esa confianza se rompe? Imaginemos que esperamos una canci\u00f3n de cuna relajante y, en su lugar, o\u00edmos una alarma estridente. As\u00ed es\u2026<\/p>","protected":false},"author":2,"featured_media":0,"parent":20125,"menu_order":0,"comment_status":"closed","ping_status":"closed","template":"","meta":{"_acf_changed":false,"_genesis_hide_title":false,"_genesis_hide_breadcrumbs":false,"_genesis_hide_singular_image":false,"_genesis_hide_footer_widgets":false,"_genesis_custom_body_class":"","_genesis_custom_post_class":"","_genesis_layout":"","footnotes":""},"hc_faqs":[],"class_list":{"0":"post-20128","1":"page","2":"type-page","3":"status-publish","5":"hc_city_location-washington","6":"entry"},"acf":[],"yoast_head":"<!-- This site is optimized with the Yoast SEO plugin v27.2 - https:\/\/yoast.com\/product\/yoast-seo-wordpress\/ -->\n<title>Wrong Prescription Lawyer in Washington | Free Case Review<\/title>\n<meta name=\"description\" content=\"Washington Wrong Prescription Lawyer: Premier Law Group helps you unlock the full compensation you deserve. No Fee Unless We Win.\" \/>\n<meta name=\"robots\" content=\"index, follow, max-snippet:-1, max-image-preview:large, max-video-preview:-1\" \/>\n<link rel=\"canonical\" href=\"https:\/\/plg-pllc.com\/es\/washington\/medical-malpractice-lawyer\/wrong-prescription\/\" \/>\n<meta property=\"og:locale\" content=\"es_MX\" \/>\n<meta property=\"og:type\" content=\"article\" \/>\n<meta property=\"og:title\" content=\"Wrong Prescription Lawyer in Washington | Free Case Review\" \/>\n<meta property=\"og:description\" content=\"Washington Wrong Prescription Lawyer: Premier Law Group helps you unlock the full compensation you deserve. No Fee Unless We Win.\" \/>\n<meta property=\"og:url\" content=\"https:\/\/plg-pllc.com\/es\/washington\/medical-malpractice-lawyer\/wrong-prescription\/\" \/>\n<meta property=\"og:site_name\" content=\"Premier Law Group\" \/>\n<meta property=\"article:publisher\" content=\"https:\/\/www.facebook.com\/premierlawgroup\" \/>\n<meta property=\"article:modified_time\" content=\"2024-10-16T18:30:21+00:00\" \/>\n<meta name=\"twitter:card\" content=\"summary_large_image\" \/>\n<meta name=\"twitter:site\" content=\"@premierlawgroup\" \/>\n<meta name=\"twitter:label1\" content=\"Tiempo de lectura\" \/>\n\t<meta name=\"twitter:data1\" content=\"4 minutos\" \/>\n<script type=\"application\/ld+json\" class=\"yoast-schema-graph\">{\"@context\":\"https:\/\/schema.org\",\"@graph\":[{\"@type\":\"WebPage\",\"@id\":\"https:\/\/plg-pllc.com\/washington\/medical-malpractice-lawyer\/wrong-prescription\/\",\"url\":\"https:\/\/plg-pllc.com\/washington\/medical-malpractice-lawyer\/wrong-prescription\/\",\"name\":\"Wrong Prescription Lawyer in Washington | Free Case Review\",\"isPartOf\":{\"@id\":\"https:\/\/plg-pllc.com\/#website\"},\"datePublished\":\"2023-10-20T21:12:38+00:00\",\"dateModified\":\"2024-10-16T18:30:21+00:00\",\"description\":\"Washington Wrong Prescription Lawyer: Premier Law Group helps you unlock the full compensation you deserve. No Fee Unless We Win.\",\"breadcrumb\":{\"@id\":\"https:\/\/plg-pllc.com\/washington\/medical-malpractice-lawyer\/wrong-prescription\/#breadcrumb\"},\"inLanguage\":\"es\",\"potentialAction\":[{\"@type\":\"ReadAction\",\"target\":[\"https:\/\/plg-pllc.com\/washington\/medical-malpractice-lawyer\/wrong-prescription\/\"]}]},{\"@type\":\"BreadcrumbList\",\"@id\":\"https:\/\/plg-pllc.com\/washington\/medical-malpractice-lawyer\/wrong-prescription\/#breadcrumb\",\"itemListElement\":[{\"@type\":\"ListItem\",\"position\":1,\"name\":\"Home\",\"item\":\"https:\/\/plg-pllc.com\/es\/\"},{\"@type\":\"ListItem\",\"position\":2,\"name\":\"Bellevue Personal Injury Lawyer\",\"item\":\"https:\/\/plg-pllc.com\/es\/\"},{\"@type\":\"ListItem\",\"position\":3,\"name\":\"Washington Medical Malpractice Lawyer\",\"item\":\"https:\/\/plg-pllc.com\/es\/washington\/medical-malpractice-lawyer\/\"},{\"@type\":\"ListItem\",\"position\":4,\"name\":\"Wrong Prescription\"}]},{\"@type\":\"WebSite\",\"@id\":\"https:\/\/plg-pllc.com\/#website\",\"url\":\"https:\/\/plg-pllc.com\/\",\"name\":\"Premier Law Group\",\"description\":\"Washington Wrongful Death and Serious Injury Lawyer\",\"publisher\":{\"@id\":\"https:\/\/plg-pllc.com\/#organization\"},\"inLanguage\":\"es\"},{\"@type\":\"Organization\",\"@id\":\"https:\/\/plg-pllc.com\/#organization\",\"name\":\"Premier Law Group\",\"url\":\"https:\/\/plg-pllc.com\/\",\"logo\":{\"@type\":\"ImageObject\",\"inLanguage\":\"es\",\"@id\":\"https:\/\/plg-pllc.com\/#\/schema\/logo\/image\/\",\"url\":\"https:\/\/plg-pllc.com\/wp-content\/uploads\/2020\/10\/plg-logo-v2.gif\",\"contentUrl\":\"https:\/\/plg-pllc.com\/wp-content\/uploads\/2020\/10\/plg-logo-v2.gif\",\"width\":592,\"height\":191,\"caption\":\"Premier Law Group\"},\"image\":{\"@id\":\"https:\/\/plg-pllc.com\/#\/schema\/logo\/image\/\"},\"sameAs\":[\"https:\/\/www.facebook.com\/premierlawgroup\",\"https:\/\/x.com\/premierlawgroup\"]}]}<\/script>\n<!-- \/ Yoast SEO plugin. -->","yoast_head_json":{"title":"Abogado de prescripci\u00f3n incorrecta en Washington | Revisi\u00f3n gratuita de casos","description":"Abogado especializado en recetas m\u00e9dicas incorrectas en Washington: Premier Law Group lo ayuda a obtener la compensaci\u00f3n total que se merece. Sin cargo a menos que ganemos.","robots":{"index":"index","follow":"follow","max-snippet":"max-snippet:-1","max-image-preview":"max-image-preview:large","max-video-preview":"max-video-preview:-1"},"canonical":"https:\/\/plg-pllc.com\/es\/washington\/medical-malpractice-lawyer\/wrong-prescription\/","og_locale":"es_MX","og_type":"article","og_title":"Wrong Prescription Lawyer in Washington | Free Case Review","og_description":"Washington Wrong Prescription Lawyer: Premier Law Group helps you unlock the full compensation you deserve. No Fee Unless We Win.","og_url":"https:\/\/plg-pllc.com\/es\/washington\/medical-malpractice-lawyer\/wrong-prescription\/","og_site_name":"Premier Law Group","article_publisher":"https:\/\/www.facebook.com\/premierlawgroup","article_modified_time":"2024-10-16T18:30:21+00:00","twitter_card":"summary_large_image","twitter_site":"@premierlawgroup","twitter_misc":{"Tiempo de lectura":"4 minutos"},"schema":{"@context":"https:\/\/schema.org","@graph":[{"@type":"WebPage","@id":"https:\/\/plg-pllc.com\/washington\/medical-malpractice-lawyer\/wrong-prescription\/","url":"https:\/\/plg-pllc.com\/washington\/medical-malpractice-lawyer\/wrong-prescription\/","name":"Abogado de prescripci\u00f3n incorrecta en Washington | Revisi\u00f3n gratuita de casos","isPartOf":{"@id":"https:\/\/plg-pllc.com\/#website"},"datePublished":"2023-10-20T21:12:38+00:00","dateModified":"2024-10-16T18:30:21+00:00","description":"Abogado especializado en recetas m\u00e9dicas incorrectas en Washington: Premier Law Group lo ayuda a obtener la compensaci\u00f3n total que se merece. Sin cargo a menos que ganemos.","breadcrumb":{"@id":"https:\/\/plg-pllc.com\/washington\/medical-malpractice-lawyer\/wrong-prescription\/#breadcrumb"},"inLanguage":"es","potentialAction":[{"@type":"ReadAction","target":["https:\/\/plg-pllc.com\/washington\/medical-malpractice-lawyer\/wrong-prescription\/"]}]},{"@type":"BreadcrumbList","@id":"https:\/\/plg-pllc.com\/washington\/medical-malpractice-lawyer\/wrong-prescription\/#breadcrumb","itemListElement":[{"@type":"ListItem","position":1,"name":"Home","item":"https:\/\/plg-pllc.com\/es\/"},{"@type":"ListItem","position":2,"name":"Bellevue Personal Injury Lawyer","item":"https:\/\/plg-pllc.com\/es\/"},{"@type":"ListItem","position":3,"name":"Washington Medical Malpractice Lawyer","item":"https:\/\/plg-pllc.com\/es\/washington\/medical-malpractice-lawyer\/"},{"@type":"ListItem","position":4,"name":"Wrong Prescription"}]},{"@type":"WebSite","@id":"https:\/\/plg-pllc.com\/#website","url":"https:\/\/plg-pllc.com\/","name":"Grupo de abogados Premier","description":"Abogado de muerte por negligencia y lesiones graves en Washington","publisher":{"@id":"https:\/\/plg-pllc.com\/#organization"},"inLanguage":"es"},{"@type":"Organization","@id":"https:\/\/plg-pllc.com\/#organization","name":"Grupo de abogados Premier","url":"https:\/\/plg-pllc.com\/","logo":{"@type":"ImageObject","inLanguage":"es","@id":"https:\/\/plg-pllc.com\/#\/schema\/logo\/image\/","url":"https:\/\/plg-pllc.com\/wp-content\/uploads\/2020\/10\/plg-logo-v2.gif","contentUrl":"https:\/\/plg-pllc.com\/wp-content\/uploads\/2020\/10\/plg-logo-v2.gif","width":592,"height":191,"caption":"Premier Law Group"},"image":{"@id":"https:\/\/plg-pllc.com\/#\/schema\/logo\/image\/"},"sameAs":["https:\/\/www.facebook.com\/premierlawgroup","https:\/\/x.com\/premierlawgroup"]}]}},"_links":{"self":[{"href":"https:\/\/plg-pllc.com\/es\/wp-json\/wp\/v2\/pages\/20128","targetHints":{"allow":["GET"]}}],"collection":[{"href":"https:\/\/plg-pllc.com\/es\/wp-json\/wp\/v2\/pages"}],"about":[{"href":"https:\/\/plg-pllc.com\/es\/wp-json\/wp\/v2\/types\/page"}],"author":[{"embeddable":true,"href":"https:\/\/plg-pllc.com\/es\/wp-json\/wp\/v2\/users\/2"}],"replies":[{"embeddable":true,"href":"https:\/\/plg-pllc.com\/es\/wp-json\/wp\/v2\/comments?post=20128"}],"version-history":[{"count":0,"href":"https:\/\/plg-pllc.com\/es\/wp-json\/wp\/v2\/pages\/20128\/revisions"}],"up":[{"embeddable":true,"href":"https:\/\/plg-pllc.com\/es\/wp-json\/wp\/v2\/pages\/20125"}],"wp:attachment":[{"href":"https:\/\/plg-pllc.com\/es\/wp-json\/wp\/v2\/media?parent=20128"}],"wp:term":[{"taxonomy":"hc_faqs","embeddable":true,"href":"https:\/\/plg-pllc.com\/es\/wp-json\/wp\/v2\/hc_faqs?post=20128"}],"curies":[{"name":"gracias","href":"https:\/\/api.w.org\/{rel}","templated":true}]}}