{"id":20130,"date":"2023-10-20T14:25:06","date_gmt":"2023-10-20T21:25:06","guid":{"rendered":"https:\/\/plg-pllc.com\/?page_id=20130"},"modified":"2024-10-16T11:31:48","modified_gmt":"2024-10-16T18:31:48","slug":"train-accidents","status":"publish","type":"page","link":"https:\/\/plg-pllc.com\/es\/washington\/train-accident-lawyer\/","title":{"rendered":"Abogado de accidentes de tren en Washington"},"content":{"rendered":"<p>Todos hemos escuchado la frase: \u201cLa vida te golpea muy r\u00e1pido\u201d. En un momento est\u00e1s haciendo tu rutina diaria y, al siguiente, tu mundo se pone patas arriba debido a un accidente de tren. Pero, \u00bfa qui\u00e9n recurrir? Si est\u00e1s en el estado de Washington, Premier Law Group est\u00e1 aqu\u00ed para ayudarte.<\/p>\r\n\r\n\r\n\r\n<h2 id=\"h-understanding-train-accidents\" class=\"wp-block-heading\"><strong>Comprender los accidentes de tren<\/strong><\/h2>\r\n\r\n\r\n\r\n<p>Los accidentes de tren son m\u00e1s frecuentes de lo que se cree y, al igual que una cadena es tan fuerte como su eslab\u00f3n m\u00e1s d\u00e9bil, la eficiencia de todo un sistema ferroviario se ve comprometida por una sola negligencia.<\/p>\r\n\r\n\r\n\r\n<h2 id=\"h-railroad-company-s-obligation-more-than-just-tracks\" class=\"wp-block-heading\"><strong>La obligaci\u00f3n de las empresas ferroviarias: m\u00e1s que las v\u00edas<\/strong><\/h2>\r\n\r\n\r\n\r\n<p>Los ferrocarriles no son solo trenes que circulan por v\u00edas. Como un guardi\u00e1n que cuida a un ni\u00f1o, las empresas ferroviarias tienen la responsabilidad de garantizar la seguridad. No se trata solo de garantizar que los trenes funcionen a tiempo, sino tambi\u00e9n de asegurarse de que cada viaje sea seguro.<\/p>\r\n\r\n\r\n\r\n<h2 id=\"h-amtrak-s-role-amp-history-beyond-the-timetable\" class=\"wp-block-heading\"><strong>El papel y la historia de Amtrak: m\u00e1s all\u00e1 del horario<\/strong><\/h2>\r\n\r\n\r\n\r\n<p>Amtrak, fundada en 1971 por el Congreso, fue una medida para consolidar y agilizar los viajes en tren. Pero recuerde que no est\u00e1n exentos de responsabilidad. Si la negligencia provoca lesiones, son tan responsables como cualquier otra entidad corporativa.<\/p>\r\n\r\n\r\n\r\n\n        <div class=\"rs-content-cta long\">\n            <p>Para una consulta legal GRATUITA con un abogado especializado en accidentes de trenes que atiende en Washington, llame al <a href=\"tel:+12062851743\">(206) 285-1743 <\/a><\/p>\n            <a href=\"https:\/\/plg-pllc.com\/es\/contact-us\/\" title=\"OBTENGA UNA EVALUACI\u00d3N DE CASO GRATUITA\" class=\"btn-global\">OBTENGA UNA EVALUACI\u00d3N DE CASO GRATUITA<\/a>\n                    <picture>\n                            <source srcset=\"https:\/\/plg-pllc.com\/wp-content\/themes\/plg-pllc-redesign\/assets\/app\/img\/cta-thumb.webp\" type=\"image\/webp\"\/>\n                            <img src=\"https:\/\/plg-pllc.com\/wp-content\/themes\/plg-pllc-redesign\/assets\/app\/img\/cta-thumb.png\" alt=\"Grupo de abogados Premier\" title=\"Grupo de abogados Premier\" width=\"245\" height=\"220\" loading=\"auto\" fetchpriority=\"auto\" decoding=\"async\"\/>\n        <\/picture>\n        \n        <\/div><h2 id=\"h-damage-limitations-the-reality-of-compensation\" class=\"wp-block-heading\"><strong>Limitaciones de da\u00f1os: la realidad de la indemnizaci\u00f3n<\/strong><\/h2>\r\n\r\n\r\n\r\n<p>Imag\u00ednese un pastel. No importa cu\u00e1ntas porciones haga, el pastel sigue siendo del mismo tama\u00f1o. As\u00ed es como funciona la compensaci\u00f3n de Amtrak. A pesar del n\u00famero de v\u00edctimas, hay un l\u00edmite para la compensaci\u00f3n total. Es esencial contar con un abogado experto para asegurarse de obtener la porci\u00f3n m\u00e1s significativa posible.<\/p>\r\n\r\n\r\n\r\n<h2 id=\"h-hurdles-in-train-accident-lawsuits\" class=\"wp-block-heading\"><strong>Obst\u00e1culos en las demandas por accidentes de tren<\/strong><\/h2>\r\n\r\n\r\n\r\n<p>Las compa\u00f1\u00edas ferroviarias, al igual que Goliat, se mantienen firmes y poderosas gracias a sus recursos. \u00bfSu principal objetivo despu\u00e9s de un accidente? Minimizar la culpa y la compensaci\u00f3n. Por eso, necesita un David de su lado: un abogado experto que luche por la justicia.<\/p>\r\n\r\n\r\n\r\n<h2 id=\"h-why-choose-premier-law-group\" class=\"wp-block-heading\"><strong>\u00bfPor qu\u00e9 elegir Premier Law Group?<\/strong><\/h2>\r\n\r\n\r\n\r\n<p>A diferencia de muchos, no nos echamos atr\u00e1s. Con un historial (nunca mejor dicho) de responsabilizar a las partes negligentes, Premier Law Group se compromete a garantizar que nuestros clientes obtengan la justicia que merecen.<\/p>\r\n\r\n\r\n\r\n<h2 id=\"h-immediate-steps-post-train-accident\" class=\"wp-block-heading\"><strong>Medidas inmediatas tras un accidente de tren<\/strong><\/h2>\r\n\r\n\r\n\r\n<p>Despu\u00e9s de un evento traum\u00e1tico, es posible que no logre aclarar sus ideas. Es fundamental recordar tres cosas: busque ayuda m\u00e9dica, documente todo y consulte a un abogado. Premier Law Group siempre est\u00e1 aqu\u00ed para guiarlo.<\/p>\r\n\r\n\r\n\r\n<h2 id=\"h-the-advantage-of-local-expertise\" class=\"wp-block-heading\"><strong>La ventaja de la experiencia local<\/strong><\/h2>\r\n\r\n\r\n\r\n<p>Como empresa con sede en el estado de Washington, entendemos las leyes locales, el sistema ferroviario estatal y sus complejidades. Nuestra experiencia local es su mejor aliado para garantizar la justicia.<\/p>\r\n\r\n\r\n\r\n\n                <div class=\"rs-content-cta\">\n                    <p>Abogado de accidentes de tren en Washington cerca de m\u00ed <a href=\"tel:+12062851743\">(206) 285-1743<\/a><\/p>\n                    <a href=\"https:\/\/plg-pllc.com\/es\/contact-us\/\" title=\"OBTENGA UNA EVALUACI\u00d3N DE CASO GRATUITA\" class=\"btn-global\">OBTENGA UNA EVALUACI\u00d3N DE CASO GRATUITA<\/a>\n                            <picture>\n                            <source srcset=\"https:\/\/plg-pllc.com\/wp-content\/themes\/plg-pllc-redesign\/assets\/app\/img\/cta-thumb.webp\" type=\"image\/webp\"\/>\n                            <img src=\"https:\/\/plg-pllc.com\/wp-content\/themes\/plg-pllc-redesign\/assets\/app\/img\/cta-thumb.png\" alt=\"Grupo de abogados Premier\" title=\"Grupo de abogados Premier\" width=\"245\" height=\"220\" loading=\"auto\" fetchpriority=\"auto\" decoding=\"async\"\/>\n        <\/picture>\n        \n                <\/div><h2 id=\"h-fighting-for-maximum-compensation\" class=\"wp-block-heading\"><strong>Lucha por la m\u00e1xima indemnizaci\u00f3n<\/strong><\/h2>\r\n\r\n\r\n\r\n<p>Con l\u00edmites de da\u00f1os establecidos, es vital contar con un abogado que pueda luchar por obtener la m\u00e1xima compensaci\u00f3n. En Premier Law Group, priorizamos su caso individual y nos aseguramos de que obtenga el mejor resultado posible.<\/p>\r\n\r\n\r\n\r\n<h2 id=\"h-building-a-strong-case-with-evidence\" class=\"wp-block-heading\"><strong>Construyendo un caso s\u00f3lido con evidencia<\/strong><\/h2>\r\n\r\n\r\n\r\n<p>Al igual que los bloques de construcci\u00f3n, cada pieza de evidencia fortalece su caso. Desde fotograf\u00edas hasta testimonios de testigos, juntamos todo meticulosamente para garantizar un caso s\u00f3lido.<\/p>\r\n\r\n\r\n\r\n<h2 id=\"h-train-safety-a-shared-responsibility\" class=\"wp-block-heading\"><strong>La seguridad ferroviaria: una responsabilidad compartida<\/strong><\/h2>\r\n\r\n\r\n\r\n<p>Si bien las empresas ferroviarias tienen un papel muy importante, tambi\u00e9n nos corresponde a nosotros garantizar que cumplamos las normas de seguridad. Juntos, podemos hacer que los viajes en tren sean m\u00e1s seguros para todos.<\/p>\r\n\r\n\r\n\r\n<h2 id=\"h-conclusion\" class=\"wp-block-heading\"><strong>Conclusi\u00f3n<\/strong><\/h2>\r\n\r\n\r\n\r\n<p>Despu\u00e9s de un accidente de tren, es fundamental contar con los aliados adecuados. En Premier Law Group, su lucha por la justicia se convierte en la nuestra. Recuerde que, cuando las cosas se ponen dif\u00edciles, estamos aqu\u00ed para garantizar que su camino hacia la justicia transcurra sin problemas.<\/p>\r\n\r\n\r\n\r\n<h2 id=\"h-faqs\" class=\"wp-block-heading\"><strong>Preguntas frecuentes<\/strong><\/h2>\r\n\r\n\r\n\r\n<ol class=\"wp-block-list\">\r\n<li><strong>\u00bfQu\u00e9 hace que Premier Law Group sea diferente de otras firmas de abogados?<\/strong> Premier Law Group se especializa en accidentes de trenes y tiene un profundo conocimiento de las leyes locales, lo que garantiza la mejor representaci\u00f3n posible para usted.<\/li>\r\n\r\n\r\n\r\n<li><strong>\u00bfCu\u00e1nto tiempo tengo para presentar una reclamaci\u00f3n despu\u00e9s de un accidente de tren?<\/strong> Por lo general, existe un plazo de prescripci\u00f3n. Lo mejor es consultar con un abogado de inmediato para asegurarse de no perder ning\u00fan plazo.<\/li>\r\n\r\n\r\n\r\n<li><strong>\u00bfNecesito un abogado si la compa\u00f1\u00eda ferroviaria ofrece un acuerdo?<\/strong> S\u00ed. A menudo, las ofertas iniciales son inferiores a lo que te corresponde. Tener un abogado garantiza que recibir\u00e1s la compensaci\u00f3n justa que mereces.<\/li>\r\n\r\n\r\n\r\n<li><strong>\u00bfCu\u00e1nto cuesta contratar a Premier Law Group?<\/strong> Los costos var\u00edan seg\u00fan la complejidad del caso. Ofrecemos una consulta gratuita para analizar su situaci\u00f3n y aclarar sus dudas.<\/li>\r\n\r\n\r\n\r\n<li><strong>\u00bfQu\u00e9 pasa si no soy un pasajero pero resulto herido debido a la negligencia de un tren?<\/strong> A\u00fan puede presentar una reclamaci\u00f3n. Lo mejor es consultar con un abogado para entender sus derechos y la posible compensaci\u00f3n que puede recibir.<\/li>\r\n<\/ol>\r\n\n        <div class=\"rs-content-cta\">\n            <p>Llamar o enviar mensaje de texto <a href=\"tel:+12062851743\">(206) 285-1743<\/a> o complete un formulario de evaluaci\u00f3n de caso gratuito<\/p>\n            <a href=\"https:\/\/plg-pllc.com\/es\/contact-us\/\" title=\"OBTENGA UNA EVALUACI\u00d3N DE CASO GRATUITA\" class=\"btn-global\">OBTENGA UNA EVALUACI\u00d3N DE CASO GRATUITA<\/a>\n                    <picture>\n                            <source srcset=\"https:\/\/plg-pllc.com\/wp-content\/themes\/plg-pllc-redesign\/assets\/app\/img\/cta-thumb.webp\" type=\"image\/webp\"\/>\n                            <img src=\"https:\/\/plg-pllc.com\/wp-content\/themes\/plg-pllc-redesign\/assets\/app\/img\/cta-thumb.png\" alt=\"Grupo de abogados Premier\" title=\"Grupo de abogados Premier\" width=\"245\" height=\"220\" loading=\"auto\" fetchpriority=\"auto\" decoding=\"async\"\/>\n        <\/picture>\n        \n        <\/div>","protected":false},"excerpt":{"rendered":"<p>Todos hemos escuchado la frase: \u201cLa vida te golpea muy r\u00e1pido\u201d. En un momento est\u00e1s haciendo tu rutina diaria y, al siguiente, tu mundo se pone patas arriba debido a un accidente de tren. Pero, \u00bfa qui\u00e9n recurrir? Si est\u00e1s en el estado de Washington, Premier Law Group est\u00e1 aqu\u00ed para ayudarte. Entender los accidentes de tren Los accidentes de tren son m\u00e1s comunes\u2026<\/p>","protected":false},"author":24,"featured_media":0,"parent":18067,"menu_order":0,"comment_status":"closed","ping_status":"closed","template":"","meta":{"_acf_changed":false,"_genesis_hide_title":false,"_genesis_hide_breadcrumbs":false,"_genesis_hide_singular_image":false,"_genesis_hide_footer_widgets":false,"_genesis_custom_body_class":"","_genesis_custom_post_class":"","_genesis_layout":"","footnotes":""},"hc_faqs":[],"class_list":{"0":"post-20130","1":"page","2":"type-page","3":"status-publish","5":"hc_city_location-washington","6":"entry"},"acf":[],"yoast_head":"<!-- This site is optimized with the Yoast SEO plugin v27.4 - https:\/\/yoast.com\/product\/yoast-seo-wordpress\/ -->\n<title>Train Accident Lawyer in Washington | Free Case Review<\/title>\n<meta name=\"description\" content=\"Washington Train Accident Lawyer: Premier Law Group helps you unlock the full compensation you deserve. No Fee Unless We Win.\" \/>\n<meta name=\"robots\" content=\"index, follow, max-snippet:-1, max-image-preview:large, max-video-preview:-1\" \/>\n<link rel=\"canonical\" href=\"https:\/\/plg-pllc.com\/es\/washington\/train-accident-lawyer\/\" \/>\n<meta property=\"og:locale\" content=\"es_MX\" \/>\n<meta property=\"og:type\" content=\"article\" \/>\n<meta property=\"og:title\" content=\"Train Accident Lawyer in Washington | Free Case Review\" \/>\n<meta property=\"og:description\" content=\"Washington Train Accident Lawyer: Premier Law Group helps you unlock the full compensation you deserve. No Fee Unless We Win.\" \/>\n<meta property=\"og:url\" content=\"https:\/\/plg-pllc.com\/es\/washington\/train-accident-lawyer\/\" \/>\n<meta property=\"og:site_name\" content=\"Premier Law Group\" \/>\n<meta property=\"article:publisher\" content=\"https:\/\/www.facebook.com\/premierlawgroup\" \/>\n<meta property=\"article:modified_time\" content=\"2024-10-16T18:31:48+00:00\" \/>\n<meta name=\"twitter:card\" content=\"summary_large_image\" \/>\n<meta name=\"twitter:site\" content=\"@premierlawgroup\" \/>\n<meta name=\"twitter:label1\" content=\"Tiempo de lectura\" \/>\n\t<meta name=\"twitter:data1\" content=\"4 minutos\" \/>\n<script type=\"application\/ld+json\" class=\"yoast-schema-graph\">{\"@context\":\"https:\\\/\\\/schema.org\",\"@graph\":[{\"@type\":\"WebPage\",\"@id\":\"https:\\\/\\\/plg-pllc.com\\\/washington\\\/train-accident-lawyer\\\/\",\"url\":\"https:\\\/\\\/plg-pllc.com\\\/washington\\\/train-accident-lawyer\\\/\",\"name\":\"Train Accident Lawyer in Washington | Free Case Review\",\"isPartOf\":{\"@id\":\"https:\\\/\\\/plg-pllc.com\\\/#website\"},\"datePublished\":\"2023-10-20T21:25:06+00:00\",\"dateModified\":\"2024-10-16T18:31:48+00:00\",\"description\":\"Washington Train Accident Lawyer: Premier Law Group helps you unlock the full compensation you deserve. No Fee Unless We Win.\",\"breadcrumb\":{\"@id\":\"https:\\\/\\\/plg-pllc.com\\\/washington\\\/train-accident-lawyer\\\/#breadcrumb\"},\"inLanguage\":\"es\",\"potentialAction\":[{\"@type\":\"ReadAction\",\"target\":[\"https:\\\/\\\/plg-pllc.com\\\/washington\\\/train-accident-lawyer\\\/\"]}]},{\"@type\":\"BreadcrumbList\",\"@id\":\"https:\\\/\\\/plg-pllc.com\\\/washington\\\/train-accident-lawyer\\\/#breadcrumb\",\"itemListElement\":[{\"@type\":\"ListItem\",\"position\":1,\"name\":\"Home\",\"item\":\"https:\\\/\\\/plg-pllc.com\\\/es\\\/\"},{\"@type\":\"ListItem\",\"position\":2,\"name\":\"Bellevue Personal Injury Lawyer\",\"item\":\"https:\\\/\\\/plg-pllc.com\\\/es\\\/\"},{\"@type\":\"ListItem\",\"position\":3,\"name\":\"Washington Train Accident Lawyer\"}]},{\"@type\":\"WebSite\",\"@id\":\"https:\\\/\\\/plg-pllc.com\\\/#website\",\"url\":\"https:\\\/\\\/plg-pllc.com\\\/\",\"name\":\"Premier Law Group\",\"description\":\"Washington Wrongful Death and Serious Injury Lawyer\",\"publisher\":{\"@id\":\"https:\\\/\\\/plg-pllc.com\\\/#organization\"},\"inLanguage\":\"es\"},{\"@type\":\"Organization\",\"@id\":\"https:\\\/\\\/plg-pllc.com\\\/#organization\",\"name\":\"Premier Law Group\",\"url\":\"https:\\\/\\\/plg-pllc.com\\\/\",\"logo\":{\"@type\":\"ImageObject\",\"inLanguage\":\"es\",\"@id\":\"https:\\\/\\\/plg-pllc.com\\\/#\\\/schema\\\/logo\\\/image\\\/\",\"url\":\"https:\\\/\\\/plg-pllc.com\\\/wp-content\\\/uploads\\\/2020\\\/10\\\/plg-logo-v2.gif\",\"contentUrl\":\"https:\\\/\\\/plg-pllc.com\\\/wp-content\\\/uploads\\\/2020\\\/10\\\/plg-logo-v2.gif\",\"width\":592,\"height\":191,\"caption\":\"Premier Law Group\"},\"image\":{\"@id\":\"https:\\\/\\\/plg-pllc.com\\\/#\\\/schema\\\/logo\\\/image\\\/\"},\"sameAs\":[\"https:\\\/\\\/www.facebook.com\\\/premierlawgroup\",\"https:\\\/\\\/x.com\\\/premierlawgroup\"]}]}<\/script>\n<!-- \/ Yoast SEO plugin. -->","yoast_head_json":{"title":"Abogado de accidentes de tren en Washington | Revisi\u00f3n gratuita de casos","description":"Abogado de accidentes de tren en Washington: Premier Law Group lo ayuda a obtener la compensaci\u00f3n total que merece. Sin honorarios a menos que ganemos.","robots":{"index":"index","follow":"follow","max-snippet":"max-snippet:-1","max-image-preview":"max-image-preview:large","max-video-preview":"max-video-preview:-1"},"canonical":"https:\/\/plg-pllc.com\/es\/washington\/train-accident-lawyer\/","og_locale":"es_MX","og_type":"article","og_title":"Train Accident Lawyer in Washington | Free Case Review","og_description":"Washington Train Accident Lawyer: Premier Law Group helps you unlock the full compensation you deserve. No Fee Unless We Win.","og_url":"https:\/\/plg-pllc.com\/es\/washington\/train-accident-lawyer\/","og_site_name":"Premier Law Group","article_publisher":"https:\/\/www.facebook.com\/premierlawgroup","article_modified_time":"2024-10-16T18:31:48+00:00","twitter_card":"summary_large_image","twitter_site":"@premierlawgroup","twitter_misc":{"Tiempo de lectura":"4 minutos"},"schema":{"@context":"https:\/\/schema.org","@graph":[{"@type":"WebPage","@id":"https:\/\/plg-pllc.com\/washington\/train-accident-lawyer\/","url":"https:\/\/plg-pllc.com\/washington\/train-accident-lawyer\/","name":"Abogado de accidentes de tren en Washington | Revisi\u00f3n gratuita de casos","isPartOf":{"@id":"https:\/\/plg-pllc.com\/#website"},"datePublished":"2023-10-20T21:25:06+00:00","dateModified":"2024-10-16T18:31:48+00:00","description":"Abogado de accidentes de tren en Washington: Premier Law Group lo ayuda a obtener la compensaci\u00f3n total que merece. Sin honorarios a menos que ganemos.","breadcrumb":{"@id":"https:\/\/plg-pllc.com\/washington\/train-accident-lawyer\/#breadcrumb"},"inLanguage":"es","potentialAction":[{"@type":"ReadAction","target":["https:\/\/plg-pllc.com\/washington\/train-accident-lawyer\/"]}]},{"@type":"BreadcrumbList","@id":"https:\/\/plg-pllc.com\/washington\/train-accident-lawyer\/#breadcrumb","itemListElement":[{"@type":"ListItem","position":1,"name":"Home","item":"https:\/\/plg-pllc.com\/es\/"},{"@type":"ListItem","position":2,"name":"Bellevue Personal Injury Lawyer","item":"https:\/\/plg-pllc.com\/es\/"},{"@type":"ListItem","position":3,"name":"Washington Train Accident Lawyer"}]},{"@type":"WebSite","@id":"https:\/\/plg-pllc.com\/#website","url":"https:\/\/plg-pllc.com\/","name":"Grupo de abogados Premier","description":"Abogado de muerte por negligencia y lesiones graves en Washington","publisher":{"@id":"https:\/\/plg-pllc.com\/#organization"},"inLanguage":"es"},{"@type":"Organization","@id":"https:\/\/plg-pllc.com\/#organization","name":"Grupo de abogados Premier","url":"https:\/\/plg-pllc.com\/","logo":{"@type":"ImageObject","inLanguage":"es","@id":"https:\/\/plg-pllc.com\/#\/schema\/logo\/image\/","url":"https:\/\/plg-pllc.com\/wp-content\/uploads\/2020\/10\/plg-logo-v2.gif","contentUrl":"https:\/\/plg-pllc.com\/wp-content\/uploads\/2020\/10\/plg-logo-v2.gif","width":592,"height":191,"caption":"Premier Law Group"},"image":{"@id":"https:\/\/plg-pllc.com\/#\/schema\/logo\/image\/"},"sameAs":["https:\/\/www.facebook.com\/premierlawgroup","https:\/\/x.com\/premierlawgroup"]}]}},"_links":{"self":[{"href":"https:\/\/plg-pllc.com\/es\/wp-json\/wp\/v2\/pages\/20130","targetHints":{"allow":["GET"]}}],"collection":[{"href":"https:\/\/plg-pllc.com\/es\/wp-json\/wp\/v2\/pages"}],"about":[{"href":"https:\/\/plg-pllc.com\/es\/wp-json\/wp\/v2\/types\/page"}],"author":[{"embeddable":true,"href":"https:\/\/plg-pllc.com\/es\/wp-json\/wp\/v2\/users\/24"}],"replies":[{"embeddable":true,"href":"https:\/\/plg-pllc.com\/es\/wp-json\/wp\/v2\/comments?post=20130"}],"version-history":[{"count":0,"href":"https:\/\/plg-pllc.com\/es\/wp-json\/wp\/v2\/pages\/20130\/revisions"}],"up":[{"embeddable":true,"href":"https:\/\/plg-pllc.com\/es\/wp-json\/wp\/v2\/pages\/18067"}],"wp:attachment":[{"href":"https:\/\/plg-pllc.com\/es\/wp-json\/wp\/v2\/media?parent=20130"}],"wp:term":[{"taxonomy":"hc_faqs","embeddable":true,"href":"https:\/\/plg-pllc.com\/es\/wp-json\/wp\/v2\/hc_faqs?post=20130"}],"curies":[{"name":"gracias","href":"https:\/\/api.w.org\/{rel}","templated":true}]}}