{"id":20167,"date":"2023-11-27T09:14:07","date_gmt":"2023-11-27T17:14:07","guid":{"rendered":"https:\/\/plg-pllc.com\/?page_id=20167"},"modified":"2024-10-14T23:48:54","modified_gmt":"2024-10-15T06:48:54","slug":"pedestrian-accidents-2-2","status":"publish","type":"page","link":"https:\/\/plg-pllc.com\/es\/seattle\/pedestrian-accident-lawyer\/","title":{"rendered":"Abogado de accidentes de peatones en Seattle"},"content":{"rendered":"<h2>Entender los accidentes de peatones en Seattle, Washington<\/h2>\r\n<p>Los accidentes de peatones en Seattle no son solo estad\u00edsticas; son tragedias personales que alteran vidas. Las bulliciosas calles de Seattle, a pesar de su belleza y vitalidad, plantean riesgos significativos para los peatones. El creciente n\u00famero de accidentes de peatones en Seattle, en particular en \u00e1reas como South King County, donde las muertes de peatones han aumentado de manera alarmante, resalta la urgencia de contar con asistencia legal experta.<\/p>\r\n<p>Si se est\u00e1 recuperando de un accidente peatonal en Seattle, comprendemos la situaci\u00f3n por la que est\u00e1 pasando. Es una experiencia angustiante y usted merece un socio que pueda guiarlo en estos momentos dif\u00edciles. <strong>Grupo de abogados Premier<\/strong> est\u00e1 aqu\u00ed para ofrecerle exactamente eso: una combinaci\u00f3n de empat\u00eda y asesoramiento legal experto.<\/p>\r\n<h2>Informaci\u00f3n legal adaptada a su recuperaci\u00f3n en Seattle<\/h2>\r\n<p>Nuestro equipo de abogados expertos en accidentes de peatones est\u00e1 muy familiarizado con los desaf\u00edos y las complejidades legales particulares de Seattle. No somos un bufete de abogados cualquiera de Washington; somos un equipo profundamente arraigado en la comunidad de Seattle, que comprende sus carreteras, sus leyes y sus desaf\u00edos.<\/p>\r\n<p>En esta p\u00e1gina, encontrar\u00e1 informaci\u00f3n sobre c\u00f3mo proteger su reclamo, respuestas a preguntas frecuentes sobre accidentes peatonales en Seattle y lo que puede esperar cuando se comunique con nosotros para una consulta.<\/p>\r\n<h2>C\u00f3mo desplazarse por las calles de Seattle: causas comunes y pasos para la recuperaci\u00f3n<\/h2>\r\n<p>En Seattle, los accidentes peatonales suelen ocurrir en calles de la ciudad, estacionamientos e intersecciones concurridas. Factores como veh\u00edculos de gran tama\u00f1o, conducci\u00f3n a alta velocidad y conductores distra\u00eddos contribuyen significativamente a estos accidentes. Las lesiones m\u00e1s comunes var\u00edan desde traumatismos cerebrales y lesiones de la m\u00e9dula espinal hasta lesiones f\u00edsicas m\u00e1s visibles, como huesos rotos y laceraciones faciales. Las repercusiones mentales y psicol\u00f3gicas tambi\u00e9n son profundas y requieren una atenci\u00f3n integral.<\/p>\r\n<p>Sin un abogado competente en accidentes de peatones en Seattle, es posible que tenga dificultades para acceder a los recursos necesarios para una recuperaci\u00f3n completa. Esto incluye lidiar con la p\u00e9rdida de ingresos y los crecientes gastos m\u00e9dicos bajo la sombra del estr\u00e9s financiero.<\/p>\r\n\n        <div class=\"rs-content-cta long\">\n            <p>Para una consulta legal GRATUITA con un abogado especializado en accidentes peatonales que preste servicios en Seattle, llame al <a href=\"tel:+12062851743\">(206) 285-1743 <\/a><\/p>\n            <a href=\"https:\/\/plg-pllc.com\/es\/contact-us\/\" title=\"OBTENGA UNA EVALUACI\u00d3N DE CASO GRATUITA\" class=\"btn-global\">OBTENGA UNA EVALUACI\u00d3N DE CASO GRATUITA<\/a>\n                    <picture>\n                            <source srcset=\"https:\/\/plg-pllc.com\/wp-content\/themes\/plg-pllc-redesign\/assets\/app\/img\/cta-thumb.webp\" type=\"image\/webp\"\/>\n                            <img src=\"https:\/\/plg-pllc.com\/wp-content\/themes\/plg-pllc-redesign\/assets\/app\/img\/cta-thumb.png\" alt=\"Grupo de abogados Premier\" title=\"Grupo de abogados Premier\" width=\"245\" height=\"220\" loading=\"auto\" fetchpriority=\"auto\" decoding=\"async\"\/>\n        <\/picture>\n        \n        <\/div><h2>Su defensor de una compensaci\u00f3n justa en Seattle<\/h2>\r\n<p>Nos aseguramos de que su demanda por accidente peatonal en Seattle est\u00e9 reforzada. Re\u00fana pruebas, documente las declaraciones de los testigos y obtenga todas las grabaciones de vigilancia o del 911 disponibles. En el complejo paisaje urbano de Seattle, estos detalles pueden marcar una diferencia significativa en su caso.<\/p>\r\n<h2>Perspectivas sobre procesos legales espec\u00edficos de Seattle<\/h2>\r\n<p>Su reclamaci\u00f3n por accidente peatonal en Seattle tiene sus particularidades. Por ejemplo, incluso si estaba cruzando una calle sin un paso de peatones marcado cuando ocurri\u00f3 el incidente, las leyes de Seattle brindan ciertas protecciones. Comprender estos matices es crucial, y ah\u00ed es donde entra en juego nuestra experiencia.<\/p>\r\n<h2>Premier Law Group: su camino hacia la justicia en Seattle<\/h2>\r\n<p>En <strong>Grupo de abogados Premier<\/strong>Encarnamos el esp\u00edritu de Seattle: resilientes, dedicados y centrados en la comunidad. Cuando se comunica con nosotros, habla directamente con abogados que comprenden tanto el panorama legal como las calles de Seattle. Nuestro enfoque es transparente, sensato y emp\u00e1tico.<\/p>\r\n<p>Creemos en brindarle informaci\u00f3n sobre sus opciones legales en Seattle, ya sea que lo representemos o no. Para una revisi\u00f3n integral de su caso sobre su accidente peatonal en Seattle, cont\u00e1ctenos en <strong>206.285.1743<\/strong>Hagamos de su viaje hacia la recuperaci\u00f3n una misi\u00f3n compartida.<\/p>\r\n<h3>Llame al 206.285.1743 para una revisi\u00f3n gratuita de su caso de accidente de peat\u00f3n en Seattle hoy mismo<\/h3>\r\n\n        <div class=\"rs-content-cta\">\n            <p>Llamar o enviar mensaje de texto <a href=\"tel:+12062851743\">(206) 285-1743<\/a> o complete un formulario de evaluaci\u00f3n de caso gratuito<\/p>\n            <a href=\"https:\/\/plg-pllc.com\/es\/contact-us\/\" title=\"OBTENGA UNA EVALUACI\u00d3N DE CASO GRATUITA\" class=\"btn-global\">OBTENGA UNA EVALUACI\u00d3N DE CASO GRATUITA<\/a>\n                    <picture>\n                            <source srcset=\"https:\/\/plg-pllc.com\/wp-content\/themes\/plg-pllc-redesign\/assets\/app\/img\/cta-thumb.webp\" type=\"image\/webp\"\/>\n                            <img src=\"https:\/\/plg-pllc.com\/wp-content\/themes\/plg-pllc-redesign\/assets\/app\/img\/cta-thumb.png\" alt=\"Grupo de abogados Premier\" title=\"Grupo de abogados Premier\" width=\"245\" height=\"220\" loading=\"auto\" fetchpriority=\"auto\" decoding=\"async\"\/>\n        <\/picture>\n        \n        <\/div>","protected":false},"excerpt":{"rendered":"<p>Entender los accidentes de peatones en Seattle, Washington Los accidentes de peatones en Seattle no son solo estad\u00edsticas; son tragedias personales que alteran vidas. Las bulliciosas calles de Seattle, a pesar de su belleza y vitalidad, plantean riesgos significativos para los peatones. El creciente n\u00famero de accidentes de peatones en Seattle, particularmente en \u00e1reas como South King County, donde las muertes de peatones han aumentado de manera alarmante...<\/p>","protected":false},"author":2,"featured_media":0,"parent":20122,"menu_order":0,"comment_status":"closed","ping_status":"closed","template":"","meta":{"_acf_changed":false,"_genesis_hide_title":false,"_genesis_hide_breadcrumbs":false,"_genesis_hide_singular_image":false,"_genesis_hide_footer_widgets":false,"_genesis_custom_body_class":"","_genesis_custom_post_class":"","_genesis_layout":"","footnotes":""},"hc_faqs":[],"class_list":{"0":"post-20167","1":"page","2":"type-page","3":"status-publish","5":"hc_city_location-seattle","6":"entry"},"acf":[],"yoast_head":"<!-- This site is optimized with the Yoast SEO plugin v27.2 - https:\/\/yoast.com\/product\/yoast-seo-wordpress\/ -->\n<title>Pedestrian Accident Lawyer in Seattle | Free Case Review<\/title>\n<meta name=\"description\" content=\"Seattle Pedestrian Accident Lawyer: Premier Law Group helps you unlock the full compensation you deserve. No Fee Unless We Win.\" \/>\n<meta name=\"robots\" content=\"index, follow, max-snippet:-1, max-image-preview:large, max-video-preview:-1\" \/>\n<link rel=\"canonical\" href=\"https:\/\/plg-pllc.com\/es\/seattle\/pedestrian-accident-lawyer\/\" \/>\n<meta property=\"og:locale\" content=\"es_MX\" \/>\n<meta property=\"og:type\" content=\"article\" \/>\n<meta property=\"og:title\" content=\"Pedestrian Accident Lawyer in Seattle | Free Case Review\" \/>\n<meta property=\"og:description\" content=\"Seattle Pedestrian Accident Lawyer: Premier Law Group helps you unlock the full compensation you deserve. No Fee Unless We Win.\" \/>\n<meta property=\"og:url\" content=\"https:\/\/plg-pllc.com\/es\/seattle\/pedestrian-accident-lawyer\/\" \/>\n<meta property=\"og:site_name\" content=\"Premier Law Group\" \/>\n<meta property=\"article:publisher\" content=\"https:\/\/www.facebook.com\/premierlawgroup\" \/>\n<meta property=\"article:modified_time\" content=\"2024-10-15T06:48:54+00:00\" \/>\n<meta name=\"twitter:card\" content=\"summary_large_image\" \/>\n<meta name=\"twitter:site\" content=\"@premierlawgroup\" \/>\n<meta name=\"twitter:label1\" content=\"Tiempo de lectura\" \/>\n\t<meta name=\"twitter:data1\" content=\"3 minutos\" \/>\n<script type=\"application\/ld+json\" class=\"yoast-schema-graph\">{\"@context\":\"https:\/\/schema.org\",\"@graph\":[{\"@type\":\"WebPage\",\"@id\":\"https:\/\/plg-pllc.com\/seattle\/pedestrian-accident-lawyer\/\",\"url\":\"https:\/\/plg-pllc.com\/seattle\/pedestrian-accident-lawyer\/\",\"name\":\"Pedestrian Accident Lawyer in Seattle | Free Case Review\",\"isPartOf\":{\"@id\":\"https:\/\/plg-pllc.com\/#website\"},\"datePublished\":\"2023-11-27T17:14:07+00:00\",\"dateModified\":\"2024-10-15T06:48:54+00:00\",\"description\":\"Seattle Pedestrian Accident Lawyer: Premier Law Group helps you unlock the full compensation you deserve. No Fee Unless We Win.\",\"breadcrumb\":{\"@id\":\"https:\/\/plg-pllc.com\/seattle\/pedestrian-accident-lawyer\/#breadcrumb\"},\"inLanguage\":\"es\",\"potentialAction\":[{\"@type\":\"ReadAction\",\"target\":[\"https:\/\/plg-pllc.com\/seattle\/pedestrian-accident-lawyer\/\"]}]},{\"@type\":\"BreadcrumbList\",\"@id\":\"https:\/\/plg-pllc.com\/seattle\/pedestrian-accident-lawyer\/#breadcrumb\",\"itemListElement\":[{\"@type\":\"ListItem\",\"position\":1,\"name\":\"Home\",\"item\":\"https:\/\/plg-pllc.com\/es\/\"},{\"@type\":\"ListItem\",\"position\":2,\"name\":\"Seattle Personal Injury Lawyer\",\"item\":\"https:\/\/plg-pllc.com\/es\/seattle\/personal-injury-lawyer\/\"},{\"@type\":\"ListItem\",\"position\":3,\"name\":\"Seattle Pedestrian Accident Lawyer\"}]},{\"@type\":\"WebSite\",\"@id\":\"https:\/\/plg-pllc.com\/#website\",\"url\":\"https:\/\/plg-pllc.com\/\",\"name\":\"Premier Law Group\",\"description\":\"Washington Wrongful Death and Serious Injury Lawyer\",\"publisher\":{\"@id\":\"https:\/\/plg-pllc.com\/#organization\"},\"inLanguage\":\"es\"},{\"@type\":\"Organization\",\"@id\":\"https:\/\/plg-pllc.com\/#organization\",\"name\":\"Premier Law Group\",\"url\":\"https:\/\/plg-pllc.com\/\",\"logo\":{\"@type\":\"ImageObject\",\"inLanguage\":\"es\",\"@id\":\"https:\/\/plg-pllc.com\/#\/schema\/logo\/image\/\",\"url\":\"https:\/\/plg-pllc.com\/wp-content\/uploads\/2020\/10\/plg-logo-v2.gif\",\"contentUrl\":\"https:\/\/plg-pllc.com\/wp-content\/uploads\/2020\/10\/plg-logo-v2.gif\",\"width\":592,\"height\":191,\"caption\":\"Premier Law Group\"},\"image\":{\"@id\":\"https:\/\/plg-pllc.com\/#\/schema\/logo\/image\/\"},\"sameAs\":[\"https:\/\/www.facebook.com\/premierlawgroup\",\"https:\/\/x.com\/premierlawgroup\"]}]}<\/script>\n<!-- \/ Yoast SEO plugin. -->","yoast_head_json":{"title":"Abogado de accidentes de peatones en Seattle | Revisi\u00f3n gratuita de casos","description":"Abogado de accidentes de peatones en Seattle: Premier Law Group lo ayuda a obtener la compensaci\u00f3n total que merece. Sin honorarios a menos que ganemos.","robots":{"index":"index","follow":"follow","max-snippet":"max-snippet:-1","max-image-preview":"max-image-preview:large","max-video-preview":"max-video-preview:-1"},"canonical":"https:\/\/plg-pllc.com\/es\/seattle\/pedestrian-accident-lawyer\/","og_locale":"es_MX","og_type":"article","og_title":"Pedestrian Accident Lawyer in Seattle | Free Case Review","og_description":"Seattle Pedestrian Accident Lawyer: Premier Law Group helps you unlock the full compensation you deserve. No Fee Unless We Win.","og_url":"https:\/\/plg-pllc.com\/es\/seattle\/pedestrian-accident-lawyer\/","og_site_name":"Premier Law Group","article_publisher":"https:\/\/www.facebook.com\/premierlawgroup","article_modified_time":"2024-10-15T06:48:54+00:00","twitter_card":"summary_large_image","twitter_site":"@premierlawgroup","twitter_misc":{"Tiempo de lectura":"3 minutos"},"schema":{"@context":"https:\/\/schema.org","@graph":[{"@type":"WebPage","@id":"https:\/\/plg-pllc.com\/seattle\/pedestrian-accident-lawyer\/","url":"https:\/\/plg-pllc.com\/seattle\/pedestrian-accident-lawyer\/","name":"Abogado de accidentes de peatones en Seattle | Revisi\u00f3n gratuita de casos","isPartOf":{"@id":"https:\/\/plg-pllc.com\/#website"},"datePublished":"2023-11-27T17:14:07+00:00","dateModified":"2024-10-15T06:48:54+00:00","description":"Abogado de accidentes de peatones en Seattle: Premier Law Group lo ayuda a obtener la compensaci\u00f3n total que merece. Sin honorarios a menos que ganemos.","breadcrumb":{"@id":"https:\/\/plg-pllc.com\/seattle\/pedestrian-accident-lawyer\/#breadcrumb"},"inLanguage":"es","potentialAction":[{"@type":"ReadAction","target":["https:\/\/plg-pllc.com\/seattle\/pedestrian-accident-lawyer\/"]}]},{"@type":"BreadcrumbList","@id":"https:\/\/plg-pllc.com\/seattle\/pedestrian-accident-lawyer\/#breadcrumb","itemListElement":[{"@type":"ListItem","position":1,"name":"Home","item":"https:\/\/plg-pllc.com\/es\/"},{"@type":"ListItem","position":2,"name":"Seattle Personal Injury Lawyer","item":"https:\/\/plg-pllc.com\/es\/seattle\/personal-injury-lawyer\/"},{"@type":"ListItem","position":3,"name":"Seattle Pedestrian Accident Lawyer"}]},{"@type":"WebSite","@id":"https:\/\/plg-pllc.com\/#website","url":"https:\/\/plg-pllc.com\/","name":"Grupo de abogados Premier","description":"Abogado de muerte por negligencia y lesiones graves en Washington","publisher":{"@id":"https:\/\/plg-pllc.com\/#organization"},"inLanguage":"es"},{"@type":"Organization","@id":"https:\/\/plg-pllc.com\/#organization","name":"Grupo de abogados Premier","url":"https:\/\/plg-pllc.com\/","logo":{"@type":"ImageObject","inLanguage":"es","@id":"https:\/\/plg-pllc.com\/#\/schema\/logo\/image\/","url":"https:\/\/plg-pllc.com\/wp-content\/uploads\/2020\/10\/plg-logo-v2.gif","contentUrl":"https:\/\/plg-pllc.com\/wp-content\/uploads\/2020\/10\/plg-logo-v2.gif","width":592,"height":191,"caption":"Premier Law Group"},"image":{"@id":"https:\/\/plg-pllc.com\/#\/schema\/logo\/image\/"},"sameAs":["https:\/\/www.facebook.com\/premierlawgroup","https:\/\/x.com\/premierlawgroup"]}]}},"_links":{"self":[{"href":"https:\/\/plg-pllc.com\/es\/wp-json\/wp\/v2\/pages\/20167","targetHints":{"allow":["GET"]}}],"collection":[{"href":"https:\/\/plg-pllc.com\/es\/wp-json\/wp\/v2\/pages"}],"about":[{"href":"https:\/\/plg-pllc.com\/es\/wp-json\/wp\/v2\/types\/page"}],"author":[{"embeddable":true,"href":"https:\/\/plg-pllc.com\/es\/wp-json\/wp\/v2\/users\/2"}],"replies":[{"embeddable":true,"href":"https:\/\/plg-pllc.com\/es\/wp-json\/wp\/v2\/comments?post=20167"}],"version-history":[{"count":0,"href":"https:\/\/plg-pllc.com\/es\/wp-json\/wp\/v2\/pages\/20167\/revisions"}],"up":[{"embeddable":true,"href":"https:\/\/plg-pllc.com\/es\/wp-json\/wp\/v2\/pages\/20122"}],"wp:attachment":[{"href":"https:\/\/plg-pllc.com\/es\/wp-json\/wp\/v2\/media?parent=20167"}],"wp:term":[{"taxonomy":"hc_faqs","embeddable":true,"href":"https:\/\/plg-pllc.com\/es\/wp-json\/wp\/v2\/hc_faqs?post=20167"}],"curies":[{"name":"gracias","href":"https:\/\/api.w.org\/{rel}","templated":true}]}}