{"id":20170,"date":"2023-11-27T13:25:15","date_gmt":"2023-11-27T21:25:15","guid":{"rendered":"https:\/\/plg-pllc.com\/?page_id=20170"},"modified":"2024-10-15T09:28:12","modified_gmt":"2024-10-15T16:28:12","slug":"child-injury-lawyer","status":"publish","type":"page","link":"https:\/\/plg-pllc.com\/es\/federal-way\/child-injury-lawyer\/","title":{"rendered":"Abogado de lesiones infantiles en Federal Way"},"content":{"rendered":"<h2>Entender las lesiones infantiles en Federal Way, Washington<\/h2>\r\n<p>En Federal Way, el panorama de las lesiones de menores y de menores refleja desaf\u00edos locales \u00fanicos. Aqu\u00ed, las lesiones personales a menores de 18 a\u00f1os pueden surgir a menudo de incidentes relacionados con los deportes, accidentes de tr\u00e1nsito y, lamentablemente, casos de abuso. Estos incidentes requieren un enfoque legal especializado debido a la vulnerabilidad de este grupo de edad. Los impactos f\u00edsicos, psicol\u00f3gicos y de desarrollo de dichas lesiones pueden tener efectos profundos y duraderos en la vida de un ni\u00f1o.<\/p>\r\n<h2>El papel de los padres en la tramitaci\u00f3n de demandas por lesiones a menores en Federal Way<\/h2>\r\n<p>En Federal Way, cuando un ni\u00f1o sufre una lesi\u00f3n, la participaci\u00f3n de un padre o tutor se vuelve crucial en los procedimientos legales. La complejidad de los casos que involucran a menores en Federal Way, desde lesiones deportivas hasta accidentes automovil\u00edsticos, exige un enfoque centrado en la familia. Si su hijo ha resultado herido debido a la negligencia de otra persona, es imperativo comprender que su familia puede tener un reclamo legal v\u00e1lido. Nuestros abogados de lesiones infantiles de Federal Way est\u00e1n aqu\u00ed para guiarlo a trav\u00e9s de este proceso con empat\u00eda y experiencia.<\/p>\r\n<h3>Principales causas de lesiones infantiles en Federal Way y sus implicaciones legales<\/h3>\r\n<ul>\r\n  <li><strong>Lesiones relacionadas con veh\u00edculos:<\/strong> Federal Way no es inmune a los riesgos de accidentes automovil\u00edsticos que involucran a menores. Estos incidentes a menudo involucran problemas complejos de negligencia, especialmente con conductores adolescentes en riesgo debido a su inexperiencia. Nuestra firma est\u00e1 comprometida a defender pr\u00e1cticas de conducci\u00f3n m\u00e1s seguras entre los j\u00f3venes de Federal Way, incluso a trav\u00e9s de nuestra iniciativa Teens Against Distracted Driving (Adolescentes contra la conducci\u00f3n distra\u00edda).<\/li>\r\n  <li><strong>Lesiones relacionadas con los deportes y los patios de recreo:<\/strong> En Federal Way, las lesiones en los parques infantiles y las instalaciones deportivas son una preocupaci\u00f3n importante. Si bien no todas las lesiones dan lugar a acciones legales, los casos de negligencia evidente, como el mantenimiento deficiente de las instalaciones o la supervisi\u00f3n inadecuada, pueden justificar una demanda por lesiones personales.<\/li>\r\n  <li><strong>Seguridad en el agua y lesiones infantiles:<\/strong> Dada la proximidad de Federal Way a los cuerpos de agua, los incidentes relacionados con el agua son una preocupaci\u00f3n importante. Las lesiones causadas por medidas de seguridad inadecuadas en las piscinas o en las playas pueden dar lugar a demandas legales, especialmente en casos de negligencia que provoquen ahogamientos u otros incidentes graves.<\/li>\r\n<\/ul>\r\n<h2>Medidas inmediatas que deben tomar los padres de un ni\u00f1o de Federal Way tras sufrir una lesi\u00f3n<\/h2>\r\n<p>En primer lugar, aseg\u00farese de que su hijo reciba la atenci\u00f3n m\u00e9dica necesaria. Documente cada detalle del incidente, incluidas las declaraciones de los testigos y las fotograf\u00edas. Luego, consulte con un abogado especializado en lesiones infantiles de Federal Way que pueda evaluar su caso y aconsejarle sobre el mejor curso de acci\u00f3n.<\/p>\r\n\n        <div class=\"rs-content-cta long\">\n            <p>Para una consulta legal GRATUITA con un abogado de lesiones infantiles que preste servicios en Federal Way, llame al <a href=\"tel:+12062851743\">(206) 285-1743 <\/a><\/p>\n            <a href=\"https:\/\/plg-pllc.com\/es\/contact-us\/\" title=\"OBTENGA UNA EVALUACI\u00d3N DE CASO GRATUITA\" class=\"btn-global\">OBTENGA UNA EVALUACI\u00d3N DE CASO GRATUITA<\/a>\n                    <picture>\n                            <source srcset=\"https:\/\/plg-pllc.com\/wp-content\/themes\/plg-pllc-redesign\/assets\/app\/img\/cta-thumb.webp\" type=\"image\/webp\"\/>\n                            <img src=\"https:\/\/plg-pllc.com\/wp-content\/themes\/plg-pllc-redesign\/assets\/app\/img\/cta-thumb.png\" alt=\"Grupo de abogados Premier\" title=\"Grupo de abogados Premier\" width=\"245\" height=\"220\" loading=\"auto\" fetchpriority=\"auto\" decoding=\"async\"\/>\n        <\/picture>\n        \n        <\/div><h2>C\u00f3mo Premier Law Group ayuda a los menores lesionados de Federal Way<\/h2>\r\n<p>Comprendemos el profundo impacto que tiene la lesi\u00f3n de un ni\u00f1o en una familia de Federal Way. Nuestro equipo ofrece apoyo integral, desde evaluaciones gratuitas de casos hasta la navegaci\u00f3n por las complejidades legales espec\u00edficas de las leyes y regulaciones de Federal Way. Nos comprometemos a ayudar a su familia a encontrar un camino hacia la recuperaci\u00f3n y la justicia.<\/p>\r\n<h2>Premier Law Group: defensores compasivos de la seguridad infantil en Federal Way<\/h2>\r\n<p>Como el principal bufete de abogados especializado en lesiones personales de Federal Way, nos especializamos en casos de lesiones infantiles con un compromiso con la comunidad. Nuestra triple garant\u00eda asegura un contacto directo con el abogado, una experiencia de primera calidad para el cliente y una &quot;garant\u00eda de honorarios cero&quot; a menos que ganemos su caso.<\/p>\r\n<h2>Comun\u00edquese con nuestros expertos en lesiones infantiles de Federal Way para una evaluaci\u00f3n gratuita de su caso<\/h2>\r\n<p>Estamos aqu\u00ed para ofrecerle apoyo y tranquilidad. Cont\u00e1ctenos para una evaluaci\u00f3n sin costo del caso de lesiones de su hijo en Federal Way. Perm\u00edtanos ayudarlo a comprender sus opciones legales y a atravesar este momento dif\u00edcil. Llame al 206.285.1743 hoy.<\/p>\r\n\n        <div class=\"rs-content-cta\">\n            <p>Llamar o enviar mensaje de texto <a href=\"tel:+12062851743\">(206) 285-1743<\/a> o complete un formulario de evaluaci\u00f3n de caso gratuito<\/p>\n            <a href=\"https:\/\/plg-pllc.com\/es\/contact-us\/\" title=\"OBTENGA UNA EVALUACI\u00d3N DE CASO GRATUITA\" class=\"btn-global\">OBTENGA UNA EVALUACI\u00d3N DE CASO GRATUITA<\/a>\n                    <picture>\n                            <source srcset=\"https:\/\/plg-pllc.com\/wp-content\/themes\/plg-pllc-redesign\/assets\/app\/img\/cta-thumb.webp\" type=\"image\/webp\"\/>\n                            <img src=\"https:\/\/plg-pllc.com\/wp-content\/themes\/plg-pllc-redesign\/assets\/app\/img\/cta-thumb.png\" alt=\"Grupo de abogados Premier\" title=\"Grupo de abogados Premier\" width=\"245\" height=\"220\" loading=\"auto\" fetchpriority=\"auto\" decoding=\"async\"\/>\n        <\/picture>\n        \n        <\/div>","protected":false},"excerpt":{"rendered":"<p>En Federal Way, Washington, el panorama de las lesiones infantiles y de menores refleja desaf\u00edos locales \u00fanicos. Aqu\u00ed, las lesiones personales a menores de 18 a\u00f1os a menudo pueden surgir de incidentes relacionados con deportes, accidentes de tr\u00e1nsito y, lamentablemente, casos de abuso. Estos incidentes requieren un enfoque legal especializado debido a la vulnerabilidad de esta edad\u2026<\/p>","protected":false},"author":10,"featured_media":0,"parent":20716,"menu_order":0,"comment_status":"closed","ping_status":"closed","template":"","meta":{"_acf_changed":false,"_genesis_hide_title":false,"_genesis_hide_breadcrumbs":false,"_genesis_hide_singular_image":false,"_genesis_hide_footer_widgets":false,"_genesis_custom_body_class":"","_genesis_custom_post_class":"","_genesis_layout":"","footnotes":""},"hc_faqs":[],"class_list":{"0":"post-20170","1":"page","2":"type-page","3":"status-publish","5":"hc_city_location-federal-way","6":"entry"},"acf":[],"yoast_head":"<!-- This site is optimized with the Yoast SEO plugin v27.4 - https:\/\/yoast.com\/product\/yoast-seo-wordpress\/ -->\n<title>Child Injury Lawyer in Federal Way | Free Case Review<\/title>\n<meta name=\"description\" content=\"Seek dedicated legal support in Federal Way for child injury cases. Our expert lawyers specialize in sports, car accident, and abuse-related injuries.\" \/>\n<meta name=\"robots\" content=\"index, follow, max-snippet:-1, max-image-preview:large, max-video-preview:-1\" \/>\n<link rel=\"canonical\" href=\"https:\/\/plg-pllc.com\/es\/federal-way\/child-injury-lawyer\/\" \/>\n<meta property=\"og:locale\" content=\"es_MX\" \/>\n<meta property=\"og:type\" content=\"article\" \/>\n<meta property=\"og:title\" content=\"Child Injury Lawyer in Federal Way | Free Case Review\" \/>\n<meta property=\"og:description\" content=\"Seek dedicated legal support in Federal Way for child injury cases. Our expert lawyers specialize in sports, car accident, and abuse-related injuries.\" \/>\n<meta property=\"og:url\" content=\"https:\/\/plg-pllc.com\/es\/federal-way\/child-injury-lawyer\/\" \/>\n<meta property=\"og:site_name\" content=\"Premier Law Group\" \/>\n<meta property=\"article:publisher\" content=\"https:\/\/www.facebook.com\/premierlawgroup\" \/>\n<meta property=\"article:modified_time\" content=\"2024-10-15T16:28:12+00:00\" \/>\n<meta name=\"twitter:card\" content=\"summary_large_image\" \/>\n<meta name=\"twitter:site\" content=\"@premierlawgroup\" \/>\n<meta name=\"twitter:label1\" content=\"Tiempo de lectura\" \/>\n\t<meta name=\"twitter:data1\" content=\"3 minutos\" \/>\n<script type=\"application\/ld+json\" class=\"yoast-schema-graph\">{\"@context\":\"https:\\\/\\\/schema.org\",\"@graph\":[{\"@type\":\"WebPage\",\"@id\":\"https:\\\/\\\/plg-pllc.com\\\/federal-way\\\/child-injury-lawyer\\\/\",\"url\":\"https:\\\/\\\/plg-pllc.com\\\/federal-way\\\/child-injury-lawyer\\\/\",\"name\":\"Child Injury Lawyer in Federal Way | Free Case Review\",\"isPartOf\":{\"@id\":\"https:\\\/\\\/plg-pllc.com\\\/#website\"},\"datePublished\":\"2023-11-27T21:25:15+00:00\",\"dateModified\":\"2024-10-15T16:28:12+00:00\",\"description\":\"Seek dedicated legal support in Federal Way for child injury cases. Our expert lawyers specialize in sports, car accident, and abuse-related injuries.\",\"breadcrumb\":{\"@id\":\"https:\\\/\\\/plg-pllc.com\\\/federal-way\\\/child-injury-lawyer\\\/#breadcrumb\"},\"inLanguage\":\"es\",\"potentialAction\":[{\"@type\":\"ReadAction\",\"target\":[\"https:\\\/\\\/plg-pllc.com\\\/federal-way\\\/child-injury-lawyer\\\/\"]}]},{\"@type\":\"BreadcrumbList\",\"@id\":\"https:\\\/\\\/plg-pllc.com\\\/federal-way\\\/child-injury-lawyer\\\/#breadcrumb\",\"itemListElement\":[{\"@type\":\"ListItem\",\"position\":1,\"name\":\"Home\",\"item\":\"https:\\\/\\\/plg-pllc.com\\\/es\\\/\"},{\"@type\":\"ListItem\",\"position\":2,\"name\":\"Federal Way Personal Injury Lawyer\",\"item\":\"https:\\\/\\\/plg-pllc.com\\\/es\\\/federal-way\\\/personal-injury-lawyer\\\/\"},{\"@type\":\"ListItem\",\"position\":3,\"name\":\"Federal Way Child Injury Lawyer\"}]},{\"@type\":\"WebSite\",\"@id\":\"https:\\\/\\\/plg-pllc.com\\\/#website\",\"url\":\"https:\\\/\\\/plg-pllc.com\\\/\",\"name\":\"Premier Law Group\",\"description\":\"Washington Wrongful Death and Serious Injury Lawyer\",\"publisher\":{\"@id\":\"https:\\\/\\\/plg-pllc.com\\\/#organization\"},\"inLanguage\":\"es\"},{\"@type\":\"Organization\",\"@id\":\"https:\\\/\\\/plg-pllc.com\\\/#organization\",\"name\":\"Premier Law Group\",\"url\":\"https:\\\/\\\/plg-pllc.com\\\/\",\"logo\":{\"@type\":\"ImageObject\",\"inLanguage\":\"es\",\"@id\":\"https:\\\/\\\/plg-pllc.com\\\/#\\\/schema\\\/logo\\\/image\\\/\",\"url\":\"https:\\\/\\\/plg-pllc.com\\\/wp-content\\\/uploads\\\/2020\\\/10\\\/plg-logo-v2.gif\",\"contentUrl\":\"https:\\\/\\\/plg-pllc.com\\\/wp-content\\\/uploads\\\/2020\\\/10\\\/plg-logo-v2.gif\",\"width\":592,\"height\":191,\"caption\":\"Premier Law Group\"},\"image\":{\"@id\":\"https:\\\/\\\/plg-pllc.com\\\/#\\\/schema\\\/logo\\\/image\\\/\"},\"sameAs\":[\"https:\\\/\\\/www.facebook.com\\\/premierlawgroup\",\"https:\\\/\\\/x.com\\\/premierlawgroup\"]}]}<\/script>\n<!-- \/ Yoast SEO plugin. -->","yoast_head_json":{"title":"Abogado de lesiones infantiles en Federal Way | Revisi\u00f3n gratuita de casos","description":"Busque asistencia legal especializada en Federal Way para casos de lesiones infantiles. Nuestros abogados expertos se especializan en lesiones relacionadas con deportes, accidentes automovil\u00edsticos y abusos.","robots":{"index":"index","follow":"follow","max-snippet":"max-snippet:-1","max-image-preview":"max-image-preview:large","max-video-preview":"max-video-preview:-1"},"canonical":"https:\/\/plg-pllc.com\/es\/federal-way\/child-injury-lawyer\/","og_locale":"es_MX","og_type":"article","og_title":"Child Injury Lawyer in Federal Way | Free Case Review","og_description":"Seek dedicated legal support in Federal Way for child injury cases. Our expert lawyers specialize in sports, car accident, and abuse-related injuries.","og_url":"https:\/\/plg-pllc.com\/es\/federal-way\/child-injury-lawyer\/","og_site_name":"Premier Law Group","article_publisher":"https:\/\/www.facebook.com\/premierlawgroup","article_modified_time":"2024-10-15T16:28:12+00:00","twitter_card":"summary_large_image","twitter_site":"@premierlawgroup","twitter_misc":{"Tiempo de lectura":"3 minutos"},"schema":{"@context":"https:\/\/schema.org","@graph":[{"@type":"WebPage","@id":"https:\/\/plg-pllc.com\/federal-way\/child-injury-lawyer\/","url":"https:\/\/plg-pllc.com\/federal-way\/child-injury-lawyer\/","name":"Abogado de lesiones infantiles en Federal Way | Revisi\u00f3n gratuita de casos","isPartOf":{"@id":"https:\/\/plg-pllc.com\/#website"},"datePublished":"2023-11-27T21:25:15+00:00","dateModified":"2024-10-15T16:28:12+00:00","description":"Busque asistencia legal especializada en Federal Way para casos de lesiones infantiles. Nuestros abogados expertos se especializan en lesiones relacionadas con deportes, accidentes automovil\u00edsticos y abusos.","breadcrumb":{"@id":"https:\/\/plg-pllc.com\/federal-way\/child-injury-lawyer\/#breadcrumb"},"inLanguage":"es","potentialAction":[{"@type":"ReadAction","target":["https:\/\/plg-pllc.com\/federal-way\/child-injury-lawyer\/"]}]},{"@type":"BreadcrumbList","@id":"https:\/\/plg-pllc.com\/federal-way\/child-injury-lawyer\/#breadcrumb","itemListElement":[{"@type":"ListItem","position":1,"name":"Home","item":"https:\/\/plg-pllc.com\/es\/"},{"@type":"ListItem","position":2,"name":"Federal Way Personal Injury Lawyer","item":"https:\/\/plg-pllc.com\/es\/federal-way\/personal-injury-lawyer\/"},{"@type":"ListItem","position":3,"name":"Federal Way Child Injury Lawyer"}]},{"@type":"WebSite","@id":"https:\/\/plg-pllc.com\/#website","url":"https:\/\/plg-pllc.com\/","name":"Grupo de abogados Premier","description":"Abogado de muerte por negligencia y lesiones graves en Washington","publisher":{"@id":"https:\/\/plg-pllc.com\/#organization"},"inLanguage":"es"},{"@type":"Organization","@id":"https:\/\/plg-pllc.com\/#organization","name":"Grupo de abogados Premier","url":"https:\/\/plg-pllc.com\/","logo":{"@type":"ImageObject","inLanguage":"es","@id":"https:\/\/plg-pllc.com\/#\/schema\/logo\/image\/","url":"https:\/\/plg-pllc.com\/wp-content\/uploads\/2020\/10\/plg-logo-v2.gif","contentUrl":"https:\/\/plg-pllc.com\/wp-content\/uploads\/2020\/10\/plg-logo-v2.gif","width":592,"height":191,"caption":"Premier Law Group"},"image":{"@id":"https:\/\/plg-pllc.com\/#\/schema\/logo\/image\/"},"sameAs":["https:\/\/www.facebook.com\/premierlawgroup","https:\/\/x.com\/premierlawgroup"]}]}},"_links":{"self":[{"href":"https:\/\/plg-pllc.com\/es\/wp-json\/wp\/v2\/pages\/20170","targetHints":{"allow":["GET"]}}],"collection":[{"href":"https:\/\/plg-pllc.com\/es\/wp-json\/wp\/v2\/pages"}],"about":[{"href":"https:\/\/plg-pllc.com\/es\/wp-json\/wp\/v2\/types\/page"}],"author":[{"embeddable":true,"href":"https:\/\/plg-pllc.com\/es\/wp-json\/wp\/v2\/users\/10"}],"replies":[{"embeddable":true,"href":"https:\/\/plg-pllc.com\/es\/wp-json\/wp\/v2\/comments?post=20170"}],"version-history":[{"count":0,"href":"https:\/\/plg-pllc.com\/es\/wp-json\/wp\/v2\/pages\/20170\/revisions"}],"up":[{"embeddable":true,"href":"https:\/\/plg-pllc.com\/es\/wp-json\/wp\/v2\/pages\/20716"}],"wp:attachment":[{"href":"https:\/\/plg-pllc.com\/es\/wp-json\/wp\/v2\/media?parent=20170"}],"wp:term":[{"taxonomy":"hc_faqs","embeddable":true,"href":"https:\/\/plg-pllc.com\/es\/wp-json\/wp\/v2\/hc_faqs?post=20170"}],"curies":[{"name":"gracias","href":"https:\/\/api.w.org\/{rel}","templated":true}]}}