{"id":2020,"date":"2010-11-10T14:44:58","date_gmt":"2010-11-10T21:44:58","guid":{"rendered":"https:\/\/plg-pllc.com\/"},"modified":"2024-10-10T14:50:18","modified_gmt":"2024-10-10T21:50:18","slug":"pip-if-i-use-it-will-my-rates-go-up","status":"publish","type":"page","link":"https:\/\/plg-pllc.com\/es\/faqs\/if-i-use-pip-will-my-rates-go-up\/","title":{"rendered":"PIP- Si lo uso \u00bfMis tarifas subir\u00e1n?"},"content":{"rendered":"<p><iframe loading=\"lazy\" src=\"\/\/fast.wistia.net\/embed\/iframe\/igzs0l9tki\" name=\"wistia_embed\" width=\"740\" height=\"416\" frameborder=\"0\" scrolling=\"no\" allowfullscreen=\"allowfullscreen\"><\/iframe><\/p>\n<p>La Protecci\u00f3n contra Lesiones Personales (PIP) paga sus facturas m\u00e9dicas y la p\u00e9rdida de salario si es v\u00edctima de un accidente automovil\u00edstico. Esta cobertura de seguro no es obligatoria por ley, pero al igual que la cobertura contra colisiones y la cobertura integral, puede adquirir una cobertura que va desde $25,000 hasta $1,000,000. Sorprendentemente, una gran cantidad de Protecci\u00f3n contra Lesiones Personales no cuesta mucho. La diferencia entre una cobertura de $25,000 y $1,000,000 es de tan solo $7.00 al mes.<\/p>\n<p>A pesar de lo barata que es esta invaluable protecci\u00f3n, muchas personas no cuentan con Protecci\u00f3n contra Lesiones Personales, y los que la tienen se niegan a usarla porque tienen miedo de un aumento en sus primas de seguro.<\/p>\n<h2>\u00bfPor qu\u00e9 no aumentar\u00e1n mis tarifas si uso mi seguro PIP?<\/h2>\n<p>La ley de seguros del estado de Washington no permite que las compa\u00f1\u00edas de seguros aumenten sus tarifas a menos que usted haya tenido la culpa del accidente automovil\u00edstico.<\/p>\n<p>RCW 46.52.130 establece:\u00a0<em>\u201cNinguna p\u00f3liza de seguro podr\u00e1 ser cancelada, no renovada, denegada o su tarifa aumentada sobre la base de dicha informaci\u00f3n a menos que se haya determinado que el titular de la p\u00f3liza fue culpable\u201d.<\/em><\/p>\n<p>Esta ley hace que sea ilegal que su compa\u00f1\u00eda de seguros aumente sus tarifas si usted es v\u00edctima de un accidente automovil\u00edstico y, de hecho, tiene consecuencias legales si la compa\u00f1\u00eda de seguros desobedece. En caso de un aumento de tarifa accidental, la compa\u00f1\u00eda de seguros puede ser acusada de un delito menor grave y, si se descubre que ha aumentado sus tarifas intencionalmente, se considera un delito grave de clase C, que es un delito punible.<\/p>\n<p>Esta ley de seguros no solo se aplica al seguro PIP, sino tambi\u00e9n a la protecci\u00f3n contra conductores con seguro insuficiente o sin seguro. Por lo tanto, si alguna vez es v\u00edctima de un accidente automovil\u00edstico, aseg\u00farese de utilizar sus beneficios de Protecci\u00f3n contra lesiones personales y UM\/UIM para ayudarlo a recuperarse.<\/p>\n<h2>\u00bfTengo que devolver el dinero una vez que llegue a un acuerdo?<\/h2>\n<p>Tienes que devolver parte del dinero del PIP despu\u00e9s de que se resuelva tu caso. Esto se llama subrogaci\u00f3n. El beneficio del seguro PIP es que, adem\u00e1s de cubrir tus facturas y evitar que caigas en la ruina financiera mientras tu caso est\u00e9 abierto, no tienes que devolver el monto total cuando se resuelva tu caso, lo que te permite ahorrar dinero. Con un abogado experimentado puedes minimizar este monto ya que existen formas de disminuir o incluso eliminar el inter\u00e9s de subrogaci\u00f3n.<\/p>\n<h2>No espere: obtenga informaci\u00f3n valiosa sobre c\u00f3mo proteger a su familia de un accidente<\/h2>\n<p>El abogado especializado en lesiones personales de Seattle, Jason Epstein, tiene muchos a\u00f1os de experiencia luchando por las v\u00edctimas de accidentes automovil\u00edsticos. Para ayudarlas a servir mejor, ha escrito un libro que recopila el conocimiento que ha adquirido durante diez a\u00f1os trabajando en casos de lesiones personales.\u00a0<a href=\"https:\/\/plg-pllc.com\/books\/truth-about-washington-insurance\/\"><em>La verdad sobre la compra de un seguro de autom\u00f3vil en Washington<\/em><\/a> est\u00e1 disponible para ayudarlo a proteger a su familia y sus bienes en caso de un accidente automovil\u00edstico. No espere: <a href=\"https:\/\/plg-pllc.com\/books\/truth-about-washington-insurance\/\">Pida este libro gratuito en nuestro sitio web hoy mismo<\/a>.<\/p>\n\n        <div class=\"rs-content-cta\">\n            <p>Llamar o enviar mensaje de texto <a href=\"tel:+12062851743\">(206) 285-1743<\/a> o complete un formulario de evaluaci\u00f3n de caso gratuito<\/p>\n            <a href=\"https:\/\/plg-pllc.com\/es\/contact-us\/\" title=\"OBTENGA UNA EVALUACI\u00d3N DE CASO GRATUITA\" class=\"btn-global\">OBTENGA UNA EVALUACI\u00d3N DE CASO GRATUITA<\/a>\n                    <picture>\n                            <source srcset=\"https:\/\/plg-pllc.com\/wp-content\/themes\/plg-pllc-redesign\/assets\/app\/img\/cta-thumb.webp\" type=\"image\/webp\"\/>\n                            <img src=\"https:\/\/plg-pllc.com\/wp-content\/themes\/plg-pllc-redesign\/assets\/app\/img\/cta-thumb.png\" alt=\"Grupo de abogados Premier\" title=\"Grupo de abogados Premier\" width=\"245\" height=\"220\" loading=\"auto\" fetchpriority=\"auto\" decoding=\"async\"\/>\n        <\/picture>\n        \n        <\/div>","protected":false},"excerpt":{"rendered":"<p>La Protecci\u00f3n contra Lesiones Personales (PIP) paga sus facturas m\u00e9dicas y la p\u00e9rdida de salario si es v\u00edctima de un accidente automovil\u00edstico. Esta cobertura de seguro no es obligatoria por ley, pero al igual que la cobertura contra colisiones y la cobertura integral, puede adquirir una cobertura de entre $25,000 y $1,000,000. Sorprendentemente, una gran cantidad de Protecci\u00f3n contra Lesiones Personales no cubre\u2026<\/p>","protected":false},"author":2,"featured_media":0,"parent":20714,"menu_order":27,"comment_status":"closed","ping_status":"closed","template":"","meta":{"_acf_changed":false,"_genesis_hide_title":false,"_genesis_hide_breadcrumbs":false,"_genesis_hide_singular_image":false,"_genesis_hide_footer_widgets":false,"_genesis_custom_body_class":"","_genesis_custom_post_class":"","_genesis_layout":"","footnotes":""},"hc_faqs":[10365],"class_list":{"0":"post-2020","1":"page","2":"type-page","3":"status-publish","5":"hc_faqs-insurance-claims","6":"entry"},"acf":[],"yoast_head":"<!-- This site is optimized with the Yoast SEO plugin v27.4 - https:\/\/yoast.com\/product\/yoast-seo-wordpress\/ -->\n<title>PIP- If I Use it Will My Rates Go Up?!<\/title>\n<meta name=\"description\" content=\"PIP- If I Use it Will My Rates Go Up?!: Premier Law Group helps you unlock the full compensation you deserve. No Fee Unless We Win.\" \/>\n<meta name=\"robots\" content=\"index, follow, max-snippet:-1, max-image-preview:large, max-video-preview:-1\" \/>\n<link rel=\"canonical\" href=\"https:\/\/plg-pllc.com\/es\/faqs\/if-i-use-pip-will-my-rates-go-up\/\" \/>\n<meta property=\"og:locale\" content=\"es_MX\" \/>\n<meta property=\"og:type\" content=\"article\" \/>\n<meta property=\"og:title\" content=\"PIP- If I Use it Will My Rates Go Up?!\" \/>\n<meta property=\"og:description\" content=\"PIP- If I Use it Will My Rates Go Up?!: Premier Law Group helps you unlock the full compensation you deserve. No Fee Unless We Win.\" \/>\n<meta property=\"og:url\" content=\"https:\/\/plg-pllc.com\/es\/faqs\/if-i-use-pip-will-my-rates-go-up\/\" \/>\n<meta property=\"og:site_name\" content=\"Premier Law Group\" \/>\n<meta property=\"article:publisher\" content=\"https:\/\/www.facebook.com\/premierlawgroup\" \/>\n<meta property=\"article:modified_time\" content=\"2024-10-10T21:50:18+00:00\" \/>\n<meta name=\"twitter:card\" content=\"summary_large_image\" \/>\n<meta name=\"twitter:site\" content=\"@premierlawgroup\" \/>\n<meta name=\"twitter:label1\" content=\"Tiempo de lectura\" \/>\n\t<meta name=\"twitter:data1\" content=\"3 minutos\" \/>\n<script type=\"application\/ld+json\" class=\"yoast-schema-graph\">{\"@context\":\"https:\\\/\\\/schema.org\",\"@graph\":[{\"@type\":\"WebPage\",\"@id\":\"https:\\\/\\\/plg-pllc.com\\\/faqs\\\/if-i-use-pip-will-my-rates-go-up\\\/\",\"url\":\"https:\\\/\\\/plg-pllc.com\\\/faqs\\\/if-i-use-pip-will-my-rates-go-up\\\/\",\"name\":\"PIP- If I Use it Will My Rates Go Up?!\",\"isPartOf\":{\"@id\":\"https:\\\/\\\/plg-pllc.com\\\/#website\"},\"datePublished\":\"2010-11-10T21:44:58+00:00\",\"dateModified\":\"2024-10-10T21:50:18+00:00\",\"description\":\"PIP- If I Use it Will My Rates Go Up?!: Premier Law Group helps you unlock the full compensation you deserve. No Fee Unless We Win.\",\"breadcrumb\":{\"@id\":\"https:\\\/\\\/plg-pllc.com\\\/faqs\\\/if-i-use-pip-will-my-rates-go-up\\\/#breadcrumb\"},\"inLanguage\":\"es\",\"potentialAction\":[{\"@type\":\"ReadAction\",\"target\":[\"https:\\\/\\\/plg-pllc.com\\\/faqs\\\/if-i-use-pip-will-my-rates-go-up\\\/\"]}]},{\"@type\":\"BreadcrumbList\",\"@id\":\"https:\\\/\\\/plg-pllc.com\\\/faqs\\\/if-i-use-pip-will-my-rates-go-up\\\/#breadcrumb\",\"itemListElement\":[{\"@type\":\"ListItem\",\"position\":1,\"name\":\"Home\",\"item\":\"https:\\\/\\\/plg-pllc.com\\\/es\\\/\"},{\"@type\":\"ListItem\",\"position\":2,\"name\":\"FAQs\",\"item\":\"https:\\\/\\\/plg-pllc.com\\\/es\\\/faqs\\\/\"},{\"@type\":\"ListItem\",\"position\":3,\"name\":\"PIP- If I Use it Will My Rates Go Up?!\"}]},{\"@type\":\"WebSite\",\"@id\":\"https:\\\/\\\/plg-pllc.com\\\/#website\",\"url\":\"https:\\\/\\\/plg-pllc.com\\\/\",\"name\":\"Premier Law Group\",\"description\":\"Washington Wrongful Death and Serious Injury Lawyer\",\"publisher\":{\"@id\":\"https:\\\/\\\/plg-pllc.com\\\/#organization\"},\"inLanguage\":\"es\"},{\"@type\":\"Organization\",\"@id\":\"https:\\\/\\\/plg-pllc.com\\\/#organization\",\"name\":\"Premier Law Group\",\"url\":\"https:\\\/\\\/plg-pllc.com\\\/\",\"logo\":{\"@type\":\"ImageObject\",\"inLanguage\":\"es\",\"@id\":\"https:\\\/\\\/plg-pllc.com\\\/#\\\/schema\\\/logo\\\/image\\\/\",\"url\":\"https:\\\/\\\/plg-pllc.com\\\/wp-content\\\/uploads\\\/2020\\\/10\\\/plg-logo-v2.gif\",\"contentUrl\":\"https:\\\/\\\/plg-pllc.com\\\/wp-content\\\/uploads\\\/2020\\\/10\\\/plg-logo-v2.gif\",\"width\":592,\"height\":191,\"caption\":\"Premier Law Group\"},\"image\":{\"@id\":\"https:\\\/\\\/plg-pllc.com\\\/#\\\/schema\\\/logo\\\/image\\\/\"},\"sameAs\":[\"https:\\\/\\\/www.facebook.com\\\/premierlawgroup\",\"https:\\\/\\\/x.com\\\/premierlawgroup\"]}]}<\/script>\n<!-- \/ Yoast SEO plugin. -->","yoast_head_json":{"title":"PIP- Si lo uso \u00bfMis tarifas subir\u00e1n?","description":"PIP: \u00bfMis tarifas aumentar\u00e1n si lo uso?: Premier Law Group lo ayuda a obtener la compensaci\u00f3n total que se merece. Sin cargo a menos que ganemos.","robots":{"index":"index","follow":"follow","max-snippet":"max-snippet:-1","max-image-preview":"max-image-preview:large","max-video-preview":"max-video-preview:-1"},"canonical":"https:\/\/plg-pllc.com\/es\/faqs\/if-i-use-pip-will-my-rates-go-up\/","og_locale":"es_MX","og_type":"article","og_title":"PIP- If I Use it Will My Rates Go Up?!","og_description":"PIP- If I Use it Will My Rates Go Up?!: Premier Law Group helps you unlock the full compensation you deserve. No Fee Unless We Win.","og_url":"https:\/\/plg-pllc.com\/es\/faqs\/if-i-use-pip-will-my-rates-go-up\/","og_site_name":"Premier Law Group","article_publisher":"https:\/\/www.facebook.com\/premierlawgroup","article_modified_time":"2024-10-10T21:50:18+00:00","twitter_card":"summary_large_image","twitter_site":"@premierlawgroup","twitter_misc":{"Tiempo de lectura":"3 minutos"},"schema":{"@context":"https:\/\/schema.org","@graph":[{"@type":"WebPage","@id":"https:\/\/plg-pllc.com\/faqs\/if-i-use-pip-will-my-rates-go-up\/","url":"https:\/\/plg-pllc.com\/faqs\/if-i-use-pip-will-my-rates-go-up\/","name":"PIP- Si lo uso \u00bfMis tarifas subir\u00e1n?","isPartOf":{"@id":"https:\/\/plg-pllc.com\/#website"},"datePublished":"2010-11-10T21:44:58+00:00","dateModified":"2024-10-10T21:50:18+00:00","description":"PIP: \u00bfMis tarifas aumentar\u00e1n si lo uso?: Premier Law Group lo ayuda a obtener la compensaci\u00f3n total que se merece. Sin cargo a menos que ganemos.","breadcrumb":{"@id":"https:\/\/plg-pllc.com\/faqs\/if-i-use-pip-will-my-rates-go-up\/#breadcrumb"},"inLanguage":"es","potentialAction":[{"@type":"ReadAction","target":["https:\/\/plg-pllc.com\/faqs\/if-i-use-pip-will-my-rates-go-up\/"]}]},{"@type":"BreadcrumbList","@id":"https:\/\/plg-pllc.com\/faqs\/if-i-use-pip-will-my-rates-go-up\/#breadcrumb","itemListElement":[{"@type":"ListItem","position":1,"name":"Home","item":"https:\/\/plg-pllc.com\/es\/"},{"@type":"ListItem","position":2,"name":"FAQs","item":"https:\/\/plg-pllc.com\/es\/faqs\/"},{"@type":"ListItem","position":3,"name":"PIP- If I Use it Will My Rates Go Up?!"}]},{"@type":"WebSite","@id":"https:\/\/plg-pllc.com\/#website","url":"https:\/\/plg-pllc.com\/","name":"Grupo de abogados Premier","description":"Abogado de muerte por negligencia y lesiones graves en Washington","publisher":{"@id":"https:\/\/plg-pllc.com\/#organization"},"inLanguage":"es"},{"@type":"Organization","@id":"https:\/\/plg-pllc.com\/#organization","name":"Grupo de abogados Premier","url":"https:\/\/plg-pllc.com\/","logo":{"@type":"ImageObject","inLanguage":"es","@id":"https:\/\/plg-pllc.com\/#\/schema\/logo\/image\/","url":"https:\/\/plg-pllc.com\/wp-content\/uploads\/2020\/10\/plg-logo-v2.gif","contentUrl":"https:\/\/plg-pllc.com\/wp-content\/uploads\/2020\/10\/plg-logo-v2.gif","width":592,"height":191,"caption":"Premier Law Group"},"image":{"@id":"https:\/\/plg-pllc.com\/#\/schema\/logo\/image\/"},"sameAs":["https:\/\/www.facebook.com\/premierlawgroup","https:\/\/x.com\/premierlawgroup"]}]}},"_links":{"self":[{"href":"https:\/\/plg-pllc.com\/es\/wp-json\/wp\/v2\/pages\/2020","targetHints":{"allow":["GET"]}}],"collection":[{"href":"https:\/\/plg-pllc.com\/es\/wp-json\/wp\/v2\/pages"}],"about":[{"href":"https:\/\/plg-pllc.com\/es\/wp-json\/wp\/v2\/types\/page"}],"author":[{"embeddable":true,"href":"https:\/\/plg-pllc.com\/es\/wp-json\/wp\/v2\/users\/2"}],"replies":[{"embeddable":true,"href":"https:\/\/plg-pllc.com\/es\/wp-json\/wp\/v2\/comments?post=2020"}],"version-history":[{"count":0,"href":"https:\/\/plg-pllc.com\/es\/wp-json\/wp\/v2\/pages\/2020\/revisions"}],"up":[{"embeddable":true,"href":"https:\/\/plg-pllc.com\/es\/wp-json\/wp\/v2\/pages\/20714"}],"wp:attachment":[{"href":"https:\/\/plg-pllc.com\/es\/wp-json\/wp\/v2\/media?parent=2020"}],"wp:term":[{"taxonomy":"hc_faqs","embeddable":true,"href":"https:\/\/plg-pllc.com\/es\/wp-json\/wp\/v2\/hc_faqs?post=2020"}],"curies":[{"name":"gracias","href":"https:\/\/api.w.org\/{rel}","templated":true}]}}