{"id":20204,"date":"2024-01-03T11:39:23","date_gmt":"2024-01-03T19:39:23","guid":{"rendered":"https:\/\/plgstage.wpengine.com\/?page_id=20204"},"modified":"2026-03-24T15:04:56","modified_gmt":"2026-03-24T22:04:56","slug":"catastrophic-injuries-2-2","status":"publish","type":"page","link":"https:\/\/plg-pllc.com\/es\/renton\/catastrophic-injury-lawyer\/","title":{"rendered":"Abogado de lesiones catastr\u00f3ficas en Renton"},"content":{"rendered":"<p>El \u00e1rea de Renton, Washington, ha registrado un n\u00famero significativo de lesiones catastr\u00f3ficas. Seg\u00fan el Departamento de Trabajo e Industrias (L&amp;I) del Estado de Washington, durante el per\u00edodo de reporte de 2022, del 1 de enero al 30 de noviembre de 2022, el departamento identific\u00f3 33 reclamos de trabajadores lesionados como catastr\u00f3ficos. Todos fueron asignados a una enfermera gestora de casos.\u00a0<\/p>\r\n\r\n\r\n\r\n<p>Durante ese mismo per\u00edodo, L&amp;I acept\u00f3 un total de 554 reclamos que cumplieron con los criterios de lesi\u00f3n catastr\u00f3fica. M\u00e1s de la mitad de estos reclamos fueron por traumatismos m\u00faltiples, lo que significa que hubo m\u00faltiples lesiones involucradas. Las lesiones principales incluyeron lesiones cerebrales, quemaduras graves, lesiones de la m\u00e9dula espinal y amputaciones.<\/p>\r\n\r\n\r\n\r\n<p><a href=\"https:\/\/www.rentonreporter.com\/2023\/06\/16\/renton-regional-fire-authority-reports-may-2023-incident-response-data\/\">La Autoridad Regional de Bomberos de Renton inform\u00f3 un total de 1.735 incidentes en mayo de 2023<\/a>, incluyendo accidentes automovil\u00edsticos, incendios y tiroteos. Los accidentes automovil\u00edsticos son una causa com\u00fan de lesiones catastr\u00f3ficas y son muy preocupantes. En el estado de Washington, las lesiones graves por accidentes automovil\u00edsticos aumentaron por tercer a\u00f1o consecutivo a 2623. Si usted o un ser querido ha sufrido una lesi\u00f3n grave en esta \u00e1rea, quiz\u00e1s sea el momento de hablar con un profesional de la salud. <a class=\"\" href=\"https:\/\/plg-pllc.com\/renton\/personal-injury-lawyer\/\" rel=\"noopener\" data-start=\"1219\" data-end=\"1253\">Abogado de lesiones personales en Renton<\/a> para comprender sus derechos y opciones legales.<\/p>\r\n\r\n\r\n\r\n<h2 id=\"h-what-is-a-catastrophic-injury\" class=\"wp-block-heading\"><strong>\u00bfQu\u00e9 es una lesi\u00f3n catastr\u00f3fica?<\/strong><\/h2>\r\n\r\n\r\n\r\n<p>Para los fines del proyecto del Departamento de Trabajo e Industrias del Estado de Washington, una lesi\u00f3n catastr\u00f3fica se define como una lesi\u00f3n que requiere hospitalizaci\u00f3n dentro de las 24 horas siguientes a su aparici\u00f3n y requiere al menos cuatro d\u00edas consecutivos de hospitalizaci\u00f3n.\u00a0<\/p>\r\n\r\n\r\n\r\n<p>Una lesi\u00f3n catastr\u00f3fica ocurre de repente, a menudo como resultado de un accidente. Provoca da\u00f1os f\u00edsicos graves al cuerpo. La mayor\u00eda de las lesiones catastr\u00f3ficas son permanentes, lo que significa que no es posible una recuperaci\u00f3n completa.\u00a0<\/p>\r\n\r\n\r\n\r\n<p>Las lesiones catastr\u00f3ficas m\u00e1s comunes incluyen:<\/p>\r\n\r\n\r\n\r\n<ul class=\"wp-block-list\">\r\n<li>Da\u00f1o en la m\u00e9dula espinal\u00a0<\/li>\r\n\r\n\r\n\r\n<li>Lesiones cerebrales<\/li>\r\n\r\n\r\n\r\n<li>Amputaci\u00f3n<\/li>\r\n\r\n\r\n\r\n<li>Da\u00f1o grave a los \u00f3rganos<\/li>\r\n\r\n\r\n\r\n<li>P\u00e9rdida de audici\u00f3n<\/li>\r\n\r\n\r\n\r\n<li>P\u00e9rdida de la vista<\/li>\r\n\r\n\r\n\r\n<li>Lesi\u00f3n facial que causa deformidad.<\/li>\r\n\r\n\r\n\r\n<li>Da\u00f1o a los nervios<\/li>\r\n\r\n\r\n\r\n<li>Da\u00f1o neurol\u00f3gico<\/li>\r\n\r\n\r\n\r\n<li>Quemaduras graves<\/li>\r\n<\/ul>\r\n\r\n\r\n\r\n<h2 id=\"h-causes-of-catastrophic-injuries\" class=\"wp-block-heading\"><strong>Causas de lesiones catastr\u00f3ficas<\/strong><\/h2>\r\n\r\n\r\n\r\n<p>Cada a\u00f1o se producen decenas de miles de lesiones catastr\u00f3ficas. Las lesiones cerebrales por s\u00ed solas son responsables de m\u00e1s de 17.000 de estas lesiones.\u00a0<\/p>\r\n\r\n\r\n\r\n<p>Las lesiones catastr\u00f3ficas tienen muchas causas potenciales, incluidas las siguientes:<\/p>\r\n\r\n\r\n\r\n<ul class=\"wp-block-list\">\r\n<li>Accidentes automovil\u00edsticos, incluidos aquellos que involucran autom\u00f3viles, camiones, motocicletas, bicicletas y peatones.<\/li>\r\n\r\n\r\n\r\n<li>Accidentes de trabajo<\/li>\r\n\r\n\r\n\r\n<li>Cataratas<\/li>\r\n\r\n\r\n\r\n<li>Accidentes deportivos<\/li>\r\n\r\n\r\n\r\n<li>Mala praxis m\u00e9dica\u00a0<\/li>\r\n\r\n\r\n\r\n<li>Productos defectuosos<\/li>\r\n<\/ul>\r\n\r\n\r\n\r\n<h2 id=\"h-recovering-compensation\" class=\"wp-block-heading\"><strong>Recuperaci\u00f3n de la indemnizaci\u00f3n<\/strong><\/h2>\r\n\r\n\r\n\r\n<p>Cuando sufre lesiones catastr\u00f3ficas, sufre da\u00f1os sustanciales. Puede sufrir mucho dolor y sufrimiento, adem\u00e1s de facturas m\u00e9dicas elevadas, gastos m\u00e9dicos constantes y una p\u00e9rdida de salario de por vida. En comparaci\u00f3n con otras lesiones, deber\u00eda recibir una mayor cantidad de dinero para compensarlo por la lesi\u00f3n catastr\u00f3fica porque sus p\u00e9rdidas son mayores.<\/p>\r\n\r\n\r\n\r\n<p>El tiempo es limitado, s\u00f3lo hay tres a\u00f1os para presentar una demanda. No maneje una situaci\u00f3n como esta por su cuenta.\u00a0<\/p>\r\n\r\n\r\n\r\n<p>Hay mucho dinero en juego, as\u00ed que aseg\u00farese de tener un abogado de lesiones personales con experiencia de su lado.<\/p>\r\n\r\n\r\n\r\n\n        <div class=\"rs-content-cta long\">\n            <p>Para una consulta legal GRATUITA con un abogado especializado en lesiones catastr\u00f3ficas que atiende en Renton, llame al <a href=\"tel:+12062851743\">(206) 285-1743 <\/a><\/p>\n            <a href=\"https:\/\/plg-pllc.com\/es\/contact-us\/\" title=\"OBTENGA UNA EVALUACI\u00d3N DE CASO GRATUITA\" class=\"btn-global\">OBTENGA UNA EVALUACI\u00d3N DE CASO GRATUITA<\/a>\n                    <picture>\n                            <source srcset=\"https:\/\/plg-pllc.com\/wp-content\/themes\/plg-pllc-redesign\/assets\/app\/img\/cta-thumb.webp\" type=\"image\/webp\"\/>\n                            <img src=\"https:\/\/plg-pllc.com\/wp-content\/themes\/plg-pllc-redesign\/assets\/app\/img\/cta-thumb.png\" alt=\"Grupo de abogados Premier\" title=\"Grupo de abogados Premier\" width=\"245\" height=\"220\" loading=\"auto\" fetchpriority=\"auto\" decoding=\"async\"\/>\n        <\/picture>\n        \n        <\/div><h2 id=\"h-contact-us-today\" class=\"wp-block-heading\"><strong>Cont\u00e1ctenos hoy<\/strong><\/h2>\r\n\r\n\r\n\r\n<p>Una lesi\u00f3n catastr\u00f3fica es de naturaleza grave y puede afectar a una persona de por vida. Es importante obtener una compensaci\u00f3n completa y justa por la atenci\u00f3n que recibi\u00f3.<\/p>\r\n\r\n\r\n\r\n<p>Si usted o un ser querido ha sufrido una lesi\u00f3n catastr\u00f3fica, busque ayuda legal de los abogados de lesiones personales de Renton en Premier Law Group. Entendemos cu\u00e1nto puede cambiar su vida una lesi\u00f3n catastr\u00f3fica. Le prometemos que no tendr\u00e1 ninguna carga financiera a menos que logremos una victoria para usted. Para obtener m\u00e1s informaci\u00f3n, programe una consulta gratuita. Llame o env\u00ede un mensaje de texto al (206) 880-7437 o <a href=\"https:\/\/plg-pllc.com\/contact-us\/\">Rellene el formulario en l\u00ednea<\/a>Nuestra oficina est\u00e1 disponible 24 horas al d\u00eda, 7 d\u00edas a la semana.\u00a0<\/p>\r\n\n        <div class=\"rs-content-cta\">\n            <p>Llamar o enviar mensaje de texto <a href=\"tel:+12062851743\">(206) 285-1743<\/a> o complete un formulario de evaluaci\u00f3n de caso gratuito<\/p>\n            <a href=\"https:\/\/plg-pllc.com\/es\/contact-us\/\" title=\"OBTENGA UNA EVALUACI\u00d3N DE CASO GRATUITA\" class=\"btn-global\">OBTENGA UNA EVALUACI\u00d3N DE CASO GRATUITA<\/a>\n                    <picture>\n                            <source srcset=\"https:\/\/plg-pllc.com\/wp-content\/themes\/plg-pllc-redesign\/assets\/app\/img\/cta-thumb.webp\" type=\"image\/webp\"\/>\n                            <img src=\"https:\/\/plg-pllc.com\/wp-content\/themes\/plg-pllc-redesign\/assets\/app\/img\/cta-thumb.png\" alt=\"Grupo de abogados Premier\" title=\"Grupo de abogados Premier\" width=\"245\" height=\"220\" loading=\"auto\" fetchpriority=\"auto\" decoding=\"async\"\/>\n        <\/picture>\n        \n        <\/div>","protected":false},"excerpt":{"rendered":"<p>El \u00e1rea de Renton, Washington, ha sufrido una cantidad significativa de lesiones catastr\u00f3ficas. Seg\u00fan el Departamento de Trabajo e Industrias del Estado de Washington (L&amp;I), durante el per\u00edodo de informes de 2022 del 1 de enero al 30 de noviembre de 2022, el departamento identific\u00f3 33 reclamos de trabajadores lesionados como catastr\u00f3ficos. Todos fueron asignados a un enfermero administrador de casos. Durante ese mismo per\u00edodo\u2026<\/p>","protected":false},"author":10,"featured_media":0,"parent":15618,"menu_order":0,"comment_status":"closed","ping_status":"closed","template":"","meta":{"_acf_changed":false,"_genesis_hide_title":false,"_genesis_hide_breadcrumbs":false,"_genesis_hide_singular_image":false,"_genesis_hide_footer_widgets":false,"_genesis_custom_body_class":"","_genesis_custom_post_class":"","_genesis_layout":"","footnotes":""},"hc_faqs":[],"class_list":{"0":"post-20204","1":"page","2":"type-page","3":"status-publish","5":"hc_city_location-renton","6":"entry"},"acf":[],"yoast_head":"<!-- This site is optimized with the Yoast SEO plugin v27.4 - https:\/\/yoast.com\/product\/yoast-seo-wordpress\/ -->\n<title>Catastrophic Injury Lawyer in Renton | Free Case Review<\/title>\n<meta name=\"description\" content=\"Renton Catastrophic Injury Lawyer: Premier Law Group helps you unlock the full compensation you deserve. No Fee Unless We Win.\" \/>\n<meta name=\"robots\" content=\"index, follow, max-snippet:-1, max-image-preview:large, max-video-preview:-1\" \/>\n<link rel=\"canonical\" href=\"https:\/\/plg-pllc.com\/es\/renton\/catastrophic-injury-lawyer\/\" \/>\n<meta property=\"og:locale\" content=\"es_MX\" \/>\n<meta property=\"og:type\" content=\"article\" \/>\n<meta property=\"og:title\" content=\"Catastrophic Injury Lawyer in Renton | Free Case Review\" \/>\n<meta property=\"og:description\" content=\"Renton Catastrophic Injury Lawyer: Premier Law Group helps you unlock the full compensation you deserve. No Fee Unless We Win.\" \/>\n<meta property=\"og:url\" content=\"https:\/\/plg-pllc.com\/es\/renton\/catastrophic-injury-lawyer\/\" \/>\n<meta property=\"og:site_name\" content=\"Premier Law Group\" \/>\n<meta property=\"article:publisher\" content=\"https:\/\/www.facebook.com\/premierlawgroup\" \/>\n<meta property=\"article:modified_time\" content=\"2026-03-24T22:04:56+00:00\" \/>\n<meta name=\"twitter:card\" content=\"summary_large_image\" \/>\n<meta name=\"twitter:site\" content=\"@premierlawgroup\" \/>\n<meta name=\"twitter:label1\" content=\"Tiempo de lectura\" \/>\n\t<meta name=\"twitter:data1\" content=\"3 minutos\" \/>\n<script type=\"application\/ld+json\" class=\"yoast-schema-graph\">{\"@context\":\"https:\\\/\\\/schema.org\",\"@graph\":[{\"@type\":\"WebPage\",\"@id\":\"https:\\\/\\\/plg-pllc.com\\\/renton\\\/catastrophic-injury-lawyer\\\/\",\"url\":\"https:\\\/\\\/plg-pllc.com\\\/renton\\\/catastrophic-injury-lawyer\\\/\",\"name\":\"Catastrophic Injury Lawyer in Renton | Free Case Review\",\"isPartOf\":{\"@id\":\"https:\\\/\\\/plg-pllc.com\\\/#website\"},\"datePublished\":\"2024-01-03T19:39:23+00:00\",\"dateModified\":\"2026-03-24T22:04:56+00:00\",\"description\":\"Renton Catastrophic Injury Lawyer: Premier Law Group helps you unlock the full compensation you deserve. No Fee Unless We Win.\",\"breadcrumb\":{\"@id\":\"https:\\\/\\\/plg-pllc.com\\\/renton\\\/catastrophic-injury-lawyer\\\/#breadcrumb\"},\"inLanguage\":\"es\",\"potentialAction\":[{\"@type\":\"ReadAction\",\"target\":[\"https:\\\/\\\/plg-pllc.com\\\/renton\\\/catastrophic-injury-lawyer\\\/\"]}]},{\"@type\":\"BreadcrumbList\",\"@id\":\"https:\\\/\\\/plg-pllc.com\\\/renton\\\/catastrophic-injury-lawyer\\\/#breadcrumb\",\"itemListElement\":[{\"@type\":\"ListItem\",\"position\":1,\"name\":\"Home\",\"item\":\"https:\\\/\\\/plg-pllc.com\\\/es\\\/\"},{\"@type\":\"ListItem\",\"position\":2,\"name\":\"Renton Personal Injury Lawyer\",\"item\":\"https:\\\/\\\/plg-pllc.com\\\/es\\\/renton\\\/personal-injury-lawyer\\\/\"},{\"@type\":\"ListItem\",\"position\":3,\"name\":\"Renton Catastrophic Injury Lawyer\"}]},{\"@type\":\"WebSite\",\"@id\":\"https:\\\/\\\/plg-pllc.com\\\/#website\",\"url\":\"https:\\\/\\\/plg-pllc.com\\\/\",\"name\":\"Premier Law Group\",\"description\":\"Washington Wrongful Death and Serious Injury Lawyer\",\"publisher\":{\"@id\":\"https:\\\/\\\/plg-pllc.com\\\/#organization\"},\"inLanguage\":\"es\"},{\"@type\":\"Organization\",\"@id\":\"https:\\\/\\\/plg-pllc.com\\\/#organization\",\"name\":\"Premier Law Group\",\"url\":\"https:\\\/\\\/plg-pllc.com\\\/\",\"logo\":{\"@type\":\"ImageObject\",\"inLanguage\":\"es\",\"@id\":\"https:\\\/\\\/plg-pllc.com\\\/#\\\/schema\\\/logo\\\/image\\\/\",\"url\":\"https:\\\/\\\/plg-pllc.com\\\/wp-content\\\/uploads\\\/2020\\\/10\\\/plg-logo-v2.gif\",\"contentUrl\":\"https:\\\/\\\/plg-pllc.com\\\/wp-content\\\/uploads\\\/2020\\\/10\\\/plg-logo-v2.gif\",\"width\":592,\"height\":191,\"caption\":\"Premier Law Group\"},\"image\":{\"@id\":\"https:\\\/\\\/plg-pllc.com\\\/#\\\/schema\\\/logo\\\/image\\\/\"},\"sameAs\":[\"https:\\\/\\\/www.facebook.com\\\/premierlawgroup\",\"https:\\\/\\\/x.com\\\/premierlawgroup\"]}]}<\/script>\n<!-- \/ Yoast SEO plugin. -->","yoast_head_json":{"title":"Abogado de lesiones catastr\u00f3ficas en Renton | Revisi\u00f3n gratuita de casos","description":"Abogado de lesiones catastr\u00f3ficas en Renton: Premier Law Group lo ayuda a obtener la compensaci\u00f3n total que merece. Sin honorarios a menos que ganemos.","robots":{"index":"index","follow":"follow","max-snippet":"max-snippet:-1","max-image-preview":"max-image-preview:large","max-video-preview":"max-video-preview:-1"},"canonical":"https:\/\/plg-pllc.com\/es\/renton\/catastrophic-injury-lawyer\/","og_locale":"es_MX","og_type":"article","og_title":"Catastrophic Injury Lawyer in Renton | Free Case Review","og_description":"Renton Catastrophic Injury Lawyer: Premier Law Group helps you unlock the full compensation you deserve. No Fee Unless We Win.","og_url":"https:\/\/plg-pllc.com\/es\/renton\/catastrophic-injury-lawyer\/","og_site_name":"Premier Law Group","article_publisher":"https:\/\/www.facebook.com\/premierlawgroup","article_modified_time":"2026-03-24T22:04:56+00:00","twitter_card":"summary_large_image","twitter_site":"@premierlawgroup","twitter_misc":{"Tiempo de lectura":"3 minutos"},"schema":{"@context":"https:\/\/schema.org","@graph":[{"@type":"WebPage","@id":"https:\/\/plg-pllc.com\/renton\/catastrophic-injury-lawyer\/","url":"https:\/\/plg-pllc.com\/renton\/catastrophic-injury-lawyer\/","name":"Abogado de lesiones catastr\u00f3ficas en Renton | Revisi\u00f3n gratuita de casos","isPartOf":{"@id":"https:\/\/plg-pllc.com\/#website"},"datePublished":"2024-01-03T19:39:23+00:00","dateModified":"2026-03-24T22:04:56+00:00","description":"Abogado de lesiones catastr\u00f3ficas en Renton: Premier Law Group lo ayuda a obtener la compensaci\u00f3n total que merece. Sin honorarios a menos que ganemos.","breadcrumb":{"@id":"https:\/\/plg-pllc.com\/renton\/catastrophic-injury-lawyer\/#breadcrumb"},"inLanguage":"es","potentialAction":[{"@type":"ReadAction","target":["https:\/\/plg-pllc.com\/renton\/catastrophic-injury-lawyer\/"]}]},{"@type":"BreadcrumbList","@id":"https:\/\/plg-pllc.com\/renton\/catastrophic-injury-lawyer\/#breadcrumb","itemListElement":[{"@type":"ListItem","position":1,"name":"Home","item":"https:\/\/plg-pllc.com\/es\/"},{"@type":"ListItem","position":2,"name":"Renton Personal Injury Lawyer","item":"https:\/\/plg-pllc.com\/es\/renton\/personal-injury-lawyer\/"},{"@type":"ListItem","position":3,"name":"Renton Catastrophic Injury Lawyer"}]},{"@type":"WebSite","@id":"https:\/\/plg-pllc.com\/#website","url":"https:\/\/plg-pllc.com\/","name":"Grupo de abogados Premier","description":"Abogado de muerte por negligencia y lesiones graves en Washington","publisher":{"@id":"https:\/\/plg-pllc.com\/#organization"},"inLanguage":"es"},{"@type":"Organization","@id":"https:\/\/plg-pllc.com\/#organization","name":"Grupo de abogados Premier","url":"https:\/\/plg-pllc.com\/","logo":{"@type":"ImageObject","inLanguage":"es","@id":"https:\/\/plg-pllc.com\/#\/schema\/logo\/image\/","url":"https:\/\/plg-pllc.com\/wp-content\/uploads\/2020\/10\/plg-logo-v2.gif","contentUrl":"https:\/\/plg-pllc.com\/wp-content\/uploads\/2020\/10\/plg-logo-v2.gif","width":592,"height":191,"caption":"Premier Law Group"},"image":{"@id":"https:\/\/plg-pllc.com\/#\/schema\/logo\/image\/"},"sameAs":["https:\/\/www.facebook.com\/premierlawgroup","https:\/\/x.com\/premierlawgroup"]}]}},"_links":{"self":[{"href":"https:\/\/plg-pllc.com\/es\/wp-json\/wp\/v2\/pages\/20204","targetHints":{"allow":["GET"]}}],"collection":[{"href":"https:\/\/plg-pllc.com\/es\/wp-json\/wp\/v2\/pages"}],"about":[{"href":"https:\/\/plg-pllc.com\/es\/wp-json\/wp\/v2\/types\/page"}],"author":[{"embeddable":true,"href":"https:\/\/plg-pllc.com\/es\/wp-json\/wp\/v2\/users\/10"}],"replies":[{"embeddable":true,"href":"https:\/\/plg-pllc.com\/es\/wp-json\/wp\/v2\/comments?post=20204"}],"version-history":[{"count":0,"href":"https:\/\/plg-pllc.com\/es\/wp-json\/wp\/v2\/pages\/20204\/revisions"}],"up":[{"embeddable":true,"href":"https:\/\/plg-pllc.com\/es\/wp-json\/wp\/v2\/pages\/15618"}],"wp:attachment":[{"href":"https:\/\/plg-pllc.com\/es\/wp-json\/wp\/v2\/media?parent=20204"}],"wp:term":[{"taxonomy":"hc_faqs","embeddable":true,"href":"https:\/\/plg-pllc.com\/es\/wp-json\/wp\/v2\/hc_faqs?post=20204"}],"curies":[{"name":"gracias","href":"https:\/\/api.w.org\/{rel}","templated":true}]}}