{"id":20205,"date":"2024-01-03T11:59:30","date_gmt":"2024-01-03T19:59:30","guid":{"rendered":"https:\/\/plgstage.wpengine.com\/?page_id=20205"},"modified":"2024-10-17T04:11:18","modified_gmt":"2024-10-17T11:11:18","slug":"carbon-monoxide-injuries","status":"publish","type":"page","link":"https:\/\/plg-pllc.com\/es\/seattle\/carbon-monoxide-poisoning-lawyer\/","title":{"rendered":"Abogado de intoxicaci\u00f3n por mon\u00f3xido de carbono en Seattle"},"content":{"rendered":"<p>No escuchamos mucho sobre <a href=\"https:\/\/plg-pllc.com\/washington\/carbon-monoxide-poisoning-lawyer\/\">envenenamiento por mon\u00f3xido de carbono<\/a>, pero es un tema que necesita m\u00e1s atenci\u00f3n, ya que es un asesino silencioso. En Seattle y el estado de Washington, la intoxicaci\u00f3n por mon\u00f3xido de carbono es una preocupaci\u00f3n importante. En promedio, <a href=\"https:\/\/doh.wa.gov\/data-and-statistical-reports\/washington-tracking-network-wtn\/carbon-monoxide\">M\u00e1s de 20 personas mueren cada a\u00f1o por intoxicaci\u00f3n accidental con mon\u00f3xido de carbono en el estado de Washington<\/a>, y la mayor\u00eda de los casos se producen en los meses de oto\u00f1o e invierno. En 2006, un estudio en el condado de King descubri\u00f3 que <a href=\"https:\/\/pmc.ncbi.nlm.nih.gov\/articles\/PMC2724456\/\">Entre 259 pacientes con intoxicaci\u00f3n por mon\u00f3xido de carbono, ocho casos fueron mortales.<\/a><\/p>\r\n\r\n\r\n\r\n<p>Como puede ver, el mon\u00f3xido de carbono no es algo con lo que se pueda jugar. Es un gas que se produce cuando se quema madera, carb\u00f3n, gas, petr\u00f3leo o queroseno. Las fuentes m\u00e1s comunes de mon\u00f3xido de carbono incluyen autom\u00f3viles, camiones, equipos que funcionan con gasolina, electrodom\u00e9sticos a gas, estufas a gas y la quema de carb\u00f3n y madera.<\/p>\r\n\r\n\r\n\r\n<p>Si sospecha que ha sufrido una intoxicaci\u00f3n por mon\u00f3xido de carbono, es fundamental que busque ayuda m\u00e9dica de inmediato. Tambi\u00e9n puede solicitar una indemnizaci\u00f3n por los da\u00f1os sufridos. P\u00f3ngase en contacto con un abogado especializado en lesiones personales de Seattle para obtener m\u00e1s informaci\u00f3n.\u00a0<\/p>\r\n\r\n\r\n\r\n<h2 id=\"h-symptoms-of-carbon-monoxide-poisoning\" class=\"wp-block-heading\"><strong>S\u00edntomas de intoxicaci\u00f3n por mon\u00f3xido de carbono<\/strong><\/h2>\r\n\r\n\r\n\r\n<p>El mon\u00f3xido de carbono es un gas inodoro e incoloro que puede provocar enfermedades graves o la muerte. Por lo tanto, es importante comprender los s\u00edntomas de intoxicaci\u00f3n para poder recibir tratamiento m\u00e9dico de inmediato. A continuaci\u00f3n, se indican algunos signos comunes:<\/p>\r\n\r\n\r\n\r\n<ul class=\"wp-block-list\">\r\n<li>Dolor de cabeza<\/li>\r\n\r\n\r\n\r\n<li>N\u00e1useas<\/li>\r\n\r\n\r\n\r\n<li>Fatiga<\/li>\r\n\r\n\r\n\r\n<li>Mareo<\/li>\r\n\r\n\r\n\r\n<li>Debilidad<\/li>\r\n\r\n\r\n\r\n<li>Confusi\u00f3n<\/li>\r\n\r\n\r\n\r\n<li>P\u00e9rdida de conciencia<\/li>\r\n<\/ul>\r\n\r\n\r\n\r\n<p>Una vez inhalado, el mon\u00f3xido de carbono disminuye la capacidad de la sangre para transportar ox\u00edgeno. Puede provocar dolores en el pecho o ataques card\u00edacos en personas con enfermedades card\u00edacas. Tambi\u00e9n puede provocar da\u00f1o cerebral permanente.<\/p>\r\n\r\n\r\n\r\n<h2 id=\"h-preventing-carbon-monoxide-poisoning\" class=\"wp-block-heading\"><strong>Prevenci\u00f3n de la intoxicaci\u00f3n por mon\u00f3xido de carbono<\/strong><\/h2>\r\n\r\n\r\n\r\n<p>Prot\u00e9jase a usted y a su familia del envenenamiento por mon\u00f3xido de carbono haciendo lo siguiente:<\/p>\r\n\r\n\r\n\r\n<ul class=\"wp-block-list\">\r\n<li>Evite utilizar elementos que produzcan mon\u00f3xido de carbono dentro de su casa o garaje.<\/li>\r\n\r\n\r\n\r\n<li>Nunca deje el coche en marcha en un garaje, incluso cuando la puerta del garaje est\u00e9 abierta.<\/li>\r\n\r\n\r\n\r\n<li>Nunca utilice hornos de gas para calentar su casa.<\/li>\r\n\r\n\r\n\r\n<li>Si utiliza una chimenea o estufa de le\u00f1a, aseg\u00farese de que las chimeneas y los conductos de humos no est\u00e9n bloqueados.<\/li>\r\n\r\n\r\n\r\n<li>Aseg\u00farese de que haya detectores de mon\u00f3xido de carbono instalados en todos los niveles de su casa y fuera de cada \u00e1rea de dormir. Los detectores deben probarse mensualmente. Cambie las bater\u00edas al menos una vez al a\u00f1o.<\/li>\r\n<\/ul>\r\n\r\n\r\n\r\n<p>Tenga cuidado con las fuentes m\u00e1s comunes de mon\u00f3xido de carbono en su hogar. Entre ellas se incluyen el horno, el calentador de agua, la secadora, la chimenea, la cocina, el autom\u00f3vil, la chimenea y la barbacoa.<\/p>\r\n\r\n\r\n\r\n<p>Si la alarma de mon\u00f3xido de carbono de su hogar emite pitidos continuos sin parar, podr\u00eda indicar la presencia de mon\u00f3xido de carbono. Si presenta s\u00edntomas de intoxicaci\u00f3n, como mareos, dolor de cabeza, v\u00f3mitos o s\u00edntomas similares a los de la gripe, busque aire fresco y llame al 911 de inmediato. Si no tiene una alarma de mon\u00f3xido de carbono en su hogar, puede calificar para obtener una gratis. Comun\u00edquese con el Departamento de Bomberos de Seattle para obtener m\u00e1s informaci\u00f3n.\u00a0<\/p>\r\n\r\n\r\n\r\n<h2 id=\"h-contact-us-today\" class=\"wp-block-heading\"><strong>Cont\u00e1ctenos hoy<\/strong><\/h2>\r\n\r\n\r\n\r\n<p>La intoxicaci\u00f3n por mon\u00f3xido de carbono puede ser causada por un veh\u00edculo, un detector defectuoso o un propietario negligente. Si usted o un ser querido se ha visto afectado, busque ayuda legal hoy mismo.\u00a0<\/p>\r\n\r\n\r\n\r\n<p>Los abogados de lesiones personales de Seattle de Premier Law Group defienden a las v\u00edctimas lesionadas. Estamos disponibles para ayudar a las personas afectadas por intoxicaci\u00f3n por mon\u00f3xido de carbono. <a href=\"https:\/\/plg-pllc.com\/contact-us\/\">Rellene el formulario online<\/a> o ll\u00e1menos o env\u00edenos un mensaje de texto para una consulta gratuita al (206) 880-7437.<\/p>\r\n\n        <div class=\"rs-content-cta\">\n            <p>Llamar o enviar mensaje de texto <a href=\"tel:+12062851743\">(206) 285-1743<\/a> o complete un formulario de evaluaci\u00f3n de caso gratuito<\/p>\n            <a href=\"https:\/\/plg-pllc.com\/es\/contact-us\/\" title=\"OBTENGA UNA EVALUACI\u00d3N DE CASO GRATUITA\" class=\"btn-global\">OBTENGA UNA EVALUACI\u00d3N DE CASO GRATUITA<\/a>\n                    <picture>\n                            <source srcset=\"https:\/\/plg-pllc.com\/wp-content\/themes\/plg-pllc-redesign\/assets\/app\/img\/cta-thumb.webp\" type=\"image\/webp\"\/>\n                            <img src=\"https:\/\/plg-pllc.com\/wp-content\/themes\/plg-pllc-redesign\/assets\/app\/img\/cta-thumb.png\" alt=\"Grupo de abogados Premier\" title=\"Grupo de abogados Premier\" width=\"245\" height=\"220\" loading=\"auto\" fetchpriority=\"auto\" decoding=\"async\"\/>\n        <\/picture>\n        \n        <\/div>","protected":false},"excerpt":{"rendered":"<p>No se habla mucho de la intoxicaci\u00f3n por mon\u00f3xido de carbono, pero es un tema al que se le debe prestar m\u00e1s atenci\u00f3n, ya que es un asesino silencioso. En Seattle y el estado de Washington, la intoxicaci\u00f3n por mon\u00f3xido de carbono es una preocupaci\u00f3n importante. En promedio, m\u00e1s de 20 personas mueren cada a\u00f1o por intoxicaci\u00f3n accidental por mon\u00f3xido de carbono en el estado de Washington, y la mayor\u00eda de los casos ocurren...<\/p>","protected":false},"author":10,"featured_media":0,"parent":20122,"menu_order":0,"comment_status":"closed","ping_status":"closed","template":"","meta":{"_acf_changed":false,"_genesis_hide_title":false,"_genesis_hide_breadcrumbs":false,"_genesis_hide_singular_image":false,"_genesis_hide_footer_widgets":false,"_genesis_custom_body_class":"","_genesis_custom_post_class":"","_genesis_layout":"","footnotes":""},"hc_faqs":[],"class_list":{"0":"post-20205","1":"page","2":"type-page","3":"status-publish","5":"hc_city_location-seattle","6":"entry"},"acf":[],"yoast_head":"<!-- This site is optimized with the Yoast SEO plugin v27.2 - https:\/\/yoast.com\/product\/yoast-seo-wordpress\/ -->\n<title>Carbon Monoxide Poisoning Lawyer in Seattle | Free Case Review<\/title>\n<meta name=\"description\" content=\"Victim of carbon monoxide poisoning in Seattle? Contact Premier Law Group&#039;s experienced personal injury lawyers. We provide legal support for CO victims.\" \/>\n<meta name=\"robots\" content=\"index, follow, max-snippet:-1, max-image-preview:large, max-video-preview:-1\" \/>\n<link rel=\"canonical\" href=\"https:\/\/plg-pllc.com\/es\/seattle\/carbon-monoxide-poisoning-lawyer\/\" \/>\n<meta property=\"og:locale\" content=\"es_MX\" \/>\n<meta property=\"og:type\" content=\"article\" \/>\n<meta property=\"og:title\" content=\"Carbon Monoxide Poisoning Lawyer in Seattle | Free Case Review\" \/>\n<meta property=\"og:description\" content=\"Victim of carbon monoxide poisoning in Seattle? Contact Premier Law Group&#039;s experienced personal injury lawyers. We provide legal support for CO victims.\" \/>\n<meta property=\"og:url\" content=\"https:\/\/plg-pllc.com\/es\/seattle\/carbon-monoxide-poisoning-lawyer\/\" \/>\n<meta property=\"og:site_name\" content=\"Premier Law Group\" \/>\n<meta property=\"article:publisher\" content=\"https:\/\/www.facebook.com\/premierlawgroup\" \/>\n<meta property=\"article:modified_time\" content=\"2024-10-17T11:11:18+00:00\" \/>\n<meta name=\"twitter:card\" content=\"summary_large_image\" \/>\n<meta name=\"twitter:site\" content=\"@premierlawgroup\" \/>\n<meta name=\"twitter:label1\" content=\"Tiempo de lectura\" \/>\n\t<meta name=\"twitter:data1\" content=\"3 minutos\" \/>\n<script type=\"application\/ld+json\" class=\"yoast-schema-graph\">{\"@context\":\"https:\/\/schema.org\",\"@graph\":[{\"@type\":\"WebPage\",\"@id\":\"https:\/\/plg-pllc.com\/seattle\/carbon-monoxide-poisoning-lawyer\/\",\"url\":\"https:\/\/plg-pllc.com\/seattle\/carbon-monoxide-poisoning-lawyer\/\",\"name\":\"Carbon Monoxide Poisoning Lawyer in Seattle | Free Case Review\",\"isPartOf\":{\"@id\":\"https:\/\/plg-pllc.com\/#website\"},\"datePublished\":\"2024-01-03T19:59:30+00:00\",\"dateModified\":\"2024-10-17T11:11:18+00:00\",\"description\":\"Victim of carbon monoxide poisoning in Seattle? Contact Premier Law Group's experienced personal injury lawyers. We provide legal support for CO victims.\",\"breadcrumb\":{\"@id\":\"https:\/\/plg-pllc.com\/seattle\/carbon-monoxide-poisoning-lawyer\/#breadcrumb\"},\"inLanguage\":\"es\",\"potentialAction\":[{\"@type\":\"ReadAction\",\"target\":[\"https:\/\/plg-pllc.com\/seattle\/carbon-monoxide-poisoning-lawyer\/\"]}]},{\"@type\":\"BreadcrumbList\",\"@id\":\"https:\/\/plg-pllc.com\/seattle\/carbon-monoxide-poisoning-lawyer\/#breadcrumb\",\"itemListElement\":[{\"@type\":\"ListItem\",\"position\":1,\"name\":\"Home\",\"item\":\"https:\/\/plg-pllc.com\/es\/\"},{\"@type\":\"ListItem\",\"position\":2,\"name\":\"Seattle Personal Injury Lawyer\",\"item\":\"https:\/\/plg-pllc.com\/es\/seattle\/personal-injury-lawyer\/\"},{\"@type\":\"ListItem\",\"position\":3,\"name\":\"Seattle Carbon Monoxide Poisoning Lawyer\"}]},{\"@type\":\"WebSite\",\"@id\":\"https:\/\/plg-pllc.com\/#website\",\"url\":\"https:\/\/plg-pllc.com\/\",\"name\":\"Premier Law Group\",\"description\":\"Washington Wrongful Death and Serious Injury Lawyer\",\"publisher\":{\"@id\":\"https:\/\/plg-pllc.com\/#organization\"},\"inLanguage\":\"es\"},{\"@type\":\"Organization\",\"@id\":\"https:\/\/plg-pllc.com\/#organization\",\"name\":\"Premier Law Group\",\"url\":\"https:\/\/plg-pllc.com\/\",\"logo\":{\"@type\":\"ImageObject\",\"inLanguage\":\"es\",\"@id\":\"https:\/\/plg-pllc.com\/#\/schema\/logo\/image\/\",\"url\":\"https:\/\/plg-pllc.com\/wp-content\/uploads\/2020\/10\/plg-logo-v2.gif\",\"contentUrl\":\"https:\/\/plg-pllc.com\/wp-content\/uploads\/2020\/10\/plg-logo-v2.gif\",\"width\":592,\"height\":191,\"caption\":\"Premier Law Group\"},\"image\":{\"@id\":\"https:\/\/plg-pllc.com\/#\/schema\/logo\/image\/\"},\"sameAs\":[\"https:\/\/www.facebook.com\/premierlawgroup\",\"https:\/\/x.com\/premierlawgroup\"]}]}<\/script>\n<!-- \/ Yoast SEO plugin. -->","yoast_head_json":{"title":"Abogado de intoxicaci\u00f3n por mon\u00f3xido de carbono en Seattle | Revisi\u00f3n gratuita de casos","description":"\u00bfV\u00edctima de intoxicaci\u00f3n por mon\u00f3xido de carbono en Seattle? P\u00f3ngase en contacto con los abogados expertos en lesiones personales de Premier Law Group. Brindamos asistencia legal a las v\u00edctimas de CO.","robots":{"index":"index","follow":"follow","max-snippet":"max-snippet:-1","max-image-preview":"max-image-preview:large","max-video-preview":"max-video-preview:-1"},"canonical":"https:\/\/plg-pllc.com\/es\/seattle\/carbon-monoxide-poisoning-lawyer\/","og_locale":"es_MX","og_type":"article","og_title":"Carbon Monoxide Poisoning Lawyer in Seattle | Free Case Review","og_description":"Victim of carbon monoxide poisoning in Seattle? Contact Premier Law Group's experienced personal injury lawyers. We provide legal support for CO victims.","og_url":"https:\/\/plg-pllc.com\/es\/seattle\/carbon-monoxide-poisoning-lawyer\/","og_site_name":"Premier Law Group","article_publisher":"https:\/\/www.facebook.com\/premierlawgroup","article_modified_time":"2024-10-17T11:11:18+00:00","twitter_card":"summary_large_image","twitter_site":"@premierlawgroup","twitter_misc":{"Tiempo de lectura":"3 minutos"},"schema":{"@context":"https:\/\/schema.org","@graph":[{"@type":"WebPage","@id":"https:\/\/plg-pllc.com\/seattle\/carbon-monoxide-poisoning-lawyer\/","url":"https:\/\/plg-pllc.com\/seattle\/carbon-monoxide-poisoning-lawyer\/","name":"Abogado de intoxicaci\u00f3n por mon\u00f3xido de carbono en Seattle | Revisi\u00f3n gratuita de casos","isPartOf":{"@id":"https:\/\/plg-pllc.com\/#website"},"datePublished":"2024-01-03T19:59:30+00:00","dateModified":"2024-10-17T11:11:18+00:00","description":"\u00bfV\u00edctima de intoxicaci\u00f3n por mon\u00f3xido de carbono en Seattle? P\u00f3ngase en contacto con los abogados expertos en lesiones personales de Premier Law Group. Brindamos asistencia legal a las v\u00edctimas de CO.","breadcrumb":{"@id":"https:\/\/plg-pllc.com\/seattle\/carbon-monoxide-poisoning-lawyer\/#breadcrumb"},"inLanguage":"es","potentialAction":[{"@type":"ReadAction","target":["https:\/\/plg-pllc.com\/seattle\/carbon-monoxide-poisoning-lawyer\/"]}]},{"@type":"BreadcrumbList","@id":"https:\/\/plg-pllc.com\/seattle\/carbon-monoxide-poisoning-lawyer\/#breadcrumb","itemListElement":[{"@type":"ListItem","position":1,"name":"Home","item":"https:\/\/plg-pllc.com\/es\/"},{"@type":"ListItem","position":2,"name":"Seattle Personal Injury Lawyer","item":"https:\/\/plg-pllc.com\/es\/seattle\/personal-injury-lawyer\/"},{"@type":"ListItem","position":3,"name":"Seattle Carbon Monoxide Poisoning Lawyer"}]},{"@type":"WebSite","@id":"https:\/\/plg-pllc.com\/#website","url":"https:\/\/plg-pllc.com\/","name":"Grupo de abogados Premier","description":"Abogado de muerte por negligencia y lesiones graves en Washington","publisher":{"@id":"https:\/\/plg-pllc.com\/#organization"},"inLanguage":"es"},{"@type":"Organization","@id":"https:\/\/plg-pllc.com\/#organization","name":"Grupo de abogados Premier","url":"https:\/\/plg-pllc.com\/","logo":{"@type":"ImageObject","inLanguage":"es","@id":"https:\/\/plg-pllc.com\/#\/schema\/logo\/image\/","url":"https:\/\/plg-pllc.com\/wp-content\/uploads\/2020\/10\/plg-logo-v2.gif","contentUrl":"https:\/\/plg-pllc.com\/wp-content\/uploads\/2020\/10\/plg-logo-v2.gif","width":592,"height":191,"caption":"Premier Law Group"},"image":{"@id":"https:\/\/plg-pllc.com\/#\/schema\/logo\/image\/"},"sameAs":["https:\/\/www.facebook.com\/premierlawgroup","https:\/\/x.com\/premierlawgroup"]}]}},"_links":{"self":[{"href":"https:\/\/plg-pllc.com\/es\/wp-json\/wp\/v2\/pages\/20205","targetHints":{"allow":["GET"]}}],"collection":[{"href":"https:\/\/plg-pllc.com\/es\/wp-json\/wp\/v2\/pages"}],"about":[{"href":"https:\/\/plg-pllc.com\/es\/wp-json\/wp\/v2\/types\/page"}],"author":[{"embeddable":true,"href":"https:\/\/plg-pllc.com\/es\/wp-json\/wp\/v2\/users\/10"}],"replies":[{"embeddable":true,"href":"https:\/\/plg-pllc.com\/es\/wp-json\/wp\/v2\/comments?post=20205"}],"version-history":[{"count":0,"href":"https:\/\/plg-pllc.com\/es\/wp-json\/wp\/v2\/pages\/20205\/revisions"}],"up":[{"embeddable":true,"href":"https:\/\/plg-pllc.com\/es\/wp-json\/wp\/v2\/pages\/20122"}],"wp:attachment":[{"href":"https:\/\/plg-pllc.com\/es\/wp-json\/wp\/v2\/media?parent=20205"}],"wp:term":[{"taxonomy":"hc_faqs","embeddable":true,"href":"https:\/\/plg-pllc.com\/es\/wp-json\/wp\/v2\/hc_faqs?post=20205"}],"curies":[{"name":"gracias","href":"https:\/\/api.w.org\/{rel}","templated":true}]}}