{"id":20207,"date":"2024-01-03T14:33:26","date_gmt":"2024-01-03T22:33:26","guid":{"rendered":"https:\/\/plgstage.wpengine.com\/?page_id=20207"},"modified":"2025-03-12T10:53:20","modified_gmt":"2025-03-12T17:53:20","slug":"seattle-spinal-cord-injury-lawyer-2","status":"publish","type":"page","link":"https:\/\/plg-pllc.com\/es\/seattle\/spinal-cord-injury-lawyer\/","title":{"rendered":"Abogado de lesiones de la m\u00e9dula espinal en Seattle"},"content":{"rendered":"<p><span style=\"font-weight: 400;\">\u00bfNecesita ayuda para recuperarse de una lesi\u00f3n reciente en la m\u00e9dula espinal? Nuestros abogados de Seattle pueden ayudarlo a presentar una reclamaci\u00f3n de seguro ante un proveedor relevante. Si no puede obtener el apoyo que necesita con una reclamaci\u00f3n de seguro, podemos llevar su lucha por una compensaci\u00f3n a un tribunal civil.<\/span><\/p>\r\n<p><span style=\"font-weight: 400;\">Premier Law Group y nuestra <\/span><a href=\"https:\/\/plg-pllc.com\/seattle\/personal-injury-lawyer\/\"><span style=\"font-weight: 400;\">Abogados de lesiones personales en Seattle<\/span><\/a><span style=\"font-weight: 400;\"> Han ayudado a personas heridas a recuperarse <\/span><b>M\u00e1s de 100 millones de d\u00f3lares desde 2001<\/b><span style=\"font-weight: 400;\">Queremos hacer lo mismo por usted. Puede reservar una consulta gratuita con nuestro equipo hoy mismo para obtener m\u00e1s informaci\u00f3n sobre su derecho a emprender acciones legales despu\u00e9s de una lesi\u00f3n de la m\u00e9dula espinal.<\/span><\/p>\r\n<p><span style=\"font-weight: 400;\">Premier Law Group: lo suficientemente grande para ganar, lo suficientemente peque\u00f1o para preocuparse.<\/span><\/p>\r\n<h2>\u00bfC\u00f3mo puede recuperarse financieramente de una lesi\u00f3n de la m\u00e9dula espinal?<\/h2>\r\n<p><span style=\"font-weight: 400;\">Las lesiones de la m\u00e9dula espinal no solo afectan su vida a nivel f\u00edsico. La mayor\u00eda de estas lesiones requieren atenci\u00f3n especializada y, en la mayor\u00eda de los casos, cirug\u00edas. Si no cuenta con los recursos econ\u00f3micos para pagar el tratamiento, puede encontrarse con una deuda m\u00e9dica importante.\u00a0<\/span><\/p>\r\n<p><span style=\"font-weight: 400;\">\u00bfC\u00f3mo puede mantenerse al d\u00eda con su atenci\u00f3n m\u00e9dica esencial y al mismo tiempo evitar endeudarse? Nuestros abogados especializados en lesiones de la m\u00e9dula espinal en Seattle recomiendan dos cursos de acci\u00f3n. Puede responsabilizar a un proveedor de seguros por su recuperaci\u00f3n o puede presentar una demanda por lesiones personales contra una parte responsable.<\/span><\/p>\r\n<h3>C\u00f3mo trabajar con un abogado especializado en lesiones de la m\u00e9dula espinal de Seattle para presentar un reclamo de seguro<\/h3>\r\n<p><span style=\"font-weight: 400;\">La mayor\u00eda de las personas tienen alg\u00fan tipo de seguro dise\u00f1ado para protegerlas de las consecuencias financieras de un accidente grave. Si sufre un accidente automovil\u00edstico, un accidente de cami\u00f3n o un accidente en la propiedad de otra persona, deber\u00eda tener derecho a comunicarse con el proveedor de la parte responsable. Sin embargo, debe hacerlo r\u00e1pidamente y con pruebas suficientes para demostrarle al proveedor que merece apoyo financiero.<\/span><\/p>\r\n<p><span style=\"font-weight: 400;\">Desafortunadamente, <\/span><b>Los ajustadores de reclamaciones de seguros no quieren ayudarle<\/b><span style=\"font-weight: 400;\"> Recuperarse econ\u00f3micamente de una lesi\u00f3n de la m\u00e9dula espinal. La mayor\u00eda utilizar\u00e1 t\u00e1cticas de mala fe para negarle el apoyo que merece, a menudo tergiversando las pruebas o demorando deliberadamente el proceso de presentaci\u00f3n de la reclamaci\u00f3n.\u00a0<\/span><\/p>\r\n<p><span style=\"font-weight: 400;\">\u00bfC\u00f3mo puede evitar estas t\u00e1cticas de mala fe? Puede pedirle a un abogado que lo ayude a presentar su reclamo inicial. Un abogado puede supervisar sus conversaciones con los liquidadores de reclamos de seguros, lo que minimizar\u00e1 las oportunidades de que utilicen sus palabras y pruebas en su contra.<\/span><\/p>\r\n<h3>C\u00f3mo trabajar con un abogado especializado en lesiones de la m\u00e9dula espinal en Seattle para presentar una reclamaci\u00f3n por lesiones personales<\/h3>\r\n<p><span style=\"font-weight: 400;\">Si tiene dificultades para hacerse o\u00edr en las conversaciones con un perito de seguros, puede pedirle ayuda a un abogado para llevar su lucha por una indemnizaci\u00f3n por accidente a un tribunal civil. Presentar una reclamaci\u00f3n por lesiones personales requiere que se someta a muchos de los mismos procesos que debe seguir al preparar una reclamaci\u00f3n de seguro.<\/span><\/p>\r\n<p><span style=\"font-weight: 400;\">Por ejemplo, necesitar\u00e1s:<\/span><\/p>\r\n<ul>\r\n<li style=\"font-weight: 400;\" aria-level=\"1\"><span style=\"font-weight: 400;\">Suficientes pruebas para satisfacer la carga de la prueba de Washington<\/span><\/li>\r\n<li style=\"font-weight: 400;\" aria-level=\"1\"><span style=\"font-weight: 400;\">Evidencia de que una parte responsable le caus\u00f3 p\u00e9rdidas econ\u00f3micas y no econ\u00f3micas<\/span><\/li>\r\n<\/ul>\r\n<p><span style=\"font-weight: 400;\">Toda esta informaci\u00f3n debe llegar a un tribunal civil de Washington antes de que prescriba su caso (<\/span><a href=\"https:\/\/app.leg.wa.gov\/rcw\/default.aspx?cite=4.16.080\" target=\"_blank\" rel=\"noopener\"><span style=\"font-weight: 400;\">C\u00f3digo Rev. de Washington \u00a7 4.16.080(2)<\/span><\/a><span style=\"font-weight: 400;\">) expira, o de lo contrario puede perder la oportunidad de exigir da\u00f1os y perjuicios en funci\u00f3n de sus p\u00e9rdidas.<\/span><\/p>\r\n<p><span style=\"font-weight: 400;\">Tambi\u00e9n podr\u00eda tener derecho a presentar una demanda contra una parte responsable si un ser querido fallece a causa de una lesi\u00f3n de la m\u00e9dula espinal. Sin embargo, solo un albacea personal puede presentar una demanda por homicidio culposo en nombre de una persona fallecida a causa de una lesi\u00f3n de la m\u00e9dula espinal.<\/span><\/p>\r\n<p><span style=\"font-weight: 400;\">Puede discutir su derecho a presentar un reclamo aplicable durante una consulta de caso de muerte por negligencia.<\/span><\/p>\r\n<h2>Base su recuperaci\u00f3n en evidencia integral<\/h2>\r\n<p><span style=\"font-weight: 400;\">Al solicitar una indemnizaci\u00f3n por da\u00f1os y perjuicios en funci\u00f3n de las p\u00e9rdidas sufridas por una lesi\u00f3n de la m\u00e9dula espinal, debe demostrar que sus p\u00e9rdidas se debieron a la negligencia de otra persona. Para ello, puede presentar pruebas que ampl\u00eden la historia de la negligencia detr\u00e1s de su accidente.<\/span><\/p>\r\n<p><span style=\"font-weight: 400;\">Esta evidencia puede incluir:<\/span><\/p>\r\n<ul>\r\n<li style=\"font-weight: 400;\" aria-level=\"1\"><span style=\"font-weight: 400;\">Fotos y v\u00eddeos de tu accidente<\/span><\/li>\r\n<li style=\"font-weight: 400;\" aria-level=\"1\"><span style=\"font-weight: 400;\">Declaraciones de los transe\u00fantes<\/span><\/li>\r\n<li style=\"font-weight: 400;\" aria-level=\"1\"><span style=\"font-weight: 400;\">Aportes de agentes de polic\u00eda y personal de emergencias<\/span><\/li>\r\n<li style=\"font-weight: 400;\" aria-level=\"1\"><span style=\"font-weight: 400;\">Documentos m\u00e9dicos, radiograf\u00edas, papeleo y planes de tratamiento.<\/span><\/li>\r\n<li style=\"font-weight: 400;\" aria-level=\"1\"><span style=\"font-weight: 400;\">Facturas relacionadas con su atenci\u00f3n posterior al accidente<\/span><\/li>\r\n<li style=\"font-weight: 400;\" aria-level=\"1\"><span style=\"font-weight: 400;\">Declaraciones adicionales de testigos expertos<\/span><\/li>\r\n<li style=\"font-weight: 400;\" aria-level=\"1\"><span style=\"font-weight: 400;\">Da\u00f1os ambientales y\/o desechos f\u00edsicos<\/span><\/li>\r\n<li style=\"font-weight: 400;\" aria-level=\"1\"><span style=\"font-weight: 400;\">Prueba electr\u00f3nica, seg\u00fan corresponda<\/span><\/li>\r\n<li style=\"font-weight: 400;\" aria-level=\"1\"><span style=\"font-weight: 400;\">Una caja negra de un cami\u00f3n o equipo pesado de construcci\u00f3n, si corresponde<\/span><\/li>\r\n<\/ul>\r\n<h2>Elija si quiere llevar su caso a juicio o no<\/h2>\r\n<p><span style=\"font-weight: 400;\">No tiene obligaci\u00f3n de defender su derecho a recibir una indemnizaci\u00f3n por lesiones de la m\u00e9dula espinal ante un juez y un jurado. La mayor\u00eda de las demandas por lesiones personales que abordan lesiones graves de la m\u00e9dula espinal llegan a su resoluci\u00f3n final en negociaciones privadas de conciliaci\u00f3n. Usted y su abogado pueden asistir a estas negociaciones, explicar sus p\u00e9rdidas y presentar su caso directamente a la parte responsable.<\/span><\/p>\r\n<p><span style=\"font-weight: 400;\">Sin embargo, presentar una demanda por lesiones personales le permite preservar su derecho a ir a juicio. <\/span><b>Si surgiera la necesidad de hacerlo<\/b><span style=\"font-weight: 400;\">Si no puede lograr que una parte responsable coopere con usted, su abogado especializado en lesiones de la m\u00e9dula espinal en Seattle, WA, puede prepararlo para:<\/span><\/p>\r\n<ul>\r\n<li style=\"font-weight: 400;\" aria-level=\"1\"><span style=\"font-weight: 400;\">Descubrimiento<\/span><\/li>\r\n<li style=\"font-weight: 400;\" aria-level=\"1\"><span style=\"font-weight: 400;\">Declaraciones de apertura<\/span><\/li>\r\n<li style=\"font-weight: 400;\" aria-level=\"1\"><span style=\"font-weight: 400;\">Examen<\/span><\/li>\r\n<li style=\"font-weight: 400;\" aria-level=\"1\"><span style=\"font-weight: 400;\">Contrainterrogatorio<\/span><\/li>\r\n<li style=\"font-weight: 400;\" aria-level=\"1\"><span style=\"font-weight: 400;\">Declaraciones de cierre<\/span><\/li>\r\n<li style=\"font-weight: 400;\" aria-level=\"1\"><span style=\"font-weight: 400;\">Deliberaci\u00f3n y veredicto<\/span><\/li>\r\n<\/ul>\r\n<p><span style=\"font-weight: 400;\">Si surge la necesidad, tambi\u00e9n podemos ayudarle a apelar la decisi\u00f3n del tribunal.<\/span><\/p>\r\n\n        <div class=\"rs-content-cta long\">\n            <p>Para una consulta legal GRATUITA con un abogado especializado en lesiones de la m\u00e9dula espinal que preste servicios en Seattle, llame al <a href=\"tel:+12062851743\">(206) 285-1743 <\/a><\/p>\n            <a href=\"https:\/\/plg-pllc.com\/es\/contact-us\/\" title=\"OBTENGA UNA EVALUACI\u00d3N DE CASO GRATUITA\" class=\"btn-global\">OBTENGA UNA EVALUACI\u00d3N DE CASO GRATUITA<\/a>\n                    <picture>\n                            <source srcset=\"https:\/\/plg-pllc.com\/wp-content\/themes\/plg-pllc-redesign\/assets\/app\/img\/cta-thumb.webp\" type=\"image\/webp\"\/>\n                            <img src=\"https:\/\/plg-pllc.com\/wp-content\/themes\/plg-pllc-redesign\/assets\/app\/img\/cta-thumb.png\" alt=\"Grupo de abogados Premier\" title=\"Grupo de abogados Premier\" width=\"245\" height=\"220\" loading=\"auto\" fetchpriority=\"auto\" decoding=\"async\"\/>\n        <\/picture>\n        \n        <\/div><h2>Su consulta sobre lesi\u00f3n de la m\u00e9dula espinal es gratuita<\/h2>\r\n<p><span style=\"font-weight: 400;\">No tiene que pagar un centavo para solicitar asesoramiento legal a nuestros abogados especializados en lesiones de m\u00e9dula espinal en Seattle, WA. Queremos que tenga la oportunidad de hablar con franqueza sobre su accidente.<\/span><\/p>\r\n<p><span style=\"font-weight: 400;\">Una vez que haya finalizado su consulta, depende completamente de usted decidir si desea o no seguir adelante con un caso y, si lo hace, c\u00f3mo deber\u00eda ser ese caso.<\/span><\/p>\r\n<p><span style=\"font-weight: 400;\">Premier Law Group y sus abogados est\u00e1n aqu\u00ed para devolverle el poder despu\u00e9s de un accidente que le cambi\u00f3 la vida. No permita que el plazo de prescripci\u00f3n de su caso de lesi\u00f3n de la m\u00e9dula espinal expire. Puede reservar su cita <\/span><b>consulta de caso gratuita<\/b><span style=\"font-weight: 400;\"> hoy.<\/span><\/p>\r\n\n        <div class=\"rs-content-cta\">\n            <p>Llamar o enviar mensaje de texto <a href=\"tel:+12062851743\">(206) 285-1743<\/a> o complete un formulario de evaluaci\u00f3n de caso gratuito<\/p>\n            <a href=\"https:\/\/plg-pllc.com\/es\/contact-us\/\" title=\"OBTENGA UNA EVALUACI\u00d3N DE CASO GRATUITA\" class=\"btn-global\">OBTENGA UNA EVALUACI\u00d3N DE CASO GRATUITA<\/a>\n                    <picture>\n                            <source srcset=\"https:\/\/plg-pllc.com\/wp-content\/themes\/plg-pllc-redesign\/assets\/app\/img\/cta-thumb.webp\" type=\"image\/webp\"\/>\n                            <img src=\"https:\/\/plg-pllc.com\/wp-content\/themes\/plg-pllc-redesign\/assets\/app\/img\/cta-thumb.png\" alt=\"Grupo de abogados Premier\" title=\"Grupo de abogados Premier\" width=\"245\" height=\"220\" loading=\"auto\" fetchpriority=\"auto\" decoding=\"async\"\/>\n        <\/picture>\n        \n        <\/div>","protected":false},"excerpt":{"rendered":"<p>\u00bfNecesita ayuda para recuperarse de una lesi\u00f3n medular reciente? Nuestros abogados de Seattle pueden ayudarle a presentar una reclamaci\u00f3n al seguro con el proveedor correspondiente. Si no obtiene el apoyo necesario con su reclamaci\u00f3n, podemos llevar su caso a un tribunal civil. Premier Law Group y nuestro bufete de abogados de lesiones personales en Seattle\u2026<\/p>","protected":false},"author":10,"featured_media":0,"parent":20122,"menu_order":0,"comment_status":"closed","ping_status":"closed","template":"","meta":{"_acf_changed":false,"_genesis_hide_title":false,"_genesis_hide_breadcrumbs":false,"_genesis_hide_singular_image":false,"_genesis_hide_footer_widgets":false,"_genesis_custom_body_class":"","_genesis_custom_post_class":"","_genesis_layout":"","footnotes":""},"hc_faqs":[],"class_list":{"0":"post-20207","1":"page","2":"type-page","3":"status-publish","5":"hc_city_location-seattle","6":"entry"},"acf":[],"yoast_head":"<!-- This site is optimized with the Yoast SEO plugin v27.4 - https:\/\/yoast.com\/product\/yoast-seo-wordpress\/ -->\n<title>Spinal Cord Injury Lawyers in Seattle, WA | Call Today<\/title>\n<meta name=\"description\" content=\"You can call our Seattle spinal cord injury lawyers immediately after a serious accident to secure the representation you need to recover.\" \/>\n<meta name=\"robots\" content=\"index, follow, max-snippet:-1, max-image-preview:large, max-video-preview:-1\" \/>\n<link rel=\"canonical\" href=\"https:\/\/plg-pllc.com\/es\/seattle\/spinal-cord-injury-lawyer\/\" \/>\n<meta property=\"og:locale\" content=\"es_MX\" \/>\n<meta property=\"og:type\" content=\"article\" \/>\n<meta property=\"og:title\" content=\"Spinal Cord Injury Lawyers in Seattle, WA | Call Today\" \/>\n<meta property=\"og:description\" content=\"You can call our Seattle spinal cord injury lawyers immediately after a serious accident to secure the representation you need to recover.\" \/>\n<meta property=\"og:url\" content=\"https:\/\/plg-pllc.com\/es\/seattle\/spinal-cord-injury-lawyer\/\" \/>\n<meta property=\"og:site_name\" content=\"Premier Law Group\" \/>\n<meta property=\"article:publisher\" content=\"https:\/\/www.facebook.com\/premierlawgroup\" \/>\n<meta property=\"article:modified_time\" content=\"2025-03-12T17:53:20+00:00\" \/>\n<meta name=\"twitter:card\" content=\"summary_large_image\" \/>\n<meta name=\"twitter:site\" content=\"@premierlawgroup\" \/>\n<meta name=\"twitter:label1\" content=\"Tiempo de lectura\" \/>\n\t<meta name=\"twitter:data1\" content=\"5 minutos\" \/>\n<script type=\"application\/ld+json\" class=\"yoast-schema-graph\">{\"@context\":\"https:\\\/\\\/schema.org\",\"@graph\":[{\"@type\":\"WebPage\",\"@id\":\"https:\\\/\\\/plg-pllc.com\\\/seattle\\\/spinal-cord-injury-lawyer\\\/\",\"url\":\"https:\\\/\\\/plg-pllc.com\\\/seattle\\\/spinal-cord-injury-lawyer\\\/\",\"name\":\"Spinal Cord Injury Lawyers in Seattle, WA | Call Today\",\"isPartOf\":{\"@id\":\"https:\\\/\\\/plg-pllc.com\\\/#website\"},\"datePublished\":\"2024-01-03T22:33:26+00:00\",\"dateModified\":\"2025-03-12T17:53:20+00:00\",\"description\":\"You can call our Seattle spinal cord injury lawyers immediately after a serious accident to secure the representation you need to recover.\",\"breadcrumb\":{\"@id\":\"https:\\\/\\\/plg-pllc.com\\\/seattle\\\/spinal-cord-injury-lawyer\\\/#breadcrumb\"},\"inLanguage\":\"es\",\"potentialAction\":[{\"@type\":\"ReadAction\",\"target\":[\"https:\\\/\\\/plg-pllc.com\\\/seattle\\\/spinal-cord-injury-lawyer\\\/\"]}]},{\"@type\":\"BreadcrumbList\",\"@id\":\"https:\\\/\\\/plg-pllc.com\\\/seattle\\\/spinal-cord-injury-lawyer\\\/#breadcrumb\",\"itemListElement\":[{\"@type\":\"ListItem\",\"position\":1,\"name\":\"Home\",\"item\":\"https:\\\/\\\/plg-pllc.com\\\/es\\\/\"},{\"@type\":\"ListItem\",\"position\":2,\"name\":\"Seattle Personal Injury Lawyer\",\"item\":\"https:\\\/\\\/plg-pllc.com\\\/es\\\/seattle\\\/personal-injury-lawyer\\\/\"},{\"@type\":\"ListItem\",\"position\":3,\"name\":\"Seattle Spinal Cord Injury Lawyer\"}]},{\"@type\":\"WebSite\",\"@id\":\"https:\\\/\\\/plg-pllc.com\\\/#website\",\"url\":\"https:\\\/\\\/plg-pllc.com\\\/\",\"name\":\"Premier Law Group\",\"description\":\"Washington Wrongful Death and Serious Injury Lawyer\",\"publisher\":{\"@id\":\"https:\\\/\\\/plg-pllc.com\\\/#organization\"},\"inLanguage\":\"es\"},{\"@type\":\"Organization\",\"@id\":\"https:\\\/\\\/plg-pllc.com\\\/#organization\",\"name\":\"Premier Law Group\",\"url\":\"https:\\\/\\\/plg-pllc.com\\\/\",\"logo\":{\"@type\":\"ImageObject\",\"inLanguage\":\"es\",\"@id\":\"https:\\\/\\\/plg-pllc.com\\\/#\\\/schema\\\/logo\\\/image\\\/\",\"url\":\"https:\\\/\\\/plg-pllc.com\\\/wp-content\\\/uploads\\\/2020\\\/10\\\/plg-logo-v2.gif\",\"contentUrl\":\"https:\\\/\\\/plg-pllc.com\\\/wp-content\\\/uploads\\\/2020\\\/10\\\/plg-logo-v2.gif\",\"width\":592,\"height\":191,\"caption\":\"Premier Law Group\"},\"image\":{\"@id\":\"https:\\\/\\\/plg-pllc.com\\\/#\\\/schema\\\/logo\\\/image\\\/\"},\"sameAs\":[\"https:\\\/\\\/www.facebook.com\\\/premierlawgroup\",\"https:\\\/\\\/x.com\\\/premierlawgroup\"]}]}<\/script>\n<!-- \/ Yoast SEO plugin. -->","yoast_head_json":{"title":"Abogados especializados en lesiones de la m\u00e9dula espinal en Seattle, WA | Llame hoy","description":"Puede llamar a nuestros abogados especializados en lesiones de la m\u00e9dula espinal de Seattle inmediatamente despu\u00e9s de un accidente grave para asegurar la representaci\u00f3n que necesita para recuperarse.","robots":{"index":"index","follow":"follow","max-snippet":"max-snippet:-1","max-image-preview":"max-image-preview:large","max-video-preview":"max-video-preview:-1"},"canonical":"https:\/\/plg-pllc.com\/es\/seattle\/spinal-cord-injury-lawyer\/","og_locale":"es_MX","og_type":"article","og_title":"Spinal Cord Injury Lawyers in Seattle, WA | Call Today","og_description":"You can call our Seattle spinal cord injury lawyers immediately after a serious accident to secure the representation you need to recover.","og_url":"https:\/\/plg-pllc.com\/es\/seattle\/spinal-cord-injury-lawyer\/","og_site_name":"Premier Law Group","article_publisher":"https:\/\/www.facebook.com\/premierlawgroup","article_modified_time":"2025-03-12T17:53:20+00:00","twitter_card":"summary_large_image","twitter_site":"@premierlawgroup","twitter_misc":{"Tiempo de lectura":"5 minutos"},"schema":{"@context":"https:\/\/schema.org","@graph":[{"@type":"WebPage","@id":"https:\/\/plg-pllc.com\/seattle\/spinal-cord-injury-lawyer\/","url":"https:\/\/plg-pllc.com\/seattle\/spinal-cord-injury-lawyer\/","name":"Abogados especializados en lesiones de la m\u00e9dula espinal en Seattle, WA | Llame hoy","isPartOf":{"@id":"https:\/\/plg-pllc.com\/#website"},"datePublished":"2024-01-03T22:33:26+00:00","dateModified":"2025-03-12T17:53:20+00:00","description":"Puede llamar a nuestros abogados especializados en lesiones de la m\u00e9dula espinal de Seattle inmediatamente despu\u00e9s de un accidente grave para asegurar la representaci\u00f3n que necesita para recuperarse.","breadcrumb":{"@id":"https:\/\/plg-pllc.com\/seattle\/spinal-cord-injury-lawyer\/#breadcrumb"},"inLanguage":"es","potentialAction":[{"@type":"ReadAction","target":["https:\/\/plg-pllc.com\/seattle\/spinal-cord-injury-lawyer\/"]}]},{"@type":"BreadcrumbList","@id":"https:\/\/plg-pllc.com\/seattle\/spinal-cord-injury-lawyer\/#breadcrumb","itemListElement":[{"@type":"ListItem","position":1,"name":"Home","item":"https:\/\/plg-pllc.com\/es\/"},{"@type":"ListItem","position":2,"name":"Seattle Personal Injury Lawyer","item":"https:\/\/plg-pllc.com\/es\/seattle\/personal-injury-lawyer\/"},{"@type":"ListItem","position":3,"name":"Seattle Spinal Cord Injury Lawyer"}]},{"@type":"WebSite","@id":"https:\/\/plg-pllc.com\/#website","url":"https:\/\/plg-pllc.com\/","name":"Grupo de abogados Premier","description":"Abogado de muerte por negligencia y lesiones graves en Washington","publisher":{"@id":"https:\/\/plg-pllc.com\/#organization"},"inLanguage":"es"},{"@type":"Organization","@id":"https:\/\/plg-pllc.com\/#organization","name":"Grupo de abogados Premier","url":"https:\/\/plg-pllc.com\/","logo":{"@type":"ImageObject","inLanguage":"es","@id":"https:\/\/plg-pllc.com\/#\/schema\/logo\/image\/","url":"https:\/\/plg-pllc.com\/wp-content\/uploads\/2020\/10\/plg-logo-v2.gif","contentUrl":"https:\/\/plg-pllc.com\/wp-content\/uploads\/2020\/10\/plg-logo-v2.gif","width":592,"height":191,"caption":"Premier Law Group"},"image":{"@id":"https:\/\/plg-pllc.com\/#\/schema\/logo\/image\/"},"sameAs":["https:\/\/www.facebook.com\/premierlawgroup","https:\/\/x.com\/premierlawgroup"]}]}},"_links":{"self":[{"href":"https:\/\/plg-pllc.com\/es\/wp-json\/wp\/v2\/pages\/20207","targetHints":{"allow":["GET"]}}],"collection":[{"href":"https:\/\/plg-pllc.com\/es\/wp-json\/wp\/v2\/pages"}],"about":[{"href":"https:\/\/plg-pllc.com\/es\/wp-json\/wp\/v2\/types\/page"}],"author":[{"embeddable":true,"href":"https:\/\/plg-pllc.com\/es\/wp-json\/wp\/v2\/users\/10"}],"replies":[{"embeddable":true,"href":"https:\/\/plg-pllc.com\/es\/wp-json\/wp\/v2\/comments?post=20207"}],"version-history":[{"count":0,"href":"https:\/\/plg-pllc.com\/es\/wp-json\/wp\/v2\/pages\/20207\/revisions"}],"up":[{"embeddable":true,"href":"https:\/\/plg-pllc.com\/es\/wp-json\/wp\/v2\/pages\/20122"}],"wp:attachment":[{"href":"https:\/\/plg-pllc.com\/es\/wp-json\/wp\/v2\/media?parent=20207"}],"wp:term":[{"taxonomy":"hc_faqs","embeddable":true,"href":"https:\/\/plg-pllc.com\/es\/wp-json\/wp\/v2\/hc_faqs?post=20207"}],"curies":[{"name":"gracias","href":"https:\/\/api.w.org\/{rel}","templated":true}]}}