{"id":20208,"date":"2024-01-03T15:09:14","date_gmt":"2024-01-03T23:09:14","guid":{"rendered":"https:\/\/plgstage.wpengine.com\/?page_id=20208"},"modified":"2026-03-24T15:04:44","modified_gmt":"2026-03-24T22:04:44","slug":"spinal-cord","status":"publish","type":"page","link":"https:\/\/plg-pllc.com\/es\/federal-way\/spinal-cord-injury-lawyer\/","title":{"rendered":"Abogado de lesiones de la m\u00e9dula espinal en Federal Way"},"content":{"rendered":"<p><span style=\"font-weight: 400;\">Recibir un diagn\u00f3stico de lesi\u00f3n de la m\u00e9dula espinal puede ser el comienzo de un largo y dif\u00edcil camino hacia la curaci\u00f3n. Las v\u00edctimas de accidentes automovil\u00edsticos, en particular, enfrentan un alto riesgo de sufrir da\u00f1os en la m\u00e9dula espinal en la colisi\u00f3n. Si result\u00f3 lesionado debido a la negligencia de otra persona, nuestro equipo de abogados le ayudar\u00e1 a resolver este problema. <\/span><b>Abogados de lesiones de la m\u00e9dula espinal en Federal Way<\/b><span style=\"font-weight: 400;\"> Le ayudar\u00e1 a solicitar una indemnizaci\u00f3n.<\/span><\/p>\r\n<p><span style=\"font-weight: 400;\">Premier Law Group comprende el impacto f\u00edsico, emocional y financiero de una lesi\u00f3n catastr\u00f3fica. Estamos en el negocio desde 2001 y hemos atendido a miles de clientes.<\/span><\/p>\r\n<p><span style=\"font-weight: 400;\">A lo largo de los a\u00f1os, hemos recuperado m\u00e1s de <\/span><b>$100 millones<\/b><span style=\"font-weight: 400;\"> Para clientes como usted. Ll\u00e1menos para programar una consulta gratuita con un<\/span> <a href=\"https:\/\/plg-pllc.com\/federal-way\/personal-injury-lawyer\/\"><span style=\"font-weight: 400;\">Abogado de lesiones personales en Federal Way<\/span><\/a><span style=\"font-weight: 400;\"> De nuestro equipo.<\/span><\/p>\r\n<h2><span style=\"font-weight: 400;\">Abogados de lesiones de la m\u00e9dula espinal de Federal Way que se preocupan<\/span><\/h2>\r\n<p><span style=\"font-weight: 400;\">Entendemos lo dif\u00edcil que puede ser lidiar con una lesi\u00f3n de la m\u00e9dula espinal. Nuestro equipo brinda <\/span><b>apoyo legal compasivo<\/b><span style=\"font-weight: 400;\"> Nos enfocamos en luchar por sus derechos para que usted pueda concentrarse en reconstruir su vida.<\/span><\/p>\r\n<p><span style=\"font-weight: 400;\">Estos casos pueden ser particularmente dif\u00edciles porque varios tipos de accidentes pueden causar lesiones graves. La naturaleza del accidente a menudo afecta c\u00f3mo se desarrollar\u00e1 su caso y las estrategias que empleamos para buscar el mejor resultado para usted.<\/span><\/p>\r\n<p><span style=\"font-weight: 400;\">Adem\u00e1s de abogados especializados en lesiones de la m\u00e9dula espinal en Federal Way, tambi\u00e9n actuamos como:<\/span><\/p>\r\n<ul>\r\n<li style=\"font-weight: 400;\" aria-level=\"1\"><a href=\"https:\/\/plg-pllc.com\/federal-way\/car-accident-lawyer\/\"><span style=\"font-weight: 400;\">Abogados de accidentes de tr\u00e1fico<\/span><\/a><\/li>\r\n<li style=\"font-weight: 400;\" aria-level=\"1\"><a href=\"https:\/\/plg-pllc.com\/federal-way\/bicycle-accident-lawyer\/\"><span style=\"font-weight: 400;\">Abogados de accidentes de bicicleta<\/span><\/a><\/li>\r\n<li style=\"font-weight: 400;\" aria-level=\"1\"><a href=\"https:\/\/plg-pllc.com\/federal-way\/motorcycle-accident-lawyer\/\"><span style=\"font-weight: 400;\">Abogados de accidentes de motocicleta<\/span><\/a><\/li>\r\n<li style=\"font-weight: 400;\" aria-level=\"1\"><a href=\"https:\/\/plg-pllc.com\/federal-way\/pedestrian-accident-lawyer\/\"><span style=\"font-weight: 400;\">Abogados de accidentes de peatones<\/span><\/a><\/li>\r\n<li style=\"font-weight: 400;\" aria-level=\"1\"><span style=\"font-weight: 400;\">Abogados de accidentes de camiones<\/span><\/li>\r\n<li style=\"font-weight: 400;\" aria-level=\"1\"><span style=\"font-weight: 400;\">Abogados de accidentes de autob\u00fas<\/span><\/li>\r\n<li style=\"font-weight: 400;\" aria-level=\"1\"><a href=\"https:\/\/plg-pllc.com\/federal-way\/construction-accident-lawyer\/\"><span style=\"font-weight: 400;\">Abogados de lesiones en obras de construcci\u00f3n<\/span><\/a><\/li>\r\n<\/ul>\r\n<p><span style=\"font-weight: 400;\">Incluso si se lesion\u00f3 en circunstancias diferentes, comun\u00edquese con nosotros, ya que es posible que podamos ayudarlo. Nuestros abogados especializados en lesiones de la m\u00e9dula espinal han perfeccionado estrategias legales para abordar incluso las situaciones m\u00e1s complejas. <\/span><b>Nos tomamos el tiempo para escuchar tu historia.<\/b><span style=\"font-weight: 400;\"> y crear un enfoque personalizado basado en los detalles \u00fanicos de su situaci\u00f3n.<\/span><\/p>\r\n<h2><span style=\"font-weight: 400;\">Compensaci\u00f3n disponible para v\u00edctimas con lesiones de la m\u00e9dula espinal<\/span><\/h2>\r\n<p><span style=\"font-weight: 400;\">Si el descuido o la imprudencia de otra persona causaron su lesi\u00f3n, tiene derecho a recuperar sus p\u00e9rdidas. Nuestros abogados le ayudar\u00e1n a recuperar sus p\u00e9rdidas. <\/span><b>Calcula todos tus gastos y costos futuros<\/b><span style=\"font-weight: 400;\"> presentar una reclamaci\u00f3n exhaustiva.<\/span><\/p>\r\n<p><span style=\"font-weight: 400;\">Los tipos de da\u00f1os disponibles en un reclamo por lesi\u00f3n de la m\u00e9dula espinal incluyen:<\/span><\/p>\r\n<ul>\r\n<li style=\"font-weight: 400;\" aria-level=\"1\"><span style=\"font-weight: 400;\">Facturas m\u00e9dicas<\/span><\/li>\r\n<li style=\"font-weight: 400;\" aria-level=\"1\"><span style=\"font-weight: 400;\">Gastos m\u00e9dicos futuros<\/span><\/li>\r\n<li style=\"font-weight: 400;\" aria-level=\"1\"><span style=\"font-weight: 400;\">Salarios perdidos<\/span><\/li>\r\n<li style=\"font-weight: 400;\" aria-level=\"1\"><span style=\"font-weight: 400;\">P\u00e9rdida de potencial de ingresos<\/span><\/li>\r\n<li style=\"font-weight: 400;\" aria-level=\"1\"><span style=\"font-weight: 400;\">Dolor y sufrimiento<\/span><\/li>\r\n<li style=\"font-weight: 400;\" aria-level=\"1\"><span style=\"font-weight: 400;\">Angustia emocional<\/span><\/li>\r\n<li style=\"font-weight: 400;\" aria-level=\"1\"><span style=\"font-weight: 400;\">Da\u00f1os a la propiedad<\/span><\/li>\r\n<\/ul>\r\n<p><span style=\"font-weight: 400;\">Comprendemos el profundo impacto que pueden tener las lesiones de la m\u00e9dula espinal, pero sus problemas f\u00edsicos no deber\u00edan impedirle el acceso a asistencia legal de calidad. Si no puede visitar nuestra oficina, nuestros abogados acudir\u00e1n a usted.<\/span><\/p>\r\n<h2><span style=\"font-weight: 400;\">Nosotros nos encargaremos de la compa\u00f1\u00eda de seguros<\/span><\/h2>\r\n<p><span style=\"font-weight: 400;\">El objetivo principal de las compa\u00f1\u00edas de seguros es minimizar los pagos, no velar por sus intereses. Los peritos suelen ofrecer acuerdos bajos o rechazar reclamaciones por completo para ahorrar dinero. Es posible que intenten restarle importancia a la gravedad de su lesi\u00f3n para presionarlo a que acepte un acuerdo mucho menor al que realmente merece.<\/span><\/p>\r\n<p><span style=\"font-weight: 400;\">No permita que la compa\u00f1\u00eda de seguros lo enga\u00f1e. Es importante que conozca sus derechos y <\/span><b>Comprenda el valor total de su reclamo antes de aceptar cualquier cosa<\/b><span style=\"font-weight: 400;\">.<\/span><\/p>\r\n<p><span style=\"font-weight: 400;\">Como abogados con experiencia en lesiones de la m\u00e9dula espinal en Federal Way, estamos familiarizados con las estrategias de los liquidadores de siniestros y sabemos c\u00f3mo combatirlas. Usaremos todas las pruebas disponibles para <\/span><b>Negociar por el acuerdo m\u00e1ximo<\/b><span style=\"font-weight: 400;\">t. Su bienestar no est\u00e1 en discusi\u00f3n; si se niegan a ser razonables, estamos dispuestos a continuar la lucha en los tribunales.<\/span><\/p>\r\n\n        <div class=\"rs-content-cta long\">\n            <p>Para una consulta legal GRATUITA con un abogado especializado en lesiones de la m\u00e9dula espinal que preste servicios en Federal Way, llame al <a href=\"tel:+12062851743\">(206) 285-1743 <\/a><\/p>\n            <a href=\"https:\/\/plg-pllc.com\/es\/contact-us\/\" title=\"OBTENGA UNA EVALUACI\u00d3N DE CASO GRATUITA\" class=\"btn-global\">OBTENGA UNA EVALUACI\u00d3N DE CASO GRATUITA<\/a>\n                    <picture>\n                            <source srcset=\"https:\/\/plg-pllc.com\/wp-content\/themes\/plg-pllc-redesign\/assets\/app\/img\/cta-thumb.webp\" type=\"image\/webp\"\/>\n                            <img src=\"https:\/\/plg-pllc.com\/wp-content\/themes\/plg-pllc-redesign\/assets\/app\/img\/cta-thumb.png\" alt=\"Grupo de abogados Premier\" title=\"Grupo de abogados Premier\" width=\"245\" height=\"220\" loading=\"auto\" fetchpriority=\"auto\" decoding=\"async\"\/>\n        <\/picture>\n        \n        <\/div><h2><span style=\"font-weight: 400;\">Prescripci\u00f3n de demandas por lesiones personales en Washington<\/span><\/h2>\r\n<p><span style=\"font-weight: 400;\">En Washington, normalmente tienes <\/span><b>tres a\u00f1os<\/b><span style=\"font-weight: 400;\"> desde la fecha del accidente para presentar una demanda por lesiones personales, seg\u00fan la<\/span> <a href=\"https:\/\/app.leg.wa.gov\/rcw\/default.aspx?cite=4.16.080\/\" target=\"_blank\" rel=\"noopener\"><span style=\"font-weight: 400;\">C\u00f3digo Revisado de Washington, T\u00edtulo 4.16.080<\/span><\/a><span style=\"font-weight: 400;\">Es importante cumplir con este plazo, ya que no cumplirlo podr\u00eda impedirle obtener la compensaci\u00f3n.<\/span><\/p>\r\n<p><span style=\"font-weight: 400;\">Si ha sufrido una lesi\u00f3n en la m\u00e9dula espinal a causa de un accidente, es fundamental actuar con rapidez. Las pruebas pueden perderse o da\u00f1arse, y los testigos pueden olvidar detalles importantes. P\u00f3ngase en contacto con Premier Law Group lo antes posible despu\u00e9s del accidente para que podamos recopilar nuevas pruebas para construir un caso s\u00f3lido para usted.<\/span><\/p>\r\n<h2><span style=\"font-weight: 400;\">\u00bfCu\u00e1nto cuesta contratar un abogado de nuestro equipo?<\/span><\/h2>\r\n<p><span style=\"font-weight: 400;\">No tiene que pagar nada a menos que nuestros abogados especializados en lesiones de la m\u00e9dula espinal ganen su caso con \u00e9xito. Operamos en un <\/span><b>base de honorarios de contingencia<\/b><span style=\"font-weight: 400;\">, lo que significa que nuestro pago depende de su \u00e9xito en recibir una compensaci\u00f3n por sus lesiones.<\/span><\/p>\r\n<p><span style=\"font-weight: 400;\">Este acuerdo le permite concentrarse completamente en su recuperaci\u00f3n sin el estr\u00e9s adicional de los honorarios legales iniciales. Si no ganamos su caso, no nos deber\u00e1 ni un centavo. Este enfoque transparente demuestra nuestra confianza en nuestra capacidad para defenderlo.<\/span><\/p>\r\n<h2><span style=\"font-weight: 400;\">Llame hoy a nuestros abogados expertos en lesiones de la m\u00e9dula espinal en Federal Way<\/span><\/h2>\r\n<p><span style=\"font-weight: 400;\">En Premier Law Group, comprendemos que emprender acciones legales mientras se recupera de una lesi\u00f3n catastr\u00f3fica puede ser abrumador. Por eso, debe confiar en nosotros para que nos encarguemos de su reclamaci\u00f3n mientras usted se concentra en su recuperaci\u00f3n.<\/span><\/p>\r\n<p><span style=\"font-weight: 400;\">Nuestros abogados especializados en lesiones de la m\u00e9dula espinal de Federal Way lo guiar\u00e1n en cada paso del proceso y lo mantendr\u00e1n informado durante todo el proceso. Nos aseguraremos de que comprenda qu\u00e9 est\u00e1 sucediendo y qu\u00e9 esperar a continuaci\u00f3n. Siempre sabr\u00e1 c\u00f3mo est\u00e1n las cosas. Comun\u00edquese con nosotros hoy para compartir sus inquietudes con nuestros abogados.<\/span><\/p>\r\n\n        <div class=\"rs-content-cta\">\n            <p>Llamar o enviar mensaje de texto <a href=\"tel:+12062851743\">(206) 285-1743<\/a> o complete un formulario de evaluaci\u00f3n de caso gratuito<\/p>\n            <a href=\"https:\/\/plg-pllc.com\/es\/contact-us\/\" title=\"OBTENGA UNA EVALUACI\u00d3N DE CASO GRATUITA\" class=\"btn-global\">OBTENGA UNA EVALUACI\u00d3N DE CASO GRATUITA<\/a>\n                    <picture>\n                            <source srcset=\"https:\/\/plg-pllc.com\/wp-content\/themes\/plg-pllc-redesign\/assets\/app\/img\/cta-thumb.webp\" type=\"image\/webp\"\/>\n                            <img src=\"https:\/\/plg-pllc.com\/wp-content\/themes\/plg-pllc-redesign\/assets\/app\/img\/cta-thumb.png\" alt=\"Grupo de abogados Premier\" title=\"Grupo de abogados Premier\" width=\"245\" height=\"220\" loading=\"auto\" fetchpriority=\"auto\" decoding=\"async\"\/>\n        <\/picture>\n        \n        <\/div>","protected":false},"excerpt":{"rendered":"<p>Recibir un diagn\u00f3stico de lesi\u00f3n de la m\u00e9dula espinal puede ser el comienzo de un largo y dif\u00edcil camino hacia la curaci\u00f3n. Las v\u00edctimas de accidentes automovil\u00edsticos, en particular, enfrentan un alto riesgo de sufrir da\u00f1os en la m\u00e9dula espinal en la colisi\u00f3n. Si result\u00f3 lesionado debido a la negligencia de otra persona, nuestros abogados especializados en lesiones de la m\u00e9dula espinal en Federal Way lo ayudar\u00e1n a\u2026<\/p>","protected":false},"author":10,"featured_media":0,"parent":20716,"menu_order":0,"comment_status":"closed","ping_status":"closed","template":"","meta":{"_acf_changed":false,"_genesis_hide_title":false,"_genesis_hide_breadcrumbs":false,"_genesis_hide_singular_image":false,"_genesis_hide_footer_widgets":false,"_genesis_custom_body_class":"","_genesis_custom_post_class":"","_genesis_layout":"","footnotes":""},"hc_faqs":[],"class_list":{"0":"post-20208","1":"page","2":"type-page","3":"status-publish","5":"hc_city_location-federal-way","6":"entry"},"acf":[],"yoast_head":"<!-- This site is optimized with the Yoast SEO plugin v27.4 - https:\/\/yoast.com\/product\/yoast-seo-wordpress\/ -->\n<title>Spinal Cord Injury Lawyer in Federal Way | Free Consultation<\/title>\n<meta name=\"description\" content=\"If someone else&#039;s negligence caused your catastrophic injury, a Federal Way spinal cord injury lawyer can help you get maximum compensation.\" \/>\n<meta name=\"robots\" content=\"index, follow, max-snippet:-1, max-image-preview:large, max-video-preview:-1\" \/>\n<link rel=\"canonical\" href=\"https:\/\/plg-pllc.com\/es\/federal-way\/spinal-cord-injury-lawyer\/\" \/>\n<meta property=\"og:locale\" content=\"es_MX\" \/>\n<meta property=\"og:type\" content=\"article\" \/>\n<meta property=\"og:title\" content=\"Spinal Cord Injury Lawyer in Federal Way | Free Consultation\" \/>\n<meta property=\"og:description\" content=\"If someone else&#039;s negligence caused your catastrophic injury, a Federal Way spinal cord injury lawyer can help you get maximum compensation.\" \/>\n<meta property=\"og:url\" content=\"https:\/\/plg-pllc.com\/es\/federal-way\/spinal-cord-injury-lawyer\/\" \/>\n<meta property=\"og:site_name\" content=\"Premier Law Group\" \/>\n<meta property=\"article:publisher\" content=\"https:\/\/www.facebook.com\/premierlawgroup\" \/>\n<meta property=\"article:modified_time\" content=\"2026-03-24T22:04:44+00:00\" \/>\n<meta name=\"twitter:card\" content=\"summary_large_image\" \/>\n<meta name=\"twitter:site\" content=\"@premierlawgroup\" \/>\n<meta name=\"twitter:label1\" content=\"Tiempo de lectura\" \/>\n\t<meta name=\"twitter:data1\" content=\"4 minutos\" \/>\n<script type=\"application\/ld+json\" class=\"yoast-schema-graph\">{\"@context\":\"https:\\\/\\\/schema.org\",\"@graph\":[{\"@type\":\"WebPage\",\"@id\":\"https:\\\/\\\/plg-pllc.com\\\/federal-way\\\/spinal-cord-injury-lawyer\\\/\",\"url\":\"https:\\\/\\\/plg-pllc.com\\\/federal-way\\\/spinal-cord-injury-lawyer\\\/\",\"name\":\"Spinal Cord Injury Lawyer in Federal Way | Free Consultation\",\"isPartOf\":{\"@id\":\"https:\\\/\\\/plg-pllc.com\\\/#website\"},\"datePublished\":\"2024-01-03T23:09:14+00:00\",\"dateModified\":\"2026-03-24T22:04:44+00:00\",\"description\":\"If someone else's negligence caused your catastrophic injury, a Federal Way spinal cord injury lawyer can help you get maximum compensation.\",\"breadcrumb\":{\"@id\":\"https:\\\/\\\/plg-pllc.com\\\/federal-way\\\/spinal-cord-injury-lawyer\\\/#breadcrumb\"},\"inLanguage\":\"es\",\"potentialAction\":[{\"@type\":\"ReadAction\",\"target\":[\"https:\\\/\\\/plg-pllc.com\\\/federal-way\\\/spinal-cord-injury-lawyer\\\/\"]}]},{\"@type\":\"BreadcrumbList\",\"@id\":\"https:\\\/\\\/plg-pllc.com\\\/federal-way\\\/spinal-cord-injury-lawyer\\\/#breadcrumb\",\"itemListElement\":[{\"@type\":\"ListItem\",\"position\":1,\"name\":\"Home\",\"item\":\"https:\\\/\\\/plg-pllc.com\\\/es\\\/\"},{\"@type\":\"ListItem\",\"position\":2,\"name\":\"Federal Way Personal Injury Lawyer\",\"item\":\"https:\\\/\\\/plg-pllc.com\\\/es\\\/federal-way\\\/personal-injury-lawyer\\\/\"},{\"@type\":\"ListItem\",\"position\":3,\"name\":\"Federal Way Spinal Cord Injury Lawyer\"}]},{\"@type\":\"WebSite\",\"@id\":\"https:\\\/\\\/plg-pllc.com\\\/#website\",\"url\":\"https:\\\/\\\/plg-pllc.com\\\/\",\"name\":\"Premier Law Group\",\"description\":\"Washington Wrongful Death and Serious Injury Lawyer\",\"publisher\":{\"@id\":\"https:\\\/\\\/plg-pllc.com\\\/#organization\"},\"inLanguage\":\"es\"},{\"@type\":\"Organization\",\"@id\":\"https:\\\/\\\/plg-pllc.com\\\/#organization\",\"name\":\"Premier Law Group\",\"url\":\"https:\\\/\\\/plg-pllc.com\\\/\",\"logo\":{\"@type\":\"ImageObject\",\"inLanguage\":\"es\",\"@id\":\"https:\\\/\\\/plg-pllc.com\\\/#\\\/schema\\\/logo\\\/image\\\/\",\"url\":\"https:\\\/\\\/plg-pllc.com\\\/wp-content\\\/uploads\\\/2020\\\/10\\\/plg-logo-v2.gif\",\"contentUrl\":\"https:\\\/\\\/plg-pllc.com\\\/wp-content\\\/uploads\\\/2020\\\/10\\\/plg-logo-v2.gif\",\"width\":592,\"height\":191,\"caption\":\"Premier Law Group\"},\"image\":{\"@id\":\"https:\\\/\\\/plg-pllc.com\\\/#\\\/schema\\\/logo\\\/image\\\/\"},\"sameAs\":[\"https:\\\/\\\/www.facebook.com\\\/premierlawgroup\",\"https:\\\/\\\/x.com\\\/premierlawgroup\"]}]}<\/script>\n<!-- \/ Yoast SEO plugin. -->","yoast_head_json":{"title":"Abogado de lesiones de la m\u00e9dula espinal en Federal Way | Consulta gratuita","description":"Si la negligencia de otra persona caus\u00f3 su lesi\u00f3n catastr\u00f3fica, un abogado especializado en lesiones de la m\u00e9dula espinal de Federal Way puede ayudarlo a obtener la m\u00e1xima compensaci\u00f3n.","robots":{"index":"index","follow":"follow","max-snippet":"max-snippet:-1","max-image-preview":"max-image-preview:large","max-video-preview":"max-video-preview:-1"},"canonical":"https:\/\/plg-pllc.com\/es\/federal-way\/spinal-cord-injury-lawyer\/","og_locale":"es_MX","og_type":"article","og_title":"Spinal Cord Injury Lawyer in Federal Way | Free Consultation","og_description":"If someone else's negligence caused your catastrophic injury, a Federal Way spinal cord injury lawyer can help you get maximum compensation.","og_url":"https:\/\/plg-pllc.com\/es\/federal-way\/spinal-cord-injury-lawyer\/","og_site_name":"Premier Law Group","article_publisher":"https:\/\/www.facebook.com\/premierlawgroup","article_modified_time":"2026-03-24T22:04:44+00:00","twitter_card":"summary_large_image","twitter_site":"@premierlawgroup","twitter_misc":{"Tiempo de lectura":"4 minutos"},"schema":{"@context":"https:\/\/schema.org","@graph":[{"@type":"WebPage","@id":"https:\/\/plg-pllc.com\/federal-way\/spinal-cord-injury-lawyer\/","url":"https:\/\/plg-pllc.com\/federal-way\/spinal-cord-injury-lawyer\/","name":"Abogado de lesiones de la m\u00e9dula espinal en Federal Way | Consulta gratuita","isPartOf":{"@id":"https:\/\/plg-pllc.com\/#website"},"datePublished":"2024-01-03T23:09:14+00:00","dateModified":"2026-03-24T22:04:44+00:00","description":"Si la negligencia de otra persona caus\u00f3 su lesi\u00f3n catastr\u00f3fica, un abogado especializado en lesiones de la m\u00e9dula espinal de Federal Way puede ayudarlo a obtener la m\u00e1xima compensaci\u00f3n.","breadcrumb":{"@id":"https:\/\/plg-pllc.com\/federal-way\/spinal-cord-injury-lawyer\/#breadcrumb"},"inLanguage":"es","potentialAction":[{"@type":"ReadAction","target":["https:\/\/plg-pllc.com\/federal-way\/spinal-cord-injury-lawyer\/"]}]},{"@type":"BreadcrumbList","@id":"https:\/\/plg-pllc.com\/federal-way\/spinal-cord-injury-lawyer\/#breadcrumb","itemListElement":[{"@type":"ListItem","position":1,"name":"Home","item":"https:\/\/plg-pllc.com\/es\/"},{"@type":"ListItem","position":2,"name":"Federal Way Personal Injury Lawyer","item":"https:\/\/plg-pllc.com\/es\/federal-way\/personal-injury-lawyer\/"},{"@type":"ListItem","position":3,"name":"Federal Way Spinal Cord Injury Lawyer"}]},{"@type":"WebSite","@id":"https:\/\/plg-pllc.com\/#website","url":"https:\/\/plg-pllc.com\/","name":"Grupo de abogados Premier","description":"Abogado de muerte por negligencia y lesiones graves en Washington","publisher":{"@id":"https:\/\/plg-pllc.com\/#organization"},"inLanguage":"es"},{"@type":"Organization","@id":"https:\/\/plg-pllc.com\/#organization","name":"Grupo de abogados Premier","url":"https:\/\/plg-pllc.com\/","logo":{"@type":"ImageObject","inLanguage":"es","@id":"https:\/\/plg-pllc.com\/#\/schema\/logo\/image\/","url":"https:\/\/plg-pllc.com\/wp-content\/uploads\/2020\/10\/plg-logo-v2.gif","contentUrl":"https:\/\/plg-pllc.com\/wp-content\/uploads\/2020\/10\/plg-logo-v2.gif","width":592,"height":191,"caption":"Premier Law Group"},"image":{"@id":"https:\/\/plg-pllc.com\/#\/schema\/logo\/image\/"},"sameAs":["https:\/\/www.facebook.com\/premierlawgroup","https:\/\/x.com\/premierlawgroup"]}]}},"_links":{"self":[{"href":"https:\/\/plg-pllc.com\/es\/wp-json\/wp\/v2\/pages\/20208","targetHints":{"allow":["GET"]}}],"collection":[{"href":"https:\/\/plg-pllc.com\/es\/wp-json\/wp\/v2\/pages"}],"about":[{"href":"https:\/\/plg-pllc.com\/es\/wp-json\/wp\/v2\/types\/page"}],"author":[{"embeddable":true,"href":"https:\/\/plg-pllc.com\/es\/wp-json\/wp\/v2\/users\/10"}],"replies":[{"embeddable":true,"href":"https:\/\/plg-pllc.com\/es\/wp-json\/wp\/v2\/comments?post=20208"}],"version-history":[{"count":0,"href":"https:\/\/plg-pllc.com\/es\/wp-json\/wp\/v2\/pages\/20208\/revisions"}],"up":[{"embeddable":true,"href":"https:\/\/plg-pllc.com\/es\/wp-json\/wp\/v2\/pages\/20716"}],"wp:attachment":[{"href":"https:\/\/plg-pllc.com\/es\/wp-json\/wp\/v2\/media?parent=20208"}],"wp:term":[{"taxonomy":"hc_faqs","embeddable":true,"href":"https:\/\/plg-pllc.com\/es\/wp-json\/wp\/v2\/hc_faqs?post=20208"}],"curies":[{"name":"gracias","href":"https:\/\/api.w.org\/{rel}","templated":true}]}}