{"id":20209,"date":"2024-01-04T09:08:08","date_gmt":"2024-01-04T17:08:08","guid":{"rendered":"https:\/\/plgstage.wpengine.com\/?page_id=20209"},"modified":"2024-10-17T04:11:11","modified_gmt":"2024-10-17T11:11:11","slug":"spinal-cord-2","status":"publish","type":"page","link":"https:\/\/plg-pllc.com\/es\/renton\/spinal-cord-injury-lawyer\/","title":{"rendered":"Abogado de lesiones de la m\u00e9dula espinal en Renton"},"content":{"rendered":"<p>Cuando piensas en lesiones catastr\u00f3ficas, es posible que pienses en aquellas que afectan el cerebro y la columna vertebral. La columna vertebral es literalmente la columna vertebral del cuerpo humano. Cualquier da\u00f1o en la m\u00e9dula espinal puede ser catastr\u00f3fico o incluso fatal.\u00a0<\/p>\r\n\r\n\r\n\r\n<p><a href=\"https:\/\/pmc.ncbi.nlm.nih.gov\/articles\/PMC9889235\/\">Cada a\u00f1o, entre 250.000 y 500.000 personas sufren una lesi\u00f3n de la m\u00e9dula espinal en todo el mundo.<\/a>Una lesi\u00f3n de la m\u00e9dula espinal puede ser consecuencia de un da\u00f1o a las v\u00e9rtebras y al tejido circundante. Tambi\u00e9n puede ser consecuencia de una lesi\u00f3n directa a la m\u00e9dula espinal misma. Este da\u00f1o puede causar cambios temporales o permanentes en la movilidad, la fuerza, las funciones corporales y la sensibilidad.\u00a0<\/p>\r\n\r\n\r\n\r\n<p><a href=\"https:\/\/plg-pllc.com\/bellevue\/spinal-cord-injury-lawyer\/\">Lesiones de la m\u00e9dula espinal <\/a>Puede ocurrir de varias maneras. Siga leyendo para obtener m\u00e1s informaci\u00f3n sobre las causas y los efectos.<\/p>\r\n\r\n\r\n\r\n<h2 id=\"h-causes-of-spinal-cord-injuries\" class=\"wp-block-heading\"><strong>Causas de las lesiones de la m\u00e9dula espinal<\/strong><\/h2>\r\n\r\n\r\n\r\n<p>Las lesiones de la m\u00e9dula espinal pueden ser traum\u00e1ticas (causadas por accidentes) y no traum\u00e1ticas (causadas por enfermedades y afecciones m\u00e9dicas). A continuaci\u00f3n, se presentan las distintas causas:<\/p>\r\n\r\n\r\n\r\n<ul class=\"wp-block-list\">\r\n<li><strong>Accidentes automovil\u00edsticos. <\/strong>Los accidentes de autom\u00f3vil, motocicleta y bicicleta son las principales causas de lesiones de la m\u00e9dula espinal.<\/li>\r\n\r\n\r\n\r\n<li><strong>Cataratas.<\/strong> Las ca\u00eddas desde alturas pueden provocar lesiones en la m\u00e9dula espinal, especialmente en adultos mayores.<\/li>\r\n\r\n\r\n\r\n<li><strong>Lesiones deportivas<\/strong>Los deportes de alto impacto, como el f\u00fatbol, pueden provocar lesiones en la m\u00e9dula espinal.<\/li>\r\n\r\n\r\n\r\n<li><strong>Actos de violencia. <\/strong>Las agresiones, los apu\u00f1alamientos y las heridas de bala pueden provocar da\u00f1os en la m\u00e9dula espinal.<\/li>\r\n\r\n\r\n\r\n<li><strong>Procedimientos m\u00e9dicos. <\/strong>Las complicaciones durante la cirug\u00eda de columna pueden provocar lesiones en la m\u00e9dula espinal.<\/li>\r\n\r\n\r\n\r\n<li><strong>Enfermedades. <\/strong>El c\u00e1ncer, la artritis, la osteoporosis y la inflamaci\u00f3n de la m\u00e9dula espinal pueden contribuir a las lesiones de la m\u00e9dula espinal, al igual que las infecciones como la meningitis y la tuberculosis.<\/li>\r\n\r\n\r\n\r\n<li><strong>Condiciones degenerativas.<\/strong> Las hernias discales y la estenosis espinal pueden comprimir la m\u00e9dula espinal y provocar lesiones.<\/li>\r\n<\/ul>\r\n\r\n\r\n\r\n<h2 id=\"h-effects-of-spinal-cord-injuries\" class=\"wp-block-heading\"><strong>Efectos de las lesiones de la m\u00e9dula espinal<\/strong><\/h2>\r\n\r\n\r\n\r\n<p>Las lesiones de la m\u00e9dula espinal tienen efectos profundos en el cuerpo. En muchos casos, los efectos son irreversibles. A continuaci\u00f3n, se enumeran algunos de los efectos m\u00e1s graves:<\/p>\r\n\r\n\r\n\r\n<ul class=\"wp-block-list\">\r\n<li><strong>Par\u00e1lisis.<\/strong> La par\u00e1lisis es el efecto m\u00e1s significativo y evidente. El grado de par\u00e1lisis depende del nivel y la gravedad de la lesi\u00f3n. Los brazos, las piernas o el cuerpo entero de una persona pueden quedar paralizados.\u00a0<\/li>\r\n\r\n\r\n\r\n<li><strong>P\u00e9rdida de sensibilidad.<\/strong> Las personas con lesiones en la m\u00e9dula espinal suelen sufrir una p\u00e9rdida de sensibilidad por debajo del nivel de la lesi\u00f3n, que puede incluir p\u00e9rdida de sensibilidad al tacto y a la temperatura.<\/li>\r\n\r\n\r\n\r\n<li><strong>Problemas respiratorios.<\/strong> Los m\u00fasculos respiratorios pueden verse afectados, causando dificultades para respirar y requiriendo ventilaci\u00f3n asistida u otro soporte respiratorio.<\/li>\r\n\r\n\r\n\r\n<li><strong>Disfunci\u00f3n auton\u00f3mica. <\/strong>Las lesiones de la m\u00e9dula espinal pueden alterar el sistema nervioso aut\u00f3nomo, provocando problemas con la presi\u00f3n arterial, la frecuencia card\u00edaca y la regulaci\u00f3n de la temperatura.<\/li>\r\n\r\n\r\n\r\n<li><strong>P\u00e9rdida del control de la vejiga y los intestinos. <\/strong>El control sobre la funci\u00f3n de la vejiga y los intestinos a menudo se ve afectado, lo que puede provocar incontinencia y requerir el uso de cat\u00e9teres.<\/li>\r\n\r\n\r\n\r\n<li><strong>Espasmos musculares.<\/strong> Muchas personas con lesiones en la m\u00e9dula espinal experimentan espasmos musculares, que pueden ser dolorosos y afectar la movilidad.<\/li>\r\n\r\n\r\n\r\n<li><strong>Dolor cr\u00f3nico.<\/strong> Las personas con lesiones en la m\u00e9dula espinal sufren dolor cr\u00f3nico debido al da\u00f1o a los nervios y espasmos musculares.<\/li>\r\n<\/ul>\r\n\r\n\r\n\r\n<h2 id=\"h-contact-us-today\" class=\"wp-block-heading\"><strong>Cont\u00e1ctenos hoy<\/strong><\/h2>\r\n\r\n\r\n\r\n<p>Las lesiones de la m\u00e9dula espinal son dolorosas, debilitantes y muy costosas. Tratar una lesi\u00f3n de este tipo puede costar millones de d\u00f3lares a lo largo de la vida de una persona.<\/p>\r\n\r\n\r\n\r\n<p>\u00bfEst\u00e1 preparado para afrontar una lesi\u00f3n de este tipo? Obtenga ayuda de los abogados de lesiones personales de Renton de Premier Law Group. No se conforme con menos. Para programar una consulta gratuita, <a href=\"https:\/\/plg-pllc.com\/contact-us\/\">Rellene el formulario en l\u00ednea<\/a> o llame o env\u00ede un mensaje de texto al (206) 880-7437.<\/p>\r\n\n        <div class=\"rs-content-cta\">\n            <p>Llamar o enviar mensaje de texto <a href=\"tel:+12062851743\">(206) 285-1743<\/a> o complete un formulario de evaluaci\u00f3n de caso gratuito<\/p>\n            <a href=\"https:\/\/plg-pllc.com\/es\/contact-us\/\" title=\"OBTENGA UNA EVALUACI\u00d3N DE CASO GRATUITA\" class=\"btn-global\">OBTENGA UNA EVALUACI\u00d3N DE CASO GRATUITA<\/a>\n                    <picture>\n                            <source srcset=\"https:\/\/plg-pllc.com\/wp-content\/themes\/plg-pllc-redesign\/assets\/app\/img\/cta-thumb.webp\" type=\"image\/webp\"\/>\n                            <img src=\"https:\/\/plg-pllc.com\/wp-content\/themes\/plg-pllc-redesign\/assets\/app\/img\/cta-thumb.png\" alt=\"Grupo de abogados Premier\" title=\"Grupo de abogados Premier\" width=\"245\" height=\"220\" loading=\"auto\" fetchpriority=\"auto\" decoding=\"async\"\/>\n        <\/picture>\n        \n        <\/div>","protected":false},"excerpt":{"rendered":"<p>Cuando piensas en lesiones catastr\u00f3ficas, es posible que pienses en aquellas que afectan al cerebro y la columna vertebral. La columna vertebral es literalmente la columna vertebral del cuerpo humano. Cualquier da\u00f1o a la m\u00e9dula espinal puede ser catastr\u00f3fico o incluso fatal. Cada a\u00f1o, entre 250.000 y 500.000 personas sufren una lesi\u00f3n de la m\u00e9dula espinal en todo el mundo. Una lesi\u00f3n de la m\u00e9dula espinal\u2026<\/p>","protected":false},"author":10,"featured_media":0,"parent":15618,"menu_order":0,"comment_status":"closed","ping_status":"closed","template":"","meta":{"_acf_changed":false,"_genesis_hide_title":false,"_genesis_hide_breadcrumbs":false,"_genesis_hide_singular_image":false,"_genesis_hide_footer_widgets":false,"_genesis_custom_body_class":"","_genesis_custom_post_class":"","_genesis_layout":"","footnotes":""},"hc_faqs":[],"class_list":{"0":"post-20209","1":"page","2":"type-page","3":"status-publish","5":"hc_city_location-renton","6":"entry"},"acf":[],"yoast_head":"<!-- This site is optimized with the Yoast SEO plugin v27.4 - https:\/\/yoast.com\/product\/yoast-seo-wordpress\/ -->\n<title>Spinal Cord Injury Lawyer in Renton | Free Case Review<\/title>\n<meta name=\"description\" content=\"Renton Spinal Cord Injury Lawyer: Premier Law Group helps you unlock the full compensation you deserve. No Fee Unless We Win.\" \/>\n<meta name=\"robots\" content=\"index, follow, max-snippet:-1, max-image-preview:large, max-video-preview:-1\" \/>\n<link rel=\"canonical\" href=\"https:\/\/plg-pllc.com\/es\/renton\/spinal-cord-injury-lawyer\/\" \/>\n<meta property=\"og:locale\" content=\"es_MX\" \/>\n<meta property=\"og:type\" content=\"article\" \/>\n<meta property=\"og:title\" content=\"Spinal Cord Injury Lawyer in Renton | Free Case Review\" \/>\n<meta property=\"og:description\" content=\"Renton Spinal Cord Injury Lawyer: Premier Law Group helps you unlock the full compensation you deserve. No Fee Unless We Win.\" \/>\n<meta property=\"og:url\" content=\"https:\/\/plg-pllc.com\/es\/renton\/spinal-cord-injury-lawyer\/\" \/>\n<meta property=\"og:site_name\" content=\"Premier Law Group\" \/>\n<meta property=\"article:publisher\" content=\"https:\/\/www.facebook.com\/premierlawgroup\" \/>\n<meta property=\"article:modified_time\" content=\"2024-10-17T11:11:11+00:00\" \/>\n<meta name=\"twitter:card\" content=\"summary_large_image\" \/>\n<meta name=\"twitter:site\" content=\"@premierlawgroup\" \/>\n<meta name=\"twitter:label1\" content=\"Tiempo de lectura\" \/>\n\t<meta name=\"twitter:data1\" content=\"3 minutos\" \/>\n<script type=\"application\/ld+json\" class=\"yoast-schema-graph\">{\"@context\":\"https:\\\/\\\/schema.org\",\"@graph\":[{\"@type\":\"WebPage\",\"@id\":\"https:\\\/\\\/plg-pllc.com\\\/renton\\\/spinal-cord-injury-lawyer\\\/\",\"url\":\"https:\\\/\\\/plg-pllc.com\\\/renton\\\/spinal-cord-injury-lawyer\\\/\",\"name\":\"Spinal Cord Injury Lawyer in Renton | Free Case Review\",\"isPartOf\":{\"@id\":\"https:\\\/\\\/plg-pllc.com\\\/#website\"},\"datePublished\":\"2024-01-04T17:08:08+00:00\",\"dateModified\":\"2024-10-17T11:11:11+00:00\",\"description\":\"Renton Spinal Cord Injury Lawyer: Premier Law Group helps you unlock the full compensation you deserve. No Fee Unless We Win.\",\"breadcrumb\":{\"@id\":\"https:\\\/\\\/plg-pllc.com\\\/renton\\\/spinal-cord-injury-lawyer\\\/#breadcrumb\"},\"inLanguage\":\"es\",\"potentialAction\":[{\"@type\":\"ReadAction\",\"target\":[\"https:\\\/\\\/plg-pllc.com\\\/renton\\\/spinal-cord-injury-lawyer\\\/\"]}]},{\"@type\":\"BreadcrumbList\",\"@id\":\"https:\\\/\\\/plg-pllc.com\\\/renton\\\/spinal-cord-injury-lawyer\\\/#breadcrumb\",\"itemListElement\":[{\"@type\":\"ListItem\",\"position\":1,\"name\":\"Home\",\"item\":\"https:\\\/\\\/plg-pllc.com\\\/es\\\/\"},{\"@type\":\"ListItem\",\"position\":2,\"name\":\"Renton Personal Injury Lawyer\",\"item\":\"https:\\\/\\\/plg-pllc.com\\\/es\\\/renton\\\/personal-injury-lawyer\\\/\"},{\"@type\":\"ListItem\",\"position\":3,\"name\":\"Renton Spinal Cord Injury Lawyer\"}]},{\"@type\":\"WebSite\",\"@id\":\"https:\\\/\\\/plg-pllc.com\\\/#website\",\"url\":\"https:\\\/\\\/plg-pllc.com\\\/\",\"name\":\"Premier Law Group\",\"description\":\"Washington Wrongful Death and Serious Injury Lawyer\",\"publisher\":{\"@id\":\"https:\\\/\\\/plg-pllc.com\\\/#organization\"},\"inLanguage\":\"es\"},{\"@type\":\"Organization\",\"@id\":\"https:\\\/\\\/plg-pllc.com\\\/#organization\",\"name\":\"Premier Law Group\",\"url\":\"https:\\\/\\\/plg-pllc.com\\\/\",\"logo\":{\"@type\":\"ImageObject\",\"inLanguage\":\"es\",\"@id\":\"https:\\\/\\\/plg-pllc.com\\\/#\\\/schema\\\/logo\\\/image\\\/\",\"url\":\"https:\\\/\\\/plg-pllc.com\\\/wp-content\\\/uploads\\\/2020\\\/10\\\/plg-logo-v2.gif\",\"contentUrl\":\"https:\\\/\\\/plg-pllc.com\\\/wp-content\\\/uploads\\\/2020\\\/10\\\/plg-logo-v2.gif\",\"width\":592,\"height\":191,\"caption\":\"Premier Law Group\"},\"image\":{\"@id\":\"https:\\\/\\\/plg-pllc.com\\\/#\\\/schema\\\/logo\\\/image\\\/\"},\"sameAs\":[\"https:\\\/\\\/www.facebook.com\\\/premierlawgroup\",\"https:\\\/\\\/x.com\\\/premierlawgroup\"]}]}<\/script>\n<!-- \/ Yoast SEO plugin. -->","yoast_head_json":{"title":"Abogado de lesiones de la m\u00e9dula espinal en Renton | Revisi\u00f3n gratuita de casos","description":"Abogado especializado en lesiones de la m\u00e9dula espinal en Renton: Premier Law Group lo ayuda a obtener la compensaci\u00f3n total que se merece. Sin honorarios a menos que ganemos.","robots":{"index":"index","follow":"follow","max-snippet":"max-snippet:-1","max-image-preview":"max-image-preview:large","max-video-preview":"max-video-preview:-1"},"canonical":"https:\/\/plg-pllc.com\/es\/renton\/spinal-cord-injury-lawyer\/","og_locale":"es_MX","og_type":"article","og_title":"Spinal Cord Injury Lawyer in Renton | Free Case Review","og_description":"Renton Spinal Cord Injury Lawyer: Premier Law Group helps you unlock the full compensation you deserve. No Fee Unless We Win.","og_url":"https:\/\/plg-pllc.com\/es\/renton\/spinal-cord-injury-lawyer\/","og_site_name":"Premier Law Group","article_publisher":"https:\/\/www.facebook.com\/premierlawgroup","article_modified_time":"2024-10-17T11:11:11+00:00","twitter_card":"summary_large_image","twitter_site":"@premierlawgroup","twitter_misc":{"Tiempo de lectura":"3 minutos"},"schema":{"@context":"https:\/\/schema.org","@graph":[{"@type":"WebPage","@id":"https:\/\/plg-pllc.com\/renton\/spinal-cord-injury-lawyer\/","url":"https:\/\/plg-pllc.com\/renton\/spinal-cord-injury-lawyer\/","name":"Abogado de lesiones de la m\u00e9dula espinal en Renton | Revisi\u00f3n gratuita de casos","isPartOf":{"@id":"https:\/\/plg-pllc.com\/#website"},"datePublished":"2024-01-04T17:08:08+00:00","dateModified":"2024-10-17T11:11:11+00:00","description":"Abogado especializado en lesiones de la m\u00e9dula espinal en Renton: Premier Law Group lo ayuda a obtener la compensaci\u00f3n total que se merece. Sin honorarios a menos que ganemos.","breadcrumb":{"@id":"https:\/\/plg-pllc.com\/renton\/spinal-cord-injury-lawyer\/#breadcrumb"},"inLanguage":"es","potentialAction":[{"@type":"ReadAction","target":["https:\/\/plg-pllc.com\/renton\/spinal-cord-injury-lawyer\/"]}]},{"@type":"BreadcrumbList","@id":"https:\/\/plg-pllc.com\/renton\/spinal-cord-injury-lawyer\/#breadcrumb","itemListElement":[{"@type":"ListItem","position":1,"name":"Home","item":"https:\/\/plg-pllc.com\/es\/"},{"@type":"ListItem","position":2,"name":"Renton Personal Injury Lawyer","item":"https:\/\/plg-pllc.com\/es\/renton\/personal-injury-lawyer\/"},{"@type":"ListItem","position":3,"name":"Renton Spinal Cord Injury Lawyer"}]},{"@type":"WebSite","@id":"https:\/\/plg-pllc.com\/#website","url":"https:\/\/plg-pllc.com\/","name":"Grupo de abogados Premier","description":"Abogado de muerte por negligencia y lesiones graves en Washington","publisher":{"@id":"https:\/\/plg-pllc.com\/#organization"},"inLanguage":"es"},{"@type":"Organization","@id":"https:\/\/plg-pllc.com\/#organization","name":"Grupo de abogados Premier","url":"https:\/\/plg-pllc.com\/","logo":{"@type":"ImageObject","inLanguage":"es","@id":"https:\/\/plg-pllc.com\/#\/schema\/logo\/image\/","url":"https:\/\/plg-pllc.com\/wp-content\/uploads\/2020\/10\/plg-logo-v2.gif","contentUrl":"https:\/\/plg-pllc.com\/wp-content\/uploads\/2020\/10\/plg-logo-v2.gif","width":592,"height":191,"caption":"Premier Law Group"},"image":{"@id":"https:\/\/plg-pllc.com\/#\/schema\/logo\/image\/"},"sameAs":["https:\/\/www.facebook.com\/premierlawgroup","https:\/\/x.com\/premierlawgroup"]}]}},"_links":{"self":[{"href":"https:\/\/plg-pllc.com\/es\/wp-json\/wp\/v2\/pages\/20209","targetHints":{"allow":["GET"]}}],"collection":[{"href":"https:\/\/plg-pllc.com\/es\/wp-json\/wp\/v2\/pages"}],"about":[{"href":"https:\/\/plg-pllc.com\/es\/wp-json\/wp\/v2\/types\/page"}],"author":[{"embeddable":true,"href":"https:\/\/plg-pllc.com\/es\/wp-json\/wp\/v2\/users\/10"}],"replies":[{"embeddable":true,"href":"https:\/\/plg-pllc.com\/es\/wp-json\/wp\/v2\/comments?post=20209"}],"version-history":[{"count":0,"href":"https:\/\/plg-pllc.com\/es\/wp-json\/wp\/v2\/pages\/20209\/revisions"}],"up":[{"embeddable":true,"href":"https:\/\/plg-pllc.com\/es\/wp-json\/wp\/v2\/pages\/15618"}],"wp:attachment":[{"href":"https:\/\/plg-pllc.com\/es\/wp-json\/wp\/v2\/media?parent=20209"}],"wp:term":[{"taxonomy":"hc_faqs","embeddable":true,"href":"https:\/\/plg-pllc.com\/es\/wp-json\/wp\/v2\/hc_faqs?post=20209"}],"curies":[{"name":"gracias","href":"https:\/\/api.w.org\/{rel}","templated":true}]}}