{"id":20222,"date":"2024-02-12T15:43:05","date_gmt":"2024-02-12T23:43:05","guid":{"rendered":"https:\/\/plg-pllc.com\/?p=20222"},"modified":"2024-10-15T19:07:10","modified_gmt":"2024-10-16T02:07:10","slug":"why-workers-stay-silent-on-sexual-harassment","status":"publish","type":"page","link":"https:\/\/plg-pllc.com\/es\/faqs\/why-workers-stay-silent-on-sexual-harassment\/","title":{"rendered":"Por qu\u00e9 los trabajadores no denuncian el acoso sexual"},"content":{"rendered":"<p>Los estudios muestran que millones de personas sufren<a href=\"https:\/\/plg-pllc.com\/washington\/sexual-harrassment-lawyer\/\"> Acoso sexual<\/a> en el lugar de trabajo. Sin embargo, pocas personas lo denuncian. A continuaci\u00f3n, analizamos las razones m\u00e1s comunes y lo alentamos a que se comunique con nosotros.<a href=\"https:\/\/plg-pllc.com\/\"> Grupo de abogados Premier<\/a> Si sufres acoso.<\/p>\r\n\r\n\r\n\r\n<h2 id=\"h-fear-of-retaliation-from-their-boss\" class=\"wp-block-heading\"><strong>Miedo a represalias por parte de su jefe<\/strong><\/h2>\r\n\r\n\r\n\r\n<p>La gente necesita trabajo y har\u00e1 casi cualquier cosa para conservarlo. A veces, los trabajadores guardan silencio sobre el acoso sexual porque temen que los despidan.<\/p>\r\n\r\n\r\n\r\n<p>Ese temor est\u00e1 bien fundado. Escuchamos a muchos trabajadores que se quejan de acoso sexual y poco despu\u00e9s acaban en la cola del paro. El riesgo de despido es alto si el acosador es su jefe o alguna otra persona de la direcci\u00f3n.<\/p>\r\n\r\n\r\n\r\n<p>La buena noticia es que las leyes protegen a los trabajadores de las represalias. Su jefe no puede despedirlo si se queja de acoso sexual que ha sufrido o incluso ha visto que le sucede a otra persona. Llame a Premier Law Group si, a pesar de todo, lo despiden despu\u00e9s de quejarse.<\/p>\r\n\r\n\r\n\r\n<h2 id=\"h-fear-of-retaliation-from-coworkers\" class=\"wp-block-heading\"><strong>Miedo a represalias por parte de compa\u00f1eros de trabajo<\/strong><\/h2>\r\n\r\n\r\n\r\n<p>Un denunciante tambi\u00e9n puede enfrentar represalias por parte de sus compa\u00f1eros de trabajo. Es posible que se burlen, menosprecien o hagan comentarios sarc\u00e1sticos sobre usted en persona o en las redes sociales. Otros compa\u00f1eros de trabajo pueden someter al denunciante a un trato silencioso o negarse a socializar dentro o fuera del trabajo.<\/p>\r\n\r\n\r\n\r\n<p>A diferencia de las represalias de un jefe, la ley ofrece menos recursos contra los compa\u00f1eros de trabajo. Despu\u00e9s de todo, tienen el derecho de la Primera Enmienda de no hablar contigo si no quieren hacerlo. No obstante, muchos trabajadores temen cualquier tipo de reacci\u00f3n de sus compa\u00f1eros si a otros les gusta el acosador.<\/p>\r\n\r\n\r\n\r\n<h2 id=\"h-bystander-effect\" class=\"wp-block-heading\"><strong>Efecto espectador<\/strong><\/h2>\r\n\r\n\r\n\r\n<p>El efecto del espectador describe por qu\u00e9 las personas que presencian algo no hacen nada para detenerlo. Como espectador en un grupo, es posible que presencie que alguien est\u00e1 siendo acosado. Es posible que no lo denuncie porque supone que uno de los otros testigos se quejar\u00e1 ante Recursos Humanos, lo que lo liberar\u00e1 de esa obligaci\u00f3n.<\/p>\r\n\r\n\r\n\r\n<p>Algunos transe\u00fantes no quieren involucrarse por temor a que se les preste atenci\u00f3n, por lo que se quedan callados para protegerse.<\/p>\r\n\r\n\r\n\r\n\n        <div class=\"rs-content-cta long\">\n            <p>Para una consulta legal GRATUITA, llame al <a href=\"tel:+12062851743\">(206) 285-1743 <\/a><\/p>\n            <a href=\"https:\/\/plg-pllc.com\/es\/contact-us\/\" title=\"OBTENGA UNA EVALUACI\u00d3N DE CASO GRATUITA\" class=\"btn-global\">OBTENGA UNA EVALUACI\u00d3N DE CASO GRATUITA<\/a>\n                    <picture>\n                            <source srcset=\"https:\/\/plg-pllc.com\/wp-content\/themes\/plg-pllc-redesign\/assets\/app\/img\/cta-thumb.webp\" type=\"image\/webp\"\/>\n                            <img src=\"https:\/\/plg-pllc.com\/wp-content\/themes\/plg-pllc-redesign\/assets\/app\/img\/cta-thumb.png\" alt=\"Grupo de abogados Premier\" title=\"Grupo de abogados Premier\" width=\"245\" height=\"220\" loading=\"auto\" fetchpriority=\"auto\" decoding=\"async\"\/>\n        <\/picture>\n        \n        <\/div><h2 id=\"h-confusion-about-how-to-report\" class=\"wp-block-heading\"><strong>Confusi\u00f3n sobre c\u00f3mo denunciar<\/strong><\/h2>\r\n\r\n\r\n\r\n<p>Su empresa deber\u00eda contar con un proceso de quejas para denunciar el acoso, pero en muchos lugares de trabajo el proceso no est\u00e1 claro. En las oficinas m\u00e1s peque\u00f1as, es posible que la persona que lo acosa sea incluso la persona a la que se supone que debe presentar la queja.<\/p>\r\n\r\n\r\n\r\n<p>Algunos trabajadores se sienten abrumados y se quedan callados, esperando que la atenci\u00f3n negativa pase. Eso es un error. Si un colega te est\u00e1 acosando, debes notific\u00e1rselo a tu empleador. Si no lo haces, es mucho m\u00e1s dif\u00edcil responsabilizarlo por el acoso en una demanda.<\/p>\r\n\r\n\r\n\r\n<h2 id=\"h-initial-participation\" class=\"wp-block-heading\"><strong>Participaci\u00f3n inicial<\/strong><\/h2>\r\n\r\n\r\n\r\n<p>Algunas personas tienen miedo de denunciar el acoso porque al principio participaron en bromas o coqueteos. Tal vez un colega hizo una broma sexual y usted se ri\u00f3 antes de hacer la broma. No hay da\u00f1o ni falta, \u00bfverdad?<\/p>\r\n\r\n\r\n\r\n<p>Pero luego tu compa\u00f1ero te toca o te besa sin tu consentimiento. Eso es una conducta acosadora. No obstante, algunos trabajadores temen denunciar este acoso porque creen que le dieron luz verde a su acosador con base en la conducta anterior.<\/p>\r\n\r\n\r\n\r\n<h2 id=\"h-call-premier-law-group\" class=\"wp-block-heading\"><strong>Llama a Premier Law Group<\/strong><\/h2>\r\n\r\n\r\n\r\n<p>Nuestro bufete puede reunirse con usted para una consulta confidencial para hablar sobre el acoso que usted sufre. Tanto las leyes estatales como las federales le otorgan el derecho a presentar una demanda por acoso, y podemos explicarle el proceso con m\u00e1s detalle.<\/p>\r\n\n        <div class=\"rs-content-cta\">\n            <p>Llamar o enviar mensaje de texto <a href=\"tel:+12062851743\">(206) 285-1743<\/a> o complete un formulario de evaluaci\u00f3n de caso gratuito<\/p>\n            <a href=\"https:\/\/plg-pllc.com\/es\/contact-us\/\" title=\"OBTENGA UNA EVALUACI\u00d3N DE CASO GRATUITA\" class=\"btn-global\">OBTENGA UNA EVALUACI\u00d3N DE CASO GRATUITA<\/a>\n                    <picture>\n                            <source srcset=\"https:\/\/plg-pllc.com\/wp-content\/themes\/plg-pllc-redesign\/assets\/app\/img\/cta-thumb.webp\" type=\"image\/webp\"\/>\n                            <img src=\"https:\/\/plg-pllc.com\/wp-content\/themes\/plg-pllc-redesign\/assets\/app\/img\/cta-thumb.png\" alt=\"Grupo de abogados Premier\" title=\"Grupo de abogados Premier\" width=\"245\" height=\"220\" loading=\"auto\" fetchpriority=\"auto\" decoding=\"async\"\/>\n        <\/picture>\n        \n        <\/div>","protected":false},"excerpt":{"rendered":"<p>Los estudios muestran que millones de personas sufren acoso sexual en el lugar de trabajo. Sin embargo, pocas personas lo denuncian. A continuaci\u00f3n, analizamos las razones m\u00e1s comunes y lo alentamos a que se comunique con Premier Law Group si sufre acoso. Miedo a represalias de su jefe Las personas necesitan trabajo y har\u00e1n casi cualquier cosa para mantenerlo.<\/p>","protected":false},"author":10,"featured_media":0,"parent":20714,"menu_order":0,"comment_status":"closed","ping_status":"closed","template":"","meta":{"_acf_changed":false,"_genesis_hide_title":false,"_genesis_hide_breadcrumbs":false,"_genesis_hide_singular_image":false,"_genesis_hide_footer_widgets":false,"_genesis_custom_body_class":"","_genesis_custom_post_class":"","_genesis_layout":"","footnotes":""},"hc_faqs":[10368],"class_list":{"0":"post-20222","1":"page","2":"type-page","3":"status-publish","5":"hc_faqs-sexual-harassment","6":"entry"},"acf":[],"yoast_head":"<!-- This site is optimized with the Yoast SEO plugin v27.2 - https:\/\/yoast.com\/product\/yoast-seo-wordpress\/ -->\n<title>Why Workers Fail to Report Sexual Harassment<\/title>\n<meta name=\"description\" content=\"Explore the complex reasons behind the reluctance to report sexual harassment in the workplace. Learn how Premier Law Group supports victims in speaking out\" \/>\n<meta name=\"robots\" content=\"index, follow, max-snippet:-1, max-image-preview:large, max-video-preview:-1\" \/>\n<link rel=\"canonical\" href=\"https:\/\/plg-pllc.com\/es\/faqs\/why-workers-stay-silent-on-sexual-harassment\/\" \/>\n<meta property=\"og:locale\" content=\"es_MX\" \/>\n<meta property=\"og:type\" content=\"article\" \/>\n<meta property=\"og:title\" content=\"Why Workers Fail to Report Sexual Harassment\" \/>\n<meta property=\"og:description\" content=\"Explore the complex reasons behind the reluctance to report sexual harassment in the workplace. Learn how Premier Law Group supports victims in speaking out\" \/>\n<meta property=\"og:url\" content=\"https:\/\/plg-pllc.com\/es\/faqs\/why-workers-stay-silent-on-sexual-harassment\/\" \/>\n<meta property=\"og:site_name\" content=\"Premier Law Group\" \/>\n<meta property=\"article:publisher\" content=\"https:\/\/www.facebook.com\/premierlawgroup\" \/>\n<meta property=\"article:modified_time\" content=\"2024-10-16T02:07:10+00:00\" \/>\n<meta name=\"twitter:card\" content=\"summary_large_image\" \/>\n<meta name=\"twitter:site\" content=\"@premierlawgroup\" \/>\n<meta name=\"twitter:label1\" content=\"Tiempo de lectura\" \/>\n\t<meta name=\"twitter:data1\" content=\"3 minutos\" \/>\n<script type=\"application\/ld+json\" class=\"yoast-schema-graph\">{\"@context\":\"https:\/\/schema.org\",\"@graph\":[{\"@type\":\"WebPage\",\"@id\":\"https:\/\/plg-pllc.com\/faqs\/why-workers-stay-silent-on-sexual-harassment\/\",\"url\":\"https:\/\/plg-pllc.com\/faqs\/why-workers-stay-silent-on-sexual-harassment\/\",\"name\":\"Why Workers Fail to Report Sexual Harassment\",\"isPartOf\":{\"@id\":\"https:\/\/plg-pllc.com\/#website\"},\"datePublished\":\"2024-02-12T23:43:05+00:00\",\"dateModified\":\"2024-10-16T02:07:10+00:00\",\"description\":\"Explore the complex reasons behind the reluctance to report sexual harassment in the workplace. Learn how Premier Law Group supports victims in speaking out\",\"breadcrumb\":{\"@id\":\"https:\/\/plg-pllc.com\/faqs\/why-workers-stay-silent-on-sexual-harassment\/#breadcrumb\"},\"inLanguage\":\"es\",\"potentialAction\":[{\"@type\":\"ReadAction\",\"target\":[\"https:\/\/plg-pllc.com\/faqs\/why-workers-stay-silent-on-sexual-harassment\/\"]}]},{\"@type\":\"BreadcrumbList\",\"@id\":\"https:\/\/plg-pllc.com\/faqs\/why-workers-stay-silent-on-sexual-harassment\/#breadcrumb\",\"itemListElement\":[{\"@type\":\"ListItem\",\"position\":1,\"name\":\"Home\",\"item\":\"https:\/\/plg-pllc.com\/es\/\"},{\"@type\":\"ListItem\",\"position\":2,\"name\":\"FAQs\",\"item\":\"https:\/\/plg-pllc.com\/es\/faqs\/\"},{\"@type\":\"ListItem\",\"position\":3,\"name\":\"Why Workers Fail to Report Sexual Harassment\"}]},{\"@type\":\"WebSite\",\"@id\":\"https:\/\/plg-pllc.com\/#website\",\"url\":\"https:\/\/plg-pllc.com\/\",\"name\":\"Premier Law Group\",\"description\":\"Washington Wrongful Death and Serious Injury Lawyer\",\"publisher\":{\"@id\":\"https:\/\/plg-pllc.com\/#organization\"},\"inLanguage\":\"es\"},{\"@type\":\"Organization\",\"@id\":\"https:\/\/plg-pllc.com\/#organization\",\"name\":\"Premier Law Group\",\"url\":\"https:\/\/plg-pllc.com\/\",\"logo\":{\"@type\":\"ImageObject\",\"inLanguage\":\"es\",\"@id\":\"https:\/\/plg-pllc.com\/#\/schema\/logo\/image\/\",\"url\":\"https:\/\/plg-pllc.com\/wp-content\/uploads\/2020\/10\/plg-logo-v2.gif\",\"contentUrl\":\"https:\/\/plg-pllc.com\/wp-content\/uploads\/2020\/10\/plg-logo-v2.gif\",\"width\":592,\"height\":191,\"caption\":\"Premier Law Group\"},\"image\":{\"@id\":\"https:\/\/plg-pllc.com\/#\/schema\/logo\/image\/\"},\"sameAs\":[\"https:\/\/www.facebook.com\/premierlawgroup\",\"https:\/\/x.com\/premierlawgroup\"]}]}<\/script>\n<!-- \/ Yoast SEO plugin. -->","yoast_head_json":{"title":"Por qu\u00e9 los trabajadores no denuncian el acoso sexual","description":"Explore las complejas razones que se esconden detr\u00e1s de la renuencia a denunciar el acoso sexual en el lugar de trabajo. Descubra c\u00f3mo Premier Law Group ayuda a las v\u00edctimas a denunciarlo","robots":{"index":"index","follow":"follow","max-snippet":"max-snippet:-1","max-image-preview":"max-image-preview:large","max-video-preview":"max-video-preview:-1"},"canonical":"https:\/\/plg-pllc.com\/es\/faqs\/why-workers-stay-silent-on-sexual-harassment\/","og_locale":"es_MX","og_type":"article","og_title":"Why Workers Fail to Report Sexual Harassment","og_description":"Explore the complex reasons behind the reluctance to report sexual harassment in the workplace. Learn how Premier Law Group supports victims in speaking out","og_url":"https:\/\/plg-pllc.com\/es\/faqs\/why-workers-stay-silent-on-sexual-harassment\/","og_site_name":"Premier Law Group","article_publisher":"https:\/\/www.facebook.com\/premierlawgroup","article_modified_time":"2024-10-16T02:07:10+00:00","twitter_card":"summary_large_image","twitter_site":"@premierlawgroup","twitter_misc":{"Tiempo de lectura":"3 minutos"},"schema":{"@context":"https:\/\/schema.org","@graph":[{"@type":"WebPage","@id":"https:\/\/plg-pllc.com\/faqs\/why-workers-stay-silent-on-sexual-harassment\/","url":"https:\/\/plg-pllc.com\/faqs\/why-workers-stay-silent-on-sexual-harassment\/","name":"Por qu\u00e9 los trabajadores no denuncian el acoso sexual","isPartOf":{"@id":"https:\/\/plg-pllc.com\/#website"},"datePublished":"2024-02-12T23:43:05+00:00","dateModified":"2024-10-16T02:07:10+00:00","description":"Explore las complejas razones que se esconden detr\u00e1s de la renuencia a denunciar el acoso sexual en el lugar de trabajo. Descubra c\u00f3mo Premier Law Group ayuda a las v\u00edctimas a denunciarlo","breadcrumb":{"@id":"https:\/\/plg-pllc.com\/faqs\/why-workers-stay-silent-on-sexual-harassment\/#breadcrumb"},"inLanguage":"es","potentialAction":[{"@type":"ReadAction","target":["https:\/\/plg-pllc.com\/faqs\/why-workers-stay-silent-on-sexual-harassment\/"]}]},{"@type":"BreadcrumbList","@id":"https:\/\/plg-pllc.com\/faqs\/why-workers-stay-silent-on-sexual-harassment\/#breadcrumb","itemListElement":[{"@type":"ListItem","position":1,"name":"Home","item":"https:\/\/plg-pllc.com\/es\/"},{"@type":"ListItem","position":2,"name":"FAQs","item":"https:\/\/plg-pllc.com\/es\/faqs\/"},{"@type":"ListItem","position":3,"name":"Why Workers Fail to Report Sexual Harassment"}]},{"@type":"WebSite","@id":"https:\/\/plg-pllc.com\/#website","url":"https:\/\/plg-pllc.com\/","name":"Grupo de abogados Premier","description":"Abogado de muerte por negligencia y lesiones graves en Washington","publisher":{"@id":"https:\/\/plg-pllc.com\/#organization"},"inLanguage":"es"},{"@type":"Organization","@id":"https:\/\/plg-pllc.com\/#organization","name":"Grupo de abogados Premier","url":"https:\/\/plg-pllc.com\/","logo":{"@type":"ImageObject","inLanguage":"es","@id":"https:\/\/plg-pllc.com\/#\/schema\/logo\/image\/","url":"https:\/\/plg-pllc.com\/wp-content\/uploads\/2020\/10\/plg-logo-v2.gif","contentUrl":"https:\/\/plg-pllc.com\/wp-content\/uploads\/2020\/10\/plg-logo-v2.gif","width":592,"height":191,"caption":"Premier Law Group"},"image":{"@id":"https:\/\/plg-pllc.com\/#\/schema\/logo\/image\/"},"sameAs":["https:\/\/www.facebook.com\/premierlawgroup","https:\/\/x.com\/premierlawgroup"]}]}},"_links":{"self":[{"href":"https:\/\/plg-pllc.com\/es\/wp-json\/wp\/v2\/pages\/20222","targetHints":{"allow":["GET"]}}],"collection":[{"href":"https:\/\/plg-pllc.com\/es\/wp-json\/wp\/v2\/pages"}],"about":[{"href":"https:\/\/plg-pllc.com\/es\/wp-json\/wp\/v2\/types\/page"}],"author":[{"embeddable":true,"href":"https:\/\/plg-pllc.com\/es\/wp-json\/wp\/v2\/users\/10"}],"replies":[{"embeddable":true,"href":"https:\/\/plg-pllc.com\/es\/wp-json\/wp\/v2\/comments?post=20222"}],"version-history":[{"count":0,"href":"https:\/\/plg-pllc.com\/es\/wp-json\/wp\/v2\/pages\/20222\/revisions"}],"up":[{"embeddable":true,"href":"https:\/\/plg-pllc.com\/es\/wp-json\/wp\/v2\/pages\/20714"}],"wp:attachment":[{"href":"https:\/\/plg-pllc.com\/es\/wp-json\/wp\/v2\/media?parent=20222"}],"wp:term":[{"taxonomy":"hc_faqs","embeddable":true,"href":"https:\/\/plg-pllc.com\/es\/wp-json\/wp\/v2\/hc_faqs?post=20222"}],"curies":[{"name":"gracias","href":"https:\/\/api.w.org\/{rel}","templated":true}]}}