{"id":20223,"date":"2024-02-16T13:50:34","date_gmt":"2024-02-16T21:50:34","guid":{"rendered":"https:\/\/plg-pllc.com\/?page_id=20223"},"modified":"2025-01-28T12:58:37","modified_gmt":"2025-01-28T20:58:37","slug":"sexual-harassment-3","status":"publish","type":"page","link":"https:\/\/plg-pllc.com\/es\/bellevue\/sexual-harassment-lawyer\/","title":{"rendered":"Abogado de acoso sexual en Bellevue"},"content":{"rendered":"<p>Demasiados trabajadores esconden un secreto: sufren acoso sexual en el trabajo. Tal vez tu jefe te haya amenazado con despedirte si no das tu consentimiento para tener relaciones sexuales, o tus compa\u00f1eros de trabajo te est\u00e9n acosando con piropos e im\u00e1genes ofensivas. De cualquier manera, ir a trabajar es una experiencia terrible.<\/p>\r\n\r\n\r\n\r\n<p>Ll\u00e1menos. Premier Law Group protege los derechos de los trabajadores a un trato justo e igualitario. El acoso sexual es un tipo de discriminaci\u00f3n sexual y no tiene excusa. Ll\u00e1menos<a href=\"https:\/\/plg-pllc.com\/\"> Nuestra firma<\/a> hablar con un abogado especializado en acoso sexual de Bellevue sobre si puede presentar una queja administrativa o una demanda.<\/p>\r\n\r\n\r\n\r\n<h2 id=\"h-what-is-sexual-harassment\" class=\"wp-block-heading\"><strong>\u00bfQu\u00e9 es el acoso sexual?<\/strong><\/h2>\r\n\r\n\r\n\r\n<p>El acoso sexual est\u00e1 definido por las leyes estatales y federales. Existen dos tipos principales:<\/p>\r\n\r\n\r\n\r\n<p>1. \u00a0 \u00a0 \u00a0 <em>Compensaci\u00f3n<\/em>:Un jefe ofrece un beneficio laboral, como un ascenso o un aumento de sueldo, a cambio de favores sexuales. B\u00e1sicamente, quid pro quo significa \u201calgo a cambio de algo\u201d. Un empleador tambi\u00e9n puede amenazar con una acci\u00f3n laboral negativa a menos que el trabajador consienta tener relaciones sexuales.<\/p>\r\n\r\n\r\n\r\n<p>2. Entorno laboral hostil: un lugar de trabajo se vuelve hostil cuando la conducta ofensiva es grave o generalizada. Esta conducta puede consistir en bromas, piropos, tocamientos no deseados, im\u00e1genes sexualizadas, apodos sexuales y gestos ofensivos. Un lugar de trabajo tambi\u00e9n es hostil incluso si la conducta no es sexualizada. Los comentarios o bromas negativas sobre hombres o mujeres (\u201cTodas las mujeres son tontas\u201d, \u201cLos hombres no saben escuchar a nadie\u201d, etc.) tambi\u00e9n podr\u00edan constituir la base de una denuncia por acoso sexual.<\/p>\r\n\r\n\r\n\r\n<p>Es fundamental recordar que cualquier persona puede sufrir acoso sexual. Tanto hombres como mujeres sufren acoso a diario, y el acosador puede ser del mismo sexo o de otro distinto. No sufras en silencio.<\/p>\r\n\r\n\r\n\r\n<h2 id=\"h-washington-s-approach-to-sexual-harassment\" class=\"wp-block-heading\"><strong>El enfoque de Washington frente al acoso sexual<\/strong><\/h2>\r\n\r\n\r\n\r\n<p>Washington tambi\u00e9n reconoce <em>compensaci\u00f3n<\/em> y reclamos por ambiente de trabajo hostil. Sin embargo, el estado tambi\u00e9n tiene leyes que exigen que un empleador ofrezca licencia a un empleado para lidiar con una agresi\u00f3n sexual o violencia dom\u00e9stica. El trabajador podr\u00eda usar este tiempo para coordinarse con la polic\u00eda, obtener asesoramiento o incluso mudarse por su seguridad.<\/p>\r\n\r\n\r\n\r\n<h2 id=\"h-retaliation-is-also-illegal\" class=\"wp-block-heading\"><strong>Las represalias tambi\u00e9n son ilegales<\/strong><\/h2>\r\n\r\n\r\n\r\n<p>Cualquier trabajador que se queje de acoso sexual tambi\u00e9n est\u00e1 protegido contra represalias. Es ilegal que su empleador tome medidas laborales negativas porque usted se quej\u00f3 de acoso sexual. No deber\u00eda sufrir:<\/p>\r\n\r\n\r\n\r\n<ul class=\"wp-block-list\">\r\n<li>Terminaci\u00f3n<\/li>\r\n\r\n\r\n\r\n<li>Degradaci\u00f3n<\/li>\r\n\r\n\r\n\r\n<li>Recorte de sueldo o beneficios<\/li>\r\n\r\n\r\n\r\n<li>P\u00e9rdida de oportunidades de formaci\u00f3n<\/li>\r\n<\/ul>\r\n\r\n\r\n\r\n\n        <div class=\"rs-content-cta long\">\n            <p>Para una consulta legal con un abogado especializado en acoso sexual que preste servicios en Bellevue, llame al <a href=\"tel:+12062851743\">(206) 285-1743 <\/a><\/p>\n            <a href=\"https:\/\/plg-pllc.com\/es\/contact-us\/\" title=\"OBTENGA UNA EVALUACI\u00d3N DE CASO\" class=\"btn-global\">OBTENGA UNA EVALUACI\u00d3N DE CASO<\/a>\n                    <picture>\n                            <source srcset=\"https:\/\/plg-pllc.com\/wp-content\/themes\/plg-pllc-redesign\/assets\/app\/img\/cta-thumb.webp\" type=\"image\/webp\"\/>\n                            <img src=\"https:\/\/plg-pllc.com\/wp-content\/themes\/plg-pllc-redesign\/assets\/app\/img\/cta-thumb.png\" alt=\"Grupo de abogados Premier\" title=\"Grupo de abogados Premier\" width=\"245\" height=\"220\" loading=\"auto\" fetchpriority=\"auto\" decoding=\"async\"\/>\n        <\/picture>\n        \n        <\/div><h2 id=\"h-what-remedies-can-you-receive\" class=\"wp-block-heading\"><strong>\u00bfQu\u00e9 remedios puedes recibir?<\/strong><\/h2>\r\n\r\n\r\n\r\n<p>Dependiendo del caso, podr\u00edamos buscar:<\/p>\r\n\r\n\r\n\r\n<ul class=\"wp-block-list\">\r\n<li>Reincorporaci\u00f3n laboral<\/li>\r\n\r\n\r\n\r\n<li>Atrasos en la paga<\/li>\r\n\r\n\r\n\r\n<li>Da\u00f1os compensatorios<\/li>\r\n\r\n\r\n\r\n<li>Da\u00f1os por angustia emocional<\/li>\r\n\r\n\r\n\r\n<li>Honorarios de abogados<\/li>\r\n<\/ul>\r\n\r\n\r\n\r\n<p>Presentar una demanda legal es complicado. Seg\u00fan la ley federal, primero debe presentar una denuncia por discriminaci\u00f3n ante la Comisi\u00f3n para la Igualdad de Oportunidades en el Empleo (EEOC), que puede investigar. Es posible que le recomienden una mediaci\u00f3n o, despu\u00e9s de un per\u00edodo, le entreguen una carta con derecho a demandar, que le permite presentar una demanda en los tribunales.<\/p>\r\n\r\n\r\n\r\n<h2 id=\"h-our-bellevue-sexual-harassment-lawyers-hold-employers-accountable\" class=\"wp-block-heading\"><strong>Nuestros abogados de acoso sexual en Bellevue responsabilizan a los empleadores<\/strong><\/h2>\r\n\r\n\r\n\r\n<p>Premier Law Group acoge con satisfacci\u00f3n la renovada atenci\u00f3n que ha recibido recientemente el acoso sexual en los medios de comunicaci\u00f3n. Para obtener asistencia legal, por favor<a href=\"https:\/\/plg-pllc.com\/contact-us\/\"> Cont\u00e1ctenos<\/a> Ll\u00e1menos hoy para programar una consulta. Podemos reunirnos de manera confidencial para revisar la conducta que usted est\u00e1 padeciendo y proponer ideas sobre qu\u00e9 evidencia recolectar.<\/p>\r\n\n        <div class=\"rs-content-cta\">\n            <p>Llamar o enviar mensaje de texto <a href=\"tel:+12062851743\">(206) 285-1743<\/a> o complete un formulario de evaluaci\u00f3n de caso<\/p>\n            <a href=\"https:\/\/plg-pllc.com\/es\/contact-us\/\" title=\"OBTENGA UNA EVALUACI\u00d3N DE CASO\" class=\"btn-global\">OBTENGA UNA EVALUACI\u00d3N DE CASO<\/a>\n                    <picture>\n                            <source srcset=\"https:\/\/plg-pllc.com\/wp-content\/themes\/plg-pllc-redesign\/assets\/app\/img\/cta-thumb.webp\" type=\"image\/webp\"\/>\n                            <img src=\"https:\/\/plg-pllc.com\/wp-content\/themes\/plg-pllc-redesign\/assets\/app\/img\/cta-thumb.png\" alt=\"Grupo de abogados Premier\" title=\"Grupo de abogados Premier\" width=\"245\" height=\"220\" loading=\"auto\" fetchpriority=\"auto\" decoding=\"async\"\/>\n        <\/picture>\n        \n        <\/div>","protected":false},"excerpt":{"rendered":"<p>Demasiados trabajadores esconden un secreto: sufren acoso sexual en el trabajo. Tal vez su jefe amenaz\u00f3 con despedirlo si no daba su consentimiento para tener relaciones sexuales, o sus compa\u00f1eros de trabajo lo est\u00e1n acosando con piropos e im\u00e1genes ofensivas. De cualquier manera, ir a trabajar es una experiencia terrible. Ll\u00e1menos. Premier Law Group protege a los trabajadores...<\/p>","protected":false},"author":10,"featured_media":0,"parent":18067,"menu_order":0,"comment_status":"closed","ping_status":"closed","template":"","meta":{"_acf_changed":false,"_genesis_hide_title":false,"_genesis_hide_breadcrumbs":false,"_genesis_hide_singular_image":false,"_genesis_hide_footer_widgets":false,"_genesis_custom_body_class":"","_genesis_custom_post_class":"","_genesis_layout":"","footnotes":""},"hc_faqs":[],"class_list":{"0":"post-20223","1":"page","2":"type-page","3":"status-publish","5":"hc_city_location-bellevue","6":"entry"},"acf":[],"yoast_head":"<!-- This site is optimized with the Yoast SEO plugin v27.4 - https:\/\/yoast.com\/product\/yoast-seo-wordpress\/ -->\n<title>Sexual Harassment Lawyer in Bellevue | Free Case Review<\/title>\n<meta name=\"description\" content=\"Expert legal support for victims of workplace sexual harassment in Bellevue. Get confidential advice and advocacy to safeguard your rights.\" \/>\n<meta name=\"robots\" content=\"index, follow, max-snippet:-1, max-image-preview:large, max-video-preview:-1\" \/>\n<link rel=\"canonical\" href=\"https:\/\/plg-pllc.com\/es\/bellevue\/sexual-harassment-lawyer\/\" \/>\n<meta property=\"og:locale\" content=\"es_MX\" \/>\n<meta property=\"og:type\" content=\"article\" \/>\n<meta property=\"og:title\" content=\"Sexual Harassment Lawyer in Bellevue | Free Case Review\" \/>\n<meta property=\"og:description\" content=\"Expert legal support for victims of workplace sexual harassment in Bellevue. Get confidential advice and advocacy to safeguard your rights.\" \/>\n<meta property=\"og:url\" content=\"https:\/\/plg-pllc.com\/es\/bellevue\/sexual-harassment-lawyer\/\" \/>\n<meta property=\"og:site_name\" content=\"Premier Law Group\" \/>\n<meta property=\"article:publisher\" content=\"https:\/\/www.facebook.com\/premierlawgroup\" \/>\n<meta property=\"article:modified_time\" content=\"2025-01-28T20:58:37+00:00\" \/>\n<meta name=\"twitter:card\" content=\"summary_large_image\" \/>\n<meta name=\"twitter:site\" content=\"@premierlawgroup\" \/>\n<meta name=\"twitter:label1\" content=\"Tiempo de lectura\" \/>\n\t<meta name=\"twitter:data1\" content=\"3 minutos\" \/>\n<script type=\"application\/ld+json\" class=\"yoast-schema-graph\">{\"@context\":\"https:\\\/\\\/schema.org\",\"@graph\":[{\"@type\":\"WebPage\",\"@id\":\"https:\\\/\\\/plg-pllc.com\\\/bellevue\\\/sexual-harassment-lawyer\\\/\",\"url\":\"https:\\\/\\\/plg-pllc.com\\\/bellevue\\\/sexual-harassment-lawyer\\\/\",\"name\":\"Sexual Harassment Lawyer in Bellevue | Free Case Review\",\"isPartOf\":{\"@id\":\"https:\\\/\\\/plg-pllc.com\\\/#website\"},\"datePublished\":\"2024-02-16T21:50:34+00:00\",\"dateModified\":\"2025-01-28T20:58:37+00:00\",\"description\":\"Expert legal support for victims of workplace sexual harassment in Bellevue. Get confidential advice and advocacy to safeguard your rights.\",\"breadcrumb\":{\"@id\":\"https:\\\/\\\/plg-pllc.com\\\/bellevue\\\/sexual-harassment-lawyer\\\/#breadcrumb\"},\"inLanguage\":\"es\",\"potentialAction\":[{\"@type\":\"ReadAction\",\"target\":[\"https:\\\/\\\/plg-pllc.com\\\/bellevue\\\/sexual-harassment-lawyer\\\/\"]}]},{\"@type\":\"BreadcrumbList\",\"@id\":\"https:\\\/\\\/plg-pllc.com\\\/bellevue\\\/sexual-harassment-lawyer\\\/#breadcrumb\",\"itemListElement\":[{\"@type\":\"ListItem\",\"position\":1,\"name\":\"Home\",\"item\":\"https:\\\/\\\/plg-pllc.com\\\/es\\\/\"},{\"@type\":\"ListItem\",\"position\":2,\"name\":\"Bellevue Personal Injury Lawyer\",\"item\":\"https:\\\/\\\/plg-pllc.com\\\/es\\\/\"},{\"@type\":\"ListItem\",\"position\":3,\"name\":\"Bellevue Sexual Harassment Lawyer\"}]},{\"@type\":\"WebSite\",\"@id\":\"https:\\\/\\\/plg-pllc.com\\\/#website\",\"url\":\"https:\\\/\\\/plg-pllc.com\\\/\",\"name\":\"Premier Law Group\",\"description\":\"Washington Wrongful Death and Serious Injury Lawyer\",\"publisher\":{\"@id\":\"https:\\\/\\\/plg-pllc.com\\\/#organization\"},\"inLanguage\":\"es\"},{\"@type\":\"Organization\",\"@id\":\"https:\\\/\\\/plg-pllc.com\\\/#organization\",\"name\":\"Premier Law Group\",\"url\":\"https:\\\/\\\/plg-pllc.com\\\/\",\"logo\":{\"@type\":\"ImageObject\",\"inLanguage\":\"es\",\"@id\":\"https:\\\/\\\/plg-pllc.com\\\/#\\\/schema\\\/logo\\\/image\\\/\",\"url\":\"https:\\\/\\\/plg-pllc.com\\\/wp-content\\\/uploads\\\/2020\\\/10\\\/plg-logo-v2.gif\",\"contentUrl\":\"https:\\\/\\\/plg-pllc.com\\\/wp-content\\\/uploads\\\/2020\\\/10\\\/plg-logo-v2.gif\",\"width\":592,\"height\":191,\"caption\":\"Premier Law Group\"},\"image\":{\"@id\":\"https:\\\/\\\/plg-pllc.com\\\/#\\\/schema\\\/logo\\\/image\\\/\"},\"sameAs\":[\"https:\\\/\\\/www.facebook.com\\\/premierlawgroup\",\"https:\\\/\\\/x.com\\\/premierlawgroup\"]}]}<\/script>\n<!-- \/ Yoast SEO plugin. -->","yoast_head_json":{"title":"Abogado de acoso sexual en Bellevue | Revisi\u00f3n gratuita de casos","description":"Asistencia legal especializada para v\u00edctimas de acoso sexual en el lugar de trabajo en Bellevue. Obtenga asesoramiento confidencial y defensa para proteger sus derechos.","robots":{"index":"index","follow":"follow","max-snippet":"max-snippet:-1","max-image-preview":"max-image-preview:large","max-video-preview":"max-video-preview:-1"},"canonical":"https:\/\/plg-pllc.com\/es\/bellevue\/sexual-harassment-lawyer\/","og_locale":"es_MX","og_type":"article","og_title":"Sexual Harassment Lawyer in Bellevue | Free Case Review","og_description":"Expert legal support for victims of workplace sexual harassment in Bellevue. Get confidential advice and advocacy to safeguard your rights.","og_url":"https:\/\/plg-pllc.com\/es\/bellevue\/sexual-harassment-lawyer\/","og_site_name":"Premier Law Group","article_publisher":"https:\/\/www.facebook.com\/premierlawgroup","article_modified_time":"2025-01-28T20:58:37+00:00","twitter_card":"summary_large_image","twitter_site":"@premierlawgroup","twitter_misc":{"Tiempo de lectura":"3 minutos"},"schema":{"@context":"https:\/\/schema.org","@graph":[{"@type":"WebPage","@id":"https:\/\/plg-pllc.com\/bellevue\/sexual-harassment-lawyer\/","url":"https:\/\/plg-pllc.com\/bellevue\/sexual-harassment-lawyer\/","name":"Abogado de acoso sexual en Bellevue | Revisi\u00f3n gratuita de casos","isPartOf":{"@id":"https:\/\/plg-pllc.com\/#website"},"datePublished":"2024-02-16T21:50:34+00:00","dateModified":"2025-01-28T20:58:37+00:00","description":"Asistencia legal especializada para v\u00edctimas de acoso sexual en el lugar de trabajo en Bellevue. Obtenga asesoramiento confidencial y defensa para proteger sus derechos.","breadcrumb":{"@id":"https:\/\/plg-pllc.com\/bellevue\/sexual-harassment-lawyer\/#breadcrumb"},"inLanguage":"es","potentialAction":[{"@type":"ReadAction","target":["https:\/\/plg-pllc.com\/bellevue\/sexual-harassment-lawyer\/"]}]},{"@type":"BreadcrumbList","@id":"https:\/\/plg-pllc.com\/bellevue\/sexual-harassment-lawyer\/#breadcrumb","itemListElement":[{"@type":"ListItem","position":1,"name":"Home","item":"https:\/\/plg-pllc.com\/es\/"},{"@type":"ListItem","position":2,"name":"Bellevue Personal Injury Lawyer","item":"https:\/\/plg-pllc.com\/es\/"},{"@type":"ListItem","position":3,"name":"Bellevue Sexual Harassment Lawyer"}]},{"@type":"WebSite","@id":"https:\/\/plg-pllc.com\/#website","url":"https:\/\/plg-pllc.com\/","name":"Grupo de abogados Premier","description":"Abogado de muerte por negligencia y lesiones graves en Washington","publisher":{"@id":"https:\/\/plg-pllc.com\/#organization"},"inLanguage":"es"},{"@type":"Organization","@id":"https:\/\/plg-pllc.com\/#organization","name":"Grupo de abogados Premier","url":"https:\/\/plg-pllc.com\/","logo":{"@type":"ImageObject","inLanguage":"es","@id":"https:\/\/plg-pllc.com\/#\/schema\/logo\/image\/","url":"https:\/\/plg-pllc.com\/wp-content\/uploads\/2020\/10\/plg-logo-v2.gif","contentUrl":"https:\/\/plg-pllc.com\/wp-content\/uploads\/2020\/10\/plg-logo-v2.gif","width":592,"height":191,"caption":"Premier Law Group"},"image":{"@id":"https:\/\/plg-pllc.com\/#\/schema\/logo\/image\/"},"sameAs":["https:\/\/www.facebook.com\/premierlawgroup","https:\/\/x.com\/premierlawgroup"]}]}},"_links":{"self":[{"href":"https:\/\/plg-pllc.com\/es\/wp-json\/wp\/v2\/pages\/20223","targetHints":{"allow":["GET"]}}],"collection":[{"href":"https:\/\/plg-pllc.com\/es\/wp-json\/wp\/v2\/pages"}],"about":[{"href":"https:\/\/plg-pllc.com\/es\/wp-json\/wp\/v2\/types\/page"}],"author":[{"embeddable":true,"href":"https:\/\/plg-pllc.com\/es\/wp-json\/wp\/v2\/users\/10"}],"replies":[{"embeddable":true,"href":"https:\/\/plg-pllc.com\/es\/wp-json\/wp\/v2\/comments?post=20223"}],"version-history":[{"count":0,"href":"https:\/\/plg-pllc.com\/es\/wp-json\/wp\/v2\/pages\/20223\/revisions"}],"up":[{"embeddable":true,"href":"https:\/\/plg-pllc.com\/es\/wp-json\/wp\/v2\/pages\/18067"}],"wp:attachment":[{"href":"https:\/\/plg-pllc.com\/es\/wp-json\/wp\/v2\/media?parent=20223"}],"wp:term":[{"taxonomy":"hc_faqs","embeddable":true,"href":"https:\/\/plg-pllc.com\/es\/wp-json\/wp\/v2\/hc_faqs?post=20223"}],"curies":[{"name":"gracias","href":"https:\/\/api.w.org\/{rel}","templated":true}]}}