{"id":20225,"date":"2024-02-16T14:13:21","date_gmt":"2024-02-16T22:13:21","guid":{"rendered":"https:\/\/plg-pllc.com\/?page_id=20225"},"modified":"2026-04-23T00:20:31","modified_gmt":"2026-04-23T07:20:31","slug":"sexual-harassment","status":"publish","type":"page","link":"https:\/\/plg-pllc.com\/es\/federal-way\/sexual-harassment-lawyer\/","title":{"rendered":"Abogado de acoso sexual en Federal Way"},"content":{"rendered":"<p>Hombres y mujeres sufren acoso sexual en el trabajo por parte de sus jefes y compa\u00f1eros. Este acoso no tiene cabida en un entorno laboral moderno, pero muchos trabajadores guardan silencio por temor a represalias. Premier Law Group cuenta con la experiencia legal que usted necesita para defenderse. Si llama a nuestro bufete, podemos escuchar su historia y determinar si tiene una demanda v\u00e1lida contra un compa\u00f1ero de trabajo o su empleador. Hable con un <a href=\"https:\/\/plg-pllc.com\/federal-way\/personal-injury-lawyer\/\">Abogado de lesiones personales en Federal Way<\/a> hoy.<\/p>\r\n\r\n\r\n\r\n<h2 id=\"h-examples-of-sexual-harassment\" class=\"wp-block-heading\"><strong>Ejemplos de acoso sexual<\/strong><\/h2>\r\n\r\n\r\n\r\n<p>El acoso sexual adopta muchas formas. Algunos ejemplos incluyen:<\/p>\r\n\r\n\r\n\r\n<ul class=\"wp-block-list\">\r\n<li>Tu jefe te promete un aumento o un ascenso si tienes relaciones sexuales.<\/li>\r\n\r\n\r\n\r\n<li>Tu jefe amenaza con despedirte si no cedes a sus insinuaciones sexuales.<\/li>\r\n\r\n\r\n\r\n<li>Los compa\u00f1eros de trabajo se burlan sexualmente de un colega, lo piropean y usan nombres sexualizados.<\/li>\r\n\r\n\r\n\r\n<li>Un jefe hace comentarios degradantes sobre las mujeres, afirmando que no saben hacer matem\u00e1ticas y son inferiores a los hombres.<\/li>\r\n\r\n\r\n\r\n<li>Regularmente un cliente viene a tu lugar de trabajo para acosarte y tu jefe no hace nada.<\/li>\r\n<\/ul>\r\n\r\n\r\n\r\n<p>El acoso sexual a veces es dif\u00edcil de detectar. Un lugar de trabajo es hostil, por ejemplo, cuando la conducta es lo suficientemente generalizada como para socavar el bienestar de los trabajadores. Pero, \u00bfcu\u00e1nta conducta ofensiva se requiere? A lo largo de los a\u00f1os, los tribunales han analizado miles de casos, pero hay pocas reglas claras. Deje que nuestro equipo legal revise el caso para ver si tiene un caso.<\/p>\r\n\r\n\r\n\r\n<h2 id=\"h-sexual-harassment-laws\" class=\"wp-block-heading\"><strong>Leyes sobre acoso sexual<\/strong><\/h2>\r\n\r\n\r\n\r\n<p>En Premier Law Group, tenemos pleno conocimiento de todas las leyes relevantes sobre discriminaci\u00f3n sexual:<\/p>\r\n\r\n\r\n\r\n<ul class=\"wp-block-list\">\r\n<li>T\u00edtulo VI de la Ley de Derechos Civiles de 1964. Esta es la principal ley federal que proh\u00edbe la discriminaci\u00f3n sexual, incluido el acoso sexual. La ley federal tambi\u00e9n proh\u00edbe las represalias contra quienes protestan por el acoso sexual.<\/li>\r\n\r\n\r\n\r\n<li>Secci\u00f3n 49.60.180 del C\u00f3digo Revisado de Washington. Esta ley estatal proh\u00edbe el acoso sexual, incluido <em>compensaci\u00f3n<\/em> y entornos de trabajo hostiles.<\/li>\r\n\r\n\r\n\r\n<li>Secci\u00f3n 49.76 del C\u00f3digo Revisado de Washington. Esta ley estatal otorga a los trabajadores ciertos derechos relacionados con la agresi\u00f3n sexual o la violencia dom\u00e9stica. Un trabajador puede tomarse una licencia para buscar asesoramiento, mudarse o trabajar con la polic\u00eda para abordar cuestiones de seguridad.<\/li>\r\n<\/ul>\r\n\r\n\r\n\r\n<h2 id=\"h-your-right-to-dignity\" class=\"wp-block-heading\"><strong>Su derecho a la dignidad<\/strong><\/h2>\r\n\r\n\r\n\r\n<p>Nuestra firma puede ayudar a los trabajadores a buscar justicia mediante la revisi\u00f3n de pruebas y la construcci\u00f3n de un caso que respalde su alegato de que fue acosado. Es posible que le pidamos que nos cuente en detalle ejemplos de conductas acosadoras, como bromas o insultos, incluyendo cu\u00e1ndo y d\u00f3nde ocurrieron.<\/p>\r\n\r\n\r\n\r\n<p>Por lo general, presentamos casos de acoso de manera administrativa ante la Comisi\u00f3n de Igualdad de Oportunidades en el Empleo o la Comisi\u00f3n de Derechos Humanos del Estado de Washington. La denuncia pone a su empleador sobre aviso del acoso. A veces, podemos trabajar para lograr una resoluci\u00f3n mutuamente aceptable para la compensaci\u00f3n, el ascenso, el pago retroactivo y los da\u00f1os compensatorios. Despu\u00e9s de presentar una queja, es posible que recibamos permiso para presentar una demanda en el tribunal en su nombre.<\/p>\r\n\r\n\r\n\r\n\n        <div class=\"rs-content-cta long\">\n            <p>Para una consulta legal GRATUITA con un abogado que presta servicios en Federal Way, llame al <a href=\"tel:+12062851743\">(206) 285-1743 <\/a><\/p>\n            <a href=\"https:\/\/plg-pllc.com\/es\/contact-us\/\" title=\"OBTENGA UNA EVALUACI\u00d3N DE CASO GRATUITA\" class=\"btn-global\">OBTENGA UNA EVALUACI\u00d3N DE CASO GRATUITA<\/a>\n                    <picture>\n                            <source srcset=\"https:\/\/plg-pllc.com\/wp-content\/themes\/plg-pllc-redesign\/assets\/app\/img\/cta-thumb.webp\" type=\"image\/webp\"\/>\n                            <img src=\"https:\/\/plg-pllc.com\/wp-content\/themes\/plg-pllc-redesign\/assets\/app\/img\/cta-thumb.png\" alt=\"Grupo de abogados Premier\" title=\"Grupo de abogados Premier\" width=\"245\" height=\"220\" loading=\"auto\" fetchpriority=\"auto\" decoding=\"async\"\/>\n        <\/picture>\n        \n        <\/div><h2 id=\"h-how-our-federal-way-sexual-harassment-lawyers-make-a-difference\" class=\"wp-block-heading\"><strong>C\u00f3mo nuestros abogados especializados en acoso sexual en Federal Way marcan la diferencia<\/strong><\/h2>\r\n\r\n\r\n\r\n<p>Muchos trabajadores guardan silencio por miedo a que nadie les crea, incluidos sus compa\u00f1eros de trabajo. No obstante, hablar es el primer paso para mejorar el lugar de trabajo y su calidad de vida.<a href=\"https:\/\/plg-pllc.com\/contact-us\/\"> Cont\u00e1ctenos<\/a> Hoy mismo. En una consulta privada, podemos hablar sobre el acoso y los posibles recursos legales. Hemos obtenido millones de d\u00f3lares para clientes que sufren acoso y estamos ansiosos por escuchar su historia.<\/p>\r\n\n        <div class=\"rs-content-cta\">\n            <p>Llamar o enviar mensaje de texto <a href=\"tel:+12062851743\">(206) 285-1743<\/a> o complete un formulario de evaluaci\u00f3n de caso gratuito<\/p>\n            <a href=\"https:\/\/plg-pllc.com\/es\/contact-us\/\" title=\"OBTENGA UNA EVALUACI\u00d3N DE CASO GRATUITA\" class=\"btn-global\">OBTENGA UNA EVALUACI\u00d3N DE CASO GRATUITA<\/a>\n                    <picture>\n                            <source srcset=\"https:\/\/plg-pllc.com\/wp-content\/themes\/plg-pllc-redesign\/assets\/app\/img\/cta-thumb.webp\" type=\"image\/webp\"\/>\n                            <img src=\"https:\/\/plg-pllc.com\/wp-content\/themes\/plg-pllc-redesign\/assets\/app\/img\/cta-thumb.png\" alt=\"Grupo de abogados Premier\" title=\"Grupo de abogados Premier\" width=\"245\" height=\"220\" loading=\"auto\" fetchpriority=\"auto\" decoding=\"async\"\/>\n        <\/picture>\n        \n        <\/div>","protected":false},"excerpt":{"rendered":"<p>Los hombres y las mujeres sufren acoso sexual en el trabajo por parte de sus jefes y compa\u00f1eros de trabajo. Este acoso no tiene cabida en un lugar de trabajo moderno, pero muchos trabajadores permanecen en silencio por miedo a las represalias. Premier Law Group tiene las habilidades legales que necesita para defenderse. Si llama a nuestra firma, podemos escuchar su historia...<\/p>","protected":false},"author":10,"featured_media":0,"parent":20716,"menu_order":0,"comment_status":"closed","ping_status":"closed","template":"","meta":{"_acf_changed":false,"_genesis_hide_title":false,"_genesis_hide_breadcrumbs":false,"_genesis_hide_singular_image":false,"_genesis_hide_footer_widgets":false,"_genesis_custom_body_class":"","_genesis_custom_post_class":"","_genesis_layout":"","footnotes":""},"hc_faqs":[],"class_list":{"0":"post-20225","1":"page","2":"type-page","3":"status-publish","5":"hc_city_location-federal-way","6":"entry"},"acf":[],"yoast_head":"<!-- This site is optimized with the Yoast SEO plugin v27.4 - https:\/\/yoast.com\/product\/yoast-seo-wordpress\/ -->\n<title>Sexual Harassment Lawyer in Federal Way | Free Case Review<\/title>\n<meta name=\"description\" content=\"Navigate the complexities of sexual harassment claims in Federal Way with our skilled legal team. Empower yourself with strong representation.\" \/>\n<meta name=\"robots\" content=\"index, follow, max-snippet:-1, max-image-preview:large, max-video-preview:-1\" \/>\n<link rel=\"canonical\" href=\"https:\/\/plg-pllc.com\/es\/federal-way\/sexual-harassment-lawyer\/\" \/>\n<meta property=\"og:locale\" content=\"es_MX\" \/>\n<meta property=\"og:type\" content=\"article\" \/>\n<meta property=\"og:title\" content=\"Sexual Harassment Lawyer in Federal Way | Free Case Review\" \/>\n<meta property=\"og:description\" content=\"Navigate the complexities of sexual harassment claims in Federal Way with our skilled legal team. Empower yourself with strong representation.\" \/>\n<meta property=\"og:url\" content=\"https:\/\/plg-pllc.com\/es\/federal-way\/sexual-harassment-lawyer\/\" \/>\n<meta property=\"og:site_name\" content=\"Premier Law Group\" \/>\n<meta property=\"article:publisher\" content=\"https:\/\/www.facebook.com\/premierlawgroup\" \/>\n<meta property=\"article:modified_time\" content=\"2026-04-23T07:20:31+00:00\" \/>\n<meta name=\"twitter:card\" content=\"summary_large_image\" \/>\n<meta name=\"twitter:site\" content=\"@premierlawgroup\" \/>\n<meta name=\"twitter:label1\" content=\"Tiempo de lectura\" \/>\n\t<meta name=\"twitter:data1\" content=\"3 minutos\" \/>\n<script type=\"application\/ld+json\" class=\"yoast-schema-graph\">{\"@context\":\"https:\\\/\\\/schema.org\",\"@graph\":[{\"@type\":\"WebPage\",\"@id\":\"https:\\\/\\\/plg-pllc.com\\\/federal-way\\\/sexual-harassment-lawyer\\\/\",\"url\":\"https:\\\/\\\/plg-pllc.com\\\/federal-way\\\/sexual-harassment-lawyer\\\/\",\"name\":\"Sexual Harassment Lawyer in Federal Way | Free Case Review\",\"isPartOf\":{\"@id\":\"https:\\\/\\\/plg-pllc.com\\\/#website\"},\"datePublished\":\"2024-02-16T22:13:21+00:00\",\"dateModified\":\"2026-04-23T07:20:31+00:00\",\"description\":\"Navigate the complexities of sexual harassment claims in Federal Way with our skilled legal team. Empower yourself with strong representation.\",\"breadcrumb\":{\"@id\":\"https:\\\/\\\/plg-pllc.com\\\/federal-way\\\/sexual-harassment-lawyer\\\/#breadcrumb\"},\"inLanguage\":\"es\",\"potentialAction\":[{\"@type\":\"ReadAction\",\"target\":[\"https:\\\/\\\/plg-pllc.com\\\/federal-way\\\/sexual-harassment-lawyer\\\/\"]}]},{\"@type\":\"BreadcrumbList\",\"@id\":\"https:\\\/\\\/plg-pllc.com\\\/federal-way\\\/sexual-harassment-lawyer\\\/#breadcrumb\",\"itemListElement\":[{\"@type\":\"ListItem\",\"position\":1,\"name\":\"Home\",\"item\":\"https:\\\/\\\/plg-pllc.com\\\/es\\\/\"},{\"@type\":\"ListItem\",\"position\":2,\"name\":\"Federal Way Personal Injury Lawyer\",\"item\":\"https:\\\/\\\/plg-pllc.com\\\/es\\\/federal-way\\\/personal-injury-lawyer\\\/\"},{\"@type\":\"ListItem\",\"position\":3,\"name\":\"Federal Way Sexual Harassment Lawyer\"}]},{\"@type\":\"WebSite\",\"@id\":\"https:\\\/\\\/plg-pllc.com\\\/#website\",\"url\":\"https:\\\/\\\/plg-pllc.com\\\/\",\"name\":\"Premier Law Group\",\"description\":\"Washington Wrongful Death and Serious Injury Lawyer\",\"publisher\":{\"@id\":\"https:\\\/\\\/plg-pllc.com\\\/#organization\"},\"inLanguage\":\"es\"},{\"@type\":\"Organization\",\"@id\":\"https:\\\/\\\/plg-pllc.com\\\/#organization\",\"name\":\"Premier Law Group\",\"url\":\"https:\\\/\\\/plg-pllc.com\\\/\",\"logo\":{\"@type\":\"ImageObject\",\"inLanguage\":\"es\",\"@id\":\"https:\\\/\\\/plg-pllc.com\\\/#\\\/schema\\\/logo\\\/image\\\/\",\"url\":\"https:\\\/\\\/plg-pllc.com\\\/wp-content\\\/uploads\\\/2020\\\/10\\\/plg-logo-v2.gif\",\"contentUrl\":\"https:\\\/\\\/plg-pllc.com\\\/wp-content\\\/uploads\\\/2020\\\/10\\\/plg-logo-v2.gif\",\"width\":592,\"height\":191,\"caption\":\"Premier Law Group\"},\"image\":{\"@id\":\"https:\\\/\\\/plg-pllc.com\\\/#\\\/schema\\\/logo\\\/image\\\/\"},\"sameAs\":[\"https:\\\/\\\/www.facebook.com\\\/premierlawgroup\",\"https:\\\/\\\/x.com\\\/premierlawgroup\"]}]}<\/script>\n<!-- \/ Yoast SEO plugin. -->","yoast_head_json":{"title":"Abogado de acoso sexual en Federal Way | Revisi\u00f3n gratuita de casos","description":"Navegue por las complejidades de las demandas por acoso sexual en Federal Way con nuestro equipo legal experto. Empod\u00e9rese con una s\u00f3lida representaci\u00f3n.","robots":{"index":"index","follow":"follow","max-snippet":"max-snippet:-1","max-image-preview":"max-image-preview:large","max-video-preview":"max-video-preview:-1"},"canonical":"https:\/\/plg-pllc.com\/es\/federal-way\/sexual-harassment-lawyer\/","og_locale":"es_MX","og_type":"article","og_title":"Sexual Harassment Lawyer in Federal Way | Free Case Review","og_description":"Navigate the complexities of sexual harassment claims in Federal Way with our skilled legal team. Empower yourself with strong representation.","og_url":"https:\/\/plg-pllc.com\/es\/federal-way\/sexual-harassment-lawyer\/","og_site_name":"Premier Law Group","article_publisher":"https:\/\/www.facebook.com\/premierlawgroup","article_modified_time":"2026-04-23T07:20:31+00:00","twitter_card":"summary_large_image","twitter_site":"@premierlawgroup","twitter_misc":{"Tiempo de lectura":"3 minutos"},"schema":{"@context":"https:\/\/schema.org","@graph":[{"@type":"WebPage","@id":"https:\/\/plg-pllc.com\/federal-way\/sexual-harassment-lawyer\/","url":"https:\/\/plg-pllc.com\/federal-way\/sexual-harassment-lawyer\/","name":"Abogado de acoso sexual en Federal Way | Revisi\u00f3n gratuita de casos","isPartOf":{"@id":"https:\/\/plg-pllc.com\/#website"},"datePublished":"2024-02-16T22:13:21+00:00","dateModified":"2026-04-23T07:20:31+00:00","description":"Navegue por las complejidades de las demandas por acoso sexual en Federal Way con nuestro equipo legal experto. Empod\u00e9rese con una s\u00f3lida representaci\u00f3n.","breadcrumb":{"@id":"https:\/\/plg-pllc.com\/federal-way\/sexual-harassment-lawyer\/#breadcrumb"},"inLanguage":"es","potentialAction":[{"@type":"ReadAction","target":["https:\/\/plg-pllc.com\/federal-way\/sexual-harassment-lawyer\/"]}]},{"@type":"BreadcrumbList","@id":"https:\/\/plg-pllc.com\/federal-way\/sexual-harassment-lawyer\/#breadcrumb","itemListElement":[{"@type":"ListItem","position":1,"name":"Home","item":"https:\/\/plg-pllc.com\/es\/"},{"@type":"ListItem","position":2,"name":"Federal Way Personal Injury Lawyer","item":"https:\/\/plg-pllc.com\/es\/federal-way\/personal-injury-lawyer\/"},{"@type":"ListItem","position":3,"name":"Federal Way Sexual Harassment Lawyer"}]},{"@type":"WebSite","@id":"https:\/\/plg-pllc.com\/#website","url":"https:\/\/plg-pllc.com\/","name":"Grupo de abogados Premier","description":"Abogado de muerte por negligencia y lesiones graves en Washington","publisher":{"@id":"https:\/\/plg-pllc.com\/#organization"},"inLanguage":"es"},{"@type":"Organization","@id":"https:\/\/plg-pllc.com\/#organization","name":"Grupo de abogados Premier","url":"https:\/\/plg-pllc.com\/","logo":{"@type":"ImageObject","inLanguage":"es","@id":"https:\/\/plg-pllc.com\/#\/schema\/logo\/image\/","url":"https:\/\/plg-pllc.com\/wp-content\/uploads\/2020\/10\/plg-logo-v2.gif","contentUrl":"https:\/\/plg-pllc.com\/wp-content\/uploads\/2020\/10\/plg-logo-v2.gif","width":592,"height":191,"caption":"Premier Law Group"},"image":{"@id":"https:\/\/plg-pllc.com\/#\/schema\/logo\/image\/"},"sameAs":["https:\/\/www.facebook.com\/premierlawgroup","https:\/\/x.com\/premierlawgroup"]}]}},"_links":{"self":[{"href":"https:\/\/plg-pllc.com\/es\/wp-json\/wp\/v2\/pages\/20225","targetHints":{"allow":["GET"]}}],"collection":[{"href":"https:\/\/plg-pllc.com\/es\/wp-json\/wp\/v2\/pages"}],"about":[{"href":"https:\/\/plg-pllc.com\/es\/wp-json\/wp\/v2\/types\/page"}],"author":[{"embeddable":true,"href":"https:\/\/plg-pllc.com\/es\/wp-json\/wp\/v2\/users\/10"}],"replies":[{"embeddable":true,"href":"https:\/\/plg-pllc.com\/es\/wp-json\/wp\/v2\/comments?post=20225"}],"version-history":[{"count":0,"href":"https:\/\/plg-pllc.com\/es\/wp-json\/wp\/v2\/pages\/20225\/revisions"}],"up":[{"embeddable":true,"href":"https:\/\/plg-pllc.com\/es\/wp-json\/wp\/v2\/pages\/20716"}],"wp:attachment":[{"href":"https:\/\/plg-pllc.com\/es\/wp-json\/wp\/v2\/media?parent=20225"}],"wp:term":[{"taxonomy":"hc_faqs","embeddable":true,"href":"https:\/\/plg-pllc.com\/es\/wp-json\/wp\/v2\/hc_faqs?post=20225"}],"curies":[{"name":"gracias","href":"https:\/\/api.w.org\/{rel}","templated":true}]}}