{"id":20231,"date":"2024-02-16T14:44:55","date_gmt":"2024-02-16T22:44:55","guid":{"rendered":"https:\/\/plg-pllc.com\/?page_id=20231"},"modified":"2024-10-16T13:43:05","modified_gmt":"2024-10-16T20:43:05","slug":"wrongful-termination-2","status":"publish","type":"page","link":"https:\/\/plg-pllc.com\/es\/renton\/wrongful-termination-lawyer\/","title":{"rendered":"Abogado de despido injustificado en Renton"},"content":{"rendered":"<p>Perder un trabajo es algo que da miedo, por muy saludable que sea la econom\u00eda. Los trabajadores despedidos tienen muchas preocupaciones, como por ejemplo si podr\u00e1n encontrar otro trabajo o incluso pagar las cuentas. Lamentablemente, algunos trabajadores son despedidos violando la ley. Su empleador los discrimina ilegalmente o intenta que infrinjan la ley, despidi\u00e9ndolos cuando el trabajador se niega a hacerlo. Afortunadamente, estos trabajadores pueden tener recursos legales.<a href=\"https:\/\/plg-pllc.com\/\"> Grupo de abogados Premier<\/a> Puede ayudarle a revisar sus derechos legales si programa una reuni\u00f3n con un abogado de despido injustificado de Renton.<\/p>\r\n\r\n\r\n\r\n<h2 id=\"h-washington-is-an-at-will-employment-state\" class=\"wp-block-heading\"><strong>Washington es un estado de empleo a voluntad<\/strong><\/h2>\r\n\r\n\r\n\r\n<p>Los empleadores de Washington tienen v\u00eda libre para decidir si quieren despedir a un trabajador. Al igual que otros 48 estados, Washington es un estado de \u201cvoluntad voluntaria\u201d, pero existen algunas restricciones. Por ejemplo, es posible que tengas un contrato de trabajo en el que se especifique la \u201ccausa\u201d del despido.<\/p>\r\n\r\n\r\n\r\n<p>Otras limitaciones incluyen leyes contra la discriminaci\u00f3n y leyes contra las represalias.<\/p>\r\n\r\n\r\n\r\n<h2 id=\"h-discriminatory-termination\" class=\"wp-block-heading\"><strong>Terminaci\u00f3n discriminatoria<\/strong><\/h2>\r\n\r\n\r\n\r\n<p>Tanto Washington como el gobierno federal proh\u00edben la discriminaci\u00f3n basada en ciertas caracter\u00edsticas:<\/p>\r\n\r\n\r\n\r\n<ul class=\"wp-block-list\">\r\n<li>Edad<\/li>\r\n\r\n\r\n\r\n<li>Carrera<\/li>\r\n\r\n\r\n\r\n<li>Color<\/li>\r\n\r\n\r\n\r\n<li>Religi\u00f3n<\/li>\r\n\r\n\r\n\r\n<li>Origen nacional<\/li>\r\n\r\n\r\n\r\n<li>Sexo<\/li>\r\n\r\n\r\n\r\n<li>Orientaci\u00f3n sexual<\/li>\r\n\r\n\r\n\r\n<li>Identidad de g\u00e9nero<\/li>\r\n\r\n\r\n\r\n<li>Discapacidad<\/li>\r\n\r\n\r\n\r\n<li>Informaci\u00f3n gen\u00e9tica<\/li>\r\n<\/ul>\r\n\r\n\r\n\r\n<p>Estas leyes protegen a los trabajadores de todas las acciones laborales negativas, incluido el despido. Si su empleador lo despidi\u00f3 porque descubri\u00f3 que es homosexual o musulm\u00e1n, entonces el despido es ilegal. Lo mismo sucede si lo despiden por cualquiera de las caracter\u00edsticas protegidas mencionadas anteriormente.<\/p>\r\n\r\n\r\n\r\n<h2 id=\"h-retaliatory-termination\" class=\"wp-block-heading\"><strong>Terminaci\u00f3n por represalia<\/strong><\/h2>\r\n\r\n\r\n\r\n<p>Su empleador no puede despedirlo por ejercer un derecho, como:<\/p>\r\n\r\n\r\n\r\n<ul class=\"wp-block-list\">\r\n<li>Solicitud de compensaci\u00f3n para trabajadores<\/li>\r\n\r\n\r\n\r\n<li>Solicitud de licencia bajo la Ley de Licencia M\u00e9dica y Familiar (FMLA)<\/li>\r\n\r\n\r\n\r\n<li>Solicitar una adaptaci\u00f3n razonable en el trabajo debido a una discapacidad<\/li>\r\n\r\n\r\n\r\n<li>C\u00f3mo presentar una queja por acoso sexual o discriminaci\u00f3n<\/li>\r\n\r\n\r\n\r\n<li>Denuncia de actividades ilegales (en determinadas situaciones)<\/li>\r\n<\/ul>\r\n\r\n\r\n\r\n\n        <div class=\"rs-content-cta long\">\n            <p>Para una consulta legal llame al <a href=\"tel:+12062851743\">(206) 285-1743 <\/a><\/p>\n            <a href=\"https:\/\/plg-pllc.com\/es\/contact-us\/\" title=\"OBTENGA UNA EVALUACI\u00d3N DE CASO\" class=\"btn-global\">OBTENGA UNA EVALUACI\u00d3N DE CASO<\/a>\n                    <picture>\n                            <source srcset=\"https:\/\/plg-pllc.com\/wp-content\/themes\/plg-pllc-redesign\/assets\/app\/img\/cta-thumb.webp\" type=\"image\/webp\"\/>\n                            <img src=\"https:\/\/plg-pllc.com\/wp-content\/themes\/plg-pllc-redesign\/assets\/app\/img\/cta-thumb.png\" alt=\"Grupo de abogados Premier\" title=\"Grupo de abogados Premier\" width=\"245\" height=\"220\" loading=\"auto\" fetchpriority=\"auto\" decoding=\"async\"\/>\n        <\/picture>\n        \n        <\/div><h2 id=\"h-how-premier-law-group-can-help\" class=\"wp-block-heading\"><strong>C\u00f3mo puede ayudar Premier Law Group<\/strong><\/h2>\r\n\r\n\r\n\r\n<p>Presentar una demanda por despido injustificado es dif\u00edcil. Algunos trabajadores temen que los incluyan en la lista negra de su sector. Aunque esto es una preocupaci\u00f3n real, deber\u00eda reunirse con un abogado especializado en despidos injustificados de Renton para hablar de su caso de forma confidencial. Es mejor que conozca sus derechos.<\/p>\r\n\r\n\r\n\r\n<p>Ayudamos a nuestros clientes:<\/p>\r\n\r\n\r\n\r\n<ul class=\"wp-block-list\">\r\n<li>Escuchando tu historia y respondiendo preguntas<\/li>\r\n\r\n\r\n\r\n<li>Analizar si tiene una reclamaci\u00f3n v\u00e1lida por despido injustificado<\/li>\r\n\r\n\r\n\r\n<li>Identificar qu\u00e9 evidencia necesitar\u00e1 para respaldar su reclamo<\/li>\r\n\r\n\r\n\r\n<li>Entrevistar a testigos para averiguar qu\u00e9 vieron<\/li>\r\n\r\n\r\n\r\n<li>C\u00f3mo determinar d\u00f3nde presentar su reclamo (tribunal o agencia administrativa)<\/li>\r\n<\/ul>\r\n\r\n\r\n\r\n<p>Podemos negociar con su empleador una compensaci\u00f3n, como un pago retroactivo, o incluso la reincorporaci\u00f3n al trabajo. Por lo general, nuestros clientes pueden solicitar honorarios y costos de abogados para presentar una demanda. En otras situaciones, es posible que tengamos que asistir a una mediaci\u00f3n o incluso litigar su demanda en los tribunales. Premier Law Group est\u00e1 preparado para ayudar a los trabajadores en todo lo que podamos.<\/p>\r\n\r\n\r\n\r\n<h2 id=\"h-speak-with-our-renton-wrongful-termination-lawyers\" class=\"wp-block-heading\"><strong>Hable con nuestros abogados especializados en despidos injustificados en Renton<\/strong><\/h2>\r\n\r\n\r\n\r\n<p>Muchos trabajadores no saben c\u00f3mo proceder despu\u00e9s de perder su trabajo. Puede que sospeche que se trata de un caso de discriminaci\u00f3n, pero no est\u00e1 completamente seguro de que sea as\u00ed. La buena noticia es que puede programar una reuni\u00f3n confidencial con Premier Law Group. Analizaremos las pruebas para determinar si tiene sentido seguir adelante. Nuestras consultas son totalmente confidenciales y nadie lo sabr\u00e1 a menos que presente una demanda o un reclamo por discriminaci\u00f3n. <a href=\"https:\/\/plg-pllc.com\/contact-us\/\">Ll\u00e1manos<\/a> hoy.<\/p>\r\n\n        <div class=\"rs-content-cta\">\n            <p>Llamar o enviar mensaje de texto <a href=\"tel:+12062851743\">(206) 285-1743<\/a> o complete un formulario de evaluaci\u00f3n de caso<\/p>\n            <a href=\"https:\/\/plg-pllc.com\/es\/contact-us\/\" title=\"OBTENGA UNA EVALUACI\u00d3N DE CASO\" class=\"btn-global\">OBTENGA UNA EVALUACI\u00d3N DE CASO<\/a>\n                    <picture>\n                            <source srcset=\"https:\/\/plg-pllc.com\/wp-content\/themes\/plg-pllc-redesign\/assets\/app\/img\/cta-thumb.webp\" type=\"image\/webp\"\/>\n                            <img src=\"https:\/\/plg-pllc.com\/wp-content\/themes\/plg-pllc-redesign\/assets\/app\/img\/cta-thumb.png\" alt=\"Grupo de abogados Premier\" title=\"Grupo de abogados Premier\" width=\"245\" height=\"220\" loading=\"auto\" fetchpriority=\"auto\" decoding=\"async\"\/>\n        <\/picture>\n        \n        <\/div>","protected":false},"excerpt":{"rendered":"<p>Perder un trabajo es algo aterrador, sin importar cu\u00e1n saludable sea la econom\u00eda. Los trabajadores despedidos tienen muchas preocupaciones, como si podr\u00e1n encontrar otro trabajo o incluso pagar las cuentas. Desafortunadamente, algunos trabajadores son despedidos violando la ley. Su empleador los discrimina ilegalmente o intenta que infrinjan la ley, despidi\u00e9ndolos\u2026<\/p>","protected":false},"author":10,"featured_media":0,"parent":15618,"menu_order":0,"comment_status":"closed","ping_status":"closed","template":"","meta":{"_acf_changed":false,"_genesis_hide_title":false,"_genesis_hide_breadcrumbs":false,"_genesis_hide_singular_image":false,"_genesis_hide_footer_widgets":false,"_genesis_custom_body_class":"","_genesis_custom_post_class":"","_genesis_layout":"","footnotes":""},"hc_faqs":[],"class_list":{"0":"post-20231","1":"page","2":"type-page","3":"status-publish","5":"entry"},"acf":[],"yoast_head":"<!-- This site is optimized with the Yoast SEO plugin v27.5 - https:\/\/yoast.com\/product\/yoast-seo-wordpress\/ -->\n<title>Wrongful Termination Lawyer in Renton | Free Case Review<\/title>\n<meta name=\"description\" content=\"Fight back against unfair dismissal in Renton with our specialized legal support. Achieve justice and reclaim your professional standing.\" \/>\n<meta name=\"robots\" content=\"index, follow, max-snippet:-1, max-image-preview:large, max-video-preview:-1\" \/>\n<link rel=\"canonical\" href=\"https:\/\/plg-pllc.com\/es\/renton\/wrongful-termination-lawyer\/\" \/>\n<meta property=\"og:locale\" content=\"es_MX\" \/>\n<meta property=\"og:type\" content=\"article\" \/>\n<meta property=\"og:title\" content=\"Wrongful Termination Lawyer in Renton | Free Case Review\" \/>\n<meta property=\"og:description\" content=\"Fight back against unfair dismissal in Renton with our specialized legal support. Achieve justice and reclaim your professional standing.\" \/>\n<meta property=\"og:url\" content=\"https:\/\/plg-pllc.com\/es\/renton\/wrongful-termination-lawyer\/\" \/>\n<meta property=\"og:site_name\" content=\"Premier Law Group\" \/>\n<meta property=\"article:publisher\" content=\"https:\/\/www.facebook.com\/premierlawgroup\" \/>\n<meta property=\"article:modified_time\" content=\"2024-10-16T20:43:05+00:00\" \/>\n<meta name=\"twitter:card\" content=\"summary_large_image\" \/>\n<meta name=\"twitter:site\" content=\"@premierlawgroup\" \/>\n<meta name=\"twitter:label1\" content=\"Tiempo de lectura\" \/>\n\t<meta name=\"twitter:data1\" content=\"3 minutos\" \/>\n<script type=\"application\/ld+json\" class=\"yoast-schema-graph\">{\"@context\":\"https:\\\/\\\/schema.org\",\"@graph\":[{\"@type\":\"WebPage\",\"@id\":\"https:\\\/\\\/plg-pllc.com\\\/renton\\\/wrongful-termination-lawyer\\\/\",\"url\":\"https:\\\/\\\/plg-pllc.com\\\/renton\\\/wrongful-termination-lawyer\\\/\",\"name\":\"Wrongful Termination Lawyer in Renton | Free Case Review\",\"isPartOf\":{\"@id\":\"https:\\\/\\\/plg-pllc.com\\\/#website\"},\"datePublished\":\"2024-02-16T22:44:55+00:00\",\"dateModified\":\"2024-10-16T20:43:05+00:00\",\"description\":\"Fight back against unfair dismissal in Renton with our specialized legal support. Achieve justice and reclaim your professional standing.\",\"breadcrumb\":{\"@id\":\"https:\\\/\\\/plg-pllc.com\\\/renton\\\/wrongful-termination-lawyer\\\/#breadcrumb\"},\"inLanguage\":\"es\",\"potentialAction\":[{\"@type\":\"ReadAction\",\"target\":[\"https:\\\/\\\/plg-pllc.com\\\/renton\\\/wrongful-termination-lawyer\\\/\"]}]},{\"@type\":\"BreadcrumbList\",\"@id\":\"https:\\\/\\\/plg-pllc.com\\\/renton\\\/wrongful-termination-lawyer\\\/#breadcrumb\",\"itemListElement\":[{\"@type\":\"ListItem\",\"position\":1,\"name\":\"Home\",\"item\":\"https:\\\/\\\/plg-pllc.com\\\/es\\\/\"},{\"@type\":\"ListItem\",\"position\":2,\"name\":\"Renton Personal Injury Lawyer\",\"item\":\"https:\\\/\\\/plg-pllc.com\\\/es\\\/renton\\\/personal-injury-lawyer\\\/\"},{\"@type\":\"ListItem\",\"position\":3,\"name\":\"Renton Wrongful Termination Lawyer\"}]},{\"@type\":\"WebSite\",\"@id\":\"https:\\\/\\\/plg-pllc.com\\\/#website\",\"url\":\"https:\\\/\\\/plg-pllc.com\\\/\",\"name\":\"Premier Law Group\",\"description\":\"Washington Wrongful Death and Serious Injury Lawyer\",\"publisher\":{\"@id\":\"https:\\\/\\\/plg-pllc.com\\\/#organization\"},\"inLanguage\":\"es\"},{\"@type\":\"Organization\",\"@id\":\"https:\\\/\\\/plg-pllc.com\\\/#organization\",\"name\":\"Premier Law Group\",\"url\":\"https:\\\/\\\/plg-pllc.com\\\/\",\"logo\":{\"@type\":\"ImageObject\",\"inLanguage\":\"es\",\"@id\":\"https:\\\/\\\/plg-pllc.com\\\/#\\\/schema\\\/logo\\\/image\\\/\",\"url\":\"https:\\\/\\\/plg-pllc.com\\\/wp-content\\\/uploads\\\/2020\\\/10\\\/plg-logo-v2.gif\",\"contentUrl\":\"https:\\\/\\\/plg-pllc.com\\\/wp-content\\\/uploads\\\/2020\\\/10\\\/plg-logo-v2.gif\",\"width\":592,\"height\":191,\"caption\":\"Premier Law Group\"},\"image\":{\"@id\":\"https:\\\/\\\/plg-pllc.com\\\/#\\\/schema\\\/logo\\\/image\\\/\"},\"sameAs\":[\"https:\\\/\\\/www.facebook.com\\\/premierlawgroup\",\"https:\\\/\\\/x.com\\\/premierlawgroup\"]}]}<\/script>\n<!-- \/ Yoast SEO plugin. -->","yoast_head_json":{"title":"Abogado de despido injustificado en Renton | Revisi\u00f3n gratuita de casos","description":"Luche contra el despido injustificado en Renton con nuestro apoyo legal especializado. Consiga justicia y recupere su prestigio profesional.","robots":{"index":"index","follow":"follow","max-snippet":"max-snippet:-1","max-image-preview":"max-image-preview:large","max-video-preview":"max-video-preview:-1"},"canonical":"https:\/\/plg-pllc.com\/es\/renton\/wrongful-termination-lawyer\/","og_locale":"es_MX","og_type":"article","og_title":"Wrongful Termination Lawyer in Renton | Free Case Review","og_description":"Fight back against unfair dismissal in Renton with our specialized legal support. Achieve justice and reclaim your professional standing.","og_url":"https:\/\/plg-pllc.com\/es\/renton\/wrongful-termination-lawyer\/","og_site_name":"Premier Law Group","article_publisher":"https:\/\/www.facebook.com\/premierlawgroup","article_modified_time":"2024-10-16T20:43:05+00:00","twitter_card":"summary_large_image","twitter_site":"@premierlawgroup","twitter_misc":{"Tiempo de lectura":"3 minutos"},"schema":{"@context":"https:\/\/schema.org","@graph":[{"@type":"WebPage","@id":"https:\/\/plg-pllc.com\/renton\/wrongful-termination-lawyer\/","url":"https:\/\/plg-pllc.com\/renton\/wrongful-termination-lawyer\/","name":"Abogado de despido injustificado en Renton | Revisi\u00f3n gratuita de casos","isPartOf":{"@id":"https:\/\/plg-pllc.com\/#website"},"datePublished":"2024-02-16T22:44:55+00:00","dateModified":"2024-10-16T20:43:05+00:00","description":"Luche contra el despido injustificado en Renton con nuestro apoyo legal especializado. Consiga justicia y recupere su prestigio profesional.","breadcrumb":{"@id":"https:\/\/plg-pllc.com\/renton\/wrongful-termination-lawyer\/#breadcrumb"},"inLanguage":"es","potentialAction":[{"@type":"ReadAction","target":["https:\/\/plg-pllc.com\/renton\/wrongful-termination-lawyer\/"]}]},{"@type":"BreadcrumbList","@id":"https:\/\/plg-pllc.com\/renton\/wrongful-termination-lawyer\/#breadcrumb","itemListElement":[{"@type":"ListItem","position":1,"name":"Home","item":"https:\/\/plg-pllc.com\/es\/"},{"@type":"ListItem","position":2,"name":"Renton Personal Injury Lawyer","item":"https:\/\/plg-pllc.com\/es\/renton\/personal-injury-lawyer\/"},{"@type":"ListItem","position":3,"name":"Renton Wrongful Termination Lawyer"}]},{"@type":"WebSite","@id":"https:\/\/plg-pllc.com\/#website","url":"https:\/\/plg-pllc.com\/","name":"Grupo de abogados Premier","description":"Abogado de muerte por negligencia y lesiones graves en Washington","publisher":{"@id":"https:\/\/plg-pllc.com\/#organization"},"inLanguage":"es"},{"@type":"Organization","@id":"https:\/\/plg-pllc.com\/#organization","name":"Grupo de abogados Premier","url":"https:\/\/plg-pllc.com\/","logo":{"@type":"ImageObject","inLanguage":"es","@id":"https:\/\/plg-pllc.com\/#\/schema\/logo\/image\/","url":"https:\/\/plg-pllc.com\/wp-content\/uploads\/2020\/10\/plg-logo-v2.gif","contentUrl":"https:\/\/plg-pllc.com\/wp-content\/uploads\/2020\/10\/plg-logo-v2.gif","width":592,"height":191,"caption":"Premier Law Group"},"image":{"@id":"https:\/\/plg-pllc.com\/#\/schema\/logo\/image\/"},"sameAs":["https:\/\/www.facebook.com\/premierlawgroup","https:\/\/x.com\/premierlawgroup"]}]}},"_links":{"self":[{"href":"https:\/\/plg-pllc.com\/es\/wp-json\/wp\/v2\/pages\/20231","targetHints":{"allow":["GET"]}}],"collection":[{"href":"https:\/\/plg-pllc.com\/es\/wp-json\/wp\/v2\/pages"}],"about":[{"href":"https:\/\/plg-pllc.com\/es\/wp-json\/wp\/v2\/types\/page"}],"author":[{"embeddable":true,"href":"https:\/\/plg-pllc.com\/es\/wp-json\/wp\/v2\/users\/10"}],"replies":[{"embeddable":true,"href":"https:\/\/plg-pllc.com\/es\/wp-json\/wp\/v2\/comments?post=20231"}],"version-history":[{"count":0,"href":"https:\/\/plg-pllc.com\/es\/wp-json\/wp\/v2\/pages\/20231\/revisions"}],"up":[{"embeddable":true,"href":"https:\/\/plg-pllc.com\/es\/wp-json\/wp\/v2\/pages\/15618"}],"wp:attachment":[{"href":"https:\/\/plg-pllc.com\/es\/wp-json\/wp\/v2\/media?parent=20231"}],"wp:term":[{"taxonomy":"hc_faqs","embeddable":true,"href":"https:\/\/plg-pllc.com\/es\/wp-json\/wp\/v2\/hc_faqs?post=20231"}],"curies":[{"name":"gracias","href":"https:\/\/api.w.org\/{rel}","templated":true}]}}