{"id":20248,"date":"2024-02-26T08:00:00","date_gmt":"2024-02-26T16:00:00","guid":{"rendered":"https:\/\/plg-pllc.com\/?p=20248"},"modified":"2024-11-07T04:12:19","modified_gmt":"2024-11-07T12:12:19","slug":"maximize-car-claim-compensation","status":"publish","type":"page","link":"https:\/\/plg-pllc.com\/es\/faqs\/how-to-maximize-car-claim-compensation\/","title":{"rendered":"C\u00f3mo negociar m\u00e1s dinero por un reclamo por accidente automovil\u00edstico"},"content":{"rendered":"<p>Afrontar las consecuencias de un accidente de tr\u00e1fico suele implicar algo m\u00e1s que la recuperaci\u00f3n del sufrimiento f\u00edsico y emocional; tambi\u00e9n implica enfrentarse a una importante carga econ\u00f3mica. Esto puede incluir desde enormes gastos m\u00e9dicos y p\u00e9rdida de ingresos debido a las bajas laborales hasta los enormes costes de reparaci\u00f3n o sustituci\u00f3n del veh\u00edculo. Sin embargo, es fundamental entender que no est\u00e1 indefenso ante esta situaci\u00f3n. Si cuenta con la informaci\u00f3n y la estrategia adecuadas, puede mejorar significativamente la indemnizaci\u00f3n que reciba. Analicemos los pasos que puede seguir para asegurarse de sacar el m\u00e1ximo partido a su reclamaci\u00f3n por accidente de tr\u00e1fico.<\/p>\r\n\r\n\r\n\r\n<h2 id=\"h-understanding-car-accident-claims\" class=\"wp-block-heading\">Comprender las reclamaciones por accidentes de tr\u00e1fico<\/h2>\r\n\r\n\r\n\r\n<p>Para ahondar en las complejidades de las reclamaciones por accidentes de tr\u00e1fico es necesario comprender los diferentes da\u00f1os por los que se puede reclamar una indemnizaci\u00f3n. Estos da\u00f1os se dividen en dos categor\u00edas principales: econ\u00f3micos y no econ\u00f3micos. Los da\u00f1os econ\u00f3micos tienen un impacto financiero directo, que cubre p\u00e9rdidas cuantificables como facturas m\u00e9dicas e ingresos perdidos debido a la incapacidad para trabajar. Por otro lado, los da\u00f1os no econ\u00f3micos abordan los impactos m\u00e1s subjetivos, aunque no menos significativos, de un accidente. Estos incluyen la compensaci\u00f3n por el dolor y el sufrimiento, la disminuci\u00f3n de la calidad de vida y la agitaci\u00f3n emocional que a menudo acompa\u00f1a a estos eventos traum\u00e1ticos. Comprender la distinci\u00f3n entre estos da\u00f1os es fundamental para garantizar que usted defienda plenamente la compensaci\u00f3n que merece.<\/p>\r\n\r\n\r\n\r\n<h2 id=\"h-preparing-your-car-accident-claim\" class=\"wp-block-heading\">C\u00f3mo preparar su reclamaci\u00f3n por accidente de tr\u00e1fico<\/h2>\r\n\r\n\r\n\r\n<p>Preparar bien el terreno para presentar una reclamaci\u00f3n por accidente de tr\u00e1fico es fundamental. Es imprescindible elaborar un dossier completo de todo lo relacionado con el incidente. Esto implica reunir pruebas fotogr\u00e1ficas de la escena del accidente, obtener copias de las evaluaciones m\u00e9dicas y registrar todas las interacciones con las entidades aseguradoras. Una evaluaci\u00f3n m\u00e9dica r\u00e1pida despu\u00e9s del accidente no solo es vital para su bienestar y establece una conexi\u00f3n clara entre el incidente y sus lesiones. Adem\u00e1s, contar con el apoyo de un abogado con experiencia en lesiones personales por accidente de tr\u00e1fico puede ser decisivo. Su conocimiento y experiencia especializados son activos invaluables para guiarlo a trav\u00e9s de las complejidades del proceso de reclamaci\u00f3n, lo que garantiza que est\u00e9 en una posici\u00f3n firme para asegurar la compensaci\u00f3n a la que tiene derecho.<\/p>\r\n\r\n\r\n\r\n<h2 id=\"h-negotiating-with-insurance-companies\" class=\"wp-block-heading\">Negociaci\u00f3n con compa\u00f1\u00edas de seguros<\/h2>\r\n\r\n\r\n\r\n<p>Al tratar con compa\u00f1\u00edas de seguros, es fundamental recordar que su objetivo principal es reducir la cantidad que pagan. Por lo tanto, aceptar su oferta inicial de acuerdo rara vez es lo mejor para usted. Una comprensi\u00f3n completa de los detalles de su p\u00f3liza de seguros y los derechos legales es esencial para atravesar esta fase. Incorporar a un negociador competente o a un abogado con experiencia en lesiones personales por accidentes automovil\u00edsticos puede inclinar dr\u00e1sticamente la balanza a su favor. Su experiencia en el manejo de negociaciones de seguros puede ser la clave para asegurar un acuerdo que refleje el alcance total de sus da\u00f1os y p\u00e9rdidas, asegurando que reciba la compensaci\u00f3n que merece.<\/p>\r\n\r\n\r\n\r\n\n        <div class=\"rs-content-cta long\">\n            <p>Para una consulta legal GRATUITA, llame al <a href=\"tel:+12062851743\">(206) 285-1743 <\/a><\/p>\n            <a href=\"https:\/\/plg-pllc.com\/es\/contact-us\/\" title=\"OBTENGA UNA EVALUACI\u00d3N DE CASO GRATUITA\" class=\"btn-global\">OBTENGA UNA EVALUACI\u00d3N DE CASO GRATUITA<\/a>\n                    <picture>\n                            <source srcset=\"https:\/\/plg-pllc.com\/wp-content\/themes\/plg-pllc-redesign\/assets\/app\/img\/cta-thumb.webp\" type=\"image\/webp\"\/>\n                            <img src=\"https:\/\/plg-pllc.com\/wp-content\/themes\/plg-pllc-redesign\/assets\/app\/img\/cta-thumb.png\" alt=\"Grupo de abogados Premier\" title=\"Grupo de abogados Premier\" width=\"245\" height=\"220\" loading=\"auto\" fetchpriority=\"auto\" decoding=\"async\"\/>\n        <\/picture>\n        \n        <\/div><h2 id=\"h-legal-proceedings-for-car-accident-claims\" class=\"wp-block-heading\">Procedimientos legales para reclamaciones por accidentes de tr\u00e1fico<\/h2>\r\n\r\n\r\n\r\n<p>Aunque una cantidad considerable de demandas por accidentes de tr\u00e1fico se resuelven mediante acuerdos extrajudiciales, hay casos en los que se hacen necesarios procedimientos legales para conseguir una indemnizaci\u00f3n justa. Es fundamental reconocer el punto en el que resulta ventajoso llevar su demanda a los tribunales. Igualmente importante es contar con un abogado con experiencia en lesiones personales por accidentes de tr\u00e1fico a su lado. Un abogado con una gran experiencia en el manejo de demandas por accidentes de tr\u00e1fico puede influir profundamente en el resultado de su caso. Su experiencia en negociaci\u00f3n y litigio garantiza que est\u00e9 bien representado y en condiciones de lograr la resoluci\u00f3n m\u00e1s justa posible para su demanda.<\/p>\r\n\r\n\r\n\r\n<h2 id=\"h-protecting-yourself-after-a-car-accident\" class=\"wp-block-heading\">C\u00f3mo protegerse despu\u00e9s de un accidente automovil\u00edstico<\/h2>\r\n\r\n\r\n\r\n<p>Es fundamental adoptar medidas espec\u00edficas para proteger sus intereses inmediatamente despu\u00e9s de un accidente de tr\u00e1fico. Es esencial informar de inmediato del incidente a la polic\u00eda y a su proveedor de seguros. Estos pasos iniciales son fundamentales para documentar el suceso y preparar el terreno para las reclamaciones. Sin embargo, es igualmente vital tener en cuenta las repercusiones a largo plazo del accidente, en particular en lo que respecta a las lesiones duraderas y sus efectos m\u00e1s amplios en su vida diaria. Comprender c\u00f3mo afrontar los posibles impactos duraderos de estas lesiones es fundamental para proteger su bienestar y garantizar que reciba una compensaci\u00f3n adecuada por cualquier desaf\u00edo continuo que pueda enfrentar.<\/p>\r\n\r\n\r\n\r\n<h3 id=\"h-conclusion\" class=\"wp-block-heading\">Conclusi\u00f3n<\/h3>\r\n\r\n\r\n\r\n<p>Obtener la m\u00e1xima compensaci\u00f3n posible despu\u00e9s de un accidente automovil\u00edstico es una tarea multifac\u00e9tica que exige una preparaci\u00f3n exhaustiva, un conocimiento s\u00f3lido del proceso de reclamaci\u00f3n y una negociaci\u00f3n estrat\u00e9gica, sin mencionar la importancia fundamental de la autoprotecci\u00f3n f\u00edsica y legal. Puede lograr el mejor resultado posible de su reclamaci\u00f3n por accidente automovil\u00edstico si se equipa con el conocimiento necesario, prepara meticulosamente su caso, participa en negociaciones efectivas y protege sus derechos legales y su bienestar. Si est\u00e1 lidiando con las complejidades de una reclamaci\u00f3n por accidente automovil\u00edstico, considere comunicarse con Premier Law Group. Con oficinas en Bellevue, Federal Way, Renton y Seattle, su experimentado equipo est\u00e1 comprometido a brindarle el apoyo que necesita. Para obtener orientaci\u00f3n experta en cada paso del proceso, comun\u00edquese con Premier Law Group al <a href=\"tel:+12062851743\">(206) 285-1743<\/a> o visitar su <a href=\"https:\/\/plg-pllc.com\/contact-us\/\">P\u00e1gina de contacto<\/a> para obtener m\u00e1s informaci\u00f3n sobre c\u00f3mo pueden ayudarlo a maximizar el potencial de su reclamo.<\/p>\r\n\n        <div class=\"rs-content-cta\">\n            <p>Llamar o enviar mensaje de texto <a href=\"tel:+12062851743\">(206) 285-1743<\/a> o complete un formulario de evaluaci\u00f3n de caso gratuito<\/p>\n            <a href=\"https:\/\/plg-pllc.com\/es\/contact-us\/\" title=\"OBTENGA UNA EVALUACI\u00d3N DE CASO GRATUITA\" class=\"btn-global\">OBTENGA UNA EVALUACI\u00d3N DE CASO GRATUITA<\/a>\n                    <picture>\n                            <source srcset=\"https:\/\/plg-pllc.com\/wp-content\/themes\/plg-pllc-redesign\/assets\/app\/img\/cta-thumb.webp\" type=\"image\/webp\"\/>\n                            <img src=\"https:\/\/plg-pllc.com\/wp-content\/themes\/plg-pllc-redesign\/assets\/app\/img\/cta-thumb.png\" alt=\"Grupo de abogados Premier\" title=\"Grupo de abogados Premier\" width=\"245\" height=\"220\" loading=\"auto\" fetchpriority=\"auto\" decoding=\"async\"\/>\n        <\/picture>\n        \n        <\/div>","protected":false},"excerpt":{"rendered":"<p>Afrontar las consecuencias de un accidente automovil\u00edstico a menudo implica m\u00e1s que solo recuperarse de la angustia f\u00edsica y emocional; tambi\u00e9n significa enfrentar una carga financiera significativa. Esto puede incluir todo, desde enormes gastos m\u00e9dicos y p\u00e9rdida de ingresos debido al tiempo fuera del trabajo hasta los enormes costos de reparar o reemplazar su veh\u00edculo. Sin embargo, es crucial \u2026<\/p>","protected":false},"author":10,"featured_media":0,"parent":20714,"menu_order":0,"comment_status":"closed","ping_status":"closed","template":"","meta":{"_acf_changed":false,"_genesis_hide_title":false,"_genesis_hide_breadcrumbs":false,"_genesis_hide_singular_image":false,"_genesis_hide_footer_widgets":false,"_genesis_custom_body_class":"","_genesis_custom_post_class":"","_genesis_layout":"","footnotes":""},"hc_faqs":[10365],"class_list":{"0":"post-20248","1":"page","2":"type-page","3":"status-publish","5":"hc_faqs-insurance-claims","6":"entry"},"acf":[],"yoast_head":"<!-- This site is optimized with the Yoast SEO plugin v27.4 - https:\/\/yoast.com\/product\/yoast-seo-wordpress\/ -->\n<title>How to negotiate more money for a car accident claim<\/title>\n<meta name=\"description\" content=\"How to negotiate more money for a car accident claim: Premier Law Group helps you unlock the full compensation you deserve. No Fee Unless We Win.\" \/>\n<meta name=\"robots\" content=\"index, follow, max-snippet:-1, max-image-preview:large, max-video-preview:-1\" \/>\n<link rel=\"canonical\" href=\"https:\/\/plg-pllc.com\/es\/faqs\/how-to-maximize-car-claim-compensation\/\" \/>\n<meta property=\"og:locale\" content=\"es_MX\" \/>\n<meta property=\"og:type\" content=\"article\" \/>\n<meta property=\"og:title\" content=\"How to negotiate more money for a car accident claim\" \/>\n<meta property=\"og:description\" content=\"How to negotiate more money for a car accident claim: Premier Law Group helps you unlock the full compensation you deserve. No Fee Unless We Win.\" \/>\n<meta property=\"og:url\" content=\"https:\/\/plg-pllc.com\/es\/faqs\/how-to-maximize-car-claim-compensation\/\" \/>\n<meta property=\"og:site_name\" content=\"Premier Law Group\" \/>\n<meta property=\"article:publisher\" content=\"https:\/\/www.facebook.com\/premierlawgroup\" \/>\n<meta property=\"article:modified_time\" content=\"2024-11-07T12:12:19+00:00\" \/>\n<meta name=\"twitter:card\" content=\"summary_large_image\" \/>\n<meta name=\"twitter:site\" content=\"@premierlawgroup\" \/>\n<meta name=\"twitter:label1\" content=\"Tiempo de lectura\" \/>\n\t<meta name=\"twitter:data1\" content=\"4 minutos\" \/>\n<script type=\"application\/ld+json\" class=\"yoast-schema-graph\">{\"@context\":\"https:\\\/\\\/schema.org\",\"@graph\":[{\"@type\":\"WebPage\",\"@id\":\"https:\\\/\\\/plg-pllc.com\\\/faqs\\\/how-to-maximize-car-claim-compensation\\\/\",\"url\":\"https:\\\/\\\/plg-pllc.com\\\/faqs\\\/how-to-maximize-car-claim-compensation\\\/\",\"name\":\"How to negotiate more money for a car accident claim\",\"isPartOf\":{\"@id\":\"https:\\\/\\\/plg-pllc.com\\\/#website\"},\"datePublished\":\"2024-02-26T16:00:00+00:00\",\"dateModified\":\"2024-11-07T12:12:19+00:00\",\"description\":\"How to negotiate more money for a car accident claim: Premier Law Group helps you unlock the full compensation you deserve. No Fee Unless We Win.\",\"breadcrumb\":{\"@id\":\"https:\\\/\\\/plg-pllc.com\\\/faqs\\\/how-to-maximize-car-claim-compensation\\\/#breadcrumb\"},\"inLanguage\":\"es\",\"potentialAction\":[{\"@type\":\"ReadAction\",\"target\":[\"https:\\\/\\\/plg-pllc.com\\\/faqs\\\/how-to-maximize-car-claim-compensation\\\/\"]}]},{\"@type\":\"BreadcrumbList\",\"@id\":\"https:\\\/\\\/plg-pllc.com\\\/faqs\\\/how-to-maximize-car-claim-compensation\\\/#breadcrumb\",\"itemListElement\":[{\"@type\":\"ListItem\",\"position\":1,\"name\":\"Home\",\"item\":\"https:\\\/\\\/plg-pllc.com\\\/es\\\/\"},{\"@type\":\"ListItem\",\"position\":2,\"name\":\"FAQs\",\"item\":\"https:\\\/\\\/plg-pllc.com\\\/es\\\/faqs\\\/\"},{\"@type\":\"ListItem\",\"position\":3,\"name\":\"How to negotiate more money for a car accident claim\"}]},{\"@type\":\"WebSite\",\"@id\":\"https:\\\/\\\/plg-pllc.com\\\/#website\",\"url\":\"https:\\\/\\\/plg-pllc.com\\\/\",\"name\":\"Premier Law Group\",\"description\":\"Washington Wrongful Death and Serious Injury Lawyer\",\"publisher\":{\"@id\":\"https:\\\/\\\/plg-pllc.com\\\/#organization\"},\"inLanguage\":\"es\"},{\"@type\":\"Organization\",\"@id\":\"https:\\\/\\\/plg-pllc.com\\\/#organization\",\"name\":\"Premier Law Group\",\"url\":\"https:\\\/\\\/plg-pllc.com\\\/\",\"logo\":{\"@type\":\"ImageObject\",\"inLanguage\":\"es\",\"@id\":\"https:\\\/\\\/plg-pllc.com\\\/#\\\/schema\\\/logo\\\/image\\\/\",\"url\":\"https:\\\/\\\/plg-pllc.com\\\/wp-content\\\/uploads\\\/2020\\\/10\\\/plg-logo-v2.gif\",\"contentUrl\":\"https:\\\/\\\/plg-pllc.com\\\/wp-content\\\/uploads\\\/2020\\\/10\\\/plg-logo-v2.gif\",\"width\":592,\"height\":191,\"caption\":\"Premier Law Group\"},\"image\":{\"@id\":\"https:\\\/\\\/plg-pllc.com\\\/#\\\/schema\\\/logo\\\/image\\\/\"},\"sameAs\":[\"https:\\\/\\\/www.facebook.com\\\/premierlawgroup\",\"https:\\\/\\\/x.com\\\/premierlawgroup\"]}]}<\/script>\n<!-- \/ Yoast SEO plugin. -->","yoast_head_json":{"title":"C\u00f3mo negociar m\u00e1s dinero por un reclamo por accidente automovil\u00edstico","description":"C\u00f3mo negociar m\u00e1s dinero por un reclamo por accidente automovil\u00edstico: Premier Law Group lo ayuda a obtener la compensaci\u00f3n total que merece. Sin cargo a menos que ganemos.","robots":{"index":"index","follow":"follow","max-snippet":"max-snippet:-1","max-image-preview":"max-image-preview:large","max-video-preview":"max-video-preview:-1"},"canonical":"https:\/\/plg-pllc.com\/es\/faqs\/how-to-maximize-car-claim-compensation\/","og_locale":"es_MX","og_type":"article","og_title":"How to negotiate more money for a car accident claim","og_description":"How to negotiate more money for a car accident claim: Premier Law Group helps you unlock the full compensation you deserve. No Fee Unless We Win.","og_url":"https:\/\/plg-pllc.com\/es\/faqs\/how-to-maximize-car-claim-compensation\/","og_site_name":"Premier Law Group","article_publisher":"https:\/\/www.facebook.com\/premierlawgroup","article_modified_time":"2024-11-07T12:12:19+00:00","twitter_card":"summary_large_image","twitter_site":"@premierlawgroup","twitter_misc":{"Tiempo de lectura":"4 minutos"},"schema":{"@context":"https:\/\/schema.org","@graph":[{"@type":"WebPage","@id":"https:\/\/plg-pllc.com\/faqs\/how-to-maximize-car-claim-compensation\/","url":"https:\/\/plg-pllc.com\/faqs\/how-to-maximize-car-claim-compensation\/","name":"C\u00f3mo negociar m\u00e1s dinero por un reclamo por accidente automovil\u00edstico","isPartOf":{"@id":"https:\/\/plg-pllc.com\/#website"},"datePublished":"2024-02-26T16:00:00+00:00","dateModified":"2024-11-07T12:12:19+00:00","description":"C\u00f3mo negociar m\u00e1s dinero por un reclamo por accidente automovil\u00edstico: Premier Law Group lo ayuda a obtener la compensaci\u00f3n total que merece. Sin cargo a menos que ganemos.","breadcrumb":{"@id":"https:\/\/plg-pllc.com\/faqs\/how-to-maximize-car-claim-compensation\/#breadcrumb"},"inLanguage":"es","potentialAction":[{"@type":"ReadAction","target":["https:\/\/plg-pllc.com\/faqs\/how-to-maximize-car-claim-compensation\/"]}]},{"@type":"BreadcrumbList","@id":"https:\/\/plg-pllc.com\/faqs\/how-to-maximize-car-claim-compensation\/#breadcrumb","itemListElement":[{"@type":"ListItem","position":1,"name":"Home","item":"https:\/\/plg-pllc.com\/es\/"},{"@type":"ListItem","position":2,"name":"FAQs","item":"https:\/\/plg-pllc.com\/es\/faqs\/"},{"@type":"ListItem","position":3,"name":"How to negotiate more money for a car accident claim"}]},{"@type":"WebSite","@id":"https:\/\/plg-pllc.com\/#website","url":"https:\/\/plg-pllc.com\/","name":"Grupo de abogados Premier","description":"Abogado de muerte por negligencia y lesiones graves en Washington","publisher":{"@id":"https:\/\/plg-pllc.com\/#organization"},"inLanguage":"es"},{"@type":"Organization","@id":"https:\/\/plg-pllc.com\/#organization","name":"Grupo de abogados Premier","url":"https:\/\/plg-pllc.com\/","logo":{"@type":"ImageObject","inLanguage":"es","@id":"https:\/\/plg-pllc.com\/#\/schema\/logo\/image\/","url":"https:\/\/plg-pllc.com\/wp-content\/uploads\/2020\/10\/plg-logo-v2.gif","contentUrl":"https:\/\/plg-pllc.com\/wp-content\/uploads\/2020\/10\/plg-logo-v2.gif","width":592,"height":191,"caption":"Premier Law Group"},"image":{"@id":"https:\/\/plg-pllc.com\/#\/schema\/logo\/image\/"},"sameAs":["https:\/\/www.facebook.com\/premierlawgroup","https:\/\/x.com\/premierlawgroup"]}]}},"_links":{"self":[{"href":"https:\/\/plg-pllc.com\/es\/wp-json\/wp\/v2\/pages\/20248","targetHints":{"allow":["GET"]}}],"collection":[{"href":"https:\/\/plg-pllc.com\/es\/wp-json\/wp\/v2\/pages"}],"about":[{"href":"https:\/\/plg-pllc.com\/es\/wp-json\/wp\/v2\/types\/page"}],"author":[{"embeddable":true,"href":"https:\/\/plg-pllc.com\/es\/wp-json\/wp\/v2\/users\/10"}],"replies":[{"embeddable":true,"href":"https:\/\/plg-pllc.com\/es\/wp-json\/wp\/v2\/comments?post=20248"}],"version-history":[{"count":0,"href":"https:\/\/plg-pllc.com\/es\/wp-json\/wp\/v2\/pages\/20248\/revisions"}],"up":[{"embeddable":true,"href":"https:\/\/plg-pllc.com\/es\/wp-json\/wp\/v2\/pages\/20714"}],"wp:attachment":[{"href":"https:\/\/plg-pllc.com\/es\/wp-json\/wp\/v2\/media?parent=20248"}],"wp:term":[{"taxonomy":"hc_faqs","embeddable":true,"href":"https:\/\/plg-pllc.com\/es\/wp-json\/wp\/v2\/hc_faqs?post=20248"}],"curies":[{"name":"gracias","href":"https:\/\/api.w.org\/{rel}","templated":true}]}}