{"id":20260,"date":"2024-03-01T21:34:29","date_gmt":"2024-03-02T05:34:29","guid":{"rendered":"https:\/\/plg-pllc.com\/?p=20260"},"modified":"2024-11-07T04:12:20","modified_gmt":"2024-11-07T12:12:20","slug":"washington-state-pedestrian-safety-laws","status":"publish","type":"page","link":"https:\/\/plg-pllc.com\/es\/faqs\/what-are-washington-states-pedestrian-laws\/","title":{"rendered":"Leyes de seguridad para peatones: \u00bfSon suficientes?"},"content":{"rendered":"<p>La seguridad de los peatones en el estado de Washington se ha convertido en una preocupaci\u00f3n cr\u00edtica debido a un aumento alarmante de accidentes y muertes. Las estad\u00edsticas recientes revelan una tendencia preocupante: un aumento de los incidentes con peatones, que provocan lesiones graves y, tr\u00e1gicamente, la p\u00e9rdida de vidas. En 2022, se produjo un aumento significativo de este tipo de accidentes, lo que marc\u00f3 un preocupante pico en las muertes de peatones. Este aumento representa un costo humano sustancial y tambi\u00e9n supone una carga financiera para las v\u00edctimas y sus familias, ya que los gastos m\u00e9dicos suelen seguir a estos desafortunados eventos. En estas situaciones, la responsabilidad recae normalmente en los conductores involucrados, independientemente de la culpa, para cubrir estos costos. Sin embargo, los intrincados detalles y las complejidades legales de los casos de accidentes de peatones suelen exigir la competencia de un abogado especializado en lesiones de peatones.<\/p>\r\n\r\n\r\n\r\n<p>Premier Law Group se encuentra a la vanguardia en la resoluci\u00f3n de este problema urgente en el estado de Washington. Nos centramos en representar a las v\u00edctimas de accidentes de peatones y garantizamos una recuperaci\u00f3n integral para nuestros clientes, que abarca tanto las lesiones f\u00edsicas como las p\u00e9rdidas financieras. Nuestra pr\u00e1ctica se basa en un profundo conocimiento de los riesgos espec\u00edficos de los peatones y est\u00e1 impulsada por la determinaci\u00f3n de defender sus derechos y su bienestar. A trav\u00e9s de una representaci\u00f3n legal experta, nuestros abogados <a href=\"https:\/\/plg-pllc.com\/washington\/pedestrian-accident-lawyer\/\">Abogado de accidentes de peatones en el estado de Washington<\/a> Nuestro objetivo es abordar las complejidades de cada caso y garantizar la compensaci\u00f3n necesaria para que los clientes puedan recuperarse. Nuestra dedicaci\u00f3n va m\u00e1s all\u00e1 del mero apoyo legal y refleja un compromiso m\u00e1s amplio para abordar la crisis de seguridad peatonal y fomentar comunidades m\u00e1s seguras en todo el estado de Washington.<\/p>\r\n\r\n\r\n\r\n<h2 id=\"h-understanding-washington-state-s-pedestrian-safety-laws\" class=\"wp-block-heading\">Comprensi\u00f3n de las leyes de seguridad peatonal del estado de Washington<\/h2>\r\n\r\n\r\n\r\n<p>El aumento de accidentes peatonales ha hecho que se estudie m\u00e1s de cerca las leyes de seguridad para peatones en el estado de Washington. Estas leyes est\u00e1n dise\u00f1adas para garantizar la seguridad de los peatones que comparten las carreteras con veh\u00edculos de mayor potencia y velocidad. Es esencial que tanto los peatones como los conductores comprendan estas normas para que todos puedan coexistir de forma segura.<\/p>\r\n\r\n\r\n\r\n<h3 id=\"h-crosswalk-laws-and-pedestrian-right-of-way\" class=\"wp-block-heading\">Leyes de cruce de peatones y derecho de paso de los peatones<\/h3>\r\n\r\n\r\n\r\n<p>Las leyes de cruce de peatones son fundamentales para los esfuerzos del estado de Washington por proteger a los peatones. Estas leyes exigen de manera inequ\u00edvoca que los conductores cedan el paso a los peatones que cruzan la calle, ya sea en cruces de peatones marcados o no. Seg\u00fan la ley estatal, una intersecci\u00f3n constituye un cruce de peatones independientemente de si est\u00e1 pintada como tal. Esto significa que los conductores est\u00e1n obligados por ley a detenerse en cualquier intersecci\u00f3n si un peat\u00f3n est\u00e1 cruzando o est\u00e1 a punto de cruzar la calle.<\/p>\r\n\r\n\r\n\r\n<p>La responsabilidad de los conductores es m\u00e1s que simplemente ceder el paso. Deben permanecer atentos y proactivos para garantizar la seguridad de los peatones. Esto requiere reducir la velocidad, prepararse para detenerse al acercarse a las zonas de cruce de peatones y ser especialmente cautelosos en entornos donde es probable que haya peatones, como cerca de escuelas, parques y zonas residenciales.<\/p>\r\n\r\n\r\n\r\n<h3 id=\"h-pedestrian-responsibilities-for-safe-navigation\" class=\"wp-block-heading\">Responsabilidades de los peatones para una navegaci\u00f3n segura<\/h3>\r\n\r\n\r\n\r\n<p>Si bien los conductores tienen una responsabilidad importante por la seguridad de los peatones, estos tienen reglas que seguir para minimizar el riesgo. Una de ellas es la de obedecer las se\u00f1ales de tr\u00e1nsito, lo que incluye esperar la se\u00f1al para cruzar en las intersecciones equipadas con sem\u00e1foros para peatones y cruzar dentro de las l\u00edneas de cruce designadas para que los conductores puedan verlos f\u00e1cilmente.<\/p>\r\n\r\n\r\n\r\n<p>En las zonas donde se disponga de aceras, los peatones deber\u00e1n utilizarlas en lugar de caminar por la calzada. Si no hay aceras disponibles, deber\u00e1n caminar por el lado izquierdo de la calzada de cara al tr\u00e1fico que viene en sentido contrario. Esta posici\u00f3n ayuda a los conductores a verlos mejor y les da m\u00e1s tiempo de reacci\u00f3n a ambos para evitar accidentes.<\/p>\r\n\r\n\r\n\r\n<p>Si un veh\u00edculo est\u00e1 demasiado cerca para detenerse de forma segura, los peatones no deben abandonar la acera u otro lugar seguro y entrar en la calzada de repente. Esta ley otorga a los conductores tiempo suficiente para reaccionar y garantiza la seguridad vial.\u00a0<\/p>\r\n\r\n\r\n\r\n<p>Tanto los conductores como los peatones tienen funciones y responsabilidades equilibradas para mantener seguras las carreteras de Washington. Mientras que los conductores tienen la obligaci\u00f3n de ceder el paso y estar atentos, los peatones deben cumplir las normas dise\u00f1adas para que sean predecibles y visibles. Juntas, estas leyes crean un entorno en el que todos pueden transitar por las carreteras de forma segura.<\/p>\r\n\r\n\r\n\r\n<p>La experiencia en la comprensi\u00f3n y aplicaci\u00f3n de estas leyes es fundamental para quienes buscan recuperar los da\u00f1os causados por lesiones sufridas en este tipo de accidentes. Premier Law Group se especializa en ofrecer esta representaci\u00f3n legal experta, defendiendo los derechos de los peatones lesionados en las carreteras de Washington.<\/p>\r\n\r\n\r\n\r\n<h2 id=\"h-analyzing-the-effectiveness-of-washington-s-pedestrian-safety-laws\" class=\"wp-block-heading\">An\u00e1lisis de la eficacia de las leyes de seguridad peatonal de Washington<\/h2>\r\n\r\n\r\n\r\n<h3 id=\"h-the-impact-on-pedestrian-accident-rates\" class=\"wp-block-heading\">El impacto en las tasas de accidentes de peatones<\/h3>\r\n\r\n\r\n\r\n<p>En los \u00faltimos a\u00f1os, se han producido fluctuaciones en las tasas de accidentes peatonales en el estado de Washington. Los datos indican aumentos y disminuciones en diferentes per\u00edodos, lo que refleja la naturaleza din\u00e1mica general de la seguridad vial. La aplicaci\u00f3n de las leyes de seguridad peatonal desempe\u00f1a un papel fundamental en estas tendencias. En los lugares donde las leyes se aplican estrictamente, se observa una disminuci\u00f3n notable de los accidentes. Por el contrario, las \u00e1reas donde la aplicaci\u00f3n de las leyes es laxa suelen registrar un mayor n\u00famero de accidentes peatonales. Esta correlaci\u00f3n demuestra la necesidad de aplicar las leyes de seguridad para proteger a los peatones de manera eficaz y coherente.<\/p>\r\n\r\n\r\n\r\n<h3 id=\"h-comparative-safety-washington-vs-other-states\" class=\"wp-block-heading\">Comparaci\u00f3n de la seguridad: Washington y otros estados<\/h3>\r\n\r\n\r\n\r\n<p>Surgen variaciones similares cuando se comparan las estad\u00edsticas de seguridad peatonal de Washington con las de otros estados. Algunos estados con leyes de seguridad peatonal m\u00e1s estrictas y mecanismos de aplicaci\u00f3n m\u00e1s s\u00f3lidos informan tasas m\u00e1s bajas de accidentes peatonales. Otros, con menos \u00e9nfasis en la seguridad peatonal, muestran tasas de accidentes m\u00e1s altas. Las mejores pr\u00e1cticas de los estados con programas de seguridad peatonal exitosos incluyen campa\u00f1as de educaci\u00f3n p\u00fablica integrales, mayor visibilidad en los cruces peatonales y el despliegue de patrullas de aplicaci\u00f3n de la ley para la seguridad peatonal. La incorporaci\u00f3n de estas pr\u00e1cticas podr\u00eda mejorar la seguridad peatonal en Washington.<\/p>\r\n\r\n\r\n\r\n<h2 id=\"h-premier-law-group-s-role-in-advocating-for-pedestrian-safety\" class=\"wp-block-heading\">El papel de Premier Law Group en la defensa de la seguridad de los peatones<\/h2>\r\n\r\n\r\n\r\n<h3 id=\"h-legal-support-for-accident-victims\" class=\"wp-block-heading\">Apoyo legal para v\u00edctimas de accidentes<\/h3>\r\n\r\n\r\n\r\n<p>Premier Law Group ofrece asistencia legal especializada a v\u00edctimas de accidentes peatonales. La firma ayuda a los clientes a gestionar las complejidades de la presentaci\u00f3n de reclamaciones de indemnizaci\u00f3n por lesiones sufridas en accidentes. A trav\u00e9s de una representaci\u00f3n legal experta, Premier Law Group garantiza que las v\u00edctimas reciban la indemnizaci\u00f3n a la que tienen derecho por sus gastos m\u00e9dicos, salarios perdidos y otros costos relacionados con accidentes.<\/p>\r\n\r\n\r\n\r\n<h3 id=\"h-beyond-legal-aid-premier-law-group-s-holistic-approach\" class=\"wp-block-heading\">M\u00e1s all\u00e1 de la asistencia jur\u00eddica: el enfoque hol\u00edstico de Premier Law Group<\/h3>\r\n\r\n\r\n\r\n<p>M\u00e1s all\u00e1 de la representaci\u00f3n legal, Premier Law Group adopta un enfoque hol\u00edstico para apoyar a las v\u00edctimas de accidentes peatonales. Reconocemos los desaf\u00edos f\u00edsicos, mentales y financieros de las v\u00edctimas de accidentes. Para abordarlos de manera integral, nuestro abogado especializado en lesiones por accidentes peatonales trabaja en estrecha colaboraci\u00f3n con los clientes, profundizando en la comprensi\u00f3n del impacto total de sus lesiones. Nuestra firma se compromete a ayudar a obtener recursos para una recuperaci\u00f3n integral, que incluya atenci\u00f3n m\u00e9dica, rehabilitaci\u00f3n y apoyo psicol\u00f3gico. Este enfoque ayuda a la recuperaci\u00f3n f\u00edsica y emocional de los clientes y garantiza la estabilidad financiera durante un per\u00edodo dif\u00edcil. Al incorporar esta estrategia multifac\u00e9tica, Premier Law Group se erige como un aliado firme, guiando a los clientes a trav\u00e9s de su recuperaci\u00f3n, mitigando los efectos a largo plazo de sus accidentes y luchando por un futuro en el que puedan recuperar el control y la confianza en sus vidas.<\/p>\r\n\r\n\r\n\r\n\n        <div class=\"rs-content-cta long\">\n            <p>Para una consulta legal GRATUITA, llame al <a href=\"tel:+12062851743\">(206) 285-1743 <\/a><\/p>\n            <a href=\"https:\/\/plg-pllc.com\/es\/contact-us\/\" title=\"OBTENGA UNA EVALUACI\u00d3N DE CASO GRATUITA\" class=\"btn-global\">OBTENGA UNA EVALUACI\u00d3N DE CASO GRATUITA<\/a>\n                    <picture>\n                            <source srcset=\"https:\/\/plg-pllc.com\/wp-content\/themes\/plg-pllc-redesign\/assets\/app\/img\/cta-thumb.webp\" type=\"image\/webp\"\/>\n                            <img src=\"https:\/\/plg-pllc.com\/wp-content\/themes\/plg-pllc-redesign\/assets\/app\/img\/cta-thumb.png\" alt=\"Grupo de abogados Premier\" title=\"Grupo de abogados Premier\" width=\"245\" height=\"220\" loading=\"auto\" fetchpriority=\"auto\" decoding=\"async\"\/>\n        <\/picture>\n        \n        <\/div><h2 id=\"h-enhancing-pedestrian-safety-in-washington-future-directions\" class=\"wp-block-heading\">Mejorar la seguridad de los peatones en Washington: direcciones futuras<\/h2>\r\n\r\n\r\n\r\n<p>Para mejorar la seguridad de los peatones, Washington est\u00e1 considerando actualizaciones legislativas y mejoras de infraestructura. Las leyes propuestas apuntan a aplicar sanciones m\u00e1s estrictas para los conductores que no cedan el paso a los peatones, junto con cambios de infraestructura como una mejor iluminaci\u00f3n alrededor de los cruces peatonales y dise\u00f1os de carreteras m\u00e1s amigables para los peatones. Estos incluyen aceras m\u00e1s anchas y medidas para calmar el tr\u00e1fico para garantizar la seguridad de los peatones.<\/p>\r\n\r\n\r\n\r\n<p>Los programas de concienciaci\u00f3n comunitaria y las innovaciones tecnol\u00f3gicas tambi\u00e9n son fundamentales para prevenir accidentes. Las iniciativas educativas promueven la vigilancia entre conductores y peatones, mientras que los avances tecnol\u00f3gicos, como los sistemas de detecci\u00f3n de veh\u00edculos, apuntan a reducir las colisiones. Los veh\u00edculos aut\u00f3nomos introducen nuevos potenciales y desaf\u00edos de seguridad, lo que requiere marcos legales claros para abordar la responsabilidad y garantizar la fiabilidad de la tecnolog\u00eda para reconocer a los peatones.<\/p>\r\n\r\n\r\n\r\n<p>Estas estrategias (cambios legislativos, mejoras de infraestructura, educaci\u00f3n comunitaria y avances tecnol\u00f3gicos) forman en conjunto un enfoque integral para proteger a los peatones. Su implementaci\u00f3n exitosa requiere la colaboraci\u00f3n de m\u00faltiples sectores para priorizar y mejorar la seguridad de los peatones de manera efectiva en Washington.<\/p>\r\n\r\n\r\n\r\n<h2 id=\"h-premier-law-group-is-on-your-side-in-seeking-recovery-and-justice-nbsp\" class=\"wp-block-heading\">Premier Law Group est\u00e1 de su lado en la b\u00fasqueda de recuperaci\u00f3n y justicia\u00a0<\/h2>\r\n\r\n\r\n\r\n<p>Durante un accidente peatonal, las v\u00edctimas y sus familias a menudo se sienten abrumados, enfrentando no solo las consecuencias f\u00edsicas y emocionales, sino tambi\u00e9n la desalentadora perspectiva de batallas legales e incertidumbres financieras. Elegir un bufete de abogados de accidentes peatonales confiable es \u00fatil en estos momentos cr\u00edticos. Las crecientes estad\u00edsticas en el estado de Washington demuestran la urgencia de abordar la seguridad de los peatones, transform\u00e1ndola en una preocupaci\u00f3n p\u00fablica que necesita una intervenci\u00f3n legal r\u00e1pida y efectiva. Si usted o un ser querido ha sufrido tal desgracia, retrasar la b\u00fasqueda de justicia y compensaci\u00f3n podr\u00eda socavar su proceso de recuperaci\u00f3n. Al asociarse con un bufete de abogados de accidentes peatonales confiable, las v\u00edctimas y sus familias a menudo se sienten abrumados, y enfrentan dificultades econ\u00f3micas. <a href=\"https:\/\/plg-pllc.com\/about-us\/\">abogado experto en accidentes de peatones<\/a> En el estado de Washington, comienza a proteger sus derechos y a sentar un precedente de rendici\u00f3n de cuentas. Nuestros abogados est\u00e1n capacitados para manejar las complejidades de una demanda por accidente de peat\u00f3n y aprovechan su experiencia para defenderlo.<\/p>\r\n\r\n\r\n\r\n<p>Considere programar una consulta inicial gratuita para obtener asesoramiento legal incomparable con respecto a su reclamo por accidente peatonal. Nuestros abogados expertos en lesiones de peatones est\u00e1n preparados para evaluar su caso en detalle y ofrecerle asesoramiento personalizado sobre la estrategia m\u00e1s eficaz para seguir adelante. En Premier Law Group, nos dedicamos a ayudarlo a abordar las complejidades de su reclamo peatonal, asegur\u00e1ndonos de que sus derechos sean defendidos en\u00e9rgicamente y que reciba la justicia y la compensaci\u00f3n que merece.\u00a0<\/p>\r\n\r\n\r\n\r\n<p>\u00a1No paga nada a menos que ganemos! Trabajamos con honorarios contingentes, lo que significa que solo cobramos nuestros honorarios si logramos obtener una compensaci\u00f3n para usted. <a href=\"tel:+12062851743\">Ll\u00e1menos al (206) 285-1743<\/a> o <a href=\"https:\/\/plg-pllc.com\/contact-us\/\">Cont\u00e1ctenos<\/a> Ll\u00e1menos para una consulta gratuita. Deje que nos ocupemos de la carga legal mientras usted se concentra en mejorar.<\/p>\r\n\n        <div class=\"rs-content-cta\">\n            <p>Llamar o enviar mensaje de texto <a href=\"tel:+12062851743\">(206) 285-1743<\/a> o complete un formulario de evaluaci\u00f3n de caso gratuito<\/p>\n            <a href=\"https:\/\/plg-pllc.com\/es\/contact-us\/\" title=\"OBTENGA UNA EVALUACI\u00d3N DE CASO GRATUITA\" class=\"btn-global\">OBTENGA UNA EVALUACI\u00d3N DE CASO GRATUITA<\/a>\n                    <picture>\n                            <source srcset=\"https:\/\/plg-pllc.com\/wp-content\/themes\/plg-pllc-redesign\/assets\/app\/img\/cta-thumb.webp\" type=\"image\/webp\"\/>\n                            <img src=\"https:\/\/plg-pllc.com\/wp-content\/themes\/plg-pllc-redesign\/assets\/app\/img\/cta-thumb.png\" alt=\"Grupo de abogados Premier\" title=\"Grupo de abogados Premier\" width=\"245\" height=\"220\" loading=\"auto\" fetchpriority=\"auto\" decoding=\"async\"\/>\n        <\/picture>\n        \n        <\/div>","protected":false},"excerpt":{"rendered":"<p>La seguridad de los peatones en el estado de Washington se ha convertido en una preocupaci\u00f3n cr\u00edtica debido a un aumento alarmante de accidentes y muertes. Las estad\u00edsticas recientes revelan una tendencia preocupante: un aumento de los incidentes con peatones, que provocan lesiones graves y, tr\u00e1gicamente, la p\u00e9rdida de vidas. En 2022 se produjo un aumento significativo de este tipo de accidentes, lo que marc\u00f3 un preocupante m\u00e1ximo de muertes de peatones. Esto\u2026<\/p>","protected":false},"author":10,"featured_media":0,"parent":20714,"menu_order":0,"comment_status":"closed","ping_status":"closed","template":"","meta":{"_acf_changed":false,"_genesis_hide_title":false,"_genesis_hide_breadcrumbs":false,"_genesis_hide_singular_image":false,"_genesis_hide_footer_widgets":false,"_genesis_custom_body_class":"","_genesis_custom_post_class":"","_genesis_layout":"","footnotes":""},"hc_faqs":[10345],"class_list":{"0":"post-20260","1":"page","2":"type-page","3":"status-publish","5":"hc_faqs-pedestrian-accident","6":"entry"},"acf":[],"yoast_head":"<!-- This site is optimized with the Yoast SEO plugin v27.5 - https:\/\/yoast.com\/product\/yoast-seo-wordpress\/ -->\n<title>Pedestrian Safety Laws: Are They Enough?<\/title>\n<meta name=\"description\" content=\"Pedestrian Safety Laws: Are They Enough?: Premier Law Group helps you unlock the full compensation you deserve. No Fee Unless We Win.\" \/>\n<meta name=\"robots\" content=\"index, follow, max-snippet:-1, max-image-preview:large, max-video-preview:-1\" \/>\n<link rel=\"canonical\" href=\"https:\/\/plg-pllc.com\/es\/faqs\/what-are-washington-states-pedestrian-laws\/\" \/>\n<meta property=\"og:locale\" content=\"es_MX\" \/>\n<meta property=\"og:type\" content=\"article\" \/>\n<meta property=\"og:title\" content=\"Pedestrian Safety Laws: Are They Enough?\" \/>\n<meta property=\"og:description\" content=\"Pedestrian Safety Laws: Are They Enough?: Premier Law Group helps you unlock the full compensation you deserve. No Fee Unless We Win.\" \/>\n<meta property=\"og:url\" content=\"https:\/\/plg-pllc.com\/es\/faqs\/what-are-washington-states-pedestrian-laws\/\" \/>\n<meta property=\"og:site_name\" content=\"Premier Law Group\" \/>\n<meta property=\"article:publisher\" content=\"https:\/\/www.facebook.com\/premierlawgroup\" \/>\n<meta property=\"article:modified_time\" content=\"2024-11-07T12:12:20+00:00\" \/>\n<meta name=\"twitter:card\" content=\"summary_large_image\" \/>\n<meta name=\"twitter:site\" content=\"@premierlawgroup\" \/>\n<meta name=\"twitter:label1\" content=\"Tiempo de lectura\" \/>\n\t<meta name=\"twitter:data1\" content=\"7 minutos\" \/>\n<script type=\"application\/ld+json\" class=\"yoast-schema-graph\">{\"@context\":\"https:\\\/\\\/schema.org\",\"@graph\":[{\"@type\":\"WebPage\",\"@id\":\"https:\\\/\\\/plg-pllc.com\\\/faqs\\\/what-are-washington-states-pedestrian-laws\\\/\",\"url\":\"https:\\\/\\\/plg-pllc.com\\\/faqs\\\/what-are-washington-states-pedestrian-laws\\\/\",\"name\":\"Pedestrian Safety Laws: Are They Enough?\",\"isPartOf\":{\"@id\":\"https:\\\/\\\/plg-pllc.com\\\/#website\"},\"datePublished\":\"2024-03-02T05:34:29+00:00\",\"dateModified\":\"2024-11-07T12:12:20+00:00\",\"description\":\"Pedestrian Safety Laws: Are They Enough?: Premier Law Group helps you unlock the full compensation you deserve. No Fee Unless We Win.\",\"breadcrumb\":{\"@id\":\"https:\\\/\\\/plg-pllc.com\\\/faqs\\\/what-are-washington-states-pedestrian-laws\\\/#breadcrumb\"},\"inLanguage\":\"es\",\"potentialAction\":[{\"@type\":\"ReadAction\",\"target\":[\"https:\\\/\\\/plg-pllc.com\\\/faqs\\\/what-are-washington-states-pedestrian-laws\\\/\"]}]},{\"@type\":\"BreadcrumbList\",\"@id\":\"https:\\\/\\\/plg-pllc.com\\\/faqs\\\/what-are-washington-states-pedestrian-laws\\\/#breadcrumb\",\"itemListElement\":[{\"@type\":\"ListItem\",\"position\":1,\"name\":\"Home\",\"item\":\"https:\\\/\\\/plg-pllc.com\\\/es\\\/\"},{\"@type\":\"ListItem\",\"position\":2,\"name\":\"FAQs\",\"item\":\"https:\\\/\\\/plg-pllc.com\\\/es\\\/faqs\\\/\"},{\"@type\":\"ListItem\",\"position\":3,\"name\":\"Pedestrian Safety Laws: Are They Enough?\"}]},{\"@type\":\"WebSite\",\"@id\":\"https:\\\/\\\/plg-pllc.com\\\/#website\",\"url\":\"https:\\\/\\\/plg-pllc.com\\\/\",\"name\":\"Premier Law Group\",\"description\":\"Washington Wrongful Death and Serious Injury Lawyer\",\"publisher\":{\"@id\":\"https:\\\/\\\/plg-pllc.com\\\/#organization\"},\"inLanguage\":\"es\"},{\"@type\":\"Organization\",\"@id\":\"https:\\\/\\\/plg-pllc.com\\\/#organization\",\"name\":\"Premier Law Group\",\"url\":\"https:\\\/\\\/plg-pllc.com\\\/\",\"logo\":{\"@type\":\"ImageObject\",\"inLanguage\":\"es\",\"@id\":\"https:\\\/\\\/plg-pllc.com\\\/#\\\/schema\\\/logo\\\/image\\\/\",\"url\":\"https:\\\/\\\/plg-pllc.com\\\/wp-content\\\/uploads\\\/2020\\\/10\\\/plg-logo-v2.gif\",\"contentUrl\":\"https:\\\/\\\/plg-pllc.com\\\/wp-content\\\/uploads\\\/2020\\\/10\\\/plg-logo-v2.gif\",\"width\":592,\"height\":191,\"caption\":\"Premier Law Group\"},\"image\":{\"@id\":\"https:\\\/\\\/plg-pllc.com\\\/#\\\/schema\\\/logo\\\/image\\\/\"},\"sameAs\":[\"https:\\\/\\\/www.facebook.com\\\/premierlawgroup\",\"https:\\\/\\\/x.com\\\/premierlawgroup\"]}]}<\/script>\n<!-- \/ Yoast SEO plugin. -->","yoast_head_json":{"title":"Leyes de seguridad para peatones: \u00bfSon suficientes?","description":"Leyes de seguridad para peatones: \u00bfson suficientes?: Premier Law Group lo ayuda a obtener la compensaci\u00f3n total que se merece. Sin cargo a menos que ganemos.","robots":{"index":"index","follow":"follow","max-snippet":"max-snippet:-1","max-image-preview":"max-image-preview:large","max-video-preview":"max-video-preview:-1"},"canonical":"https:\/\/plg-pllc.com\/es\/faqs\/what-are-washington-states-pedestrian-laws\/","og_locale":"es_MX","og_type":"article","og_title":"Pedestrian Safety Laws: Are They Enough?","og_description":"Pedestrian Safety Laws: Are They Enough?: Premier Law Group helps you unlock the full compensation you deserve. No Fee Unless We Win.","og_url":"https:\/\/plg-pllc.com\/es\/faqs\/what-are-washington-states-pedestrian-laws\/","og_site_name":"Premier Law Group","article_publisher":"https:\/\/www.facebook.com\/premierlawgroup","article_modified_time":"2024-11-07T12:12:20+00:00","twitter_card":"summary_large_image","twitter_site":"@premierlawgroup","twitter_misc":{"Tiempo de lectura":"7 minutos"},"schema":{"@context":"https:\/\/schema.org","@graph":[{"@type":"WebPage","@id":"https:\/\/plg-pllc.com\/faqs\/what-are-washington-states-pedestrian-laws\/","url":"https:\/\/plg-pllc.com\/faqs\/what-are-washington-states-pedestrian-laws\/","name":"Leyes de seguridad para peatones: \u00bfSon suficientes?","isPartOf":{"@id":"https:\/\/plg-pllc.com\/#website"},"datePublished":"2024-03-02T05:34:29+00:00","dateModified":"2024-11-07T12:12:20+00:00","description":"Leyes de seguridad para peatones: \u00bfson suficientes?: Premier Law Group lo ayuda a obtener la compensaci\u00f3n total que se merece. Sin cargo a menos que ganemos.","breadcrumb":{"@id":"https:\/\/plg-pllc.com\/faqs\/what-are-washington-states-pedestrian-laws\/#breadcrumb"},"inLanguage":"es","potentialAction":[{"@type":"ReadAction","target":["https:\/\/plg-pllc.com\/faqs\/what-are-washington-states-pedestrian-laws\/"]}]},{"@type":"BreadcrumbList","@id":"https:\/\/plg-pllc.com\/faqs\/what-are-washington-states-pedestrian-laws\/#breadcrumb","itemListElement":[{"@type":"ListItem","position":1,"name":"Home","item":"https:\/\/plg-pllc.com\/es\/"},{"@type":"ListItem","position":2,"name":"FAQs","item":"https:\/\/plg-pllc.com\/es\/faqs\/"},{"@type":"ListItem","position":3,"name":"Pedestrian Safety Laws: Are They Enough?"}]},{"@type":"WebSite","@id":"https:\/\/plg-pllc.com\/#website","url":"https:\/\/plg-pllc.com\/","name":"Grupo de abogados Premier","description":"Abogado de muerte por negligencia y lesiones graves en Washington","publisher":{"@id":"https:\/\/plg-pllc.com\/#organization"},"inLanguage":"es"},{"@type":"Organization","@id":"https:\/\/plg-pllc.com\/#organization","name":"Grupo de abogados Premier","url":"https:\/\/plg-pllc.com\/","logo":{"@type":"ImageObject","inLanguage":"es","@id":"https:\/\/plg-pllc.com\/#\/schema\/logo\/image\/","url":"https:\/\/plg-pllc.com\/wp-content\/uploads\/2020\/10\/plg-logo-v2.gif","contentUrl":"https:\/\/plg-pllc.com\/wp-content\/uploads\/2020\/10\/plg-logo-v2.gif","width":592,"height":191,"caption":"Premier Law Group"},"image":{"@id":"https:\/\/plg-pllc.com\/#\/schema\/logo\/image\/"},"sameAs":["https:\/\/www.facebook.com\/premierlawgroup","https:\/\/x.com\/premierlawgroup"]}]}},"_links":{"self":[{"href":"https:\/\/plg-pllc.com\/es\/wp-json\/wp\/v2\/pages\/20260","targetHints":{"allow":["GET"]}}],"collection":[{"href":"https:\/\/plg-pllc.com\/es\/wp-json\/wp\/v2\/pages"}],"about":[{"href":"https:\/\/plg-pllc.com\/es\/wp-json\/wp\/v2\/types\/page"}],"author":[{"embeddable":true,"href":"https:\/\/plg-pllc.com\/es\/wp-json\/wp\/v2\/users\/10"}],"replies":[{"embeddable":true,"href":"https:\/\/plg-pllc.com\/es\/wp-json\/wp\/v2\/comments?post=20260"}],"version-history":[{"count":0,"href":"https:\/\/plg-pllc.com\/es\/wp-json\/wp\/v2\/pages\/20260\/revisions"}],"up":[{"embeddable":true,"href":"https:\/\/plg-pllc.com\/es\/wp-json\/wp\/v2\/pages\/20714"}],"wp:attachment":[{"href":"https:\/\/plg-pllc.com\/es\/wp-json\/wp\/v2\/media?parent=20260"}],"wp:term":[{"taxonomy":"hc_faqs","embeddable":true,"href":"https:\/\/plg-pllc.com\/es\/wp-json\/wp\/v2\/hc_faqs?post=20260"}],"curies":[{"name":"gracias","href":"https:\/\/api.w.org\/{rel}","templated":true}]}}